{"id":2620,"date":"2022-05-10T03:11:54","date_gmt":"2022-05-10T03:11:54","guid":{"rendered":"https:\/\/taizyagromachine.com\/?post_type=product&#038;p=2620"},"modified":"2025-01-02T13:55:15","modified_gmt":"2025-01-02T05:55:15","slug":"straw-cutter-and-grain-grinder","status":"publish","type":"product","link":"https:\/\/taizyagromachine.com\/de\/product\/straw-cutter-and-grain-grinder\/","title":{"rendered":"Strohschneider und Getreidem\u00fchle"},"content":{"rendered":"<p class=\"translation-block\">Diese Serie von Strohschneider und Getreidem\u00fchle erm\u00f6glicht eine vielseitige Nutzung, sowohl zum Guillotinieren als auch zum Zerkleinern von Getreide. Diese Guillotine zeichnet sich durch hohe Leistung, geringe Ger\u00e4uschentwicklung, hohen Durchsatz, Sicherheit und Stabilit\u00e4t, hohe Effizienz, geringen Energieverbrauch, Robustheit und Langlebigkeit aus. Die <a href=\"https:\/\/taizyagromachine.com\/de\/product\/chaff-cutter-and-grain-grinder\/\" target=\"_blank\" rel=\"noreferrer noopener\">Kombinationsmaschine f\u00fcr H\u00e4ckselgut und Getreidem\u00fchle<\/a> kann nicht nur trockenes und nasses Stroh, Reissstroh, Weizenstroh, Baumwollstroh, verschiedene Gr\u00e4ser, sondern auch Getreide wie K\u00f6rner, Erdnussschalen, Maiskolben, s\u00fc\u00dfe Strohk\u00f6pfe usw. zerkleinern. Das zerkleinerte Endprodukt kann als Tierfutter verwendet werden. Daher eignet sich die Maschine f\u00fcr kleine und mittlere Fabriken, aber auch f\u00fcr den Hausgebrauch.<br>Unsere Maschinen sind auch im Ausland sehr beliebt, zum Beispiel in Kenia, Simbabwe, Peru, Dubai, S\u00fcdafrika, Lesotho usw.<\/p>    <h2 class=\"wp-block-heading\" id=\"h-type-one-9zf-500b-new-type-chaff-cutter-and-grinder-machine\"><strong>Typ eins: 9ZF-500B (neuer Typ) H\u00e4cksel- und Schleifmaschine<\/strong><\/h2>    <p>Diese Guillotine-M\u00fchle verf\u00fcgt \u00fcber f\u00fcnf Anschl\u00fcsse, davon drei Ausl\u00e4sse und zwei Einl\u00e4sse. Diese Maschine ist einfach zu bedienen, verf\u00fcgt \u00fcber einen gro\u00dfen Verarbeitungsbereich und ist in der Lage, ein breites Spektrum an Feldfr\u00fcchten zu zerkleinern. Es hat eine gute Zerkleinerungswirkung auf das Material und eine lange Lagerzeit. Daher ist es ideal f\u00fcr den Einsatz auf landwirtschaftlichen Betrieben geeignet.<\/p>   <div class=\"wp-block-image\"> <figure class=\"aligncenter size-full\"><img loading=\"lazy\" decoding=\"async\" width=\"720\" height=\"540\" src=\"https:\/\/taizyagromachine.com\/wp-content\/uploads\/2022\/05\/combined-hay-cutter-and-grain-grinder.jpg\" alt=\"kombinierter Heuschneider und Getreidem\u00fchle\" class=\"wp-image-2635\"\/><figcaption class=\"wp-element-caption\">kombinierter Heuschneider und Getreidem\u00fchle<\/figcaption><\/figure> <\/div>   <h3 class=\"wp-block-heading\"><strong>Struktur des Strohbrechers und der Getreidem\u00fchle <\/strong><\/h3>    <p class=\"translation-block\">Diese <a href=\"https:\/\/silagebaler.com\/combined-chaff-cutter-and-grain-crusher\/\" target=\"_blank\" rel=\"noreferrer noopener\">Gras-Schneide- und Mahlmaschine<\/a> besteht aus drei Ausl\u00e4ssen, einer oben, einer in der Mitte und einer unten, sowie Einl\u00e4ssen f\u00fcr Gras und Getreide. Die Maschine ist mit einem reinen Kupfermotor und beweglichen R\u00e4dern ausgestattet, um die Bewegung der Maschine zu erleichtern. Von den drei Ausl\u00e4ssen ist der obere f\u00fcr trockenes Gras, der mittlere f\u00fcr nasses Gras und der untere f\u00fcr Getreide. Das Sieb kann herausgezogen werden, wenn das Gras separat geschnitten wird.<\/p>   <div class=\"wp-block-image\"> <figure class=\"aligncenter size-full\"><img loading=\"lazy\" decoding=\"async\" width=\"720\" height=\"540\" src=\"https:\/\/taizyagromachine.com\/wp-content\/uploads\/2022\/05\/structure-of-straw-cutting-and-grain-grinding-machine.jpg\" alt=\"Struktur der Strohschneide- und Getreidemahlmaschine\" class=\"wp-image-2632\"\/><figcaption class=\"wp-element-caption\">Struktur der Strohschneide- und Getreidemahlmaschine<\/figcaption><\/figure> <\/div>   <h3 class=\"wp-block-heading\"><strong>Technische Daten des Strohschneiders und der Getreidem\u00fchle<\/strong><\/h3>    <figure class=\"wp-block-table\"><table><tbody><tr><td>Modell<\/td><td>9ZF-500B (neuer Typ)<\/td><\/tr><tr><td>Passende Bildschirme<\/td><td>4 St\u00fcck (2\/3\/10\/30)<\/td><\/tr><tr><td>Passende Leistung<\/td><td>3-kW-Motor<\/td><\/tr><tr><td>Motorgeschwindigkeit<\/td><td>2800 U\/min<\/td><\/tr><tr><td>Maschinengewicht<\/td><td>68 kg (ohne Motor)<\/td><\/tr><tr><td>Nennspannung<\/td><td>220V<\/td><\/tr><tr><td>Maschinenleistung<\/td><td>1200 kg\/h<\/td><\/tr><tr><td>Gesamtabmessungen<\/td><td>1220*1070*1190mm<\/td><\/tr><\/tbody><\/table><\/figure>    <h2 class=\"wp-block-heading\"><strong>Typ Zwei: 9ZF-500B H\u00e4cksler und Brecher <\/strong><\/h2>    <p>Im Vergleich zur oben genannten Maschine ist diese einfacher und weist die gleiche Leistung auf. Die Grobheit des zerkleinerten Materials wird durch die Gr\u00f6\u00dfe der Siebl\u00f6cher gesteuert, wenn diese Strohschneider- und Getreidem\u00fchle zerkleinert wird. Und das Sieb kann ausgetauscht werden. Es ist auch m\u00f6glich, die Bildschirme entsprechend den Kundenanforderungen anzupassen.<\/p>   <div class=\"wp-block-image\"> <figure class=\"aligncenter size-full\"><img loading=\"lazy\" decoding=\"async\" width=\"720\" height=\"540\" src=\"https:\/\/taizyagromachine.com\/wp-content\/uploads\/2022\/05\/chaff-cutter-and-grain-crusher-machine.jpg\" alt=\"H\u00e4cksel- und Getreidebrechermaschine\" class=\"wp-image-2637\"\/><figcaption class=\"wp-element-caption\">H\u00e4cksel- und Getreidebrechermaschine<\/figcaption><\/figure> <\/div>   <h3 class=\"wp-block-heading\"><strong>Struktur der Spreuschneide- und Getreideschleifmaschine <\/strong><\/h3>    <p>Die Strohschneidemaschine und der Getreidebrecher bestehen aus einem Guillotine-Einlass, einem Getreideeinlass, einem hohen Spr\u00fchauslass, einem Zerkleinerungsauslass und einem Riemenschutz, einem Motor mit reinem Kupferkern und mobilen Rollen. Einige Konfigurationen k\u00f6nnen je nach Kundenwunsch angepasst werden. F\u00fcr Einzelheiten rufen Sie bitte an.<\/p>   <div class=\"wp-block-image\"> <figure class=\"aligncenter size-full\"><img loading=\"lazy\" decoding=\"async\" width=\"720\" height=\"540\" src=\"https:\/\/taizyagromachine.com\/wp-content\/uploads\/2022\/05\/construction-of-combined-chaff-cutter.jpg\" alt=\"Konstruktion eines kombinierten H\u00e4ckslers\" class=\"wp-image-2633\"\/><figcaption class=\"wp-element-caption\">Konstruktion eines kombinierten H\u00e4ckslers<\/figcaption><\/figure> <\/div>   <h3 class=\"wp-block-heading\"><strong>Technische Parameter des Strohschneiders und der Getreidem\u00fchle<\/strong><\/h3>    <figure class=\"wp-block-table\"><table><tbody><tr><td>Modell<\/td><td>9ZF-500B<\/td><\/tr><tr><td>Passende Bildschirme<\/td><td>4 St\u00fcck<\/td><\/tr><tr><td>Passende Leistung<\/td><td>3-kW-Motor<\/td><\/tr><tr><td>Motorgeschwindigkeit<\/td><td>2800 U\/min<\/td><\/tr><tr><td>Maschinengewicht<\/td><td>55 kg (ohne Motor)<\/td><\/tr><tr><td>Gesamtabmessungen<\/td><td>920*930*1250mm<\/td><\/tr><tr><td>Maschinenleistung<\/td><td>1200 kg\/h<\/td><\/tr><tr><td>Zerkleinerungseffizienz<\/td><td>300-500kg\/h<\/td><\/tr><tr><td>Anzahl der Klingen<\/td><td>3 St\u00fcck<\/td><\/tr><tr><td>Messer schleudern<\/td><td>24 St\u00fcck<\/td><\/tr><tr><td>Dreieckige Reibemesser<\/td><td>18 St\u00fcck<\/td><\/tr><tr><td>F\u00fctterungsmethode<\/td><td>manuelle Zuf\u00fchrung<\/td><\/tr><tr><td>Entladungseffekt<\/td><td>Weich seidig\/Puder<\/td><\/tr><\/tbody><\/table><\/figure>    <h2 class=\"wp-block-heading\"><strong>Typ drei: 9ZF-1800 kombinierte Strohschneide- und Schleifmaschine<\/strong><\/h2>    <p>Anhand der Form ist ersichtlich, dass diese Strohschneidermaschine eine h\u00f6here Auswurf\u00f6ffnung hat als die beiden anderen Modelle. Diese Maschine ist deutlich schlanker und l\u00e4nger und hat im Vergleich einen h\u00f6heren Rahmen. Es ist auch sehr einfach zu bedienen.<\/p>   <div class=\"wp-block-image\"> <figure class=\"aligncenter size-full\"><img loading=\"lazy\" decoding=\"async\" width=\"720\" height=\"540\" src=\"https:\/\/taizyagromachine.com\/wp-content\/uploads\/2022\/05\/multifunctional-chaff-cutter.jpg\" alt=\"multifunktionaler H\u00e4cksler\" class=\"wp-image-2638\"\/><figcaption class=\"wp-element-caption\">multifunktionaler H\u00e4cksler<\/figcaption><\/figure> <\/div>   <h3 class=\"wp-block-heading\"><strong>Aufbau einer kombinierten Strohschneider- und Brechmaschine<\/strong><\/h3>    <p>Dieser Strohschneider und Getreidezerkleinerer besteht aus einer hohen Auslass\u00f6ffnung, einer niedrigen Auslass\u00f6ffnung, einem Getreideeinlass, einem Spreueinlass, einem Motor und beweglichen Rollen. <\/p>   <div class=\"wp-block-image\"> <figure class=\"aligncenter size-full\"><img loading=\"lazy\" decoding=\"async\" width=\"720\" height=\"540\" src=\"https:\/\/taizyagromachine.com\/wp-content\/uploads\/2022\/05\/structure-details-of-grass-cutting-machine.jpg\" alt=\"Strukturdetails der Grasschneidemaschine\" class=\"wp-image-2634\"\/><figcaption class=\"wp-element-caption\">Strukturdetails der Grasschneidemaschine<\/figcaption><\/figure> <\/div>   <h3 class=\"wp-block-heading\"><strong>Technische Daten des Strohschneiders und der Getreidem\u00fchle<\/strong><\/h3>    <figure class=\"wp-block-table\"><table><tbody><tr><td>Modell<\/td><td>9ZF-1800<\/td><\/tr><tr><td>Passende Leistung<\/td><td>3 kW Einphasenmotor<\/td><\/tr><tr><td>Motorgeschwindigkeit<\/td><td>2800 U\/min<\/td><\/tr><tr><td>Maschinengewicht<\/td><td>75 kg (ohne Motor)<\/td><\/tr><tr><td>Nennspannung<\/td><td>220V<\/td><\/tr><tr><td>Maschinenleistung<\/td><td>1800 kg\/h<\/td><\/tr><tr><td>Anwendbarer Geltungsbereich<\/td><td>K\u00fche, Schafe, Schweine, H\u00fchner, Enten, Kaninchen und anderes Vieh<\/td><\/tr><\/tbody><\/table><\/figure>    <h2 class=\"wp-block-heading\" id=\"h-how-does-straw-cutting-and-corn-grinding-machine-mill-grains\"><strong>Wie mahlt eine Strohschneide- und Maismahlmaschine Getreide?<\/strong><\/h2>    <figure class=\"wp-block-embed is-type-video is-provider-youtube wp-block-embed-youtube wp-embed-aspect-16-9 wp-has-aspect-ratio\"><div class=\"wp-block-embed__wrapper\"> <iframe loading=\"lazy\" title=\"Spreuschneider und Getreidem\u00fchle | Wie funktioniert die Kombination aus Strohschneider und -m\u00fchle? #Schleifen #Fr\u00e4sen\" width=\"500\" height=\"281\" src=\"https:\/\/www.youtube.com\/embed\/Wafde3zwTtA?feature=oembed\" frameborder=\"0\" allow=\"accelerometer; autoplay; clipboard-write; encrypted-media; gyroscope; picture-in-picture; web-share\" referrerpolicy=\"strict-origin-when-cross-origin\" allowfullscreen><\/iframe> <\/div><\/figure>    <h2 class=\"wp-block-heading\"><strong>Vorteile des Grasschneidens und der Getreidem\u00fchle<\/strong><\/h2>    <ul class=\"wp-block-list\"> <li>Verdickte Klinge aus Manganstahl, stark und robust und langlebig.<\/li>    <li>Motor mit reinem Kupferkern f\u00fcr volle Leistung und lange Lebensdauer.<\/li>    <li>Durch den stabilen St\u00e4nder steht der Motor fester und arbeitet stabiler.<\/li>    <li>Der verdickte Strohfuttertrog, l\u00e4nger und breiter, macht das F\u00fcttern bequemer und schneller.<\/li>    <li>Getreideeinlass, dicker und st\u00e4rker, langlebiger.<\/li>    <li>Gro\u00dfe Auswahl an Materialien f\u00fcr die F\u00fctterung von Pferden, Rindern, Schafen, Schweinen, Kaninchen, H\u00fchnern, Enten und G\u00e4nsen usw.<\/li> <\/ul>    <h2 class=\"wp-block-heading\"><strong>Installation und Inbetriebnahme des Strohschneiders und der Getreidem\u00fchle<\/strong><\/h2>    <ol class=\"wp-block-list\"> <li>Der Strohschneider und die Getreidem\u00fchle sollten auf einem ebenen und festen Untergrund installiert werden.<\/li>    <li>Den Motor entsprechend den vorgegebenen Anforderungen ausr\u00fcsten und einbauen.<\/li>    <li>\u00dcberpr\u00fcfen Sie vor der Montage des Riemens, ob die Drehrichtung der Indexierungskraft mit der Schnittrichtung des H\u00e4ckslers \u00fcbereinstimmt. Vergewissern Sie sich, dass es richtig ist, passen Sie dann den Installationsriemen an und sorgen Sie daf\u00fcr, dass er richtig gespannt ist.<\/li>    <li>\u00dcberpr\u00fcfen Sie vor dem Starten des Strohbrechers und der K\u00f6rnung den Abstand zwischen den beweglichen und festen Messern und stellen Sie ihn so ein, dass der Abstand ohne St\u00f6\u00dfe auf 0,8 mm oder weniger eingestellt und kontrolliert wird, und verriegeln Sie dann die Schrauben.<\/li>    <li>Nachdem alle Teile normal eingestellt und best\u00e4tigt wurden, dass sie korrekt sind, schalten Sie den Strom f\u00fcr den Probebetrieb ein. \u00dcberpr\u00fcfen Sie au\u00dferdem, ob die Befestigungsverbindung jedes Teils locker ist und ob bei jedem rotierenden Teil ungew\u00f6hnliche Ger\u00e4usche zu h\u00f6ren sind.<\/li> <\/ol>    <h2 class=\"wp-block-heading\"><strong>Erfolgreicher Fall: 20 S\u00e4tze Strohschneider und Getreidebrecher nach Peru exportiert<\/strong><\/h2>    <p>Der peruanische Kunde besitzt einen gro\u00dfen Bauernhof, auf dem Rinder und H\u00fchner gehalten werden. Er wollte den Strohschneider und die Getreidem\u00fchle f\u00fcr die Tierzucht kaufen. Unsere Verkaufsleiterin Emily schickte ihm die relevanten Parameter der Maschine, Videos und Fotos usw. Nach Durchsicht dieser Informationen schlug der peruanische Kunde einige Modifikationen an der Maschine vor (4 gro\u00dfe R\u00e4der, Trichter mit Leitblechen). Wir haben eine Probe angefertigt und ihm zur Best\u00e4tigung Fotos und ein Video geschickt. Am Ende bestellte uns der peruanische Kunde 20 Einheiten, die wir entsprechend seinen Anforderungen an seinen Bestimmungsort lieferten.<\/p>    <div class=\"wp-block-columns is-layout-flex wp-container-core-columns-is-layout-9d6595d7 wp-block-columns-is-layout-flex\"> <div class=\"wp-block-column is-layout-flow wp-block-column-is-layout-flow\"><div class=\"wp-block-image\"> <figure class=\"aligncenter size-full\"><img loading=\"lazy\" decoding=\"async\" width=\"720\" height=\"540\" src=\"https:\/\/taizyagromachine.com\/wp-content\/uploads\/2022\/05\/customized-straw-cutter-and-grinder.jpg\" alt=\"ma\u00dfgeschneiderter Strohschneider und -zerkleinerer\" class=\"wp-image-2654\"\/><figcaption class=\"wp-element-caption\">ma\u00dfgeschneiderter Strohschneider und -zerkleinerer<\/figcaption><\/figure> <\/div><\/div>    <div class=\"wp-block-column is-layout-flow wp-block-column-is-layout-flow\"><div class=\"wp-block-image\"> <figure class=\"aligncenter size-full\"><img loading=\"lazy\" decoding=\"async\" width=\"720\" height=\"540\" src=\"https:\/\/taizyagromachine.com\/wp-content\/uploads\/2022\/05\/package-straw-cutter-and-grain-grinder-machine.jpg\" alt=\"Paket-Strohschneider und Getreidem\u00fchle\" class=\"wp-image-2657\"\/><figcaption class=\"wp-element-caption\">Paket<\/figcaption><\/figure> <\/div><\/div> <\/div>    <h2 class=\"wp-block-heading\"><strong>FAQ<\/strong><\/h2>   <div id=\"rank-math-faq\" class=\"rank-math-block\"> <div class=\"rank-math-list\"> <div id=\"faq-question-1666246094471\" class=\"rank-math-list-item\"> <h3 class=\"rank-math-question\"><strong>F: Welche Motivation braucht es f\u00fcr den Strohschneider und die Getreidem\u00fchle?<\/strong><\/h3> <div class=\"rank-math-answer\">  <p>A: Diesel -Enigne, Elektromotor, Benzinmotor. Es ist basierend auf der Maschine ausgestattet.<\/p>  <\/div> <\/div> <div id=\"faq-question-1666246100452\" class=\"rank-math-list-item\"> <h3 class=\"rank-math-question\"><strong>F: Intern mit 4 Bildschirmen. K\u00f6nnen die Bildschirme ausgetauscht werden?<\/strong><\/h3> <div class=\"rank-math-answer\">  <p>A: Die Bildschirme k\u00f6nnen je nach Kundenwunsch angepasst werden.<\/p>  <\/div> <\/div> <div id=\"faq-question-1666246109190\" class=\"rank-math-list-item\"> <h3 class=\"rank-math-question\"><strong>F: Die kombinierte Gras-Getreidem\u00fchle 9ZF-500 (neuer Typ) hat drei Ausl\u00e4sse. Wie kommt das Futter heraus?<\/strong><\/h3> <div class=\"rank-math-answer\">  <p>A: Das Gras kommt aus dem oberen und mittleren Auslass und das Getreide kommt aus dem unteren Auslass.<\/p>  <\/div> <\/div> <div id=\"faq-question-1666246122276\" class=\"rank-math-list-item\"> <h3 class=\"rank-math-question\"><strong>F: Welche Teile sind als Optionen erh\u00e4ltlich?<\/strong><\/h3> <div class=\"rank-math-answer\">  <p>A: R\u00e4der und Schutzh\u00fclle.<\/p>  <\/div> <\/div> <div id=\"faq-question-1666246133492\" class=\"rank-math-list-item\"> <h3 class=\"rank-math-question\"><strong>F: Warum ist der Maschinenrahmen beweglich?<\/strong><\/h3> <div class=\"rank-math-answer\">  <p>A: Weil sich der Riemen bei l\u00e4ngerem Gebrauch lockert und das Bewegen des Rahmens dazu f\u00fchren kann, dass der Riemen enger wird.<\/p>  <\/div> <\/div> <\/div> <\/div>   <h2 class=\"wp-block-heading\"><strong>Arbeitsvideo von Taizy Strohschneider und Getreidem\u00fchle<\/strong><\/h2>    <figure class=\"wp-block-embed is-type-video is-provider-youtube wp-block-embed-youtube wp-embed-aspect-16-9 wp-has-aspect-ratio\"><div class=\"wp-block-embed__wrapper\"> <iframe loading=\"lazy\" title=\"2022 Taizy Kombinierter Spreuschneider f\u00fcr Halme, Stroh, Gras, Getreide #chaffcutter #grinder\" width=\"500\" height=\"281\" src=\"https:\/\/www.youtube.com\/embed\/qBfLwxNCu6k?feature=oembed\" frameborder=\"0\" allow=\"accelerometer; autoplay; clipboard-write; encrypted-media; gyroscope; picture-in-picture; web-share\" referrerpolicy=\"strict-origin-when-cross-origin\" allowfullscreen><\/iframe> <\/div><\/figure>","protected":false},"excerpt":{"rendered":"<p>This series of straw cutter and grain grinder achieves multi-purpose use, allowing for guillotine and grain crushing. This guillotine features high performance, low noise, high output, safety and stability, high efficiency, low energy consumption, sturdiness and durability. The chaff cutter and grinder combined machine can not only crush dry and wet straw, rice straw, wheat [&hellip;]<\/p>\n","protected":false},"author":1,"featured_media":2629,"parent":0,"template":"","tags":[],"product-type":[19],"class_list":["post-2620","product","type-product","status-publish","has-post-thumbnail","hentry","product-type-silage-machine"],"_links":{"self":[{"href":"https:\/\/taizyagromachine.com\/de\/wp-json\/wp\/v2\/product\/2620","targetHints":{"allow":["GET"]}}],"collection":[{"href":"https:\/\/taizyagromachine.com\/de\/wp-json\/wp\/v2\/product"}],"about":[{"href":"https:\/\/taizyagromachine.com\/de\/wp-json\/wp\/v2\/types\/product"}],"author":[{"embeddable":true,"href":"https:\/\/taizyagromachine.com\/de\/wp-json\/wp\/v2\/users\/1"}],"wp:featuredmedia":[{"embeddable":true,"href":"https:\/\/taizyagromachine.com\/de\/wp-json\/wp\/v2\/media\/2629"}],"wp:attachment":[{"href":"https:\/\/taizyagromachine.com\/de\/wp-json\/wp\/v2\/media?parent=2620"}],"wp:term":[{"taxonomy":"post_tag","embeddable":true,"href":"https:\/\/taizyagromachine.com\/de\/wp-json\/wp\/v2\/tags?post=2620"},{"taxonomy":"product-type","embeddable":true,"href":"https:\/\/taizyagromachine.com\/de\/wp-json\/wp\/v2\/product-type?post=2620"}],"curies":[{"name":"wp","href":"https:\/\/api.w.org\/{rel}","templated":true}]}}