{"id":2822,"date":"2022-05-27T06:59:22","date_gmt":"2022-05-27T06:59:22","guid":{"rendered":"https:\/\/taizyagromachine.com\/?post_type=product&#038;p=2822"},"modified":"2025-01-02T13:55:22","modified_gmt":"2025-01-02T05:55:22","slug":"straw-cutting-machine","status":"publish","type":"product","link":"https:\/\/taizyagromachine.com\/de\/product\/straw-cutting-machine\/","title":{"rendered":"Strohschneidemaschine | Mehrzweck-Heuschneider"},"content":{"rendered":"<p>Diese Art von Strohschneidemaschine geh\u00f6rt zur 9ZR -Serie. Es handelt sich um eine neue Generation von multifunktionalem Spreu Cutter und Shredder, das von unserem Unternehmen entworfen und hergestellt wurde, basierend auf der fortschrittlichen Technologie \u00e4hnlicher Produkte in der Gesellschaft und der Meinungen der Benutzer. Diese Reihe von Strohschneiderautomaten hat die Eigenschaften einer vern\u00fcnftigen Struktur, einfach zu bedienenden, sicheren Betrieb, einer sch\u00f6nen Form und einer starken Anpassungsf\u00e4higkeit. Es eignet sich zum Guillotieren von Maisstangen, Reisstroh, M\u00fcsli -Strohhalm, Weizenstroh, gr\u00fcnem und trockenem Unkraut und anderen Materialien. Benutzer k\u00f6nnen eines seiner Modelle gem\u00e4\u00df den lokalen und ihren eigenen Bedingungen ausw\u00e4hlen. Willkommen, uns zu kontaktieren, um weitere Informationen zu erhalten!<\/p>    <h2 class=\"wp-block-heading\"><strong>Grasschneidemaschine zu verkaufen<\/strong><\/h2>    <p class=\"translation-block\">Als <a href=\"https:\/\/taizyagromachine.com\/de\/\" target=\"_blank\" rel=\"noreferrer noopener\">professioneller Hersteller und Lieferant von Landmaschinen<\/a> bieten wir nicht nur Grasschneide- und Getreidem\u00fchlen an, sondern auch <a href=\"https:\/\/taizyagromachine.com\/de\/product\/straw-baling-machine\/\" target=\"_blank\" rel=\"noreferrer noopener\">Strohpfl\u00fcck- und Ballenpressmaschinen<\/a> usw. Taizy verf\u00fcgt \u00fcber verschiedene Modelle von Grasschneide- und H\u00e4ckselmaschinen, um Ihre unterschiedlichen Anforderungen an die Leistung zu erf\u00fcllen. Dar\u00fcber hinaus k\u00f6nnen Sie nach dem Schneiden und Zerkleinern des Materials in kleine St\u00fccke die <a href=\"https:\/\/silagebaler.com\/silage-baler-machine-round-baler\/\" target=\"_blank\" rel=\"noreferrer noopener\">Silageverpackungsmaschine<\/a> verwenden, um das Silagefutter zu b\u00fcndeln und die Lagerzeit zu verl\u00e4ngern.<\/p>    <figure class=\"wp-block-gallery aligncenter has-nested-images columns-default is-cropped wp-block-gallery-2 is-layout-flex wp-block-gallery-is-layout-flex\"> <figure class=\"wp-block-image size-large\"><img loading=\"lazy\" decoding=\"async\" width=\"720\" height=\"540\" data-id=\"2830\" src=\"https:\/\/taizyagromachine.com\/wp-content\/uploads\/2022\/05\/chaff-cutter-and-crusher-9ZR-2.5.jpg\" alt=\"H\u00e4cksler und Brecher\" class=\"wp-image-2830\"\/><figcaption class=\"wp-element-caption\">H\u00e4cksler und Brecher<\/figcaption><\/figure>    <figure class=\"wp-block-image size-large\"><img loading=\"lazy\" decoding=\"async\" width=\"720\" height=\"540\" data-id=\"2833\" src=\"https:\/\/taizyagromachine.com\/wp-content\/uploads\/2022\/05\/grass-cutter-machine-9ZR-3.8A.jpg\" alt=\"Grasschneidemaschine\" class=\"wp-image-2833\"\/><figcaption class=\"wp-element-caption\">Grasschneidemaschine<\/figcaption><\/figure>    <figure class=\"wp-block-image size-large\"><img loading=\"lazy\" decoding=\"async\" width=\"720\" height=\"540\" data-id=\"2834\" src=\"https:\/\/taizyagromachine.com\/wp-content\/uploads\/2022\/05\/chaff-cutter-and-crusher-for-sale-9ZR-3.8B.jpg\" alt=\"H\u00e4cksler und Brecher zu verkaufen\" class=\"wp-image-2834\"\/><figcaption class=\"wp-element-caption\">H\u00e4cksler und Brecher zu verkaufen<\/figcaption><\/figure> <\/figure>    <figure class=\"wp-block-gallery aligncenter has-nested-images columns-default is-cropped wp-block-gallery-3 is-layout-flex wp-block-gallery-is-layout-flex\"> <figure class=\"wp-block-image size-large\"><img loading=\"lazy\" decoding=\"async\" width=\"720\" height=\"540\" data-id=\"2836\" src=\"https:\/\/taizyagromachine.com\/wp-content\/uploads\/2022\/05\/straw-cutter-and-shredder-9ZR-4.8.jpg\" alt=\"Strohschneider und H\u00e4cksler\" class=\"wp-image-2836\"\/><figcaption class=\"wp-element-caption\">Strohschneider und H\u00e4cksler<\/figcaption><\/figure>    <figure class=\"wp-block-image size-large\"><img loading=\"lazy\" decoding=\"async\" width=\"720\" height=\"540\" data-id=\"2837\" src=\"https:\/\/taizyagromachine.com\/wp-content\/uploads\/2022\/05\/paddy-straw-cutter-machine-9ZR-6.8.jpg\" alt=\"Reisstrohschneidemaschine\" class=\"wp-image-2837\"\/><figcaption class=\"wp-element-caption\">Reisstrohschneidemaschine<\/figcaption><\/figure>    <figure class=\"wp-block-image size-large\"><img loading=\"lazy\" decoding=\"async\" width=\"720\" height=\"540\" data-id=\"2838\" src=\"https:\/\/taizyagromachine.com\/wp-content\/uploads\/2022\/05\/multipurpose-chaff-cutter-9ZR-8.jpg\" alt=\"Mehrzweck-H\u00e4cksler\" class=\"wp-image-2838\"\/><figcaption class=\"wp-element-caption\">Mehrzweck-H\u00e4cksler<\/figcaption><\/figure> <\/figure>    <h2 class=\"wp-block-heading\"><strong>Anwendungen der Paddy-Strohschneidemaschine<\/strong><\/h2>    <p>Der horizontale Strohschneider und -zerkleinerer der Serie 9ZR ist eine Art Gro\u00dfzerkleinerungsmaschine, die k\u00fcrzlich von unserem Unternehmen entwickelt wurde. Geeignet f\u00fcr Mais, Weizen, Getreide, Erdnussreben, Reisstroh, Bohnenstroh, Maisst\u00e4ngel, gr\u00fcnes Gras, Luzerne und anderes Erntestroh. <\/p>   <div class=\"wp-block-image\"> <figure class=\"aligncenter size-full\"><img loading=\"lazy\" decoding=\"async\" width=\"720\" height=\"540\" src=\"https:\/\/taizyagromachine.com\/wp-content\/uploads\/2022\/05\/wide-applications-of-straw-cutting-machine.jpg\" alt=\"breite Anwendungen der Strohschneidemaschine\" class=\"wp-image-2842\"\/><figcaption class=\"wp-element-caption\">breite Anwendungen der Strohschneidemaschine<\/figcaption><\/figure> <\/div>   <p>F\u00fcr die Futterknetverarbeitung von Rindern und Schafen betr\u00e4gt die Grasl\u00e4nge 10 mm bis 180 mm und die Breite des zerkleinerten Materials nicht mehr als 5 mm. Es verbessert die Schmackhaftigkeit des Futters f\u00fcr Rinder und Schafe und erh\u00f6ht die Futterverwertungsrate. Daher ist diese Strohschneidemaschine die ideale Ausr\u00fcstung, die von mittleren und gro\u00dfen Zuchtprofis f\u00fcr die Futterverarbeitung bevorzugt wird.<\/p>   <div class=\"wp-block-image\"> <figure class=\"aligncenter size-full\"><img loading=\"lazy\" decoding=\"async\" width=\"720\" height=\"400\" src=\"https:\/\/taizyagromachine.com\/wp-content\/uploads\/2022\/05\/animal-to-be-fed.jpg\" alt=\"Tier, das gef\u00fcttert werden soll\" class=\"wp-image-2843\"\/><figcaption class=\"wp-element-caption\">Tier, das gef\u00fcttert werden soll<\/figcaption><\/figure> <\/div>   <h2 class=\"wp-block-heading\"><strong>Funktionsprinzip der Vorschubschneidemaschine<\/strong><\/h2>    <p>Transportieren Sie das zu verarbeitende Material \u00fcber das F\u00f6rderband in den Knetraum. Durch die hochrotierende Hammerklinge und die Knetplatte wird das Material geknetet. Die Strohschneidemaschine knetet die gesammelten Rohstoffe. Mit der Anzahl der verstellbaren Hammerbl\u00e4tter k\u00f6nnen Sie den Kneteffekt des Strohs und die Menge des zerkleinerten Materials anpassen. Wenn Sie die Anzahl der Hammerbl\u00e4tter verringern, ist der Strohaussto\u00df l\u00e4nger und die Menge des zerkleinerten Materials wird geringer. Erh\u00f6hen Sie die Anzahl der Hammerbl\u00e4tter, der Strohaussto\u00df wird k\u00fcrzer und die Menge des zerkleinerten Materials wird erh\u00f6ht.<\/p>    <p>Es f\u00fchrt das Stroh automatisch durch das F\u00f6rderband, um es zu gl\u00e4tten, zu schneiden, zu quetschen und zu kneten und dabei die harten Halmknoten auf der Oberfl\u00e4che des Strohs zu zerst\u00f6ren. Verarbeiten Sie das Stroh, das das Vieh nicht direkt verf\u00fcttern kann, zu geh\u00e4ckseltem Futter mit guter Schmackhaftigkeit, ohne seine N\u00e4hrstoffe zu verlieren, die f\u00fcr das Vieh leicht verdaulich und absorbierbar sind.<\/p>    <figure class=\"wp-block-gallery aligncenter has-nested-images columns-default is-cropped wp-block-gallery-4 is-layout-flex wp-block-gallery-is-layout-flex\"> <figure class=\"wp-block-image size-large\"><img loading=\"lazy\" decoding=\"async\" width=\"720\" height=\"450\" data-id=\"2865\" src=\"https:\/\/taizyagromachine.com\/wp-content\/uploads\/2022\/05\/multipurpose-chaff-cutter-blade.jpg\" alt=\"Mehrzweck-H\u00e4ckslermesser\" class=\"wp-image-2865\"\/><figcaption class=\"wp-element-caption\">Mehrzweck-H\u00e4ckselmesser<\/figcaption><\/figure>    <figure class=\"wp-block-image size-large\"><img loading=\"lazy\" decoding=\"async\" width=\"720\" height=\"450\" data-id=\"2866\" src=\"https:\/\/taizyagromachine.com\/wp-content\/uploads\/2022\/05\/straw-cutter-blade.jpg\" alt=\"Strohschneider-Klinge\" class=\"wp-image-2866\"\/><figcaption class=\"wp-element-caption\">Strohschneiderklinge<\/figcaption><\/figure> <\/figure>    <h2 class=\"wp-block-heading\"><strong>Vorteile der Strohh\u00e4ckslerschneidemaschine<\/strong><\/h2>    <ol class=\"wp-block-list\"> <li>Die Maschine verf\u00fcgt \u00fcber eine angemessene Struktur, ein sch\u00f6nes Aussehen, ist sicher und zuverl\u00e4ssig, verf\u00fcgt \u00fcber eine bequeme Bedienung und Wartung sowie eine hohe Produktionseffizienz.<\/li>    <li>Die Maschine kann nicht nur bei mittleren und gro\u00dfen Landwirten eingesetzt werden, sondern auch als kleine Strohschneidemaschine f\u00fcr zu Hause.<\/li>    <li>Ausgestattet mit zwei Arten von Klingen, einer ist die Schneidklinge und eine andere ist die dreieckige Klinge.<\/li>    <li>Es stehen sowohl ein Elektromotor als auch ein Dieselmotor zur Verf\u00fcgung, wodurch das Problem der Stromknappheit in Bereichen gel\u00f6st wird, in denen der Einsatz von Maschinen schwierig ist.<\/li>    <li>Trocken- und Nass-Mehrzweckh\u00e4cksler.<\/li> <\/ol>    <h2 class=\"wp-block-heading\"><strong>Was ist die Konstruktion einer Strohh\u00e4ckslermaschine?<\/strong><\/h2>    <p class=\"translation-block\">Diese Art von H\u00e4cksler und Knetmaschine hat eine sehr einfache Struktur. Sie besteht aus dem F\u00f6rderband, dem Einlass, dem Betriebssystem, dem Auslass, dem Rahmen, dem Ganghebel, dem Rad, dem Motorrahmen, dem Motor und dem Schutzdeckel. Das F\u00f6rderband hilft dem trockenen\/nassen Gras, durch den Einlass in die Arbeitskammer zu gelangen. Der Rahmen st\u00fctzt die gesamte Maschine, w\u00e4hrend der Schutzdeckel das Personal w\u00e4hrend der Arbeit sch\u00fctzt, wie einige <a href=\"https:\/\/taizyagromachine.com\/de\/product\/forage-chopper-machine\/\" target=\"_blank\" rel=\"noreferrer noopener\">H\u00e4ckslermaschinen<\/a>. Dar\u00fcber hinaus liefert der Motor die notwendige Leistung, die von der Maschine ben\u00f6tigt wird.<\/p>   <div class=\"wp-block-image\"> <figure class=\"aligncenter size-full\"><img loading=\"lazy\" decoding=\"async\" width=\"720\" height=\"470\" src=\"https:\/\/taizyagromachine.com\/wp-content\/uploads\/2022\/05\/straw-cutting-machine-structure.jpg\" alt=\"Struktur der Strohschneidemaschine\" class=\"wp-image-2847\"\/><figcaption class=\"wp-element-caption\">Struktur der Strohschneidemaschine<\/figcaption><\/figure> <\/div>   <h2 class=\"wp-block-heading\" id=\"h-technical-parameters-of-rice-straw-cutting-and-shredding-machine\"><strong>Technische Parameter der Reisstroh-Schneide- und Zerkleinerungsmaschine<\/strong><\/h2>    <figure class=\"wp-block-table\"><table><tbody><tr><td>Modell<\/td><td>9ZR-2,5<\/td><td>9ZR-3.8A<\/td><td>9ZR-3.8B<\/td><td>9ZR-4.8T<\/td><td>9ZR-6.8<\/td><td>9ZR-8<\/td><\/tr><tr><td>Leistung<\/td><td>3-4,5 kW<\/td><td>3-4,5 kW<\/td><td>3-4,5 kW<\/td><td>5,5 kW<\/td><td>7,5 kW<\/td><td>11 kW<\/td><\/tr><tr><td>Kapazit\u00e4t<\/td><td>2500 kg\/h<\/td><td>3800 kg\/h<\/td><td>3800 kg\/h<\/td><td>4800 kg\/h<\/td><td>6800 kg\/h<\/td><td>8000 kg\/h<\/td><\/tr><tr><td>Gr\u00f6\u00dfe<\/td><td>1350*490*750mm<\/td><td>1650*550*900mm<\/td><td>1750*550*900mm<\/td><td>1750*600*930mm<\/td><td>2283*740*1040mm<\/td><td>3400*830*1200mm<\/td><\/tr><tr><td>Gewicht<\/td><td>67kg<\/td><td>88kg<\/td><td>93kg<\/td><td>116kg<\/td><td>189kg<\/td><td>320kg<\/td><\/tr><\/tbody><\/table><\/figure>    <h2 class=\"wp-block-heading\"><strong>Erfolgreicher Fall: Mehrzweck-H\u00e4cksler nach Kenia exportiert<\/strong><\/h2>    <p>Im Februar dieses Jahres fragte ein Kunde aus Kenia nach Informationen zur Strohschneidemaschine. Durch die Kommunikation mit ihm wusste unsere Verkaufsleiterin Grace, dass er es f\u00fcr die Viehfutterproduktion kaufte. Daher schickte Grace ihm die Maschinenparameter, Fotos und Arbeitsvideos. Nach der Pr\u00fcfung der Maschine entschied sich der kenianische Kunde f\u00fcr die Strohschneidemaschine mit einer Leistung von 4800 kg\/Stunde. Nach Best\u00e4tigung der Maschinendetails wurde der Vertrag unterzeichnet. Wir haben die Maschine an sein vorgesehenes Terminal geschickt. Nach Erhalt der Maschine schickte uns der kenianische Kunde ein positives Feedback.<\/p>    <h2 class=\"wp-block-heading\"><strong>Video zum Betrieb der Strohschneidemaschine<\/strong><\/h2>    <figure class=\"wp-block-embed is-type-video is-provider-youtube wp-block-embed-youtube wp-embed-aspect-16-9 wp-has-aspect-ratio\"><div class=\"wp-block-embed__wrapper\"> <iframe loading=\"lazy\" title=\"Multifunktionale H\u00e4ckslermaschine | Grasschneidemaschine zur Silageproduktion als Tierfutter\" width=\"500\" height=\"281\" src=\"https:\/\/www.youtube.com\/embed\/wYag_P8TQhY?feature=oembed\" frameborder=\"0\" allow=\"accelerometer; autoplay; clipboard-write; encrypted-media; gyroscope; picture-in-picture; web-share\" referrerpolicy=\"strict-origin-when-cross-origin\" allowfullscreen><\/iframe> <\/div><\/figure>","protected":false},"excerpt":{"rendered":"<p>This kind of straw cutting machine belongs to the 9ZR series. It is a new generation of multifunctional chaff cutter and shredder designed and manufactured by our company based on the advanced technology of similar products in the society and users&#8217; opinions. This series of straw cutter machines has the characteristics of reasonable structure, easy [&hellip;]<\/p>\n","protected":false},"author":1,"featured_media":2829,"parent":0,"template":"","tags":[96,93,206],"product-type":[19],"class_list":["post-2822","product","type-product","status-publish","has-post-thumbnail","hentry","tag-chaff-cutter-machine","tag-forage-chopper-machine","tag-straw-cutting-machine","product-type-silage-machine"],"_links":{"self":[{"href":"https:\/\/taizyagromachine.com\/de\/wp-json\/wp\/v2\/product\/2822","targetHints":{"allow":["GET"]}}],"collection":[{"href":"https:\/\/taizyagromachine.com\/de\/wp-json\/wp\/v2\/product"}],"about":[{"href":"https:\/\/taizyagromachine.com\/de\/wp-json\/wp\/v2\/types\/product"}],"author":[{"embeddable":true,"href":"https:\/\/taizyagromachine.com\/de\/wp-json\/wp\/v2\/users\/1"}],"wp:featuredmedia":[{"embeddable":true,"href":"https:\/\/taizyagromachine.com\/de\/wp-json\/wp\/v2\/media\/2829"}],"wp:attachment":[{"href":"https:\/\/taizyagromachine.com\/de\/wp-json\/wp\/v2\/media?parent=2822"}],"wp:term":[{"taxonomy":"post_tag","embeddable":true,"href":"https:\/\/taizyagromachine.com\/de\/wp-json\/wp\/v2\/tags?post=2822"},{"taxonomy":"product-type","embeddable":true,"href":"https:\/\/taizyagromachine.com\/de\/wp-json\/wp\/v2\/product-type?post=2822"}],"curies":[{"name":"wp","href":"https:\/\/api.w.org\/{rel}","templated":true}]}}