{"id":2905,"date":"2022-06-02T03:35:30","date_gmt":"2022-06-02T03:35:30","guid":{"rendered":"https:\/\/taizyagromachine.com\/?post_type=product&#038;p=2905"},"modified":"2025-03-27T15:18:33","modified_gmt":"2025-03-27T07:18:33","slug":"self-propelled-baler","status":"publish","type":"product","link":"https:\/\/taizyagromachine.com\/de\/product\/self-propelled-baler\/","title":{"rendered":"Selbstfahrende Ballenpresse | Heuschneider und Ballenpresse"},"content":{"rendered":"<p class=\"translation-block\">Der selbstfahrende Ballenwickler ist eine Landmaschine, die \u201eAufnehmen, Schneiden und Ballen\u201c integriert. Diese <a href=\"https:\/\/silagebaler.com\/hay-cutter-and-baler\/\" target=\"_blank\" rel=\"noreferrer noopener\">Heckenschneid- und Ballenpresse<\/a> kann nicht nur in tiefliegenden Gebieten arbeiten, sondern auch das Material reibungsloser zuf\u00fchren und nicht leicht verstopfen. Au\u00dferdem verf\u00fcgt diese Maschine \u00fcber ein CE-Zertifikat, das auf dem heimischen und internationalen Markt sehr beliebt ist. Die Maschine ist mit einem Radschlepper gekoppelt und wird von einem Schlepperfahrer bedient, was f\u00fcr den Einsatz auf allen Arten von nat\u00fcrlichen und angepflanzten Weiden sowie auf Ackerland geeignet ist.<\/p>    <p>Diese Heuballenpresse vereint die Vorteile \u00e4hnlicher Produkte im In- und Ausland und vereint gleichzeitig die aktuelle Situation der landwirtschaftlichen und tierischen Produktion. Daher verf\u00fcgt die selbstfahrende Ballenpresse \u00fcber eine fortschrittliche Struktur, komfortable Bedienung, stabile und zuverl\u00e4ssige Leistung, niedrige Produktionskosten und Arbeitsersparnis usw. Sie ist das idealste Produkt zum Ernten und Ballenpressen verschiedener landwirtschaftlicher Strohhalme und Futtermittel.<\/p>    <h2 class=\"wp-block-heading\" id=\"h-what-are-the-functions-of-the-self-propelled-baler-for-sale\"><strong>Welche Funktionen hat die zum Verkauf stehende selbstfahrende Ballenpresse?<\/strong><\/h2>    <p>Spezifische Funktionen sind wie folgt:<\/p>    <ol class=\"wp-block-list\"> <li><strong>Kommissionierung<\/strong>: Es kann das vom M\u00e4hdrescher ausgespuckte Gras, Luzerne, Reisstroh und Weizenstroh auffangen.<\/li>    <li><strong>Schneiden<\/strong>: Es kann Gras, Luzerne und Maisstroh ernten und die hohen Weizenstoppeln zum zweiten Mal schneiden. Die Stoppeln k\u00f6nnen auf weniger als 10 cm reduziert werden. Pro Fl\u00e4cheneinheit wird etwa doppelt so viel Stroh eingesammelt wie vom Pfl\u00fccker. Dadurch wird die Strohsammelrate erheblich verbessert und die Landwirte k\u00f6nnen bequemer kultivieren und die Menge des pro Hektar gesammelten Strohs erh\u00f6hen.<\/li>    <li><strong>Ballenpressen<\/strong>: das hei\u00dft, das lose Stroh wird verdichtet und zu Vierkant- oder Rundballen gepresst (Quadrat- oder Rundballen eignen sich gut zum Transport, Stapeln und Konservieren).<\/li> <\/ol>   <div class=\"wp-block-image\"> <figure class=\"aligncenter size-full\"><img loading=\"lazy\" decoding=\"async\" width=\"720\" height=\"540\" src=\"https:\/\/taizyagromachine.com\/wp-content\/uploads\/2022\/06\/working-scenes.jpg\" alt=\"Arbeitsszenen\" class=\"wp-image-2945\"\/><figcaption class=\"wp-element-caption\">Arbeitsszenen<\/figcaption><\/figure> <\/div>   <h2 class=\"wp-block-heading\" id=\"h-type-1-self-propelled-round-baler\"><strong>Typ 1: Selbstfahrende Rundballenpresse<\/strong><\/h2>    <p class=\"translation-block\">Die runde Quetsch- und Aufnehmballenpresse ist eine Spezialausr\u00fcstung, die von unserem Unternehmen f\u00fcr das Sammeln von Weizen-, Reis-, Mais- und anderem Ernterohmaterial sowie verschiedenen Futtermitteln und deren Ballen entwickelt und produziert wird. Es handelt sich um eine neue Art von hocheffizienter Querverwicklungs-Rundballenpresse, die von unserem Unternehmen unabh\u00e4ngig entwickelt wurde. Diese Maschine kann Seil und Netz zum Ballen verwenden. Sie kann auch die H\u00f6he und Ballendichte je nach tats\u00e4chlicher Situation anpassen. Es ist zu beachten, dass sich diese Maschine von der <a href=\"https:\/\/taizyagromachine.com\/de\/product\/silage-baler\/\" target=\"_blank\" rel=\"noreferrer noopener\">Siloballenwickelmaschine<\/a> darin unterscheidet, dass keine Folienverpackung vorhanden ist.<\/p>    <figure class=\"wp-block-gallery aligncenter has-nested-images columns-default is-cropped wp-block-gallery-2 is-layout-flex wp-block-gallery-is-layout-flex\"> <figure class=\"wp-block-image size-full\"><img loading=\"lazy\" decoding=\"async\" width=\"720\" height=\"540\" data-id=\"2948\" src=\"https:\/\/taizyagromachine.com\/wp-content\/uploads\/2022\/06\/round-self-propelled-hay-baler.jpg\" alt=\"runde selbstfahrende Heuballenpresse\" class=\"wp-image-2948\"\/><figcaption class=\"wp-element-caption\">runde, selbstfahrende Heuballenpresse<\/figcaption><\/figure>    <figure class=\"wp-block-image size-full\"><img loading=\"lazy\" decoding=\"async\" width=\"720\" height=\"540\" data-id=\"2949\" src=\"https:\/\/taizyagromachine.com\/wp-content\/uploads\/2022\/06\/round-hay-cutter-and-baler.jpg\" alt=\"runde Heuschneider-und-Ballenpresse\" class=\"wp-image-2949\"\/><figcaption class=\"wp-element-caption\">runder Heuschneider und Ballenpresse<\/figcaption><\/figure> <\/figure>    <figure class=\"wp-block-embed is-type-video is-provider-youtube wp-block-embed-youtube wp-embed-aspect-16-9 wp-has-aspect-ratio\"><div class=\"wp-block-embed__wrapper\"> <iframe loading=\"lazy\" title=\"Strohquetsche Picking Ballenmaschine f\u00fcr Heu runde Ballen | Effiziente L\u00f6sung f\u00fcr landwirtschaftliche Silage -Futtermittel\" width=\"500\" height=\"281\" src=\"https:\/\/www.youtube.com\/embed\/pgxaeEiL908?feature=oembed\" frameborder=\"0\" allow=\"accelerometer; autoplay; clipboard-write; encrypted-media; gyroscope; picture-in-picture; web-share\" referrerpolicy=\"strict-origin-when-cross-origin\" allowfullscreen><\/iframe> <\/div><figcaption class=\"wp-element-caption\">Video von Heuschnitten -Picking -Ballenmaschine<\/figcaption><\/figure>    <h3 class=\"wp-block-heading\" id=\"h-construction-of-round-hay-cutter-and-baler\"><strong>Bau eines runden Heuschneiders und einer Ballenpresse<\/strong><\/h3>    <p>Die selbstfahrende Rundballenpresse verf\u00fcgt \u00fcber Zapfwelle, Zuf\u00fchrung, Siloschalter und Hydraulikzylinder. Sie sollten wissen, dass das Garn durch das Netz ersetzt werden kann. <\/p>   <div class=\"wp-block-image\"> <figure class=\"aligncenter size-full\"><img loading=\"lazy\" decoding=\"async\" width=\"720\" height=\"540\" src=\"https:\/\/taizyagromachine.com\/wp-content\/uploads\/2022\/06\/structure-of-round-cutter-and-baler.jpg\" alt=\"Aufbau von Rundschneider und Ballenpresse\" class=\"wp-image-2927\"\/><figcaption class=\"wp-element-caption\">Aufbau von Rundschneider und Ballenpresse<\/figcaption><\/figure> <\/div>   <h3 class=\"wp-block-heading\" id=\"h-what-are-parameters-of-round-baling-machine\"><strong>Was sind die Parameter einer Rundballenpresse?<\/strong><\/h3>    <figure class=\"wp-block-table\"><table><tbody><tr><td>Modell<\/td><td>9YY80<\/td><td>9YY100<\/td><\/tr><tr><td>Geb\u00fcndelte Gr\u00f6\u00dfe<\/td><td>80cm*100cm<\/td><td>100cm*125cm<\/td><\/tr><tr><td>Geerntete Breite<\/td><td>1,3 m<\/td><td>1,8m<\/td><\/tr><tr><td>Nettogr\u00f6\u00dfe<\/td><td>2000m*105cm<\/td><td>3000 m * 125 cm<\/td><\/tr><tr><td>Traktor ausgestattet<\/td><td>Mehr als 70 PS<\/td><td>Mehr als 90 PS<\/td><\/tr><\/tbody><\/table><\/figure>    <h2 class=\"wp-block-heading\" id=\"h-type-2-self-propelled-square-baler\"><strong>Typ 2: Selbstfahrende Quaderballenpresse<\/strong><\/h2>    <p class=\"translation-block\">Die Quader-Schneid-, Aufnahme- und Ballenpresse ist eine Futter-Quetsch- und Aufnahmeballenpresse. Sie wird haupts\u00e4chlich zur Ernte und Ballenpressung verschiedener Futtermittel, Reis-, Weizen- und Maisst\u00e4ngel sowie anderer Ernterohmaterialien auf dem Feld eingesetzt. Die selbstfahrende Ballenpresse kann die im Feld liegenden Grasstreifen automatisch zerkleinern und aufnehmen und das lose Futter durch die Arbeitsg\u00e4nge Zuf\u00fchren, Verdichten und Formen, Knoten und Binden zu rechteckigen Ballen mit sauberem und regelm\u00e4\u00dfigem Aussehen binden. Es ist wichtig zu beachten, dass nur Seil zum Ballen verwendet werden kann. Willkommen, um <a href=\"https:\/\/taizyagromachine.com\/de\/contact\/\" target=\"_blank\" rel=\"noreferrer noopener\">uns zu kontaktieren<\/a> f\u00fcr weitere Details!<\/p>    <figure class=\"wp-block-gallery aligncenter has-nested-images columns-default is-cropped wp-block-gallery-3 is-layout-flex wp-block-gallery-is-layout-flex\"> <figure class=\"wp-block-image size-full\"><img loading=\"lazy\" decoding=\"async\" width=\"720\" height=\"540\" data-id=\"2953\" src=\"https:\/\/taizyagromachine.com\/wp-content\/uploads\/2022\/06\/square-cutter-and-baler.jpg\" alt=\"Quaderschneider und Ballenpresse\" class=\"wp-image-2953\"\/><figcaption class=\"wp-element-caption\">Quaderschneider und Ballenpresse<\/figcaption><\/figure>    <figure class=\"wp-block-image size-full\"><img loading=\"lazy\" decoding=\"async\" width=\"720\" height=\"540\" data-id=\"2952\" src=\"https:\/\/taizyagromachine.com\/wp-content\/uploads\/2022\/06\/square-self-propelled-baler.jpg\" alt=\"quadratische selbstfahrende Ballenpresse\" class=\"wp-image-2952\"\/><figcaption class=\"wp-element-caption\">quadratische selbstfahrende Ballenpresse<\/figcaption><\/figure> <\/figure>    <h3 class=\"wp-block-heading\"><strong>Struktur der Quaderballenpresse<\/strong><\/h3>    <p>Die selbstgetragene Ballenfl\u00e4che besteht aus dem \u00dcbertragungssystem, dem Traktionstrahl, der Auswahl, der Ballenkammer und dem Auslass. Es ist eine sehr einfache Konstruktion. <\/p>   <div class=\"wp-block-image\"> <figure class=\"aligncenter size-full\"><img loading=\"lazy\" decoding=\"async\" width=\"720\" height=\"450\" src=\"https:\/\/taizyagromachine.com\/wp-content\/uploads\/2022\/06\/structure-of-square-cutting-and-baling-machine.jpg\" alt=\"Struktur der quadratischen Schneid- und Ballenpresse\" class=\"wp-image-2928\"\/><figcaption class=\"wp-element-caption\">Struktur der quadratischen Schneid- und Ballenpresse<\/figcaption><\/figure> <\/div>   <h3 class=\"wp-block-heading\"><strong>Technische Parameter der Quaderballenpresse<\/strong><\/h3>    <figure class=\"wp-block-table\"><table><tbody><tr><td>Modell<\/td><td>9YFQ-2.0<\/td><\/tr><tr><td>Geerntete Breite<\/td><td>2,0 m<\/td><\/tr><tr><td>Traktor ausgestattet<\/td><td>Mehr als 75 PS<\/td><\/tr><tr><td>Produktionseffizienz<\/td><td>3t\/h<\/td><\/tr><tr><td>Gesamtgr\u00f6\u00dfe<\/td><td>4150*2850*1800mm<\/td><\/tr><\/tbody><\/table><\/figure>    <h2 class=\"wp-block-heading\" id=\"h-applications-of-self-propelled-hay-baler\"><strong>Anwendungen der selbstfahrenden Heuballenpresse<\/strong><\/h2>    <p>Da diese Art von Heuschneider und Ballenpresse f\u00fcr die Feldarbeit geeignet ist, bietet sie eine Vielzahl von Einsatzm\u00f6glichkeiten. Wie Maisst\u00e4ngel, Zuckerrohrbl\u00e4tter, Weizenstrohhalme, Reisstrohhalme, Erdnusss\u00e4mlinge, S\u00fc\u00dfkartoffels\u00e4mlinge, gr\u00fcnes Gras, Heu usw. <\/p>   <div class=\"wp-block-image\"> <figure class=\"aligncenter size-full\"><img loading=\"lazy\" decoding=\"async\" width=\"720\" height=\"450\" src=\"https:\/\/taizyagromachine.com\/wp-content\/uploads\/2022\/06\/wide-applications-of-self-propelled-hay-baler.jpg\" alt=\"breite Anwendungsm\u00f6glichkeiten f\u00fcr selbstfahrende Heuballenpressen\" class=\"wp-image-2932\"\/><figcaption class=\"wp-element-caption\">breite Anwendungsm\u00f6glichkeiten f\u00fcr selbstfahrende Heuballenpressen<\/figcaption><\/figure> <\/div>   <h2 class=\"wp-block-heading\"><strong>Was sind die Merkmale von Heuschneider und Ballenpresse?<\/strong><\/h2>    <ol class=\"wp-block-list\"> <li>Importierter deutscher Knoter und Haupt\u00fcbertragungssystem, die gesamte selbstfahrende Ballenpresse verf\u00fcgt \u00fcber eine stabile Leistung und eine hohe Ballenbildungsrate.<\/li>    <li>Die selbstfahrende Ballenpresse hat eine symmetrische L\u00e4ngsachse, eine gute Fahrstabilit\u00e4t, eine gute Traktion und kann an die Arbeit auf kleinen und unregelm\u00e4\u00dfigen Landst\u00fccken angepasst werden.<\/li>    <li>Die Grasstreifen bewegen sich vom Pfl\u00fccken bis zur Ballenbildung auf dem Boden immer geradlinig, und der Grasstreifen-F\u00f6rder- und Ballenpressvorgang ist sinnvoll, was dazu beitr\u00e4gt, die Hubfrequenz des Kolbens zu verbessern und die Produktionskapazit\u00e4t zu erh\u00f6hen.<\/li>    <li>Die Ballenpresskammer und die Einf\u00e4delnadel haben einen ausreichend gro\u00dfen Abstand zum Boden, um auf Tiefbettgrundst\u00fccken arbeiten zu k\u00f6nnen, ohne dass die Einf\u00e4delnadel den Boden ber\u00fchrt, wodurch der herk\u00f6mmliche Schutzrahmen f\u00fcr die Einf\u00e4delnadel entf\u00e4llt. Der Pfl\u00fccker ist mit einem Profilierrad ausgestattet, was den Einsatz in tiefliegenden Parzellen erm\u00f6glicht.<\/li>    <li>Zerkleinern und Pfl\u00fccken, 3-Gest\u00e4nge-Aufh\u00e4ngung am Traktor.<\/li> <\/ol>    <figure class=\"wp-block-gallery aligncenter has-nested-images columns-default is-cropped wp-block-gallery-4 is-layout-flex wp-block-gallery-is-layout-flex\"> <figure class=\"wp-block-image size-large\"><img loading=\"lazy\" decoding=\"async\" width=\"720\" height=\"540\" data-id=\"2939\" src=\"https:\/\/taizyagromachine.com\/wp-content\/uploads\/2022\/06\/German-knotter.jpg\" alt=\"Deutsche selbstfahrende Ballenpresse mit Knoter\" class=\"wp-image-2939\"\/><figcaption class=\"wp-element-caption\">Deutscher Kn\u00fcpfer<\/figcaption><\/figure>    <figure class=\"wp-block-image size-full\"><img loading=\"lazy\" decoding=\"async\" width=\"720\" height=\"540\" data-id=\"2940\" src=\"https:\/\/taizyagromachine.com\/wp-content\/uploads\/2022\/06\/multifunction-crushing-picking.jpg\" alt=\"Multifunktions-Zerkleinern und Kommissionieren\" class=\"wp-image-2940\"\/><figcaption class=\"wp-element-caption\">Zerkleinern und Pfl\u00fccken<\/figcaption><\/figure>    <figure class=\"wp-block-image size-full\"><img loading=\"lazy\" decoding=\"async\" width=\"720\" height=\"540\" data-id=\"2938\" src=\"https:\/\/taizyagromachine.com\/wp-content\/uploads\/2022\/06\/3-linkage-suspension.jpg\" alt=\"3-Gest\u00e4nge-Aufh\u00e4ngung bei selbstfahrender Ballenpresse durch den Traktor\" class=\"wp-image-2938\"\/><figcaption class=\"wp-element-caption\">3-Gest\u00e4nge-Aufh\u00e4ngung<\/figcaption><\/figure> <\/figure>    <h2 class=\"wp-block-heading\" id=\"h-why-choose-taizy-company-as-top-choice\"><strong>Warum sollten Sie sich f\u00fcr Taizy Company als erste Wahl entscheiden?<\/strong><\/h2>    <p class=\"translation-block\">Wir, <a href=\"https:\/\/taizyagromachine.com\/de\/\" target=\"_blank\" rel=\"noreferrer noopener\">Taizy Agro Machinery<\/a>, sind seit \u00fcber 10 Jahren tief in der Agrarindustrie t\u00e4tig. Jedes Mal werden wir zur ersten Wahl, weil wir unsere eigenen einzigartigen Vorteile haben.<\/p>    <p class=\"translation-block\"><strong>Ausgezeichnete Qualit\u00e4t<\/strong>. Unsere selbstfahrende Ballenpresse unterliegt strengen Produktionsregeln, ebenso die Strohballenpresse, <a href=\"https:\/\/taizyagromachine.com\/de\/product\/straw-crushing-and-recycling-machine\/\" target=\"_blank\" rel=\"noreferrer noopener\">Silage-H\u00e4cksler und -Recyclingmaschine<\/a> usw. Au\u00dferdem verf\u00fcgen unsere Landmaschinen \u00fcber ein CE-Zertifikat und werden in ausl\u00e4ndischen L\u00e4ndern und Regionen gut angenommen. <\/p>    <p class=\"translation-block\"><strong>Fortschrittliche Technologie<\/strong>. Die Ballenpresse \u00fcbernimmt fortschrittliche Technologie und kombiniert sie mit den Marktanforderungen, um eine neue Art von Futterballenpresse zu entwickeln. Sie ist auf dem Markt beliebt.<\/p>    <p class=\"translation-block\"><strong>Perfekter Service<\/strong>. Nach dem Verkauf bieten wir auch einen komfortablen After-Sales-Service, um alle Arten von Problemen zu l\u00f6sen, die Kunden in naher Zukunft auftreten k\u00f6nnen.<\/p>    <h2 class=\"wp-block-heading\" id=\"h-successful-case-self-propelled-small-square-baler-sold-to-iran\"><strong>Erfolgreicher Fall: Selbstfahrende kleine Quaderballenpresse in den Iran verkauft  <\/strong><\/h2>    <p>Unsere Vertriebsleiterin Winnie erhielt eine Anfrage von einem Kunden aus dem Iran. Er m\u00f6chte Futter ernten und hat einen eigenen Traktor. Da der Iran im Nahen Osten liegt und Quaderballen bevorzugt, schickte Winnie die relevanten Informationen \u00fcber die Quaderballenpresse, einschlie\u00dflich Parameter, Konfiguration, Fotos, Videos usw. Dem iranischen Kunden gefiel es nach der Best\u00e4tigung sehr gut. Der Vertrag wurde also unterzeichnet. Wir verschifften ihn an seinen Bestimmungsort. Nach Erhalt der Maschine sagte der iranische Kunde, dass die selbstfahrende Ballenpresse sehr gut funktioniert und wir die M\u00f6glichkeit haben werden, wieder zusammenzuarbeiten.<\/p>    <h2 class=\"wp-block-heading\" id=\"h-faq\"><strong>FAQ<\/strong><\/h2>   <div id=\"rank-math-faq\" class=\"rank-math-block\"> <div class=\"rank-math-list\"> <div id=\"faq-question-1665309290478\" class=\"rank-math-list-item\"> <h3 class=\"rank-math-question\"><strong>F: Wie gro\u00df ist die Pfl\u00fcckbreite der selbstfahrenden Ballenpresse?<\/strong><\/h3> <div class=\"rank-math-answer\">  <p>A: 1,3 m, 1,8 m, 2 m.<\/p>  <\/div> <\/div> <div id=\"faq-question-1665309298217\" class=\"rank-math-list-item\"> <h3 class=\"rank-math-question\"><strong>F: Welche Art von Ausr\u00fcstung produzieren Sie haupts\u00e4chlich?<\/strong><\/h3> <div class=\"rank-math-answer\">  <p>A: Wir produzieren haupts\u00e4chlich Landmaschinen und Landmaschinen.<\/p>  <\/div> <\/div> <div id=\"faq-question-1665309313441\" class=\"rank-math-list-item\"> <h3 class=\"rank-math-question\"><strong>F: Wo ist der Versandort?<\/strong><\/h3> <div class=\"rank-math-answer\">  <p>A: Das Unternehmen liegt in der zentralen Ebene Chinas, Henan, daher haben wir Transport und schnelle Lieferung entwickelt.<\/p>  <\/div> <\/div> <\/div> <\/div>   <h2 class=\"wp-block-heading\"><strong>Arbeitsvideo des Heuschneiders und der Ballenpresse <\/strong><\/h2>    <figure class=\"wp-block-embed is-type-video is-provider-youtube wp-block-embed-youtube wp-embed-aspect-16-9 wp-has-aspect-ratio\"><div class=\"wp-block-embed__wrapper\"> <iframe loading=\"lazy\" title=\"Heuschneider und Ballenpresse | Strohpfl\u00fcck-, Zerkleinerungs- und Ballenpresse mit Traktor #hay #strawbale\" width=\"500\" height=\"281\" src=\"https:\/\/www.youtube.com\/embed\/PhkH7-TU5-I?feature=oembed\" frameborder=\"0\" allow=\"accelerometer; autoplay; clipboard-write; encrypted-media; gyroscope; picture-in-picture; web-share\" referrerpolicy=\"strict-origin-when-cross-origin\" allowfullscreen><\/iframe> <\/div><\/figure>","protected":false},"excerpt":{"rendered":"<p>The self propelled baler is an agricultural machine that integrates &#8220;picking, cutting and baling&#8221;. This hay cutter and baler machine can not only work in low-lying areas, but also feed the material more smoothly and not easily blocked. Besides, this machine has CE certificate, which is very popular in domestic and international market. The machine [&hellip;]<\/p>\n","protected":false},"author":1,"featured_media":2907,"parent":0,"template":"","tags":[120,117,103,119,118,122,121,116],"product-type":[19],"class_list":["post-2905","product","type-product","status-publish","has-post-thumbnail","hentry","tag-agriculture-machinery","tag-baling-machine","tag-hay-baler","tag-hay-baling-machine","tag-hay-cutter-and-baler","tag-self-propelled-round-baler","tag-self-propelled-square-baler","tag-silage","product-type-silage-machine"],"_links":{"self":[{"href":"https:\/\/taizyagromachine.com\/de\/wp-json\/wp\/v2\/product\/2905","targetHints":{"allow":["GET"]}}],"collection":[{"href":"https:\/\/taizyagromachine.com\/de\/wp-json\/wp\/v2\/product"}],"about":[{"href":"https:\/\/taizyagromachine.com\/de\/wp-json\/wp\/v2\/types\/product"}],"author":[{"embeddable":true,"href":"https:\/\/taizyagromachine.com\/de\/wp-json\/wp\/v2\/users\/1"}],"wp:featuredmedia":[{"embeddable":true,"href":"https:\/\/taizyagromachine.com\/de\/wp-json\/wp\/v2\/media\/2907"}],"wp:attachment":[{"href":"https:\/\/taizyagromachine.com\/de\/wp-json\/wp\/v2\/media?parent=2905"}],"wp:term":[{"taxonomy":"post_tag","embeddable":true,"href":"https:\/\/taizyagromachine.com\/de\/wp-json\/wp\/v2\/tags?post=2905"},{"taxonomy":"product-type","embeddable":true,"href":"https:\/\/taizyagromachine.com\/de\/wp-json\/wp\/v2\/product-type?post=2905"}],"curies":[{"name":"wp","href":"https:\/\/api.w.org\/{rel}","templated":true}]}}