{"id":3038,"date":"2022-06-10T03:38:55","date_gmt":"2022-06-10T03:38:55","guid":{"rendered":"https:\/\/taizyagromachine.com\/?post_type=product&#038;p=3038"},"modified":"2025-01-02T13:49:22","modified_gmt":"2025-01-02T05:49:22","slug":"bean-peeling-machine","status":"publish","type":"product","link":"https:\/\/taizyagromachine.com\/de\/product\/bean-peeling-machine\/","title":{"rendered":"Bohnensch\u00e4lmaschine f\u00fcr Sojabohnen, Saubohnen, Lachibohnen"},"content":{"rendered":"<p class=\"translation-block\">Wie der Name schon sagt, ist die <strong>Bohnensch\u00e4lmaschine<\/strong> eine hautentfernende Maschine, die sich auf die Entwicklung einer Vielzahl von Bohnen spezialisiert hat und von unserem Unternehmen entsprechend der Marktnachfrage erfunden wurde. Sie ist haupts\u00e4chlich f\u00fcr das Sch\u00e4len und Trennen verschiedener Bohnen wie Bohnen (Sojabohnen), Erbsen, schwarzen Bohnen, Kidneybohnen, Mandeln usw. anwendbar. <\/p>    <p>Die Sch\u00e4lrate liegt \u00fcber 98%. Die Sojabohnen-Hautentfernungsmaschine eignet sich f\u00fcr Lebensmittelverarbeitungsbetriebe, Hotels, Restaurants, Kantinen, gewerbliche Haushalte usw. <\/p>    <p>Bei diesem Ger\u00e4t handelt es sich um eine Sch\u00e4lmaschine der neuen Generation, die nach umfassender Marktuntersuchung und Beratung mit Anwendern sorgf\u00e4ltig entwickelt und optimiert wurde und dabei auf den Vorteilen und Erfahrungen vieler Arten von Bohnensch\u00e4lmaschinen im In- und Ausland basiert. <\/p>    <p>Unsere Bohnensch\u00e4lmaschine ist gut konstruiert, einfach zu bedienen und hat eine hohe Leistung. Wir, Taizy Machinery, haben drei Modelle zur Auswahl. Wenn Sie Bedarf haben, k\u00f6nnen Sie uns kontaktieren. Sagen Sie uns, was Sie brauchen, und unser Vertriebsleiter wird Ihnen die f\u00fcr Ihre Bed\u00fcrfnisse am besten geeignete L\u00f6sung anbieten.<\/p>    <h2 class=\"wp-block-heading\" id=\"h-who-uses-peeled-beans\"><strong>Wer verwendet gesch\u00e4lte Bohnen?<\/strong><\/h2>    <p>Diese Bohnensch\u00e4lmaschine hat ein breites Anwendungsspektrum. Denn diese Maschine kann Bohnen wie Sojabohnen, schwarze Bohnen, Erbsen usw. zum Sch\u00e4len und Teilen verarbeiten. Es gibt haupts\u00e4chlich folgende Einsatzbereiche:<\/p>    <p>Gro\u00dfbetriebe, kleine und mittlere Werkst\u00e4tten, Einzelhandelsgesch\u00e4fte, Kantinenversorgung, Privatpersonen und Lebensmittelverarbeitungsbetriebe. Wenn Sie Bedarf haben, k\u00f6nnen Sie sich gerne schnellstm\u00f6glich an uns wenden! Und unser professionelles Personal wird Ihnen den am besten geeigneten Plan zur Verf\u00fcgung stellen, um Ihr Gesch\u00e4ft zu erleichtern.<\/p>   <div class=\"wp-block-image\"> <figure class=\"aligncenter size-full\"><img loading=\"lazy\" decoding=\"async\" width=\"720\" height=\"540\" src=\"https:\/\/taizyagromachine.com\/wp-content\/uploads\/2022\/06\/usages-of-bean-peling-machine.jpg\" alt=\"Verwendungsm\u00f6glichkeiten der Bohnensch\u00e4lmaschine\" class=\"wp-image-3053\"\/><figcaption class=\"wp-element-caption\">Verwendungsm\u00f6glichkeiten der Bohnensch\u00e4lmaschine<\/figcaption><\/figure> <\/div>   <h2 class=\"wp-block-heading\" id=\"h-type-1-soybean-peeling-machine\"><strong>Typ 1: Sojabohnensch\u00e4lmaschine zu verkaufen<\/strong><\/h2>    <p class=\"translation-block\">Diese Sojabohnensch\u00e4lmaschine ist eine von den technischen Forschungs- und Entwicklungskr\u00e4ften von Taizy Machinery entsprechend der Marktnachfrage entwickelte Sojabohnenspalt- und Knetmaschine. Die Bohnensch\u00e4lmaschine kann runde und regelm\u00e4\u00dfige Bohnen wie Sojabohnen, <strong>Schwarzaugenbohnen<\/strong>, <strong>Erbsen<\/strong> und so weiter sch\u00e4len. Diese Maschine ist einfach zu bedienen. <\/p>   <div class=\"wp-block-image\"> <figure class=\"aligncenter size-full\"><img loading=\"lazy\" decoding=\"async\" width=\"720\" height=\"540\" src=\"https:\/\/taizyagromachine.com\/wp-content\/uploads\/2022\/06\/soybean-peeling-machine.jpg\" alt=\"Sojabohnen-Sch\u00e4lmaschine\" class=\"wp-image-3044\"\/><figcaption class=\"wp-element-caption\">Sojabohnen-Sch\u00e4lmaschine<\/figcaption><\/figure> <\/div>   <p>Au\u00dferdem werden Schale, Kern und Blattflavonoidanteil sauber abgel\u00f6st. Es zeichnet sich durch weniger gebrochene K\u00f6rner, einen guten Sch\u00e4leffekt, ein sch\u00f6nes Aussehen, eine bequeme Bedienung, zuverl\u00e4ssige Leistung, einen umweltfreundlichen Umweltschutz und eine Maschine f\u00fcr mehrere Anwendungen aus.<\/p>    <p>Es eignet sich f\u00fcr kleine Bohnenverarbeitungsbetriebe oder Lebensmittelfabriken. Gleichzeitig k\u00f6nnen Sie die Maschine auch auf das Sch\u00e4len von Erbsen und Augenbohnen einstellen. Gesch\u00e4lte Sojabohnen und Erbsen zur Desodorierung und Verbesserung des Geschmacks von Sojaprodukten wie Tofu, Bohnensaft usw.<\/p>    <h3 class=\"wp-block-heading\" id=\"h-what-is-the-structure-of-soy-bean-skin-removing-machine\"><strong>Wie ist die Sojabohnen-Hautentfernungsmaschine aufgebaut?<\/strong><\/h3>    <p>Dieser Sojabohnensch\u00e4ler hat die Funktion, Bohnen zu sch\u00e4len und zu trennen. Es ist multifunktional und sch\u00e4lt und spaltet. Es besteht aus Motor, Ventilator, Verteilerkasten, Einf\u00fclltrichter, verstellbarem Griff, Luftleitung und Auslass. Bei Interesse an der Bohnensch\u00e4lmaschine k\u00f6nnen Sie uns jederzeit kontaktieren.<\/p>    <h3 class=\"wp-block-heading\" id=\"h-\"><strong> <\/strong><\/h3>   <div class=\"wp-block-image\"> <figure class=\"aligncenter size-full\"><img loading=\"lazy\" decoding=\"async\" width=\"720\" height=\"540\" src=\"https:\/\/taizyagromachine.com\/wp-content\/uploads\/2022\/06\/soybean-peeler-construction.jpg\" alt=\"Sojasch\u00e4ler-Konstruktion\" class=\"wp-image-3046\"\/><figcaption class=\"wp-element-caption\">Sojasch\u00e4ler-Konstruktion<\/figcaption><\/figure> <\/div>   <h3 class=\"wp-block-heading\" id=\"h-how-does-bean-peeling-machine-work\"><strong>Wie funktioniert eine Bohnensch\u00e4lmaschine?<\/strong><\/h3>    <p>Beim Arbeiten gelangt das Material durch den Trichter \u00fcber die Windenf\u00f6rdereinrichtung in den Sch\u00e4lbereich zwischen den beiden Schleifscheiben. Und der Zweck des Sch\u00e4lens bzw. Zerkleinerns wird durch die unterschiedliche Rotation der beiden Mahlscheiben erreicht. Nach dem Sch\u00e4len der Sojabohnen wird der Bohnenfruchtteil durch die Trennkammer unter Einwirkung des Windes durch den Auslass abgegeben.<\/p>    <p> Die Haut und das Spurenpulver werden durch den Auslass mit Luft ausgetragen und der Peelingvorgang ist abgeschlossen.<\/p>    <h3 class=\"wp-block-heading\" id=\"h-technical-specifications-of-beans-peeler\"><strong>Technische Daten des Bohnensch\u00e4lers<\/strong><\/h3>    <figure class=\"wp-block-table\"><table><tbody><tr><td>Modell<\/td><td>TZ-10<\/td><\/tr><tr><td>Gewicht<\/td><td>&nbsp;200kg<\/td><\/tr><tr><td>Gr\u00f6\u00dfe<\/td><td>190*140*75cm<\/td><\/tr><tr><td>Kapazit\u00e4t<\/td><td>300-400kg\/h<\/td><\/tr><tr><td>Leistung<\/td><td>5,5 kW + 1,5 kW<\/td><\/tr><\/tbody><\/table><figcaption class=\"wp-element-caption\">Parameter des multifunktionalen Bohnensch\u00e4lers <\/figcaption><\/figure>    <h2 class=\"wp-block-heading\"><strong>Typ 2: Hei\u00dfverkaufte Linsensch\u00e4lmaschine<\/strong><\/h2>    <p>Die Linsensch\u00e4lmaschine ist eine unabh\u00e4ngige Forschung und Entwicklung einer Bohnensch\u00e4lmaschine. Es kann sowohl runde als auch flache Bohnen sch\u00e4len. Mit den Vorteilen eines guten Sch\u00e4leffekts, einer hohen Ausbeute und einer stabilen Leistung handelt es sich um eine multifunktionale Sch\u00e4lmaschine.<\/p>   <div class=\"wp-block-image\"> <figure class=\"aligncenter size-full\"><img loading=\"lazy\" decoding=\"async\" width=\"720\" height=\"540\" src=\"https:\/\/taizyagromachine.com\/wp-content\/uploads\/2022\/06\/lentil-skin-peeling-machine.jpg\" alt=\"Linsenhautsch\u00e4lmaschine\" class=\"wp-image-3069\"\/><figcaption class=\"wp-element-caption\">Linsenhautsch\u00e4lmaschine<\/figcaption><\/figure> <\/div>   <p>Es eignet sich zum Sch\u00e4len verschiedener Bohnen wie Mungobohnen, Kidneybohnen, Linsen, Katzenaugenbohnen, Augenbohnen usw. Diese Maschine verf\u00fcgt \u00fcber zwei Funktionen, wie Sch\u00e4len und Trennen, wodurch die Haut effektiv entfernt und Bohnen desodoriert werden k\u00f6nnen. Daher ist es die ideale Ausr\u00fcstung, um die Qualit\u00e4t von Bohnenprodukten zu steigern, mit hoher Sch\u00e4lleistung, verf\u00fcgbarer Qualit\u00e4t und einfacher Bedienung.<\/p>    <h3 class=\"wp-block-heading\" id=\"h-what-constructs-the-lentil-skin-peeling-machine\"><strong>Woraus besteht die Linsenhautsch\u00e4lmaschine?<\/strong><\/h3>    <p>Im Allgemeinen ist diese Maschine klar aufgebaut. Es besteht aus Trichter, Steuerstange, Staubsammler, Sch\u00e4lraum und Auslass. <\/p>   <div class=\"wp-block-image\"> <figure class=\"aligncenter size-full\"><img loading=\"lazy\" decoding=\"async\" width=\"720\" height=\"540\" src=\"https:\/\/taizyagromachine.com\/wp-content\/uploads\/2022\/06\/structure-of-lentil-peeler.jpg\" alt=\"Struktur des Linsensch\u00e4lers\" class=\"wp-image-3048\"\/><figcaption class=\"wp-element-caption\">Struktur des Linsensch\u00e4lers<\/figcaption><\/figure> <\/div>   <h3 class=\"wp-block-heading\" id=\"h-working-principle-of-industrial-beans-peeler\"><strong>Funktionsprinzip des industriellen Bohnensch\u00e4lers<\/strong><\/h3>    <p>W\u00e4hrend des Betriebs verwendet die Bohnensch\u00e4lmaschine eine sich schnell drehende Diamantklinge, um die Schalenschicht kontinuierlich zu schneiden und zu reiben. Dadurch kann die Bindungsfestigkeit zwischen Haut und Innenschicht zerst\u00f6rt werden, so dass die Hautschicht nach und nach abgeschliffen und abgerieben werden kann. <\/p>    <p>Und die Haut kann effektiver entfernt werden. Durch das eingebaute Saug- und Staubentfernungssystem der Maschine wird die Haut w\u00e4hrend des Sch\u00e4lvorgangs gesammelt, um die Sauberkeit und Hygiene der Verarbeitungswerkstatt zu gew\u00e4hrleisten.<\/p>    <h3 class=\"wp-block-heading\" id=\"h-parameters-of-lentil-peeler\"><strong>Parameter des Linsensch\u00e4lers<\/strong><\/h3>    <figure class=\"wp-block-table\"><table><tbody><tr><td>Modell<\/td><td>S18<\/td><\/tr><tr><td>Leistung<\/td><td>15 kW<\/td><\/tr><tr><td>Kapazit\u00e4t<\/td><td>500kg\/h<\/td><\/tr><tr><td>Gr\u00f6\u00dfe<\/td><td>1800*1200*2150mm<\/td><\/tr><\/tbody><\/table><figcaption class=\"wp-element-caption\">Technische Parameter der Linsensch\u00e4lmaschine<\/figcaption><\/figure>    <h2 class=\"wp-block-heading\"><strong>Typ 3: Kommerzielle Saubohnensch\u00e4lmaschine<\/strong><\/h2>    <p>Diese Saubohnensch\u00e4lmaschine besteht aus Edelstahl. Die Ackerbohnen-Sch\u00e4lmaschine zeichnet sich durch eine kompakte Struktur, einfache Bedienung und sauberes Sch\u00e4len aus. Ackerbohnen m\u00fcssen nicht eingeweicht und nicht getrocknet werden. Schalten Sie die Maschine ein und f\u00fchren Sie dann ein einmaliges Sch\u00e4len durch. Das spart Zeit und M\u00fche, ist praktisch, spart Arbeit und verbessert die Arbeitseffizienz.<\/p>   <div class=\"wp-block-image\"> <figure class=\"aligncenter size-full is-resized\"><img loading=\"lazy\" decoding=\"async\" width=\"720\" height=\"540\" src=\"https:\/\/taizyagromachine.com\/wp-content\/uploads\/2022\/06\/broad-bean-peeling-machine.jpg\" alt=\"Saubohnensch\u00e4lmaschine\" class=\"wp-image-3051\" style=\"width:720px;height:auto\"\/><figcaption class=\"wp-element-caption\">Saubohnensch\u00e4lmaschine<\/figcaption><\/figure> <\/div>   <p>Taizy Machinery hat eine Sch\u00e4lmaschine f\u00fcr die ungleichm\u00e4\u00dfige Form von Saubohnen entwickelt. Diese multifunktionale Bohnensch\u00e4lmaschine eignet sich besser zum Sch\u00e4len von Saubohnen, Oilsa-Bohnen, Limabohnen, Feuerhanfsamen, Pfingstrosensamen und anderen teilweise flachen Bohnen, sodass die Sch\u00e4l- und Entfernungsrate des Produkts h\u00f6her ist.<\/p>    <h3 class=\"wp-block-heading\" id=\"h-composition-of-broad-bean-skin-removing-machine\"><strong>Zusammensetzung der Maschine zum Entfernen der Haut von Saubohnen<\/strong><\/h3>    <p>Die Ackerbohnen-Sch\u00e4lmaschine verf\u00fcgt \u00fcber einen Trichter, eine Sch\u00e4lvorrichtung, einen Auslass und ein Bedienfeld. <\/p>   <div class=\"wp-block-image\"> <figure class=\"aligncenter size-full\"><img loading=\"lazy\" decoding=\"async\" width=\"720\" height=\"540\" src=\"https:\/\/taizyagromachine.com\/wp-content\/uploads\/2022\/06\/broad-bean-skin-remover-structure.jpg\" alt=\"Struktur zum Entfernen der Haut von Saubohnen\" class=\"wp-image-3052\"\/><figcaption class=\"wp-element-caption\">Struktur zum Entfernen der Haut von Saubohnen<\/figcaption><\/figure> <\/div>   <h3 class=\"wp-block-heading\" id=\"h-what-are-parameters-of-fava-beans-peeler\"><strong>Was sind die Parameter des Vicia Fava Bohnensch\u00e4lers?<\/strong><\/h3>    <figure class=\"wp-block-table\"><table><tbody><tr><td>Modell<\/td><td>ZX-CD<\/td><\/tr><tr><td>Gr\u00f6\u00dfe<\/td><td>1000*1150*1400mm<\/td><\/tr><tr><td>Leistung<\/td><td>5 kW<\/td><\/tr><tr><td>Kapazit\u00e4t<\/td><td>200 kg\/h<\/td><\/tr><tr><td>Gewicht<\/td><td>400<\/td><\/tr><\/tbody><\/table><figcaption class=\"wp-element-caption\">Spezifikationen der Saubohnensch\u00e4lmaschine<\/figcaption><\/figure>    <h2 class=\"wp-block-heading\" id=\"h-hightlights-of-bean-peeling-machine\"><strong>Highlights der industriellen Bohnensch\u00e4lmaschine<\/strong><\/h2>    <ul class=\"wp-block-list\"> <li>Mit zwei Funktionen zum Sch\u00e4len und Trennen, hoher Sch\u00e4lrate, verf\u00fcgbarer Qualit\u00e4t und bequemer Bedienung.<\/li>    <li>Es handelt sich um eine kombinierte Bohnensch\u00e4lmaschine mit geringer Leistung, kleiner Fl\u00e4che, hoher Automatisierung und guter Qualit\u00e4t der Endprodukte.<\/li>    <li><strong>Anwendungsbereich<\/strong>: Sojabohnen, Saubohnen, Saubohnen, Langbohnen, Mungobohnen, schwarze Bohnen, Kidneybohnen und andere Arten der Bohnenverarbeitung.<\/li>    <li><strong>Produktausbeute<\/strong>: Es kann je nach Kundenwunsch reguliert werden.<\/li>    <li><strong>Fertigproduktindex<\/strong>: A. Sandgehalt: &lt;0,02%; B. Magnetischer Metallgehalt: &lt;0,003\/kg; C. Feuchtigkeit: Lagertyp &lt;15%; D. Aussehen und Geschmack: gute Farbe, guter Sch\u00e4leffekt, heller und glatter Bohnenkern, sehr positiver Bohnengeschmack.<\/li> <\/ul>   <div class=\"wp-block-image\"> <figure class=\"aligncenter size-full\"><img loading=\"lazy\" decoding=\"async\" width=\"720\" height=\"540\" src=\"https:\/\/taizyagromachine.com\/wp-content\/uploads\/2022\/06\/wide-applications-of-bean-peeling-machine.jpg\" alt=\"breite Anwendungen der Bohnensch\u00e4lmaschine\" class=\"wp-image-3084\"\/><figcaption class=\"wp-element-caption\">breite Anwendungen der Bohnensch\u00e4lmaschine<\/figcaption><\/figure> <\/div>   <h2 class=\"wp-block-heading\"><strong>Taizy: Professioneller Hersteller und Lieferant von Bohnensch\u00e4l- und -spaltmaschinen<\/strong><\/h2>    <p class=\"translation-block\">Als umfassender Hersteller und Lieferant von Landmaschinen verf\u00fcgen wir \u00fcber viele Landmaschinen wie Silageballenpressen, <a href=\"https:\/\/taizyagromachine.com\/de\/product\/maize-grits-milling-machine\/\">Maiskornm\u00fchle<\/a>, Dreschmaschinen f\u00fcr Reis und Weizen usw. Die folgenden Vorteile sind absolut attraktiv f\u00fcr Sie:<\/p>    <ul class=\"wp-block-list\"> <li><strong>Wettbewerbsf\u00e4higer Maschinenpreis<\/strong>: Da wir sowohl Hersteller als auch Lieferant sind, k\u00f6nnen wir die Qualit\u00e4t der Maschine garantieren, w\u00e4hrend der Preis wettbewerbsf\u00e4higer ist als die Preise anderer Lieferanten.<\/li>    <li><strong>Anpassung<\/strong>: F\u00fcr Ihre unterschiedlichen Anforderungen bieten wir personalisierte Anpassungsdienste an, um die Maschine an Ihre spezifischen Bed\u00fcrfnisse anzupassen. <\/li>    <li><strong>Kundendienst<\/strong>: Ein starkes Kundendienstteam steht Ihnen rund um die Uhr zur Verf\u00fcgung, um Ihnen Service aus einer Hand wie Installation und Inbetriebnahme, Betriebsschulung, Wartung usw. zu bieten.<\/li> <\/ul>    <h2 class=\"wp-block-heading\"><strong>Starten Sie jetzt Ihr Bohnenverarbeitungsgesch\u00e4ft!<\/strong><\/h2>    <p class=\"translation-block\">Wenn Sie jetzt Ihr Gesch\u00e4ft mit dem Sch\u00e4len von <a href=\"https:\/\/en.wikipedia.org\/wiki\/Bean\" target=\"_blank\" rel=\"noopener\">Bohnen<\/a> starten m\u00f6chten, kontaktieren Sie uns sofort! <\/p>    <p>Teilen Sie Ihre spezifischen Anforderungen mit, z. B. den erforderlichen Ger\u00e4tetyp, die Kapazit\u00e4tsanforderungen, die erwartete Konfiguration und andere spezielle Anforderungen sowie andere Informationen. Unser Vertriebsteam wird schnell auf Ihre Anfrage reagieren und Ihnen ein genaues und detailliertes Angebot unterbreiten. Wir freuen uns darauf, gemeinsam mit Ihnen eine Win-Win-Situation zu schaffen.<\/p>","protected":false},"excerpt":{"rendered":"<p>Die Bohnensch\u00e4lmaschine hat die Funktion, verschiedene Bohnen wie Sojabohnen, Linsen, Schwarzaugenerbsen, Erbsen, Saubohnen usw. zu sch\u00e4len und zu spalten. Wir pr\u00e4sentieren Informationen zu drei Arten von Sojabohnensch\u00e4lmaschinen, einschlie\u00dflich Parametern und den Vorteilen unseres Unternehmens, um Ihnen zu helfen Beginnen Sie besser mit dem Sch\u00e4len von Sojabohnen.<\/p>","protected":false},"author":1,"featured_media":3043,"parent":0,"template":"","tags":[185,181,177,178,184,182,179,180],"product-type":[22],"class_list":["post-3038","product","type-product","status-publish","has-post-thumbnail","hentry","tag-bean-peeler","tag-bean-peeling-equipment","tag-bean-peeling-machine","tag-beans","tag-broad-bean-peeling-machine","tag-lentil-peeling-machine","tag-soybean-peeling-machine","tag-soybean-skin-removing-machine","product-type-others"],"_links":{"self":[{"href":"https:\/\/taizyagromachine.com\/de\/wp-json\/wp\/v2\/product\/3038","targetHints":{"allow":["GET"]}}],"collection":[{"href":"https:\/\/taizyagromachine.com\/de\/wp-json\/wp\/v2\/product"}],"about":[{"href":"https:\/\/taizyagromachine.com\/de\/wp-json\/wp\/v2\/types\/product"}],"author":[{"embeddable":true,"href":"https:\/\/taizyagromachine.com\/de\/wp-json\/wp\/v2\/users\/1"}],"wp:featuredmedia":[{"embeddable":true,"href":"https:\/\/taizyagromachine.com\/de\/wp-json\/wp\/v2\/media\/3043"}],"wp:attachment":[{"href":"https:\/\/taizyagromachine.com\/de\/wp-json\/wp\/v2\/media?parent=3038"}],"wp:term":[{"taxonomy":"post_tag","embeddable":true,"href":"https:\/\/taizyagromachine.com\/de\/wp-json\/wp\/v2\/tags?post=3038"},{"taxonomy":"product-type","embeddable":true,"href":"https:\/\/taizyagromachine.com\/de\/wp-json\/wp\/v2\/product-type?post=3038"}],"curies":[{"name":"wp","href":"https:\/\/api.w.org\/{rel}","templated":true}]}}