{"id":3216,"date":"2022-06-24T07:39:12","date_gmt":"2022-06-24T07:39:12","guid":{"rendered":"https:\/\/taizyagromachine.com\/?post_type=product&#038;p=3216"},"modified":"2025-01-02T13:51:50","modified_gmt":"2025-01-02T05:51:50","slug":"disk-mill-machine","status":"publish","type":"product","link":"https:\/\/taizyagromachine.com\/de\/product\/disk-mill-machine\/","title":{"rendered":"Scheibenm\u00fchlenmaschine | Maism\u00fchle | Maisfr\u00e4smaschine"},"content":{"rendered":"<p class=\"translation-block\">Diese Serie von Hammerm\u00fchlen dient zum Mahlen und Zerkleinern verschiedener trockener Materialien zu Pulver f\u00fcr verschiedene Verwendungszwecke. Diese <a href=\"https:\/\/cornmachines.com\/disk-mill-machine\/\" target=\"_blank\" rel=\"noreferrer noopener\">Maism\u00fchle<\/a> kann mit einem Dieselmotor, Elektromotor und Benzinmotor betrieben werden. Im Inneren des Zerkleinerers befindet sich ein rotierender Mahlbeh\u00e4lter vom Tischtyp. Die Hammerm\u00fchle ist mit langen und kurzen Flachz\u00e4hnen ausgestattet. Die Feinheit der zerkleinerten Materialien erreicht St\u00e4rke. <\/p>    <p>Au\u00dferdem kann die Scheibenm\u00fchle zwei Einl\u00e4sse haben. Wenn Sie diese Art von Maismahlmaschine verwenden, k\u00f6nnen Sie diejenige ausw\u00e4hlen, die Ihnen am besten gef\u00e4llt. Dar\u00fcber hinaus kann die Maismahlmaschine mit einem Zyklon, einer Staubsammelvorrichtung, ausgestattet werden. Es ist gut f\u00fcr die Nutzer, ihre Gesundheit zu sch\u00fctzen. Unsere Maschinen zeichnen sich durch gute Qualit\u00e4t, stabile Leistung und Wirtschaftlichkeit aus. Aufgrund seiner hohen Praktikabilit\u00e4t erfreut es sich im In- und Ausland gro\u00dfer Beliebtheit.<\/p>    <h2 class=\"wp-block-heading\" id=\"h-why-use-the-disk-mill\"><strong>Warum die Scheibenm\u00fchle verwenden?<\/strong><\/h2>    <p>Mais ist die am h\u00e4ufigsten angebaute Kulturpflanze der Welt. Es gibt also viele Bereiche, in denen es H\u00fchneraugen gibt. Und Mais ist auch sehr vielseitig. Mit dieser Scheibenm\u00fchle werden verschiedene Getreidearten oder Gew\u00fcrze gemahlen und das resultierende Pulver ist bereit f\u00fcr den n\u00e4chsten Schritt. Bei Mais beispielsweise kann das gemahlene Maispulver sowohl als Vorauswahlmaterial f\u00fcr den n\u00e4chsten F\u00fctterungsschritt als auch als Grundnahrungsmittel f\u00fcr den Menschen verwendet werden. Da der Mais selbst vor dem Mahlen ein relativ gro\u00dfes Partikel ist, kann er nicht direkt verwendet werden. Nach dem Mahlen kann Speisest\u00e4rke f\u00fcr verschiedene Zwecke verwendet werden.<\/p>    <figure class=\"wp-block-gallery aligncenter has-nested-images columns-default is-cropped wp-block-gallery-2 is-layout-flex wp-block-gallery-is-layout-flex\"> <figure class=\"wp-block-image size-large\"><img loading=\"lazy\" decoding=\"async\" width=\"720\" height=\"540\" data-id=\"3256\" src=\"https:\/\/taizyagromachine.com\/wp-content\/uploads\/2022\/06\/corn-grinder-machine-with-double-inlets.jpg\" alt=\"Maism\u00fchle-mit-doppelten-Einl\u00e4ssen\" class=\"wp-image-3256\"\/><figcaption class=\"wp-element-caption\">Maism\u00fchle mit Doppeleinl\u00e4ssen<\/figcaption><\/figure>    <figure class=\"wp-block-image size-large\"><img loading=\"lazy\" decoding=\"async\" width=\"720\" height=\"540\" data-id=\"3255\" src=\"https:\/\/taizyagromachine.com\/wp-content\/uploads\/2022\/06\/corn-milling-machine.jpg\" alt=\"Maism\u00fchle\" class=\"wp-image-3255\"\/><figcaption class=\"wp-element-caption\">Maisfr\u00e4smaschine<\/figcaption><\/figure> <\/figure>    <h2 class=\"wp-block-heading\"><strong>Wer interessiert sich f\u00fcr diese Scheibenm\u00fchle?<\/strong><\/h2>    <p>Diese Scheibenm\u00fchle ist haupts\u00e4chlich f\u00fcr mittelgro\u00dfe Chemiefabriken, Pharmafabriken, Mononatriumglutamatfabriken, Futtermittelfabriken, Gipspulverfabriken, Calciummetallfabriken, Papierfabriken, Sojabohnenfabriken, Fischgr\u00e4tenpulverfabriken und andere Branchen geeignet. <\/p>    <p>Dieses Produkt bietet die Vorteile einer hohen Leistung, weniger Strom, reibungslosem Arbeiten, einfachem Be- und Entladen usw. Dieses Produkt kann auch mit einer selbstansaugenden Vorrichtung, einem Ventilator und einem Entlader ausgestattet werden, was die Arbeitsintensit\u00e4t des Bedieners erheblich reduziert . Auch die beiden Einl\u00e4sse sind vorhanden. <\/p>    <h2 class=\"wp-block-heading\"><strong>Welche Materialien k\u00f6nnen gefr\u00e4st werden?<\/strong><\/h2>    <p>Der Brecher ist f\u00fcr trockene und besondere Materialien geeignet. Es eignet sich zum Mahlen von Mais, Sojabohnen, Sorghum, getrockneten Erdn\u00fcssen, Bohnenkuchen und anderem Getreide. <\/p>    <p class=\"translation-block\">Diese Art von Hammerm\u00fchle wird auch f\u00fcr Pfeffer, Gew\u00fcrze usw. verwendet. Wenn Sie Zweifel haben, kontaktieren Sie uns gerne <a href=\"https:\/\/taizyagromachine.com\/de\/contact\/\" target=\"_blank\" rel=\"noreferrer noopener\">hier<\/a> f\u00fcr weitere Klassifizierungen!<\/p>    <h2 class=\"wp-block-heading\"><strong>Zusammensetzung der Maism\u00fchle<\/strong><\/h2>    <p>Tats\u00e4chlich hat die Scheibenm\u00fchle einen sehr einfachen Aufbau. Anhand des internen Aufbaus ist es leicht zu verstehen. Es verf\u00fcgt \u00fcber Einlass, Auslass, Arbeitskammer und Unterst\u00fctzungsleistung. Es ist also sehr einfach. Am Beispiel der Maschine mit Zyklon ist der Aufbau unten dargestellt. Sie k\u00f6nnen aus den verschiedenen Arten diejenige ausw\u00e4hlen, die Ihnen gef\u00e4llt.<\/p>   <div class=\"wp-block-image\"> <figure class=\"aligncenter size-full\"><img loading=\"lazy\" decoding=\"async\" width=\"720\" height=\"540\" src=\"https:\/\/taizyagromachine.com\/wp-content\/uploads\/2022\/06\/disk-mill-machine-structure.jpg\" alt=\"Struktur der Scheibenm\u00fchlenmaschine\" class=\"wp-image-3253\"\/><figcaption class=\"wp-element-caption\">Struktur der Scheibenm\u00fchlenmaschine<\/figcaption><\/figure> <\/div>   <h2 class=\"wp-block-heading\"><strong>Funktionsprinzip der Scheibenm\u00fchle<\/strong><\/h2>    <p>Es handelt sich um einen multifunktionalen Pulverisierer. Seine innere Struktur besteht aus Z\u00e4hnen, Raupen und Sieben. Die Zahnraupe kann das Rohmaterial zu Pulver zerkleinern und das Sieb bestimmt die Feinheit des Pulvers. <\/p>    <p>Der Bildschirm hat 0,2 mm bis 8 mm. Im Allgemeinen wird diese Art von Scheibenm\u00fchle empfohlen, wenn Sie einige Materialien auf 1 mm mahlen m\u00f6chten.<\/p>    <figure class=\"wp-block-gallery aligncenter has-nested-images columns-default is-cropped wp-block-gallery-3 is-layout-flex wp-block-gallery-is-layout-flex\"> <figure class=\"wp-block-image size-large\"><img loading=\"lazy\" decoding=\"async\" width=\"720\" height=\"540\" data-id=\"3254\" src=\"https:\/\/taizyagromachine.com\/wp-content\/uploads\/2022\/06\/internal-structure-tooth-claw.jpg\" alt=\"innere Struktur-Zahnklaue\" class=\"wp-image-3254\"\/><figcaption class=\"wp-element-caption\">innere Struktur-Zahnklaue<\/figcaption><\/figure>    <figure class=\"wp-block-image size-large\"><img loading=\"lazy\" decoding=\"async\" width=\"720\" height=\"540\" data-id=\"3252\" src=\"https:\/\/taizyagromachine.com\/wp-content\/uploads\/2022\/06\/disk-mill-machine-screens.jpg\" alt=\"Siebe f\u00fcr Scheibenm\u00fchlenmaschinen\" class=\"wp-image-3252\"\/><figcaption class=\"wp-element-caption\">Siebe f\u00fcr Scheibenm\u00fchlenmaschinen<\/figcaption><\/figure> <\/figure>    <h2 class=\"wp-block-heading\"><strong>Spotlights der Maism\u00fchle<\/strong><\/h2>    <ol class=\"wp-block-list\"> <li>Kompakte Struktur, sch\u00f6nes Aussehen, geringe Gr\u00f6\u00dfe, geringes Gewicht, zuverl\u00e4ssige Verwendung, einfache Wartung.<\/li>    <li>Ein breites Anwendungsspektrum, eine hohe Zerkleinerungsleistung und eine gute Energieeinsparung k\u00f6nnen die Bed\u00fcrfnisse der Kunden gut erf\u00fcllen.<\/li>    <li>Zerkleinerung verschiedener chemischer Materialien, Papiermasse, Verarbeitung von Kr\u00e4utermedizin, Gipspulver, Pfeffer und Gew\u00fcrzen.<\/li>    <li>Installieren Sie den Staubsammler, das staubabsorbierende Ger\u00e4t, keine Staubverschmutzung, geringe Ger\u00e4uschentwicklung.<\/li>    <li>Eine Vielzahl von Typen, es gibt mehr Typen zur Auswahl, es ist immer etwas Passendes f\u00fcr Sie dabei.<\/li>    <li>Die Maschinenstruktur ist rational, langlebig, sicher und zuverl\u00e4ssig, einfach zu installieren, bequem zu bedienen und weist einen geringen Antivibrationseffekt auf.<\/li> <\/ol>    <h2 class=\"wp-block-heading\"><strong>Parameter der Maism\u00fchle<\/strong><\/h2>    <p>Anhand der folgenden Informationen l\u00e4sst sich leicht erkennen, dass es Maschinen mit variabler Scheibenm\u00fchle gibt. Verschiedene Typen haben unterschiedliche Konfigurationen und Kapazit\u00e4ten sowie unterschiedliche Preise. Wenn Sie diese Art von Schleifmaschine kaufen m\u00f6chten, k\u00f6nnen Sie uns Ihre Anforderungen, Maschinenkonfiguration, Maschinenkapazit\u00e4t usw. mitteilen. Anschlie\u00dfend wird Ihnen unser Vertriebsleiter die beste L\u00f6sung zur Erleichterung Ihres Gesch\u00e4fts anbieten. <\/p>   <div class=\"wp-block-image\"> <figure class=\"aligncenter size-large\"><img loading=\"lazy\" decoding=\"async\" width=\"720\" height=\"540\" src=\"https:\/\/taizyagromachine.com\/wp-content\/uploads\/2022\/06\/disk-mill-parameters-1.jpg\" alt=\"\" class=\"wp-image-3228\"\/><\/figure> <\/div>  <div class=\"wp-block-image\"> <figure class=\"aligncenter size-full\"><img loading=\"lazy\" decoding=\"async\" width=\"720\" height=\"540\" src=\"https:\/\/taizyagromachine.com\/wp-content\/uploads\/2022\/06\/disk-mill-parameters-2.jpg\" alt=\"\" class=\"wp-image-3225\"\/><\/figure> <\/div>  <div class=\"wp-block-image\"> <figure class=\"aligncenter size-full\"><img loading=\"lazy\" decoding=\"async\" width=\"720\" height=\"540\" src=\"https:\/\/taizyagromachine.com\/wp-content\/uploads\/2022\/06\/disk-mill-parameters-3.jpg\" alt=\"\" class=\"wp-image-3226\"\/><\/figure> <\/div>  <div class=\"wp-block-image\"> <figure class=\"aligncenter size-large\"><img loading=\"lazy\" decoding=\"async\" width=\"720\" height=\"540\" src=\"https:\/\/taizyagromachine.com\/wp-content\/uploads\/2022\/06\/disk-mill-parameters-4.jpg\" alt=\"\" class=\"wp-image-3224\"\/><\/figure> <\/div>  <div class=\"wp-block-image\"> <figure class=\"aligncenter size-large\"><img loading=\"lazy\" decoding=\"async\" width=\"720\" height=\"540\" src=\"https:\/\/taizyagromachine.com\/wp-content\/uploads\/2022\/06\/disk-mill-parameters-5.jpg\" alt=\"\" class=\"wp-image-3223\"\/><\/figure> <\/div>  <div class=\"wp-block-image\"> <figure class=\"aligncenter size-full\"><img loading=\"lazy\" decoding=\"async\" width=\"720\" height=\"200\" src=\"https:\/\/taizyagromachine.com\/wp-content\/uploads\/2022\/06\/disk-mill-parameters-6.jpg\" alt=\"Scheibenm\u00fchlenparameter-6\" class=\"wp-image-3227\"\/><figcaption class=\"wp-element-caption\">Parameter der Maism\u00fchle<\/figcaption><\/figure> <\/div>   <h2 class=\"wp-block-heading\" id=\"h-how-does-the-disk-mill-machine-grind-corns\"><strong>Wie mahlt die Scheibenm\u00fchle Mais?<\/strong><\/h2>    <figure class=\"wp-block-embed aligncenter is-type-video is-provider-youtube wp-block-embed-youtube wp-embed-aspect-16-9 wp-has-aspect-ratio\"><div class=\"wp-block-embed__wrapper\"> <iframe loading=\"lazy\" title=\"Kommerzielle Maism\u00fchlenmaschine | Scheibenm\u00fchlenmaschine | Maiszerkleinerungsmaschine | Maism\u00fchle #mahlen\" width=\"500\" height=\"281\" src=\"https:\/\/www.youtube.com\/embed\/GRTjkVrY2m8?feature=oembed\" frameborder=\"0\" allow=\"accelerometer; autoplay; clipboard-write; encrypted-media; gyroscope; picture-in-picture; web-share\" referrerpolicy=\"strict-origin-when-cross-origin\" allowfullscreen><\/iframe> <\/div><\/figure>    <h2 class=\"wp-block-heading\"><strong>FAQ<\/strong><\/h2>    <div class=\"schema-faq wp-block-yoast-faq-block\"><div class=\"schema-faq-section\" id=\"faq-question-1656063952280\"><strong class=\"schema-faq-question\">F: Wie w\u00e4re es mit der Kapazit\u00e4t dieser Scheibenm\u00fchle?<\/strong> <p class=\"schema-faq-answer\">A: Die Kapazit\u00e4t reicht von 50\u20132000 kg\/h. Wenn Sie interessiert sind, kontaktieren Sie uns bitte f\u00fcr weitere Details.<\/p> <\/div> <div class=\"schema-faq-section\" id=\"faq-question-1656063971666\"><strong class=\"schema-faq-question\">F: Welche Materialien k\u00f6nnen gefr\u00e4st werden?<\/strong> <p class=\"schema-faq-answer\">A: Getreide, Mais, Pfeffer, Gew\u00fcrze usw. Alle trockenen und besonderen Materialien sind anwendbar.<\/p> <\/div> <div class=\"schema-faq-section\" id=\"faq-question-1656063982772\"><strong class=\"schema-faq-question\">F: Wie viel Feinheit kann ich erreichen?<\/strong> <p class=\"schema-faq-answer\">A: Im Allgemeinen haben wir Bildschirme mit einer St\u00e4rke von 0,2 mm bis 8 mm. Wenn Sie andere w\u00fcnschen, z. B. 1 cm, k\u00f6nnen wir Sie nat\u00fcrlich auch zufriedenstellen. Es h\u00e4ngt von Ihnen ab.<\/p> <\/div> <\/div>","protected":false},"excerpt":{"rendered":"<p>This series of disk mill machines function to grind and mill various dry materials into powder for the purpose of various usages. This corn grinder can use a diesel engine, electric motor, and gasoline engine. The inside of the crusher is a rotary table-type crushing bin. The disk mill machine is equipped with long and [&hellip;]<\/p>\n","protected":false},"author":1,"featured_media":3250,"parent":0,"template":"","tags":[134,130,132,133,131,187,129,186],"product-type":[17],"class_list":["post-3216","product","type-product","status-publish","has-post-thumbnail","hentry","tag-corn-crusher","tag-corn-grinder","tag-corn-grinder-machine","tag-corn-grinding-machine","tag-corn-milling-machine","tag-disk-mill","tag-disk-mill-machine","tag-grinding-machine","product-type-corn-machine"],"_links":{"self":[{"href":"https:\/\/taizyagromachine.com\/de\/wp-json\/wp\/v2\/product\/3216","targetHints":{"allow":["GET"]}}],"collection":[{"href":"https:\/\/taizyagromachine.com\/de\/wp-json\/wp\/v2\/product"}],"about":[{"href":"https:\/\/taizyagromachine.com\/de\/wp-json\/wp\/v2\/types\/product"}],"author":[{"embeddable":true,"href":"https:\/\/taizyagromachine.com\/de\/wp-json\/wp\/v2\/users\/1"}],"wp:featuredmedia":[{"embeddable":true,"href":"https:\/\/taizyagromachine.com\/de\/wp-json\/wp\/v2\/media\/3250"}],"wp:attachment":[{"href":"https:\/\/taizyagromachine.com\/de\/wp-json\/wp\/v2\/media?parent=3216"}],"wp:term":[{"taxonomy":"post_tag","embeddable":true,"href":"https:\/\/taizyagromachine.com\/de\/wp-json\/wp\/v2\/tags?post=3216"},{"taxonomy":"product-type","embeddable":true,"href":"https:\/\/taizyagromachine.com\/de\/wp-json\/wp\/v2\/product-type?post=3216"}],"curies":[{"name":"wp","href":"https:\/\/api.w.org\/{rel}","templated":true}]}}