{"id":3340,"date":"2022-09-13T03:47:17","date_gmt":"2022-09-13T03:47:17","guid":{"rendered":"https:\/\/taizyagromachine.com\/?post_type=product&#038;p=3340"},"modified":"2025-04-10T17:46:16","modified_gmt":"2025-04-10T09:46:16","slug":"9fq-hammer-mill-grinder","status":"publish","type":"product","link":"https:\/\/taizyagromachine.com\/de\/product\/9fq-hammer-mill-grinder\/","title":{"rendered":"9FQ Hammerm\u00fchle f\u00fcr Mais, Mais, Getreide, Futterzerkleinerung"},"content":{"rendered":"<p class=\"translation-block\">Diese <strong>Hammerm\u00fchle<\/strong> ist ein multifunktionaler Zerkleinerer f\u00fcr Trockenmaterialien wie Mais, Sojabohnen, Erdnusspflanzen, trockenes Stroh usw. Die Maschinenleistung reicht von 100 kg pro Stunde bis 3 Tonnen pro Stunde, mit einer gro\u00dfen Bandbreite an Kapazit\u00e4t und Anpassungsf\u00e4higkeit. <\/p>    <p>Dar\u00fcber hinaus kann dieser Hammerm\u00fchlen-Pulverisierer 9FQ sowohl die Leistung eines Elektromotors als auch eines Dieselmotors nutzen. Wenn Sie also Interesse an dieser Maschine haben, nehmen Sie gerne Kontakt mit uns auf!<\/p>    <figure class=\"wp-block-embed is-type-video is-provider-youtube wp-block-embed-youtube wp-embed-aspect-16-9 wp-has-aspect-ratio\"><div class=\"wp-block-embed__wrapper\"> <iframe loading=\"lazy\" title=\"9FQ Hammerm\u00fchlenmaschine | Maismahl-\/Fr\u00e4smaschine | Maisk\u00f6rnerbrechmaschine #grinder\" width=\"500\" height=\"281\" src=\"https:\/\/www.youtube.com\/embed\/dN4giu5-BQk?feature=oembed\" frameborder=\"0\" allow=\"accelerometer; autoplay; clipboard-write; encrypted-media; gyroscope; picture-in-picture; web-share\" referrerpolicy=\"strict-origin-when-cross-origin\" allowfullscreen><\/iframe> <\/div><figcaption class=\"wp-element-caption\">Video zum Betrieb einer Hammerm\u00fchle<\/figcaption><\/figure>    <h2 class=\"wp-block-heading\" id=\"h-hot-sale-9fq-hammer-mill-grinder\"><strong>Hei\u00dfer Verkauf 9FQ Hammerm\u00fchle<\/strong><\/h2>    <p>Die zum Verkauf stehende Taizy-Hammerm\u00fchle umfasst verschiedene Typen und variiert in der Aussto\u00dfgr\u00f6\u00dfe. Detaillierte Modelle sind unten als Referenz aufgef\u00fchrt: <\/p>    <div class=\"wp-block-media-text alignwide is-stacked-on-mobile\"><figure class=\"wp-block-media-text__media\"><img loading=\"lazy\" decoding=\"async\" width=\"720\" height=\"540\" src=\"https:\/\/taizyagromachine.com\/wp-content\/uploads\/2022\/09\/hammer-mill-for-sale-9FQ-320.webp\" alt=\"Hammerm\u00fchle zu verkaufen-9FQ-320\" class=\"wp-image-3347 size-full\"\/><\/figure><div class=\"wp-block-media-text__content\"> <p class=\"translation-block\"><strong>Hammerm\u00fchle zu verkaufen-9FQ-320<\/strong><\/p>    <p>Diese Art von Maism\u00fchle hat eine Kapazit\u00e4t von 100 kg pro Stunde und ist sowohl mit Elektromotor als auch mit Dieselmotor erh\u00e4ltlich. <\/p>    <p>Wenn Sie dieses Modell w\u00fcnschen, m\u00fcssen Sie es in gro\u00dfen Mengen bestellen, da wir dieses Modell nur in gro\u00dfen Mengen produzieren.<\/p> <\/div><\/div>    <div class=\"wp-block-media-text alignwide has-media-on-the-right is-stacked-on-mobile\"><div class=\"wp-block-media-text__content\"> <p class=\"translation-block\"><strong>Hammerm\u00fchlmaschine-9FQ-360<\/strong><\/p>    <p>Die Maismehlm\u00fchle 9FQ-360 erfreut sich auf dem internationalen Markt gro\u00dfer Beliebtheit und kann Mais, Stroh und anderes zu feinem Pulver zerkleinern, das als Mahlzeit oder Tierfutter dient. Die Kapazit\u00e4t betr\u00e4gt 150 kg pro Stunde.<\/p> <\/div><figure class=\"wp-block-media-text__media\"><img loading=\"lazy\" decoding=\"async\" width=\"750\" height=\"750\" src=\"https:\/\/taizyagromachine.com\/wp-content\/uploads\/2022\/09\/hammer-mill-machine.webp\" alt=\"Hammerm\u00fchlenmaschine\" class=\"wp-image-3349 size-full\"\/><\/figure><\/div>    <div class=\"wp-block-media-text alignwide is-stacked-on-mobile\"><figure class=\"wp-block-media-text__media\"><img loading=\"lazy\" decoding=\"async\" width=\"720\" height=\"540\" src=\"https:\/\/taizyagromachine.com\/wp-content\/uploads\/2022\/09\/commercial-hammer-mill-crusher.webp\" alt=\"kommerzieller Hammerm\u00fchlenbrecher\" class=\"wp-image-3352 size-full\"\/><\/figure><div class=\"wp-block-media-text__content\"> <p class=\"translation-block\"><strong>Kommerzielle Hammerm\u00fchl-Zerkleinerer-9FQ-420<\/strong><\/p>    <p>Die Hammerm\u00fchle verf\u00fcgt \u00fcber den 1800 mm hohen Zyklon, nat\u00fcrlich ist auch der Dieselmotor einsetzbar. Die Kapazit\u00e4t betr\u00e4gt 400 kg pro Stunde zum Zerkleinern von Mais und 200 kg\/h zum Mahlen zu Pulver.<\/p> <\/div><\/div>    <div class=\"wp-block-media-text alignwide has-media-on-the-right is-stacked-on-mobile\"><div class=\"wp-block-media-text__content\"> <p class=\"translation-block\"><strong>Hammerm\u00fchl-Zerkleinerer-9FQ-500<\/strong><\/p>    <p>Im Allgemeinen wird bei dieser Art von Getreidehammerm\u00fchlen immer der Dieselmotor verwendet, da die Leistung 500 kg\/h betr\u00e4gt. Au\u00dferdem werden auch der Rahmen und die Reifen genutzt. Daher ist es im afrikanischen Raum sehr beliebt.<\/p> <\/div><figure class=\"wp-block-media-text__media\"><img loading=\"lazy\" decoding=\"async\" width=\"720\" height=\"540\" src=\"https:\/\/taizyagromachine.com\/wp-content\/uploads\/2022\/09\/Hammer-mill-crusher.webp\" alt=\"Hammerm\u00fchlenbrecher\" class=\"wp-image-3354 size-full\"\/><\/figure><\/div>    <div class=\"wp-block-media-text alignwide is-stacked-on-mobile\"><figure class=\"wp-block-media-text__media\"><img loading=\"lazy\" decoding=\"async\" width=\"720\" height=\"540\" src=\"https:\/\/taizyagromachine.com\/wp-content\/uploads\/2022\/09\/hammer-mill-feed-grinder.webp\" alt=\"Hammerm\u00fchle-Futterm\u00fchle\" class=\"wp-image-3356 size-full\"\/><\/figure><div class=\"wp-block-media-text__content\"> <p class=\"translation-block\"><strong>Hammerm\u00fchle Futterm\u00fchle-9FQ-600<\/strong><\/p>    <p>Bei der Auswahl dieser Art von Industrie-Hammerm\u00fchle k\u00f6nnen Sie zwischen einem Dieselmotor und einem Elektromotor w\u00e4hlen. Dar\u00fcber hinaus sind Rahmen und Reifen optional. Die Leistung betr\u00e4gt 1000 kg\/h.<\/p> <\/div><\/div>    <div class=\"wp-block-media-text alignwide has-media-on-the-right is-stacked-on-mobile\"><div class=\"wp-block-media-text__content\"> <p class=\"translation-block\"><strong><a href=\"https:\/\/taizyagromachine.com\/de\/product\/disk-mill-machine\/?swcfpc=1\" target=\"_blank\" rel=\"noreferrer noopener\">Maism\u00fchle<\/a>-9FQ-750<\/strong><\/p>    <p>Auf dem Bild k\u00f6nnen wir sehen, dass diese kommerzielle Maism\u00fchle einen Dieselmotorsatz verwenden kann. Die Kapazit\u00e4t betr\u00e4gt 1500 kg\/h.<\/p> <\/div><figure class=\"wp-block-media-text__media\"><img loading=\"lazy\" decoding=\"async\" width=\"720\" height=\"540\" src=\"https:\/\/taizyagromachine.com\/wp-content\/uploads\/2022\/09\/corn-grinder.webp\" alt=\"Maism\u00fchle\" class=\"wp-image-3358 size-full\"\/><\/figure><\/div>    <div class=\"wp-block-media-text alignwide is-stacked-on-mobile\"><figure class=\"wp-block-media-text__media\"><img loading=\"lazy\" decoding=\"async\" width=\"720\" height=\"540\" src=\"https:\/\/taizyagromachine.com\/wp-content\/uploads\/2023\/12\/image.webp\" alt=\"Hammerm\u00fchlen-Pulverisierer\" class=\"wp-image-6305 size-full\"\/><\/figure><div class=\"wp-block-media-text__content\"> <p class=\"translation-block\"><strong>Hammerm\u00fchle Pulverisierer-9FQ-1000<\/strong><\/p>    <p>Die Maishammerm\u00fchle 9FQ-1000 hat eine gro\u00dfe Leistung von 3000 kg pro Stunde. Es kann Ihre Massenproduktion erf\u00fcllen.<\/p> <\/div><\/div>    <h2 class=\"wp-block-heading\"><strong>Technische Parameter des multifunktionalen Hammerm\u00fchlenbrechers<\/strong><\/h2>    <figure class=\"wp-block-table\"><table><tbody><tr><td>Modell<\/td><td>Leistung (kW)<\/td><td>Leistung (HP)<\/td><td>Gewicht (kg)<\/td><td>Kapazit\u00e4t (kg\/h)<\/td><td>Hammer<\/td><td>Durchmesser des Siebs<\/td><td>Packungsgr\u00f6\u00dfe (mm)<\/td><td>&nbsp;Einbaugr\u00f6\u00dfe (mm) mit Zyklon und Motor&nbsp;<\/td><\/tr><tr><\/tr><tr><td>9FQ-320<\/td><td>2.2<\/td><td>5<\/td><td>50<\/td><td>100<\/td><td>16 St\u00fcck<\/td><td>0,5-5mm<\/td><td>500*300*600<\/td><td>500*300*600<\/td><\/tr><tr><td>9FQ-360<\/td><td>5.5<\/td><td>8<\/td><td>120<\/td><td>150<\/td><td>24 St\u00fcck<\/td><td>0,5-5mm<\/td><td>1100*600*1200<\/td><td>1500*1000*1900<\/td><\/tr><tr><td>9FQ-420<\/td><td>11<\/td><td>15<\/td><td>200<\/td><td>300<\/td><td>24 St\u00fcck<\/td><td>1,2\u20133 mm<\/td><td>1200*800*1900<\/td><td>1500*1000*1900<\/td><\/tr><tr><td>9FQ-500<\/td><td>11<\/td><td>20<\/td><td>300<\/td><td>500<\/td><td>24 St\u00fcck<\/td><td>1,2\u20133 mm<\/td><td>1200*800*1300<\/td><td>1500*1000*1900<\/td><\/tr><tr><td>9FQ-600<\/td><td>18.5-22<\/td><td>30<\/td><td>500<\/td><td>1000<\/td><td>32 St\u00fcck<\/td><td>1,2\u20133 mm<\/td><td>1500*900*1500<\/td><td>2000*1100*2300<\/td><\/tr><tr><td>9FQ-750<\/td><td>22-30<\/td><td>35<\/td><td>850<\/td><td>1500<\/td><td>32 St\u00fcck<\/td><td>1,2\u20133 mm<\/td><td>1500*1000*1600<\/td><td>2000*1200*2300<\/td><\/tr><tr><td>9FQ-800<\/td><td>37<\/td><td>45<\/td><td>1000<\/td><td>2000<\/td><td>40 St\u00fcck<\/td><td>1,2\u20135 mm<\/td><td>1500*1200*1600<\/td><td>2000*1300*2300<\/td><\/tr><tr><td>9FQ-1000<\/td><td>45-55<\/td><td>75<\/td><td>1200<\/td><td>3000<\/td><td>64 St\u00fcck<\/td><td>1,2\u20135 mm<\/td><td>1500*1300*1800<\/td><td>2000*1400*2300<\/td><\/tr><\/tbody><\/table><figcaption class=\"wp-element-caption\">Technische Daten der industriellen Hammerm\u00fchle<\/figcaption><\/figure>    <h2 class=\"wp-block-heading\"><strong>Anwendungen der Hammerm\u00fchle<\/strong><\/h2>    <p class=\"translation-block\">Aufgrund der multifunktionalen Hammerm\u00fchle kann diese Maschine <strong>Weizen, Bohnen, Mais, trockenes Gras, Erdnussschalen, trockene Maisst\u00e4ngel, Erdnusspflanzen, Holz, Gew\u00fcrze, Heu,<\/strong> <strong>Maiskolben, H\u00fchnerfutter<\/strong> usw. zerkleinern. Wenn Sie mehr \u00fcber zu zerkleinernde Materialien erfahren m\u00f6chten, kontaktieren Sie uns bitte umgehend! <\/p>   <div class=\"wp-block-image\"> <figure class=\"aligncenter size-full\"><img loading=\"lazy\" decoding=\"async\" width=\"720\" height=\"540\" src=\"https:\/\/taizyagromachine.com\/wp-content\/uploads\/2022\/09\/applications-of-the-hammer-mill-grinder.webp\" alt=\"Anwendungen der Hammerm\u00fchle\" class=\"wp-image-3360\"\/><figcaption class=\"wp-element-caption\">Anwendungen der Hammerm\u00fchle<\/figcaption><\/figure> <\/div>   <h2 class=\"wp-block-heading\"><strong>Strukturdesign der elektrischen Hammerm\u00fchle<\/strong><\/h2>    <p>Sein Aufbau ist sehr einfach. Der Hammerm\u00fchlenbrecher besteht aus Einlass, Auslass, Siebzyklon und Motor\/Dieselmotor. Bei der Stromquelle k\u00f6nnen Sie w\u00e4hlen, was Sie m\u00f6chten. <\/p>   <div class=\"wp-block-image\"> <figure class=\"aligncenter size-full\"><img loading=\"lazy\" decoding=\"async\" width=\"720\" height=\"540\" src=\"https:\/\/taizyagromachine.com\/wp-content\/uploads\/2022\/09\/electric-hammer-mill-structure.webp\" alt=\"Struktur einer elektrischen Hammerm\u00fchle\" class=\"wp-image-3367\"\/><figcaption class=\"wp-element-caption\">Struktur einer elektrischen Hammerm\u00fchle<\/figcaption><\/figure> <\/div>   <h2 class=\"wp-block-heading\" id=\"h-advanatges-of-the-hammer-mill-feed-grinder\"><strong>Vorteile des Hammerm\u00fchlen-Futterwolfs<\/strong><\/h2>    <ul class=\"wp-block-list\"> <li>Einfache Struktur, einfache Bedienung und stabile Leistung.<\/li>    <li>Vielf\u00e4ltige Einsatzm\u00f6glichkeiten, da der gro\u00dfe Einlass vorhanden ist.<\/li>    <li>Gro\u00dfe Kapazit\u00e4t, von 100 kg pro Stunde bis 3 t pro Stunde.<\/li>    <li>Der Hammer ist der Hauptbestandteil der Struktur, unterschiedliche Kapazit\u00e4ten haben unterschiedliche H\u00e4mmer.<\/li>    <li>Der Bildschirm: 1 mm-3 mm, 4 cm, 5 cm. Wenn Sie viele Hammerm\u00fchlen w\u00fcnschen, k\u00f6nnen wir das Sieb und die Hammerm\u00fchle individuell f\u00fcr Sie anpassen.<\/li> <\/ul>    <h2 class=\"wp-block-heading\" id=\"h-consumable-parts-of-the-hammer-mill-for-sale\"><strong>Verbrauchsteile der Hammerm\u00fchle zu verkaufen<\/strong><\/h2>    <p>F\u00fcr die Hammerm\u00fchle von Taizy gibt es drei Verschlei\u00dfteile: Riemen, Siebe und Hammerbl\u00e4tter.<\/p>    <p>Wenn der Riemen locker ist, k\u00f6nnen Sie den Motor bewegen und dann spannen.<\/p>    <p>Das Sieb und der Hammer nutzen sich nat\u00fcrlich innerhalb eines Jahres ab. Wir k\u00f6nnen sie kostenlos zur Verf\u00fcgung stellen, aber Sie (der Kunde) m\u00fcssen die Kurierkosten tragen.<\/p>    <h2 class=\"wp-block-heading\"><strong>Erfolgreicher Fall einer kommerziellen Getreidehammerm\u00fchle<\/strong><\/h2>    <p class=\"translation-block\"><strong>9FQ-500 Dieselmotor Maism\u00fchle exportiert nach Nigeria<\/strong><\/p>    <p>Der nigerianische Kunde arbeitete an einem Ausschreibungsprojekt der Regierung, haupts\u00e4chlich f\u00fcr lokale Bed\u00fcrfnisse. Von dem Zeitpunkt an, als wir das Projekt erhielten, haben wir die Maschinenanforderungen sorgf\u00e4ltig durchgelesen und studiert. <\/p>    <p>Wir haben uns strikt an die Anforderungen der Ausschreibung gehalten, um die relevanten Maschineninformationen bereitzustellen, und jeder einzelne Artikel entsprach den Anforderungen. Infolgedessen kaufte der nigerianische Kunde die Maschine von uns, Taizy.<\/p>   <div class=\"wp-block-image\"> <figure class=\"aligncenter size-full\"><img loading=\"lazy\" decoding=\"async\" width=\"720\" height=\"540\" src=\"https:\/\/taizyagromachine.com\/wp-content\/uploads\/2022\/09\/loading-diesel-engine-9FQ-500.webp\" alt=\"Ladedieselmotor 9FQ-500\" class=\"wp-image-3371\"\/><figcaption class=\"wp-element-caption\">Ladedieselmotor 9FQ-500<\/figcaption><\/figure> <\/div>   <p class=\"translation-block\"><strong>3 Arten von Hammerm\u00fchlen nach Thailand verkauft<\/strong><\/p>    <p>Taize Machinery hat erfolgreich drei Modelle der Hammerm\u00fchlen der 9FQ-Serie auf dem thail\u00e4ndischen Markt verkauft, die f\u00fcr verschiedene Gr\u00f6\u00dfen und Anwendungen geeignet sind. Alle unsere Futterhammerm\u00fchlen haben bei thail\u00e4ndischen Kunden aufgrund ihrer hohen Effizienz, Haltbarkeit und Stabilit\u00e4t gro\u00dfe Anerkennung gefunden.<\/p>    <figure class=\"wp-block-gallery aligncenter has-nested-images columns-default is-cropped wp-block-gallery-2 is-layout-flex wp-block-gallery-is-layout-flex\"> <figure class=\"wp-block-image size-large\"><img loading=\"lazy\" decoding=\"async\" width=\"720\" height=\"540\" data-id=\"6311\" src=\"https:\/\/taizyagromachine.com\/wp-content\/uploads\/2022\/09\/hammer-mill-crusher.webp\" alt=\"Hammerm\u00fchlenbrecher\" class=\"wp-image-6311\"\/><figcaption class=\"wp-element-caption\">Hammerm\u00fchlenbrecher<\/figcaption><\/figure>    <figure class=\"wp-block-image size-large\"><img loading=\"lazy\" decoding=\"async\" width=\"720\" height=\"540\" data-id=\"6310\" src=\"https:\/\/taizyagromachine.com\/wp-content\/uploads\/2022\/09\/hammer-mill-crusher-for-Thailand.webp\" alt=\"Hammerm\u00fchlenbrecher f\u00fcr Thailand\" class=\"wp-image-6310\"\/><figcaption class=\"wp-element-caption\">Hammerm\u00fchlenbrecher f\u00fcr Thailand<\/figcaption><\/figure> <\/figure>    <h2 class=\"wp-block-heading\" id=\"h-faq\"><strong>FAQ zur industriellen Hammerm\u00fchle<\/strong><\/h2>   <div id=\"rank-math-faq\" class=\"rank-math-block\"> <div class=\"rank-math-list\"> <div id=\"faq-question-1667377290190\" class=\"rank-math-list-item\"> <h3 class=\"rank-math-question\"><strong>F1: Welche Leistung ist f\u00fcr die Hammerm\u00fchle 9FQ verf\u00fcgbar?<\/strong><\/h3> <div class=\"rank-math-answer\">  <p>A1: Benzinmotor, Elektromotor und Dieselmotor.<\/p>  <\/div> <\/div> <div id=\"faq-question-1667377295222\" class=\"rank-math-list-item\"> <h3 class=\"rank-math-question\"><strong>F2: Wie gro\u00df ist die Kapazit\u00e4t?<\/strong><\/h3> <div class=\"rank-math-answer\">  <p>A2: Seine Kapazit\u00e4t ist sehr gro\u00df, von 100 kg\/h bis 3 t\/h.<\/p>  <\/div> <\/div> <div id=\"faq-question-1667377303614\" class=\"rank-math-list-item\"> <h3 class=\"rank-math-question\"><strong>F3: Wie fein kann das Material zerkleinert werden?<\/strong><\/h3> <div class=\"rank-math-answer\">  <p>A3: H\u00e4ngt davon ab, welchen Bildschirm Sie w\u00e4hlen und wie fein Sie ben\u00f6tigen. Der Bildschirm ist 1 mm bis 3 cm, 4 cm und 5 cm gro\u00df. Wenn Sie spezielle Anforderungen haben, k\u00f6nnen Sie uns f\u00fcr weitere Details kontaktieren!<\/p>  <\/div> <\/div> <\/div> <\/div>   <h2 class=\"wp-block-heading\"><strong>Kontaktieren Sie uns f\u00fcr den Preis einer Getreidem\u00fchle!<\/strong><\/h2>    <p class=\"translation-block\">F\u00fcr Preisinformationen zu <a href=\"https:\/\/en.wikipedia.org\/wiki\/Grain\" target=\"_blank\" rel=\"noopener\">Getreide<\/a>-Mahlmaschinen kontaktieren Sie uns jetzt! Wir bieten alle Arten von hochwertigen Getreideverarbeitungsanlagen an, und unser professionelles Team gibt Ihnen ein detailliertes Angebot entsprechend Ihren Bed\u00fcrfnissen und bietet Ihnen eine umfassende Produkteinf\u00fchrung und Beratungsdienste f\u00fcr den Kauf.<\/p>    <figure class=\"wp-block-embed is-type-video is-provider-youtube wp-block-embed-youtube wp-embed-aspect-16-9 wp-has-aspect-ratio\"><div class=\"wp-block-embed__wrapper\"> <iframe loading=\"lazy\" title=\"9FQ Mais -Fr\u00e4smaschine: Effizientes Maisschleifen f\u00fcr einfache Maismehlhere | Maism\u00fchle\" width=\"500\" height=\"281\" src=\"https:\/\/www.youtube.com\/embed\/g81m6gqrChs?feature=oembed\" frameborder=\"0\" allow=\"accelerometer; autoplay; clipboard-write; encrypted-media; gyroscope; picture-in-picture; web-share\" referrerpolicy=\"strict-origin-when-cross-origin\" allowfullscreen><\/iframe> <\/div><figcaption class=\"wp-element-caption\">Video der Maisschleifm\u00fchle<\/figcaption><\/figure>","protected":false},"excerpt":{"rendered":"<p>Die Hammerm\u00fchle zerkleinert trockene Materialien wie Mais, Sojabohnen, Erdnusss\u00e4mlinge, trockenes Stroh usw. mit einer Kapazit\u00e4t von 100 kg bis 3000 kg pro Stunde. In diesem Artikel beschreiben wir haupts\u00e4chlich die Modelle von Hammerm\u00fchlen als Referenz bei der Auswahl.<\/p>","protected":false},"author":1,"featured_media":3362,"parent":0,"template":"","tags":[189,131,190],"product-type":[17],"class_list":["post-3340","product","type-product","status-publish","has-post-thumbnail","hentry","tag-corn-grits-making-machine","tag-corn-milling-machine","tag-maize-grits-milling-machine","product-type-corn-machine"],"_links":{"self":[{"href":"https:\/\/taizyagromachine.com\/de\/wp-json\/wp\/v2\/product\/3340","targetHints":{"allow":["GET"]}}],"collection":[{"href":"https:\/\/taizyagromachine.com\/de\/wp-json\/wp\/v2\/product"}],"about":[{"href":"https:\/\/taizyagromachine.com\/de\/wp-json\/wp\/v2\/types\/product"}],"author":[{"embeddable":true,"href":"https:\/\/taizyagromachine.com\/de\/wp-json\/wp\/v2\/users\/1"}],"wp:featuredmedia":[{"embeddable":true,"href":"https:\/\/taizyagromachine.com\/de\/wp-json\/wp\/v2\/media\/3362"}],"wp:attachment":[{"href":"https:\/\/taizyagromachine.com\/de\/wp-json\/wp\/v2\/media?parent=3340"}],"wp:term":[{"taxonomy":"post_tag","embeddable":true,"href":"https:\/\/taizyagromachine.com\/de\/wp-json\/wp\/v2\/tags?post=3340"},{"taxonomy":"product-type","embeddable":true,"href":"https:\/\/taizyagromachine.com\/de\/wp-json\/wp\/v2\/product-type?post=3340"}],"curies":[{"name":"wp","href":"https:\/\/api.w.org\/{rel}","templated":true}]}}