{"id":3385,"date":"2022-09-15T07:13:10","date_gmt":"2022-09-15T07:13:10","guid":{"rendered":"https:\/\/taizyagromachine.com\/?post_type=product&#038;p=3385"},"modified":"2023-12-28T17:40:18","modified_gmt":"2023-12-28T09:40:18","slug":"fresh-corn-sheller","status":"publish","type":"product","link":"https:\/\/taizyagromachine.com\/de\/product\/fresh-corn-sheller\/","title":{"rendered":"Frischer Maissch\u00e4ler zum Dreschen von Zuckermais"},"content":{"rendered":"<p class=\"translation-block\">Taizy <strong>Frischmais-Entspelzer<\/strong> ist eine Art Maisverarbeitungsanlage, die zum Dreschen von Klebreis, Frischmais, S\u00fc\u00dfmais, Tiefk\u00fchlmais usw. verwendet wird. Dieser S\u00fc\u00dfmais-Entspelzer ist hocheffizient und einfach zu bedienen. Daher ist diese Maschine im In- und Ausland sehr beliebt und wird h\u00e4ufig ins Ausland exportiert. <\/p>    <p>Unsere Frischmais-Sch\u00e4lmaschine wird h\u00e4ufig in L\u00e4nder wie Marokko, Thailand und die Vereinigten Staaten exportiert. Wenn Sie Interesse an dieser Maschine haben, nehmen Sie gerne Kontakt mit uns auf!<\/p>    <figure class=\"wp-block-embed is-type-video is-provider-youtube wp-block-embed-youtube wp-embed-aspect-16-9 wp-has-aspect-ratio\"><div class=\"wp-block-embed__wrapper\"> <iframe loading=\"lazy\" title=\"2022 Zuckermais-Dreschmaschine | Maschine zum Sch\u00e4len von frischem Mais f\u00fcr den gewerblichen und privaten Gebrauch #sweetcorn\" width=\"500\" height=\"281\" src=\"https:\/\/www.youtube.com\/embed\/22IhEMWITb8?start=5&#038;feature=oembed\" frameborder=\"0\" allow=\"accelerometer; autoplay; clipboard-write; encrypted-media; gyroscope; picture-in-picture; web-share\" referrerpolicy=\"strict-origin-when-cross-origin\" allowfullscreen><\/iframe> <\/div><figcaption class=\"wp-element-caption\">Arbeitsvideo zur Zuckermais-Mazie-Dreschmaschine<\/figcaption><\/figure>    <h2 class=\"wp-block-heading\"><strong>Arten der zum Verkauf stehenden Frischmais-Sch\u00e4lmaschine<\/strong><\/h2>    <p> F\u00fcr die Zuckermais-Dreschmaschine haben wir je nach Verf\u00fcgbarkeit des F\u00f6rderbandes zwei Typen: SL-268 und SL-368.<\/p>    <figure class=\"wp-block-gallery aligncenter has-nested-images columns-default is-cropped wp-block-gallery-2 is-layout-flex wp-block-gallery-is-layout-flex\"> <figure class=\"wp-block-image size-large\"><img loading=\"lazy\" decoding=\"async\" width=\"540\" height=\"720\" data-id=\"3395\" src=\"https:\/\/taizyagromachine.com\/wp-content\/uploads\/2022\/09\/SL-268-sweet-corn-sheller.webp\" alt=\"SL-268-Zuckermaissch\u00e4ler\" class=\"wp-image-3395\"\/><figcaption class=\"wp-element-caption\">SL-268 Zuckermaissch\u00e4ler<\/figcaption><\/figure>    <figure class=\"wp-block-image size-large\"><img loading=\"lazy\" decoding=\"async\" width=\"540\" height=\"720\" data-id=\"3396\" src=\"https:\/\/taizyagromachine.com\/wp-content\/uploads\/2022\/09\/SL-368-fresh-corn-thresher.webp\" alt=\"SL-368-Frischmaisdrescher\" class=\"wp-image-3396\"\/><figcaption class=\"wp-element-caption\">SL-368 Frischmaisdrescher<\/figcaption><\/figure> <\/figure>    <ul class=\"wp-block-list\"> <li><strong>Frischmaisdrescher ohne F\u00f6rderband<\/strong>: Dieser Maschinentyp erfordert normalerweise eine manuelle Maiszufuhr, die durch die interne rotierende Trommel und die Stachelzahnstruktur gedroschen wird. Es ist relativ einfach zu bedienen und eignet sich f\u00fcr den Klein- oder Heimgebrauch.<\/li>    <li><strong>S\u00fc\u00dfer Maissch\u00e4ler mit F\u00f6rderband<\/strong>: Dieses Modell ist mit einem automatischen F\u00f6rdersystem ausgestattet, das den Mais kontinuierlich und effizient in den Dreschbereich einspeisen kann, was die Arbeitseffizienz erheblich verbessert. Es eignet sich f\u00fcr die landwirtschaftliche Produktion in gro\u00dfem Ma\u00dfstab oder die kommerzielle Verarbeitung, kann die manuelle Arbeitsintensit\u00e4t reduzieren und die Produktivit\u00e4t verbessern.<\/li> <\/ul>    <figure class=\"wp-block-embed is-type-video is-provider-youtube wp-block-embed-youtube wp-embed-aspect-16-9 wp-has-aspect-ratio\"><div class=\"wp-block-embed__wrapper\"> <iframe loading=\"lazy\" title=\"Effizientes Dreschen! Dreschmaschine f\u00fcr s\u00fc\u00dfen Frischmais | Sch\u00e4lmaschine f\u00fcr frischen Mais\" width=\"500\" height=\"281\" src=\"https:\/\/www.youtube.com\/embed\/DJhhB9xqRE0?feature=oembed\" frameborder=\"0\" allow=\"accelerometer; autoplay; clipboard-write; encrypted-media; gyroscope; picture-in-picture; web-share\" referrerpolicy=\"strict-origin-when-cross-origin\" allowfullscreen><\/iframe> <\/div><figcaption class=\"wp-element-caption\">Arbeitsvideo eines Frischmaissch\u00e4lers mit F\u00f6rderband <\/figcaption><\/figure>    <p>Unabh\u00e4ngig von der Sorte kann der Frischmaisdrescher die Maisk\u00f6rner effektiv von den Maiskolben trennen und sie anschlie\u00dfend verarbeiten und lagern.<\/p>    <h2 class=\"wp-block-heading\" id=\"h-technical-parameters-of-the-fresh-sweet-corn-sheller\"><strong>Technische Parameter des Frischmaissch\u00e4lers<\/strong><\/h2>    <figure class=\"wp-block-table\"><table><tbody><tr><td>Modell<\/td><td>TZ-268<\/td><td>TZ-368<\/td><\/tr><tr><td>Leistung<\/td><td>1,0 kW<\/td><td>0,4 kW + 0,75 kW + 0,25 kW<\/td><\/tr><tr><td>Kapazit\u00e4t<\/td><td>400-500kg\/h<\/td><td>400-500kg\/h<\/td><\/tr><tr><td>Gewicht<\/td><td>100kg<\/td><td>110kg<\/td><\/tr><tr><td>Gr\u00f6\u00dfe<\/td><td>700 (L) \u00d7 620 (B) \u00d7 1250 (H) mm<\/td><td>1320 (L) * 620 (B) * 1250 (H) mm<\/td><\/tr><tr><td>Stromspannung<\/td><td>220 V, 1 Phase, 50 Hz<\/td><td>240 V, 1 Phase, 60 Hz<\/td><\/tr><\/tbody><\/table><figcaption class=\"wp-element-caption\">Technische Parameter der Dreschmaschine f\u00fcr frischen Zuckermais<\/figcaption><\/figure>    <h2 class=\"wp-block-heading\"><strong>Anwendungen der Frischmais-Sch\u00e4lmaschine<\/strong><\/h2>    <p class=\"translation-block\"><strong>Arten von Mais<\/strong>: Die S\u00fc\u00dfmais-Entsch\u00e4lmaschine kann S\u00fc\u00dfmais, Frischmais, Fruchtmais, Tiefk\u00fchlmais usw. dreschen.<\/p>    <p class=\"translation-block\"><strong>Anwendbare Fabrikunternehmen<\/strong>: Zentralk\u00fcchen, Dosenmais-Saatgut, Maisbrei-Saft-Schnellgefrierung, Mais-Saatgut-Fabriken, Trockennahrungsmittelverarbeitung, Verarbeitung von landwirtschaftlichen Nebenprodukten usw.<\/p>    <h2 class=\"wp-block-heading\"><strong>Arbeitsschritte des Frischmaisdreschers<\/strong><\/h2>    <div class=\"wp-block-media-text alignwide is-stacked-on-mobile\"><figure class=\"wp-block-media-text__media\"><img loading=\"lazy\" decoding=\"async\" width=\"720\" height=\"540\" src=\"https:\/\/taizyagromachine.com\/wp-content\/uploads\/2022\/09\/feeding-system.webp\" alt=\"F\u00fctterungssystem\" class=\"wp-image-3407 size-full\"\/><\/figure><div class=\"wp-block-media-text__content\"> <p class=\"translation-block\"><strong>Zuf\u00fchrsystem<\/strong><\/p> <\/div><\/div>    <div class=\"wp-block-media-text alignwide has-media-on-the-right is-stacked-on-mobile\"><div class=\"wp-block-media-text__content\"> <p class=\"translation-block\"><strong>Der Kernteil des S\u00fc\u00dfmais-Dreschers<\/strong><\/p> <\/div><figure class=\"wp-block-media-text__media\"><img loading=\"lazy\" decoding=\"async\" width=\"540\" height=\"540\" src=\"https:\/\/taizyagromachine.com\/wp-content\/uploads\/2022\/09\/corn-part-of-the-sweet-corn-thresher.webp\" alt=\"Maisteil der Zuckermaisdrescher\" class=\"wp-image-3419 size-full\"\/><\/figure><\/div>    <div class=\"wp-block-media-text alignwide is-stacked-on-mobile\"><figure class=\"wp-block-media-text__media\"><img loading=\"lazy\" decoding=\"async\" width=\"540\" height=\"540\" src=\"https:\/\/taizyagromachine.com\/wp-content\/uploads\/2022\/09\/corn-seeds-and-corn-cob-separation.webp\" alt=\"Maissamen und Maiskolbentrennung\" class=\"wp-image-3421 size-full\"\/><\/figure><div class=\"wp-block-media-text__content\"> <p class=\"translation-block\"><strong>Trennung von Maisk\u00f6rnern und Maiskolben<\/strong><\/p> <\/div><\/div>    <div class=\"wp-block-media-text alignwide has-media-on-the-right is-stacked-on-mobile\"><div class=\"wp-block-media-text__content\"> <p class=\"translation-block\"><strong>Abfuhr der Maiskolben<\/strong><\/p> <\/div><figure class=\"wp-block-media-text__media\"><img loading=\"lazy\" decoding=\"async\" width=\"540\" height=\"540\" src=\"https:\/\/taizyagromachine.com\/wp-content\/uploads\/2022\/09\/corn-cob-discharge.webp\" alt=\"Maiskolbenausfluss\" class=\"wp-image-3423 size-full\"\/><\/figure><\/div>    <h2 class=\"wp-block-heading\"><strong>Zubeh\u00f6r des Zuckermaissch\u00e4lers<\/strong><\/h2>    <div class=\"wp-block-media-text alignwide is-stacked-on-mobile\"><figure class=\"wp-block-media-text__media\"><img loading=\"lazy\" decoding=\"async\" width=\"610\" height=\"540\" src=\"https:\/\/taizyagromachine.com\/wp-content\/uploads\/2022\/09\/plate-and-blades.webp\" alt=\"Platte und Klingen\" class=\"wp-image-3425 size-full\"\/><\/figure><div class=\"wp-block-media-text__content\"> <p class=\"translation-block\"><strong>Platte und Klingen<\/strong><\/p>    <p>Das sind die Accessoires f\u00fcr den Frischmaissch\u00e4ler. Wenn Sie mehr als Option w\u00fcnschen, teilen Sie uns dies direkt mit.<\/p> <\/div><\/div>    <h2 class=\"wp-block-heading\"><strong>Taizy Machinery: Anerkannter Hersteller von Frischmaissch\u00e4lern<\/strong><\/h2>    <p class=\"translation-block\">Als professioneller Hersteller und Lieferant von Landmaschinen verf\u00fcgen wir bei Taizy \u00fcber eine breite Palette von Landmaschinen. Es gibt nicht nur Frischmais-Drescher, <a href=\"https:\/\/taizyagromachine.com\/de\/product\/corn-seeder\/?swcfpc=1\" target=\"_blank\" rel=\"noreferrer noopener\">Maisdrillen<\/a> und Maisernter, sondern auch verwandte <a href=\"https:\/\/taizyagromachine.com\/de\/product\/peanut-machine\/?swcfpc=1\" target=\"_blank\" rel=\"noreferrer noopener\">Erdnussmaschinen,<\/a> <a href=\"https:\/\/taizyagromachine.com\/de\/product\/silage-machine\/?swcfpc=1\" target=\"_blank\" rel=\"noreferrer noopener\">Silagemaschinen<\/a> und so weiter. Wir haben die folgenden Vorteile:<\/p>    <ul class=\"wp-block-list\"> <li><strong>Hochwertige Produkte<\/strong>: Taizy Machinery konzentriert sich auf die Produktqualit\u00e4t und kontrolliert den Produktionsprozess streng, um die Haltbarkeit und Leistungsstabilit\u00e4t der Ausr\u00fcstung sicherzustellen. Kunden vertrauen seinen Produkten aufgrund ihres hervorragenden Herstellungsprozesses, ihrer hohen Effizienz und langen Lebensdauer.<\/li>    <li><strong>Ma\u00dfgeschneiderter Service<\/strong>: F\u00fcr die spezifischen Bed\u00fcrfnisse verschiedener Kunden bietet Taize Machinery ma\u00dfgeschneiderte L\u00f6sungen, von der Ausr\u00fcstungsauswahl, dem Design und der Herstellung bis hin zur Installation und Inbetriebnahme, und bietet den Kunden w\u00e4hrend des gesamten Prozesses professionelle Dienstleistungen.<\/li>    <li><strong>Umfassender After-Sales-Service<\/strong>: Wir legen gro\u00dfen Wert auf den After-Sales-Service und bieten ein umfassendes Leistungsspektrum, einschlie\u00dflich Ger\u00e4tewartung, technischer Support und Ersatzteilversorgung, um sicherzustellen, dass die Probleme, auf die Kunden w\u00e4hrend des Nutzungsprozesses sto\u00dfen, umgehend gel\u00f6st werden k\u00f6nnen.<\/li>    <li><strong>Glaubw\u00fcrdigkeit und Erfahrung<\/strong>: Mit jahrelanger Branchenerfahrung und einem guten Ruf auf dem Markt hat Taize Machinery einen stabilen Kundenstamm und ein breites Gesch\u00e4ftsnetzwerk aufgebaut, das das Vertrauen und Lob unserer Kunden gewonnen hat.<\/li> <\/ul>    <h2 class=\"wp-block-heading\"><strong>Globale F\u00e4lle von Dreschmaschinen f\u00fcr frischen Zuckermais <\/strong><\/h2>    <p class=\"translation-block\"><strong>S\u00fc\u00dfmais-Drescher nach Marokko verkauft<\/strong><\/p>    <p>Dieser marokkanische Kunde hatte eine gro\u00dfe Menge s\u00fc\u00dfen Klebreis, der gedroschen und so f\u00fcr den n\u00e4chsten Schritt im Maisprozess verarbeitet werden musste. Als er unseren frischen Maissch\u00e4ler online fand, schickte er uns eine Anfrage. <\/p>    <p>Unser professioneller Verkaufsleiter stellte ihm dann zwei unserer Maschinen vor. Nachdem er die Informationen gelesen hatte, interessierte sich der marokkanische Kunde f\u00fcr die arbeitssparendere SL-368 und sah sich das Arbeitsvideo der Maschine an. Schlie\u00dflich gab er die Bestellung auf. Wir haben die Maschine verpackt und an seinen Hafen geliefert.<\/p>   <div class=\"wp-block-image\"> <figure class=\"aligncenter size-full\"><img loading=\"lazy\" decoding=\"async\" width=\"720\" height=\"540\" src=\"https:\/\/taizyagromachine.com\/wp-content\/uploads\/2022\/09\/sweet-corn-sheller-machine-package.webp\" alt=\"Maschinenpaket zum Sch\u00e4len von Zuckermais\" class=\"wp-image-3401\"\/><figcaption class=\"wp-element-caption\">Maschinenpaket zum Sch\u00e4len von Zuckermais<\/figcaption><\/figure> <\/div>   <p class=\"translation-block\"><strong>Frischmais-Entspelzer zum Verkauf nach \u00c4gypten<\/strong><\/p>    <p>Auf dem \u00e4gyptischen Markt hat unsere industrielle Frischmais-Dreschmaschine aufgrund ihrer hervorragenden Leistung und Anpassungsf\u00e4higkeit gro\u00dfe Anerkennung gefunden. Diese Maschine wurde speziell f\u00fcr Frischmais entwickelt und ist in der Lage, das Sch\u00e4len und Dreschen einer Vielzahl von Maissorten, einschlie\u00dflich Klebreis, effizient durchzuf\u00fchren. Es ist einfach zu bedienen und zu warten und gew\u00e4hrleistet einen schnellen und sauberen Prozess, w\u00e4hrend die Integrit\u00e4t des Maisk\u00f6rners erhalten bleibt. <\/p>    <figure class=\"wp-block-gallery aligncenter has-nested-images columns-default is-cropped wp-block-gallery-3 is-layout-flex wp-block-gallery-is-layout-flex\"> <figure class=\"wp-block-image size-large\"><img loading=\"lazy\" decoding=\"async\" width=\"540\" height=\"720\" data-id=\"6277\" src=\"https:\/\/taizyagromachine.com\/wp-content\/uploads\/2022\/09\/fresh-corn-sheller-with-conveyor-belt.webp\" alt=\"Frischer Maissch\u00e4ler mit F\u00f6rderband\" class=\"wp-image-6277\"\/><figcaption class=\"wp-element-caption\">Frischer Maissch\u00e4ler mit F\u00f6rderband<\/figcaption><\/figure>    <figure class=\"wp-block-image size-large\"><img loading=\"lazy\" decoding=\"async\" width=\"540\" height=\"720\" data-id=\"6279\" src=\"https:\/\/taizyagromachine.com\/wp-content\/uploads\/2022\/09\/sweet-corn-shelling-machine-for-sale.webp\" alt=\"Zuckermais-Sch\u00e4lmaschine zu verkaufen\" class=\"wp-image-6279\"\/><figcaption class=\"wp-element-caption\">Zuckermais-Sch\u00e4lmaschine zu verkaufen<\/figcaption><\/figure>    <figure class=\"wp-block-image size-large\"><img loading=\"lazy\" decoding=\"async\" width=\"540\" height=\"720\" data-id=\"6278\" src=\"https:\/\/taizyagromachine.com\/wp-content\/uploads\/2022\/09\/package-sweet-fresh-corn-sheller-and-threser.webp\" alt=\"Paket s\u00fc\u00dfer frischer Maissch\u00e4ler und Threser\" class=\"wp-image-6278\"\/><figcaption class=\"wp-element-caption\">Paket s\u00fc\u00dfer frischer Maissch\u00e4ler und Threser<\/figcaption><\/figure> <\/figure>    <h2 class=\"wp-block-heading\" id=\"h-faq\"><strong>FAQ zur Sch\u00e4lmaschine f\u00fcr frischen Zuckermais<\/strong><\/h2>   <div id=\"rank-math-faq\" class=\"rank-math-block\"> <div class=\"rank-math-list\"> <div id=\"faq-question-1663828057565\" class=\"rank-math-list-item\"> <h3 class=\"rank-math-question\"><strong>F1: Aus welchen Materialien besteht die Maschine zum Sch\u00e4len von frischem Mais?<\/strong><\/h3> <div class=\"rank-math-answer\">  <p class=\"translation-block\"><strong>A1: SUS304 Edelstahlmaterial.<\/strong><\/p>  <\/div> <\/div> <div id=\"faq-question-1663828063454\" class=\"rank-math-list-item\"> <h3 class=\"rank-math-question\"><strong>F2: F\u00fcr welche Maissorte eignet sich diese Maschine zum Dreschen?<\/strong><\/h3> <div class=\"rank-math-answer\">  <p>A2: Zuckermais, Klebreis, frischer Mais, Fruchtmais, gefrorener Mais usw.<\/p>  <\/div> <\/div> <div id=\"faq-question-1663828088495\" class=\"rank-math-list-item\"> <h3 class=\"rank-math-question\"><strong>F3: Wie w\u00e4re es mit der Qualit\u00e4tsgarantie?<\/strong><\/h3> <div class=\"rank-math-answer\">  <p>A3: Einj\u00e4hriger Zeitraum. Wir haften f\u00fcr St\u00f6rungen, die maschinen- und qualit\u00e4tsbedingt sind. Wenn andere St\u00f6rungen durch Bedienungsfehler, vom Menschen verursachte Probleme usw. verursacht werden, sind Sie als Kunde daf\u00fcr verantwortlich.<\/p>  <\/div> <\/div> <\/div> <\/div>   <h2 class=\"wp-block-heading\"><strong>Kontaktieren Sie uns f\u00fcr Details und den Preis der Dreschmaschine f\u00fcr frischen Zuckermais!<\/strong><\/h2>    <p class=\"translation-block\">Wenn Sie nach einer effizienten und zuverl\u00e4ssigen frischen Mais-Dreschmaschine suchen, um die Effizienz Ihrer <a href=\"https:\/\/en.wikipedia.org\/wiki\/Sweet_corn\" target=\"_blank\" rel=\"noopener\">Zuckermais<\/a>-Verarbeitung zu steigern, laden wir Sie ein, uns zu kontaktieren. Unsere Auswahl an Zuckermais-Dreschmaschinen umfasst Modelle f\u00fcr eine Vielzahl von Anforderungen, sei es f\u00fcr einen kleinen Familienbetrieb oder eine gro\u00dfe kommerzielle Produktion, wir haben eine L\u00f6sung f\u00fcr Sie.<\/p>","protected":false},"excerpt":{"rendered":"<p>Unser Fresh Corn Sheller ist eine Maschine zum Dreschen verschiedener Arten von klebrigem Mais. Es gibt zwei Typen: SL-268 und SL-368. In diesem Artikel beschreiben wir die Maschinentypen, Parameter, Erfolgsgeschichten, unsere Vorteile usw. als Referenz und Auswahl.<\/p>","protected":false},"author":1,"featured_media":3388,"parent":0,"template":"","tags":[191,193,192,194],"product-type":[17],"class_list":["post-3385","product","type-product","status-publish","has-post-thumbnail","hentry","tag-corn-sheller","tag-fresh-corn-sheller","tag-maize-thresher","tag-sweet-corn-thresher","product-type-corn-machine"],"_links":{"self":[{"href":"https:\/\/taizyagromachine.com\/de\/wp-json\/wp\/v2\/product\/3385","targetHints":{"allow":["GET"]}}],"collection":[{"href":"https:\/\/taizyagromachine.com\/de\/wp-json\/wp\/v2\/product"}],"about":[{"href":"https:\/\/taizyagromachine.com\/de\/wp-json\/wp\/v2\/types\/product"}],"author":[{"embeddable":true,"href":"https:\/\/taizyagromachine.com\/de\/wp-json\/wp\/v2\/users\/1"}],"wp:featuredmedia":[{"embeddable":true,"href":"https:\/\/taizyagromachine.com\/de\/wp-json\/wp\/v2\/media\/3388"}],"wp:attachment":[{"href":"https:\/\/taizyagromachine.com\/de\/wp-json\/wp\/v2\/media?parent=3385"}],"wp:term":[{"taxonomy":"post_tag","embeddable":true,"href":"https:\/\/taizyagromachine.com\/de\/wp-json\/wp\/v2\/tags?post=3385"},{"taxonomy":"product-type","embeddable":true,"href":"https:\/\/taizyagromachine.com\/de\/wp-json\/wp\/v2\/product-type?post=3385"}],"curies":[{"name":"wp","href":"https:\/\/api.w.org\/{rel}","templated":true}]}}