{"id":3454,"date":"2022-09-21T08:14:33","date_gmt":"2022-09-21T08:14:33","guid":{"rendered":"https:\/\/taizyagromachine.com\/?post_type=product&#038;p=3454"},"modified":"2025-05-20T14:03:14","modified_gmt":"2025-05-20T06:03:14","slug":"corn-cleaning-machine","status":"publish","type":"product","link":"https:\/\/taizyagromachine.com\/de\/product\/corn-cleaning-machine\/","title":{"rendered":"Maisreinigungsmaschine"},"content":{"rendered":"<p>Die Maisreinigungsmaschine reinigt haupts\u00e4chlich die Maisk\u00f6rner nach der Ernte, wodurch Verunreinigungen im Mais entfernt werden und sauberere Maissaatgut gewonnen wird. Die Taizy Maisreinigungsmaschine hat die Vorteile einer einfachen Bedienung, einer leichten Handhabung und einer hohen Effizienz. Dieser Maisreiniger kann Sand, kleine Steine, Maiskolben usw. entfernen, um saubere Maissaatgut zu erhalten. So k\u00f6nnen Sie den Mais l\u00e4nger lagern. Wenn Sie interessiert sind, kontaktieren Sie uns sofort!<\/p>    <figure class=\"wp-block-embed is-type-video is-provider-youtube wp-block-embed-youtube wp-embed-aspect-16-9 wp-has-aspect-ratio\"><div class=\"wp-block-embed__wrapper\"> <iframe loading=\"lazy\" title=\"Effiziente Maisreinigungsmaschine f\u00fcr die Maisverarbeitung | Maisreiniger, der bei der Reinigung von Getreidesieben verwendet wird\" width=\"500\" height=\"281\" src=\"https:\/\/www.youtube.com\/embed\/y8_33pFPUaI?feature=oembed\" frameborder=\"0\" allow=\"accelerometer; autoplay; clipboard-write; encrypted-media; gyroscope; picture-in-picture; web-share\" referrerpolicy=\"strict-origin-when-cross-origin\" allowfullscreen><\/iframe> <\/div><figcaption class=\"wp-element-caption\">Video von einer Maisreinigungsmaschine<\/figcaption><\/figure>    <h2 class=\"wp-block-heading\"><strong>Aufbau von Maisreinigungsger\u00e4ten<\/strong><\/h2>    <p>Tats\u00e4chlich ist diese Maisreinigungsmaschine sehr einfach aufgebaut. Seine Zusammensetzung besteht aus Maiseinlass, Maisauslass, Verunreinigungenauslass, Sandauslass, Steinauslass, Ventilator, Motor und Riemen. Dadurch k\u00f6nnen Sie die Maschine leicht verstehen und die Maschine gut und schnell bedienen. <\/p>    <figure class=\"wp-block-gallery aligncenter has-nested-images columns-default is-cropped wp-block-gallery-2 is-layout-flex wp-block-gallery-is-layout-flex\"> <figure class=\"wp-block-image size-full\"><img loading=\"lazy\" decoding=\"async\" width=\"720\" height=\"540\" data-id=\"3464\" src=\"https:\/\/taizyagromachine.com\/wp-content\/uploads\/2022\/09\/structure-of-the-maize-cleaner.webp\" alt=\"Struktur-des-Maisreinigers\" class=\"wp-image-3464\"\/><figcaption class=\"wp-element-caption\">Struktur des Maisreinigers<\/figcaption><\/figure>    <figure class=\"wp-block-image size-full\"><img loading=\"lazy\" decoding=\"async\" width=\"720\" height=\"540\" data-id=\"3463\" src=\"https:\/\/taizyagromachine.com\/wp-content\/uploads\/2022\/09\/structure-of-the-corn-cleaner.webp\" alt=\"Struktur-des-Mais-Reiniger\" class=\"wp-image-3463\"\/><figcaption class=\"wp-element-caption\">Struktur des Maisreinigers<\/figcaption><\/figure> <\/figure>    <h2 class=\"wp-block-heading\"><strong>Vorteile von Maisreiniger<\/strong><\/h2>    <ol class=\"wp-block-list\"> <li>Einfache Struktur, einfache Bedienung und gute Qualit\u00e4t.<\/li>    <li>Stabile Leistung, hervorragende Qualit\u00e4t und lange Lebensdauer.<\/li>    <li>Leicht und kleines Volumen. <\/li>    <li>Geringer Energieverbrauch, Strom sparen.<\/li>    <li>Sch\u00f6nes Aussehen, starke Kombination.<\/li>    <li>Hoher Automatisierungsgrad.<\/li>    <li>Die Maisreinigungsmaschine ist eine bekannte Marke und wird von Taizy Machinery hergestellt.<\/li> <\/ol>    <h2 class=\"wp-block-heading\"><strong>Erfolgreicher Fall: 400\u2013600 kg Maisreiniger nach Angola exportiert<\/strong><\/h2>    <p class=\"translation-block\">Der Kunde aus Angola wollte den Mais reinigen, damit die Qualit\u00e4t der K\u00f6rner sowohl f\u00fcr den Verkauf als auch f\u00fcr die Lagerung garantiert werden konnte. Als er sah, dass wir die entsprechenden <a href=\"https:\/\/taizyagromachine.com\/de\/product\/corn-machine\/\" target=\"_blank\" rel=\"noreferrer noopener\">Maismaschinen<\/a> verkauften, fragte er, ob wir solche Maschinen h\u00e4tten. Wir wissen, dass nach dem Dreschen des Maises mit dem <a href=\"https:\/\/taizyagromachine.com\/de\/product\/maize-thresher\/\" target=\"_blank\" rel=\"noreferrer noopener\">Maisdrescher<\/a> immer noch verschiedene Verunreinigungen im Mais vorhanden sind (wie Maisbart, Maiskolben, kleine Steine usw.). Daher muss der Mais weiter gereinigt werden. Unser Verkaufsleiter empfahl ihm diese Maisreinigungsmaschine und schickte ihm Informationen \u00fcber die Maschine (Parameter, Fotos, Arbeitsvideo, Konfiguration usw.). Der angolanische Kunde war mit der Maschine zufrieden und gab sofort eine Bestellung auf.<\/p>   <div class=\"wp-block-image\"> <figure class=\"aligncenter size-full\"><img loading=\"lazy\" decoding=\"async\" width=\"720\" height=\"540\" src=\"https:\/\/taizyagromachine.com\/wp-content\/uploads\/2022\/09\/corn-cleaning-equipment.webp\" alt=\"Maisreinigungsger\u00e4te\" class=\"wp-image-3477\"\/><figcaption class=\"wp-element-caption\">Maisreinigungsger\u00e4te<\/figcaption><\/figure> <\/div>   <h2 class=\"wp-block-heading\"><strong>Parameter des Maisk\u00f6rnerreinigers<\/strong><\/h2>    <figure class=\"wp-block-table\"><table><tbody><tr><td>Modell<\/td><td>TY-57<\/td><td>TY-100<\/td><\/tr><tr><td>Kapazit\u00e4t<\/td><td>400-600kg<\/td><td>800-1200kg<\/td><\/tr><tr><td>Unterst\u00fctzende Kraft<\/td><td>3 kW<\/td><td>4kW<\/td><\/tr><tr><td>Gr\u00f6\u00dfe (L*B*H)<\/td><td>1,7 * 0,8 * 2,9 m<\/td><td>1,9*1*3m<\/td><\/tr><tr><td>Gewicht<\/td><td>300kg<\/td><td>\/<\/td><\/tr><\/tbody><\/table><\/figure>    <h2 class=\"wp-block-heading\"><strong>FAQ zum Maisreiniger<\/strong><\/h2>   <div id=\"rank-math-faq\" class=\"rank-math-block\"> <div class=\"rank-math-list\"> <div id=\"faq-question-1663750458497\" class=\"rank-math-list-item\"> <h3 class=\"rank-math-question\">F1: Ist diese Maisreinigungsmaschine nur f\u00fcr Mais geeignet?<\/h3> <div class=\"rank-math-answer\">  <p>A1: Ja, das ist es. Dieses Maisreinigungsger\u00e4t kann nur f\u00fcr den Mais verwendet werden. Wenn Sie Weizen, Hirse usw. reinigen m\u00f6chten, k\u00f6nnen wir Ihnen einen geeigneten Reiniger empfehlen, kontaktieren Sie uns bitte und teilen Sie uns mit, was Sie ben\u00f6tigen.  <\/p>  <\/div> <\/div> <div id=\"faq-question-1663750592473\" class=\"rank-math-list-item\"> <h3 class=\"rank-math-question\">F2: Was ist das Stromversorgungssystem der Maschine?<\/h3> <div class=\"rank-math-answer\">  <p>A2: Im Allgemeinen verwenden wir den Motor f\u00fcr den Maisreiniger zum Verkauf.<\/p>  <\/div> <\/div> <div id=\"faq-question-1663750758008\" class=\"rank-math-list-item\"> <h3 class=\"rank-math-question\">F3: Wie kann ich an meinen Bestimmungsort liefern?<\/h3> <div class=\"rank-math-answer\">  <p>A3: Im Allgemeinen verwenden wir den Versand. Wenn Sie andere W\u00fcnsche haben, teilen Sie uns diese einfach mit. Wir versuchen unser Bestes, um Sie zufrieden zu stellen.<\/p>  <\/div> <\/div> <\/div> <\/div>   <h2 class=\"wp-block-heading\"><strong>Arbeitsvideo der Maisreinigungsmaschine<\/strong><\/h2>    <figure class=\"wp-block-embed is-type-video is-provider-youtube wp-block-embed-youtube wp-embed-aspect-16-9 wp-has-aspect-ratio\"><div class=\"wp-block-embed__wrapper\"> <iframe loading=\"lazy\" title=\"Effiziente Maisreinigungsmaschine | Maisreinigungsger\u00e4te | Maisreiniger von Taizy, 2022 #corn\" width=\"500\" height=\"281\" src=\"https:\/\/www.youtube.com\/embed\/M8XF9pRwodI?feature=oembed\" frameborder=\"0\" allow=\"accelerometer; autoplay; clipboard-write; encrypted-media; gyroscope; picture-in-picture; web-share\" referrerpolicy=\"strict-origin-when-cross-origin\" allowfullscreen><\/iframe> <\/div><\/figure>","protected":false},"excerpt":{"rendered":"<p>The corn cleaning machine mainly cleans the corn kernels after threshing, which can remove the impurities in the corn and get a cleaner corn seed. Taizy corn cleaner has the advantages of simple operation, easy use, and high efficiency. This maize cleaner can remove sand, small stones, corn cobs, etc. for getting clean corn seeds. [&hellip;]<\/p>\n","protected":false},"author":1,"featured_media":3455,"parent":0,"template":"","tags":[196,195],"product-type":[17],"class_list":["post-3454","product","type-product","status-publish","has-post-thumbnail","hentry","tag-corn-cleaning-machine","tag-corn-thresher","product-type-corn-machine"],"_links":{"self":[{"href":"https:\/\/taizyagromachine.com\/de\/wp-json\/wp\/v2\/product\/3454","targetHints":{"allow":["GET"]}}],"collection":[{"href":"https:\/\/taizyagromachine.com\/de\/wp-json\/wp\/v2\/product"}],"about":[{"href":"https:\/\/taizyagromachine.com\/de\/wp-json\/wp\/v2\/types\/product"}],"author":[{"embeddable":true,"href":"https:\/\/taizyagromachine.com\/de\/wp-json\/wp\/v2\/users\/1"}],"wp:featuredmedia":[{"embeddable":true,"href":"https:\/\/taizyagromachine.com\/de\/wp-json\/wp\/v2\/media\/3455"}],"wp:attachment":[{"href":"https:\/\/taizyagromachine.com\/de\/wp-json\/wp\/v2\/media?parent=3454"}],"wp:term":[{"taxonomy":"post_tag","embeddable":true,"href":"https:\/\/taizyagromachine.com\/de\/wp-json\/wp\/v2\/tags?post=3454"},{"taxonomy":"product-type","embeddable":true,"href":"https:\/\/taizyagromachine.com\/de\/wp-json\/wp\/v2\/product-type?post=3454"}],"curies":[{"name":"wp","href":"https:\/\/api.w.org\/{rel}","templated":true}]}}