{"id":3644,"date":"2022-10-11T13:50:29","date_gmt":"2022-10-11T05:50:29","guid":{"rendered":"https:\/\/taizyagromachine.com\/?post_type=product&#038;p=3644"},"modified":"2025-01-02T13:53:27","modified_gmt":"2025-01-02T05:53:27","slug":"corn-threshing-machine","status":"publish","type":"product","link":"https:\/\/taizyagromachine.com\/de\/product\/corn-threshing-machine\/","title":{"rendered":"Multifunktionale Mais-Dreschmaschine"},"content":{"rendered":"<p class=\"translation-block\">Die Taizy-Maisdruschmaschine geh\u00f6rt eigentlich zum <a href=\"https:\/\/taizyagromachine.com\/de\/product\/multifunctional-thresher\/\" target=\"_blank\" rel=\"noreferrer noopener\">multifunktionalen Getreidedruschmaschine<\/a> und wird zum Ausdreschen von Mais, Sorghum, Hirse und Sojabohnen verwendet. Die multifunktionale Druschmaschine kann einen Elektromotor, einen Dieselmotor und eine Zapfwelle als Kraftsystem nutzen. Au\u00dferdem kann die zu verkaufende Maisdruschmaschine mit gro\u00dfen Reifen ausgestattet werden, was bei afrikanischen Kunden beliebt ist. <\/p>    <p class=\"translation-block\">Dar\u00fcber hinaus ist unsere multifunktionale Druschmaschine im In- und Ausland sehr beliebt. Wir haben in viele L\u00e4nder exportiert, wie z. B. Nigeria, Botswana, Uganda, die Vereinigten Staaten, Bangladesch, <a href=\"https:\/\/taizyagromachine.com\/de\/info\/corn-sheller-machine-ghana\/\" target=\"_blank\" rel=\"noreferrer noopener\">Ghana<\/a> usw. Wenn Sie interessiert sind, kontaktieren Sie uns bitte f\u00fcr weitere Details!<\/p>    <h2 class=\"wp-block-heading\"><strong>Arten der Maisdreschmaschine <\/strong><\/h2>    <p class=\"translation-block\">Als <a href=\"https:\/\/taizyagromachine.com\/de\/about-us\/\" target=\"_blank\" rel=\"noreferrer noopener\">professioneller Hersteller und Lieferant von Maisdruschmaschinen<\/a> haben wir verschiedene Maschinenerscheinungen f\u00fcr Ihre Referenz. Unten sind drei Typen dargestellt: jeweils der gew\u00f6hnliche Typ, der Zapfwellentyp mit gro\u00dfen Reifen und der Dieselmotortyp mit gro\u00dfen Reifen. Nat\u00fcrlich k\u00f6nnen Sie auch den Elektromotor als Stromquelle w\u00e4hlen. Es h\u00e4ngt davon ab, was Sie bevorzugen. <\/p>    <figure class=\"wp-block-gallery aligncenter has-nested-images columns-default is-cropped wp-block-gallery-2 is-layout-flex wp-block-gallery-is-layout-flex\"> <figure class=\"wp-block-image size-large\"><img loading=\"lazy\" decoding=\"async\" width=\"720\" height=\"540\" data-id=\"3648\" src=\"https:\/\/taizyagromachine.com\/wp-content\/uploads\/2022\/10\/corn-thresher-for-sale.webp\" alt=\"Maisdrescher zu verkaufen\" class=\"wp-image-3648\"\/><figcaption class=\"wp-element-caption\">Maisdrescher zu verkaufen<\/figcaption><\/figure>    <figure class=\"wp-block-image size-large\"><img loading=\"lazy\" decoding=\"async\" width=\"720\" height=\"540\" data-id=\"3650\" src=\"https:\/\/taizyagromachine.com\/wp-content\/uploads\/2022\/10\/corn-threshing-machine-with-PTO-and-tire.webp\" alt=\"Mais-Dreschmaschine-mit-Zapfwelle-und-Reifen\" class=\"wp-image-3650\"\/><figcaption class=\"wp-element-caption\">Maisdreschmaschine mit Zapfwelle und Reifen<\/figcaption><\/figure>    <figure class=\"wp-block-image size-large\"><img loading=\"lazy\" decoding=\"async\" width=\"720\" height=\"540\" data-id=\"3649\" src=\"https:\/\/taizyagromachine.com\/wp-content\/uploads\/2022\/10\/maize-thresher-with-the-diesel-engine-and-tire-.webp\" alt=\"Maisdrescher-mit-Dieselmotor-und-Reifen-\" class=\"wp-image-3649\"\/><figcaption class=\"wp-element-caption\">Maisdrescher mit Dieselmotor und Reifen <\/figcaption><\/figure> <\/figure>    <h2 class=\"wp-block-heading\"><strong>Anwendungen der Mehrkorn-Mais-Dreschmaschine 5T-1000<\/strong><\/h2>    <div class=\"wp-block-media-text alignwide is-stacked-on-mobile\"><figure class=\"wp-block-media-text__media\"><img loading=\"lazy\" decoding=\"async\" width=\"540\" height=\"600\" src=\"https:\/\/taizyagromachine.com\/wp-content\/uploads\/2022\/10\/applications-of-the-mutifunctional-thresher-machine.webp\" alt=\"Anwendungen der multifunktionalen Dreschmaschine\" class=\"wp-image-3656 size-full\"\/><\/figure><div class=\"wp-block-media-text__content\"> <p>Aufgrund seiner Vielseitigkeit eignet sich diese Art von Maisdreschmaschine haupts\u00e4chlich f\u00fcr Mais, Sorghum, Hirse und Sojabohnen. Au\u00dferdem eignet es sich zum Dreschen von Saubohnen, Perlhirse, Reis, Weizen, Kichererbsen usw. <\/p> <\/div><\/div>    <h2 class=\"wp-block-heading\"><strong>Struktur der <a href=\"https:\/\/cornmachines.com\/multifunctional-thresher-machine\/\" target=\"_blank\" rel=\"noreferrer noopener\">Multifunktionaler Maisdrescher zu verkaufen<\/a><\/strong><\/h2>    <p>Seine Struktur ist im folgenden Bild sehr deutlich zu erkennen. Die Maisdreschmaschine besteht aus Einlass, Auslass, Doppelventilatoren, gro\u00dfen R\u00e4dern, Halteteil und Antriebssystem (Zapfwelle). Bitte beachten Sie, dass diese Maschine \u00fcber 3 Siebe und 2 Ventilatoren verf\u00fcgt, was zu einem saubereren Mais f\u00fchrt.<\/p>   <div class=\"wp-block-image\"> <figure class=\"aligncenter size-full\"><img loading=\"lazy\" decoding=\"async\" width=\"720\" height=\"540\" src=\"https:\/\/taizyagromachine.com\/wp-content\/uploads\/2022\/10\/structure-of-the-corn-thresher-machine.webp\" alt=\"Aufbau der Maisdreschmaschine\" class=\"wp-image-3658\"\/><figcaption class=\"wp-element-caption\">Aufbau der Maisdreschmaschine<\/figcaption><\/figure> <\/div>   <h2 class=\"wp-block-heading\"><strong>Was beeinflusst den Preis der Maisdreschmaschine?<\/strong><\/h2>    <ul class=\"wp-block-list\"> <li><strong>Maschinenkonfiguration<\/strong>. Es ist sehr leicht zu verstehen. Wenn Sie eine Maisdreschmaschine ohne Reifen kaufen m\u00f6chten, muss diese deutlich g\u00fcnstiger sein als eine Maschine mit gro\u00dfen Reifen.<\/li>    <li><strong>Maschinenantriebssystem<\/strong>. Da diese Art multifunktionaler Maisdrescher drei Leistungsstufen nutzen kann, hat jede Art einen anderen Preis. <\/li>    <li><strong>Die Lieferentfernung<\/strong>. Wenn Sie es nach Nigeria oder nach Ghana schicken m\u00f6chten, sind die Entfernungen unterschiedlich. Nat\u00fcrlich sind die Transportkosten unterschiedlich.<\/li> <\/ul>    <h2 class=\"wp-block-heading\"><strong>Vorteile der multifunktionalen Dreschmaschine<\/strong><\/h2>    <ol class=\"wp-block-list\"> <li>Drei Antriebssysteme: Zapfwelle, Dieselmotor und Elektromotor.<\/li>    <li>Gro\u00dfe Reifen und Rahmen, leicht zu bewegen.<\/li>    <li>Multifunktionen: Wird zum Dreschen von Mais, Sorghum, Hirse und Sojabohnen verwendet. <\/li>    <li>Hohe Effizienz, flexible Energieoptionen.<\/li> <\/ol>    <h2 class=\"wp-block-heading\"><strong>Erfolgreicher Fall: Gro\u00dfe multifunktionale Maisdreschmaschine nach Bangladesch verkauft<\/strong><\/h2>    <div class=\"wp-block-media-text alignwide is-stacked-on-mobile\"><figure class=\"wp-block-media-text__media\"><img loading=\"lazy\" decoding=\"async\" width=\"540\" height=\"600\" src=\"https:\/\/taizyagromachine.com\/wp-content\/uploads\/2022\/10\/package.webp\" alt=\"Paket\" class=\"wp-image-3659 size-full\"\/><\/figure><div class=\"wp-block-media-text__content\"> <p>Der Kunde aus Bangladesch wollte eine Maisdreschmaschine kaufen und kontaktierte uns, nachdem er unsere Maschine bei einer Online-Suche gesehen hatte.<\/p>    <p>Als er auf unserer Website st\u00f6berte, sah er dieses Multifunktionsger\u00e4t und interessierte sich mehr daf\u00fcr. Und durch die Vorstellung unserer Vertriebsleiterin Anna wusste er, dass diese Maschine multifunktional ist und wollte sie noch mehr kaufen.<\/p>    <p>Schlie\u00dflich bestellte der Kunde aus Bangladesch eine rote Dreschmaschine mit gro\u00dfen R\u00e4dern.<\/p> <\/div><\/div>    <h2 class=\"wp-block-heading\"><strong>Arbeitsvideo einer gro\u00dfen Maisdreschmaschine<\/strong><\/h2>    <figure class=\"wp-block-embed is-type-video is-provider-youtube wp-block-embed-youtube wp-embed-aspect-16-9 wp-has-aspect-ratio\"><div class=\"wp-block-embed__wrapper\"> <iframe loading=\"lazy\" title=\"Gro\u00dfe multifunktionale Getreidedreschmaschine f\u00fcr Mais, Sorghum, Sojabohnen, Hirse, Reis, Weizen\" width=\"500\" height=\"281\" src=\"https:\/\/www.youtube.com\/embed\/6AIQ2-hvsdY?start=4&#038;feature=oembed\" frameborder=\"0\" allow=\"accelerometer; autoplay; clipboard-write; encrypted-media; gyroscope; picture-in-picture; web-share\" referrerpolicy=\"strict-origin-when-cross-origin\" allowfullscreen><\/iframe> <\/div><\/figure>    <h2 class=\"wp-block-heading\"><strong>Technische Parameter der Maisdreschmaschine<\/strong><\/h2>    <figure class=\"wp-block-table\"><table><tbody><tr><td>Modell<\/td><td>5T-1000<\/td><\/tr><tr><td>Anwendung<\/td><td>Mais, Sorghum, Hirse, Sojabohne<\/td><\/tr><tr><td>Leistung<\/td><td>12 PS Dieselmotor<\/td><\/tr><tr><td>Drehzahl der Hauptwelle<\/td><td>550\u2013620 U\/min<\/td><\/tr><tr><td>Kapazit\u00e4t<\/td><td>Mais: 2-4 t\/h<br>Sorghum, Hirse: 1-2t\/h<br>Sojabohnen: 0,5\u20130,8 t\/h<\/td><\/tr><tr><td>Sieb<\/td><td>3 St\u00fcck<br>Maissieb: \u03c618mm<br>Sorghum, Hirsesieb: \u03c66mm<br>Sojabohne: \u03c612mm<\/td><\/tr><tr><td>Gewicht<\/td><td>650kg<\/td><\/tr><tr><td>Gesamtgr\u00f6\u00dfe<\/td><td>3400*2100*1980mm<\/td><\/tr><tr><td>Packma\u00df<\/td><td>2800*740*1400mm<\/td><\/tr><\/tbody><\/table><\/figure>","protected":false},"excerpt":{"rendered":"<p>Taizy corn threshing machine actually belongs to the multifunctional grain thresher, used for shelling maize, sorghum, millet, and soybean. The multifunctional thresher machine can use an electric motor, diesel engine, and PTO as the power system. Besides, the corn thresher machine for sale can be equipped with big tyres, which is preferred by African customers. [&hellip;]<\/p>\n","protected":false},"author":1,"featured_media":3661,"parent":0,"template":"","tags":[195,197,198],"product-type":[17],"class_list":["post-3644","product","type-product","status-publish","has-post-thumbnail","hentry","tag-corn-thresher","tag-corn-threshing-machine","tag-multifunctional-thresher","product-type-corn-machine"],"_links":{"self":[{"href":"https:\/\/taizyagromachine.com\/de\/wp-json\/wp\/v2\/product\/3644","targetHints":{"allow":["GET"]}}],"collection":[{"href":"https:\/\/taizyagromachine.com\/de\/wp-json\/wp\/v2\/product"}],"about":[{"href":"https:\/\/taizyagromachine.com\/de\/wp-json\/wp\/v2\/types\/product"}],"author":[{"embeddable":true,"href":"https:\/\/taizyagromachine.com\/de\/wp-json\/wp\/v2\/users\/1"}],"wp:featuredmedia":[{"embeddable":true,"href":"https:\/\/taizyagromachine.com\/de\/wp-json\/wp\/v2\/media\/3661"}],"wp:attachment":[{"href":"https:\/\/taizyagromachine.com\/de\/wp-json\/wp\/v2\/media?parent=3644"}],"wp:term":[{"taxonomy":"post_tag","embeddable":true,"href":"https:\/\/taizyagromachine.com\/de\/wp-json\/wp\/v2\/tags?post=3644"},{"taxonomy":"product-type","embeddable":true,"href":"https:\/\/taizyagromachine.com\/de\/wp-json\/wp\/v2\/product-type?post=3644"}],"curies":[{"name":"wp","href":"https:\/\/api.w.org\/{rel}","templated":true}]}}