{"id":3756,"date":"2022-10-19T13:17:50","date_gmt":"2022-10-19T05:17:50","guid":{"rendered":"https:\/\/taizyagromachine.com\/?post_type=product&#038;p=3756"},"modified":"2025-01-02T13:54:48","modified_gmt":"2025-01-02T05:54:48","slug":"small-rice-milling-machine","status":"publish","type":"product","link":"https:\/\/taizyagromachine.com\/de\/product\/small-rice-milling-machine\/","title":{"rendered":"Kleine Reism\u00fchle"},"content":{"rendered":"<p class=\"translation-block\">Die Reis-Sch\u00e4lmaschine wird verwendet, um wei\u00dfen Reis herzustellen, sowohl f\u00fcr gewerbliche als auch f\u00fcr den Hausgebrauch. Diese Reissch\u00e4lmaschine ist kosteneffektiv, von guter Qualit\u00e4t und langlebig. Au\u00dferdem kann dieses Ger\u00e4t von einem Elektromotor oder einem Dieselmotor angetrieben werden. Im Gegensatz zum <a href=\"https:\/\/taizyagromachine.com\/de\/product\/rice-mill\/\" target=\"_blank\" rel=\"noreferrer noopener\">Reis-Sch\u00e4lmodul<\/a> ist diese Taizy-Reis-Maschine eine kleine Maschine, die oft in Haushalten, kleinen L\u00e4den usw. verwendet wird. <\/p>    <p class=\"translation-block\">Taizy-Reischsch\u00e4lmaschine wurde in die USA, Mauretanien, Burkina Faso, Guinea, Nigeria, Mosambik usw. exportiert. Wenn Sie an diese Art von Maschine interessiert sind, bitte <a href=\"https:\/\/taizyagromachine.com\/de\/contact\/\" target=\"_blank\" rel=\"noreferrer noopener\">kontaktieren Sie uns<\/a>!<\/p>    <h2 class=\"wp-block-heading\"><strong>Arten von Reism\u00fchlen<\/strong><\/h2>    <p>Als professioneller Hersteller und Produzent von Reism\u00fchlenmaschinen verf\u00fcgen wir \u00fcber eine breite Palette an Modellen von Reism\u00fchlenmaschinen. Wir haben vier Arten von Reism\u00fchlen: SB-05D, SB-10D, SB-30D und SB-50D. Die Leistung und das Gewicht jedes Modells sind unterschiedlich.<\/p>    <p>Was das Aussehen angeht, sind unsere Reism\u00fchlen in verschiedenen Ausf\u00fchrungen, g\u00e4ngigen Modellen, mit Zyklon, mit Stoffbeuteln usw. erh\u00e4ltlich. Kurz gesagt, es kommt auf Ihre Bed\u00fcrfnisse an. Wenn Sie spezielle und angemessene Anforderungen haben, werden unsere Maschinen Sie auf jeden Fall zufriedenstellen.<\/p>    <p class=\"translation-block\"><strong>Normale Mini-Reissch\u00e4lmaschine<\/strong><\/p>    <figure class=\"wp-block-gallery aligncenter has-nested-images columns-default is-cropped wp-block-gallery-2 is-layout-flex wp-block-gallery-is-layout-flex\"> <figure class=\"wp-block-image size-large\"><img loading=\"lazy\" decoding=\"async\" width=\"540\" height=\"720\" data-id=\"3789\" src=\"https:\/\/taizyagromachine.com\/wp-content\/uploads\/2022\/10\/rice-husk-miller.webp\" alt=\"Reisschalen-M\u00fcller\" class=\"wp-image-3789\"\/><figcaption>Reisschalenm\u00fcller<\/figcaption><\/figure>    <figure class=\"wp-block-image size-large\"><img loading=\"lazy\" decoding=\"async\" width=\"540\" height=\"720\" data-id=\"3788\" src=\"https:\/\/taizyagromachine.com\/wp-content\/uploads\/2022\/10\/rice-husker.webp\" alt=\"Reissch\u00e4ler\" class=\"wp-image-3788\"\/><figcaption>Reissch\u00e4ler<\/figcaption><\/figure> <\/figure>    <p class=\"translation-block\"><strong>Reissch\u00e4lmaschine mit Zyklon<\/strong><\/p>    <figure class=\"wp-block-gallery aligncenter has-nested-images columns-default is-cropped wp-block-gallery-3 is-layout-flex wp-block-gallery-is-layout-flex\"> <figure class=\"wp-block-image size-large\"><img loading=\"lazy\" decoding=\"async\" width=\"540\" height=\"720\" data-id=\"3790\" src=\"https:\/\/taizyagromachine.com\/wp-content\/uploads\/2022\/10\/mini-rice-miller.webp\" alt=\"Mini-Reism\u00fchle\" class=\"wp-image-3790\"\/><figcaption>Mini-Reism\u00fchle<\/figcaption><\/figure>    <figure class=\"wp-block-image size-large\"><img loading=\"lazy\" decoding=\"async\" width=\"540\" height=\"720\" data-id=\"3791\" src=\"https:\/\/taizyagromachine.com\/wp-content\/uploads\/2022\/10\/rice-mini-milling-machine-with-the-cyclone.webp\" alt=\"Reis-Mini-Mahlmaschine-mit-Zyklon\" class=\"wp-image-3791\"\/><figcaption>Reis-Mini-Fr\u00e4smaschine <\/figcaption><\/figure> <\/figure>    <p class=\"translation-block\"><strong>Kombinierte Reprocessing-Maschine<\/strong><\/p>    <figure class=\"wp-block-gallery aligncenter has-nested-images columns-default is-cropped wp-block-gallery-4 is-layout-flex wp-block-gallery-is-layout-flex\"> <figure class=\"wp-block-image size-large\"><img loading=\"lazy\" decoding=\"async\" width=\"540\" height=\"850\" data-id=\"3793\" src=\"https:\/\/taizyagromachine.com\/wp-content\/uploads\/2022\/10\/combined-rice-mill.webp\" alt=\"Kombi-Reism\u00fchle\" class=\"wp-image-3793\"\/><figcaption>kombinierte Reism\u00fchle<\/figcaption><\/figure>    <figure class=\"wp-block-image size-large\"><img loading=\"lazy\" decoding=\"async\" width=\"540\" height=\"850\" data-id=\"3794\" src=\"https:\/\/taizyagromachine.com\/wp-content\/uploads\/2022\/10\/combined-rice-processing-machine.webp\" alt=\"Kombinierte Reisverarbeitungsmaschine\" class=\"wp-image-3794\"\/><figcaption>kombinierte Reisverarbeitungsmaschine<\/figcaption><\/figure> <\/figure>    <h2 class=\"wp-block-heading\"><strong>Vorteile einer kommerziellen Reism\u00fchle<\/strong><\/h2>    <ol class=\"wp-block-list\"><li>Diese kleine Reism\u00fchle von Taizy hat einen vern\u00fcnftigen Aufbau und ein passendes Layout, was sehr benutzerfreundlich ist.<\/li><li>Die Leistung dieser kleinen Reispoliermaschine liegt zwischen 400 und 2300 kg pro Stunde und bietet zahlreiche Optionen zur Zeitersparnis.<\/li><li>Der von dieser Maschine produzierte wei\u00dfe Reis entspricht den nationalen Lebensmittelsicherheitsvorschriften und ist hochwertiger Reis.<\/li><li>Die Taizy-Reisverarbeitungsmaschine sorgt f\u00fcr eine saubere Reissch\u00e4lung, eine geringe Reisbruchrate und einen sehr guten Sch\u00e4leffekt.<\/li><li>Diese Reissch\u00e4lmaschine kann wahlweise mit einem Elektromotor oder einem Dieselmotor angetrieben werden.<\/li><\/ol>    <h2 class=\"wp-block-heading\"><strong>Faktoren, die den Preis einer Reism\u00fchle beeinflussen<\/strong><\/h2>    <p>Unsere kleine Reism\u00fchlenmaschine Taizy ist kompakt und vern\u00fcnftig aufgebaut und hat einen wettbewerbsf\u00e4higen Preis auf dem Markt f\u00fcr Reism\u00fchlenmaschinen. Der Preis wird jedoch von den folgenden Aspekten beeinflusst (einschlie\u00dflich, aber nicht beschr\u00e4nkt auf):<\/p>    <p class=\"translation-block\"><strong>Die Modelle sind unterschiedlich<\/strong>. Angenommen, die ausgew\u00e4hlte Leistung ist gleich, w\u00e4hlen Sie unterschiedliche Modelle, die Leistung, Gr\u00f6\u00dfe usw. der Maschine sind unterschiedlich, daher ist auch der Preis der Maschine unterschiedlich.<\/p>    <p class=\"translation-block\"><strong>Leistungsauswahl<\/strong>. Zum Beispiel w\u00e4hlt man den Reissch\u00e4lmaschinen-Typ SB-30D, weil dieser Typ mit einem Motor und einem Dieselmotor ausgestattet werden kann, aber der Preis beider ist unterschiedlich. Daher wird der Preis der Maschine ebenfalls verschieden sein.<\/p>    <p class=\"translation-block\"><strong>Gro\u00dfhandel-Maschine<\/strong>. Weil diese<a href=\"https:\/\/en.wikipedia.org\/wiki\/Rice_huller\" target=\"_blank\" rel=\"noreferrer noopener\"> Reis-Sch\u00e4lmaschine<\/a> relativ klein ist, verkaufen wir sie gew\u00f6hnlich im Gro\u00dfhandel. Der Preis der Maschine beim Gro\u00dfhandel ist auch anders als der Preis beim Einzelkauf.<\/p>   <div class=\"wp-block-image\"> <figure class=\"aligncenter size-full\"><img loading=\"lazy\" decoding=\"async\" width=\"720\" height=\"540\" src=\"https:\/\/taizyagromachine.com\/wp-content\/uploads\/2022\/10\/wholesale-rice-milling-machine.webp\" alt=\"Gro\u00dfhandel Reismahlmaschine\" class=\"wp-image-3784\"\/><figcaption>Gro\u00dfhandel Reismahlmaschine<\/figcaption><\/figure> <\/div>   <h2 class=\"wp-block-heading\"><strong>Verschlei\u00dfteile der Reisverarbeitungsmaschine<\/strong><\/h2>    <div class=\"wp-block-media-text alignwide is-stacked-on-mobile\"><figure class=\"wp-block-media-text__media\"><img loading=\"lazy\" decoding=\"async\" width=\"540\" height=\"720\" src=\"https:\/\/taizyagromachine.com\/wp-content\/uploads\/2022\/10\/wearing-parts-of-the-rice-processing-machine.webp\" alt=\"Verschlei\u00dfteile der Reisverarbeitungsmaschine\" class=\"wp-image-3763 size-full\"\/><\/figure><div class=\"wp-block-media-text__content\"> <p>Gummiwalze: 2 St\u00fcck\/Set<\/p>    <p>Eisenwalze: 1 St\u00fcck\/Set<\/p>    <p>F\u00f6rderkopf: 1 St\u00fcck\/Set <\/p>    <p>Sieb: 2 St\u00fcck\/Set<\/p>    <p>Sechseckiger G\u00fcrtel: 3 St\u00fcck\/Set<\/p>    <p>Dies sind die Verbrauchsteile, wenn Sie die Reism\u00fchle verwenden. Achten Sie also auf diese Teile. Au\u00dferdem k\u00f6nnen Sie sofort zus\u00e4tzliche Ersatzteile kaufen.<\/p> <\/div><\/div>    <h2 class=\"wp-block-heading\"><strong>Erfolgreicher Fall: Mini-Reism\u00fchle nach Mosambik verkauft<\/strong><\/h2>    <p>Im Juni dieses Jahres kontaktierte uns ein Kunde aus Mosambik und schickte uns per WhatsApp eine Anfrage zum Haushaltsreism\u00fcller. Er ist H\u00e4ndler und verkauft verschiedene Reism\u00fchlen in der Region. Unser Manager Winnie versorgte ihn mit Informationen \u00fcber die Maschine. Nachdem er es sich angesehen hatte, bestellte er zum ersten Mal 5 Einheiten und sagte, er w\u00fcrde weiterhin bestellen, wenn es gut funktioniere. Im Oktober dieses Jahres bestellte er 10 weitere Einheiten.<\/p>    <figure class=\"wp-block-gallery aligncenter has-nested-images columns-default is-cropped wp-block-gallery-5 is-layout-flex wp-block-gallery-is-layout-flex\"> <figure class=\"wp-block-image size-full\"><img loading=\"lazy\" decoding=\"async\" width=\"720\" height=\"540\" data-id=\"3759\" src=\"https:\/\/taizyagromachine.com\/wp-content\/uploads\/2022\/10\/rice-milling-machine-for-sale.webp\" alt=\"Reismahlmaschine zu verkaufen\" class=\"wp-image-3759\"\/><figcaption>Reism\u00fchle zu verkaufen<\/figcaption><\/figure>    <figure class=\"wp-block-image size-full\"><img loading=\"lazy\" decoding=\"async\" width=\"720\" height=\"540\" data-id=\"3758\" src=\"https:\/\/taizyagromachine.com\/wp-content\/uploads\/2022\/10\/packages.webp\" alt=\"Pakete\" class=\"wp-image-3758\"\/><figcaption>Pakete<\/figcaption><\/figure> <\/figure>    <h2 class=\"wp-block-heading\"><strong>Technische Parameter der zum Verkauf stehenden Reism\u00fchle<\/strong><\/h2>    <figure class=\"wp-block-table\"><table><tbody><tr><td>Modell<\/td><td>SB-05D<\/td><td>SB-10D<\/td><td>SB-30D<\/td><td>SB-50D<\/td><\/tr><tr><td>Leistung<\/td><td>10-PS-Dieselmotor \/ 5,5-kW-Motor<\/td><td>15-PS-Dieselmotor\/11-kW-Motor<\/td><td>&nbsp;&nbsp;&nbsp;&nbsp;18-PS-Dieselmotor\/15-kW-Motor<\/td><td>30-PS-Dieselmotor\/22-kW-Motor<\/td><\/tr><tr><td>Kapazit\u00e4t<\/td><td>400\u2013600 kg\/h<\/td><td>700-1000kg\/h<\/td><td>&nbsp;&nbsp;&nbsp;1100\u20131500 kg\/h<\/td><td>1800\u20132300 kg\/h<\/td><\/tr><tr><td>Nettogewicht<\/td><td>130kg<\/td><td>230kg<\/td><td>&nbsp;&nbsp;&nbsp;&nbsp;&nbsp;270kg<\/td><td>530kg<\/td><\/tr><tr><td>Bruttogewicht<\/td><td>160kg<\/td><td>&nbsp;285kg<\/td><td>&nbsp;&nbsp;&nbsp;&nbsp;&nbsp;300kg<\/td><td>580kg<\/td><\/tr><tr><td>Gesamtgr\u00f6\u00dfe<\/td><td>860*692*1290mm<\/td><td>760*730*1735mm<\/td><td>1070*760*1760mm<\/td><td>2400*1080*2080mm<\/td><\/tr><tr><td>Menge\/20 GP wird geladen<\/td><td>27 S\u00e4tze<\/td><td>24 S\u00e4tze<\/td><td>18 S\u00e4tze<\/td><td>12 S\u00e4tze<\/td><\/tr><\/tbody><\/table><\/figure>    <h2 class=\"wp-block-heading\"><strong>Arbeitsvideo der Taizy-Reism\u00fchle<\/strong><\/h2>    <p><\/p>    <figure class=\"wp-block-embed is-type-video is-provider-youtube wp-block-embed-youtube wp-embed-aspect-16-9 wp-has-aspect-ratio\"><div class=\"wp-block-embed__wrapper\"> <iframe loading=\"lazy\" title=\"Beste kleine Reism\u00fchle | Reism\u00fchlenmaschine f\u00fcr zu Hause #ricemillmachine\" width=\"500\" height=\"281\" src=\"https:\/\/www.youtube.com\/embed\/oXby4Zx-N4s?feature=oembed\" frameborder=\"0\" allow=\"accelerometer; autoplay; clipboard-write; encrypted-media; gyroscope; picture-in-picture; web-share\" referrerpolicy=\"strict-origin-when-cross-origin\" allowfullscreen><\/iframe> <\/div><\/figure>","protected":false},"excerpt":{"rendered":"<p>The rice milling machine uses to produce white rice, for commercial and home use. This rice miller machine is cost-effective, good quality, and durable. Besides, this machine can be powered by an electric motor or diesel engine. Unlike the rice milling unit, this Taizy rice mill machine is a small machine, which is often used [&hellip;]<\/p>\n","protected":false},"author":1,"featured_media":3783,"parent":0,"template":"","tags":[35,56,57],"product-type":[18],"class_list":["post-3756","product","type-product","status-publish","has-post-thumbnail","hentry","tag-rice-mill","tag-rice-mill-machine","tag-rice-milling-machine","product-type-rice-mill"],"_links":{"self":[{"href":"https:\/\/taizyagromachine.com\/de\/wp-json\/wp\/v2\/product\/3756","targetHints":{"allow":["GET"]}}],"collection":[{"href":"https:\/\/taizyagromachine.com\/de\/wp-json\/wp\/v2\/product"}],"about":[{"href":"https:\/\/taizyagromachine.com\/de\/wp-json\/wp\/v2\/types\/product"}],"author":[{"embeddable":true,"href":"https:\/\/taizyagromachine.com\/de\/wp-json\/wp\/v2\/users\/1"}],"wp:featuredmedia":[{"embeddable":true,"href":"https:\/\/taizyagromachine.com\/de\/wp-json\/wp\/v2\/media\/3783"}],"wp:attachment":[{"href":"https:\/\/taizyagromachine.com\/de\/wp-json\/wp\/v2\/media?parent=3756"}],"wp:term":[{"taxonomy":"post_tag","embeddable":true,"href":"https:\/\/taizyagromachine.com\/de\/wp-json\/wp\/v2\/tags?post=3756"},{"taxonomy":"product-type","embeddable":true,"href":"https:\/\/taizyagromachine.com\/de\/wp-json\/wp\/v2\/product-type?post=3756"}],"curies":[{"name":"wp","href":"https:\/\/api.w.org\/{rel}","templated":true}]}}