{"id":4091,"date":"2022-11-21T11:05:17","date_gmt":"2022-11-21T03:05:17","guid":{"rendered":"https:\/\/taizyagromachine.com\/?post_type=product&#038;p=4091"},"modified":"2025-01-02T13:50:30","modified_gmt":"2025-01-02T05:50:30","slug":"corn-sheller-maize-threshing-machine","status":"publish","type":"product","link":"https:\/\/taizyagromachine.com\/de\/product\/corn-sheller-maize-threshing-machine\/","title":{"rendered":"Maissch\u00e4ler | Mais-Dreschmaschine"},"content":{"rendered":"<p class=\"translation-block\">Der Mais-Drescher ist speziell f\u00fcr das Dreschen von Mais konzipiert und ist f\u00fcr Maisbauern von Vorteil. Dieser <a href=\"https:\/\/taizyagromachine.com\/de\/product\/multifunctional-thresher\/\" target=\"_blank\" rel=\"noreferrer noopener\">Mais-Drescher<\/a> ist einfach im Aufbau und sehr effizient, er kann 3-4 Tonnen Mais pro Stunde dreschen, was ihn ideal f\u00fcr kleine oder mittlere Maisanbauer macht. Au\u00dferdem ist diese <a href=\"https:\/\/cornmachines.com\/corn-sheller-machine\/\" target=\"_blank\" rel=\"noreferrer noopener\">Mais-Dreschmaschine<\/a> sehr kosteng\u00fcnstig, preiswert und gleichzeitig von guter Qualit\u00e4t.<\/p>    <p>Daher ist diese Maisdreschmaschine im In- und Ausland sehr beliebt, da Nigeria, die Philippinen, Kenia usw. die L\u00e4nder sind, die wir exportieren m\u00f6chten.<\/p>    <h2 class=\"wp-block-heading\"><strong>Arten von Maissch\u00e4lern zum Verkauf<\/strong><\/h2>    <div class=\"wp-block-columns is-layout-flex wp-container-core-columns-is-layout-9d6595d7 wp-block-columns-is-layout-flex\"> <div class=\"wp-block-column is-layout-flow wp-block-column-is-layout-flow\"><div class=\"wp-block-image\"> <figure class=\"aligncenter size-full\"><img loading=\"lazy\" decoding=\"async\" width=\"540\" height=\"600\" src=\"https:\/\/taizyagromachine.com\/wp-content\/uploads\/2022\/11\/corn-sheller-machine-for-sale.webp\" alt=\"Maissch\u00e4lmaschine zu verkaufen\" class=\"wp-image-4099\"\/><figcaption class=\"wp-element-caption\">Maissch\u00e4lmaschine zu verkaufen<\/figcaption><\/figure> <\/div><\/div>    <div class=\"wp-block-column is-layout-flow wp-block-column-is-layout-flow\"> <p><\/p>    <p>Diese Maissch\u00e4lmaschine von Taizy ist auf die Bed\u00fcrfnisse der meisten Maisanbauer zugeschnitten und \u00e4u\u00dferst selektiv. Zur Leistungsunterst\u00fctzung kann die Maissch\u00e4lmaschine mit einem Elektromotor, einem Benzinmotor und einem Dieselmotor ausgestattet werden. Das entsprechende Aggregat kann je nach Kundenwunsch angepasst werden.<\/p>    <p>Dar\u00fcber hinaus kann diese Maschine, wie Sie auf dem Bild sehen k\u00f6nnen, mit kleinen R\u00e4dern ausgestattet werden, die sich sehr bequem bewegen lassen. Es gibt auch Halterungen, die dem Benutzer eine einfachere Bedienung der Maschine erm\u00f6glichen.<\/p>    <p>Unsere Maissch\u00e4lmaschine bietet eine hervorragende Leistung beim Dreschen von Mais mit hoher Sch\u00e4lgeschwindigkeit, um saubere und ganze Maisk\u00f6rner zu erhalten. Somit ist es ein guter Helfer f\u00fcr die Landwirte. Bei Interesse nehmen Sie gerne Kontakt mit uns auf!<\/p> <\/div> <\/div>    <h2 class=\"wp-block-heading\"><strong>Design von Maissch\u00e4lmaschinen<\/strong><\/h2>    <p>Tats\u00e4chlich ist unser Maschinendesign, wie Sie auf den Bildern unten sehen k\u00f6nnen, sehr einfach und besteht haupts\u00e4chlich aus Maiseinlass, Maisauslass, Maissamenauslass, Stromversorgungssystem, Halterung usw. Es ist sehr praktisch und einfach zu bedienen. <\/p>    <p>Die Mais-Dreschmaschine sieht insgesamt einfach und sch\u00f6n aus, sehr attraktiv, und diese Maschine bietet ein gutes Preis-Leistungs-Verh\u00e4ltnis und ist sehr gut f\u00fcr den Gro\u00dfhandel geeignet.<\/p>   <div class=\"wp-block-image\"> <figure class=\"aligncenter size-full\"><img loading=\"lazy\" decoding=\"async\" width=\"720\" height=\"540\" src=\"https:\/\/taizyagromachine.com\/wp-content\/uploads\/2022\/11\/corn-sheller-machine-structure.webp\" alt=\"Struktur der Maissch\u00e4lmaschine\" class=\"wp-image-4104\"\/><figcaption class=\"wp-element-caption\">Struktur der Maissch\u00e4lmaschine<\/figcaption><\/figure> <\/div>   <h2 class=\"wp-block-heading\"><strong>Wie funktioniert der Maissch\u00e4ler?<\/strong><\/h2>    <p>Tats\u00e4chlich ist das Funktionsprinzip sehr einfach zu verstehen. Der Mais wird durch den Einlass zugef\u00fchrt und im Inneren werden Kolben und K\u00f6rner getrennt. Anschlie\u00dfend treten die K\u00f6rner aus dem Sieb aus, w\u00e4hrend die Kolben am Ende der Maschine ausgeworfen werden. Dieser Vorgang ist beim Dreschen sehr schnell und effektiv. Au\u00dferdem muss es vor der Verwendung ordnungsgem\u00e4\u00df \u00fcberpr\u00fcft werden.<\/p>    <figure class=\"wp-block-gallery aligncenter has-nested-images columns-default is-cropped wp-block-gallery-2 is-layout-flex wp-block-gallery-is-layout-flex\"> <figure class=\"wp-block-image size-full\"><img loading=\"lazy\" decoding=\"async\" width=\"750\" height=\"750\" data-id=\"4113\" src=\"https:\/\/taizyagromachine.com\/wp-content\/uploads\/2022\/11\/working-scene-of-the-corn-sheller-machine.webp\" alt=\"Arbeitsszene der Maissch\u00e4lmaschine\" class=\"wp-image-4113\"\/><figcaption class=\"wp-element-caption\">Arbeitsszene der Maissch\u00e4lmaschine<\/figcaption><\/figure>    <figure class=\"wp-block-image size-full\"><img loading=\"lazy\" decoding=\"async\" width=\"750\" height=\"750\" data-id=\"4112\" src=\"https:\/\/taizyagromachine.com\/wp-content\/uploads\/2022\/11\/corn-kernels.webp\" alt=\"Maisk\u00f6rner\" class=\"wp-image-4112\"\/><figcaption class=\"wp-element-caption\">Maisk\u00f6rner<\/figcaption><\/figure> <\/figure>    <h2 class=\"wp-block-heading\"><strong>Gro\u00dfhandel f\u00fcr Mais-Mais-Dreschmaschine <\/strong><\/h2>    <p class=\"translation-block\">Der Taizy Mais-Drescher bietet ein gutes Preis-Leistungs-Verh\u00e4ltnis, daher ist es nicht ungew\u00f6hnlich, dass Kunden mit 5 Einheiten beginnen und Dutzende oder Hunderte von Einheiten kaufen. Zum Beispiel haben wir im Oktober dieses Jahres <a href=\"https:\/\/taizyagromachine.com\/de\/info\/corn-thresher-philippines\/\" target=\"_blank\" rel=\"noreferrer noopener\">10 dieser Mais-Drescher auf die Philippinen verschifft<\/a>. Wenn die Maschinen beladen werden, werden sie oft wie unten gezeigt beladen, und unser erfahrenes Personal wird die Maschinen mit maximalem Schutz vor Transportsch\u00e4den beladen.<\/p>    <figure class=\"wp-block-gallery aligncenter has-nested-images columns-default is-cropped wp-block-gallery-3 is-layout-flex wp-block-gallery-is-layout-flex\"> <figure class=\"wp-block-image size-full\"><img loading=\"lazy\" decoding=\"async\" width=\"720\" height=\"540\" data-id=\"4115\" src=\"https:\/\/taizyagromachine.com\/wp-content\/uploads\/2022\/11\/maize-sheller-ready-for-load.webp\" alt=\"Maissch\u00e4ler-bereit-zur-Verladung\" class=\"wp-image-4115\"\/><figcaption class=\"wp-element-caption\">Maissch\u00e4ler <\/figcaption><\/figure>    <figure class=\"wp-block-image size-full\"><img loading=\"lazy\" decoding=\"async\" width=\"720\" height=\"540\" data-id=\"4114\" src=\"https:\/\/taizyagromachine.com\/wp-content\/uploads\/2022\/11\/load-in-the-container.webp\" alt=\"Ladung in den Container\" class=\"wp-image-4114\"\/><figcaption class=\"wp-element-caption\">Laden Sie den Maissch\u00e4ler in den Beh\u00e4lter<\/figcaption><\/figure>    <figure class=\"wp-block-image size-large\"><img loading=\"lazy\" decoding=\"async\" width=\"720\" height=\"540\" data-id=\"4116\" src=\"https:\/\/taizyagromachine.com\/wp-content\/uploads\/2022\/11\/wholesale-corn-thresher.webp\" alt=\"Gro\u00dfhandel-Maisdrescher\" class=\"wp-image-4116\"\/><figcaption class=\"wp-element-caption\">Gro\u00dfhandel Maisdrescher<\/figcaption><\/figure> <\/figure>    <h2 class=\"wp-block-heading\"><strong>Technische Parameter der Maissch\u00e4lmaschine<\/strong><\/h2>    <figure class=\"wp-block-table\"><table><tbody><tr><td>Modell<\/td><td>SL-B<\/td><\/tr><tr><td>Leistung<\/td><td>170F-Benzinmotor oder 2,2-kW-Motor oder Dieselmotor<\/td><\/tr><tr><td>Kapazit\u00e4t<\/td><td>3t-4t\/h<\/td><\/tr><tr><td>Gr\u00f6\u00dfe<\/td><td>1300*400*900mm<\/td><\/tr><tr><td>Gewicht<\/td><td>71kg<\/td><\/tr><\/tbody><\/table><\/figure>    <h2 class=\"wp-block-heading\"><strong>Video der Maissch\u00e4lmaschine \u2013 Verwendung in der Landwirtschaft<\/strong><\/h2>    <figure class=\"wp-block-embed is-type-video is-provider-youtube wp-block-embed-youtube wp-embed-aspect-16-9 wp-has-aspect-ratio\"><div class=\"wp-block-embed__wrapper\"> <iframe loading=\"lazy\" title=\"Gro\u00dfartige Maissch\u00e4lmaschine | Maisdreschmaschine von Taizy 2022 #corn\" width=\"500\" height=\"281\" src=\"https:\/\/www.youtube.com\/embed\/Qe2O6ylATT8?feature=oembed\" frameborder=\"0\" allow=\"accelerometer; autoplay; clipboard-write; encrypted-media; gyroscope; picture-in-picture; web-share\" referrerpolicy=\"strict-origin-when-cross-origin\" allowfullscreen><\/iframe> <\/div><\/figure>","protected":false},"excerpt":{"rendered":"<p>The corn sheller is specially designed for threshing maize beneficial to corn farmers. This corn thresher is simple in structure and very efficient, capable of threshing 3-4 tons of corn per hour, making it ideal for small or medium-sized corn growers. Besides, this maize threshing machine is very cost-effective, cheap and of good quality at [&hellip;]<\/p>\n","protected":false},"author":1,"featured_media":4092,"parent":0,"template":"","tags":[191,195,200],"product-type":[17],"class_list":["post-4091","product","type-product","status-publish","has-post-thumbnail","hentry","tag-corn-sheller","tag-corn-thresher","tag-maize-threshing-machine","product-type-corn-machine"],"_links":{"self":[{"href":"https:\/\/taizyagromachine.com\/de\/wp-json\/wp\/v2\/product\/4091","targetHints":{"allow":["GET"]}}],"collection":[{"href":"https:\/\/taizyagromachine.com\/de\/wp-json\/wp\/v2\/product"}],"about":[{"href":"https:\/\/taizyagromachine.com\/de\/wp-json\/wp\/v2\/types\/product"}],"author":[{"embeddable":true,"href":"https:\/\/taizyagromachine.com\/de\/wp-json\/wp\/v2\/users\/1"}],"wp:featuredmedia":[{"embeddable":true,"href":"https:\/\/taizyagromachine.com\/de\/wp-json\/wp\/v2\/media\/4092"}],"wp:attachment":[{"href":"https:\/\/taizyagromachine.com\/de\/wp-json\/wp\/v2\/media?parent=4091"}],"wp:term":[{"taxonomy":"post_tag","embeddable":true,"href":"https:\/\/taizyagromachine.com\/de\/wp-json\/wp\/v2\/tags?post=4091"},{"taxonomy":"product-type","embeddable":true,"href":"https:\/\/taizyagromachine.com\/de\/wp-json\/wp\/v2\/product-type?post=4091"}],"curies":[{"name":"wp","href":"https:\/\/api.w.org\/{rel}","templated":true}]}}