{"id":4122,"date":"2022-11-23T18:15:43","date_gmt":"2022-11-23T10:15:43","guid":{"rendered":"https:\/\/taizyagromachine.com\/?post_type=product&#038;p=4122"},"modified":"2024-01-09T16:59:21","modified_gmt":"2024-01-09T08:59:21","slug":"rice-transplanter-planting-machine","status":"publish","type":"product","link":"https:\/\/taizyagromachine.com\/de\/product\/rice-transplanter-planting-machine\/","title":{"rendered":"Reispflanzmaschine zum Pflanzen von Reiss\u00e4mlingen"},"content":{"rendered":"<p class=\"translation-block\">Der <strong>Reis-Pflanzer<\/strong> ist eine spezialisierte Maschine zum Pflanzen von Reiss\u00e4mlingen in Reisfelder, die Arbeitskr\u00e4fte spart und den reibungslosen Ablauf nachfolgender Arbeiten erleichtert. <\/p>    <p>Wir haben drei Arten von Reispflanzmaschinen: 4-reihig, 6-reihig und 8-reihig. Die 4-reihigen und 6-reihigen Reispflanzmaschinen sind halbautomatisch, w\u00e4hrend die 8-reihigen Reispflanzmaschinen vollautomatisch sind. <\/p>    <p>Die Taizy-Reispflanzmaschine ist von ausgezeichneter Qualit\u00e4t und hoher Effizienz, was sie zu einem unverzichtbaren mechanischen Helfer f\u00fcr Reisbauern macht.<\/p>    <p>Wenn Sie Interesse haben, kontaktieren Sie uns bitte und wir werden uns schnellstm\u00f6glich mit der optimalen L\u00f6sung f\u00fcr Ihre Bed\u00fcrfnisse bei Ihnen melden!<\/p>    <figure class=\"wp-block-embed is-type-video is-provider-youtube wp-block-embed-youtube wp-embed-aspect-16-9 wp-has-aspect-ratio\"><div class=\"wp-block-embed__wrapper\"> <iframe loading=\"lazy\" title=\"Automatischer Reispflanzer f\u00fcr Traktor| Reispflanzmaschine | Preis f\u00fcr Reispflanzmaschine\" width=\"500\" height=\"281\" src=\"https:\/\/www.youtube.com\/embed\/xBPZr90CwV0?feature=oembed\" frameborder=\"0\" allow=\"accelerometer; autoplay; clipboard-write; encrypted-media; gyroscope; picture-in-picture; web-share\" referrerpolicy=\"strict-origin-when-cross-origin\" allowfullscreen><\/iframe> <\/div><figcaption class=\"wp-element-caption\">Video zur Funktionsweise der Rohreis-Pflanzmaschine<\/figcaption><\/figure>    <h2 class=\"wp-block-heading\"><strong>Typ 1: 4-reihige manuelle Pflanzmaschine f\u00fcr Reiss\u00e4mlinge<\/strong><\/h2>    <p>Diese 4-reihige manuelle Reispflanzmaschine wird von einem Benzinmotor angetrieben und muss manuell bedient werden, wodurch sie f\u00fcr den Reisanbau im kleinen Ma\u00dfstab geeignet ist. Es ist au\u00dferdem eine arbeitssparende Maschine, die eine pr\u00e4zise Pflanzung erm\u00f6glicht und verpasste Transplantationen verhindert. Wenn Sie kleine Felder zum Pflanzen von Reiss\u00e4mlingen haben, ist diese handgef\u00fchrte Reispflanzmaschine eine gute Wahl f\u00fcr Sie.<\/p>    <figure class=\"wp-block-gallery aligncenter has-nested-images columns-default is-cropped wp-block-gallery-2 is-layout-flex wp-block-gallery-is-layout-flex\"> <figure class=\"wp-block-image size-large\"><img loading=\"lazy\" decoding=\"async\" width=\"720\" height=\"540\" data-id=\"4130\" src=\"https:\/\/taizyagromachine.com\/wp-content\/uploads\/2022\/11\/4-row-paddy-transplanter.webp\" alt=\"4-reihige Reispflanzmaschine\" class=\"wp-image-4130\"\/><figcaption class=\"wp-element-caption\">4-reihige Reispflanzmaschine<\/figcaption><\/figure>    <figure class=\"wp-block-image size-large\"><img loading=\"lazy\" decoding=\"async\" width=\"720\" height=\"540\" data-id=\"4131\" src=\"https:\/\/taizyagromachine.com\/wp-content\/uploads\/2022\/11\/4-row-rice-transplanter.webp\" alt=\"4-reihige Reispflanzmaschine\" class=\"wp-image-4131\"\/><figcaption class=\"wp-element-caption\">4-reihige Reispflanzmaschine<\/figcaption><\/figure> <\/figure>    <h3 class=\"wp-block-heading\"><strong>Aufbau einer 4-reihigen Reispflanzmaschine<\/strong><\/h3>    <p>Im Allgemeinen gibt es mehrere Teile, die die Struktur bilden, damit Reisbauern einfacher und bequemer arbeiten k\u00f6nnen. <\/p>    <p>F\u00fcr die Reiss\u00e4mlinge dienen der Saatkasten und der Rahmen der Saatschale als Aufnahme. Aufgrund der Arbeit in den Wasserfeldern sollte das Rad leicht zu bewegen sein. Als Antriebssystem wird in der Regel der Benzinmotor genutzt, um die Arbeit der Maschine zu unterst\u00fctzen. <\/p>    <p>Dies sind nur einige Teile. Wenn Sie mehr wissen m\u00f6chten, sehen Sie sich bitte das Strukturbild unten an oder kontaktieren Sie uns f\u00fcr weitere Details!<\/p>   <div class=\"wp-block-image\"> <figure class=\"aligncenter size-full\"><img loading=\"lazy\" decoding=\"async\" width=\"720\" height=\"540\" src=\"https:\/\/taizyagromachine.com\/wp-content\/uploads\/2022\/11\/4-row-rice-transplanter-machine-structure.webp\" alt=\"4-reihige Reispflanzmaschinenstruktur\" class=\"wp-image-4128\"\/><figcaption class=\"wp-element-caption\">4-reihige Reispflanzmaschinenstruktur<\/figcaption><\/figure> <\/div>   <h3 class=\"wp-block-heading\"><strong>Merkmale der 4-reihigen Pflanzmaschine f\u00fcr Reis<\/strong><\/h3>    <ol class=\"wp-block-list\"> <li>Der Abstand kann beim Umpflanzen von Reiss\u00e4mlingen mithilfe des Geschwindigkeits- und Abstandsverstellgriffs eingestellt werden, dessen Bereich 12\u201314 cm oder 16\u201319 cm betr\u00e4gt.<\/li>    <li>Wenn die Maschine auf Reisfeldern arbeitet, sollte die Schlammtiefe 15\u201335 cm betragen.<\/li>    <li>Mit dieser Maschine kann das Umpflanzen von Reis schnell und effizient durchgef\u00fchrt werden, wodurch Arbeit gespart wird und es beim Umpflanzen keine Fehler oder Auslassungen gibt.<\/li> <\/ol>    <h3 class=\"wp-block-heading\"><strong>Technische Parameter der 4-reihigen Reispflanzmaschine<\/strong><\/h3>    <figure class=\"wp-block-table\"><table><tbody><tr><td>Modell<\/td><td>CY-4<\/td><\/tr><tr><td>Anzahl der Pflanzreihen<\/td><td>4<\/td><\/tr><tr><td>Leistung<\/td><td>Yamaha-Benzinmotor<\/td><\/tr><tr><td>Abmessung L*B*H(mm)<\/td><td>1950*1250*1300<\/td><\/tr><tr><td>Motordrehzahl (U\/min)<\/td><td>1800<\/td><\/tr><tr><td>Abstand von Reihe zu Reihe (mm)<\/td><td>300<\/td><\/tr><tr><td>Abstand von Pflanze zu Pflanze (mm)<\/td><td>120\/140\/160\/180\/210<\/td><\/tr><tr><td>Effizienz beim Umpflanzen<\/td><td>0,5 Acres\/h<\/td><\/tr><tr><td>Bruttogewicht<\/td><td>165 kg<\/td><\/tr><\/tbody><\/table><figcaption class=\"wp-element-caption\">Technische Daten der 4-reihigen handgef\u00fchrten Reispflanzmaschine <\/figcaption><\/figure>    <h2 class=\"wp-block-heading\"><strong>Typen 2: 6-reihige, gehende Reispflanzmaschine<\/strong><\/h2>    <p>Dieses 6-reihige Reisumpflanzger\u00e4t kann f\u00fcr mittelgro\u00dfe Reisfelder eingesetzt werden, was f\u00fcr Landwirte kosteng\u00fcnstiger ist. Unsere 6-reihige Reispflanzmaschine ist ebenfalls manuell und eine Person sollte die Maschine w\u00e4hrend der Arbeit steuern. Dadurch wird die Kombinationsarbeit von Mensch und Maschine erreicht. Wenn Sie Interesse haben, k\u00f6nnen Sie sich gerne an uns wenden, um weitere Informationen zu erhalten! <\/p>   <div class=\"wp-block-image\"> <figure class=\"aligncenter size-full\"><img loading=\"lazy\" decoding=\"async\" width=\"720\" height=\"540\" src=\"https:\/\/taizyagromachine.com\/wp-content\/uploads\/2022\/11\/6-row-hand-paddy-rice-transplanter.webp\" alt=\"6-reihige Hand-Paddy-Reis-Pflanzmaschine\" class=\"wp-image-4132\"\/><figcaption class=\"wp-element-caption\">6-reihige Hand-Paddy-Reis-Pflanzmaschine<\/figcaption><\/figure> <\/div>   <h3 class=\"wp-block-heading\"><strong>Merkmale der 6-reihigen Reispflanzmaschine<\/strong><\/h3>    <ol class=\"wp-block-list\"> <li>Dieser Reispflanzertyp hat einen Verstellbereich von 12\u201314 cm oder 16\u201321 cm.<\/li>    <li>Diese Maschine kann auf Feldern mit einer Schlammtiefe von 15\u201335 cm eingesetzt werden.<\/li>    <li>Hohe Effizienz, hochpr\u00e4zises Pflanzen. <\/li> <\/ol>    <h3 class=\"wp-block-heading\"><strong>Technische Parameter der 6-reihigen Hand-Reispflanzmaschine<\/strong><\/h3>    <figure class=\"wp-block-table\"><table><tbody><tr><td>Modell<\/td><td>2ZS-6<\/td><\/tr><tr><td>Anzahl der Pflanzreihen<\/td><td>6<\/td><\/tr><tr><td>Strukturtyp<\/td><td>Mit der Hand gehen<\/td><\/tr><tr><td>Raddurchmesser (mm)<\/td><td>660<\/td><\/tr><tr><td>Rad<\/td><td>Laufrad<\/td><\/tr><tr><td>Leistung<\/td><td>Viertakt-Benzinmotor<\/td><\/tr><tr><td>Ausgangsleistung des Motors (kW\/U\/min)<\/td><td>3.3\/3600<\/td><\/tr><tr><td>Abmessung L*B*H(mm)<\/td><td>2370*2280*910<\/td><\/tr><tr><td>Abstand von Reihe zu Reihe (mm)<\/td><td>300<\/td><\/tr><tr><td>Pflanzenabstand (mm)<\/td><td>210\/180\/160\/140\/120<\/td><\/tr><tr><td>Pflanztiefe (mm)<\/td><td>15-37<\/td><\/tr><tr><td>Pflanzeffizienz (Acres\/h)<\/td><td>0.1-0.25<\/td><\/tr><tr><td>Pflanzgeschwindigkeit (m\/s)<\/td><td>0.28-0.5<\/td><\/tr><tr><td>Verpackungsgr\u00f6\u00dfe (mm)<\/td><td>2810*1760*600<\/td><\/tr><tr><td>Bruttogewicht (kg)<\/td><td>187<\/td><\/tr><tr><td>Einheiten pro 40HQ\u00a0Container<\/td><td>12 S\u00e4tze<\/td><\/tr><\/tbody><\/table><figcaption class=\"wp-element-caption\">Technische Daten der manuellen Reisfeldpflanzmaschine<\/figcaption><\/figure>    <h2 class=\"wp-block-heading\"><strong>Typen 3: 8-reihige mechanische Reispflanzmaschine<\/strong><\/h2>    <p>Die 8-reihige Reispflanzmaschine Taizy ist eine vollautomatische Reispflanzmaschine mit gro\u00dfer Kapazit\u00e4t, die f\u00fcr gro\u00dfe landwirtschaftliche Betriebe geeignet ist. Bei der Verwendung dieser Maschine kann der Bediener sitzen, um die Maschine zu steuern, was erheblich Zeit und Kraft spart und das Pflanzen von Rohreis-Setzlingen viel bequemer macht. <\/p>    <figure class=\"wp-block-gallery aligncenter has-nested-images columns-default is-cropped wp-block-gallery-3 is-layout-flex wp-block-gallery-is-layout-flex\"> <figure class=\"wp-block-image size-large\"><img loading=\"lazy\" decoding=\"async\" width=\"720\" height=\"540\" data-id=\"4133\" src=\"https:\/\/taizyagromachine.com\/wp-content\/uploads\/2022\/11\/8-row-rice-planting-machine.webp\" alt=\"8-reihige Reispflanzmaschine\" class=\"wp-image-4133\"\/><figcaption class=\"wp-element-caption\">8-reihige Reispflanzmaschine<\/figcaption><\/figure>    <figure class=\"wp-block-image size-large\"><img loading=\"lazy\" decoding=\"async\" width=\"720\" height=\"540\" data-id=\"4134\" src=\"https:\/\/taizyagromachine.com\/wp-content\/uploads\/2022\/11\/8-row-rice-transplanter.webp\" alt=\"8-reihige Reispflanzmaschine\" class=\"wp-image-4134\"\/><figcaption class=\"wp-element-caption\">8-reihige Reispflanzmaschine<\/figcaption><\/figure> <\/figure>    <h3 class=\"wp-block-heading\"><strong>Eigenschaften der 8-reihigen Rohreis-Umpflanzungsausr\u00fcstung<\/strong><\/h3>    <ol class=\"wp-block-list\"> <li>Der Pflanzabstand kann am Griff angepasst werden, um den Bed\u00fcrfnissen Ihres Feldes gerecht zu werden. <\/li>    <li>Die Schlammtiefe betr\u00e4gt 15\u201335\u00a0cm, wenn die Maschine auf Reisfeldern arbeitet.<\/li>    <li>Gro\u00dfe Kapazit\u00e4t, leichte Maschine, um den Bed\u00fcrfnissen der Landwirte gerecht zu werden.<\/li> <\/ol>    <h3 class=\"wp-block-heading\"><strong>Spezifikationen der zum Verkauf stehenden 8-reihigen Reispflanzmaschine<\/strong><\/h3>    <figure class=\"wp-block-table\"><table><tbody><tr><td>Modell<\/td><td>CY-8<\/td><\/tr><tr><td>Anzahl der Pflanzreihen<\/td><td>8<\/td><\/tr><tr><td>Modell mit Dieselmotor<\/td><td>178F<\/td><\/tr><tr><td>Abmessung L*B*H(mm)<\/td><td>2410*2165*1300mm<\/td><\/tr><tr><td>Dieselmotorleistung (kW\/PS)<\/td><td>4.05\/5.5<\/td><\/tr><tr><td>Drehzahl des Dieselmotors (U\/min)<\/td><td>1800<\/td><\/tr><tr><td>Abstand von Reihe zu Reihe (mm)<\/td><td>238<\/td><\/tr><tr><td>Abstand von H\u00fcgel zu H\u00fcgel (mm)<\/td><td>120\/140<\/td><\/tr><tr><td>Effizienz beim Umpflanzen<\/td><td>0,5\u20130,75 Acres\/h<\/td><\/tr><tr><td>Packma\u00df<\/td><td>2810*1760*600mm<\/td><\/tr><tr><td>Bruttogewicht<\/td><td>460kg<\/td><\/tr><tr><td>Einheiten pro 20-Fu\u00df-Container<\/td><td>9 S\u00e4tze<\/td><\/tr><\/tbody><\/table><figcaption class=\"wp-element-caption\">Technische Daten der 8-reihigen Reispflanzmaschine <\/figcaption><\/figure>    <h2 class=\"wp-block-heading\"><strong>Wie pflanzt man Reis in Reisfelder um?<\/strong><\/h2>   <div id=\"rank-math-howto\" class=\"rank-math-block\" > <div class=\"rank-math-howto-description\">  <\/div>  <div class=\"rank-math-steps\"> <div id=\"howto-step-1704785977534\" class=\"rank-math-step\"> <h3 class=\"rank-math-step-title\"><strong>\u00dcberpr\u00fcfung der Ausr\u00fcstung vor dem Start<\/strong><\/h3> <div class=\"rank-math-step-content\"><p>Stellen Sie vor Arbeitsbeginn sicher, dass alle Funktionen der Reispflanzmaschine intakt sind, der Motor\u00f6lstand und das K\u00fchlmittel im Wassertank ausreichend sind und der Kraftstoff ausreichend und frei von Verunreinigungen ist. <br \/>\u00dcberpr\u00fcfen Sie, ob die Teile fest miteinander verbunden sind und ob die S\u00e4mlingsnadeln und Umpflanzgabeln in Ordnung sind.<\/p> <\/div> <\/div> <div id=\"howto-step-1704786004293\" class=\"rank-math-step\"> <h3 class=\"rank-math-step-title\"><strong>Starten und einstellen<\/strong><\/h3> <div class=\"rank-math-step-content\"><p>Setzen Sie sich auf den Fahrersitz, ziehen Sie die Bremse an, stellen Sie den Hauptschalthebel auf \u201eSetzlingsnachschub\u201c oder Neutralstellung und starten Sie den Motor, w\u00e4hrend sich der Pflanzhebel in Neutralstellung befindet. <br \/>Nachdem Sie sichergestellt haben, dass die Maschine reibungslos l\u00e4uft, passen Sie die Pflanztiefe und den Reihenabstand entsprechend den Bodenbedingungen und dem Abstand zwischen den Reispflanzen an.<\/p> <\/div> <\/div> <div id=\"howto-step-1704786042269\" class=\"rank-math-step\"> <h3 class=\"rank-math-step-title\"><strong>Vorbereitung und Positionierung von Reisfeldern<\/strong><\/h3> <div class=\"rank-math-step-content\"><p>Stellen Sie sicher, dass das Reisfeld eben ist und ausreichend Feuchtigkeit aufweist, und positionieren Sie dann die Reispflanzmaschine mithilfe der Lenk- und Hebevorrichtung an der Maschine genau, sodass sie entlang der vorab geplanten Pflanzlinie f\u00e4hrt.<\/p> <\/div> <\/div> <div id=\"howto-step-1704786076693\" class=\"rank-math-step\"> <h3 class=\"rank-math-step-title\"><strong>Reisanbau und Fehlerbehebung<\/strong><\/h3> <div class=\"rank-math-step-content\"><p>Legen Sie die aufgezogenen Reissetzlinge ordentlich in die Setzlingsbox und stellen Sie die Menge der Setzlingsernte so ein, dass sie gleichm\u00e4\u00dfig und gleichm\u00e4\u00dfig ist. Starten Sie die S\u00e4mlingst\u00fcr und den S\u00e4mlingszufuhrmechanismus, beobachten Sie, ob der S\u00e4mling angesaugt und reibungslos eingef\u00fchrt wird, und passen Sie die zugeh\u00f6rigen Teile bei Bedarf rechtzeitig an.<\/p> <\/div> <\/div> <div id=\"howto-step-1704786105818\" class=\"rank-math-step\"> <h3 class=\"rank-math-step-title\"><strong>Beginnen Sie mit dem Umpflanzen<\/strong><\/h3> <div class=\"rank-math-step-content\"><p>Wenn alle Einstellungen und Anpassungen abgeschlossen sind, l\u00f6sen Sie langsam die Bremse und beschleunigen Sie die Reispflanzmaschine allm\u00e4hlich in den normalen Betriebszustand. Der Bediener muss den Umpflanzeffekt genau beobachten und jederzeit Anpassungen vornehmen.<\/p> <\/div> <\/div> <div id=\"howto-step-1704786138253\" class=\"rank-math-step\"> <h3 class=\"rank-math-step-title\"><strong>Wartung und Inspektion auf halbem Weg<\/strong><\/h3> <div class=\"rank-math-step-content\"><p>Stoppen Sie die Maschine w\u00e4hrend des Dauerbetriebs regelm\u00e4\u00dfig, um den Bestand an Setzlingen im Setzlingskasten zu \u00fcberpr\u00fcfen, alle Wurzeln und anderen Schmutz zu entfernen, der sich m\u00f6glicherweise in den Teilen verfangen hat, und um die Ausr\u00fcstung sauber und in gutem Betriebszustand zu halten.<\/p> <\/div> <\/div> <div id=\"howto-step-1704786153477\" class=\"rank-math-step\"> <h3 class=\"rank-math-step-title\"><strong>Auff\u00fcllen und Veredeln der S\u00e4mlinge<\/strong><\/h3> <div class=\"rank-math-step-content\"><p>Mit der Funktion \u201eSetzling auff\u00fcllen\u201c k\u00f6nnen Sie die fehlenden oder sp\u00e4rlichen Bereiche erg\u00e4nzen. Schalten Sie nach Abschluss aller Umpflanzarbeiten den Motor aus, reinigen Sie die Ger\u00e4ter\u00fcckst\u00e4nde und f\u00fchren Sie die routinem\u00e4\u00dfigen Wartungsarbeiten durch, um sicherzustellen, dass der n\u00e4chste Vorgang reibungslos verl\u00e4uft.<\/p> <\/div> <\/div> <\/div> <\/div>       <h2 class=\"wp-block-heading\"><strong>Ersatzteilliste f\u00fcr handgef\u00fchrte Rohreispflanzmaschinen<\/strong><\/h2>    <figure class=\"wp-block-table\"><table><tbody><tr><td>Seriennummer<\/td><td>Bezeichnung der Verschlei\u00dfteile<\/td><td>Bild<\/td><\/tr><tr><td>1<\/td><td>Vergaser&nbsp;<\/td><td><img loading=\"lazy\" decoding=\"async\" width=\"150\" height=\"200\" class=\"wp-image-4165\" style=\"width: 150px;\" src=\"https:\/\/taizyagromachine.com\/wp-content\/uploads\/2022\/11\/carburetter.webp\" alt=\"Vergaser\"><\/td><\/tr><tr><td>2<\/td><td>G\u00fcrtel SB-33<\/td><td><img loading=\"lazy\" decoding=\"async\" width=\"150\" height=\"129\" class=\"wp-image-4167\" style=\"width: 150px;\" src=\"https:\/\/taizyagromachine.com\/wp-content\/uploads\/2022\/11\/Belt-SB-33.webp\" alt=\"G\u00fcrtel SB-33\"><\/td><\/tr><tr><td>3<\/td><td>\u00d6ldichtung 20\u00d732\u00d77<\/td><td><img loading=\"lazy\" decoding=\"async\" width=\"150\" height=\"139\" class=\"wp-image-4168\" style=\"width: 150px;\" src=\"https:\/\/taizyagromachine.com\/wp-content\/uploads\/2022\/11\/oilseal.webp\" alt=\"\u00d6ldichtung\"><\/td><\/tr><tr><td>4<\/td><td>\u00d6ldichtung montieren30\u00d752\u00d712<\/td><td><img loading=\"lazy\" decoding=\"async\" width=\"150\" height=\"140\" class=\"wp-image-4169\" style=\"width: 150px;\" src=\"https:\/\/taizyagromachine.com\/wp-content\/uploads\/2022\/11\/oil-seal-assemble.webp\" alt=\"\u00d6ldichtung zusammenbauen\"><\/td><\/tr><tr><td>5<\/td><td>\u00d6ldichtung montieren15\u00d735\u00d711,5<\/td><td><img loading=\"lazy\" decoding=\"async\" width=\"150\" height=\"142\" class=\"wp-image-4171\" style=\"width: 150px;\" src=\"https:\/\/taizyagromachine.com\/wp-content\/uploads\/2022\/11\/oil-seal-assemble15.webp\" alt=\"\u00d6ldichtung zusammenbauen15\"><\/td><\/tr><tr><td>6<\/td><td>Gaszug&nbsp;<\/td><td><img loading=\"lazy\" decoding=\"async\" width=\"150\" height=\"110\" class=\"wp-image-4172\" style=\"width: 150px;\" src=\"https:\/\/taizyagromachine.com\/wp-content\/uploads\/2022\/11\/throttle-wire.webp\" alt=\"Gaszug\"><\/td><\/tr><tr><td>7<\/td><td>Lenkkupplungskabel<\/td><td><img loading=\"lazy\" decoding=\"async\" width=\"150\" height=\"84\" class=\"wp-image-4178\" style=\"width: 150px;\" src=\"https:\/\/taizyagromachine.com\/wp-content\/uploads\/2022\/11\/Steering-clutch-wire.webp\" alt=\"Lenkkupplungskabel\"><\/td><\/tr><tr><td>8<\/td><td>Choke-Draht<\/td><td><img loading=\"lazy\" decoding=\"async\" width=\"150\" height=\"92\" class=\"wp-image-4177\" style=\"width: 150px;\" src=\"https:\/\/taizyagromachine.com\/wp-content\/uploads\/2022\/11\/choke-wire.webp\" alt=\"Choke-Draht\"><\/td><\/tr><tr><td>9<\/td><td>Antriebsriemen<\/td><td><img loading=\"lazy\" decoding=\"async\" width=\"150\" height=\"128\" class=\"wp-image-4176\" style=\"width: 150px;\" src=\"https:\/\/taizyagromachine.com\/wp-content\/uploads\/2022\/11\/transmission-belt.webp\" alt=\"Antriebsriemen\"><\/td><\/tr><tr><td>10<\/td><td>Pflanzarm&nbsp;<\/td><td><img loading=\"lazy\" decoding=\"async\" width=\"150\" height=\"116\" class=\"wp-image-4175\" style=\"width: 150px;\" src=\"https:\/\/taizyagromachine.com\/wp-content\/uploads\/2022\/11\/planting-arm-.webp\" alt=\"Pflanzarm&nbsp;\"><\/td><\/tr><tr><td>11<\/td><td>Pflanznadel<\/td><td><img loading=\"lazy\" decoding=\"async\" width=\"150\" height=\"113\" class=\"wp-image-4174\" style=\"width: 150px;\" src=\"https:\/\/taizyagromachine.com\/wp-content\/uploads\/2022\/11\/planting-needle.webp\" alt=\"Pflanznadel\"><\/td><\/tr><\/tbody><\/table><figcaption class=\"wp-element-caption\">Ersatzliste der Pflanzmaschine f\u00fcr Reis<\/figcaption><\/figure>    <p>Oben finden Sie eine Liste der Verschlei\u00dfteile der halbautomatischen Reispflanzmaschine. Die verschiedenen Teile und Funktionen der Reispflanzmaschine sind bereits im Namen erkennbar. Beim Kauf einer Maschine k\u00f6nnen Sie auch einige zus\u00e4tzliche Verschlei\u00dfteils\u00e4tze erwerben, um sicherzustellen, dass die Maschine ordnungsgem\u00e4\u00df funktioniert.<\/p>    <h2 class=\"wp-block-heading\"><strong>Erfolgreiche F\u00e4lle der Mehrfach-Reispflanzmaschine<\/strong><\/h2>    <p>Unsere Reispflanzmaschinen zeichnen sich durch hervorragende Qualit\u00e4t, gute Leistung und langlebige Maschinen aus. Deshalb erfreuen sie sich im In- und Ausland gro\u00dfer Beliebtheit. <\/p>    <p>Unsere Maschinen werden h\u00e4ufig ins Ausland exportiert, beispielsweise nach Togo und Pakistan. Normalerweise verpacken wir die Maschinen in Holzkisten, bevor wir sie verladen und auf dem Seeweg an den Bestimmungsort des Kunden versenden (wenn der Kunde eine andere Versandart w\u00fcnscht, ist dies auch m\u00f6glich).<\/p>    <figure class=\"wp-block-gallery aligncenter has-nested-images columns-default is-cropped wp-block-gallery-4 is-layout-flex wp-block-gallery-is-layout-flex\"> <figure class=\"wp-block-image size-large\"><img loading=\"lazy\" decoding=\"async\" width=\"720\" height=\"540\" data-id=\"4163\" src=\"https:\/\/taizyagromachine.com\/wp-content\/uploads\/2022\/11\/package-rice-planting-machine-in-the-wooden-case.webp\" alt=\"Reispflanzmaschine in der Holzkiste verpacken\" class=\"wp-image-4163\"\/><figcaption class=\"wp-element-caption\">Reispflanzmaschine in der Holzkiste verpacken<\/figcaption><\/figure>    <figure class=\"wp-block-image size-large\"><img loading=\"lazy\" decoding=\"async\" width=\"720\" height=\"540\" data-id=\"4164\" src=\"https:\/\/taizyagromachine.com\/wp-content\/uploads\/2022\/11\/rice-transplanter-in-the-wooden-case.webp\" alt=\"Reispflanzmaschine in der Holzkiste\" class=\"wp-image-4164\"\/><figcaption class=\"wp-element-caption\">Reispflanzmaschine in der Holzkiste<\/figcaption><\/figure> <\/figure>    <h2 class=\"wp-block-heading\"><strong>Wie bestelle ich die mechanische Reispflanzmaschine von Taizy?<\/strong><\/h2>    <ul class=\"wp-block-list\"> <li><strong>Produktverst\u00e4ndnis und Bedarfsbest\u00e4tigung<\/strong>: Wenn Sie mit uns Kontakt aufnehmen, helfen Ihnen unsere Vertriebsmitarbeiter dabei, die technischen Parameter, Leistungsmerkmale und den Anwendungsbereich verschiedener Modelle von Reispflanzmaschinen im Detail zu verstehen und das richtige Modell entsprechend Ihrer eigenen Ackerlandgr\u00f6\u00dfe, Ihren Pflanzbed\u00fcrfnissen und Ihrem Budget auszuw\u00e4hlen.<\/li>    <li><strong>Konfigurationsauswahl und ma\u00dfgeschneiderter Service<\/strong>: Bestimmen Sie anhand des tats\u00e4chlichen Pflanzbedarfs, ob Sie zus\u00e4tzliche Zusatzger\u00e4te (z. B. S\u00e4mlingsschalen, D\u00fcngeger\u00e4te usw.) kaufen oder spezielle Anpassungsanforderungen stellen m\u00fcssen, z. B. die Anpassung des Reihenabstands, des Pflanzenabstands und anderer Parameter.<\/li>    <li><strong>Angebot und Vertragsverhandlung<\/strong>: Wir versenden das Angebot und f\u00fchren eine ausf\u00fchrliche Kommunikation und Verhandlung \u00fcber den Kaufpreis, den Liefertermin, die Zahlungsart und den Kundendienst usw. Nach einer Einigung erstellen wir einen Kauf- und Verkaufsvertrag.<\/li>    <li><strong>Unterschreiben Sie den Vertrag und zahlen Sie die Anzahlung<\/strong>: Die beiden Seiten haben den Kaufvertrag offiziell unterzeichnet. Sie zahlen gem\u00e4\u00df der Vereinbarung eine bestimmte Vorauszahlung oder Anzahlung, um sicherzustellen, dass die Bestellung wirksam wird und in den Produktionsprozess gelangt.<\/li>    <li><strong>Lieferung und Installation und Inbetriebnahme der Ausr\u00fcstung<\/strong>: Wir produzieren die Maschine zum vereinbarten Zeitpunkt und testen die Maschine, und Sie zahlen die Restzahlung gem\u00e4\u00df Vertrag nach Abnahme. Danach liefern wir die Reispflanzmaschine p\u00fcnktlich aus.<\/li> <\/ul>    <h2 class=\"wp-block-heading\"><strong>Kontaktieren Sie uns f\u00fcr Ihren Reisanbau!<\/strong><\/h2>    <p class=\"translation-block\">M\u00f6chten Sie die Effizienz der Reiss\u00e4mlings-<a href=\"https:\/\/en.wikipedia.org\/wiki\/Transplanting\" target=\"_blank\" rel=\"noopener\">Pflanzung<\/a> in Reisfeldern verbessern? Wenn ja, kontaktieren Sie uns.<\/p>    <p class=\"translation-block\">Als umfassender landwirtschaftlicher Hersteller und Lieferant haben wir auch Gem\u00fcse-Pflanzer und <a href=\"https:\/\/taizyagromachine.com\/de\/product\/nursery-seedling-machine\/\">Baumschulmaschinen<\/a> f\u00fcr alle Arten von Obst- und Gem\u00fcses\u00e4mlingen. Wir bieten Ihnen die optimale L\u00f6sung und das Angebot entsprechend Ihren Bed\u00fcrfnissen, um die Kosten-Effektivit\u00e4t der Maschine sicherzustellen und gleichzeitig Ihre Reis-Pflanzquote zu gew\u00e4hrleisten!<\/p>","protected":false},"excerpt":{"rendered":"<p>Der Reispflanzer ist speziell f\u00fcr den Reisanbau auf Reisfeldern konzipiert und zeichnet sich durch hohe Pr\u00e4zision, gute Effizienz und 4-reihige, 6-reihige und 8-reihige Ausf\u00fchrung aus. Zu Ihrer Information stellen wir in diesem Artikel jeden Typ im Detail vor.<\/p>","protected":false},"author":1,"featured_media":4146,"parent":0,"template":"","tags":[202,201,203],"product-type":[31],"class_list":["post-4122","product","type-product","status-publish","has-post-thumbnail","hentry","tag-rice-planting-machine","tag-rice-transplanter","tag-vegetable-transplanter","product-type-nursery-transplanter"],"_links":{"self":[{"href":"https:\/\/taizyagromachine.com\/de\/wp-json\/wp\/v2\/product\/4122","targetHints":{"allow":["GET"]}}],"collection":[{"href":"https:\/\/taizyagromachine.com\/de\/wp-json\/wp\/v2\/product"}],"about":[{"href":"https:\/\/taizyagromachine.com\/de\/wp-json\/wp\/v2\/types\/product"}],"author":[{"embeddable":true,"href":"https:\/\/taizyagromachine.com\/de\/wp-json\/wp\/v2\/users\/1"}],"wp:featuredmedia":[{"embeddable":true,"href":"https:\/\/taizyagromachine.com\/de\/wp-json\/wp\/v2\/media\/4146"}],"wp:attachment":[{"href":"https:\/\/taizyagromachine.com\/de\/wp-json\/wp\/v2\/media?parent=4122"}],"wp:term":[{"taxonomy":"post_tag","embeddable":true,"href":"https:\/\/taizyagromachine.com\/de\/wp-json\/wp\/v2\/tags?post=4122"},{"taxonomy":"product-type","embeddable":true,"href":"https:\/\/taizyagromachine.com\/de\/wp-json\/wp\/v2\/product-type?post=4122"}],"curies":[{"name":"wp","href":"https:\/\/api.w.org\/{rel}","templated":true}]}}