{"id":4358,"date":"2022-12-27T13:53:59","date_gmt":"2022-12-27T05:53:59","guid":{"rendered":"https:\/\/taizyagromachine.com\/?post_type=product&#038;p=4358"},"modified":"2025-12-18T15:02:32","modified_gmt":"2025-12-18T07:02:32","slug":"sorghum-threshing-machine","status":"publish","type":"product","link":"https:\/\/taizyagromachine.com\/de\/product\/sorghum-threshing-machine\/","title":{"rendered":"Mehrzweck-Sorghum-Dreschmaschine f\u00fcr Hirse, Sorghum, Raps"},"content":{"rendered":"<p>Die Sorghum-Dreschmaschine der Serie 5TGQ ist eine von unserem Unternehmen speziell f\u00fcr Sorghum, Hirse und Raps entwickelte Sch\u00e4lmaschine. Mit einer Dreschleistung von \u00fcber 991 TP3T ist diese Maschine ein unschlagbarer Getreidedrescher.<\/p>    <p class=\"translation-block\">Als <a href=\"https:\/\/taizyagromachine.com\/de\/\" target=\"_blank\" rel=\"noreferrer noopener\">professioneller Hersteller und Lieferant von Landmaschinen<\/a> gibt es drei Modelle: 5TGQ-100A, 5TGQ-100B und 5TGQ-100C. Je nach Leistung sind unterschiedliche Modelle erh\u00e4ltlich. Dar\u00fcber hinaus werden unsere Getreidedreschmaschinen h\u00e4ufig von afrikanischen Regierungen f\u00fcr verschiedene Regierungsprojekte gekauft.<\/p>    <h2 class=\"wp-block-heading\"><strong>Arten von Mehrfrucht-Dreschmaschinen f\u00fcr Sorghum, Hirse und Raps<\/strong><\/h2>    <p>Bei Taizy gibt es drei Arten von Sorghum-Dreschmaschinen, jede mit ihren eigenen Eigenschaften. Nachfolgend finden Sie jeweils eine Einf\u00fchrung. Wir hoffen, dass Ihnen das Folgende dabei hilft, unsere drei verschiedenen Arten von Sorghum-Dreschmaschinen besser zu verstehen und Ihnen ein grundlegendes Verst\u00e4ndnis dieser Maschine zu vermitteln.<\/p>    <h3 class=\"wp-block-heading\"><strong>Typ 1: 1000 kg\/h Sorghum-Sch\u00e4lmaschine<\/strong><\/h3>    <div class=\"wp-block-media-text alignwide is-stacked-on-mobile\"><figure class=\"wp-block-media-text__media\"><img loading=\"lazy\" decoding=\"async\" width=\"540\" height=\"720\" src=\"https:\/\/taizyagromachine.com\/wp-content\/uploads\/2022\/12\/large-sorghum-threshing-machine.webp\" alt=\"gro\u00dfe Sorghum-Dreschmaschine\" class=\"wp-image-4392 size-full\"\/><\/figure><div class=\"wp-block-media-text__content\"> <p>Dieser Sorghumdreschertyp ist der gr\u00f6\u00dfte der drei Modelle. Diese Maschine hat eine Leistung von 1000 kg pro Stunde und ist sehr effizient. F\u00fcr Landwirte, die gro\u00dffl\u00e4chig dreschen m\u00f6chten, ist diese Maschine eine gro\u00dfe Hilfe.<\/p>    <p>Dar\u00fcber hinaus kann diese Maschine auch mit einem Elektromotor, einem Dieselmotor oder mit Anschluss an eine Zapfwelle verwendet werden, wodurch sie sehr einfach zu bewegen ist. Wenn Sie Interesse an dieser Maschine haben, kontaktieren Sie uns bitte!<\/p> <\/div><\/div>    <h3 class=\"wp-block-heading\"><strong>Typ 2: 500\u2013600 kg\/h <a href=\"https:\/\/taizyagromachine.com\/de\/product\/multifunctional-thresher\/\" target=\"_blank\" rel=\"noreferrer noopener\">Mehrzweck-Dreschmaschine<\/a><\/strong><\/h3>    <p>Diese Sorghum-Dreschmaschine ist eine Art Verkaufsschlager bei Taizy, und wir haben oft ausl\u00e4ndische Kunden, die zentral einkaufen, immer in vollen Beh\u00e4ltern. Mit einer Leistung von 500\u2013600 kg pro Stunde ist diese Maschine ideal f\u00fcr kleine bis mittelgro\u00dfe Z\u00fcchter. Auch bei Wohlt\u00e4tigkeitsorganisationen erfreut sich die Maschine gro\u00dfer Beliebtheit.<\/p>    <p>Die Sorghum-Sch\u00e4lmaschine kann einen Dieselmotor, einen Elektromotor oder einen Zapfwellenantrieb verwenden. Es ist sehr freundlich zu Menschen, die keinen Strom haben. Bei Bedarf nehmen Sie umgehend Kontakt mit uns auf!<\/p>    <figure class=\"wp-block-gallery aligncenter has-nested-images columns-default is-cropped wp-block-gallery-2 is-layout-flex wp-block-gallery-is-layout-flex\"> <figure class=\"wp-block-image size-large\"><img loading=\"lazy\" decoding=\"async\" width=\"720\" height=\"540\" data-id=\"4378\" src=\"https:\/\/taizyagromachine.com\/wp-content\/uploads\/2022\/12\/diesel-engine-thresher-machine.webp\" alt=\"Dreschmaschine mit Dieselmotor\" class=\"wp-image-4378\"\/><figcaption class=\"wp-element-caption\">Dreschmaschine mit Dieselmotor<\/figcaption><\/figure>    <figure class=\"wp-block-image size-large\"><img loading=\"lazy\" decoding=\"async\" width=\"720\" height=\"540\" data-id=\"4379\" src=\"https:\/\/taizyagromachine.com\/wp-content\/uploads\/2022\/12\/electric-motor-sorghum-thresher.webp\" alt=\"Sorghumdrescher mit Elektromotor\" class=\"wp-image-4379\"\/><figcaption class=\"wp-element-caption\">Sorghumdrescher mit Elektromotor<\/figcaption><\/figure>    <figure class=\"wp-block-image size-large\"><img loading=\"lazy\" decoding=\"async\" width=\"720\" height=\"540\" data-id=\"4380\" src=\"https:\/\/taizyagromachine.com\/wp-content\/uploads\/2022\/12\/PTO-driven-crop-thresher.webp\" alt=\"Zapfwellengetriebene Dreschmaschine\" class=\"wp-image-4380\"\/><figcaption class=\"wp-element-caption\">Zapfwellengetriebene Dreschmaschine<\/figcaption><\/figure> <\/figure>    <h4 class=\"wp-block-heading\"><strong>Struktur der Mehrfruchtdrescher 5TGQ-100A und 5TGQ-100B<\/strong><\/h4>    <figure class=\"wp-block-gallery aligncenter has-nested-images columns-default is-cropped wp-block-gallery-3 is-layout-flex wp-block-gallery-is-layout-flex\"> <figure class=\"wp-block-image size-large\"><img loading=\"lazy\" decoding=\"async\" width=\"540\" height=\"900\" data-id=\"4390\" src=\"https:\/\/taizyagromachine.com\/wp-content\/uploads\/2022\/12\/big-sorghum-thresher-structure.webp\" alt=\"Gro\u00dfe Sorghum-Dreschmaschine\" class=\"wp-image-4390\"\/><figcaption class=\"wp-element-caption\">Gro\u00dfe Sorghum-Dreschmaschine<\/figcaption><\/figure>    <figure class=\"wp-block-image size-large\"><img loading=\"lazy\" decoding=\"async\" width=\"540\" height=\"900\" data-id=\"4391\" src=\"https:\/\/taizyagromachine.com\/wp-content\/uploads\/2022\/12\/PTO-big-tires.webp\" alt=\"Zapfwelle und gro\u00dfe Reifen\" class=\"wp-image-4391\"\/><figcaption class=\"wp-element-caption\">Zapfwelle und gro\u00dfe Reifen<\/figcaption><\/figure> <\/figure>    <figure class=\"wp-block-table\"><table><tbody><tr><td>Seriennummer<\/td><td>Maschinenteil<\/td><td>Seriennummer<\/td><td>Maschinenteil<\/td><\/tr><tr><td>1<\/td><td>Einlass<\/td><td>4<\/td><td>Staubauslass<\/td><\/tr><tr><td>2<\/td><td>Siebgewebe<\/td><td>5<\/td><td>Icker-Steckdose<\/td><\/tr><tr><td>3<\/td><td>Auslass<\/td><td>6<\/td><td>Dieselmotor<\/td><\/tr><\/tbody><\/table><\/figure>    <p>Diese Sorghum-Dreschmaschine ist auch mit Motor und Zapfwelle erh\u00e4ltlich und kann je nach Kundenwunsch mit gro\u00dfen Reifen ausgestattet werden.<\/p>    <h3 class=\"wp-block-heading\"><strong>Typ 3: 400 kg\/h Sorghum-Dreschmaschine<\/strong><\/h3>    <p>Diese Maschine ist die kleinste der drei und eignet sich f\u00fcr Kleinbauern. Mit einer Leistung von 400 kg pro Stunde ist diese Maschine sehr wirtschaftlich. Je nach Kundenwunsch kann es auch mit Elektro-, Benzin- oder Dieselmotoren betrieben werden.<\/p>    <p>Wenn Sie sich nicht sicher sind, welche Art von Sorghum-Dreschmaschine f\u00fcr Sie die richtige ist, k\u00f6nnen Sie uns kontaktieren und unsere Fachleute werden Ihnen den f\u00fcr Ihre Bed\u00fcrfnisse am besten geeigneten Maschinentyp empfehlen!<\/p>    <figure class=\"wp-block-gallery aligncenter has-nested-images columns-default is-cropped wp-block-gallery-4 is-layout-flex wp-block-gallery-is-layout-flex\"> <figure class=\"wp-block-image size-large\"><img loading=\"lazy\" decoding=\"async\" width=\"720\" height=\"540\" data-id=\"4383\" src=\"https:\/\/taizyagromachine.com\/wp-content\/uploads\/2022\/12\/electric-motor-sorghum-threshing-machine.webp\" alt=\"Sorghum-Dreschmaschine mit Elektromotor\" class=\"wp-image-4383\"\/><figcaption class=\"wp-element-caption\">Sorghum-Dreschmaschine mit Elektromotor<\/figcaption><\/figure>    <figure class=\"wp-block-image size-large\"><img loading=\"lazy\" decoding=\"async\" width=\"720\" height=\"540\" data-id=\"4384\" src=\"https:\/\/taizyagromachine.com\/wp-content\/uploads\/2022\/12\/small-sorghum-millet-thresher.webp\" alt=\"kleiner Sorghum-Hirse-Drescher\" class=\"wp-image-4384\"\/><figcaption class=\"wp-element-caption\">kleiner Sorghum-Hirse-Drescher<\/figcaption><\/figure>    <figure class=\"wp-block-image size-large\"><img loading=\"lazy\" decoding=\"async\" width=\"720\" height=\"540\" data-id=\"4382\" src=\"https:\/\/taizyagromachine.com\/wp-content\/uploads\/2022\/12\/5TGQ-100C-sheller-machine.webp\" alt=\"Sch\u00e4lmaschine 5TGQ-100C\" class=\"wp-image-4382\"\/><figcaption class=\"wp-element-caption\">Sch\u00e4lmaschine 5TGQ-100C<\/figcaption><\/figure> <\/figure>    <h4 class=\"wp-block-heading\"><strong>Struktur der Hirse-Sorghum-Dreschmaschine 5TGQ-100C <\/strong><\/h4>   <div class=\"wp-block-image\"> <figure class=\"aligncenter size-full\"><img loading=\"lazy\" decoding=\"async\" width=\"720\" height=\"540\" src=\"https:\/\/taizyagromachine.com\/wp-content\/uploads\/2022\/12\/structure-of-small-sorghum-threshing-machine.webp\" alt=\"Struktur einer kleinen Sorghum-Dreschmaschine\" class=\"wp-image-4388\"\/><figcaption class=\"wp-element-caption\">Struktur einer kleinen Sorghum-Dreschmaschine<\/figcaption><\/figure> <\/div>   <figure class=\"wp-block-table\"><table><tbody><tr><td>Seriennummer<\/td><td>Angezeigter Inhalt<\/td><\/tr><tr><td>A<\/td><td>Einlass \u2013 Arbeiter f\u00fcllen die Rohstoffe in den Einlass<\/td><\/tr><tr><td>B<\/td><td>Icker-Auslass \u2013 der Icker wird aus dem Auslass abgegeben<\/td><\/tr><tr><td>C<\/td><td>Samenauslass \u2013 dieser Auslass f\u00fcr gute Endprodukte, und die Endprodukte werden sehr sauber sein<\/td><\/tr><tr><td>D<\/td><td>Auslass f\u00fcr Verunreinigungen \u2013 der Staub wird aus diesem Auslass ausgetragen<\/td><\/tr><tr><td>E<\/td><td>Motor \u2013 dieser Elektromotor kann in Benzin- oder Dieselmotoren umgewandelt werden<\/td><\/tr><\/tbody><\/table><\/figure>    <h2 class=\"wp-block-heading\"><strong>Anwendungen der Taizy Sorghum-Dreschmaschine<\/strong><\/h2>    <p>Unser multifunktionaler Korntrichter wird haupts\u00e4chlich zum Dreschen von Sorghum, Hirse und Raps verwendet, und seine Anwendungen sind \u00e4hnlich wie bei diesen drei K\u00f6rnern. Wenn Sie Fragen haben, k\u00f6nnen Sie uns kontaktieren, und unser Verkaufsleiter wird Ihnen entsprechend Ihrer K\u00f6rner das passende Ger\u00e4t empfehlen!<\/p>   <div class=\"wp-block-image\"> <figure class=\"aligncenter size-full\"><img loading=\"lazy\" decoding=\"async\" width=\"720\" height=\"540\" src=\"https:\/\/taizyagromachine.com\/wp-content\/uploads\/2022\/12\/applications-of-sorghum-thresher-machine.webp\" alt=\"Anwendungen der Sorghum-Dreschmaschine\" class=\"wp-image-4374\"\/><figcaption class=\"wp-element-caption\">Anwendungen der Sorghum-Dreschmaschine<\/figcaption><\/figure> <\/div>   <h2 class=\"wp-block-heading\"><strong>Merkmale der Hirse-Sorghum-Dreschmaschine<\/strong><\/h2>    <ol class=\"wp-block-list\"> <li>Diese Dreschmaschine kann Sorghum, Hirse und Raps mit einer Dreschleistung von 99% dreschen.<\/li>    <li>Diese Maschine kann entweder mit einem Elektromotor oder einem Dieselmotor verwendet werden und eignet sich daher sehr gut f\u00fcr Gebiete mit weniger entwickelter Elektrizit\u00e4t.<\/li>    <li>Die Sorghum-Dreschmaschine ist wissenschaftlich konstruiert, strukturell solide, stabil und einfach zu bedienen.<\/li>    <li>Die Maschine ist f\u00fcr unterschiedliche K\u00f6rner ausgelegt und muss durch ein passendes Sieb ersetzt werden.<\/li>    <li>Die Maschine kann mit einem gro\u00dfen Rad ausgestattet werden und kann auch mit Zapfwellenanschluss und Traktor verwendet werden, was sehr praktisch ist.<\/li> <\/ol>    <h2 class=\"wp-block-heading\"><strong>Erfolgreiche F\u00e4lle der Taizy-Sorghum-Dreschmaschine<\/strong><\/h2>    <p>Unsere Sorghum-Sch\u00e4lmaschine ist auf dem internationalen Markt sehr beliebt, oft f\u00fcr den Einzelhandelsexport, und jedes Mal kaufen unsere Kunden unsere Maschinen in gro\u00dfen Mengen f\u00fcr Regierungsprojekte oder Regierungsk\u00e4ufe. Zum Beispiel Kenia, Nigeria und andere L\u00e4nder. Das Bild unten zeigt Szenen unseres Transports, wenn der Kunde eine gro\u00dfe Menge Dreschmaschinen kauft.<\/p>    <figure class=\"wp-block-gallery aligncenter has-nested-images columns-default is-cropped wp-block-gallery-5 is-layout-flex wp-block-gallery-is-layout-flex\"> <figure class=\"wp-block-image size-large\"><img loading=\"lazy\" decoding=\"async\" width=\"540\" height=\"720\" data-id=\"4365\" src=\"https:\/\/taizyagromachine.com\/wp-content\/uploads\/2022\/12\/packing-sorghum-thresher-machine.webp\" alt=\"Verpackungs-Sorghum-Dreschmaschine\" class=\"wp-image-4365\"\/><figcaption class=\"wp-element-caption\">Verpackungs-Sorghum-Dreschmaschine<\/figcaption><\/figure>    <figure class=\"wp-block-image size-large\"><img loading=\"lazy\" decoding=\"async\" width=\"540\" height=\"720\" data-id=\"4366\" src=\"https:\/\/taizyagromachine.com\/wp-content\/uploads\/2022\/12\/sorghum-threshing-machine-1.webp\" alt=\"Sorghum-Dreschmaschine\" class=\"wp-image-4366\"\/><figcaption class=\"wp-element-caption\">Sorghum-Dreschmaschine<\/figcaption><\/figure> <\/figure>    <h2 class=\"wp-block-heading\"><strong>Technische Parameter der Sorghum-Dreschmaschine<\/strong><\/h2>    <figure class=\"wp-block-table\"><table><tbody><tr><td>Modell<\/td><td>5TGQ-100A<\/td><td>5TGQ-100B<\/td><td>5TGQ-100C<\/td><\/tr><tr><td>Leistung<\/td><td>7,5\u201311 kW oder 12\u201315 PS<\/td><td>4\u20135,5 kW oder 6\u20138 PS<\/td><td>3 kW oder 6 PS<\/td><\/tr><tr><td>Sch\u00e4lrate<\/td><td>99%<\/td><td>99%<\/td><td>99%<\/td><\/tr><tr><td>Kapazit\u00e4t<\/td><td>1000 kg\/h<\/td><td>500-600kg\/h<\/td><td>400kg\/h<\/td><\/tr><tr><td>Gewicht<\/td><td>300kg<\/td><td>200kg<\/td><td>120kg<\/td><\/tr><tr><td>Gr\u00f6\u00dfe<\/td><td>1800*1000*2300mm<\/td><td>1700*900*2000mm<\/td><td>1650*1200*950mm<\/td><\/tr><tr><td>Verpackung<\/td><td>1800*800*1700mm<\/td><td>1700*530*1300mm<\/td><td>1650*530*930mm<\/td><\/tr><\/tbody><\/table><\/figure>    <h2 class=\"wp-block-heading\"><strong>Video der Taizy Sorghum-Dreschmaschine<\/strong> <strong>\u2013 Wie werden Sorghum und Hirse gedroschen?<\/strong><\/h2>    <figure class=\"wp-block-embed is-type-video is-provider-youtube wp-block-embed-youtube wp-embed-aspect-16-9 wp-has-aspect-ratio\"><div class=\"wp-block-embed__wrapper\"> <iframe loading=\"lazy\" title=\"Taizy Sorghum-Dreschmaschine f\u00fcr Hirse, Perlhirse, Sorghum, Raps \u2013 multifunktionale Dreschmaschine\" width=\"500\" height=\"281\" src=\"https:\/\/www.youtube.com\/embed\/ypdBGXZhrZs?feature=oembed\" frameborder=\"0\" allow=\"accelerometer; autoplay; clipboard-write; encrypted-media; gyroscope; picture-in-picture; web-share\" referrerpolicy=\"strict-origin-when-cross-origin\" allowfullscreen><\/iframe> <\/div><\/figure>","protected":false},"excerpt":{"rendered":"<p>The 5TGQ series sorghum threshing machine is a sheller developed by our company specifically for sorghum, millet, and rapeseed. With a threshing rate of over 99%, this machine is an unbeatable grain thresher. As a professional manufacturer and supplier of agricultural machinery, there are three models: 5TGQ-100A, 5TGQ-100B, and 5TGQ-100C. Different models are available depending [&hellip;]<\/p>\n","protected":false},"author":1,"featured_media":4359,"parent":0,"template":"","tags":[198,207],"product-type":[22],"class_list":["post-4358","product","type-product","status-publish","has-post-thumbnail","hentry","tag-multifunctional-thresher","tag-sorghum-threshing-machine","product-type-others"],"_links":{"self":[{"href":"https:\/\/taizyagromachine.com\/de\/wp-json\/wp\/v2\/product\/4358","targetHints":{"allow":["GET"]}}],"collection":[{"href":"https:\/\/taizyagromachine.com\/de\/wp-json\/wp\/v2\/product"}],"about":[{"href":"https:\/\/taizyagromachine.com\/de\/wp-json\/wp\/v2\/types\/product"}],"author":[{"embeddable":true,"href":"https:\/\/taizyagromachine.com\/de\/wp-json\/wp\/v2\/users\/1"}],"wp:featuredmedia":[{"embeddable":true,"href":"https:\/\/taizyagromachine.com\/de\/wp-json\/wp\/v2\/media\/4359"}],"wp:attachment":[{"href":"https:\/\/taizyagromachine.com\/de\/wp-json\/wp\/v2\/media?parent=4358"}],"wp:term":[{"taxonomy":"post_tag","embeddable":true,"href":"https:\/\/taizyagromachine.com\/de\/wp-json\/wp\/v2\/tags?post=4358"},{"taxonomy":"product-type","embeddable":true,"href":"https:\/\/taizyagromachine.com\/de\/wp-json\/wp\/v2\/product-type?post=4358"}],"curies":[{"name":"wp","href":"https:\/\/api.w.org\/{rel}","templated":true}]}}