{"id":4407,"date":"2022-12-29T11:06:32","date_gmt":"2022-12-29T03:06:32","guid":{"rendered":"https:\/\/taizyagromachine.com\/?post_type=product&#038;p=4407"},"modified":"2022-12-29T16:34:35","modified_gmt":"2022-12-29T08:34:35","slug":"corn-peeling-machine","status":"publish","type":"product","link":"https:\/\/taizyagromachine.com\/de\/product\/corn-peeling-machine\/","title":{"rendered":"Kleine Maissch\u00e4lmaschine zum Entfernen der Maishaut"},"content":{"rendered":"<p class=\"translation-block\">Diese Mais-Sch\u00e4lmaschine wird haupts\u00e4chlich verwendet, um die Maishaut f\u00fcr die Vorbereitung des n\u00e4chsten Prozesses zu entfernen. Au\u00dferdem ist diese Maschine auch f\u00fcr Weizen geeignet. Nach dem Sch\u00e4len arbeitet sie immer mit der <a href=\"https:\/\/taizyagromachine.com\/de\/product\/disk-mill-machine\/\" target=\"_blank\" rel=\"noreferrer noopener\">Maism\u00fchle<\/a> f\u00fcr feines Pulver. <\/p>    <p class=\"translation-block\">Mit der Entwicklung der Zeiten machen auch unsere Landmaschinen rasante Ver\u00e4nderungen, die Verwendung der <a href=\"https:\/\/taizyagromachine.com\/de\/product\/maize-grits-milling-machine\/\" target=\"_blank\" rel=\"noreferrer noopener\">Maisgrie\u00dfmaschine<\/a> kann sowohl Mais sch\u00e4len als auch Maisgrie\u00df herstellen. Es h\u00e4ngt haupts\u00e4chlich von Ihnen ab, zu planen. Wenn Sie interessiert sind, kontaktieren Sie uns bitte f\u00fcr weitere Informationen!<\/p>    <h2 class=\"wp-block-heading\"><strong>Arten von Multifunktions-Maissch\u00e4lmaschinen zum Verkauf<\/strong><\/h2>    <p class=\"translation-block\">Als <a href=\"https:\/\/taizyagromachine.com\/de\/\" target=\"_blank\" rel=\"noreferrer noopener\">professioneller Hersteller und Anbieter von Landmaschinen<\/a> kann unser Mais-Sch\u00e4ler sowohl mit elektrischen als auch mit Dieselmotoren verwendet werden. F\u00fcr diejenigen, die eine Maschine mit mehreren Antriebskonfigurationen bevorzugen, ist diese Maschine die ideale Wahl.<\/p>    <p class=\"translation-block\">Diese Mais-Sch\u00e4lmaschine ist bei unseren Kunden sehr beliebt wegen ihrer guten Leistung, der einfachen Handhabung, des kompakten Designs und der vern\u00fcnftigen Struktur. Oft kaufen Kunden den ganzen Schrank oder zusammen mit anderen Maschinen, zum Beispiel <a href=\"https:\/\/taizyagromachine.com\/de\/info\/corn-grinder-machine-australia\/\" target=\"_blank\" rel=\"noreferrer noopener\">hat ein australischer Kunde k\u00fcrzlich Maismaschinen, einschlie\u00dflich eines Mais-Sch\u00e4lers, bei uns gekauft<\/a>.<\/p>    <figure class=\"wp-block-gallery aligncenter has-nested-images columns-default is-cropped wp-block-gallery-2 is-layout-flex wp-block-gallery-is-layout-flex\"> <figure class=\"wp-block-image size-full\"><img loading=\"lazy\" decoding=\"async\" width=\"540\" height=\"720\" data-id=\"4416\" src=\"https:\/\/taizyagromachine.com\/wp-content\/uploads\/2022\/12\/electric-motor-maize-peeler.webp\" alt=\"Maissch\u00e4ler mit Elektromotor\" class=\"wp-image-4416\"\/><figcaption class=\"wp-element-caption\">Maissch\u00e4ler mit Elektromotor<\/figcaption><\/figure>    <figure class=\"wp-block-image size-full\"><img loading=\"lazy\" decoding=\"async\" width=\"540\" height=\"720\" data-id=\"4417\" src=\"https:\/\/taizyagromachine.com\/wp-content\/uploads\/2022\/12\/diesel-engined-corn-peeler.webp\" alt=\"Dieselbetriebener Maissch\u00e4ler\" class=\"wp-image-4417\"\/><figcaption class=\"wp-element-caption\">Dieselbetriebener Maissch\u00e4ler<\/figcaption><\/figure> <\/figure>    <h2 class=\"wp-block-heading\"><strong>Was ist das Design einer Maissch\u00e4lmaschine?<\/strong><\/h2>   <div class=\"wp-block-image\"> <figure class=\"aligncenter size-full\"><img loading=\"lazy\" decoding=\"async\" width=\"720\" height=\"540\" src=\"https:\/\/taizyagromachine.com\/wp-content\/uploads\/2022\/12\/structure-of-the-corn-skin-peeling-machine.webp\" alt=\"Aufbau der Maishautsch\u00e4lmaschine\" class=\"wp-image-4414\"\/><figcaption class=\"wp-element-caption\">Aufbau der Maishautsch\u00e4lmaschine<\/figcaption><\/figure> <\/div>   <figure class=\"wp-block-table\"><table><tbody><tr><td class=\"has-text-align-center\" data-align=\"center\">Seriennummer<\/td><td class=\"has-text-align-center\" data-align=\"center\">Maschinenteil<\/td><td class=\"has-text-align-center\" data-align=\"center\">Seriennummer<\/td><td class=\"has-text-align-center\" data-align=\"center\">Maschinenteil<\/td><\/tr><tr><td class=\"has-text-align-center\" data-align=\"center\">1<\/td><td class=\"has-text-align-center\" data-align=\"center\">Feeder<\/td><td class=\"has-text-align-center\" data-align=\"center\">4<\/td><td class=\"has-text-align-center\" data-align=\"center\">Vorschubgeschwindigkeit steuern<\/td><\/tr><tr><td class=\"has-text-align-center\" data-align=\"center\">2<\/td><td class=\"has-text-align-center\" data-align=\"center\">Klinge sch\u00e4len<\/td><td class=\"has-text-align-center\" data-align=\"center\">5<\/td><td class=\"has-text-align-center\" data-align=\"center\">Kleiner Getreideauslass<\/td><\/tr><tr><td class=\"has-text-align-center\" data-align=\"center\">3<\/td><td class=\"has-text-align-center\" data-align=\"center\">Hautpeeling-Auslass<\/td><td class=\"has-text-align-center\" data-align=\"center\">6<\/td><td class=\"has-text-align-center\" data-align=\"center\">Fertigproduktausgang<\/td><\/tr><\/tbody><\/table><\/figure>    <h2 class=\"wp-block-heading\"><strong>Faktoren, die den Preis der Maissch\u00e4lmaschine beeinflussen<\/strong><\/h2>    <p>Der Preis einer Maissch\u00e4lmaschine wird von verschiedenen Aspekten beeinflusst, wie z. B. der Wahl der Leistung der Maschine, der Entfernung des Transportlandes, dem Kaufzeitraum, der Menge der zu kaufenden Maschinen usw. Diese beeinflussen sich alle der Preis der Maschine. Wenn Sie am Kauf dieser Art von Maishaut-Sch\u00e4lmaschine interessiert sind, kontaktieren Sie uns bitte und unser Verkaufspersonal wird Ihnen die beste L\u00f6sung entsprechend Ihren Bed\u00fcrfnissen anbieten.<\/p>    <h2 class=\"wp-block-heading\"><strong>Erfolgreicher Fall: 30 S\u00e4tze Maissch\u00e4lmaschinen an Bukifarnasso verkauft<\/strong><\/h2>    <p class=\"translation-block\">Ein Kunde aus Bukifarnasso hat 30 Mais-Sch\u00e4ler bei uns bestellt. Der Kunde kontaktierte uns \u00fcber WhatsApp und gab an, dass er an einem Ausschreibungsprojekt arbeitete und eine gro\u00dfe Anzahl dieser Maschinen kaufen musste. Unser Verkaufspersonal half ihm proaktiv mit den verschiedenen Materialien, die f\u00fcr die Ausschreibung ben\u00f6tigt wurden, und das Projekt wurde schlie\u00dflich gewonnen. Der Kunde bestellte auch 30 Sets von Mais-<a href=\"https:\/\/en.wikipedia.org\/wiki\/Peeler\" target=\"_blank\" rel=\"noreferrer noopener\">Sch\u00e4lern<\/a> direkt bei uns. Unten sind die Bilder von der Maschinenproduktion sowie vom Laden und Versand.<\/p>    <figure class=\"wp-block-gallery aligncenter has-nested-images columns-default is-cropped wp-block-gallery-3 is-layout-flex wp-block-gallery-is-layout-flex\"> <figure class=\"wp-block-image size-large\"><img loading=\"lazy\" decoding=\"async\" width=\"540\" height=\"550\" data-id=\"4418\" src=\"https:\/\/taizyagromachine.com\/wp-content\/uploads\/2022\/12\/corn-peeling-machine-manufacturer-supplier.webp\" alt=\"Hersteller und Lieferant von Maissch\u00e4lmaschinen\" class=\"wp-image-4418\"\/><figcaption class=\"wp-element-caption\">Hersteller und Anbieter von Mais-Sch\u00e4lmaschinen<\/figcaption><\/figure>    <figure class=\"wp-block-image size-large\"><img loading=\"lazy\" decoding=\"async\" width=\"540\" height=\"550\" data-id=\"4419\" src=\"https:\/\/taizyagromachine.com\/wp-content\/uploads\/2022\/12\/loading-and-shipping-corn-peeling-machine.webp\" alt=\"Verladung und Versand einer Maissch\u00e4lmaschine\" class=\"wp-image-4419\"\/><figcaption class=\"wp-element-caption\">Laden und Versenden von Mais-Sch\u00e4lmaschinen<\/figcaption><\/figure> <\/figure>    <h2 class=\"wp-block-heading\"><strong>Technische Parameter der kleinen Maissch\u00e4lmaschine<\/strong><\/h2>    <figure class=\"wp-block-table\"><table><tbody><tr><td>Maschinenname<\/td><td>Maissch\u00e4lmaschine<\/td><\/tr><tr><td>Leistung<\/td><td>5,5-kW-Elektromotor oder 12-PS-Dieselmotor<\/td><\/tr><tr><td>Kapazit\u00e4t<\/td><td>300-500kg\/h<\/td><\/tr><tr><td>Gewicht<\/td><td>100kg<\/td><\/tr><tr><td>Gr\u00f6\u00dfe<\/td><td>660*450*1020mm<\/td><\/tr><tr><td>Packvolumen<\/td><td>0,6CBM<\/td><\/tr><tr><td>Anwendung<\/td><td>Mais, Weizen<\/td><\/tr><\/tbody><\/table><\/figure>    <h2 class=\"wp-block-heading\"><strong>Video von Taizy Farm Verwenden Sie eine Maissch\u00e4lmaschine \u2013 Wie sch\u00e4lt man die Maisschale?<\/strong><\/h2>    <figure class=\"wp-block-embed is-type-video is-provider-youtube wp-block-embed-youtube wp-embed-aspect-16-9 wp-has-aspect-ratio\"><div class=\"wp-block-embed__wrapper\"> <iframe loading=\"lazy\" title=\"Kleine Maissch\u00e4lmaschine \u2013 Maissch\u00e4lmaschine zum Verkauf zum besten Preis von Taizy 2022 #corns\" width=\"500\" height=\"281\" src=\"https:\/\/www.youtube.com\/embed\/GhLNC2FutO4?feature=oembed\" frameborder=\"0\" allow=\"accelerometer; autoplay; clipboard-write; encrypted-media; gyroscope; picture-in-picture; web-share\" referrerpolicy=\"strict-origin-when-cross-origin\" allowfullscreen><\/iframe> <\/div><\/figure>","protected":false},"excerpt":{"rendered":"<p>This corn peeling machine is mainly used to remove the maize skin for the preparation of the next process. Besides, this machine is also for the wheat. After peeling, it always works with the corn grinder machine for fine powder. With the development of the times, our agricultural machinery also has rapid changes, using the [&hellip;]<\/p>\n","protected":false},"author":1,"featured_media":4408,"parent":0,"template":"","tags":[189,208],"product-type":[17],"class_list":["post-4407","product","type-product","status-publish","has-post-thumbnail","hentry","tag-corn-grits-making-machine","tag-corn-peeling-machine","product-type-corn-machine"],"_links":{"self":[{"href":"https:\/\/taizyagromachine.com\/de\/wp-json\/wp\/v2\/product\/4407","targetHints":{"allow":["GET"]}}],"collection":[{"href":"https:\/\/taizyagromachine.com\/de\/wp-json\/wp\/v2\/product"}],"about":[{"href":"https:\/\/taizyagromachine.com\/de\/wp-json\/wp\/v2\/types\/product"}],"author":[{"embeddable":true,"href":"https:\/\/taizyagromachine.com\/de\/wp-json\/wp\/v2\/users\/1"}],"wp:featuredmedia":[{"embeddable":true,"href":"https:\/\/taizyagromachine.com\/de\/wp-json\/wp\/v2\/media\/4408"}],"wp:attachment":[{"href":"https:\/\/taizyagromachine.com\/de\/wp-json\/wp\/v2\/media?parent=4407"}],"wp:term":[{"taxonomy":"post_tag","embeddable":true,"href":"https:\/\/taizyagromachine.com\/de\/wp-json\/wp\/v2\/tags?post=4407"},{"taxonomy":"product-type","embeddable":true,"href":"https:\/\/taizyagromachine.com\/de\/wp-json\/wp\/v2\/product-type?post=4407"}],"curies":[{"name":"wp","href":"https:\/\/api.w.org\/{rel}","templated":true}]}}