{"id":4448,"date":"2023-01-03T15:20:28","date_gmt":"2023-01-03T07:20:28","guid":{"rendered":"https:\/\/taizyagromachine.com\/?post_type=product&#038;p=4448"},"modified":"2025-03-20T14:03:30","modified_gmt":"2025-03-20T06:03:30","slug":"hydraulic-hay-baler","status":"publish","type":"product","link":"https:\/\/taizyagromachine.com\/de\/product\/hydraulic-hay-baler\/","title":{"rendered":"2-Zylinder-Hydraulik-Heuballenpresse zum Pressen von Quaderballen"},"content":{"rendered":"<p class=\"translation-block\">Dieser hydraulische Heuballenpressen wird verwendet, um verschiedene Silage-Materialien wie Stroh, Kiefernstroh, Gras usw. zu quaderf\u00f6rmigen Ballen zu pressen. Er wird oft als 2-Zylinder <a href=\"https:\/\/taizyagromachine.com\/de\/product\/3-cylinder-hydraulic-silage-baler\/\" target=\"_blank\" rel=\"noreferrer noopener\">hydraulische Silage-Ballenmaschine<\/a> bezeichnet, da er \u00fcber 2 hydraulische Zylinder verf\u00fcgt. Die Silage-Ballenpresse kann sowohl mit Elektro- als auch mit Dieselmaschinen betrieben werden, was sie zu einer flexiblen Wahl macht.<\/p>   <div class=\"wp-block-image\"> <figure class=\"aligncenter size-full\"><img loading=\"lazy\" decoding=\"async\" width=\"720\" height=\"300\" src=\"https:\/\/taizyagromachine.com\/wp-content\/uploads\/2023\/01\/hydraulic-silage-press-baler-machine.webp\" alt=\"hydraulische Silagepresse\" class=\"wp-image-4461\"\/><figcaption class=\"wp-element-caption\">hydraulische Silagepresse<\/figcaption><\/figure> <\/div>   <p>Dar\u00fcber hinaus m\u00fcssen die mit dieser Quaderballenpresse geformten Quaderballen in gewebte PE\/PP-Beutel verpackt werden. Durch die Absackung wird verhindert, dass die Silage schimmelt.<\/p>    <figure class=\"wp-block-embed is-type-video is-provider-youtube wp-block-embed-youtube wp-embed-aspect-16-9 wp-has-aspect-ratio\"><div class=\"wp-block-embed__wrapper\"> <iframe loading=\"lazy\" title=\"Hydraulische Press-Silageballenpresse f\u00fcr quadratische Silageballen - Silageverpackungsmaschinen #silage\" width=\"500\" height=\"281\" src=\"https:\/\/www.youtube.com\/embed\/hkYSZuUMRCA?feature=oembed\" frameborder=\"0\" allow=\"accelerometer; autoplay; clipboard-write; encrypted-media; gyroscope; picture-in-picture; web-share\" referrerpolicy=\"strict-origin-when-cross-origin\" allowfullscreen><\/iframe> <\/div><figcaption class=\"wp-element-caption\">hydraulischer Silage -Ballenpresse f\u00fcr quadratische Ballen<\/figcaption><\/figure>    <h2 class=\"wp-block-heading\"><strong>Struktur von <a href=\"https:\/\/silagebaler.com\/double-cylinder-hydraulic-silage-baler\/\" target=\"_blank\" rel=\"noreferrer noopener\">2-Zylinder-Hydraulik-Heuballenpresse<\/a><\/strong><\/h2>    <p>Unsere hydraulische Kiefernstrohballenpresse wurde st\u00e4ndig aktualisiert und ist jetzt eine Maschine mit besserer Leistung und Qualit\u00e4t.<\/p>   <div class=\"wp-block-image\"> <figure class=\"aligncenter size-full\"><img loading=\"lazy\" decoding=\"async\" width=\"720\" height=\"540\" src=\"https:\/\/taizyagromachine.com\/wp-content\/uploads\/2023\/01\/structure-2-cylinder-hydraulic-hay-baler.webp\" alt=\"Struktur einer hydraulischen 2-Zylinder-Heuballenpresse\" class=\"wp-image-4457\"\/><figcaption class=\"wp-element-caption\">Struktur einer hydraulischen 2-Zylinder-Heuballenpresse<\/figcaption><\/figure> <\/div>   <figure class=\"wp-block-table\"><table><tbody><tr><td>Seriennummer<\/td><td>Name des Maschinenteils<\/td><td>Seriennummer<\/td><td>Name des Maschinenteils<\/td><\/tr><tr><td>&nbsp;1<\/td><td>&nbsp;Einlass<\/td><td>&nbsp;4<\/td><td>&nbsp;Schaltschrank<\/td><\/tr><tr><td>&nbsp;2<\/td><td>&nbsp;\u00d6llagerung<\/td><td>&nbsp;5<\/td><td>&nbsp;Hydraulikzylinder (insgesamt 2 Zylinder)<\/td><\/tr><tr><td>&nbsp;3<\/td><td>&nbsp;Dieselmotor (kann auch den Elektromotor verwenden)<\/td><td>&nbsp;6<\/td><td>Entladungsloch<\/td><\/tr><\/tbody><\/table><\/figure>    <h2 class=\"wp-block-heading\"><strong>Vorteile der hydraulischen Silage-Heuballenpresse von Taizy<\/strong><\/h2>    <ol class=\"wp-block-list\"> <li>Diese Maschine kann alle Arten von Silage (trockenes und nasses Stroh, Heu, Silage) zur Langzeitlagerung in Quaderballen pressen.<\/li>    <li>Die Maschine kann flexibel mit einem Elektromotor oder einem Dieselmotor angetrieben werden, was besonders f\u00fcr Gebiete mit instabiler Stromversorgung geeignet ist.<\/li>    <li>Die Heuballenpresse mit hydraulischer Presse wird haupts\u00e4chlich hydraulisch f\u00fcr die Futterpresse angetrieben, was sehr gut und effizient ist.<\/li>    <li>Die Maschine kann auch mit Reifen und St\u00e4nden (entsprechend den Anforderungen des Kunden) f\u00fcr einfache Mobilit\u00e4t ausgestattet werden.<\/li>    <li>Die hydraulische Heuballenpresse ist mit einer hydraulischen Sonde ausgestattet, um den Betrieb der Maschine zu erkennen.<\/li> <\/ol>    <h2 class=\"wp-block-heading\"><strong>Funktionsprinzip der hydraulischen Heuballenpresse <\/strong><\/h2>    <p>Die Maschine basiert auf Hydraulik, um verschiedene T\u00e4tigkeiten auszuf\u00fchren. Zun\u00e4chst wird die Maschine gestartet und die Silage \u00fcber den Einlauf eingebracht, meist \u00fcber ein F\u00f6rderband. Anschlie\u00dfend pressen die Hydraulikzylinder die Silage zu einem Quaderballen. Anschlie\u00dfend wird der Quaderballen durch den Auslass ausgeworfen und mit einem gewebten Sack verpackt. Der gesamte Vorgang ist abgeschlossen.<\/p>   <div class=\"wp-block-image\"> <figure class=\"aligncenter size-full\"><img loading=\"lazy\" decoding=\"async\" width=\"720\" height=\"400\" src=\"https:\/\/taizyagromachine.com\/wp-content\/uploads\/2023\/01\/hydraulic-hay-baler-manufacturer-supplier.webp\" alt=\"Hersteller und Lieferant von hydraulischen Heuballenpressen\" class=\"wp-image-4469\"\/><figcaption class=\"wp-element-caption\">Hersteller und Lieferant von hydraulischen Heuballenpressen<\/figcaption><\/figure> <\/div>   <p>\u00dcberpr\u00fcfen Sie vor dem Einsatz der Maschine, ob das Hydraulik\u00f6l und die Hydraulikleitungen in gutem Zustand sind. Dies ist besonders wichtig, da die gesamte Maschine tats\u00e4chlich hydraulisch betrieben wird.<\/p>    <h2 class=\"wp-block-heading\"><strong>Optionale Maschinen f\u00fcr die hydraulische Heuballenpresse erh\u00e4ltlich<\/strong><\/h2>    <p class=\"translation-block\"><strong>1. F\u00f6rderband und Mischfutter.<\/strong><\/p>   <div class=\"wp-block-image\"> <figure class=\"aligncenter size-full\"><img loading=\"lazy\" decoding=\"async\" width=\"720\" height=\"300\" src=\"https:\/\/taizyagromachine.com\/wp-content\/uploads\/2023\/01\/hydraulic-press-hay-baler-with-the-conveyor-belt-and-feed-mixer.webp\" alt=\"hydraulische Heuballenpresse mit F\u00f6rderband und Futtermischer\" class=\"wp-image-4465\"\/><figcaption class=\"wp-element-caption\">hydraulische Heuballenpresse mit F\u00f6rderband und Futtermischer<\/figcaption><\/figure> <\/div>   <p class=\"translation-block\"><strong>2. Gro\u00dfe Reifen und St\u00e4nder.<\/strong><\/p>    <figure class=\"wp-block-gallery aligncenter has-nested-images columns-default is-cropped wp-block-gallery-2 is-layout-flex wp-block-gallery-is-layout-flex\"> <figure class=\"wp-block-image size-large\"><img loading=\"lazy\" decoding=\"async\" width=\"720\" height=\"540\" data-id=\"4466\" src=\"https:\/\/taizyagromachine.com\/wp-content\/uploads\/2023\/01\/diesel-engine-hydraulic-silage-baling-machine.webp\" alt=\"Hydraulische Silageballenpresse mit Dieselmotor, Reifen und St\u00fctzen\" class=\"wp-image-4466\"\/><figcaption class=\"wp-element-caption\">Hydraulische Silageballenpresse mit Dieselmotor, Reifen und St\u00fctzen<\/figcaption><\/figure>    <figure class=\"wp-block-image size-large\"><img loading=\"lazy\" decoding=\"async\" width=\"720\" height=\"540\" data-id=\"4467\" src=\"https:\/\/taizyagromachine.com\/wp-content\/uploads\/2023\/01\/electric-motor-hydraulic-press-hay-baling-machine.webp\" alt=\"Hydraulische Ballenpresse mit Elektromotor, Reifen und St\u00e4ndern\" class=\"wp-image-4467\"\/><figcaption class=\"wp-element-caption\">Hydraulische Ballenpresse mit Elektromotor, Reifen und St\u00e4ndern<\/figcaption><\/figure> <\/figure>    <p>Dar\u00fcber hinaus kann es vor dem F\u00f6rderband in Verbindung mit einem Spreuschneider verwendet werden, d. H. Eine Grasschneidemaschine- F\u00f6rderband-- hydraulischer Silageballenmaschine.<\/p>    <h2 class=\"wp-block-heading\"><strong>Erfolgreiche F\u00e4lle der hydraulischen Heustrohballenpresse von Taizy<\/strong><\/h2>    <p>Taizys hydraulischer Heuballener ist ein gro\u00dfer Arbeitssparer und der gesamte Prozess wird mechanisiert, weshalb sie von vielen Kunden in \u00dcbersee geliebt werden. Wir exportieren unsere Maschinen regelm\u00e4\u00dfig in L\u00e4nder wie Kenia, Bangladesch, Nigeria und Jordanien. Wir laden die Maschinen in Beh\u00e4lter und liefern sie auf dem Seeweg an die Zielh\u00e4fen unserer Kunden.<\/p>    <h2 class=\"wp-block-heading\"><strong>Parameter der 2-Zylinder-Hydraulik-Heuballenpresse zum Verkauf<\/strong><\/h2>    <figure class=\"wp-block-table\"><table><tbody><tr><td>Modell<\/td><td>9YF-5B<\/td><\/tr><tr><td>Leistung<\/td><td>15-kW-Elektromotor oder 28-PS-Dieselmotor<\/td><\/tr><tr><td>Zylinderdurchmesser<\/td><td>2*168mm<\/td><\/tr><tr><td>Anzahl der Zylinder<\/td><td>2Stk<\/td><\/tr><tr><td>Kapazit\u00e4t<\/td><td>90-120 Ballen\/h<\/td><\/tr><tr><td>Gewicht des Quaderballens (frisches Stroh)<\/td><td>60\u201370 kg\/Ballen<\/td><\/tr><tr><td>Hydraulik\u00f6l 46#<\/td><td>230 kg (selbst zubereiten)<\/td><\/tr><tr><td>K\u00fchlmethode f\u00fcr Hydraulik\u00f6l<\/td><td>Wasserk\u00fchlung<\/td><\/tr><tr><td>Steuerung des elektrischen Verteilerkastens<\/td><td>SPS<\/td><\/tr><tr><td>Anzahl der Reifen<\/td><td>2Stk<\/td><\/tr><tr><td>Anzahl der zu schiebenden Ballen<\/td><td>1-3 St\u00fcck (einstellbar)<\/td><\/tr><tr><td>Maschinengewicht<\/td><td>1500 kg<\/td><\/tr><tr><td>Gr\u00f6\u00dfe der Auslass\u00f6ffnung<\/td><td>70*28*38cm<\/td><\/tr><tr><td>Maschinenabmessungen (L<em>W<\/em>H)<\/td><td>3450*2700*2800mm<\/td><\/tr><\/tbody><\/table><figcaption class=\"wp-element-caption\">Spezifikationen der 2-Zylinder-Hydraulik-Silagepresse<\/figcaption><\/figure>    <h2 class=\"wp-block-heading\"><strong>Video von hydraulischem Heuballener - wie man quadratische Ballen macht?<\/strong><\/h2>    <figure class=\"wp-block-embed is-type-video is-provider-youtube wp-block-embed-youtube wp-embed-aspect-16-9 wp-has-aspect-ratio\"><div class=\"wp-block-embed__wrapper\"> <iframe loading=\"lazy\" title=\"Doppelzylinderhydraulik Silage Ballentr\u00e4ger Trockener Strohballengebiet | Hocheffizienter Quadratballenpressung\" width=\"500\" height=\"281\" src=\"https:\/\/www.youtube.com\/embed\/XL54NXQ-9i8?feature=oembed\" frameborder=\"0\" allow=\"accelerometer; autoplay; clipboard-write; encrypted-media; gyroscope; picture-in-picture; web-share\" referrerpolicy=\"strict-origin-when-cross-origin\" allowfullscreen><\/iframe> <\/div><figcaption class=\"wp-element-caption\">Hydraulische Ballenmaschine trockener Silage<\/figcaption><\/figure>","protected":false},"excerpt":{"rendered":"<p>This hydraulic hay baler is used for baling various silage materials such as straw, pine straws, grass, etc. to form square bales. It is often called a 2-cylinder hydraulic silage baler machine because it has 2 hydraulic cylinders. The silage baler can be used with either electric or diesel engines, making it a flexible choice. [&hellip;]<\/p>\n","protected":false},"author":1,"featured_media":4449,"parent":0,"template":"","tags":[209,168],"product-type":[19],"class_list":["post-4448","product","type-product","status-publish","has-post-thumbnail","hentry","tag-hydraulic-hay-baler","tag-silage-baler","product-type-silage-machine"],"_links":{"self":[{"href":"https:\/\/taizyagromachine.com\/de\/wp-json\/wp\/v2\/product\/4448","targetHints":{"allow":["GET"]}}],"collection":[{"href":"https:\/\/taizyagromachine.com\/de\/wp-json\/wp\/v2\/product"}],"about":[{"href":"https:\/\/taizyagromachine.com\/de\/wp-json\/wp\/v2\/types\/product"}],"author":[{"embeddable":true,"href":"https:\/\/taizyagromachine.com\/de\/wp-json\/wp\/v2\/users\/1"}],"wp:featuredmedia":[{"embeddable":true,"href":"https:\/\/taizyagromachine.com\/de\/wp-json\/wp\/v2\/media\/4449"}],"wp:attachment":[{"href":"https:\/\/taizyagromachine.com\/de\/wp-json\/wp\/v2\/media?parent=4448"}],"wp:term":[{"taxonomy":"post_tag","embeddable":true,"href":"https:\/\/taizyagromachine.com\/de\/wp-json\/wp\/v2\/tags?post=4448"},{"taxonomy":"product-type","embeddable":true,"href":"https:\/\/taizyagromachine.com\/de\/wp-json\/wp\/v2\/product-type?post=4448"}],"curies":[{"name":"wp","href":"https:\/\/api.w.org\/{rel}","templated":true}]}}