{"id":4524,"date":"2023-01-11T15:56:22","date_gmt":"2023-01-11T07:56:22","guid":{"rendered":"https:\/\/taizyagromachine.com\/?post_type=product&#038;p=4524"},"modified":"2023-01-11T16:05:49","modified_gmt":"2023-01-11T08:05:49","slug":"horizontal-feed-mixer","status":"publish","type":"product","link":"https:\/\/taizyagromachine.com\/de\/product\/horizontal-feed-mixer\/","title":{"rendered":"Horizontaler Futtermischer f\u00fcr Silage als Rinder- und Schaffutter"},"content":{"rendered":"<p>Der horizontale Futtermischer von Taizy ist eine Silageverarbeitungsmaschine, die Mahlen und Mischen integriert. In diesem Teil der Silageverarbeitung wird diese Maschine oft als Hilfsmaschine zusammen mit anderen Maschinen eingesetzt, um die Effizienz und Qualit\u00e4t der Silage zu maximieren.<\/p>    <p>Silage ist ein wichtiges Futtermittel in der Tierhaltung und stellt einen Bedarf dar. Der Einsatz dieser Futtermischmaschine bietet die Vorteile einer Arbeitsersparnis und einer Effizienzsteigerung. <\/p>    <h2 class=\"wp-block-heading\"><strong>Warum den horizontalen Futtermischer von Taizy verwenden?<\/strong><\/h2>    <p class=\"translation-block\"><strong>Silage ist vorteilhaft f\u00fcr Tiere<\/strong>. Nach dem Mischen ist das Silagefutter aufgrund seiner guten Schmackhaftigkeit, geringen Verschwendung und hohen Verdaulichkeit beliebt.<\/p>    <p class=\"translation-block\"><strong>Die vollst\u00e4ndige Mischung des Tierfutters<\/strong> erh\u00f6ht unsere Effizienz, spart Arbeit und bereitet gleichzeitig eine gleichm\u00e4\u00dfigere Vielfalt an Futter f\u00fcr unsere Zuchttiere zu.<\/p>    <h2 class=\"wp-block-heading\"><strong>Weit verbreitet in verschiedenen landwirtschaftlichen Betrieben \u2013 Anwendungen von horizontalen Futtermischwagen zum Verkauf<\/strong><\/h2>    <div class=\"wp-block-media-text alignwide is-stacked-on-mobile\"><figure class=\"wp-block-media-text__media\"><img loading=\"lazy\" decoding=\"async\" width=\"540\" height=\"600\" src=\"https:\/\/taizyagromachine.com\/wp-content\/uploads\/2023\/01\/various-farms.webp\" alt=\"\" class=\"wp-image-4527 size-full\"\/><\/figure><div class=\"wp-block-media-text__content\"> <p>Denn dieser Futtermischer dient haupts\u00e4chlich dem Zerkleinern und Mischen verschiedener Futtermittel in verschiedenen landwirtschaftlichen Betrieben, in denen Tiere gehalten werden. Wie im Bild gezeigt, H\u00fchnerfarmen, Kaninchenfarmen, Schweinefarmen, Pferdefarmen, Rinderfarmen, Schaffarmen usw.<\/p>    <p>Wenn Sie daran interessiert sind, nehmen Sie gerne Kontakt mit uns auf!<\/p> <\/div><\/div>    <h2 class=\"wp-block-heading\"><strong>St\u00e4rken des Taizy-Futtermischers <\/strong><\/h2>    <ol class=\"wp-block-list\"> <li>Das Design ist angemessen und die Arbeit kann in jeder Umgebung sicher und zuverl\u00e4ssig durchgef\u00fchrt werden.<\/li>    <li>Verbessert die Effizienz erheblich, je nach Volumen der Mischkammer kann jeder Futtermischer 200 \u2013 2000 K\u00fche pro Tag f\u00fcttern.<\/li>    <li>Sparen Sie Arbeitskr\u00e4fte, ein Mischer kann die Arbeit von mehr als 20 Arbeitern ersetzen.<\/li>    <li>Der horizontale Futtermischer kann mit anderen Siliermaschinen verwendet werden, wie z <a href=\"https:\/\/silagebaler.com\/silage-baler-machine-round-baler\/\" target=\"_blank\" rel=\"noreferrer noopener\">Ballenpress- und Wickelmaschine<\/a>und die hydraulische Heuballenpresse.<\/li> <\/ol>   <div class=\"wp-block-image\"> <figure class=\"aligncenter size-full\"><img loading=\"lazy\" decoding=\"async\" width=\"720\" height=\"540\" src=\"https:\/\/taizyagromachine.com\/wp-content\/uploads\/2023\/01\/horizontal-cattle-feed-mixer.webp\" alt=\"horizontaler Viehfuttermischer\" class=\"wp-image-4529\"\/><figcaption class=\"wp-element-caption\">horizontaler Viehfuttermischer<\/figcaption><\/figure> <\/div>   <h2 class=\"wp-block-heading\"><strong>Passende Maschine mit horizontalem Viehfuttermischer<\/strong><\/h2>    <p class=\"translation-block\">Der Futtermischwagen wird immer zusammen mit anderen Silagemaschinen verwendet, wie z. B. <a href=\"https:\/\/taizyagromachine.com\/de\/product\/hydraulic-hay-baler\/\" target=\"_blank\" rel=\"noreferrer noopener\">hydraulischen Silageballenpressen<\/a>, <a href=\"https:\/\/taizyagromachine.com\/de\/product\/silage-baler\/\">Ballen- und Wickelmaschinen<\/a> usw.<\/p>   <div class=\"wp-block-image\"> <figure class=\"aligncenter size-full\"><img loading=\"lazy\" decoding=\"async\" width=\"720\" height=\"230\" src=\"https:\/\/taizyagromachine.com\/wp-content\/uploads\/2023\/01\/horizontal-feed-mixer-with-the-hydraulic-hay-bales-machine.webp\" alt=\"horizontaler Futtermischer mit hydraulischer Heuballenmaschine\" class=\"wp-image-4528\"\/><figcaption class=\"wp-element-caption\">horizontaler Futtermischer mit hydraulischer Heuballenmaschine<\/figcaption><\/figure> <\/div>  <div class=\"wp-block-image\"> <figure class=\"aligncenter size-full\"><img loading=\"lazy\" decoding=\"async\" width=\"720\" height=\"300\" src=\"https:\/\/taizyagromachine.com\/wp-content\/uploads\/2023\/01\/feed-mixer-with-silage-baler.webp\" alt=\"Futtermischer mit Silagepresse\" class=\"wp-image-4530\"\/><figcaption class=\"wp-element-caption\">Futtermischer mit Silagepresse<\/figcaption><\/figure> <\/div>   <h2 class=\"wp-block-heading\"><strong>Technische Parameter des horizontalen TMR-Mischers<\/strong><\/h2>    <figure class=\"wp-block-table\"><table><tbody><tr><td>Modell<\/td><td>TMR-5<\/td><td>TMR-9<\/td><td>TMR-12<\/td><\/tr><tr><td>Passende Leistung<\/td><td>11-15 kW<\/td><td>22-30 kW<\/td><td>50-75 kW<\/td><\/tr><tr><td>Volumen des Mischbeh\u00e4lters<\/td><td>5m\u00b3<\/td><td>9m\u00b3<\/td><td>12m\u00b3<\/td><\/tr><tr><td>Rotationsgeschwindigkeit<\/td><td>23,5 U\/min<\/td><td>23,5 U\/min<\/td><td>23,5 U\/min<\/td><\/tr><tr><td>Gewicht<\/td><td>1600 kg<\/td><td>3300 kg<\/td><td>4500 kg<\/td><\/tr><tr><td>Dimension<\/td><td>3930*1850*2260mm<\/td><td>4820*2130*2480mm<\/td><td>5600*2400*2500mm<\/td><\/tr><\/tbody><\/table><\/figure>    <p>TMR ist die Abk\u00fcrzung f\u00fcr Total Mixed Rations und bedeutet, dass die Maschine das Futter gleichm\u00e4\u00dfig und gut mischen kann, was in der Tierzucht sehr beliebt ist. <\/p>","protected":false},"excerpt":{"rendered":"<p>Taizy&#8217;s horizontal feed mixer is a silage processing machine that integrates grinding and mixing. In this part of silage processing, this machine is often used as an auxiliary machine together with other machines to maximize the efficiency and quality of silage. Silage is an important animal feed in livestock farming, occupying the necessity. Using this [&hellip;]<\/p>\n","protected":false},"author":1,"featured_media":4526,"parent":0,"template":"","tags":[210,209],"product-type":[19],"class_list":["post-4524","product","type-product","status-publish","has-post-thumbnail","hentry","tag-horizontal-feed-mixer","tag-hydraulic-hay-baler","product-type-silage-machine"],"_links":{"self":[{"href":"https:\/\/taizyagromachine.com\/de\/wp-json\/wp\/v2\/product\/4524","targetHints":{"allow":["GET"]}}],"collection":[{"href":"https:\/\/taizyagromachine.com\/de\/wp-json\/wp\/v2\/product"}],"about":[{"href":"https:\/\/taizyagromachine.com\/de\/wp-json\/wp\/v2\/types\/product"}],"author":[{"embeddable":true,"href":"https:\/\/taizyagromachine.com\/de\/wp-json\/wp\/v2\/users\/1"}],"wp:featuredmedia":[{"embeddable":true,"href":"https:\/\/taizyagromachine.com\/de\/wp-json\/wp\/v2\/media\/4526"}],"wp:attachment":[{"href":"https:\/\/taizyagromachine.com\/de\/wp-json\/wp\/v2\/media?parent=4524"}],"wp:term":[{"taxonomy":"post_tag","embeddable":true,"href":"https:\/\/taizyagromachine.com\/de\/wp-json\/wp\/v2\/tags?post=4524"},{"taxonomy":"product-type","embeddable":true,"href":"https:\/\/taizyagromachine.com\/de\/wp-json\/wp\/v2\/product-type?post=4524"}],"curies":[{"name":"wp","href":"https:\/\/api.w.org\/{rel}","templated":true}]}}