{"id":4618,"date":"2023-02-10T17:38:26","date_gmt":"2023-02-10T09:38:26","guid":{"rendered":"https:\/\/taizyagromachine.com\/?post_type=product&#038;p=4618"},"modified":"2023-02-13T11:42:42","modified_gmt":"2023-02-13T03:42:42","slug":"rice-nursery-seedling-machine","status":"publish","type":"product","link":"https:\/\/taizyagromachine.com\/de\/product\/rice-nursery-seedling-machine\/","title":{"rendered":"Automatische Rohreis-S\u00e4mlingsmaschine"},"content":{"rendered":"<p>Die Reissetzlingsmaschine von Taizy ist speziell f\u00fcr den Reisanbau konzipiert, haupts\u00e4chlich f\u00fcr die Aufzucht verschiedener Reissetzlingsarten. Diese Maschine verf\u00fcgt \u00fcber eine hohe Effizienz und kann in einer Stunde 969\u20131017 Schalen mit Setzlingen aufziehen. Es handelt sich um eine Baumschulmaschine, die beim Reisanbau f\u00fcr gro\u00dffl\u00e4chige Reisanbauer eine positive Rolle spielt.<\/p>    <p>Aufgrund ihrer hohen Effizienz, guten Qualit\u00e4t und guten Leistung ist diese Reissetzmaschine bei Kunden, insbesondere bei Reisbauern, sehr beliebt. Wenn Sie Interesse an dieser Art von Maschine haben, kontaktieren Sie uns bitte!<\/p>    <h2 class=\"wp-block-heading\"><strong>Warum die S\u00e4mlingsmaschine f\u00fcr Paddy-Reis verwenden?<\/strong><\/h2>    <p>Der Reisanbau ist ein sehr wichtiger landwirtschaftlicher Anbau und macht einen gro\u00dfen Anteil an Getreide aus. Alle Reisbauern wissen, dass Reissetzlinge gez\u00fcchtet werden sollten, aber die traditionelle Art der Setzlingszucht ist sehr erm\u00fcdend.<\/p>    <figure class=\"wp-block-gallery aligncenter has-nested-images columns-default is-cropped wp-block-gallery-2 is-layout-flex wp-block-gallery-is-layout-flex\"> <figure class=\"wp-block-image size-large\"><img loading=\"lazy\" decoding=\"async\" width=\"720\" height=\"540\" data-id=\"4624\" src=\"https:\/\/taizyagromachine.com\/wp-content\/uploads\/2023\/02\/manual-seedlings-raising.webp\" alt=\"manuelle Aufzucht von S\u00e4mlingen\" class=\"wp-image-4624\"\/><figcaption class=\"wp-element-caption\">manuelle Aufzucht von S\u00e4mlingen<\/figcaption><\/figure>    <figure class=\"wp-block-image size-large\"><img loading=\"lazy\" decoding=\"async\" width=\"720\" height=\"540\" data-id=\"4625\" src=\"https:\/\/taizyagromachine.com\/wp-content\/uploads\/2023\/02\/mechnical-nursery-machine.webp\" alt=\"mechanische Baumschulmaschine\" class=\"wp-image-4625\"\/><figcaption class=\"wp-element-caption\">mechanische Baumschulmaschine<\/figcaption><\/figure> <\/figure>    <p>Vor der Aussaat sollten die Setzlingsfelder mehrmals umgegraben und ausreichend Hofd\u00fcnger ausgebracht werden, um in diesem Jahr eine gute Ernte zu erzielen. Die Leute arbeiten oft den ganzen Tag auf dem Feld. <\/p>    <p class=\"translation-block\">Die Verwendung der <a href=\"https:\/\/taizyagromachine.com\/de\/product\/nursery-seedling-machine\/\" target=\"_blank\" rel=\"noreferrer noopener\">Reiss\u00e4mlingsmaschine<\/a> kann Reiss\u00e4mlinge schnell aufziehen, und 969-1017 Schalen k\u00f6nnen in einer Stunde durchgef\u00fchrt werden, was nicht nur effizient ist, sondern auch die Arbeitskraft erheblich spart.<\/p>    <h2 class=\"wp-block-heading\"><strong>Reis-S\u00e4mlingsmaschine zum Verkauf<\/strong><\/h2>    <p class=\"translation-block\">Als <a href=\"https:\/\/taizyagromachine.com\/de\/\" target=\"_blank\" rel=\"noreferrer noopener\">professioneller Hersteller und Produzent verschiedener Landmaschinen<\/a> haben wir zwei Arten von Reiss\u00e4mlingsmaschinen, eine ist vollautomatisch und die andere halbautomatisch.<\/p>    <h3 class=\"wp-block-heading\"><strong>Vollautomatische S\u00e4mlingsmaschine f\u00fcr Reisanbau<\/strong><\/h3>    <p>Wie der Name schon sagt, kann die vollautomatische Maschine zur Aufzucht von Reiss\u00e4mlingen den gesamten Arbeitsprozess mit vollst\u00e4ndiger Mechanisierung und Automatisierung abschlie\u00dfen. Neben der einfachsten Hauptmaschine f\u00fcr Reiss\u00e4mlinge gibt es auch Maschinen mit einer Schalenzuf\u00fchrung \u2013 einem Bodenlader \u2013 einem Schalenstapler.<\/p>    <h3 class=\"wp-block-heading\"><strong>Halbautomatische S\u00e4maschine f\u00fcr Reisanbau<\/strong><\/h3>   <div class=\"wp-block-image\"> <figure class=\"aligncenter size-full\"><img loading=\"lazy\" decoding=\"async\" width=\"1000\" height=\"220\" src=\"https:\/\/taizyagromachine.com\/wp-content\/uploads\/2023\/02\/Semi-automatic-rice-nursery-sowing-machine.webp\" alt=\"Halbautomatische S\u00e4maschine f\u00fcr Reisanbau\" class=\"wp-image-4623\"\/><figcaption class=\"wp-element-caption\">Halbautomatische S\u00e4maschine f\u00fcr Reisanbau<\/figcaption><\/figure> <\/div>   <p>Die halbautomatische S\u00e4mlingsmaschine f\u00fcr Reisg\u00e4rtnerei verf\u00fcgt \u00fcber keinen Bodenlader und muss daher manuell mit Erde beladen werden. Die anderen Maschinen sind gleich.<\/p>    <h2 class=\"wp-block-heading\"><strong>Struktur der automatischen Reiss\u00e4maschine<\/strong><\/h2>   <div class=\"wp-block-image\"> <figure class=\"aligncenter size-full\"><img loading=\"lazy\" decoding=\"async\" width=\"720\" height=\"450\" src=\"https:\/\/taizyagromachine.com\/wp-content\/uploads\/2023\/02\/structure-of-paddy-rice-seed-sowing-machine.webp\" alt=\"Struktur der S\u00e4maschine f\u00fcr Rohreissamen\" class=\"wp-image-4619\"\/><figcaption class=\"wp-element-caption\">Struktur der S\u00e4maschine f\u00fcr Rohreissamen<\/figcaption><\/figure> <\/div>   <p class=\"translation-block\">Aufgrund des gro\u00dfartigen Designs verf\u00fcgt die <a href=\"https:\/\/nurseryseedingmachine.com\/nursery-seeding\/\" target=\"_blank\" rel=\"noreferrer noopener\">automatische S\u00e4maschine<\/a> \u00fcber die Funktionen Bodenausbreitung, Bew\u00e4sserung, Aussaat und Erdabdeckung als Integration, die alle Vorg\u00e4nge der Reisschale auf einmal abschlie\u00dfen kann.<\/p>    <h2 class=\"wp-block-heading\"><strong>Technische Parameter der Taizy Rice Nursery S\u00e4maschine <\/strong><\/h2>    <figure class=\"wp-block-table\"><table><tbody><tr><td>Modell<\/td><td>TZY-280A<\/td><\/tr><tr><td>Kapazit\u00e4t<\/td><td>969\u20131017 Tabletts\/Stunde<\/td><\/tr><tr><td>Leistung<\/td><td>240 kW f\u00fcr die Lieferung<br>120 kW f\u00fcr die Aussaat<\/td><\/tr><tr><td>Hilfstrichter f\u00fcr Saatbettboden<\/td><td>45L<\/td><\/tr><tr><td>Samentrichter<\/td><td>30L<\/td><\/tr><tr><td>Hilfstrichter f\u00fcr Saatbettboden<\/td><td>45L<\/td><\/tr><tr><td>Aussaatmenge (Hybridreis)<\/td><td>95\u2013304,5 g\/Tablett<\/td><\/tr><tr><td>Gr\u00f6\u00dfe<\/td><td>6830*460*1020mm<\/td><\/tr><tr><td>Gewicht<\/td><td>190kg<\/td><\/tr><tr><td>Dicke des Untergrunds<\/td><td>18-25mm<\/td><\/tr><tr><td>Dicke des Oberfl\u00e4chenbodens<\/td><td>3-9mm<\/td><\/tr><\/tbody><\/table><\/figure>    <h2 class=\"wp-block-heading\"><strong>Video der Reis-S\u00e4mlingsmaschine \u2013 vollautomatische und halbautomatische Reiss\u00e4maschine<\/strong><\/h2>    <figure class=\"wp-block-embed is-type-video is-provider-youtube wp-block-embed-youtube wp-embed-aspect-16-9 wp-has-aspect-ratio\"><div class=\"wp-block-embed__wrapper\"> <iframe loading=\"lazy\" title=\"Automatische S\u00e4maschine f\u00fcr Reis-Baumschulen - S\u00e4mlingsmaschine f\u00fcr Rohreis-Baumschulen - Reiss\u00e4maschine\" width=\"500\" height=\"281\" src=\"https:\/\/www.youtube.com\/embed\/VWi1lazSsO0?feature=oembed\" frameborder=\"0\" allow=\"accelerometer; autoplay; clipboard-write; encrypted-media; gyroscope; picture-in-picture; web-share\" referrerpolicy=\"strict-origin-when-cross-origin\" allowfullscreen><\/iframe> <\/div><\/figure>","protected":false},"excerpt":{"rendered":"<p>Taizy&#8217;s rice nursery seedling machine is specially designed for rice cultivation, mainly for various kinds of rice seedling raising. This machine has high efficiency and can carry out 969-1017 trays of seedling raising in an hour. It is a nursery machine that plays a positive role in rice planting for large-area rice growers. Because of [&hellip;]<\/p>\n","protected":false},"author":1,"featured_media":4620,"parent":0,"template":"","tags":[211],"product-type":[31],"class_list":["post-4618","product","type-product","status-publish","has-post-thumbnail","hentry","tag-rice-nursery-seedling-machine","product-type-nursery-transplanter"],"_links":{"self":[{"href":"https:\/\/taizyagromachine.com\/de\/wp-json\/wp\/v2\/product\/4618","targetHints":{"allow":["GET"]}}],"collection":[{"href":"https:\/\/taizyagromachine.com\/de\/wp-json\/wp\/v2\/product"}],"about":[{"href":"https:\/\/taizyagromachine.com\/de\/wp-json\/wp\/v2\/types\/product"}],"author":[{"embeddable":true,"href":"https:\/\/taizyagromachine.com\/de\/wp-json\/wp\/v2\/users\/1"}],"wp:featuredmedia":[{"embeddable":true,"href":"https:\/\/taizyagromachine.com\/de\/wp-json\/wp\/v2\/media\/4620"}],"wp:attachment":[{"href":"https:\/\/taizyagromachine.com\/de\/wp-json\/wp\/v2\/media?parent=4618"}],"wp:term":[{"taxonomy":"post_tag","embeddable":true,"href":"https:\/\/taizyagromachine.com\/de\/wp-json\/wp\/v2\/tags?post=4618"},{"taxonomy":"product-type","embeddable":true,"href":"https:\/\/taizyagromachine.com\/de\/wp-json\/wp\/v2\/product-type?post=4618"}],"curies":[{"name":"wp","href":"https:\/\/api.w.org\/{rel}","templated":true}]}}