{"id":4641,"date":"2023-02-16T15:50:08","date_gmt":"2023-02-16T07:50:08","guid":{"rendered":"https:\/\/taizyagromachine.com\/?post_type=product&#038;p=4641"},"modified":"2025-01-02T13:49:29","modified_gmt":"2025-01-02T05:49:29","slug":"brick-making-machine-for-sale","status":"publish","type":"product","link":"https:\/\/taizyagromachine.com\/de\/product\/brick-making-machine-for-sale\/","title":{"rendered":"Maschine zur Herstellung von Zementsteinen zu verkaufen"},"content":{"rendered":"<p class=\"translation-block\">Die <strong>Ziegelmaschine<\/strong> ist speziell f\u00fcr die Herstellung verschiedener Ziegelarten konzipiert. Sie wird von Kunden auf der ganzen Welt wegen ihrer einfachen Struktur, einfachen Bedienung und hohen Kosteneffizienz gesch\u00e4tzt. Als <a href=\"https:\/\/taizyagromachine.com\/de\/\" target=\"_blank\" rel=\"noreferrer noopener\">ein f\u00fchrender Hersteller und Lieferant von Ziegelmaschinen<\/a> verf\u00fcgen wir \u00fcber eine gro\u00dfe Auswahl an Ziegelmaschinenmodellen.<\/p>    <p>Im Allgemeinen kann die zum Verkauf stehende Blockherstellungsmaschine in die Tonziegelmaschine und die Zementziegelmaschine unterteilt werden. F\u00fcr jeden Ziegelmaschinentyp gibt es unterschiedliche Konfigurationen. F\u00fcr weitere Informationen lesen Sie bitte weiter.<\/p>    <h2 class=\"wp-block-heading\"><strong>Typ 1: Maschine zur Herstellung von Zementziegeln zu verkaufen<\/strong><\/h2>    <p>Die Zementsteinmaschine ist das meistverkaufte Modell auf dem Markt, und viele Kunden fragen immer wieder nach der Zementsteinmaschine. Unsere Ziegelmaschine verf\u00fcgt \u00fcber verschiedene Modelle und ist leicht zu erlernen. Der Preis ist angemessen und eine gute Wahl f\u00fcr Investitionen in die Ziegelproduktion.<\/p>    <p>Dar\u00fcber hinaus werden unsere Maschinen aufgrund ihrer hervorragenden Leistung h\u00e4ufig in gro\u00dfem Umfang exportiert. Wenn Sie also an Ziegelmaschinen interessiert sind, kontaktieren Sie uns bitte!<\/p>    <h3 class=\"wp-block-heading\"><strong>Verschiedene Mustersteine \u200b\u200bund Ziegelformen<\/strong><\/h3>    <figure class=\"wp-block-gallery aligncenter has-nested-images columns-default is-cropped wp-block-gallery-2 is-layout-flex wp-block-gallery-is-layout-flex\"> <figure class=\"wp-block-image size-full\"><img loading=\"lazy\" decoding=\"async\" width=\"540\" height=\"600\" data-id=\"4674\" src=\"https:\/\/taizyagromachine.com\/wp-content\/uploads\/2023\/02\/various-sample-bricks.webp\" alt=\"verschiedene Mustersteine\" class=\"wp-image-4674\"\/><figcaption class=\"wp-element-caption\">verschiedene Mustersteine<\/figcaption><\/figure>    <figure class=\"wp-block-image size-full\"><img loading=\"lazy\" decoding=\"async\" width=\"540\" height=\"600\" data-id=\"4675\" src=\"https:\/\/taizyagromachine.com\/wp-content\/uploads\/2023\/02\/all-kinds-of-moulds.webp\" alt=\"alle Arten von Formen\" class=\"wp-image-4675\"\/><figcaption class=\"wp-element-caption\">alle Arten von Formen<\/figcaption><\/figure> <\/figure>    <p>Die Formen der herstellbaren Ziegel sowie die Arten der herstellbaren Ziegel, wie im Bild oben erw\u00e4hnt, k\u00f6nnen mit unserer Ziegelmaschine hergestellt werden.<\/p>    <p>Mit der Taizy-Blockherstellungsmaschine k\u00f6nnen Pflastersteine, Farbbl\u00f6cke, Grasziegel, B\u00f6schungsschutzbl\u00f6cke, W\u00fcrfel, entlang der Stra\u00dfe verwendete Bl\u00f6cke usw. hergestellt werden. <\/p>    <h3 class=\"wp-block-heading\"><strong>Detaillierte Parameter der zum Verkauf stehenden Zementziegelmaschine<\/strong><\/h3>    <p>Wir haben 10 Modelle von Zementsteinmaschinen zum Verkauf, jedes mit unterschiedlichen Kapazit\u00e4ts- und Konfigurationsdetails. Die spezifischen Parameter finden Sie unten.<\/p>    <figure class=\"wp-block-table\"><table><tbody><tr><td>Modell<\/td><td>Maschinenbild<\/td><td>Formzyklus<\/td><td>Mit Strom ausgestattet<\/td><td>Kapazit\u00e4t<\/td><td>Plattengr\u00f6\u00dfe<\/td><td>Gesamtgr\u00f6\u00dfe<\/td><td>Gewicht<\/td><td>Betreiber erforderlich<\/td><\/tr><tr><td>DF2-45<\/td><td><img loading=\"lazy\" decoding=\"async\" width=\"150\" height=\"158\" class=\"wp-image-4650\" style=\"width: 150px;\" src=\"https:\/\/taizyagromachine.com\/wp-content\/uploads\/2023\/02\/DF2-45-block-machine.webp\" alt=\"\"><\/td><td>45s<\/td><td>1,1 kW<\/td><td>Standardziegel 240*53 *115mm 3600PCS<br>Hohlziegel 390*190 *190mm 600ST<\/td><td>\/<\/td><td>900*700*1150mm<\/td><td>200kg<\/td><td>1-2<\/td><\/tr><tr><td>DF3-45<\/td><td><img loading=\"lazy\" decoding=\"async\" width=\"150\" height=\"203\" class=\"wp-image-4654\" style=\"width: 150px;\" src=\"https:\/\/taizyagromachine.com\/wp-content\/uploads\/2023\/02\/DF3-45-brick-machine.webp\" alt=\"\"><\/td><td>45s<\/td><td>1,1 kW<\/td><td>Standardziegel 240*53 *115mm 8000PCS<br>Hohlziegel 390*190 *190mm 1000ST<\/td><td>\/<\/td><td>1100*1050*1300mm<\/td><td>300kg<\/td><td>1-2<\/td><\/tr><tr><td>DF4-45<\/td><td><img loading=\"lazy\" decoding=\"async\" width=\"150\" height=\"158\" class=\"wp-image-4655\" style=\"width: 150px;\" src=\"https:\/\/taizyagromachine.com\/wp-content\/uploads\/2023\/02\/DF4-45.webp\" alt=\"\"><\/td><td>45s<\/td><td>3,7 kW<\/td><td>Standardziegel 240*53 *115mm 12000PCS<br>Hohlziegel 390*190 *190mm 1800STK<\/td><td>\/<\/td><td>1250*1350*1550mm<\/td><td>750kg<\/td><td>2-3<\/td><\/tr><tr><td>DF-Dieselmotor<\/td><td><img loading=\"lazy\" decoding=\"async\" width=\"150\" height=\"247\" class=\"wp-image-4656\" style=\"width: 150px;\" src=\"https:\/\/taizyagromachine.com\/wp-content\/uploads\/2023\/02\/DF.webp\" alt=\"\"><\/td><td>45s<\/td><td>8 PS<\/td><td>Standardziegel 240*53 *115mm 3600PCS<br>Hohlziegel 390*190 *190mm 600ST<\/td><td>\/<\/td><td>1900*1000*1550mm<\/td><td>250kg<\/td><td>1-2<\/td><\/tr><tr><td>DF4-35A ohne Trichter<\/td><td><img loading=\"lazy\" decoding=\"async\" width=\"150\" height=\"171\" class=\"wp-image-4657\" style=\"width: 150px;\" src=\"https:\/\/taizyagromachine.com\/wp-content\/uploads\/2023\/02\/DF4-35A-without-hopper.webp\" alt=\"\"><\/td><td>35s<\/td><td>4,8 kW<\/td><td>Standardziegel 240*53 *115mm 15000PCS<br>Hohlziegel 390*190 *190mm 2400STK<\/td><td>850*550*30mm<\/td><td>1250*1350*1550mm<\/td><td>750kg<\/td><td>2-3<\/td><\/tr><tr><td>DF4-35A mit Trichter<\/td><td><img loading=\"lazy\" decoding=\"async\" width=\"150\" height=\"229\" class=\"wp-image-4658\" style=\"width: 150px;\" src=\"https:\/\/taizyagromachine.com\/wp-content\/uploads\/2023\/02\/DF4-35A-with-hopper.webp\" alt=\"\"><\/td><td>35s<\/td><td>4,8 kW<\/td><td>Standardziegel 240*53 *115mm 20000PCS<br>Hohlziegel 390*190 *190mm 3200STK<\/td><td>850*550*30mm<\/td><td>1200*1280*1950mm<\/td><td>780kg<\/td><td>2-3<\/td><\/tr><tr><td>DF4-35B ohne Trichter<\/td><td><img loading=\"lazy\" decoding=\"async\" width=\"150\" height=\"186\" class=\"wp-image-4659\" style=\"width: 150px;\" src=\"https:\/\/taizyagromachine.com\/wp-content\/uploads\/2023\/02\/DF4-35B-without-hopper.webp\" alt=\"\"><\/td><td>35s<\/td><td>6,3 kW<\/td><td>Standardziegel 240*53 *115mm 15000PCS<br>Hohlziegel 390*190 *190mm 2400STK<\/td><td>850*550*30mm<\/td><td>1250*1350*1550mm<\/td><td>800kg<\/td><td>2-3<\/td><\/tr><tr><td>DF4-35B mit Trichter<\/td><td><img loading=\"lazy\" decoding=\"async\" width=\"150\" height=\"244\" class=\"wp-image-4660\" style=\"width: 150px;\" src=\"https:\/\/taizyagromachine.com\/wp-content\/uploads\/2023\/02\/DF4-35B-with-hopper.webp\" alt=\"\"><\/td><td>35s<\/td><td>6,3 kW<\/td><td>Standardziegel 240*53 *115mm 20000PCS<br>Hohlziegel 390*190 *190mm 3200STK<\/td><td>850*550*30mm<\/td><td>1200*1280*1950mm<\/td><td>830kg<\/td><td>2-3<\/td><\/tr><tr><td>DF4-40A ohne Trichter<\/td><td><img loading=\"lazy\" decoding=\"async\" width=\"150\" height=\"194\" class=\"wp-image-4661\" style=\"width: 150px;\" src=\"https:\/\/taizyagromachine.com\/wp-content\/uploads\/2023\/02\/DF4-40A-without-hopper.webp\" alt=\"\"><\/td><td>35s<\/td><td>7,5 kW<\/td><td>Standardziegel 240*53 *115mm 20000PCS<br>Hohlziegel 390*190 *190mm 3200STK<\/td><td>850*550*30mm<\/td><td>1500*1300*1800mm<\/td><td>1100kg<\/td><td>2-3<\/td><\/tr><tr><td>Automatische Ziegelmaschine DF4-40A<\/td><td><img loading=\"lazy\" decoding=\"async\" width=\"150\" height=\"137\" class=\"wp-image-4662\" style=\"width: 150px;\" src=\"https:\/\/taizyagromachine.com\/wp-content\/uploads\/2023\/02\/DF4-40A-automatic-brick-machine.webp\" alt=\"\"><\/td><td>35s<\/td><td>7,5 kW<\/td><td>Standardziegel 240*53 *115mm 24000PCS<br>Hohlziegel 390*190 *190mm 3600STK<\/td><td>850*550*30mm<\/td><td>1600*1300*2300mm<\/td><td>1150 kg<\/td><td>2-3<\/td><\/tr><\/tbody><\/table><figcaption class=\"wp-element-caption\">Alle Arten von Maschinen zur Herstellung von Zementsteinen zu verkaufen<\/figcaption><\/figure>    <h2 class=\"wp-block-heading\"><strong>Typ 2: Maschine zur Herstellung von Tonziegeln \u2013 Maschine zur Herstellung freier Steine<\/strong><\/h2>    <p>Bei dieser Ziegelmaschine handelt es sich um eine Tonziegelmaschine, d. h. eine Ziegelmaschine ohne Verbrennung, die haupts\u00e4chlich Ton f\u00fcr die Herstellung von Ziegeln verwendet, die hergestellt werden k\u00f6nnen. Diese Ziegelmaschine kann zusammen mit anderen Maschinen zur vollautomatischen Herstellung von Tonziegeln eingesetzt werden.<\/p>    <h3 class=\"wp-block-heading\"><strong>Struktur einer vollautomatischen ineinandergreifenden Ziegelmaschine<\/strong><\/h3>    <div class=\"wp-block-columns is-layout-flex wp-container-core-columns-is-layout-9d6595d7 wp-block-columns-is-layout-flex\"> <div class=\"wp-block-column is-layout-flow wp-block-column-is-layout-flow\"><div class=\"wp-block-image\"> <figure class=\"aligncenter size-full\"><img loading=\"lazy\" decoding=\"async\" width=\"720\" height=\"540\" src=\"https:\/\/taizyagromachine.com\/wp-content\/uploads\/2023\/02\/clay-block-machine-structure.webp\" alt=\"Struktur der Tonblockmaschine\" class=\"wp-image-4642\"\/><figcaption class=\"wp-element-caption\">Struktur der Tonblockmaschine<\/figcaption><\/figure> <\/div><\/div>    <div class=\"wp-block-column is-layout-flow wp-block-column-is-layout-flow\"> <p>Dieses Zusammenspiel hilft K\u00e4ufern, den Tonblock sehr bequem und effizient herzustellen, was in der Ziegelproduktionsindustrie sehr praktisch ist. <\/p>    <p>Bei Interesse nehmen Sie gerne Kontakt mit uns auf!<\/p>    <figure class=\"wp-block-table\"><table><tbody><tr><td>NEIN.<\/td><td>Name des Maschinenteils<\/td><\/tr><tr><td>1<\/td><td>Mischer<\/td><\/tr><tr><td>2<\/td><td>F\u00f6rderband<\/td><\/tr><tr><td>3<\/td><td>Hydraulik\u00f6lzylinder<\/td><\/tr><tr><td>4<\/td><td>Hauptblockmaschine<\/td><\/tr><\/tbody><\/table><figcaption class=\"wp-element-caption\">Tabellenliste der automatischen Tonblockmaschine<\/figcaption><\/figure> <\/div> <\/div>    <h3 class=\"wp-block-heading\"><strong>Formen von Tonbl\u00f6cken und Maschinenproduktivit\u00e4t<\/strong><\/h3>    <figure class=\"wp-block-table\"><table><tbody><tr><td>Typen<\/td><td>Ziegelbild<\/td><td>Gr\u00f6\u00dfe<\/td><td>Formzyklus<\/td><td>Menge\/Form<\/td><td>Menge\/Stunde<\/td><td>Menge\/8 Std<\/td><\/tr><tr><td>Lehmziegel<\/td><td><img loading=\"lazy\" decoding=\"async\" width=\"150\" height=\"94\" class=\"wp-image-4647\" style=\"width: 150px;\" src=\"https:\/\/taizyagromachine.com\/wp-content\/uploads\/2023\/02\/Clay-brick.png\" alt=\"\"><\/td><td>300*150*100mm<\/td><td>10s<\/td><td>7 St\u00fcck<\/td><td>2520 St\u00fcck<\/td><td>20160 St\u00fcck<\/td><\/tr><\/tbody><\/table><\/figure>    <h2 class=\"wp-block-heading\"><strong>Wie hoch ist der Preis f\u00fcr eine Flugasche-Ziegelmaschine?<\/strong><\/h2>    <p>Wenn Sie sich f\u00fcr den Kauf einer Ziegelmaschine entscheiden, werden Sie auf jeden Fall den Preis der Ziegelmaschine ber\u00fccksichtigen. Und der Preis einer Ziegelmaschine wird von verschiedenen Aspekten beeinflusst. Beispielsweise unterscheidet sich der Preis einer manuellen Maschine zur Herstellung von Zementziegeln vom Preis einer vollautomatischen Maschine zur Herstellung von Tonziegeln. Auch der Preis des Motormodells der Ziegelmaschine und des Dieselmodells der Blockmaschine wird unterschiedlich sein. Dar\u00fcber hinaus sollte ber\u00fccksichtigt werden, welche Art von Ziegeln der Kunde herstellen m\u00f6chte. Da unterschiedliche Arten von Formen verwendet werden, ist auch der Preis unterschiedlich.<\/p>    <p>Wenn Sie also eine Maschine kaufen m\u00f6chten, k\u00f6nnen Sie unserem Verkaufsleiter die Form der Steine, die Sie herstellen m\u00f6chten, Ihr Budget usw. mitteilen. Unser Verkaufsleiter kann Ihnen je nach Bedarf die richtige L\u00f6sung empfehlen.<\/p>    <h2 class=\"wp-block-heading\"><strong>Paket und Lieferung der Taizy-Ziegelmaschine<\/strong><\/h2>    <figure class=\"wp-block-gallery aligncenter has-nested-images columns-default is-cropped wp-block-gallery-3 is-layout-flex wp-block-gallery-is-layout-flex\"> <figure class=\"wp-block-image size-large\"><img loading=\"lazy\" decoding=\"async\" width=\"540\" height=\"540\" data-id=\"4679\" src=\"https:\/\/taizyagromachine.com\/wp-content\/uploads\/2023\/02\/package-of-the-cement-block-machine.webp\" alt=\"Paket-der-Zementblockmaschine\" class=\"wp-image-4679\"\/><figcaption class=\"wp-element-caption\">Paket der Zementblockmaschine<\/figcaption><\/figure>    <figure class=\"wp-block-image size-large\"><img loading=\"lazy\" decoding=\"async\" width=\"540\" height=\"540\" data-id=\"4680\" src=\"https:\/\/taizyagromachine.com\/wp-content\/uploads\/2023\/02\/package-of-the-cement-brick-machine.webp\" alt=\"Paket-der-Zementsteinmaschine\" class=\"wp-image-4680\"\/><figcaption class=\"wp-element-caption\">Paket der Zementsteinmaschine<\/figcaption><\/figure> <\/figure>    <p>Nachdem Kunden die Ziegelmaschine bei uns gekauft haben, verpacken wir die Maschine nach der Produktion. Denn normalerweise erfolgt die Verschiffung auf dem Seeweg zum Zielort des Kunden, und auf See k\u00f6nnen verschiedene Probleme auftreten. Der Zweck der Verpackung der Flugasche-Ziegelmaschine in Holzkisten besteht darin, die Steinmaschine w\u00e4hrend der Seereise besser zu sch\u00fctzen und Sch\u00e4den an der Maschine zu vermeiden, bevor sie ihren Bestimmungsort erreicht. Das Bild oben zeigt die Verpackung der Ziegelmaschine.<\/p>    <h2 class=\"wp-block-heading\"><strong>Video der Taizy-Zementziegelherstellungsmaschine<\/strong><\/h2>    <figure class=\"wp-block-embed is-type-video is-provider-youtube wp-block-embed-youtube wp-embed-aspect-16-9 wp-has-aspect-ratio\"><div class=\"wp-block-embed__wrapper\"> <iframe loading=\"lazy\" title=\"Top 3 Ziegelherstellungsmaschinen zum Verkauf \u2013 Hersteller und Lieferant von Zementblockherstellungsmaschinen #bricks\" width=\"500\" height=\"281\" src=\"https:\/\/www.youtube.com\/embed\/Jt3gWnMqpbc?feature=oembed\" frameborder=\"0\" allow=\"accelerometer; autoplay; clipboard-write; encrypted-media; gyroscope; picture-in-picture; web-share\" referrerpolicy=\"strict-origin-when-cross-origin\" allowfullscreen><\/iframe> <\/div><\/figure>","protected":false},"excerpt":{"rendered":"<p>The brick making machine is specially designed for the production of various types of bricks. It is loved by customers from all over the world because of its simple structure, easy operation and high cost performance. As a senior brick machine manufacturer and supplier, we have a wide range of brick machine models. In general, [&hellip;]<\/p>\n","protected":false},"author":1,"featured_media":4683,"parent":0,"template":"","tags":[212],"product-type":[22],"class_list":["post-4641","product","type-product","status-publish","has-post-thumbnail","hentry","tag-brick-making-machine","product-type-others"],"_links":{"self":[{"href":"https:\/\/taizyagromachine.com\/de\/wp-json\/wp\/v2\/product\/4641","targetHints":{"allow":["GET"]}}],"collection":[{"href":"https:\/\/taizyagromachine.com\/de\/wp-json\/wp\/v2\/product"}],"about":[{"href":"https:\/\/taizyagromachine.com\/de\/wp-json\/wp\/v2\/types\/product"}],"author":[{"embeddable":true,"href":"https:\/\/taizyagromachine.com\/de\/wp-json\/wp\/v2\/users\/1"}],"wp:featuredmedia":[{"embeddable":true,"href":"https:\/\/taizyagromachine.com\/de\/wp-json\/wp\/v2\/media\/4683"}],"wp:attachment":[{"href":"https:\/\/taizyagromachine.com\/de\/wp-json\/wp\/v2\/media?parent=4641"}],"wp:term":[{"taxonomy":"post_tag","embeddable":true,"href":"https:\/\/taizyagromachine.com\/de\/wp-json\/wp\/v2\/tags?post=4641"},{"taxonomy":"product-type","embeddable":true,"href":"https:\/\/taizyagromachine.com\/de\/wp-json\/wp\/v2\/product-type?post=4641"}],"curies":[{"name":"wp","href":"https:\/\/api.w.org\/{rel}","templated":true}]}}