{"id":4700,"date":"2023-02-21T17:21:57","date_gmt":"2023-02-21T09:21:57","guid":{"rendered":"https:\/\/taizyagromachine.com\/?post_type=product&#038;p=4700"},"modified":"2025-02-25T11:48:17","modified_gmt":"2025-02-25T03:48:17","slug":"reaper-machine","status":"publish","type":"product","link":"https:\/\/taizyagromachine.com\/de\/product\/reaper-machine\/","title":{"rendered":"Mini-M\u00e4hmaschine zum Ernten von Mais, Reis, Weizen, Sorghum, Gras, Luzerne"},"content":{"rendered":"<p>Die M\u00e4hmaschine ist eine wirtschaftliche Maschine, die speziell f\u00fcr die Ernte verschiedener Feldfr\u00fcchte konzipiert ist. Es zeichnet sich durch hohe Kostenleistung, einfache Bedienung und hohe Anwendbarkeit aus. Daher kaufen viele Kunden unsere Handschneidemaschine als Ganzes und werden H\u00e4ndler oder Wiederverk\u00e4ufer unserer Maschinen.<\/p>    <h2 class=\"wp-block-heading\"><strong>Was ist der Reaper Harvester?<\/strong><\/h2>    <p>Die spezifische Funktion besteht darin, das Erntegut abzuschneiden und auf die Seite zu legen. Diese Maschine wurde entwickelt und erfunden, um Landwirten die Ernte von Feldfr\u00fcchten zu erleichtern, und ist daher sehr praktisch. Es kann nicht nur f\u00fcr die Ernte verschiedener Feldfr\u00fcchte, sondern auch in Berggebieten, Ebenen, Bergen und Gew\u00e4chsh\u00e4usern eingesetzt werden.<\/p>    <p>Diese Maschine kann auch mit einem handgef\u00fchrten Traktor verwendet werden, was eine komfortablere Bedienung und einen gro\u00dfen Komfort f\u00fcr den Benutzer bietet. Wenn Sie an dieser Art von Maschine interessiert sind, k\u00f6nnen Sie uns gerne f\u00fcr weitere Informationen kontaktieren!<\/p>    <figure class=\"wp-block-embed is-type-video is-provider-youtube wp-block-embed-youtube wp-embed-aspect-16-9 wp-has-aspect-ratio\"><div class=\"wp-block-embed__wrapper\"> <iframe loading=\"lazy\" title=\"Effizienter Mais- und Reed -Harvester mit Reaper Machine | Harvester-Maschine mit Hochleistungsnahrungsmitteln\" width=\"500\" height=\"281\" src=\"https:\/\/www.youtube.com\/embed\/GudCYyAzqm0?feature=oembed\" frameborder=\"0\" allow=\"accelerometer; autoplay; clipboard-write; encrypted-media; gyroscope; picture-in-picture; web-share\" referrerpolicy=\"strict-origin-when-cross-origin\" allowfullscreen><\/iframe> <\/div><figcaption class=\"wp-element-caption\">Nehmen Sie die Mischerst\u00e4rkungsmaschine<\/figcaption><\/figure>    <h2 class=\"wp-block-heading\"><strong>Arten von M\u00e4hmaschinen f\u00fcr die Landwirtschaft<\/strong><\/h2>    <p class=\"translation-block\">Unsere <a href=\"https:\/\/en.wikipedia.org\/wiki\/Reaper\" target=\"_blank\" rel=\"noreferrer noopener\">M\u00e4hdrescher-Schneidemaschine<\/a> kann in den Reaper Binder und den Reaper unterteilt werden. Der Unterschied zwischen den beiden liegt in der Funktion. Der Reaper Binder wird zum Binden w\u00e4hrend der Ernte verwendet, w\u00e4hrend der Reaper nur zum Ernten verwendet wird<\/p>    <p class=\"translation-block\">Es sollte auch beachtet werden, dass unsere Maschinenmodelle nach den unterschiedlichen Ernteweiten klassifiziert werden, die in 4GK-90, 4G-100, 4G-120, 4G-120A, 4G-150 usw. unterteilt werden k\u00f6nnen. Die detaillierten Parameter finden Sie in den folgenden \u201e<strong>Technischen Parametern der Taizy Reaper-Maschine zum Verkauf<\/strong>\u201c.<\/p>    <h2 class=\"wp-block-heading\"><strong>Anwendungen der M\u00e4hdrescher-Erntemaschine<\/strong><\/h2>    <p>Die Taizy-Schneidmaschine hat ein breites Anwendungsspektrum, z. B. Mais, Zuckerrohr, Reis, Weizen, Gras, Luzerne, Sorghum, Hirse, Kartoffeln, Lauch, Knoblauch, Sojabohnen, Pfeffer, s\u00fc\u00dfes Elefantengras usw. Wenn Sie welche ernten m\u00f6chten Pflanzen, kontaktieren Sie uns bitte! Unsere Vertriebsmitarbeiter empfehlen Ihnen entsprechend Ihren spezifischen Anforderungen die f\u00fcr Sie am besten geeignete M\u00e4hmaschine.<\/p>   <div class=\"wp-block-image\"> <figure class=\"aligncenter size-full\"><img loading=\"lazy\" decoding=\"async\" width=\"720\" height=\"540\" src=\"https:\/\/taizyagromachine.com\/wp-content\/uploads\/2023\/02\/applications-of-reaper-harvester-machine.webp\" alt=\"Anwendungen der M\u00e4hdreschermaschine\" class=\"wp-image-4706\"\/><figcaption class=\"wp-element-caption\">Anwendungen der M\u00e4hdreschermaschine<\/figcaption><\/figure> <\/div>   <h2 class=\"wp-block-heading\"><strong>Merkmale der Reis-\/Weizen-\/Maiserntemaschine von Taizy<\/strong><\/h2>    <ol class=\"wp-block-list\"> <li>Zeit- und Arbeitsersparnis sowie wirtschaftliche und effiziente Ernte.<\/li>    <li>Vielseitig einsetzbar, einfache Bedienung und starke Leistung.<\/li>    <li>Weit verbreitet f\u00fcr Ebenen, Berge, H\u00fcgel und Gew\u00e4chsh\u00e4user.<\/li>    <li>Es ist auf eine Vielzahl von Nutzpflanzen anwendbar, die geerntet werden k\u00f6nnen, wie etwa Mais, Zuckerrohr, Gras, Sojabohnen, Pfeffer usw.<\/li>    <li>Energieeinsparung, Reduzierung des Kraftstoffverbrauchs und Senkung der Kosten.<\/li>    <li>Hochwertiges Zubeh\u00f6r, gute Maschinenqualit\u00e4t; Hohe Praktikabilit\u00e4t, Stabilit\u00e4t und Haltbarkeit; Der Ernteeffekt ist gut.<\/li> <\/ol>   <div class=\"wp-block-image\"> <figure class=\"aligncenter size-full\"><img loading=\"lazy\" decoding=\"async\" width=\"720\" height=\"350\" src=\"https:\/\/taizyagromachine.com\/wp-content\/uploads\/2023\/02\/reaper-machine-manufacturer.webp\" alt=\"Hersteller von Schnittmaschinen\" class=\"wp-image-4707\"\/><figcaption class=\"wp-element-caption\">Hersteller von Schnittmaschinen<\/figcaption><\/figure> <\/div>   <h2 class=\"wp-block-heading\"><strong>Wie w\u00e4re es mit dem M\u00e4hmaschinenpreis?<\/strong><\/h2>    <p class=\"translation-block\">Als<a href=\"https:\/\/taizyagromachine.com\/de\/\" target=\"_blank\" rel=\"noreferrer noopener\"> ein professioneller Hersteller und Lieferant von Landmaschinen<\/a> sind unsere Maschinenmodelle sehr umfassend und die Preise des Reaper-Binders sind ebenfalls unterschiedlich.<\/p>    <p>Beispielsweise sind unsere M\u00e4herntemaschinen in M\u00e4hdrescher und M\u00e4hdrescher unterteilt, die ben\u00f6tigten Funktionen sind unterschiedliche Maschinen und auch der Preis ist unterschiedlich. Auch die Leistungskonfiguration der Maschine. Unsere Maschinen k\u00f6nnen Benzinmotoren und Dieselmotoren verwenden. Wenn das gleiche Modell eine unterschiedliche Leistung nutzt, unterscheiden sich auch die Maschinenpreise. Auch die Erntebreite der Maschine. Der Preis der Maschine unterscheidet sich nat\u00fcrlich je nach Kundenwunsch unterschiedlicher Erntebreite.<\/p>    <p>Kurz gesagt: W\u00e4hlen Sie die Maschine aus, die zu Ihnen passt. Sie k\u00f6nnen auch unseren Fachmann um Hilfe bitten und er wird Ihnen das am besten geeignete empfehlen!<\/p>    <h2 class=\"wp-block-heading\"><strong>Technische Parameter der zum Verkauf stehenden Taizy Reaper-Maschine<\/strong><\/h2>    <figure class=\"wp-block-table\"><table><tbody><tr><td>Modell<\/td><td>4GK-90 Reaper-Binder<\/td><td>4G-100 Schnitter<\/td><td>4G-120 Schnitter<\/td><td>4G-120A Schnitter<\/td><td>4G-150 Schnitter<\/td><\/tr><tr><td>Erntebreite (mm) <\/td><td>900 <\/td><td>1000 <\/td><td>1200 <\/td><td>1200 <\/td><td>1500 <\/td><\/tr><tr><td>Mini-Schnitth\u00f6he (mm)<\/td><td>\u226550 <\/td><td>\u226550 <\/td><td>\u226550 <\/td><td>\u226550 <\/td><td>\u226550 <\/td><\/tr><tr><td>Platzierungsart<\/td><td>Seitliche B\u00fcndelung platziert<\/td><td>Seitlich platziert<\/td><td>Seitlich platziert<\/td><td>Seitlich platziert<\/td><td>Seitlich platziert<\/td><\/tr><tr><td>Platzierungswinkel (Grad)<\/td><td>\/<\/td><td>90 \u00b1 20 <\/td><td>90 \u00b1 20 <\/td><td>90 \u00b1 20 <\/td><td>90 \u00b1 20 <\/td><\/tr><tr><td>Kapazit\u00e4t (mu\/Stunde)<\/td><td>2-3<\/td><td>2.5-4<\/td><td>3-5<\/td><td>3-5<\/td><td>3.5-5.5<\/td><\/tr><tr><td>Passende Leistung<\/td><td>R175\/6,6 PS <\/td><td>170F\/4,5 PS <\/td><td>170F\/6,6 PS <\/td><td>170F\/4,4 PS <\/td><td>R175\/6,6 PS <\/td><\/tr><tr><td>Nettogewicht (kg)<\/td><td>330<\/td><td>210<\/td><td>230<\/td><td>216<\/td><td>230<\/td><\/tr><tr><td>Bruttogewicht (kg)<\/td><td>380<\/td><td>250<\/td><td>270<\/td><td>260<\/td><td>300<\/td><\/tr><tr><td>Verpackungsgr\u00f6\u00dfe (L*B*H)(m)<\/td><td>1.55*1.35*0.9<\/td><td>1.3*1.07*0.65<\/td><td>1.47*1.07*0.65<\/td><td>1.47*1.07*0.65<\/td><td>1.8*1.07*0.65<\/td><\/tr><tr><td>Maschinenabmessungen (L*B*H)(m)<\/td><td>\/<\/td><td>2.1*1.25*1.0<\/td><td>2.15*1.5*1.1<\/td><td>2.15*1.5*1.1<\/td><td>2.25*1.85*1.1<\/td><\/tr><tr><td>Verlustrate (\uff05)<\/td><td>&lt;1<\/td><td>&lt;1<\/td><td>&lt;1<\/td><td>&lt;1<\/td><td>&lt;1<\/td><\/tr><tr><td>Schnitt- und B\u00fcndelungsrate (%)<\/td><td>90<\/td><td>\/<\/td><td>\/<\/td><td>\/<\/td><td>\/<\/td><\/tr><\/tbody><\/table><\/figure>    <p>Unsere M\u00e4hdrescher k\u00f6nnen entweder mit Diesel- oder Benzinmotoren angetrieben werden, wobei die Erntebreite je nach Kundenwunsch unterschiedlich ist.<\/p>    <h2 class=\"wp-block-heading\"><strong>Arbeitsvideo der Taizy Reaper-Maschine zum Verkauf<\/strong><\/h2>    <figure class=\"wp-block-embed is-type-video is-provider-youtube wp-block-embed-youtube wp-embed-aspect-16-9 wp-has-aspect-ratio\"><div class=\"wp-block-embed__wrapper\"> <iframe loading=\"lazy\" title=\"Gro\u00dfartiger Schnitterbinder zum Ernten von Mais, Reis, Weizen, Sorghum, Sojabohnen, Gras, Luzerne usw. #reaper\" width=\"500\" height=\"281\" src=\"https:\/\/www.youtube.com\/embed\/6N6YqNMlX24?feature=oembed\" frameborder=\"0\" allow=\"accelerometer; autoplay; clipboard-write; encrypted-media; gyroscope; picture-in-picture; web-share\" referrerpolicy=\"strict-origin-when-cross-origin\" allowfullscreen><\/iframe> <\/div><\/figure>    <figure class=\"wp-block-embed is-type-video is-provider-youtube wp-block-embed-youtube wp-embed-aspect-16-9 wp-has-aspect-ratio\"><div class=\"wp-block-embed__wrapper\"> <iframe loading=\"lazy\" title=\"Beste M\u00e4hmaschine von Taizy \u2013 Handm\u00e4hmaschine f\u00fcr die Landwirtschaft \u2013 M\u00e4herntemaschine\" width=\"500\" height=\"281\" src=\"https:\/\/www.youtube.com\/embed\/50z7cpO7OIs?feature=oembed\" frameborder=\"0\" allow=\"accelerometer; autoplay; clipboard-write; encrypted-media; gyroscope; picture-in-picture; web-share\" referrerpolicy=\"strict-origin-when-cross-origin\" allowfullscreen><\/iframe> <\/div><\/figure>","protected":false},"excerpt":{"rendered":"<p>The reaper machine is an economical machine specially designed for harvesting various crops. It has the characteristics of high cost performance, easy operation, and high applicability. Therefore, many customers buy our hand reaper machine as a whole and become dealers or retailers of our machines. What is the Reaper Harvester? The specific function is to [&hellip;]<\/p>\n","protected":false},"author":1,"featured_media":4705,"parent":0,"template":"","tags":[213],"product-type":[22],"class_list":["post-4700","product","type-product","status-publish","has-post-thumbnail","hentry","tag-reaper-machine","product-type-others"],"_links":{"self":[{"href":"https:\/\/taizyagromachine.com\/de\/wp-json\/wp\/v2\/product\/4700","targetHints":{"allow":["GET"]}}],"collection":[{"href":"https:\/\/taizyagromachine.com\/de\/wp-json\/wp\/v2\/product"}],"about":[{"href":"https:\/\/taizyagromachine.com\/de\/wp-json\/wp\/v2\/types\/product"}],"author":[{"embeddable":true,"href":"https:\/\/taizyagromachine.com\/de\/wp-json\/wp\/v2\/users\/1"}],"wp:featuredmedia":[{"embeddable":true,"href":"https:\/\/taizyagromachine.com\/de\/wp-json\/wp\/v2\/media\/4705"}],"wp:attachment":[{"href":"https:\/\/taizyagromachine.com\/de\/wp-json\/wp\/v2\/media?parent=4700"}],"wp:term":[{"taxonomy":"post_tag","embeddable":true,"href":"https:\/\/taizyagromachine.com\/de\/wp-json\/wp\/v2\/tags?post=4700"},{"taxonomy":"product-type","embeddable":true,"href":"https:\/\/taizyagromachine.com\/de\/wp-json\/wp\/v2\/product-type?post=4700"}],"curies":[{"name":"wp","href":"https:\/\/api.w.org\/{rel}","templated":true}]}}