{"id":4760,"date":"2023-03-09T15:35:40","date_gmt":"2023-03-09T07:35:40","guid":{"rendered":"https:\/\/taizyagromachine.com\/?post_type=product&#038;p=4760"},"modified":"2023-03-09T17:32:18","modified_gmt":"2023-03-09T09:32:18","slug":"peanut-harvester-machine","status":"publish","type":"product","link":"https:\/\/taizyagromachine.com\/de\/product\/peanut-harvester-machine\/","title":{"rendered":"Ketten-Erdnusserntemaschine zu verkaufen"},"content":{"rendered":"<p>Bei dieser Erdnusserntemaschine handelt es sich um einen neuen Maschinentyp, der speziell f\u00fcr die Erdnussernte auf den Feldern in Zusammenarbeit mit dem Traktor entwickelt wurde.  Tats\u00e4chlich zeichnet sich die Erdnusserntemaschine durch gute Leistung, hohe Effizienz, Zeit- und Arbeitsersparnis sowie einfache Bedienung aus. <\/p>    <p class=\"translation-block\">Au\u00dferdem sind unsere Erdnussmaschinen nicht auf die Erdnusserntemaschine beschr\u00e4nkt, sondern auch die <a href=\"https:\/\/taizyagromachine.com\/de\/product\/4-row-groundnut-sowing-machine\/\" target=\"_blank\" rel=\"noreferrer noopener\">Erdnusspflanzmaschine<\/a>, die <a href=\"https:\/\/taizyagromachine.com\/de\/product\/combined-groundnut-shelling-and-cleaning-machine\/\" target=\"_blank\" rel=\"noreferrer noopener\">Erdnusseschalmaschine<\/a> und die<a href=\"https:\/\/taizyagromachine.com\/de\/product\/small-groundnut-picker-for-sale\/\" target=\"_blank\" rel=\"noreferrer noopener\"> Erdnusspfl\u00fcckmaschine<\/a>. Egal, an welche Erdnussmaschine Sie interessiert sind, willkommen zum Kontaktieren!\"},{\"id\":32,\"text\":\"<span id=\"Type_1_HS-800_Groundnut_Harvesting_Machine\"><strong>Type 1: HS-800 Erdnusserntemaschine<\/strong><\/span>\"},{\"id\":33,\"text\":\"<span id=\"Spotlights_of_HS-800_Peanut_Harvester_Machine\">Schwerpunkte der HS-800 Erdnusserntemaschine<\/span>\"},{\"id\":34,\"text\":\"<span id=\"Technical_Parameters_of_Peanut_Harvesting_Machine\"><strong>Technische Parameter der Erdnusserntemaschine<\/strong><\/span>\"},{\"id\":35,\"text\":\"<span id=\"Type_2_HS-1500_Peanut_Harvester_Machine\"><strong>Type 2: HS-1500 Erdnusserntemaschine<\/strong><\/span>\"},{\"id\":36,\"text\":\"In der tats\u00e4chlichen Produktion k\u00f6nnen Sie entsprechend den Bed\u00fcrfnissen der Kunden und den Merkmalen der Erdnusserntemaschine die passende Maschine w\u00e4hlen. Die Erdnuss-Ernteausr\u00fcstung kann auf einmal das <a href=\"https:\/\/en.wikipedia.org\/wiki\/Peanut\" target=\"_blank\" rel=\"noreferrer noopener\">Erdnuss<\/a>-Graben, das Entfernen von Boden, das Pfl\u00fccken von Fr\u00fcchten, Reinigen, das Sammeln von Fr\u00fcchten und andere Operationen erledigen, hohe Produktionseffizienz, weniger Betriebskosten, schnelle \u00dcbertragungsgeschwindigkeit und sichere sowie zuverl\u00e4ssige Nutzung.\"\"},{\"id\":37,\"text\":\"<span id=\"Features_of_Groundnut_Harvester_Machine\"><strong>Eigenschaften der Groundnut-Harvester-Maschine<\/strong><\/span>\"},{\"id\":38,\"text\":\"<span id=\"Technical_Parameters_of_Peanut_Harvesting_Equipment\"><strong>Technische Parameter der Erdnuss-Ernteausr\u00fcstung<\/strong><\/span>\"},{\"id\":39,\"text\":\"<span id=\"How_About_the_Peanut_Harvesting_Machine_Price\"><strong>Wie steht es um den Preis der Erdnusserntemaschine?<\/strong><\/span>\"},{\"id\":40,\"text\":\"Als <a href=\"https:\/\/taizyagromachine.com\/de\/\" target=\"_blank\" rel=\"noreferrer noopener\">seri\u00f6ser Hersteller und Lieferant landwirtschaftlicher Maschinen<\/a> decken sich unsere landwirtschaftlichen Maschinen mit allen Bereichen, und so auch <a href=\"https:\/\/taizyagromachine.com\/de\/product\/peanut-machine\/\" target=\"_blank\" rel=\"noreferrer noopener\">Erdnusstechnologie<\/a>. Die von Taizy hergestellte Erdnu\u00dferntemaschine hat Fabrikpreise, daher ist der Preis der Erdnu\u00dfernte sehr vorteilhaft. Aber das bedeutet nicht, dass die Qualit\u00e4t der Maschine schlecht ist.\"\"},{\"id\":41,\"text\":\"<span id=\"Successful_Cases_of_Taizy_Peanut_Harvester_Machine\"><strong>Erfolge mit Taizy Erdnu\u00dfernte-Maschine<\/strong><\/span>\"},{\"id\":42,\"text\":\"<span id=\"Package_Delivery_of_New_Type_Peanut_Harvester_Machine\"><strong>Verpackung &amp; Lieferung der neuen Erdnu\u00dfernte-Maschine<\/strong><\/span>\"},{\"id\":43,\"text\":\"<span id=\"Good_Feedback_about_Peanut_Harvester_Machine_from_Customers\"><strong>Positives Feedback zur Erdnu\u00dfernte-Maschine von Kunden<\/strong><\/span>\"},{\"id\":44,\"text\":\"<span id=\"Video_of_Peanut_Harvester_Machine_-_How_does_A_Groundnut_Digger_Work\"><strong>Video der Erdnu\u00dfernte-Maschine \u2013 Wie funktioniert ein Erdnu\u00dfgr\u00e4ber?<\/strong><\/span>\"}]} }```<\/p>    <h2 class=\"wp-block-heading\"><strong>Typ 1: Erdnusserntemaschine HS-800<\/strong><\/h2>    <figure class=\"wp-block-gallery aligncenter has-nested-images columns-default is-cropped wp-block-gallery-2 is-layout-flex wp-block-gallery-is-layout-flex\"> <figure class=\"wp-block-image size-large\"><img loading=\"lazy\" decoding=\"async\" width=\"720\" height=\"540\" data-id=\"4766\" src=\"https:\/\/taizyagromachine.com\/wp-content\/uploads\/2023\/03\/peanut-harvester-machine.webp\" alt=\"Erdnusserntemaschine\" class=\"wp-image-4766\"\/><figcaption class=\"wp-element-caption\">Erdnusserntemaschine<\/figcaption><\/figure>    <figure class=\"wp-block-image size-large\"><img loading=\"lazy\" decoding=\"async\" width=\"720\" height=\"540\" data-id=\"4767\" src=\"https:\/\/taizyagromachine.com\/wp-content\/uploads\/2023\/03\/peanut-harvester.webp\" alt=\"Erdnusserntemaschine \" class=\"wp-image-4767\"\/><figcaption class=\"wp-element-caption\">Erdnusserntemaschine <\/figcaption><\/figure> <\/figure>    <p>Die neue Generation der Taizy-Erdnusserntemaschine ist eine Erntemaschine, die den Vorgang des Grabens, Trennens des Bodens, Legen von Streifen, Pfl\u00fccken, Obstpfl\u00fccken und Roden im Erdnussernteprozess abschlie\u00dft. Und die Erdnuss-Erntemaschine verf\u00fcgt \u00fcber ein einzigartiges Klemmkettendesign, das den Ernteprozess effizienter machen und einen perfekten Ernteeffekt erzielen kann.  <\/p>    <h3 class=\"wp-block-heading\">Spotlights der Erdnusserntemaschine HS-800<\/h3>    <figure class=\"wp-block-gallery aligncenter has-nested-images columns-default is-cropped wp-block-gallery-3 is-layout-flex wp-block-gallery-is-layout-flex\"> <figure class=\"wp-block-image size-large\"><img loading=\"lazy\" decoding=\"async\" width=\"720\" height=\"540\" data-id=\"4775\" src=\"https:\/\/taizyagromachine.com\/wp-content\/uploads\/2023\/03\/advantages-of-peanut-harvesting-machine.webp\" alt=\"Vorteile der Erdnusserntemaschine\" class=\"wp-image-4775\"\/><figcaption class=\"wp-element-caption\">Vorteile der Erdnusserntemaschine<\/figcaption><\/figure>    <figure class=\"wp-block-image size-large\"><img loading=\"lazy\" decoding=\"async\" width=\"720\" height=\"540\" data-id=\"4774\" src=\"https:\/\/taizyagromachine.com\/wp-content\/uploads\/2023\/03\/strength-of-peanut-harvester-machine.webp\" alt=\"St\u00e4rke der Erdnusserntemaschine\" class=\"wp-image-4774\"\/><figcaption class=\"wp-element-caption\">St\u00e4rke der Erdnusserntemaschine<\/figcaption><\/figure> <\/figure>    <figure class=\"wp-block-table\"><table><tbody><tr><td>Seriennummer<\/td><td>H\u00f6hepunkte<\/td><\/tr><tr><td>1<\/td><td>Kletterkette \u2013 Transport geernteter Erdn\u00fcsse<\/td><\/tr><tr><td>2<\/td><td>Zus\u00e4tzliches Vibrationssieb \u2013 Lagerung gefallener Erdn\u00fcsse ohne manuelles Pfl\u00fccken<\/td><\/tr><tr><td>3<\/td><td>Bewegliche Klinge \u2013 minimiert den Erntewiderstand<\/td><\/tr><tr><td>4<\/td><td>Vordere Andruckwalze \u2013 lockert den Boden f\u00fcr eine einfache Ernte<\/td><\/tr><tr><td>5<\/td><td>Getriebe \u2013 hinterer Abtriebsanschluss des Traktors<\/td><\/tr><tr><td>6<\/td><td>Hintere Spirale \u2013 Drehen Sie die Erdnusss\u00e4mlinge ordentlich und platzieren Sie sie ordentlich<\/td><\/tr><\/tbody><\/table><\/figure>    <h3 class=\"wp-block-heading\"><strong>Technische Parameter der Erdnusserntemaschine<\/strong><\/h3>    <figure class=\"wp-block-table\"><table><tbody><tr><td>Modell<\/td><td>HS-800<\/td><\/tr><tr><td>Effizienz<\/td><td>1300-2000\u33a1\/Tag<\/td><\/tr><tr><td>Ernterate<\/td><td>\u226598%<\/td><\/tr><tr><td>Bruchrate<\/td><td>\u22641%<\/td><\/tr><tr><td>Reinigungsrate<\/td><td>\u226595%<\/td><\/tr><tr><td>Gewicht<\/td><td>280kg<\/td><\/tr><tr><td>Pferdest\u00e4rken<\/td><td>30 PS<\/td><\/tr><tr><td>Breite der Erntemaschine<\/td><td>zwei Reihen<\/td><\/tr><tr><td>Abstand zwischen Reihen<\/td><td>750\u2013800 mm<\/td><\/tr><tr><td>Reihenabstand<\/td><td>180\u2013250 mm<\/td><\/tr><tr><td>Dimension<\/td><td>2100*1050*1030mm<\/td><\/tr><\/tbody><\/table><\/figure>    <h2 class=\"wp-block-heading\"><strong>Typ 2: Erdnusserntemaschine HS-1500<\/strong><\/h2>    <figure class=\"wp-block-gallery aligncenter has-nested-images columns-default is-cropped wp-block-gallery-4 is-layout-flex wp-block-gallery-is-layout-flex\"> <figure class=\"wp-block-image size-large\"><img loading=\"lazy\" decoding=\"async\" width=\"720\" height=\"540\" data-id=\"4769\" src=\"https:\/\/taizyagromachine.com\/wp-content\/uploads\/2023\/03\/groundnut-harvesting-machine.webp\" alt=\"Erdnusserntemaschine\" class=\"wp-image-4769\"\/><figcaption class=\"wp-element-caption\">Erdnusserntemaschine<\/figcaption><\/figure>    <figure class=\"wp-block-image size-large\"><img loading=\"lazy\" decoding=\"async\" width=\"720\" height=\"540\" data-id=\"4770\" src=\"https:\/\/taizyagromachine.com\/wp-content\/uploads\/2023\/03\/peanut-harvesting-machine.webp\" alt=\"Erdnusserntemaschine\" class=\"wp-image-4770\"\/><figcaption class=\"wp-element-caption\">Erdnusserntemaschine<\/figcaption><\/figure> <\/figure>    <p class=\"translation-block\">In der tats\u00e4chlichen Produktion k\u00f6nnen Sie je nach den eigenen Bed\u00fcrfnissen der Kunden und den Merkmalen der Erdnusserntemaschine die richtige Maschine ausw\u00e4hlen. Die Erdnusserntemaschine kann einmal die <a href=\"https:\/\/en.wikipedia.org\/wiki\/Peanut\" target=\"_blank\" rel=\"noreferrer noopener\">Erdnussernte<\/a>, Bodenentfernung, Fruchtpfl\u00fcckung, Reinigung, Fruchtsammlung und andere Vorg\u00e4nge abschlie\u00dfen, hohe Produktionseffizienz, geringe Betriebsverluste, schnelle \u00dcbertragungsgeschwindigkeit und sichere und zuverl\u00e4ssige Verwendung.<\/p>    <h3 class=\"wp-block-heading\"><strong>Merkmale der Erdnusserntemaschine<\/strong><\/h3>    <ol class=\"wp-block-list\"> <li>Der Vorgang ist vollst\u00e4ndig und ordnungsgem\u00e4\u00df. W\u00e4hrend des Vorgangs werden die S\u00e4mlinge gest\u00fctzt, gegraben, zerkleinert, der Boden gesch\u00fcttelt und Erdn\u00fcsse gelegt.<\/li>    <li>Geringe Verlustrate, hohe Betriebseffizienz und niedrige Erntekosten.<\/li>    <li>Die Erntezeit f\u00fcr Erdn\u00fcsse ist kurz, die Erntekosten sind geringer.<\/li>    <li>Eine breite Palette von Anwendungen. Die Erdnusserntemaschine eignet sich f\u00fcr eine Vielzahl von B\u00f6den sowie f\u00fcr die flache und monopolartige Bepflanzung von Erdnussfl\u00e4chen.<\/li> <\/ol>    <h3 class=\"wp-block-heading\"><strong>Technische Parameter von Erdnussernteger\u00e4ten<\/strong><\/h3>    <figure class=\"wp-block-table\"><table><tbody><tr><td>Modell<\/td><td>HS-1500<\/td><\/tr><tr><td>Leistung<\/td><td>Traktor mit \u226580 PS<\/td><\/tr><tr><td>Zapfwelle<\/td><td>Splines 6 oder 8<\/td><\/tr><tr><td>Arbeitsbreite<\/td><td>1500 mm<\/td><\/tr><tr><td>Gr\u00f6\u00dfe<\/td><td>3140*1770*1150mm<\/td><\/tr><tr><td>Gewicht<\/td><td>498 kg<\/td><\/tr><\/tbody><\/table><\/figure>    <h2 class=\"wp-block-heading\"><strong>Wie w\u00e4re es mit dem Preis f\u00fcr Erdnusserntemaschinen?<\/strong><\/h2>    <p class=\"translation-block\">Als <a href=\"https:\/\/taizyagromachine.com\/de\/\" target=\"_blank\" rel=\"noreferrer noopener\">ein professioneller Hersteller und Lieferant von Landmaschinen<\/a> decken unsere Landmaschinen alle Aspekte ab, ebenso wie die <a href=\"https:\/\/taizyagromachine.com\/de\/product\/peanut-machine\/\" target=\"_blank\" rel=\"noreferrer noopener\">Erdnusserntemaschinen<\/a>. Die von Taizy hergestellte Erdnusserntemaschine hat Fabrikpreise, daher ist der Preis der Erdnusserntemaschine sehr vorteilhaft. Das bedeutet jedoch nicht, dass die Qualit\u00e4t der Maschine nicht gut ist. <\/p>    <p>Da wir eine Fabrik sind, die selbst im Au\u00dfenhandelsgesch\u00e4ft t\u00e4tig ist, sparen Sie Zwischenkosten. Dar\u00fcber hinaus verf\u00fcgen wir \u00fcber ein eigenes Qualit\u00e4tskontrollsystem zur Herstellung der Maschine, und die hergestellte Maschine weist eine hervorragende Qualit\u00e4t auf. Daher sind unsere Taizy-Maschinen von guter Qualit\u00e4t und niedrigem Preis. Wenn Sie Interesse haben, kontaktieren Sie uns bitte und besuchen Sie unsere Fabrik!<\/p>    <h2 class=\"wp-block-heading\"><strong>Erfolgreiche F\u00e4lle der Taizy-Erdnusserntemaschine<\/strong><\/h2>    <p>Unser Erdnussgr\u00e4ber wurde in viele andere L\u00e4nder exportiert, beispielsweise nach Senegal, Nigeria, Deutschland, Italien, in die USA, nach Simbabwe, Turkmenistan usw. Aufgef\u00fchrt ist der aktuellste US-Fall, der zu Ihrer Information abgeschlossen wurde.<\/p>    <figure class=\"wp-block-embed is-type-wp-embed is-provider-taizyagromachine-com wp-block-embed-taizyagromachine-com\"><div class=\"wp-block-embed__wrapper\"> <blockquote class=\"wp-embedded-content\" data-secret=\"NMjLVa3kCY\"><a href=\"https:\/\/taizyagromachine.com\/sw\/info\/peanut-harvester-usa\/\">Mvuna Karanga na Mpanda Karanga wa Safu 4 Zinauzwa Marekani<\/a><\/blockquote><iframe loading=\"lazy\" class=\"wp-embedded-content\" sandbox=\"allow-scripts\" security=\"restricted\" style=\"position: absolute; clip: rect(1px, 1px, 1px, 1px);\" title=\"\u201eMvuna Karanga na Mpanda Karanga wa Safu 4 Wauzwa Marekani\u201c \u2013 taizyagromachine.com\" src=\"https:\/\/taizyagromachine.com\/sw\/info\/peanut-harvester-usa\/embed\/#?secret=97eZYTO8Gm#?secret=NMjLVa3kCY\" data-secret=\"NMjLVa3kCY\" width=\"500\" height=\"282\" frameborder=\"0\" marginwidth=\"0\" marginheight=\"0\" scrolling=\"no\"><\/iframe> <\/div><\/figure>    <h2 class=\"wp-block-heading\"><strong>Paket und Lieferung einer neuen Erdnusserntemaschine<\/strong><\/h2>    <figure class=\"wp-block-gallery aligncenter has-nested-images columns-default is-cropped wp-block-gallery-5 is-layout-flex wp-block-gallery-is-layout-flex\"> <figure class=\"wp-block-image size-full\"><img loading=\"lazy\" decoding=\"async\" width=\"850\" height=\"540\" data-id=\"4785\" src=\"https:\/\/taizyagromachine.com\/wp-content\/uploads\/2023\/03\/peanut-harvester-in-the-wooden-case.webp\" alt=\"Erdnusserntemaschine in der Holzkiste\" class=\"wp-image-4785\"\/><figcaption class=\"wp-element-caption\">Erdnusserntemaschine in der Holzkiste<\/figcaption><\/figure>    <figure class=\"wp-block-image size-full\"><img loading=\"lazy\" decoding=\"async\" width=\"850\" height=\"540\" data-id=\"4786\" src=\"https:\/\/taizyagromachine.com\/wp-content\/uploads\/2023\/03\/load-in-the-container-for-delivery.webp\" alt=\"zur Auslieferung in den Container laden\" class=\"wp-image-4786\"\/><figcaption class=\"wp-element-caption\">zur Auslieferung in den Container laden<\/figcaption><\/figure> <\/figure>    <p>Nachdem die Erdnusserntemaschine hergestellt wurde, muss sie f\u00fcr die Lieferung an den Kunden vorbereitet werden, die normalerweise auf dem Seeweg erfolgt. Vor dem Versand verpacken wir die Maschine entsprechend den Anforderungen des Kunden in eine Holzkiste und verladen sie dann in einen Container. Abschlie\u00dfend schickt die Logistik die Ware zum Versand an den entsprechenden Hafen.<\/p>    <h2 class=\"wp-block-heading\"><strong>Gutes Feedback von Kunden zur Erdnusserntemaschine<\/strong><\/h2>    <p>Diese Erdnusserntemaschine von Taizy wird in die ganze Welt exportiert. Aufgrund der guten Leistung der Maschine und der Qualit\u00e4t der Maschine haben wir gute Kommentare von Kunden auf der ganzen Welt erhalten. Das folgende Bild ist Teil des gesammelten Kundenfeedbacks. Wenn Sie an unseren Erdnussmaschinen interessiert sind, k\u00f6nnen Sie uns gerne kontaktieren und unsere Fabrik besuchen!<\/p>   <div class=\"wp-block-image\"> <figure class=\"aligncenter size-full\"><img loading=\"lazy\" decoding=\"async\" width=\"750\" height=\"816\" src=\"https:\/\/taizyagromachine.com\/wp-content\/uploads\/2023\/03\/client-feedback.webp\" alt=\"Kundenfeedback\" class=\"wp-image-4763\"\/><figcaption class=\"wp-element-caption\">Kundenfeedback<\/figcaption><\/figure> <\/div>   <h2 class=\"wp-block-heading\"><strong>Video einer Erdnusserntemaschine \u2013 Wie funktioniert ein Erdnussgr\u00e4ber?<\/strong><\/h2>    <figure class=\"wp-block-embed is-type-video is-provider-youtube wp-block-embed-youtube wp-embed-aspect-16-9 wp-has-aspect-ratio\"><div class=\"wp-block-embed__wrapper\"> <iframe loading=\"lazy\" title=\"Neue Erdnuss-Erntemaschine \u2013 Erdnuss-Erntemaschine zum Verkauf \u2013 Wie erntet man Erdn\u00fcsse?\" width=\"500\" height=\"281\" src=\"https:\/\/www.youtube.com\/embed\/wRYBLEBXfQY?feature=oembed\" frameborder=\"0\" allow=\"accelerometer; autoplay; clipboard-write; encrypted-media; gyroscope; picture-in-picture; web-share\" referrerpolicy=\"strict-origin-when-cross-origin\" allowfullscreen><\/iframe> <\/div><\/figure>","protected":false},"excerpt":{"rendered":"<p>This kind of peanut harvester machine is a new type of machine developed specifically to carry out groundnut harvesting in the fields, working with the tractor. Actually, the groundnut harvesting machine has features of good performance, high efficiency, time and effort saving, and easy operation. Besides, our peanut machines are not limited to the peanut [&hellip;]<\/p>\n","protected":false},"author":1,"featured_media":4778,"parent":0,"template":"","tags":[214],"product-type":[21],"class_list":["post-4760","product","type-product","status-publish","has-post-thumbnail","hentry","tag-peanut-harvester-machine","product-type-peanut-machine"],"_links":{"self":[{"href":"https:\/\/taizyagromachine.com\/de\/wp-json\/wp\/v2\/product\/4760","targetHints":{"allow":["GET"]}}],"collection":[{"href":"https:\/\/taizyagromachine.com\/de\/wp-json\/wp\/v2\/product"}],"about":[{"href":"https:\/\/taizyagromachine.com\/de\/wp-json\/wp\/v2\/types\/product"}],"author":[{"embeddable":true,"href":"https:\/\/taizyagromachine.com\/de\/wp-json\/wp\/v2\/users\/1"}],"wp:featuredmedia":[{"embeddable":true,"href":"https:\/\/taizyagromachine.com\/de\/wp-json\/wp\/v2\/media\/4778"}],"wp:attachment":[{"href":"https:\/\/taizyagromachine.com\/de\/wp-json\/wp\/v2\/media?parent=4760"}],"wp:term":[{"taxonomy":"post_tag","embeddable":true,"href":"https:\/\/taizyagromachine.com\/de\/wp-json\/wp\/v2\/tags?post=4760"},{"taxonomy":"product-type","embeddable":true,"href":"https:\/\/taizyagromachine.com\/de\/wp-json\/wp\/v2\/product-type?post=4760"}],"curies":[{"name":"wp","href":"https:\/\/api.w.org\/{rel}","templated":true}]}}