{"id":4805,"date":"2023-03-16T14:52:19","date_gmt":"2023-03-16T06:52:19","guid":{"rendered":"https:\/\/taizyagromachine.com\/?post_type=product&#038;p=4805"},"modified":"2023-03-16T17:13:23","modified_gmt":"2023-03-16T09:13:23","slug":"grain-milling-machine-for-corn-chilli-beans-grass","status":"publish","type":"product","link":"https:\/\/taizyagromachine.com\/de\/product\/grain-milling-machine-for-corn-chilli-beans-grass\/","title":{"rendered":"Getreidem\u00fchle aus Edelstahl f\u00fcr Mais, Chili, Bohnen, Gras"},"content":{"rendered":"<p class=\"translation-block\">Dieses Edelstahl-Grobmessteingrindger\u00e4t ist speziell daf\u00fcr ausgelegt, verschiedene K\u00f6rner zu mahlen, um ein feines Pulver zu erhalten. Und dieser <a href=\"https:\/\/taizyagromachine.com\/de\/product\/disk-mill-machine\/\" target=\"_blank\" rel=\"noreferrer noopener\">Grain Mill Grinder<\/a> wird f\u00fcr eine Vielzahl von Anwendungen verwendet, z. B. Mais, Weizen, Reis, Gew\u00fcrze, Chili, schwarzer Pfeffer, Bohnen, Kaffeebohnen, Ingwer, Kr\u00e4uter, S\u00fc\u00dfigkeiten usw. <\/p>    <p> Unsere Maism\u00fchlenmaschine zeichnet sich durch gute Leistung und Qualit\u00e4t aus, ist einfach und leicht zu bedienen und sehr benutzerfreundlich. Dar\u00fcber hinaus wird unsere Maismahlmaschine h\u00e4ufig im Gro\u00dfhandel exportiert, und H\u00e4ndler und Einzelh\u00e4ndler importieren sie h\u00e4ufig von unserer Seite f\u00fcr lokale Verkaufs- und Einzelhandelsaktivit\u00e4ten, beispielsweise in Nigeria. Wenn Sie also an verwandten Aktivit\u00e4ten beteiligt sind, k\u00f6nnen Sie sich gerne an uns wenden und wir unterbreiten Ihnen das beste Angebot!<\/p>    <h2 class=\"wp-block-heading\"><strong>Arten von Getreidemahlmaschinen von Taizy Machinery<\/strong><\/h2>    <p class=\"translation-block\">Als <a href=\"https:\/\/taizyagromachine.com\/de\/\" target=\"_blank\" rel=\"noreferrer noopener\">professioneller Hersteller &amp; Lieferant von Mahlmaschinen<\/a> bieten wir verschiedene Arten von Maism\u00f6rsern zum Verkauf an. Elektrischer K\u00f6rnerm\u00f6rser, benzinbetriebener Maism\u00f6rser, kleine Zerkleinerungsmaschine sind unten zu Referenz dargestellt.<\/p>    <p class=\"translation-block\"><strong>Benzinbetriebene Getreide-Maismahlmaschine<\/strong>:<\/p>    <figure class=\"wp-block-gallery aligncenter has-nested-images columns-4 is-cropped wp-block-gallery-2 is-layout-flex wp-block-gallery-is-layout-flex\"> <figure class=\"wp-block-image size-large\"><img loading=\"lazy\" decoding=\"async\" width=\"540\" height=\"720\" data-id=\"4835\" src=\"https:\/\/taizyagromachine.com\/wp-content\/uploads\/2023\/03\/gasoline-grain-grinding-machine-1.webp\" alt=\"Benzin-Getreidemahlmaschine-1\" class=\"wp-image-4835\"\/><figcaption class=\"wp-element-caption\">Benzin-Getreidemahlmaschine-1<\/figcaption><\/figure>    <figure class=\"wp-block-image size-large\"><img loading=\"lazy\" decoding=\"async\" width=\"540\" height=\"720\" data-id=\"4836\" src=\"https:\/\/taizyagromachine.com\/wp-content\/uploads\/2023\/03\/gasoline-grain-grinding-machine-2.webp\" alt=\"Benzin-Getreidemahlmaschine-2\" class=\"wp-image-4836\"\/><figcaption class=\"wp-element-caption\">Benzin-Getreidemahlmaschine-2<\/figcaption><\/figure>    <figure class=\"wp-block-image size-large\"><img loading=\"lazy\" decoding=\"async\" width=\"540\" height=\"720\" data-id=\"4838\" src=\"https:\/\/taizyagromachine.com\/wp-content\/uploads\/2023\/03\/gasoline-grain-grinding-machine-3.webp\" alt=\"Benzin-Getreidemahlmaschine-3\" class=\"wp-image-4838\"\/><figcaption class=\"wp-element-caption\">Benzin-Getreidemahlmaschine-3<\/figcaption><\/figure>    <figure class=\"wp-block-image size-large\"><img loading=\"lazy\" decoding=\"async\" width=\"540\" height=\"720\" data-id=\"4837\" src=\"https:\/\/taizyagromachine.com\/wp-content\/uploads\/2023\/03\/gasoline-grain-grinding-machine-4.webp\" alt=\"Benzin-Getreidemahlmaschine-4\" class=\"wp-image-4837\"\/><figcaption class=\"wp-element-caption\">Benzin-Getreidemahlmaschine-4<\/figcaption><\/figure> <\/figure>    <p class=\"translation-block\"><strong>Elektrische Edelstahl-Getreidemahlmaschine<\/strong>:<\/p>   <div class=\"wp-block-image\"> <figure class=\"aligncenter size-full\"><img loading=\"lazy\" decoding=\"async\" width=\"720\" height=\"540\" src=\"https:\/\/taizyagromachine.com\/wp-content\/uploads\/2023\/03\/electric-driven-milling-machine.webp\" alt=\"elektrisch angetriebene Fr\u00e4smaschine\" class=\"wp-image-4842\"\/><figcaption class=\"wp-element-caption\">elektrisch angetriebene Fr\u00e4smaschine<\/figcaption><\/figure> <\/div>   <p class=\"translation-block\"><strong>Kleiner Gro\u00dfhandel Maism\u00fchlenm\u00f6rser<\/strong>:<\/p>   <div class=\"wp-block-image\"> <figure class=\"aligncenter size-full\"><img loading=\"lazy\" decoding=\"async\" width=\"720\" height=\"540\" src=\"https:\/\/taizyagromachine.com\/wp-content\/uploads\/2023\/03\/mini-grain-milling-machine.webp\" alt=\"Mini-Getreidem\u00fchle\" class=\"wp-image-4844\"\/><figcaption class=\"wp-element-caption\">Mini-Getreidem\u00fchle<\/figcaption><\/figure> <\/div>   <h2 class=\"wp-block-heading\"><strong>Struktur einer kommerziellen Getreidemahlmaschine zum Verkauf<\/strong><\/h2>    <div class=\"wp-block-media-text alignwide is-stacked-on-mobile\"><figure class=\"wp-block-media-text__media\"><img loading=\"lazy\" decoding=\"async\" width=\"720\" height=\"540\" src=\"https:\/\/taizyagromachine.com\/wp-content\/uploads\/2023\/03\/structure-of-maize-milling-machine.webp\" alt=\"Struktur der Maisfr\u00e4smaschine\" class=\"wp-image-4827 size-full\"\/><\/figure><div class=\"wp-block-media-text__content\"> <p class=\"translation-block\">Die Gesamtstruktur der <a href=\"https:\/\/cornmachines.com\/disk-mill-machine\/\" target=\"_blank\" rel=\"noreferrer noopener\">Maismahlmaschine<\/a> ist sehr einfach und \u00fcbersichtlich, der Benutzer kann leicht verstehen, wie man sie bedient.<\/p>    <figure class=\"wp-block-table\"><table><tbody><tr><td>Seriennummer<\/td><td>Name des Maschinenteils<\/td><\/tr><tr><td>1<\/td><td>Einlass<\/td><\/tr><tr><td>2<\/td><td>Geschwindigkeitsanpassung<\/td><\/tr><tr><td>3<\/td><td>Lose Mutter<\/td><\/tr><tr><td>4<\/td><td>Brechh\u00f6hle<\/td><\/tr><tr><td>5<\/td><td>Schaltertaste<\/td><\/tr><tr><td>6<\/td><td>Auslass<\/td><\/tr><\/tbody><\/table><\/figure> <\/div><\/div>    <h2 class=\"wp-block-heading\"><strong>Anwendungen der elektrischen Getreidem\u00fchle<\/strong><\/h2>    <figure class=\"wp-block-gallery aligncenter has-nested-images columns-default is-cropped wp-block-gallery-3 is-layout-flex wp-block-gallery-is-layout-flex\"> <figure class=\"wp-block-image size-large\"><img loading=\"lazy\" decoding=\"async\" width=\"720\" height=\"540\" data-id=\"4824\" src=\"https:\/\/taizyagromachine.com\/wp-content\/uploads\/2023\/03\/applications-of-grain-corn-milling-machine.webp\" alt=\"Anwendungen der Getreidemahlmaschine\" class=\"wp-image-4824\"\/><figcaption class=\"wp-element-caption\">Anwendungen der Getreidemahlmaschine<\/figcaption><\/figure>    <figure class=\"wp-block-image size-large\"><img loading=\"lazy\" decoding=\"async\" width=\"720\" height=\"540\" data-id=\"4823\" src=\"https:\/\/taizyagromachine.com\/wp-content\/uploads\/2023\/03\/applications-of-milling-machine.webp\" alt=\"Anwendungen der Fr\u00e4smaschine\" class=\"wp-image-4823\"\/><figcaption class=\"wp-element-caption\">Anwendungen der Fr\u00e4smaschine<\/figcaption><\/figure> <\/figure>    <p>Diese Getreidem\u00fchle hat ein breites Anwendungsspektrum, z. B. Bohnen, schwarzer Pfeffer, Chili, Kakaobohnen, Ingwer, Gew\u00fcrze, Mais, Gras, Weizen, Reis, Kr\u00e4uter usw. <\/p>    <p>M\u00f6glicherweise gibt es andere, die nicht aufgef\u00fchrt sind. Kurz gesagt: Wenn Sie Materialien zerkleinern m\u00f6chten, k\u00f6nnen Sie unsere M\u00fchle verwenden. Wenn Sie einen solchen Bedarf haben, kontaktieren Sie uns jetzt!<\/p>    <h2 class=\"wp-block-heading\"><strong>Funktionsprinzip der Taizy-Getreidem\u00fchle<\/strong><\/h2>    <p>Mit hoher Geschwindigkeit nutzt diese kommerzielle Schleifmaschine die Relativbewegung zwischen der beweglichen Zahnscheibe und der festen Zahnscheibe, um die Materialien durch Zahnschlag, Scherung, Reibung und Kollision zu zerkleinern.<\/p>    <figure class=\"wp-block-gallery aligncenter has-nested-images columns-default is-cropped wp-block-gallery-4 is-layout-flex wp-block-gallery-is-layout-flex\"> <figure class=\"wp-block-image size-full\"><img loading=\"lazy\" decoding=\"async\" width=\"720\" height=\"540\" data-id=\"4833\" src=\"https:\/\/taizyagromachine.com\/wp-content\/uploads\/2023\/03\/blades-of-grain-maize-milling-machine.webp\" alt=\"Klingen der K\u00f6rnermais-Fr\u00e4smaschine\" class=\"wp-image-4833\"\/><figcaption class=\"wp-element-caption\">Klingen der K\u00f6rnermais-Fr\u00e4smaschine<\/figcaption><\/figure>    <figure class=\"wp-block-image size-full\"><img loading=\"lazy\" decoding=\"async\" width=\"720\" height=\"540\" data-id=\"4831\" src=\"https:\/\/taizyagromachine.com\/wp-content\/uploads\/2023\/03\/internal-part-of-grain-milling-machine.webp\" alt=\"interner Teil einer Getreidemahlmaschine\" class=\"wp-image-4831\"\/><figcaption class=\"wp-element-caption\">Innenteil einer Getreidem\u00fchle<\/figcaption><\/figure> <\/figure>   <div class=\"wp-block-image\"> <figure class=\"aligncenter size-full\"><img loading=\"lazy\" decoding=\"async\" width=\"720\" height=\"400\" src=\"https:\/\/taizyagromachine.com\/wp-content\/uploads\/2023\/03\/sieves.webp\" alt=\"Siebe\" class=\"wp-image-4834\"\/><figcaption class=\"wp-element-caption\">Siebe<\/figcaption><\/figure> <\/div>   <p>Diese Maschine hat einen einfachen Aufbau, einen reibungslosen Betrieb, einen geringen Ger\u00e4uschpegel und eine gute Zerkleinerungswirkung. Nach der Zerkleinerung wird das Material direkt aus der Brechkammer ausgetragen. Die Gr\u00f6\u00dfe der Partikelgr\u00f6\u00dfe kann durch Auswahl verschiedener Siebe erreicht werden.<\/p>    <h2 class=\"wp-block-heading\"><strong>Wie w\u00e4re es mit dem Preis f\u00fcr Getreidem\u00fchlen? <\/strong><\/h2>    <p>Wir verf\u00fcgen \u00fcber verschiedene Arten von Knollenm\u00fchlen und k\u00f6nnen verschiedene Getreidearten mahlen. Wenn Sie den Preis solcher Maschinen wissen m\u00f6chten, m\u00fcssen Sie zun\u00e4chst wissen, welches Material Sie zerkleinern m\u00f6chten. Da die Produkte unterschiedlich sind, wird auch die Wahl der Mais-\/Weizenmahlmaschine unterschiedlich sein. Auch der Preis der Getreidem\u00fchle ist unterschiedlich. <\/p>    <p>Zweitens der Zweck, beispielsweise eine Maism\u00fchle f\u00fcr H\u00fchnerfutter. Je nach unterschiedlichem Verwendungszweck des Kunden empfiehlt unser Fachmann die Maschine, die zu den Kunden passt, unterschiedliche Bildschirmkonfigurationen f\u00fcr verschiedene Maschinen, sodass der Preis nat\u00fcrlich nicht derselbe ist. <\/p>    <p>Auch das Zielland. Dies wird haupts\u00e4chlich durch die internationale Versandfracht beeinflusst. Gleichzeitig ist auch die Fracht verschiedener Bestimmungsorte unterschiedlich, so dass auch der Gesamtpreis der Maschine unterschiedlich ist.<\/p>    <p>Nat\u00fcrlich wird der Preis der Getreidemahlmaschine auch von anderen Aspekten beeinflusst, wie zum Beispiel dem Kauf von Maschinenzubeh\u00f6r, der Zeit f\u00fcr den Kauf der Maschine, der Kaufmenge der Maschine usw. Wenn Sie an dieser Maismahlmaschine interessiert sind , z\u00f6gern Sie nicht, uns zu kontaktieren! Wir bieten Ihnen die beste L\u00f6sung.<\/p>    <h2 class=\"wp-block-heading\"><strong>FAQ zur Getreidem\u00fchle zum Verkauf<\/strong><\/h2>   <div id=\"rank-math-faq\" class=\"rank-math-block\"> <div class=\"rank-math-list\"> <div id=\"faq-question-1678949494900\" class=\"rank-math-list-item\"> <h3 class=\"rank-math-question\">1. Was k\u00f6nnen die Rohstoffe f\u00fcr die Getreidem\u00fchle sein?<\/h3> <div class=\"rank-math-answer\">  <p>Getreide und Cerealien, Chilischoten und andere Gew\u00fcrzkategorien, Yamswurzeln und andere feste Zutaten.<\/p>  <\/div> <\/div> <div id=\"faq-question-1678949592861\" class=\"rank-math-list-item\"> <h3 class=\"rank-math-question\">2. Wie grob ist das fertige Produkt?<\/h3> <div class=\"rank-math-answer\">  <p>Im Allgemeinen in 20\u201340 Mesh.<\/p>  <\/div> <\/div> <div id=\"faq-question-1678949651997\" class=\"rank-math-list-item\"> <h3 class=\"rank-math-question\">3. Wie w\u00e4re es mit dem Material der Getreidebrechermaschine?<\/h3> <div class=\"rank-math-answer\">  <p>Edelstahl 304.<\/p>  <\/div> <\/div> <div id=\"faq-question-1678949760637\" class=\"rank-math-list-item\"> <h3 class=\"rank-math-question\">4. Wenn die Spannung nicht mit meinem Land \u00fcbereinstimmt, k\u00f6nnen Sie sie \u00e4ndern?<\/h3> <div class=\"rank-math-answer\">  <p>Ja nat\u00fcrlich. Wir k\u00f6nnen die Maschinenspannung an Ihre bequeme Nutzung anpassen. <\/p>  <\/div> <\/div> <div id=\"faq-question-1678949842052\" class=\"rank-math-list-item\"> <h3 class=\"rank-math-question\">5. Welche Kapazit\u00e4t hat die Getreidebrechermaschine?<\/h3> <div class=\"rank-math-answer\">  <p>Es gibt viele Produktionskapazit\u00e4ten und wir k\u00f6nnen Ihnen die passende f\u00fcr Ihren Bedarf empfehlen<\/p>  <\/div> <\/div> <\/div> <\/div>   <h2 class=\"wp-block-heading\"><strong>Technische Parameter der Getreidem\u00fchle <\/strong><\/h2>    <figure class=\"wp-block-gallery aligncenter has-nested-images columns-default is-cropped wp-block-gallery-5 is-layout-flex wp-block-gallery-is-layout-flex\"> <figure class=\"wp-block-image size-large\"><img loading=\"lazy\" decoding=\"async\" width=\"720\" height=\"540\" data-id=\"4813\" src=\"https:\/\/taizyagromachine.com\/wp-content\/uploads\/2023\/03\/small-corn-milling-machine.webp\" alt=\"kleine Maism\u00fchle\" class=\"wp-image-4813\"\/><figcaption class=\"wp-element-caption\">kleine Maism\u00fchle<\/figcaption><\/figure>    <figure class=\"wp-block-image size-large\"><img loading=\"lazy\" decoding=\"async\" width=\"720\" height=\"540\" data-id=\"4812\" src=\"https:\/\/taizyagromachine.com\/wp-content\/uploads\/2023\/03\/electric-grain-grinding-machine.webp\" alt=\"elektrische Getreidemahlmaschine\" class=\"wp-image-4812\"\/><figcaption class=\"wp-element-caption\">elektrische Getreidemahlmaschine<\/figcaption><\/figure> <\/figure>    <figure class=\"wp-block-table\"><table><tbody><tr><td><strong>Modell<\/strong><strong><\/strong><\/td><td><strong>HAO-1200<\/strong><strong><\/strong><\/td><td><strong>HAO-2200<\/strong><strong><\/strong><\/td><td><strong>HAO-3000<\/strong><strong><\/strong><\/td><\/tr><tr><td>Leistung (kW)<\/td><td>1. 1<\/td><td>2.2<\/td><td>3<\/td><\/tr><tr><td>Rotationsgeschwindigkeit<\/td><td>1400 U\/min<\/td><td>1420 U\/min<\/td><td>1420 U\/min<\/td><\/tr><tr><td>\u00a0Feinheit (Masche)<\/td><td>\u00a050-200<\/td><td>\u00a050-200<\/td><td>\u00a050-200<\/td><\/tr><tr><td>Kapazit\u00e4t (kg\/h)<\/td><td>15-40<\/td><td>30-50<\/td><td>30-60<\/td><\/tr><tr><td>Feinheit (Masche)<\/td><td>50-200<\/td><td>50-200<\/td><td>50-200<\/td><\/tr><tr><td>Gr\u00f6\u00dfe (cm)<\/td><td>47*22*34<\/td><td>55*28*41<\/td><td>60*30*46<\/td><\/tr><tr><td>Gewicht (kg)<\/td><td>30<\/td><td>40<\/td><td>48<\/td><\/tr><\/tbody><\/table><figcaption class=\"wp-element-caption\">Spezifikationen des kleinen Getreidebrechers aus Edelstahl<\/figcaption><\/figure>   <div class=\"wp-block-image\"> <figure class=\"aligncenter size-full\"><img loading=\"lazy\" decoding=\"async\" width=\"1000\" height=\"350\" src=\"https:\/\/taizyagromachine.com\/wp-content\/uploads\/2023\/03\/grain-milling-machine-for-sale.webp\" alt=\"Getreidemahlmaschine zu verkaufen\" class=\"wp-image-4815\"\/><figcaption class=\"wp-element-caption\">Getreidemahlmaschine zu verkaufen<\/figcaption><\/figure> <\/div>   <figure class=\"wp-block-table\"><table><tbody><tr><td><strong>Modell<\/strong><strong><\/strong><\/td><td><strong>15B<\/strong><strong><\/strong><\/td><td><strong>20B<\/strong><strong><\/strong><\/td><td><strong>30B<\/strong><strong><\/strong><\/td><td><strong>40B<\/strong><strong><\/strong><\/td><td><strong>50B<\/strong><strong><\/strong><\/td><\/tr><tr><td>Material<\/td><td>SUS 304<\/td><td>SUS 304<\/td><td>SUS 304<\/td><td>SUS 304<\/td><td>SUS 304<\/td><\/tr><tr><td>Kapazit\u00e4t (kg\/h)<\/td><td>10-60<\/td><td>60-150<\/td><td>100-300<\/td><td>160-800<\/td><td>500-1500<\/td><\/tr><tr><td>Materialgr\u00f6\u00dfe (mm)<\/td><td>&lt;8<\/td><td>&lt;8<\/td><td>&lt;10<\/td><td>&lt;12<\/td><td>&lt;14<\/td><\/tr><tr><td>Feinheit (Masche)<\/td><td>20-120<\/td><td>20-120<\/td><td>20-120<\/td><td>20-120<\/td><td>20-120<\/td><\/tr><tr><td>Leistung (kW)<\/td><td>2.2<\/td><td>4<\/td><td>7.5<\/td><td>11<\/td><td>18.5<\/td><\/tr><tr><td>Drehzahl (U\/min)<\/td><td>6000<\/td><td>4500<\/td><td>3800<\/td><td>3400<\/td><td>3200<\/td><\/tr><tr><td>Gr\u00f6\u00dfe (mm)<\/td><td>550*6000*1000<\/td><td>600*550*1250<\/td><td>700*600*1450<\/td><td>900*800*1550<\/td><td>1000*900*1680<\/td><\/tr><tr><td>Gewicht (kg)<\/td><td>150<\/td><td>280<\/td><td>340<\/td><td>450<\/td><td>530<\/td><\/tr><\/tbody><\/table><figcaption class=\"wp-element-caption\">Spezifikationen der Getreidemahlmaschine<\/figcaption><\/figure>    <h2 class=\"wp-block-heading\"><strong>Video der Getreidem\u00fchle Taizy \u2013 Wie mahlt man Getreide zu feinem Pulver?<\/strong><\/h2>    <figure class=\"wp-block-embed is-type-video is-provider-youtube wp-block-embed-youtube wp-embed-aspect-16-9 wp-has-aspect-ratio\"><div class=\"wp-block-embed__wrapper\"> <iframe loading=\"lazy\" title=\"2023 Tolle Edelstahlm\u00fchle f\u00fcr Mais, Pfeffer, Gras, Kaffeebohnen usw. \u2013 Holen Sie sich feines Pulver!\" width=\"500\" height=\"281\" src=\"https:\/\/www.youtube.com\/embed\/kJSP-Rn9kTM?start=17&#038;feature=oembed\" frameborder=\"0\" allow=\"accelerometer; autoplay; clipboard-write; encrypted-media; gyroscope; picture-in-picture; web-share\" referrerpolicy=\"strict-origin-when-cross-origin\" allowfullscreen><\/iframe> <\/div><\/figure>    <p><\/p>","protected":false},"excerpt":{"rendered":"<p>This stainless steel grain milling machine is specially designed for grinding various grains in order to obtain a fine powder. And this grain mill grinder is used for a wide arrange of applications, such as corn, wheat, rice, spices, chili, black pepper, beans, coffee beans, ginger, herbs, candy, etc. Our corn mill machine is of [&hellip;]<\/p>\n","protected":false},"author":1,"featured_media":4820,"parent":0,"template":"","tags":[216],"product-type":[17],"class_list":["post-4805","product","type-product","status-publish","has-post-thumbnail","hentry","tag-grain-milling-machine","product-type-corn-machine"],"_links":{"self":[{"href":"https:\/\/taizyagromachine.com\/de\/wp-json\/wp\/v2\/product\/4805","targetHints":{"allow":["GET"]}}],"collection":[{"href":"https:\/\/taizyagromachine.com\/de\/wp-json\/wp\/v2\/product"}],"about":[{"href":"https:\/\/taizyagromachine.com\/de\/wp-json\/wp\/v2\/types\/product"}],"author":[{"embeddable":true,"href":"https:\/\/taizyagromachine.com\/de\/wp-json\/wp\/v2\/users\/1"}],"wp:featuredmedia":[{"embeddable":true,"href":"https:\/\/taizyagromachine.com\/de\/wp-json\/wp\/v2\/media\/4820"}],"wp:attachment":[{"href":"https:\/\/taizyagromachine.com\/de\/wp-json\/wp\/v2\/media?parent=4805"}],"wp:term":[{"taxonomy":"post_tag","embeddable":true,"href":"https:\/\/taizyagromachine.com\/de\/wp-json\/wp\/v2\/tags?post=4805"},{"taxonomy":"product-type","embeddable":true,"href":"https:\/\/taizyagromachine.com\/de\/wp-json\/wp\/v2\/product-type?post=4805"}],"curies":[{"name":"wp","href":"https:\/\/api.w.org\/{rel}","templated":true}]}}