{"id":5581,"date":"2023-07-06T14:19:40","date_gmt":"2023-07-06T06:19:40","guid":{"rendered":"https:\/\/taizyagromachine.com\/?post_type=product&#038;p=5581"},"modified":"2023-07-06T15:08:49","modified_gmt":"2023-07-06T07:08:49","slug":"multi-purpose-corn-shelling-machine","status":"publish","type":"product","link":"https:\/\/taizyagromachine.com\/de\/product\/multi-purpose-corn-shelling-machine\/","title":{"rendered":"Mehrzweck-Maissch\u00e4lmaschine"},"content":{"rendered":"<p class=\"translation-block\">Die multifunktionale Maisdruschmaschine spielt eine wichtige Rolle im Bereich des Getreidedruschs als effiziente und multifunktionale landwirtschaftliche Verarbeitungsanlage. Sie hat die Vorteile von hoher Effizienz und Geschwindigkeit, Vielseitigkeit, einfacher Bedienung sowie Zuverl\u00e4ssigkeit und Langlebigkeit, was nicht nur die Produktivit\u00e4t und den Ertrag verbessert, sondern auch Kosten und menschliche Ressourcen spart. Die <a href=\"https:\/\/taizyagromachine.com\/de\/product\/multifunctional-thresher\/\" target=\"_blank\" rel=\"noreferrer noopener\">multifunktionale Dreschmaschine<\/a> bietet den Landwirten auch Flexibilit\u00e4t und technische Unterst\u00fctzung, um ihnen zu helfen, gr\u00f6\u00dfere Erfolge in der landwirtschaftlichen Produktion zu erzielen.<\/p>    <h2 class=\"wp-block-heading\"><strong>Einf\u00fchrungsvideo der multifunktionalen Maissch\u00e4lmaschine<\/strong><\/h2>    <figure class=\"wp-block-embed is-type-video is-provider-youtube wp-block-embed-youtube wp-embed-aspect-16-9 wp-has-aspect-ratio\"><div class=\"wp-block-embed__wrapper\"> <iframe loading=\"lazy\" title=\"Neue multifunktionale Dreschmaschine! F\u00fcr Mais, Sojabohnen, Sorghum, Hirse, Getreide! 1TP5Landwirtschaftliche Maschinen\" width=\"500\" height=\"281\" src=\"https:\/\/www.youtube.com\/embed\/8Sj62tTGXfY?feature=oembed\" frameborder=\"0\" allow=\"accelerometer; autoplay; clipboard-write; encrypted-media; gyroscope; picture-in-picture; web-share\" referrerpolicy=\"strict-origin-when-cross-origin\" allowfullscreen><\/iframe> <\/div><\/figure>    <h2 class=\"wp-block-heading\"><strong>Was ist die Mehrzweck-Maissch\u00e4lmaschine?<\/strong><\/h2>    <p class=\"translation-block\">Die multifunktionale Mais-Entk\u00f6rnungsmachine ist ein mechanisches Ger\u00e4t zum Dreschen von Feldfr\u00fcchten mit mehreren Funktionen und Anwendungen. Ihre Hauptfunktion besteht darin, das Korn vom ganzen Korn zu trennen und die H\u00fclsen und Verunreinigungen zu entfernen, um ein reines Kornprodukt zu erhalten. Sie wird h\u00e4ufig zum Dreschen von Mais, Weizen, Sojabohnen, Hirse und vielen anderen Getreidesorten verwendet. Der <a href=\"https:\/\/taizyagromachine.com\/de\/product\/corn-threshing-machine\/\" target=\"_blank\" rel=\"noreferrer noopener\">Mehrzweck-Drescher<\/a> kann die Drescheffizienz erheblich verbessern und Arbeits- und Zeitkosten sparen. Er ist ein guter Helfer, der die Mehrheit der Landwirte beim Dreschen unterst\u00fctzt.<\/p>    <figure class=\"wp-block-gallery aligncenter has-nested-images columns-4 is-cropped wp-block-gallery-2 is-layout-flex wp-block-gallery-is-layout-flex\"> <figure class=\"wp-block-image size-large\"><img loading=\"lazy\" decoding=\"async\" width=\"720\" height=\"540\" data-id=\"5593\" src=\"https:\/\/taizyagromachine.com\/wp-content\/uploads\/2023\/07\/multi-purpose-corn-sheller-machine.webp\" alt=\"Mehrzweck-Maissch\u00e4lmaschine\" class=\"wp-image-5593\"\/><figcaption class=\"wp-element-caption\">Mehrzweck-Maissch\u00e4lmaschine<\/figcaption><\/figure>    <figure class=\"wp-block-image size-large\"><img loading=\"lazy\" decoding=\"async\" width=\"720\" height=\"540\" data-id=\"5592\" src=\"https:\/\/taizyagromachine.com\/wp-content\/uploads\/2023\/07\/multifunctional-corn-shelling-machine.webp\" alt=\"multifunktionale Maissch\u00e4lmaschine\" class=\"wp-image-5592\"\/><figcaption class=\"wp-element-caption\">multifunktionale Maissch\u00e4lmaschine<\/figcaption><\/figure>    <figure class=\"wp-block-image size-large\"><img loading=\"lazy\" decoding=\"async\" width=\"720\" height=\"540\" data-id=\"5590\" src=\"https:\/\/taizyagromachine.com\/wp-content\/uploads\/2023\/07\/multifunctional-corn-thresher.webp\" alt=\"multifunktionaler Maisdrescher\" class=\"wp-image-5590\"\/><figcaption class=\"wp-element-caption\">multifunktionaler Maisdrescher<\/figcaption><\/figure>    <figure class=\"wp-block-image size-large\"><img loading=\"lazy\" decoding=\"async\" width=\"720\" height=\"540\" data-id=\"5591\" src=\"https:\/\/taizyagromachine.com\/wp-content\/uploads\/2023\/07\/multifunctional-thresher.webp\" alt=\"multifunktionale Dreschmaschine\" class=\"wp-image-5591\"\/><figcaption class=\"wp-element-caption\">multifunktionale Dreschmaschine<\/figcaption><\/figure> <\/figure>    <p>F\u00fcr diesen Maschinentyp stehen die Modelle MT-860 und MT-1200 zur Verf\u00fcgung, die die gleichen Funktionen und Anwendungen haben. Aber die Kapazit\u00e4t ist unterschiedlich. Au\u00dferdem k\u00f6nnen diese beiden Typen den Dieselmotor, den Elektromotor und den Benzinmotor verwenden, um die Maschine zur Arbeit zu bringen.<\/p>    <h2 class=\"wp-block-heading\"><strong>Struktur der Mehrkorn-Dreschmaschine<\/strong><\/h2>   <div class=\"wp-block-image\"> <figure class=\"aligncenter size-full\"><img loading=\"lazy\" decoding=\"async\" width=\"720\" height=\"540\" src=\"https:\/\/taizyagromachine.com\/wp-content\/uploads\/2023\/07\/structure-of-multi-corn-shelling-machine.webp\" alt=\"Struktur einer Multi-Mais-Sch\u00e4lmaschine\" class=\"wp-image-5586\"\/><figcaption class=\"wp-element-caption\">Struktur einer Multi-Mais-Sch\u00e4lmaschine<\/figcaption><\/figure> <\/div>   <figure class=\"wp-block-table\"><table><tbody><tr><td>Seriennummer<\/td><td>Name des Maschinenteils<\/td><\/tr><tr><td>1<\/td><td>Maiseinlass<\/td><\/tr><tr><td>2<\/td><td>Auslass f\u00fcr Maiskolben und -schalen<\/td><\/tr><tr><td>3<\/td><td>Dieselmotor<\/td><\/tr><tr><td>4<\/td><td>Rahmen<\/td><\/tr><tr><td>5<\/td><td>Gro\u00dfe R\u00e4der<\/td><\/tr><tr><td>6<\/td><td>Auslass f\u00fcr Maissamen<\/td><\/tr><tr><td>7<\/td><td>Auslass f\u00fcr Verunreinigungen<\/td><\/tr><\/tbody><\/table><figcaption class=\"wp-element-caption\">Zusammensetzung des Multifunktionsdreschers<\/figcaption><\/figure>    <h2 class=\"wp-block-heading\"><strong>Multifunktionales Maissch\u00e4ler-Maschinendesign<\/strong><\/h2>    <p class=\"translation-block\">Diese Maschine ist darauf ausgelegt, die Bed\u00fcrfnisse der Kunden zu erf\u00fcllen, und die Highlights sind gro\u00dfe R\u00e4der und ein Rahmen. Das Design mit gro\u00dfen R\u00e4dern und Rahmen verbessert die Stabilit\u00e4t und Mobilit\u00e4t der <a href=\"https:\/\/taizyagromachine.com\/de\/product\/multifunctional-thresher\/\" target=\"_blank\" rel=\"noreferrer noopener\">multifunktionalen Dreschmaschine<\/a>. <\/p>    <div class=\"wp-block-columns is-layout-flex wp-container-core-columns-is-layout-9d6595d7 wp-block-columns-is-layout-flex\"> <div class=\"wp-block-column is-layout-flow wp-block-column-is-layout-flow\"> <p class=\"has-cyan-bluish-gray-background-color has-background\">Die gro\u00dfen R\u00e4der k\u00f6nnen sich an unterschiedliche Gel\u00e4ndeverh\u00e4ltnisse anpassen und bieten eine hohe Bodenfreiheit, wodurch sich die Maschine problemlos auf unebenem Ackerland bewegen l\u00e4sst.<\/p> <\/div>    <div class=\"wp-block-column is-layout-flow wp-block-column-is-layout-flow\"> <p class=\"has-cyan-bluish-gray-background-color has-background\">Die Rahmenstruktur bietet stabilen Halt und Gleichgewicht und macht die Maschine beim Arbeiten stabiler und sicherer.<\/p> <\/div> <\/div>    <p><\/p>    <h2 class=\"wp-block-heading\"><strong>Verschlei\u00dfteile f\u00fcr die multifunktionale Maissch\u00e4lmaschine Taizy<\/strong><\/h2>   <div class=\"wp-block-image\"> <figure class=\"aligncenter size-full\"><img loading=\"lazy\" decoding=\"async\" width=\"720\" height=\"350\" src=\"https:\/\/taizyagromachine.com\/wp-content\/uploads\/2023\/07\/screen-for-multifunctional-thresher-machine.webp\" alt=\"Sieb f\u00fcr multifunktionale Dreschmaschine\" class=\"wp-image-5601\"\/><figcaption class=\"wp-element-caption\">Sieb f\u00fcr multifunktionale Dreschmaschine<\/figcaption><\/figure> <\/div>   <p>Zu den Verschlei\u00dfteilen multifunktionaler Dreschmaschinen geh\u00f6ren haupts\u00e4chlich Siebe, Riemen, Ketten und andere Komponenten. Bei l\u00e4ngerem Gebrauch k\u00f6nnen diese Teile verschlei\u00dfen und m\u00fcssen regelm\u00e4\u00dfig \u00fcberpr\u00fcft und ausgetauscht werden. Eine angemessene Wartung und der rechtzeitige Austausch von Verschlei\u00dfteilen k\u00f6nnen die Lebensdauer des Multifunktionsdreschers verl\u00e4ngern und dessen kontinuierlichen und effizienten Betrieb gew\u00e4hrleisten.<\/p>    <h2 class=\"wp-block-heading\"><strong>Vorteile der Mehrzweck-Mais-Mais-Sch\u00e4lmaschine<\/strong><\/h2>    <ol class=\"wp-block-list\"> <li>Hohe Effizienz und Geschwindigkeit: Die multifunktionale Dreschmaschine ist in der Lage, Erntegut mit hoher Geschwindigkeit und Effizienz zu dreschen und so die Produktivit\u00e4t und Leistung erheblich zu verbessern.<\/li>    <li>Vielseitigkeit: Zus\u00e4tzlich zur Dreschfunktion verf\u00fcgt der multifunktionale Mazie-Sch\u00e4ler von Taizy in der Regel auch \u00fcber Funktionen wie Sch\u00e4len und Trennen von Verunreinigungen, die den Verarbeitungsanforderungen verschiedener Kulturen gerecht werden k\u00f6nnen.<\/li>    <li>Qualit\u00e4tssicherung: Der Mehrkorndrescher kann Schalen, Verunreinigungen und K\u00f6rner effizient trennen, um die Qualit\u00e4t und Reinheit des Endprodukts sicherzustellen.<\/li>    <li>Flexibilit\u00e4t: Bei der multifunktionalen Maissch\u00e4lmaschine stehen in der Regel drei Motoren zur Verf\u00fcgung, die je nach \u00f6rtlicher Situation mit abgestimmten Motoren arbeiten k\u00f6nnen. <\/li>    <li>Kosteneinsparung: Durch die hohe Effizienz und Multifunktionalit\u00e4t der multifunktionalen Dreschmaschine k\u00f6nnen Arbeits- und Zeitkosten eingespart, die Produktionseffizienz verbessert und die Verarbeitungskosten gesenkt werden.<\/li>    <li>Zuverl\u00e4ssigkeit und Haltbarkeit: Die Maissch\u00e4lmaschine von Taizy verwendet hochwertige Materialien und pr\u00e4zise Herstellungsverfahren, die eine gute Haltbarkeit und Stabilit\u00e4t aufweisen und \u00fcber einen langen Zeitraum stabil arbeiten k\u00f6nnen.<\/li> <\/ol>    <h2 class=\"wp-block-heading\"><strong>Was beeinflusst den Preis der Multi-Mais-Sch\u00e4lmaschine?<\/strong><\/h2>    <p class=\"translation-block\">Der Preis der <a href=\"https:\/\/cornmachines.com\/multifunctional-thresher-machine\/\" target=\"_blank\" rel=\"noreferrer noopener\">multifunktionalen Mais-Dreschmaschine<\/a> wird von vielen Aspekten beeinflusst, wie z. B. dem Maschinenmodell, der Marke usw. Erstens sind das Modell und die Spezifikation der Maschine ausschlaggebend; der Preis einer multifunktionalen Mais-Entk\u00f6rnungsmachine variiert von einer Spezifikation zur anderen. Zweitens sind die Marke und der Hersteller der Maschine wichtig. Produkte von bekannten Marken und hochwertigen Herstellern haben in der Regel relativ h\u00f6here Preise. <\/p>    <figure class=\"wp-block-gallery aligncenter has-nested-images columns-default is-cropped wp-block-gallery-3 is-layout-flex wp-block-gallery-is-layout-flex\"> <figure class=\"wp-block-image size-full\"><img loading=\"lazy\" decoding=\"async\" width=\"720\" height=\"540\" data-id=\"5608\" src=\"https:\/\/taizyagromachine.com\/wp-content\/uploads\/2023\/07\/multifunctional-threshing-machine.webp\" alt=\"multifunktionale Dreschmaschine\" class=\"wp-image-5608\"\/><figcaption class=\"wp-element-caption\">multifunktionale Dreschmaschine<\/figcaption><\/figure>    <figure class=\"wp-block-image size-full\"><img loading=\"lazy\" decoding=\"async\" width=\"720\" height=\"540\" data-id=\"5607\" src=\"https:\/\/taizyagromachine.com\/wp-content\/uploads\/2023\/07\/multi-purpose-thresher-1.webp\" alt=\"Mehrzweck-Dreschmaschine\" class=\"wp-image-5607\"\/><figcaption class=\"wp-element-caption\">Mehrzweck-Dreschmaschine<\/figcaption><\/figure> <\/figure>    <p>Dar\u00fcber hinaus wirken sich auch Angebot und Nachfrage auf dem Markt, die Rohstoffkosten, die Transportentfernung usw. auf den Preis aus. Wenn Sie weitere Einzelheiten erfahren m\u00f6chten, kontaktieren Sie uns bitte f\u00fcr weitere Einzelheiten!<\/p>    <h2 class=\"wp-block-heading\"><strong>Service zur multifunktionalen Dreschmaschine Taizy<\/strong><\/h2>    <p>Taizy, als gute Mehrzweck-Maissch\u00e4lmaschine bekannter Marken, bieten wir technischen Support und Kundendienst.  Der umfassende technische Support und Kundendienst k\u00f6nnen sicherstellen, dass Sie professionelle Beratung und L\u00f6sungen erhalten. Au\u00dferdem k\u00f6nnen wir Online-Support, Video-Support, Handb\u00fccher usw. bereitstellen. Alles kann Ihnen dabei helfen, die Maissch\u00e4lmaschine reibungslos zu verwenden.  <\/p>    <h2 class=\"wp-block-heading\"><strong>Produktion, Verpackung und Lieferung von Mehrzweck-Maissch\u00e4lmaschinen<\/strong><\/h2>    <p>Der Produktionsprozess der multifunktionalen Dreschmaschine erfolgt in der Regel in einer speziellen Werkstatt. In der Werkstatt verarbeiten und montieren die Mitarbeiter die Komponenten entsprechend dem Produktionsprozess und den technischen Anforderungen, um sicherzustellen, dass Qualit\u00e4t und Leistung der Maschine den Standards entsprechen. <\/p>    <figure class=\"wp-block-gallery has-nested-images columns-default is-cropped wp-block-gallery-4 is-layout-flex wp-block-gallery-is-layout-flex\"> <figure class=\"wp-block-image size-full\"><img loading=\"lazy\" decoding=\"async\" width=\"720\" height=\"540\" data-id=\"5604\" src=\"https:\/\/taizyagromachine.com\/wp-content\/uploads\/2023\/07\/machine-production.webp\" alt=\"maschinelle Produktion\" class=\"wp-image-5604\"\/><figcaption class=\"wp-element-caption\">maschinelle Produktion<\/figcaption><\/figure>    <figure class=\"wp-block-image size-large\"><img loading=\"lazy\" decoding=\"async\" width=\"720\" height=\"540\" data-id=\"5603\" src=\"https:\/\/taizyagromachine.com\/wp-content\/uploads\/2023\/07\/machine-loading.webp\" alt=\"Maschinenbeladung\" class=\"wp-image-5603\"\/><figcaption class=\"wp-element-caption\">Maschinenbeladung<\/figcaption><\/figure>    <figure class=\"wp-block-image size-full\"><img loading=\"lazy\" decoding=\"async\" width=\"720\" height=\"540\" data-id=\"5605\" src=\"https:\/\/taizyagromachine.com\/wp-content\/uploads\/2023\/07\/loaded-machine-.webp\" alt=\"beladene Maschine\" class=\"wp-image-5605\"\/><figcaption class=\"wp-element-caption\">beladene Maschine<\/figcaption><\/figure> <\/figure>    <p>Nach Abschluss der Produktion wird die multifunktionale Maissch\u00e4lmaschine sorgf\u00e4ltig verpackt. Die \u00fcbliche Art der Verpackung besteht darin, starke Holzkisten zum Verpacken zu verwenden, um die Maschine vor Besch\u00e4digungen und Vibrationen zu sch\u00fctzen. Beim Transport wird der Multifunktionsdrescher meist am St\u00fcck in einem Container verschickt, um eine sichere Lieferung an den Bestimmungsort zu gew\u00e4hrleisten. Diese integrierte Versandmethode verringert das Risiko von Besch\u00e4digungen und erm\u00f6glicht einfache Be- und Entladevorg\u00e4nge.<\/p>","protected":false},"excerpt":{"rendered":"<p>The multi purpose corn shelling machine plays an important role in the field of crop threshing as an efficient and multifunctional agricultural processing equipment. It has the advantages of high efficiency and speed, versatility, ease of operation and reliability and durability, which not only improves productivity and output, but also saves cost and human resources. [&hellip;]<\/p>\n","protected":false},"author":1,"featured_media":5584,"parent":0,"template":"","tags":[217],"product-type":[17],"class_list":["post-5581","product","type-product","status-publish","has-post-thumbnail","hentry","tag-corn-shelling-machine","product-type-corn-machine"],"_links":{"self":[{"href":"https:\/\/taizyagromachine.com\/de\/wp-json\/wp\/v2\/product\/5581","targetHints":{"allow":["GET"]}}],"collection":[{"href":"https:\/\/taizyagromachine.com\/de\/wp-json\/wp\/v2\/product"}],"about":[{"href":"https:\/\/taizyagromachine.com\/de\/wp-json\/wp\/v2\/types\/product"}],"author":[{"embeddable":true,"href":"https:\/\/taizyagromachine.com\/de\/wp-json\/wp\/v2\/users\/1"}],"wp:featuredmedia":[{"embeddable":true,"href":"https:\/\/taizyagromachine.com\/de\/wp-json\/wp\/v2\/media\/5584"}],"wp:attachment":[{"href":"https:\/\/taizyagromachine.com\/de\/wp-json\/wp\/v2\/media?parent=5581"}],"wp:term":[{"taxonomy":"post_tag","embeddable":true,"href":"https:\/\/taizyagromachine.com\/de\/wp-json\/wp\/v2\/tags?post=5581"},{"taxonomy":"product-type","embeddable":true,"href":"https:\/\/taizyagromachine.com\/de\/wp-json\/wp\/v2\/product-type?post=5581"}],"curies":[{"name":"wp","href":"https:\/\/api.w.org\/{rel}","templated":true}]}}