{"id":6061,"date":"2023-12-04T17:45:32","date_gmt":"2023-12-04T09:45:32","guid":{"rendered":"https:\/\/taizyagromachine.com\/?post_type=product&#038;p=6061"},"modified":"2023-12-04T17:45:34","modified_gmt":"2023-12-04T09:45:34","slug":"rice-combine-harvester","status":"publish","type":"product","link":"https:\/\/taizyagromachine.com\/de\/product\/rice-combine-harvester\/","title":{"rendered":"Reism\u00e4hdrescher f\u00fcr Weizenrohreis mit Drescher"},"content":{"rendered":"<p class=\"translation-block\">Diese <strong>Reiskombine<\/strong> (auch Weizen-Kombine, kleine Kombine genannt) ist eine multifunktionale Landmaschine, die nicht nur Feldfr\u00fcchte wie Reis und Weizen effizient erntet, sondern auch eine Dreschfunktion besitzt, die mittels eines eingebauten Dreschers die K\u00f6rner vom Spreu trennt. Diese Maschine verbessert die landwirtschaftliche Produktivit\u00e4t durch ihre flexible Anpassungsf\u00e4higkeit, die es ihr erm\u00f6glicht, sich an die Ernte unter h\u00fcgeligen Bedingungen anzupassen. Neben dieser kleinen Erntemaschine f\u00fchren wir auch <a href=\"https:\/\/taizyagromachine.com\/de\/product\/wheat-thresher\/\">Dreschmaschinen f\u00fcr Weizen und Reis<\/a>. Bei Interesse kontaktieren Sie uns gerne f\u00fcr weitere Details!<\/p>    <h2 class=\"wp-block-heading\"><strong>Kennen Sie die Teile und Funktionen des Reism\u00e4hdreschers?<\/strong><\/h2>    <figure class=\"wp-block-gallery aligncenter has-nested-images columns-default is-cropped wp-block-gallery-2 is-layout-flex wp-block-gallery-is-layout-flex\"> <figure class=\"wp-block-image size-large\"><img loading=\"lazy\" decoding=\"async\" width=\"720\" height=\"540\" data-id=\"6064\" src=\"https:\/\/taizyagromachine.com\/wp-content\/uploads\/2023\/12\/rice-wheat-combine-harvester-structure.webp\" alt=\"Reisweizen-M\u00e4hdrescherstruktur\" class=\"wp-image-6064\"\/><figcaption class=\"wp-element-caption\">Reisweizen-M\u00e4hdrescherstruktur<\/figcaption><\/figure>    <figure class=\"wp-block-image size-large\"><img loading=\"lazy\" decoding=\"async\" width=\"720\" height=\"540\" data-id=\"6063\" src=\"https:\/\/taizyagromachine.com\/wp-content\/uploads\/2023\/12\/rice-combine-harvester-parts.webp\" alt=\"Teile f\u00fcr Reism\u00e4hdrescher\" class=\"wp-image-6063\"\/><figcaption class=\"wp-element-caption\">Teile f\u00fcr Reism\u00e4hdrescher<\/figcaption><\/figure> <\/figure>    <figure class=\"wp-block-table\"><table><tbody><tr><td>Maschinenteile<\/td><td>Funktion<\/td><\/tr><tr><td><strong>Energiesystem<\/strong><\/td><td>Passend zum Weltmarken-Dieselmotor<br>Hohe Leistung, starke Leistung<br>Hohe Effizienz beim Ernten, Dreschen und Fahren<\/td><\/tr><tr><td><strong>Reisesystem<\/strong><\/td><td>L\u00e4ngere und breitere Schienen, hervorragendere Anti-Einklemm-\/Anti-Rutsch-Wirkung<br>Ausgestattet mit superhellem LED-Scheinwerfer f\u00fcr die Nachternte<br>Wasserdicht und sandfest, langlebig<\/td><\/tr><tr><td><strong>F\u00f6rdersystem<\/strong><\/td><td>H\u00f6here Einzugstrommel zur Reduzierung von Versch\u00fcttungen<br>Um 8 cm abgesenkter Schneidetisch f\u00fcr einfaches Ernten von Zwergreis und Weizen<br>Zuf\u00fchr- und F\u00f6rderstruktur zur Vermeidung von R\u00fcckspucken und F\u00f6rderstaus<\/td><\/tr><tr><td><strong>Dreschsystem<\/strong><\/td><td>Die Dreschtrommel verf\u00fcgt \u00fcber ein abgestuftes Design, kein Verstopfen und eine h\u00f6here Drescheffizienz<br>Tolles Design der Strohauswurf\u00f6ffnung, sanfterer Strohauswurf<br>Siebdesign mit abgestuftem Format, weniger Versch\u00fctten, geringere Verunreinigungsrate<\/td><\/tr><tr><td><strong>Betriebssystem<\/strong><\/td><td>Einzigartiges Design, einfache Struktur, sicherer Betrieb<br>Multi-Speed-Struktur, einfacher zu bedienen<br>Der Parkeffekt am steilen Hang ist besser, kein Schleudern beim Bergauffahren<\/td><\/tr><\/tbody><\/table><figcaption class=\"wp-element-caption\">Komponenten und Funktionen des Reisweizen-M\u00e4hdreschers<\/figcaption><\/figure>    <h2 class=\"wp-block-heading\"><strong>Spezifikationen f\u00fcr Reism\u00e4hdrescher<\/strong><\/h2>    <p>Als professioneller Hersteller landwirtschaftlicher Ger\u00e4te ist unser Mini-M\u00e4hdrescher f\u00fcr Weizenreis je nach Spur in verschiedene Modelle unterteilt, die jedoch alle zum Ernten und Dreschen von Reis und Weizen verwendet werden k\u00f6nnen. Im Folgenden sind die spezifischen Parameter f\u00fcr Sie aufgef\u00fchrt Referenz.<\/p>    <figure class=\"wp-block-table\"><table><tbody><tr><td>Modell<\/td><td>4LZ-1.05C<\/td><td>4LZ-1.05D<\/td><\/tr><tr><td>Crawler-Typ<\/td><td>Flache Raupe<\/td><td>Dreieck-Crawler<\/td><\/tr><tr><td>Schnittbreite<\/td><td>1100 mm<\/td><td>1100 mm<\/td><\/tr><tr><td>Mindestbodenfreiheit<\/td><td>190mm<\/td><td>190mm<\/td><\/tr><tr><td>Durchschnittlicher Bodendruck<\/td><td>10,9 kPa<\/td><td>10,9 kPa<\/td><\/tr><tr><td>Futtermenge<\/td><td>1,05 kg\/s<\/td><td>1,05 kg\/s<\/td><\/tr><tr><td>Gr\u00f6\u00dfe <\/td><td>3100*1440*1630mm<\/td><td>3100*1440*1630mm<\/td><\/tr><tr><td>Gewicht<\/td><td>570kg<\/td><td>570kg<\/td><\/tr><tr><td>Motormodell<\/td><td>KD1100FB DIESEL<\/td><td>KD1100FB DIESEL<\/td><\/tr><tr><td>Startmethode<\/td><td>Elektrostart<\/td><td>Elektrostart<\/td><\/tr><\/tbody><\/table><figcaption class=\"wp-element-caption\">Mini-Weizen-Reis-M\u00e4hdrescher<\/figcaption><\/figure>    <figure class=\"wp-block-gallery aligncenter has-nested-images columns-default is-cropped wp-block-gallery-3 is-layout-flex wp-block-gallery-is-layout-flex\"> <figure class=\"wp-block-image size-large\"><img loading=\"lazy\" decoding=\"async\" width=\"720\" height=\"540\" data-id=\"6066\" src=\"https:\/\/taizyagromachine.com\/wp-content\/uploads\/2023\/12\/wheat-combine-harvester-for-sale.webp\" alt=\"Weizenm\u00e4hdrescher zu verkaufen\" class=\"wp-image-6066\"\/><figcaption class=\"wp-element-caption\">Weizenm\u00e4hdrescher zu verkaufen<\/figcaption><\/figure>    <figure class=\"wp-block-image size-large\"><img loading=\"lazy\" decoding=\"async\" width=\"720\" height=\"540\" data-id=\"6065\" src=\"https:\/\/taizyagromachine.com\/wp-content\/uploads\/2023\/12\/rice-combine-harvester-for-sale.webp\" alt=\"Reism\u00e4hdrescher zu verkaufen\" class=\"wp-image-6065\"\/><figcaption class=\"wp-element-caption\">Reism\u00e4hdrescher zu verkaufen<\/figcaption><\/figure> <\/figure>    <h2 class=\"wp-block-heading\"><strong>Merkmale des kleinen M\u00e4hdreschers f\u00fcr Reisweizen<\/strong><\/h2>    <ul class=\"wp-block-list\"> <li><strong>Kompaktes Design<\/strong>: Aufgrund des kleinen M\u00e4hdreschers passt sich dieser M\u00e4hdrescher an begrenzte Ackerfl\u00e4chen an. Seine relativ leichte Bauweise erleichtert den Einsatz auf engstem Raum.<\/li>    <li><strong>Vielseitigkeit<\/strong>: Dieser Mini-M\u00e4hdrescher ist multifunktional und kann zur Reis- und Weizenernte eingesetzt werden, wodurch die Auslastung der Maschine erh\u00f6ht wird.<\/li>    <li><strong>Effiziente F\u00e4higkeit<\/strong>: Trotz seiner geringen Gr\u00f6\u00dfe sind kleine Reism\u00e4hdrescher in der Regel sehr effizient. Es kann die Ernte in relativ kurzer Zeit abschlie\u00dfen und so die Produktivit\u00e4t steigern.<\/li>    <li><strong>Einfach zu bedienen<\/strong>: Kleine Weizenm\u00e4hdrescher sind oft so konzipiert, dass sie auch f\u00fcr Landwirte ohne spezielle Kenntnisse einfach zu bedienen sind. Vereinfachte Bedienelemente und Betriebssysteme verringern die Belastung f\u00fcr den Benutzer.<\/li>    <li><strong>Anpassungsf\u00e4hig<\/strong>: Dank ihrer relativen Leichtigkeit und Mobilit\u00e4t eignen sich M\u00e4hdrescher gut f\u00fcr verschiedene Boden- und Gel\u00e4ndearten und erh\u00f6hen so ihre Einsatzflexibilit\u00e4t.<\/li>    <li><strong>Erschwinglich<\/strong>: Im Vergleich zu gr\u00f6\u00dferen M\u00e4hdreschern ist dieser Reism\u00e4hdrescher in der Regel g\u00fcnstiger. Dies macht die Ausr\u00fcstung f\u00fcr Landwirte zug\u00e4nglicher und verbessert das Technologieniveau kleiner landwirtschaftlicher Betriebe.<\/li>    <li><strong>Geringe Wartungskosten<\/strong>: Aufgrund seines relativ einfachen mechanischen Aufbaus sind die Wartungskosten f\u00fcr Mini-M\u00e4hdrescher f\u00fcr Weizenreis in der Regel gering, was die Belastung f\u00fcr die Landwirte verringert.<\/li> <\/ul>    <figure class=\"wp-block-gallery aligncenter has-nested-images columns-default is-cropped wp-block-gallery-4 is-layout-flex wp-block-gallery-is-layout-flex\"> <figure class=\"wp-block-image size-large\"><img loading=\"lazy\" decoding=\"async\" width=\"720\" height=\"540\" data-id=\"6067\" src=\"https:\/\/taizyagromachine.com\/wp-content\/uploads\/2023\/12\/mini-rice-combine-harvester-working-scene.webp\" alt=\"Mini-Reis-M\u00e4hdrescher-Arbeitsszene\" class=\"wp-image-6067\"\/><figcaption class=\"wp-element-caption\">Mini-Reis-M\u00e4hdrescher-Arbeitsszene<\/figcaption><\/figure>    <figure class=\"wp-block-image size-large\"><img loading=\"lazy\" decoding=\"async\" width=\"720\" height=\"540\" data-id=\"6068\" src=\"https:\/\/taizyagromachine.com\/wp-content\/uploads\/2023\/12\/rice-combine-harvester-machine-working-in-the-paddy-field.webp\" alt=\"Reism\u00e4hdrescher, der im Reisfeld arbeitet\" class=\"wp-image-6068\"\/><figcaption class=\"wp-element-caption\">Reism\u00e4hdrescher, der im Reisfeld arbeitet<\/figcaption><\/figure> <\/figure>    <h2 class=\"wp-block-heading\"><strong>Wie erntet man Weizenreis mit einem kleinen M\u00e4hdrescher?<\/strong><\/h2>   <div id=\"rank-math-howto\" class=\"rank-math-block\" > <div class=\"rank-math-howto-description\">  <\/div>  <div class=\"rank-math-steps\"> <div id=\"howto-step-1701671535865\" class=\"rank-math-step\"> <h3 class=\"rank-math-step-title\">Starten Sie den Reisweizen-M\u00e4hdrescher<\/h3> <div class=\"rank-math-step-content\"><p>Der Bediener startet den Kleinm\u00e4hdrescher f\u00fcr Reis und stellt sicher, dass alle Systeme ordnungsgem\u00e4\u00df funktionieren. Dazu geh\u00f6ren der Motor, das Schneidsystem, das F\u00f6rderband usw.<\/p> <\/div> <\/div> <div id=\"howto-step-1701671671829\" class=\"rank-math-step\"> <h3 class=\"rank-math-step-title\">Navigieren Sie zum Feld<\/h3> <div class=\"rank-math-step-content\"><p>Navigieren Sie mit dem Mini-Reis-M\u00e4hdrescher zu dem Feld, das abgeerntet werden soll. W\u00e4hrend der Bewegung muss der Bediener darauf achten, Hindernissen auszuweichen und sicherzustellen, dass die Maschine reibungslos l\u00e4uft.<\/p> <\/div> <\/div> <div id=\"howto-step-1701671710110\" class=\"rank-math-step\"> <h3 class=\"rank-math-step-title\">Beginnen Sie mit der Ernte<\/h3> <div class=\"rank-math-step-content\"><p>Sobald die Maschine die entsprechende Position erreicht hat, beginnt der Bediener mit der Ernte. Ein M\u00e4hdrescher erntet die Pflanzen normalerweise, indem er den Schneidkopf seitlich bewegt und sie zur weiteren Verarbeitung in die Maschine \u00fcberf\u00fchrt.<\/p> <\/div> <\/div> <div id=\"howto-step-1701671788720\" class=\"rank-math-step\"> <h3 class=\"rank-math-step-title\">Dreschen und Reinigen<\/h3> <div class=\"rank-math-step-content\"><p class=\"translation-block\">Im Inneren der Maschine durchl\u00e4uft der Weizen oder <a href=\"https:\/\/en.wikipedia.org\/wiki\/Rice\" target=\"_blank\" rel=\"noopener\">Reis<\/a> ein Dreschsystem, das das Korn von der Pflanze trennt. Das verbleibende Stroh und Unkraut wird normalerweise durch ein Reinigungssystem abgef\u00fchrt.<\/p> <\/div> <\/div> <div id=\"howto-step-1701671966245\" class=\"rank-math-step\"> <h3 class=\"rank-math-step-title\">Sammlung und Lagerung<\/h3> <div class=\"rank-math-step-content\"><p>Das gedroschene Getreide wird gesammelt und in vorbereiteten S\u00e4cken gelagert. Wenn die K\u00f6rner voll sind, k\u00f6nnen sie abgeladen und zu Lagereinrichtungen oder Transportfahrzeugen transportiert werden.<\/p> <\/div> <\/div> <div id=\"howto-step-1701672719682\" class=\"rank-math-step\"> <h3 class=\"rank-math-step-title\">\u00dcberwachung und Anpassung<\/h3> <div class=\"rank-math-step-content\"><p>Der Bediener muss die Leistung der Maschine st\u00e4ndig \u00fcberwachen und bei Bedarf Anpassungen vornehmen, um einen effizienten Ernteprozess sicherzustellen.<\/p> <\/div> <\/div> <div id=\"howto-step-1701672734499\" class=\"rank-math-step\"> <h3 class=\"rank-math-step-title\">Ende der Ernte<\/h3> <div class=\"rank-math-step-content\"><p>Wenn das Feld vollst\u00e4ndig abgeerntet ist, stoppt der Fahrer die Maschine, um abschlie\u00dfende Reinigungs- und Wartungsarbeiten durchzuf\u00fchren.<\/p> <\/div> <\/div> <\/div> <\/div>       <h2 class=\"wp-block-heading\"><strong>Wie sieht es mit dem Preis f\u00fcr den Reism\u00e4hdrescher aus?<\/strong><\/h2>    <p>Der Preis f\u00fcr Reisweizenm\u00e4hdrescher wird von Marke, Modell, Leistung, Konfiguration und Marktgebiet beeinflusst. Im Allgemeinen sind gr\u00f6\u00dfere, fortschrittlichere Reism\u00e4hdrescher relativ teuer, w\u00e4hrend kleinere oder einfache Modelle wirtschaftlicher sind. Ebenso kosten qualit\u00e4tsgesicherte Maschinen in der Regel mehr. <\/p>    <figure class=\"wp-block-gallery aligncenter has-nested-images columns-default is-cropped wp-block-gallery-5 is-layout-flex wp-block-gallery-is-layout-flex\"> <figure class=\"wp-block-image size-large\"><img loading=\"lazy\" decoding=\"async\" width=\"720\" height=\"540\" data-id=\"6069\" src=\"https:\/\/taizyagromachine.com\/wp-content\/uploads\/2023\/12\/flat-crawler-combine-harvester-for-rice-wheat.webp\" alt=\"Flachraupenm\u00e4hdrescher f\u00fcr Reisweizen\" class=\"wp-image-6069\"\/><figcaption class=\"wp-element-caption\">Flachraupenm\u00e4hdrescher f\u00fcr Reisweizen<\/figcaption><\/figure>    <figure class=\"wp-block-image size-large\"><img loading=\"lazy\" decoding=\"async\" width=\"720\" height=\"540\" data-id=\"6070\" src=\"https:\/\/taizyagromachine.com\/wp-content\/uploads\/2023\/12\/triangular-crawler-small-rice-combine-harvester.webp\" alt=\"Dreieckiger kleiner Reism\u00e4hdrescher mit Raupe\" class=\"wp-image-6070\"\/><figcaption class=\"wp-element-caption\">Dreieckiger kleiner Reism\u00e4hdrescher mit Raupe<\/figcaption><\/figure> <\/figure>    <p>Beispielsweise ist der Preis f\u00fcr unseren Mini-Reis-M\u00e4hdrescher f\u00fcr verschiedene Konfigurationen desselben Modells unterschiedlich. Der Preis unterscheidet sich auch aufgrund der unterschiedlichen Raupenketten, einer flachen Raupe und einer dreieckigen Raupe. Um den genauen Preis f\u00fcr einen Reism\u00e4hdrescher zu erfahren, kontaktieren Sie uns direkt. Wir unterbreiten Ihnen dann ein detailliertes Angebot und informieren uns \u00fcber die verf\u00fcgbaren Modelle und ihre Funktionen.<\/p>    <h2 class=\"wp-block-heading\"><strong>Renommierter Hersteller und Lieferant von Mini-M\u00e4hdreschern<\/strong><\/h2>    <p>Wir sind ein renommierter Hersteller und Lieferant von Mini-Reism\u00e4hdreschern, der sich der Bereitstellung zuverl\u00e4ssiger landwirtschaftlicher L\u00f6sungen verschrieben hat. Unsere Produkte sind f\u00fcr ihre hohe Effizienz, Energieeffizienz und Langlebigkeit bekannt und wurden sorgf\u00e4ltig entwickelt, um den unterschiedlichsten landwirtschaftlichen Bedingungen gerecht zu werden. Dar\u00fcber hinaus konzentrieren wir uns auf die Qualit\u00e4t unserer Produkte und verwenden fortschrittliche Technologie und hochwertige Materialien, um eine \u00fcberragende Leistung und lange Lebensdauer unserer Maschinen zu gew\u00e4hrleisten.<\/p>    <figure class=\"wp-block-gallery aligncenter has-nested-images columns-default is-cropped wp-block-gallery-6 is-layout-flex wp-block-gallery-is-layout-flex\"> <figure class=\"wp-block-image size-large\"><img loading=\"lazy\" decoding=\"async\" width=\"720\" height=\"540\" data-id=\"6074\" src=\"https:\/\/taizyagromachine.com\/wp-content\/uploads\/2023\/12\/small-rice-combine-harvester-machine-manufacturer.webp\" alt=\"kleiner Hersteller von Reism\u00e4hdreschern\" class=\"wp-image-6074\"\/><figcaption class=\"wp-element-caption\">kleiner Hersteller von Reism\u00e4hdreschern<\/figcaption><\/figure>    <figure class=\"wp-block-image size-large\"><img loading=\"lazy\" decoding=\"async\" width=\"720\" height=\"540\" data-id=\"6073\" src=\"https:\/\/taizyagromachine.com\/wp-content\/uploads\/2023\/12\/mini-combine-harvester-for-wheat-rice-in-stock.webp\" alt=\"Mini-M\u00e4hdrescher f\u00fcr Weizenreis auf Lager\" class=\"wp-image-6073\"\/><figcaption class=\"wp-element-caption\">Mini-M\u00e4hdrescher f\u00fcr Weizenreis auf Lager<\/figcaption><\/figure> <\/figure>    <p>Au\u00dferdem bieten wir einen umfassenden After-Sales-Service an. Unser Service -Team besteht aus erfahrenen Technikern, die immer bereit sind, Sie zu unterst\u00fctzen und Probleme zu l\u00f6sen. Wir bieten regelm\u00e4\u00dfige Wartungsdienste an, um sicherzustellen, dass die Maschinen lange Zeit stabil laufen. F\u00fcr die Bed\u00fcrfnisse und Probleme der Kunden nehmen wir rechtzeitige Reaktion und L\u00f6sungen und verpflichten sich, Kunden die beste Erfahrung zu bieten.<\/p>    <h2 class=\"wp-block-heading\"><strong>Paket und Lieferung einer Reism\u00e4hdreschermaschine zum Verkauf<\/strong><\/h2>    <p>Nachdem der Kunde mit uns zusammengearbeitet hat, ergreifen wir eine Reihe von Initiativen, um sicherzustellen, dass der M\u00e4hdrescherharfer f\u00fcr Reis w\u00e4hrend des Transports sicher und unbesch\u00e4digt ist. Wir k\u00f6nnen die Maschine entweder in eine Holzkiste packen oder sie je nach den Bed\u00fcrfnissen des Kunden direkt versenden.<\/p>    <figure class=\"wp-block-gallery aligncenter has-nested-images columns-default is-cropped wp-block-gallery-7 is-layout-flex wp-block-gallery-is-layout-flex\"> <figure class=\"wp-block-image size-large\"><img loading=\"lazy\" decoding=\"async\" width=\"720\" height=\"540\" data-id=\"6072\" src=\"https:\/\/taizyagromachine.com\/wp-content\/uploads\/2023\/12\/wooden-package-of-mini-wheat-rice-combine-harvester.webp\" alt=\"Holzpaket mit Mini-Weizen-Reis-M\u00e4hdrescher\" class=\"wp-image-6072\"\/><figcaption class=\"wp-element-caption\">Holzpaket mit Mini-Weizen-Reis-M\u00e4hdrescher<\/figcaption><\/figure>    <figure class=\"wp-block-image size-large\"><img loading=\"lazy\" decoding=\"async\" width=\"720\" height=\"540\" data-id=\"6071\" src=\"https:\/\/taizyagromachine.com\/wp-content\/uploads\/2023\/12\/loading-combine-harvester-machine-to-the-truck.webp\" alt=\"Verladung der M\u00e4hdreschermaschine auf den LKW\" class=\"wp-image-6071\"\/><figcaption class=\"wp-element-caption\">Verladung der M\u00e4hdreschermaschine auf den LKW<\/figcaption><\/figure> <\/figure>    <p class=\"translation-block\"><strong>Verpackung in Holzkisten<\/strong>: Unser Team verpackt sorgf\u00e4ltig, um sicherzustellen, dass jedes wichtige Teil richtig gesch\u00fctzt ist. Bei Holzkisten verpackt unser Team sorgf\u00e4ltig und stellt sicher, dass jedes wichtige Teil richtig gesch\u00fctzt ist. Wir bringen klare Etiketten an und bereiten die notwendige Dokumentation f\u00fcr eine reibungslose Zollabfertigung vor.<\/p>    <p class=\"translation-block\"><strong>Lieferung<\/strong>: Die Transportart wird entsprechend den Kundenbed\u00fcrfnissen arrangiert, einschlie\u00dflich Land-, See- oder Luftfracht. Wir stellen Versandverfolgungsinformationen zur Verf\u00fcgung, um sicherzustellen, dass der Kunde \u00fcber den Standort und die Ankunftszeit der Maschine informiert ist.<\/p>    <p>Unser Ziel ist es, einen sicheren und effizienten Verpackungs- und Versandservice anzubieten, um sicherzustellen, dass unsere Kunden den hochwertigen Reism\u00e4hdrescher erhalten.<\/p>    <h2 class=\"wp-block-heading\"><strong>Tipps zur Auswahl eines Reism\u00e4hdreschers<\/strong><\/h2>   <div class=\"wp-block-image\"> <figure class=\"aligncenter size-full\"><img loading=\"lazy\" decoding=\"async\" width=\"720\" height=\"540\" src=\"https:\/\/taizyagromachine.com\/wp-content\/uploads\/2023\/12\/paddy-rice-fields.webp\" alt=\"Rohreisfelder\" class=\"wp-image-6075\"\/><figcaption class=\"wp-element-caption\">Rohreisfelder<\/figcaption><\/figure> <\/div>   <p>W\u00e4hlen Sie sorgf\u00e4ltig den richtigen Reism\u00e4hdrescher basierend auf den tats\u00e4chlichen Bedingungen und Bed\u00fcrfnissen auf dem Bauernhof aus. Sie sollten bei Ihrer Auswahl die Umgebung ber\u00fccksichtigen, in der der Reis angebaut wird, um sicherzustellen, dass der Reism\u00e4hdrescher unter verschiedenen Bedingungen gute Leistungen erbringt. Hier sind einige Vorschl\u00e4ge, die Sie basierend auf den unterschiedlichen Eigenschaften unserer Raupenketten ber\u00fccksichtigen sollten:<\/p>    <p>Wenn Ihre Felder \u00fcberwiegend trocken und nicht zu schlammig sind, kann der Typ \u201eDreiecksraupe\u201c eine gute Wahl sein, da er eine bessere Stabilit\u00e4t bietet.<\/p>    <p>In schlammigen oder stark schlammigen Gebieten eignet sich der Typ mit flacher Raupe besser, da er die Auswirkungen des Bodens auf den Boden und das Risiko f\u00fcr Ihre Maschine verringert.<\/p>    <h2 class=\"wp-block-heading\"><strong>Bestellvorgang der M\u00e4hdreschermaschine<\/strong><\/h2>    <ol class=\"wp-block-list\"> <li><strong>Kontaktieren Sie uns, um einen Preis anzufragen<\/strong>: Sie m\u00fcssen uns zun\u00e4chst kontaktieren, um uns Ihre Bed\u00fcrfnisse mitzuteilen. Wir werden Ihnen dann einen professionellen Manager zuweisen, der Ihnen detaillierte Informationen liefert.<\/li>    <li><strong>Lernen Sie die Maschine im Detail kennen<\/strong>: W\u00e4hrend Ihrer Gespr\u00e4che mit dem professionellen Manager werden Sie nach und nach mit der Reism\u00e4hmaschine vertrauter und gewinnen Einblick in Ihre Bed\u00fcrfnisse.<\/li>    <li><strong>Bestimmen Sie die Maschine<\/strong>: Auf der Grundlage des oben Gesagten k\u00f6nnen Sie uns ganz klar den von Ihnen gew\u00fcnschten Maschinentyp, die Maschinendetails usw. mitteilen.<\/li>    <li><strong>Unterschreiben Sie den Vertrag und zahlen Sie die Anzahlung<\/strong>: Nachdem wir uns entschieden haben, die Bestellung aufzugeben, unterzeichnen wir beide den Vertrag und Sie m\u00fcssen die Anzahlung leisten (normalerweise 30%).<\/li>    <li><strong>Maschinenfertigung<\/strong>: Nach Erhalt der Anzahlung beginnt unser Werk mit der Produktion der Maschine und wir halten Sie \u00fcber den Fortschritt der Maschinenproduktion auf dem Laufenden.<\/li>    <li><strong>Best\u00e4tigung der Fertigstellung der Maschine und Abschlusszahlung<\/strong>: Wenn Sie den Mini-Reism\u00e4hdrescher fertigstellen, erhalten Sie von uns Fotos und eine Videobest\u00e4tigung. Sie m\u00fcssen den Restbetrag bezahlen und die Maschine dann f\u00fcr die Lieferung verpacken.<\/li>    <li><strong>Paket und Versand<\/strong>: Die Maschinen werden in der Regel verpackt und auf dem Seeweg an Ihren Bestimmungsort verschifft (in Sonderf\u00e4llen kann dies zwischen den beiden Parteien abgestimmt werden).<\/li> <\/ol>","protected":false},"excerpt":{"rendered":"<p>This rice combine harvester (also called wheat combine harvester, small combine harvester )is multifunctional agricultural equipment that not only efficiently harvests crops such as rice and wheat, but also has a threshing function that separates the seeds from the husk using an inbuilt thresher. This machine improves agricultural productivity due to its flexible adjustability that [&hellip;]<\/p>\n","protected":false},"author":1,"featured_media":6062,"parent":0,"template":"","tags":[218,219],"product-type":[20],"class_list":["post-6061","product","type-product","status-publish","has-post-thumbnail","hentry","tag-rice","tag-wheat","product-type-rice-and-wheat-machine"],"_links":{"self":[{"href":"https:\/\/taizyagromachine.com\/de\/wp-json\/wp\/v2\/product\/6061","targetHints":{"allow":["GET"]}}],"collection":[{"href":"https:\/\/taizyagromachine.com\/de\/wp-json\/wp\/v2\/product"}],"about":[{"href":"https:\/\/taizyagromachine.com\/de\/wp-json\/wp\/v2\/types\/product"}],"author":[{"embeddable":true,"href":"https:\/\/taizyagromachine.com\/de\/wp-json\/wp\/v2\/users\/1"}],"wp:featuredmedia":[{"embeddable":true,"href":"https:\/\/taizyagromachine.com\/de\/wp-json\/wp\/v2\/media\/6062"}],"wp:attachment":[{"href":"https:\/\/taizyagromachine.com\/de\/wp-json\/wp\/v2\/media?parent=6061"}],"wp:term":[{"taxonomy":"post_tag","embeddable":true,"href":"https:\/\/taizyagromachine.com\/de\/wp-json\/wp\/v2\/tags?post=6061"},{"taxonomy":"product-type","embeddable":true,"href":"https:\/\/taizyagromachine.com\/de\/wp-json\/wp\/v2\/product-type?post=6061"}],"curies":[{"name":"wp","href":"https:\/\/api.w.org\/{rel}","templated":true}]}}