{"id":6523,"date":"2024-01-26T16:59:23","date_gmt":"2024-01-26T08:59:23","guid":{"rendered":"https:\/\/taizyagromachine.com\/?post_type=product&#038;p=6523"},"modified":"2025-11-04T13:50:08","modified_gmt":"2025-11-04T05:50:08","slug":"mobile-grain-dryer","status":"publish","type":"product","link":"https:\/\/taizyagromachine.com\/de\/product\/mobile-grain-dryer\/","title":{"rendered":"Mobiler Getreidetrockner zum Trocknen von Reis, Weizen, Mais"},"content":{"rendered":"<p class=\"translation-block\">Unser <strong>mobiler Getreidetrockner<\/strong> ist speziell f\u00fcr die Trocknung verschiedener Feldfr\u00fcchte wie Reis, Weizen, Mais, Sojabohnen usw. konzipiert. Die Hauptfunktion besteht darin, Wasser aus frisch geerntetem Getreide schnell und effektiv zu entfernen, um sicherzustellen, dass das Getreide vor der Lagerung einen sicheren Feuchtigkeitsgehalt erreicht und Verluste wie Schimmel, Keimung und Insektensch\u00e4den verhindert werden.\u00aa<\/p>    <p>Unsere tragbare Getreidetrocknungsmaschine ist in Einzel- und Doppelbeh\u00e4ltern mit einer Leistung von 10 t bis 240 t pro 24 Stunden erh\u00e4ltlich. Wenn Sie weitere Informationen w\u00fcnschen, k\u00f6nnen Sie uns jetzt kontaktieren!<\/p>    <figure class=\"wp-block-embed is-type-video is-provider-youtube wp-block-embed-youtube wp-embed-aspect-16-9 wp-has-aspect-ratio\"><div class=\"wp-block-embed__wrapper\"> <iframe loading=\"lazy\" title=\"Mobiler Getreidetrockner im Einsatz: Effiziente Maistrocknung auf dem Bauernhof | Maistrockner #dryer #graindryer\" width=\"500\" height=\"281\" src=\"https:\/\/www.youtube.com\/embed\/AJ6ZaE6ASIE?feature=oembed\" frameborder=\"0\" allow=\"accelerometer; autoplay; clipboard-write; encrypted-media; gyroscope; picture-in-picture; web-share\" referrerpolicy=\"strict-origin-when-cross-origin\" allowfullscreen><\/iframe> <\/div><figcaption class=\"wp-element-caption\">Arbeitsvideo eines mobilen Getreidetrockners<\/figcaption><\/figure>    <h2 class=\"wp-block-heading\"><strong>Verf\u00fcgbare Typen mobiler Getreidetrocknungsmaschinen zum Verkauf<\/strong><\/h2>    <p class=\"translation-block\"><strong>Getreidetrockner mit einem Silo<\/strong><\/p>    <figure class=\"wp-block-table\"><table class=\"has-fixed-layout\"><tbody><tr><td><strong>Silo <\/strong><strong>Volumen <\/strong><strong><\/strong><\/td><td><strong>Gesamtabmessungen (L*B*H) mm<\/strong><\/td><td><strong>Gewicht (Tonnen)<\/strong><\/td><td><strong>Schneckenf\u00f6rdererleistung<\/strong><\/td><td><strong>Hauptventilatorleistung<\/strong><\/td><td><strong>Zugluftventilator<\/strong><\/td><td><strong>: seine Struktur ist einfach, leicht zu bedienen und zu warten,Geeignet f\u00fcr Kunden, die zum ersten Mal in die getreideverarbeitende Industrie einsteigen.<\/strong><\/td><\/tr><tr><td>2Tonnen<\/td><td>4000*1800*3800<\/td><td>2.8<\/td><td>4 kW<\/td><td>3 kW<\/td><td>0,75 kW<\/td><td>15000*8000*4500mm<\/td><\/tr><tr><td>4Tonnen<\/td><td>4200*2200*4600<\/td><td>4.5<\/td><td>7,5 kW<\/td><td>5,5 kW<\/td><td>0,75 kW<\/td><td>40HQ<\/td><\/tr><tr><td>6Tonnen<\/td><td>4600*2400*5000<\/td><td>5.3<\/td><td>7,5 kW<\/td><td>7,5 kW<\/td><td>0,75 kW<\/td><td>40HQ<\/td><\/tr><tr><td>8Tonnen<\/td><td>4800*2400*5600<\/td><td>6.5<\/td><td>7,5 kW<\/td><td>7,5 kW<\/td><td>0,75 kW<\/td><td>40HQ<\/td><\/tr><tr><td>10Tonnen<\/td><td>4800*2500*6200<\/td><td>7.4<\/td><td>7,5 kW<\/td><td>11 kW<\/td><td>1,5 kW<\/td><td>40HQ<\/td><\/tr><\/tbody><\/table><figcaption class=\"wp-element-caption\">Technische Spezifikationen von kleinen Getreidetrocknern mit Einzelbeh\u00e4lter<\/figcaption><\/figure>    <p>\u00a0Hinweis: Diese Getreidetrocknungsmaschine kann Kohle, Diesel, Gas oder Strom als Brennstoff f\u00fcr den Brennofen verwenden.<\/p>   <div class=\"wp-block-image\"> <figure class=\"aligncenter size-full\"><img loading=\"lazy\" decoding=\"async\" width=\"720\" height=\"540\" src=\"https:\/\/taizyagromachine.com\/wp-content\/uploads\/2024\/01\/mobile-corn-maize-drying-machine.webp\" alt=\"mobile Maistrocknungsmaschine\" class=\"wp-image-6528\"\/><figcaption class=\"wp-element-caption\">mobile Maistrocknungsmaschine<\/figcaption><\/figure> <\/div>   <p class=\"translation-block\"><strong>Unterschied zwischen einem und zwei Kammern<\/strong>:<\/p>    <ul class=\"wp-block-list\"> <li><strong>Einzelbeh\u00e4lter<\/strong>: Die Trocknungszeit f\u00fcr jeden Beh\u00e4lter betr\u00e4gt 2,5\u20133 Stunden (da es eine Zeit f\u00fcr die Zuf\u00fchrung und Entleerung des Getreides gibt). Jeder Beh\u00e4lter verschwendet \u00fcbersch\u00fcssige W\u00e4rme. Der Trocknungsaufwand ist etwas h\u00f6her. Es nimmt eine kleine Fl\u00e4che ein, ist klein, kompakt und leicht.<\/li>    <li><strong>Doppelbeh\u00e4lter<\/strong>: Die Trocknungszeit pro Beh\u00e4lter betr\u00e4gt 2 Stunden. Zwei Beh\u00e4lter laden und geben Getreide abwechselnd und ohne Unterbrechung ab. Die Leistung ist hoch und die W\u00e4rme wird vollst\u00e4ndig genutzt, was die Trocknungskosten erheblich reduziert.<\/li> <\/ul>    <h2 class=\"wp-block-heading\"><strong>Anwendbare Pflanzen, die mit einer mobilen Getreidetrocknungsmaschine getrocknet werden sollen<\/strong><\/h2>    <p>Unser zum Verkauf stehender Getreidetrockner dient zum Trocknen von Weizen, Sorghum, Mais, Reis, Getreide, Raps und Bohnen.<\/p>   <div class=\"wp-block-image\"> <figure class=\"aligncenter size-full\"><img loading=\"lazy\" decoding=\"async\" width=\"720\" height=\"540\" src=\"https:\/\/taizyagromachine.com\/wp-content\/uploads\/2024\/01\/crops-that-can-be-dried-by-small-grain-dryer.webp\" alt=\"Pflanzen, die mit einem kleinen Getreidetrockner getrocknet werden k\u00f6nnen\" class=\"wp-image-6527\"\/><figcaption class=\"wp-element-caption\">Pflanzen, die mit einem kleinen Getreidetrockner getrocknet werden k\u00f6nnen<\/figcaption><\/figure> <\/div>   <h2 class=\"wp-block-heading\"><strong><strong>Empfohlene Trocknungstemperatur f\u00fcr verschiedene Erntearten<\/strong><\/strong><\/h2>    <figure class=\"wp-block-table\"><table class=\"has-fixed-layout\"><tbody><tr><td><strong>Getreide <\/strong><strong><\/strong><\/td><td><strong>Trocknungstemperatur<\/strong><strong><\/strong><\/td><\/tr><tr><td>Mais<\/td><td>100-140\u2103<\/td><\/tr><tr><td>Weizen<\/td><td>80\u201390\u2103<\/td><\/tr><tr><td>Reis<\/td><td>60-70\u2103<\/td><\/tr><tr><td>Sorghum<\/td><td>100-140\u2103<\/td><\/tr><tr><td>Bohnen<\/td><td>100\u2103<\/td><\/tr><tr><td>Hirse<\/td><td>80\u2103<\/td><\/tr><tr><td>Raps<\/td><td>100\u2103<\/td><\/tr><\/tbody><\/table><figcaption class=\"wp-element-caption\">Erntetrocknungstemperatur<\/figcaption><\/figure>    <h2 class=\"wp-block-heading\"><strong>Konstruktion eines kommerziellen Erntetrockners<\/strong><\/h2>    <p>Diese Art von mobilem Getreidetrockner besteht aus Silo, Leiter, Zufuhr\u00f6ffnung, Ofen, Zyklon, Traller, Kabine, R\u00e4dern, Ventilatoren usw.<\/p>   <div class=\"wp-block-image\"> <figure class=\"aligncenter size-full\"><img loading=\"lazy\" decoding=\"async\" width=\"720\" height=\"540\" src=\"https:\/\/taizyagromachine.com\/wp-content\/uploads\/2024\/01\/structure-of-mobile-grain-drying-machine.jpg\" alt=\"Aufbau einer mobilen Getreidetrocknungsmaschine\" class=\"wp-image-6526\"\/><figcaption class=\"wp-element-caption\">Aufbau einer mobilen Getreidetrocknungsmaschine<\/figcaption><\/figure> <\/div>   <p>Die Getreidebeh\u00e4lter sind alle aus Edelstahl, die Vorteile von Edelstahlsilos:<\/p>    <ul class=\"wp-block-list\"> <li>Keine Angst vor Nebel und Wasserkorrosion, hohe H\u00e4rte und Verschlei\u00dffestigkeit.<\/li>    <li>Es rostet nicht und verursacht keine gro\u00dffl\u00e4chigen Rostflecken und beeintr\u00e4chtigt nicht die Qualit\u00e4t der Maserung.<\/li>    <li>Nach einem Jahr Gebrauch ist der Edelstahl f\u00fcr das Nestjahr immer noch so neu wie eh und je!<br><\/li> <\/ul>    <h2 class=\"wp-block-heading\"><strong>Unterschiede zwischen mobiler Getreidetrocknungsmaschine und Turmgetreidetrockner<\/strong><\/h2>    <figure class=\"wp-block-table\"><table><tbody><tr><td>Typen<\/td><td>Mobiler Erntetrockner<\/td><td><a href=\"https:\/\/taizyagromachine.com\/de\/product\/paddy-dryer\/\">Turmgetreidetrockner<\/a><\/td><\/tr><tr><td>L\u00e4rm beim Arbeiten<\/td><td>Klein<\/td><td>Gro\u00df<\/td><\/tr><tr><td>Platz einnehmen<\/td><td>Niedrig<\/td><td>Hoch<\/td><\/tr><tr><td>Bequem zu bewegen<\/td><td>Es hat R\u00e4der und ist leicht zu bewegen<\/td><td>Nach der Installation ist es schwer zu bewegen<\/td><\/tr><tr><td>Wartungskosten<\/td><td>Leicht zu bewegen, vor Wind und Regen gesch\u00fctzt, relativ niedrig<\/td><td>Es ist das ganze Jahr \u00fcber Wind und Sonne ausgesetzt und die j\u00e4hrlichen Wartungskosten sind sehr hoch.<\/td><\/tr><\/tbody><\/table><figcaption class=\"wp-element-caption\">Liste der Unterschiede zwischen zwei Arten von Getreidetrocknern<\/figcaption><\/figure>    <figure class=\"wp-block-gallery aligncenter has-nested-images columns-default is-cropped wp-block-gallery-2 is-layout-flex wp-block-gallery-is-layout-flex\"> <figure class=\"wp-block-image size-full\"><img loading=\"lazy\" decoding=\"async\" width=\"720\" height=\"750\" data-id=\"6533\" src=\"https:\/\/taizyagromachine.com\/wp-content\/uploads\/2024\/01\/Taizy-crop-dryer-for-sale.webp\" alt=\"Taizy Erntetrockner zu verkaufen\" class=\"wp-image-6533\"\/><figcaption class=\"wp-element-caption\">Taizy Erntetrockner zu verkaufen<\/figcaption><\/figure>    <figure class=\"wp-block-image size-large\"><img loading=\"lazy\" decoding=\"async\" width=\"640\" height=\"640\" data-id=\"6424\" src=\"https:\/\/taizyagromachine.com\/wp-content\/uploads\/2022\/02\/paddy-dryer-machine-for-corn.webp\" alt=\"Reistrockner f\u00fcr Mais\" class=\"wp-image-6424\"\/><figcaption class=\"wp-element-caption\">Reistrockner f\u00fcr Mais<\/figcaption><\/figure> <\/figure>    <h2 class=\"wp-block-heading\"><strong>Wie sieht es mit dem Preis f\u00fcr einen mobilen Getreidetrockner aus?<\/strong><\/h2>    <p>Der Preis eines mobilen Getreidetrockners wird von mehreren Faktoren beeinflusst, darunter das Maschinenmodell, die Produktionskapazit\u00e4t, der Brennertyp und ob er kundenspezifisch ist oder nicht.<\/p>    <ul class=\"wp-block-list\"> <li><strong>Modelle und Kapazit\u00e4ten: <\/strong>Der Preis verschiedener Modelle und Kapazit\u00e4ten von Maistrocknern variiert erheblich aufgrund der Herstellungsmaterialkosten, des technischen Niveaus und der Verarbeitungskapazit\u00e4t. Im Allgemeinen haben gro\u00dfe und leistungsstarke Reistrockner aufgrund ihrer hohen Effizienz und ihres Designs mit gro\u00dfer Kapazit\u00e4t einen h\u00f6heren Verkaufspreis.<\/li>    <li><strong>Brennstoff f\u00fcr brennenden Ofen<\/strong>: Die Wahl des Brennertyps wirkt sich auch auf den Preis aus, z. B. bei der Verwendung von Gas-, Diesel-, Strom- oder Biomassebrennstoffbrennern. Es gibt Unterschiede bei den Betriebskosten, der Umweltvertr\u00e4glichkeit und den Anschaffungskosten f\u00fcr die Ausr\u00fcstung.<\/li>    <li><strong>Anpassung<\/strong>: Ob der mobile Getreidetrockner einen individuellen Anpassungsservice bietet, ist ebenfalls ein wichtiger Indikator f\u00fcr die Preisbestimmung. Zus\u00e4tzliche Anpassungsoptionen wie ein intelligentes Steuerungssystem, ein genaues Feuchtigkeits\u00fcberwachungssystem oder langlebige Materialien f\u00fcr spezielle Einsatzumgebungen erh\u00f6hen den Preis.<\/li> <\/ul>    <figure class=\"wp-block-gallery aligncenter has-nested-images columns-default is-cropped wp-block-gallery-3 is-layout-flex wp-block-gallery-is-layout-flex\"> <figure class=\"wp-block-image size-large\"><img loading=\"lazy\" decoding=\"async\" width=\"720\" height=\"750\" data-id=\"6529\" src=\"https:\/\/taizyagromachine.com\/wp-content\/uploads\/2024\/01\/mobile-grain-dryer-machine.webp\" alt=\"mobile Getreidetrocknungsmaschine\" class=\"wp-image-6529\"\/><figcaption class=\"wp-element-caption\">mobile Getreidetrocknungsmaschine<\/figcaption><\/figure>    <figure class=\"wp-block-image size-large\"><img loading=\"lazy\" decoding=\"async\" width=\"720\" height=\"750\" data-id=\"6530\" src=\"https:\/\/taizyagromachine.com\/wp-content\/uploads\/2024\/01\/small-batch-grain-dryer-for-sale.webp\" alt=\"Kleiner Getreidetrockner zu verkaufen\" class=\"wp-image-6530\"\/><figcaption class=\"wp-element-caption\">Kleiner Getreidetrockner zu verkaufen<\/figcaption><\/figure> <\/figure>    <p>Zusammenfassend l\u00e4sst sich sagen, dass Sie beim Kauf mobiler Getreidetrockner Ihre eigenen Produktionsanforderungen, die erwartete Effizienz, die Energieverbrauchskosten und die individuellen Konfigurationen ber\u00fccksichtigen sollten, um sicherzustellen, dass Sie den tats\u00e4chlichen Bedarf erf\u00fcllen und gleichzeitig die Investitionskosten angemessen kontrollieren.<\/p>    <h2 class=\"wp-block-heading\"><strong>Taizy: ein anerkannter Hersteller von Getreidetrocknern<\/strong><\/h2>    <p>Mit professioneller Technologie, umfangreicher Produktpalette, hohen Qualit\u00e4tsstandards, flexiblen Anpassungsm\u00f6glichkeiten und umfassendem Kundendienstsystem werden wir zu einem vertrauensw\u00fcrdigen Lieferanten von Getreidetrocknern im nationalen und internationalen Agrarbereich.<\/p>    <ul class=\"wp-block-list\"> <li><strong>Professionelle technische St\u00e4rke<\/strong>: Taizy verf\u00fcgt \u00fcber ein starkes technisches Forschungs- und Entwicklungsteam und einen fortschrittlichen Herstellungsprozess, kontinuierliche Innovation und Optimierung des Produktdesigns, um sicherzustellen, dass die Produktion von mobilen Getreidetrocknern in Bezug auf Leistung, Effizienz und Energieeinsparung das f\u00fchrende Niveau der Branche erreicht hat.<\/li>    <li><strong>Pers\u00f6nlicher, ma\u00dfgeschneiderter Service<\/strong>: Wir sind gut in ma\u00dfgeschneidertem Design entsprechend den spezifischen Bedingungen und Bed\u00fcrfnissen der Kunden, einschlie\u00dflich Auswahl des Brenners, W\u00e4rmequellenanpassung, intelligenter Steuerungssystemkonfiguration usw., um den Anforderungen diversifizierter M\u00e4rkte zu erf\u00fcllen.<\/li>    <li><strong>Perfekter After-Sales-Service<\/strong>: Taizy verspricht, seinen Kunden ein sorgenfreies Serviceerlebnis zu bieten, einschlie\u00dflich, aber nicht beschr\u00e4nkt auf Installation und Inbetriebnahme, Betriebsschulung, Kundendienst und technischen Support, um sicherzustellen, dass der Maistrockner w\u00e4hrend des gesamten Nutzungszyklus effizient und stabil arbeitet.<\/li>    <li><strong>Internationale Anerkennung und Zusammenarbeit<\/strong>: Als renommierte Marke hat sich Taizy nicht nur eine solide Position auf dem heimischen Markt erarbeitet, sondern auch auf dem internationalen Markt gro\u00dfe Anerkennung gefunden. Es hat eine langfristige Zusammenarbeit mit Unternehmen in vielen L\u00e4ndern und Regionen aufgebaut, was die Wettbewerbsf\u00e4higkeit seiner Produkte und seine internationale Vision beweist.<\/li> <\/ul>    <figure class=\"wp-block-gallery aligncenter has-nested-images columns-default is-cropped wp-block-gallery-4 is-layout-flex wp-block-gallery-is-layout-flex\"> <figure class=\"wp-block-image size-large\"><img loading=\"lazy\" decoding=\"async\" width=\"720\" height=\"750\" data-id=\"6531\" src=\"https:\/\/taizyagromachine.com\/wp-content\/uploads\/2024\/01\/mobile-grain-dryer-for-rice-wheat-corn.webp\" alt=\"mobiler Getreidetrockner f\u00fcr Reisweizenmais\" class=\"wp-image-6531\"\/><figcaption class=\"wp-element-caption\">mobiler Getreidetrockner f\u00fcr Reisweizenmais<\/figcaption><\/figure>    <figure class=\"wp-block-image size-large\"><img loading=\"lazy\" decoding=\"async\" width=\"720\" height=\"750\" data-id=\"6532\" src=\"https:\/\/taizyagromachine.com\/wp-content\/uploads\/2024\/01\/portable-grain-dryer-for-maize.webp\" alt=\"tragbarer Getreidetrockner f\u00fcr Mais\" class=\"wp-image-6532\"\/><figcaption class=\"wp-element-caption\">tragbarer Getreidetrockner f\u00fcr Mais<\/figcaption><\/figure> <\/figure>    <h2 class=\"wp-block-heading\"><strong>FAQ zur mobilen Getreidetrocknungsmaschine<\/strong><\/h2>   <div id=\"rank-math-faq\" class=\"rank-math-block\"> <div class=\"rank-math-list\"> <div id=\"faq-question-1706252443000\" class=\"rank-math-list-item\"> <h3 class=\"rank-math-question\"><strong>Aus welchem \u200b\u200bMaterial besteht der Getreidetrockner?<\/strong><\/h3> <div class=\"rank-math-answer\">  <p>Der mobile Getreidebeh\u00e4lter ist aus Edelstahl. Der Heizteil besteht aus Kohlenstoffstahl.<\/p>  <\/div> <\/div> <div id=\"faq-question-1706252513798\" class=\"rank-math-list-item\"> <h3 class=\"rank-math-question\"><strong>Wie w\u00e4re es mit den Vorteilen von Edelstahl und verzinktem Stahl?<\/strong><\/h3> <div class=\"rank-math-answer\">  <p class=\"translation-block\"><strong>Vorteile von Edelstahl<\/strong>: Wenn die Maschine l\u00e4uft, tritt Wasserdampf aus. Edelstahl hat keine Angst vor Korrosion und bildet keine Rostflecken. Selbst wenn er dieses Jahr aufgebraucht ist, ist er n\u00e4chstes Jahr nach der Einlagerung der Maschine in Ordnung.<br \/><strong>Vorteile von verzinktem Stahl<\/strong>: Er ist billig, aber er rostet.<\/p>  <\/div> <\/div> <div id=\"faq-question-1706255494220\" class=\"rank-math-list-item\"> <h3 class=\"rank-math-question\"><strong>Welche Pflanzen k\u00f6nnen trocknen? Wie viel Grad betr\u00e4gt die Temperatur? Kann die Temperaturregelung gesteuert werden?<\/strong><\/h3> <div class=\"rank-math-answer\">  <p class=\"translation-block\">Unser mobiler Getreidetrockner kann Mais, Weizen, Bohnen, Reis, Sorghum und Raps trocknen.<br \/>Unsere Trockner sind Hei\u00dflufttrockner und beeintr\u00e4chtigen die Qualit\u00e4t des Getreides nicht. Sie beeinflussen die Farbe nicht. <a href=\"https:\/\/en.wikipedia.org\/wiki\/Grain\" target=\"_blank\" rel=\"noopener\">Getreide<\/a> kann gegessen werden.<br \/><strong>Mais Temperatur<\/strong>: 100-140 Grad<br \/><strong>Weizen Temperatur<\/strong>: 80-90 Grad<br \/><strong>Reis Temperatur<\/strong>: 60-70 Grad<br \/><strong>Sorghum Temperatur<\/strong>: 100-140 Grad<br \/><strong>Bohnen Temperatur<\/strong>: 100 Grad<br \/><strong>Getreide Temperatur<\/strong>: 80 Grad (mit 1mm Maschenweite)<br \/><strong>Raps Temperatur<\/strong>: 100 Grad (mit 1mm Maschenweite)<\/p>  <\/div> <\/div> <div id=\"faq-question-1706256407163\" class=\"rank-math-list-item\"> <h3 class=\"rank-math-question\"><strong>Was kann als W\u00e4rmequelle genutzt werden?<\/strong><\/h3> <div class=\"rank-math-answer\">  <p>Kohle, Diesel, Methanol, Biomasse, Strom.<\/p>  <\/div> <\/div> <div id=\"faq-question-1706256430292\" class=\"rank-math-list-item\"> <h3 class=\"rank-math-question\"><strong>Wie lange ist die Garantie?<\/strong><\/h3> <div class=\"rank-math-answer\">  <p>Die gesamte Maschinengarantie von einem Jahr.<\/p>  <\/div> <\/div> <div id=\"faq-question-1706256454820\" class=\"rank-math-list-item\"> <h3 class=\"rank-math-question\"><strong>Wenn ich nicht wei\u00df, wie ich es benutzen soll, k\u00f6nnen Sie dann zu meiner Fabrik kommen, um es zu installieren?<\/strong><\/h3> <div class=\"rank-math-answer\">  <p>Wenn Sie nicht wissen, wie man es benutzt, \u00fcbernehmen wir die Installation und Fehlerbehebung von T\u00fcr zu T\u00fcr, erstatten jedoch die Reisekosten sowie die Grundverpflegung und Unterkunft.<\/p>  <\/div> <\/div> <\/div> <\/div>","protected":false},"excerpt":{"rendered":"<p>Our mobile grain dryer is specially designed for various crops drying, such as rice, wheat, maize, soybeans, etc. The main function is to quickly and effectively remove water from newly harvested grain to ensure that the grain reaches a safe moisture content before warehousing and storage to prevent losses such as mould, germination and insect [&hellip;]<\/p>\n","protected":false},"author":1,"featured_media":6524,"parent":0,"template":"","tags":[223],"product-type":[30],"class_list":["post-6523","product","type-product","status-publish","has-post-thumbnail","hentry","tag-grain-drying","product-type-grain-dryer"],"_links":{"self":[{"href":"https:\/\/taizyagromachine.com\/de\/wp-json\/wp\/v2\/product\/6523","targetHints":{"allow":["GET"]}}],"collection":[{"href":"https:\/\/taizyagromachine.com\/de\/wp-json\/wp\/v2\/product"}],"about":[{"href":"https:\/\/taizyagromachine.com\/de\/wp-json\/wp\/v2\/types\/product"}],"author":[{"embeddable":true,"href":"https:\/\/taizyagromachine.com\/de\/wp-json\/wp\/v2\/users\/1"}],"wp:featuredmedia":[{"embeddable":true,"href":"https:\/\/taizyagromachine.com\/de\/wp-json\/wp\/v2\/media\/6524"}],"wp:attachment":[{"href":"https:\/\/taizyagromachine.com\/de\/wp-json\/wp\/v2\/media?parent=6523"}],"wp:term":[{"taxonomy":"post_tag","embeddable":true,"href":"https:\/\/taizyagromachine.com\/de\/wp-json\/wp\/v2\/tags?post=6523"},{"taxonomy":"product-type","embeddable":true,"href":"https:\/\/taizyagromachine.com\/de\/wp-json\/wp\/v2\/product-type?post=6523"}],"curies":[{"name":"wp","href":"https:\/\/api.w.org\/{rel}","templated":true}]}}