{"id":6542,"date":"2024-02-02T17:56:48","date_gmt":"2024-02-02T09:56:48","guid":{"rendered":"https:\/\/taizyagromachine.com\/?post_type=product&#038;p=6542"},"modified":"2025-01-08T10:31:10","modified_gmt":"2025-01-08T02:31:10","slug":"silage-spreader-feed-spreader-mixer","status":"publish","type":"product","link":"https:\/\/taizyagromachine.com\/de\/product\/silage-spreader-feed-spreader-mixer\/","title":{"rendered":"Silagestreuer zum Mischen von Futter f\u00fcr K\u00fche, Rinder, Schafe"},"content":{"rendered":"<p class=\"translation-block\">Unser <strong>Silagespreader<\/strong> wirft die fertigen Mischfuttermittel direkt in den Futterbereich, um die F\u00fctterung auf einmal abzuschlie\u00dfen, angetrieben vom Dreirad. Unser Silage-F\u00fctterungsmischer-Streuer hat eine \u00fcbliche Kapazit\u00e4t von 3 cbm und 5 cbm mit Misch- und Streufunktionen.<\/p>    <p class=\"translation-block\">Dieser Silage-Futterstreuer wird h\u00e4ufig in landwirtschaftlichen und tierz\u00fcchterischen Gebieten, gro\u00dfen und mittleren Futterbetrieben eingesetzt und reguliert die F\u00fctterungsbetriebe gemeinschaftlicher Futterbetriebe. Eine Vielzahl von <strong>Grasland, Pflanzenstroh, Silage<\/strong> und anderen <strong>faserigen Futtermitteln<\/strong> kann gemischt und ger\u00fchrt werden, und dann wird dieser Dreirad-Futterstreuer f\u00fcr F\u00fctterungsbetriebe verwendet.<\/p>    <p>Wir haben zwei Typen: vertikale und horizontale Futtermischmaschinen, die beide mit Diesel- und Elektromotoren betrieben werden k\u00f6nnen. Bei Interesse kommen Sie vorbei und kontaktieren Sie uns f\u00fcr weitere Maschinendetails!<\/p>    <figure class=\"wp-block-embed is-type-video is-provider-youtube wp-block-embed-youtube wp-embed-aspect-16-9 wp-has-aspect-ratio\"><div class=\"wp-block-embed__wrapper\"> <iframe loading=\"lazy\" title=\"F\u00fctterungseffizienz enth\u00fcllt: Ein Tag im Leben eines landwirtschaftlichen Streuer-LKW #silage #streuer\" width=\"500\" height=\"281\" src=\"https:\/\/www.youtube.com\/embed\/wXCLrlhUAWk?feature=oembed\" frameborder=\"0\" allow=\"accelerometer; autoplay; clipboard-write; encrypted-media; gyroscope; picture-in-picture; web-share\" referrerpolicy=\"strict-origin-when-cross-origin\" allowfullscreen><\/iframe> <\/div><figcaption class=\"wp-element-caption\">Arbeitsvideo der landwirtschaftlichen Streumischermaschine<\/figcaption><\/figure>    <h2 class=\"wp-block-heading\"><strong>Arten von Silagefutterverteiler-Mischmaschinen zum Verkauf<\/strong><\/h2>    <p class=\"translation-block\"><strong>Modelle von landwirtschaftlichen Streumaschinen nach Maschinenform<\/strong><\/p>    <p>Je nach Form der Maschine kann sie in vertikal und horizontal unterteilt werden, nur die Form der Au\u00dfenseite ist unterschiedlich und die Funktion ist dieselbe. Die Form des Silagestreuers ist wie folgt: <\/p>    <figure class=\"wp-block-gallery aligncenter has-nested-images columns-default is-cropped wp-block-gallery-2 is-layout-flex wp-block-gallery-is-layout-flex\"> <figure class=\"wp-block-image size-large\"><img loading=\"lazy\" decoding=\"async\" width=\"720\" height=\"540\" data-id=\"6545\" src=\"https:\/\/taizyagromachine.com\/wp-content\/uploads\/2024\/02\/vertical-feed-spreader-mixer.webp\" alt=\"vertikaler Futterverteilermischer\" class=\"wp-image-6545\"\/><figcaption class=\"wp-element-caption\">vertikaler Futterverteilermischer<\/figcaption><\/figure>    <figure class=\"wp-block-image size-large\"><img loading=\"lazy\" decoding=\"async\" width=\"720\" height=\"540\" data-id=\"6544\" src=\"https:\/\/taizyagromachine.com\/wp-content\/uploads\/2024\/02\/horizontal-feeding-mixer-spreading-machine.webp\" alt=\"horizontale Futtermischer-Ausbreitmaschine\" class=\"wp-image-6544\"\/><figcaption class=\"wp-element-caption\">horizontale Futtermischer-Ausbreitmaschine<\/figcaption><\/figure> <\/figure>    <p class=\"translation-block\"><strong>Modelle von Rinder- und Schaf-Futterstreuern nach Maschinenmotor<\/strong><\/p>    <p>Abh\u00e4ngig von der Leistung, mit der die automatische Silagestreumaschine ausgestattet werden kann, haben wir ein Dieselmodell und ein Modell mit Elektromotor.<\/p>    <div class=\"wp-block-columns is-layout-flex wp-container-core-columns-is-layout-9d6595d7 wp-block-columns-is-layout-flex\"> <div class=\"wp-block-column is-layout-flow wp-block-column-is-layout-flow\"> <figure class=\"wp-block-image size-full\"><img loading=\"lazy\" decoding=\"async\" width=\"720\" height=\"540\" src=\"https:\/\/taizyagromachine.com\/wp-content\/uploads\/2024\/02\/diesel-engined-silage-spreader-mixer-machine.webp\" alt=\"Silagestreuer-Mischmaschine mit Dieselmotor\" class=\"wp-image-6546\"\/><figcaption class=\"wp-element-caption\">Silagestreuer-Mischmaschine mit Dieselmotor<\/figcaption><\/figure> <\/div>    <div class=\"wp-block-column is-vertically-aligned-center is-layout-flow wp-block-column-is-layout-flow\"> <p class=\"has-text-align-center translation-block\"><strong>Diesel-betriebener Dreirad-Rinderfutterverteiler<\/strong><\/p>    <p>Dieses Silagestreuger\u00e4t kann sowohl Misch- als auch Streufunktionen haben, und es ist sehr praktisch, ein Dreirad zu fahren, um Materialien direkt auf dem Bauernhof zu verteilen.<\/p>    <p>Der Dreirad-Futterstreuer hat 3 Kubikmeter und 5 Kubikmeter. Wenn Sie sich f\u00fcr das Dieselmodell entscheiden, sind wir in der Regel mit 5 Kubikmetern ausgestattet.<\/p> <\/div> <\/div>    <div class=\"wp-block-columns is-layout-flex wp-container-core-columns-is-layout-9d6595d7 wp-block-columns-is-layout-flex\"> <div class=\"wp-block-column is-vertically-aligned-center is-layout-flow wp-block-column-is-layout-flow\"> <p class=\"has-text-align-center translation-block\"><strong>Spezielle elektrische Dreirad-Futterstreuer f\u00fcr die Landwirtschaft<\/strong><\/p>    <p>Dieser Silofutterverteiler kann nur eine Streufunktion haben und wird normalerweise mit einem Fassungsverm\u00f6gen von 3 Kubikmetern gew\u00e4hlt.<\/p>    <p>Aufgrund der reinen Streufunktion wird es meist in Kombination mit einem Futtermixer verwendet.<\/p> <\/div>    <div class=\"wp-block-column is-layout-flow wp-block-column-is-layout-flow\"> <figure class=\"wp-block-image size-full\"><img loading=\"lazy\" decoding=\"async\" width=\"720\" height=\"540\" src=\"https:\/\/taizyagromachine.com\/wp-content\/uploads\/2024\/02\/electric-silage-spreader-for-sale.webp\" alt=\"Elektrischer Silagestreuer zu verkaufen\" class=\"wp-image-6547\"\/><figcaption class=\"wp-element-caption\">Elektrischer Silagestreuer zu verkaufen<\/figcaption><\/figure> <\/div> <\/div>    <figure class=\"wp-block-gallery aligncenter has-nested-images columns-default is-cropped wp-block-gallery-3 is-layout-flex wp-block-gallery-is-layout-flex\"> <figure class=\"wp-block-image size-full\"><img loading=\"lazy\" decoding=\"async\" width=\"720\" height=\"540\" data-id=\"6549\" src=\"https:\/\/taizyagromachine.com\/wp-content\/uploads\/2024\/02\/latest-silage-feed-spreader.webp\" alt=\"neuester Silagefutterverteiler\" class=\"wp-image-6549\"\/><figcaption class=\"wp-element-caption\">neuester Silagefutterverteiler<\/figcaption><\/figure>    <figure class=\"wp-block-image size-full\"><img loading=\"lazy\" decoding=\"async\" width=\"720\" height=\"540\" data-id=\"6548\" src=\"https:\/\/taizyagromachine.com\/wp-content\/uploads\/2024\/02\/feed-mixer-and-silage-feed-spreader.webp\" alt=\"Futtermischer und Silagefutterverteiler\" class=\"wp-image-6548\"\/><figcaption class=\"wp-element-caption\">Futtermischer und Silagefutterverteiler<\/figcaption><\/figure> <\/figure>    <h2 class=\"wp-block-heading\"><strong>Technische Parameter des automatischen Silagestreumischers<\/strong><\/h2>    <p>Aufgrund der beiden Antriebssysteme f\u00fcr landwirtschaftliche Streumaschinen gibt es unterschiedliche Spezifikationen. Liste als Referenz.<\/p>    <p class=\"translation-block\"><strong>Technische Daten des Diesel-Silagespreader-Mischers<\/strong><\/p>    <figure class=\"wp-block-table\"><table><tbody><tr><td>Modell<\/td><td>TZ-5<\/td><\/tr><tr><td>Gesamtgr\u00f6\u00dfe<\/td><td>4,7 * 1,7 * 2,2 m<\/td><\/tr><tr><td>Streugr\u00f6\u00dfe<\/td><td>600*470mm<\/td><\/tr><tr><td>Futtergr\u00f6\u00dfe<\/td><td>2500*1400mm<\/td><\/tr><tr><td>Anzahl der Batterien<\/td><td>1<\/td><\/tr><tr><td>Stromspannung<\/td><td>12V<\/td><\/tr><tr><td>Reifen750-16 600-14<\/td><td>3 St\u00fcck<\/td><\/tr><tr><td>Beh\u00e4ltergr\u00f6\u00dfe<\/td><td>5m\u00b3<\/td><\/tr><tr><td>Lager <\/td><td>F210 (4)<\/td><\/tr><tr><td>F\u00f6rdermethode<\/td><td>Schaber<\/td><\/tr><tr><td>Ausbreitungsmethode<\/td><td>Bidirektionalit\u00e4t<\/td><\/tr><tr><td>Bremse<\/td><td>\u00d6lbremse<\/td><\/tr><tr><td>Streuh\u00f6he<\/td><td>60cm<\/td><\/tr><tr><td>\u00dcbertragung<\/td><td>Ketten<\/td><\/tr><tr><td>\u00dcbertragungsmethode<\/td><td>hydraulisch<\/td><\/tr><tr><td>Sitz<\/td><td>2Stk<\/td><\/tr><\/tbody><\/table><figcaption class=\"wp-element-caption\">Daten des Diesel-Silagefuttermischungsstreuers<\/figcaption><\/figure>    <p class=\"translation-block\"><strong>Spezifikationen des elektrischen Futterstreuers<\/strong><\/p>    <figure class=\"wp-block-table\"><table><tbody><tr><td>Modell<\/td><td>TZ-3<\/td><\/tr><tr><td>Gesamtgr\u00f6\u00dfe<\/td><td>3,6 * 1,5 * 2,0 m<\/td><\/tr><tr><td>Beh\u00e4ltergr\u00f6\u00dfe<\/td><td>2,0 * 1,2 * 1,4 m<\/td><\/tr><tr><td>G\u00fcrtelbreite<\/td><td>400mm<\/td><\/tr><tr><td>Anzahl der Batterien<\/td><td>6<\/td><\/tr><tr><td>Eingangsspannung<\/td><td>72V<\/td><\/tr><tr><td>Batteriespezifikation<\/td><td>Trockenbatterie der Marke Chaowei oder Camel<\/td><\/tr><tr><td>Reifenmodell<\/td><td>Hinterr\u00e4der 3,50*12 (2) + 5,00*12 (1)<\/td><\/tr><tr><td>Beh\u00e4ltergr\u00f6\u00dfe<\/td><td>3m\u00b3<\/td><\/tr><tr><td>Lager<\/td><td>F206 (4)<\/td><\/tr><tr><td>F\u00f6rdermethode<\/td><td>Sch\u00fcrze<\/td><\/tr><tr><td>Ausbreitungsmethode<\/td><td>Bidirektionalit\u00e4t<\/td><\/tr><tr><td>Bremse<\/td><td>\u00d6lbremse<\/td><\/tr><tr><td>Streuh\u00f6he<\/td><td>60cm<\/td><\/tr><tr><td>\u00dcbertragung<\/td><td>Ketten<\/td><\/tr><tr><td>Lenkrad<\/td><td>genoppt<\/td><\/tr><tr><td>Elektromotor<\/td><td>1.5\/1.5\/2.2<\/td><\/tr><tr><td>Batteriekapazit\u00e4t<\/td><td>70A<\/td><\/tr><\/tbody><\/table><figcaption class=\"wp-element-caption\">Parameter der Silageverteilermaschine mit Elektromotor<\/figcaption><\/figure>    <h2 class=\"wp-block-heading\"><strong>Vorteile der Futtermischer-Ausbreitmaschine<\/strong><\/h2>    <ul class=\"wp-block-list\"> <li>Einfach und bequem zu bedienen, leicht zu bedienen.<\/li>    <li>Zuverl\u00e4ssige Produktqualit\u00e4t, langlebig.<\/li>    <li>Der Streuvorgang kann entsprechend der Dichte des Futtermaterials f\u00fcr die Tierhaltung angepasst werden.<\/li>    <li>Hohe Effizienz, Zeitersparnis und Platzersparnis auf dem Bauernhof.<\/li> <\/ul>    <h2 class=\"wp-block-heading\"><strong>Professioneller Hersteller und Lieferant von Silagefutterstreuern<\/strong><\/h2>    <ul class=\"wp-block-list\"> <li><strong>F\u00fchrende Technologie und Produktleistung<\/strong>: Silagestreuer von Taizy nutzen fortschrittliche Konstruktionstechnologie und Herstellungsprozesse, um die hohe Effizienz und Stabilit\u00e4t der Ausr\u00fcstung zu gew\u00e4hrleisten. Die Fahrzeuge k\u00f6nnen mit leistungsstarken Antriebssystemen, pr\u00e4zisen Futterkontrollsystemen und flexiblen Betriebsmodi ausgestattet sein, die sich an die Bed\u00fcrfnisse unterschiedlich gro\u00dfer landwirtschaftlicher Betriebe anpassen lassen.<\/li>    <li><strong>Vielf\u00e4ltige Modellauswahl<\/strong>: Wir bieten vertikale und horizontale Dreiradfuttervertreiberin an, um die Bed\u00fcrfnisse der Kunden nach verschiedenen Arten der Futtermittelverteilung gerecht zu werden.<\/li>    <li><strong>Doppelseitige Streufunktion<\/strong>: Einige Streuer sind mit einer doppelseitigen Streufunktion ausgestattet, die die F\u00fctterungseffizienz erheblich verbessert, die Streuzeit verk\u00fcrzt, den Tieren hilft, sich gleichm\u00e4\u00dfig zu ern\u00e4hren, und zur Verbesserung der Zuchteffizienz beitr\u00e4gt.<\/li>    <li><strong>Kundendienstgarantie<\/strong>: Als verantwortungsbewusster Hersteller bietet Taizy einen perfekten After-Sales-Service und technischen Support, um sicherzustellen, dass Benutzer nach dem Kauf einen zeitnahen und effektiven Service erhalten, was das Vertrauen und die Zufriedenheit der Benutzer mit dem Produkt verbessert.<\/li>    <li><strong>Ma\u00dfgeschneiderte L\u00f6sungen<\/strong>: F\u00fcr die besonderen Bed\u00fcrfnisse verschiedener Kunden bietet Taizy m\u00f6glicherweise auch ma\u00dfgeschneiderte Streuer-Designl\u00f6sungen zur Anpassung an unterschiedliche Gel\u00e4nde, unterschiedliche Ma\u00dfst\u00e4be und unterschiedliche F\u00fctterungsmodi der Weideumgebung an.<\/li> <\/ul>    <figure class=\"wp-block-gallery aligncenter has-nested-images columns-default is-cropped wp-block-gallery-4 is-layout-flex wp-block-gallery-is-layout-flex\"> <figure class=\"wp-block-image size-large\"><img loading=\"lazy\" decoding=\"async\" width=\"720\" height=\"540\" data-id=\"6556\" src=\"https:\/\/taizyagromachine.com\/wp-content\/uploads\/2024\/02\/Automatic-Cattle-Sheep-Camels-Feeding-Mixer-Spreading-Machine.webp\" alt=\"Automatische Futtermischer-Verteilmaschine f\u00fcr Rinder, Schafe, Kamele\" class=\"wp-image-6556\"\/><figcaption class=\"wp-element-caption\">Automatische Futtermischer-Verteilmaschine f\u00fcr Rinder, Schafe, Kamele<\/figcaption><\/figure>    <figure class=\"wp-block-image size-large\"><img loading=\"lazy\" decoding=\"async\" width=\"720\" height=\"540\" data-id=\"6557\" src=\"https:\/\/taizyagromachine.com\/wp-content\/uploads\/2024\/02\/farm-special-electric-tricycle-feed-spreader.webp\" alt=\"Bauernhof spezieller elektrischer Dreirad-Futterstreuer\" class=\"wp-image-6557\"\/><figcaption class=\"wp-element-caption\">Bauernhof spezieller elektrischer Dreirad-Futterstreuer<\/figcaption><\/figure> <\/figure>    <h2 class=\"wp-block-heading\"><strong>Kontaktieren Sie uns f\u00fcr den Preis des Futterverteilermischers\uff01<\/strong><\/h2>    <p class=\"translation-block\">M\u00f6chten Sie Zeit und M\u00fche auf Ihrem Bauernhof bei der F\u00fctterung von <a href=\"https:\/\/en.wikipedia.org\/wiki\/Cattle\" target=\"_blank\" rel=\"noopener\">Rindern<\/a> und Schafen sparen? Wenn ja, nehmen Sie Kontakt mit uns auf, wir haben auch die <a href=\"https:\/\/taizyagromachine.com\/de\/product\/silage-baler\/\">Ballenpresse f\u00fcr Silage<\/a>, H\u00e4ckselmaschine, <a href=\"https:\/\/taizyagromachine.com\/de\/product\/straw-crushing-and-recycling-machine\/\">Silageernter<\/a> usw. zur Auswahl. Wir empfehlen Ihnen die optimale L\u00f6sung.<\/p>    <figure class=\"wp-block-embed is-type-video is-provider-youtube wp-block-embed-youtube wp-embed-aspect-16-9 wp-has-aspect-ratio\"><div class=\"wp-block-embed__wrapper\"> <iframe loading=\"lazy\" title=\"Silagefuttermischer-Verteiler | Dreiradfutter-Misch- und Streumaschine in Rinderfarmen\" width=\"500\" height=\"281\" src=\"https:\/\/www.youtube.com\/embed\/fw7LzAcXnpc?feature=oembed\" frameborder=\"0\" allow=\"accelerometer; autoplay; clipboard-write; encrypted-media; gyroscope; picture-in-picture; web-share\" referrerpolicy=\"strict-origin-when-cross-origin\" allowfullscreen><\/iframe> <\/div><figcaption class=\"wp-element-caption\">Silagefuttermisch-Verteilwagen<\/figcaption><\/figure>","protected":false},"excerpt":{"rendered":"<p>Our silage spreader is to throw the finished mixed feeds directly into the feeding area to complete the feeding at once, driven by the tricycle. Our silage feeder mixer spreader has a common capacity of 3 cmb and 5 cmb, with mixing and spreading functions. This silage feed spreader is widely used in agricultural and [&hellip;]<\/p>\n","protected":false},"author":1,"featured_media":6543,"parent":0,"template":"","tags":[],"product-type":[19],"class_list":["post-6542","product","type-product","status-publish","has-post-thumbnail","hentry","product-type-silage-machine"],"_links":{"self":[{"href":"https:\/\/taizyagromachine.com\/de\/wp-json\/wp\/v2\/product\/6542","targetHints":{"allow":["GET"]}}],"collection":[{"href":"https:\/\/taizyagromachine.com\/de\/wp-json\/wp\/v2\/product"}],"about":[{"href":"https:\/\/taizyagromachine.com\/de\/wp-json\/wp\/v2\/types\/product"}],"author":[{"embeddable":true,"href":"https:\/\/taizyagromachine.com\/de\/wp-json\/wp\/v2\/users\/1"}],"wp:featuredmedia":[{"embeddable":true,"href":"https:\/\/taizyagromachine.com\/de\/wp-json\/wp\/v2\/media\/6543"}],"wp:attachment":[{"href":"https:\/\/taizyagromachine.com\/de\/wp-json\/wp\/v2\/media?parent=6542"}],"wp:term":[{"taxonomy":"post_tag","embeddable":true,"href":"https:\/\/taizyagromachine.com\/de\/wp-json\/wp\/v2\/tags?post=6542"},{"taxonomy":"product-type","embeddable":true,"href":"https:\/\/taizyagromachine.com\/de\/wp-json\/wp\/v2\/product-type?post=6542"}],"curies":[{"name":"wp","href":"https:\/\/api.w.org\/{rel}","templated":true}]}}