{"id":6571,"date":"2024-02-22T17:50:35","date_gmt":"2024-02-22T09:50:35","guid":{"rendered":"https:\/\/taizyagromachine.com\/?post_type=product&#038;p=6571"},"modified":"2024-02-22T17:52:05","modified_gmt":"2024-02-22T09:52:05","slug":"tmr-feed-mixer-silage-mixer","status":"publish","type":"product","link":"https:\/\/taizyagromachine.com\/de\/product\/tmr-feed-mixer-silage-mixer\/","title":{"rendered":"TMR-Futtermischer zum Mischen von Tierfutter | Silagemischer"},"content":{"rendered":"<p class=\"translation-block\">TMR <strong>Futtermischwagen<\/strong>, auch TMR-Mischer genannt, ist eine Art Futteraufbereitungsanlage, die Zerkleinern, Mischen und Vermengen integriert. Derzeit wird er haupts\u00e4chlich in Rinder-, Schaf- und anderen Tierfarmen eingesetzt. <\/p>    <p>Je nach Volumen der Mischkabinen kann jeder Futtermischer 200\u20132000 K\u00fche pro Tag f\u00fcttern, was die Arbeit von mehr als 20 Arbeitern ersetzen, die Arbeitsintensit\u00e4t der Arbeiter verringern, Arbeitskr\u00e4fte und finanzielle Ressourcen erheblich einsparen und die F\u00fctterungseffizienz verbessern kann .<\/p>    <p>Basierend auf der Konstruktionsstruktur klassifizieren wir diesen Viehfuttermischer in horizontalen Futtermischer und vertikalen Futtermischer. Je nach Verwendungsmethode gibt es feste Silagemischer und mobile TMR-Mischer. Interessiert? Bitte kontaktieren Sie uns f\u00fcr weitere Maschinendetails!<\/p>    <h2 class=\"wp-block-heading\"><strong>Arten von Futtermischwagen zum Verkauf<\/strong><\/h2>    <p class=\"translation-block\"><strong>Vertikaler Futtermischer zu verkaufen<\/strong><\/p>    <p>Diese Art von Maschine wird haupts\u00e4chlich zum Mischen und R\u00fchren von Pulver und k\u00f6rnigem Material verwendet. Sie verf\u00fcgt \u00fcber eine vertikale Wellenstruktur und ein Spiralblatt, das das Material zum Zwangsmischen anhebt. Sie nimmt eine kleine Fl\u00e4che ein, ist leicht zuzuf\u00fchren und eignet sich f\u00fcr die Produktion in kleinem und mittlerem Ma\u00dfstab.<\/p>    <figure class=\"wp-block-gallery aligncenter has-nested-images columns-default is-cropped wp-block-gallery-2 is-layout-flex wp-block-gallery-is-layout-flex\"> <figure class=\"wp-block-image size-large\"><img loading=\"lazy\" decoding=\"async\" width=\"720\" height=\"540\" data-id=\"6572\" src=\"https:\/\/taizyagromachine.com\/wp-content\/uploads\/2024\/02\/feed-mixing-equipment.webp\" alt=\"Futtermischger\u00e4te\" class=\"wp-image-6572\"\/><figcaption class=\"wp-element-caption\">Futtermischger\u00e4te<\/figcaption><\/figure>    <figure class=\"wp-block-image size-large\"><img loading=\"lazy\" decoding=\"async\" width=\"720\" height=\"540\" data-id=\"6573\" src=\"https:\/\/taizyagromachine.com\/wp-content\/uploads\/2024\/02\/internal-structure-of-vertical-TMR-mixer.webp\" alt=\"interne Struktur des vertikalen TMR-Mischers\" class=\"wp-image-6573\"\/><figcaption class=\"wp-element-caption\">interne Struktur des vertikalen TMR-Mischers<\/figcaption><\/figure> <\/figure>    <p class=\"translation-block\"><strong>Horizontaler Futtermischer f\u00fcr Rinder<\/strong><\/p>    <p>Es eignet sich zum gleichm\u00e4\u00dfigen Mischen verschiedener Futtermittel, chemischer Rohstoffe usw. Es zeichnet sich durch die Konstruktion doppelschichtiger Spiralb\u00e4nder oder Paddel im horizontalen Zylinder aus, die eine vollst\u00e4ndige Durchmischung der Materialien und weniger R\u00fcckst\u00e4nde gew\u00e4hrleistet Es ist f\u00fcr den kontinuierlichen Betrieb gro\u00dfer Mengen geeignet.<\/p>    <figure class=\"wp-block-gallery aligncenter has-nested-images columns-default is-cropped wp-block-gallery-3 is-layout-flex wp-block-gallery-is-layout-flex\"> <figure class=\"wp-block-image size-large\"><img loading=\"lazy\" decoding=\"async\" width=\"720\" height=\"540\" data-id=\"6579\" src=\"https:\/\/taizyagromachine.com\/wp-content\/uploads\/2024\/02\/animal-feed-mixer-for-sale.webp\" alt=\"Tierfuttermischer zu verkaufen\" class=\"wp-image-6579\"\/><figcaption class=\"wp-element-caption\">Tierfuttermischer zu verkaufen<\/figcaption><\/figure>    <figure class=\"wp-block-image size-large\"><img loading=\"lazy\" decoding=\"async\" width=\"720\" height=\"540\" data-id=\"6580\" src=\"https:\/\/taizyagromachine.com\/wp-content\/uploads\/2024\/02\/horizontal-TMR-mixer-for-cattle-feed.webp\" alt=\"horizontaler TMR-Mischer f\u00fcr Viehfutter\" class=\"wp-image-6580\"\/><figcaption class=\"wp-element-caption\">horizontaler TMR-Mischer f\u00fcr Viehfutter<\/figcaption><\/figure> <\/figure>    <p class=\"translation-block\"><strong>Ma\u00dfgeschneiderter Futtermischer mit Ausbringung<\/strong><\/p>    <p class=\"translation-block\">\u00c4hnlich wie der <a href=\"https:\/\/taizyagromachine.com\/de\/product\/silage-spreader-feed-spreader-mixer\/\">Streuer-Mischer<\/a> ist dieser nach speziellen Kundenanforderungen konzipiert und gefertigt, kombiniert integrierte Funktionen des F\u00fctterns, Misch- und Streuvorgangs, was eine genaue Dosierung und effiziente Mischung erm\u00f6glicht und in kundenspezifischen Produktionslinien weit verbreitet ist. <\/p>    <figure class=\"wp-block-gallery aligncenter has-nested-images columns-default is-cropped wp-block-gallery-4 is-layout-flex wp-block-gallery-is-layout-flex\"> <figure class=\"wp-block-image size-large\"><img loading=\"lazy\" decoding=\"async\" width=\"720\" height=\"540\" data-id=\"6583\" src=\"https:\/\/taizyagromachine.com\/wp-content\/uploads\/2024\/02\/customized-silage-feeder-mixer.webp\" alt=\"Ma\u00dfgeschneiderter Silagefuttermischer\" class=\"wp-image-6583\"\/><figcaption class=\"wp-element-caption\">Ma\u00dfgeschneiderter Silagefuttermischer<\/figcaption><\/figure>    <figure class=\"wp-block-image size-large\"><img loading=\"lazy\" decoding=\"async\" width=\"720\" height=\"540\" data-id=\"6584\" src=\"https:\/\/taizyagromachine.com\/wp-content\/uploads\/2024\/02\/machine-with-mixing-and-feeding-function.webp\" alt=\"Maschine mit Misch- und Zuf\u00fchrfunktion\" class=\"wp-image-6584\"\/><figcaption class=\"wp-element-caption\">Maschine mit Misch- und Zuf\u00fchrfunktion<\/figcaption><\/figure> <\/figure>    <h2 class=\"wp-block-heading\"><strong>Technische Parameter der Silagemischermaschine f\u00fcr Rinder<\/strong><\/h2>    <figure class=\"wp-block-table\"><table><tbody><tr><td>Modell<\/td><td>TMR-5<\/td><td>TMR-9<\/td><td>TMR-12<\/td><\/tr><tr><td>Kapazit\u00e4t (m\u00b3)<\/td><td>5<\/td><td>9<\/td><td>12<\/td><\/tr><tr><td>Schneckengeschwindigkeit (U\/min)<\/td><td>23.5<\/td><td>23.5<\/td><td>23.5<\/td><\/tr><tr><td>Gewicht (kg)<\/td><td>1600<\/td><td>3300<\/td><td>4500<\/td><\/tr><tr><td>Abmessung (mm)<\/td><td>3930*1850*2260<\/td><td>4820*2130*2480<\/td><td>5600*2400*2500<\/td><\/tr><tr><td>Strukturelle Form<\/td><td>Behoben<\/td><td>Behoben<\/td><td>Mobile<\/td><\/tr><tr><td>Passende Leistung (kW)<\/td><td>11-15<\/td><td>22-30<\/td><td>50-75<\/td><\/tr><tr><td>Klingenmenge (Stk.)<\/td><td>Feste Klingen: 7<br>Mobile Klingen: 34 <\/td><td>Feste Klingen: 9<br>Mobile Klingen: 56<\/td><td>total 192<\/td><\/tr><\/tbody><\/table><figcaption class=\"wp-element-caption\">Spezifikationen des Silagemixers f\u00fcr Rinder<\/figcaption><\/figure>    <h2 class=\"wp-block-heading\"><strong>Funktionsprinzip des Mischwagens<\/strong><\/h2>    <p>Der TMR-Silagemischer f\u00fcr Vollmischungen besteht haupts\u00e4chlich aus einer oder zwei Schnecken. Die Spiralschnecken sind in Links- und Rechtsschnecken unterteilt. Beim Mischen werden die Materialien gedreht und gleichzeitig von beiden Enden des Mischwagens bis zur Mitte des Mischers gemischt.<\/p>    <figure class=\"wp-block-gallery aligncenter has-nested-images columns-default is-cropped wp-block-gallery-5 is-layout-flex wp-block-gallery-is-layout-flex\"> <figure class=\"wp-block-image size-large\"><img loading=\"lazy\" decoding=\"async\" width=\"720\" height=\"540\" data-id=\"6581\" src=\"https:\/\/taizyagromachine.com\/wp-content\/uploads\/2024\/02\/internal-of-TMR-mixer-machine.webp\" alt=\"intern der TMR-Mischermaschine\" class=\"wp-image-6581\"\/><figcaption class=\"wp-element-caption\">intern der TMR-Mischermaschine<\/figcaption><\/figure>    <figure class=\"wp-block-image size-large\"><img loading=\"lazy\" decoding=\"async\" width=\"720\" height=\"540\" data-id=\"6582\" src=\"https:\/\/taizyagromachine.com\/wp-content\/uploads\/2024\/02\/working-core-of-cattle-feed-mixing-plant.webp\" alt=\"Arbeitskern der Viehfuttermischanlage\" class=\"wp-image-6582\"\/><figcaption class=\"wp-element-caption\">Arbeitskern der Viehfuttermischanlage<\/figcaption><\/figure> <\/figure>    <p>Jede Spirale am Schneckenspiralk\u00f6rper ist mit einem beweglichen Messer ausgestattet, das mit den festen Z\u00e4hnen auf der Mittellinie des Futtermischwagens Schneidarbeiten ausf\u00fchrt. Es schneidet und mischt die verschiedenen faserigen Futtermittel und Strohhalme, die es durchlaufen, um eine gleichm\u00e4\u00dfige Zerkleinerung und Durchmischung mit dem Effekt einer vollgemischten Rationsf\u00fctterung zu erreichen.<\/p>    <h2 class=\"wp-block-heading\"><strong>Vorteile des TMR-Mischers zum Verkauf<\/strong><\/h2>    <ul class=\"wp-block-list\"> <li>Fortschrittliches und vern\u00fcnftiges Design und der Boden des Futtersilos besteht aus hochwertigem legiertem Stahl, geeignet f\u00fcr den Betrieb in jeder Umgebung, sicheres und zuverl\u00e4ssiges Arbeiten.<\/li>    <li>Die Schneidklinge besteht aus hochverschlei\u00dffestem Material mit hervorragender Verarbeitung und hochwertigem hochlegiertem Stahl, was die Lebensdauer und Arbeitseffizienz des Produkts erheblich verbessert.<\/li>    <li>Flexibel und komfortabel, sicher und zuverl\u00e4ssig.<\/li>    <li>Es kann Silage und verschiedene Arten von Strohballen, Stroh und anderen Faserfuttermitteln direkt in die Mischkabine geben, um sie zu zerkleinern und zu mischen, und die Mischgeschwindigkeit ist hoch.<\/li>    <li><\/li> <\/ul>    <figure class=\"wp-block-gallery aligncenter has-nested-images columns-default is-cropped wp-block-gallery-6 is-layout-flex wp-block-gallery-is-layout-flex\"> <figure class=\"wp-block-image size-large\"><img loading=\"lazy\" decoding=\"async\" width=\"540\" height=\"720\" data-id=\"6578\" src=\"https:\/\/taizyagromachine.com\/wp-content\/uploads\/2024\/02\/strengths-of-feed-mixing-machine.webp\" alt=\"St\u00e4rken der Futtermischmaschine\" class=\"wp-image-6578\"\/><figcaption class=\"wp-element-caption\">St\u00e4rken der Futtermischmaschine<\/figcaption><\/figure>    <figure class=\"wp-block-image size-large\"><img loading=\"lazy\" decoding=\"async\" width=\"540\" height=\"720\" data-id=\"6577\" src=\"https:\/\/taizyagromachine.com\/wp-content\/uploads\/2024\/02\/internal-display-of-small-tmr-mixer.webp\" alt=\"Interne Anzeige des kleinen TMR-Mischers\" class=\"wp-image-6577\"\/><figcaption class=\"wp-element-caption\">Interne Anzeige des kleinen TMR-Mischers<\/figcaption><\/figure>    <figure class=\"wp-block-image size-large\"><img loading=\"lazy\" decoding=\"async\" width=\"540\" height=\"720\" data-id=\"6576\" src=\"https:\/\/taizyagromachine.com\/wp-content\/uploads\/2024\/02\/finer-silage-produced-by-cattle-feed-mixers.webp\" alt=\"feinere Silage, die von Viehfuttermischern hergestellt wird\" class=\"wp-image-6576\"\/><figcaption class=\"wp-element-caption\">feinere Silage, die von Viehfuttermischern hergestellt wird<\/figcaption><\/figure> <\/figure>    <h2 class=\"wp-block-heading\"><strong>Anwendbare Tiere der Milchviehfutterherstellungsmaschine<\/strong><\/h2>    <p>Unser Futtermischer eignet sich f\u00fcr die F\u00fctterung von Rindern, K\u00fchen, Schafen, Schweinen, Kaninchen usw., insbesondere f\u00fcr die Viehwirtschaft oder Tierhaltung. <\/p>   <div class=\"wp-block-image\"> <figure class=\"aligncenter size-full\"><img loading=\"lazy\" decoding=\"async\" width=\"540\" height=\"720\" src=\"https:\/\/taizyagromachine.com\/wp-content\/uploads\/2024\/02\/applications-of-silage-mixing-machine.webp\" alt=\"Anwendungen der Silagemischmaschine\" class=\"wp-image-6575\"\/><figcaption class=\"wp-element-caption\">Anwendungen der Silagemischmaschine<\/figcaption><\/figure> <\/div>   <h2 class=\"wp-block-heading\"><strong>Warum den TMR-Tierfuttermixer zum Mischen von Silage verwenden?<\/strong><\/h2>    <ul class=\"wp-block-list\"> <li>F\u00e4higkeit, ausreichend N\u00e4hrstoffe bereitzustellen, um den N\u00e4hrstoffbedarf der K\u00fche zu decken und die Milchproduktion zu steigern;<\/li>    <li>Erh\u00f6hen Sie die Aufnahme von Trockenmasse bei K\u00fchen und schlie\u00dfen Sie die selektive Auswahl von K\u00fchen f\u00fcr eine bestimmte Futterart aus, was zur Minimierung der Kosten f\u00fcr die Futterformulierung beitr\u00e4gt.<\/li>    <li>Reduzieren Sie das gelegentliche Auftreten von Spurenelementen, Vitaminmangel oder Vergiftungen erheblich.<\/li>    <li>Reduzieren Sie das Auftreten von Kuhkrankheiten und erh\u00f6hen Sie die Reproduktionsrate von Milchk\u00fchen.<\/li>    <li>Erhebliche Einsparung von Arbeitszeit und Verbesserung der Wirtschaftlichkeit.<\/li> <\/ul>    <h2 class=\"wp-block-heading\"><strong>Wie sieht es mit dem Preis f\u00fcr einen Silagefuttermischer aus?<\/strong><\/h2>    <p>Der Preis variiert je nach Faktoren wie Modellspezifikation, Verarbeitungskapazit\u00e4t, Automatisierungsgrad und Anpassungsanforderungen. Sie k\u00f6nnen sich an unser Vertriebsteam wenden, um ein detailliertes Produktangebot und ein unterst\u00fctzendes Serviceprogramm zu erhalten, um sicherzustellen, dass Sie in zufriedenstellende Silagemischger\u00e4te zu einem angemessenen Preis investieren.<\/p>    <h2 class=\"wp-block-heading\"><strong>Kontaktieren Sie uns f\u00fcr weitere Maschinendetails!<\/strong><\/h2>    <p class=\"translation-block\">M\u00f6chten Sie Ihr <a href=\"https:\/\/en.wikipedia.org\/wiki\/Animal_feed\" target=\"_blank\" rel=\"noopener\">Futter<\/a> tierfreundlicher gestalten? Kontaktieren Sie uns, unser Futtermischer kann Ihnen helfen, dieses Ziel besser zu erreichen. Kontaktieren Sie uns, wir unterbreiten Ihnen das beste Angebot entsprechend Ihren Bed\u00fcrfnissen.<\/p>","protected":false},"excerpt":{"rendered":"<p>TMR feed mixer, also called TMR mixer, is a kind of feed processing equipment integrating crushing, mixing and blending. At present, it is mostly used in cattle farms, sheep farms and other animal farms. According to the different volumes of mixing cabins, each feed mixer can feed 200-2000 cows per day, which can replace the [&hellip;]<\/p>\n","protected":false},"author":1,"featured_media":6574,"parent":0,"template":"","tags":[],"product-type":[19],"class_list":["post-6571","product","type-product","status-publish","has-post-thumbnail","hentry","product-type-silage-machine"],"_links":{"self":[{"href":"https:\/\/taizyagromachine.com\/de\/wp-json\/wp\/v2\/product\/6571","targetHints":{"allow":["GET"]}}],"collection":[{"href":"https:\/\/taizyagromachine.com\/de\/wp-json\/wp\/v2\/product"}],"about":[{"href":"https:\/\/taizyagromachine.com\/de\/wp-json\/wp\/v2\/types\/product"}],"author":[{"embeddable":true,"href":"https:\/\/taizyagromachine.com\/de\/wp-json\/wp\/v2\/users\/1"}],"wp:featuredmedia":[{"embeddable":true,"href":"https:\/\/taizyagromachine.com\/de\/wp-json\/wp\/v2\/media\/6574"}],"wp:attachment":[{"href":"https:\/\/taizyagromachine.com\/de\/wp-json\/wp\/v2\/media?parent=6571"}],"wp:term":[{"taxonomy":"post_tag","embeddable":true,"href":"https:\/\/taizyagromachine.com\/de\/wp-json\/wp\/v2\/tags?post=6571"},{"taxonomy":"product-type","embeddable":true,"href":"https:\/\/taizyagromachine.com\/de\/wp-json\/wp\/v2\/product-type?post=6571"}],"curies":[{"name":"wp","href":"https:\/\/api.w.org\/{rel}","templated":true}]}}