{"id":7010,"date":"2024-08-23T17:50:53","date_gmt":"2024-08-23T09:50:53","guid":{"rendered":"https:\/\/taizyagromachine.com\/?post_type=product&#038;p=7010"},"modified":"2025-04-02T16:54:55","modified_gmt":"2025-04-02T08:54:55","slug":"silage-cutting-machine","status":"publish","type":"product","link":"https:\/\/taizyagromachine.com\/de\/product\/silage-cutting-machine\/","title":{"rendered":"Silageschneidemaschine f\u00fcr die Futterherstellung"},"content":{"rendered":"<p class=\"translation-block\">Unsere <strong>Silage-Schneidemaschine<\/strong> wird verwendet, um trockene und nasse St\u00e4ngel, Gras, Maisst\u00e4ngel, Sorghumst\u00e4ngel, Heu usw. in feines Gras (L\u00e4nge von 10-180 mm und Breite von \u226410 mm) zum F\u00fcttern von Tieren zu schneiden und zu zerkleinern. Ihre Kapazit\u00e4t reicht von 4t\/h bis 15t\/h.<\/p>    <p>Als Antrieb kann bei dieser H\u00e4ckselmaschine ein Elektromotor oder ein Dieselmotor zum Einsatz kommen. Es funktioniert normalerweise mit der Maissilagepresse zur Silageherstellung und -verpackung. <\/p>    <p>Die Maschine hat den Vorteil von hoher Effizienz, guter Qualit\u00e4t und breiten Anwendungen. Somit wird es in Vieh- und Haltungsbetrieben weit verbreitet. <\/p>    <figure class=\"wp-block-embed is-type-video is-provider-youtube wp-block-embed-youtube wp-embed-aspect-16-9 wp-has-aspect-ratio\"><div class=\"wp-block-embed__wrapper\"> <iframe loading=\"lazy\" title=\"Effiziente Silageverarbeitung: Grasschneidemaschine | H\u00e4ckslermaschine zur Silageherstellung #silage\" width=\"500\" height=\"281\" src=\"https:\/\/www.youtube.com\/embed\/6nuLWAJHJj8?feature=oembed\" frameborder=\"0\" allow=\"accelerometer; autoplay; clipboard-write; encrypted-media; gyroscope; picture-in-picture; web-share\" referrerpolicy=\"strict-origin-when-cross-origin\" allowfullscreen><\/iframe> <\/div><figcaption class=\"wp-element-caption\">Video der Silage-H\u00e4ckslerschneidemaschine<\/figcaption><\/figure>    <h2 class=\"wp-block-heading\"><strong>Vorteile der Silageschneidemaschine<\/strong><\/h2>    <ul class=\"wp-block-list\"> <li><strong>Leistung von 4-15t\/h<\/strong>. Unsere Silageschneidemaschine kann Silagerohstoffe von 4-15 t\/h zerkleinern, was effizient ist.<\/li>    <li><strong>Klingen aus legiertem Stahl<\/strong>. Die Maschinenklingen sind aus hochwertigen Materialien gefertigt und langlebig. <\/li>    <li><strong>Zerkleinern von trockenen und nassen Halmen, Gras, Heu, Luzerne usw<\/strong>. Dieser H\u00e4cksler hat ein breites Anwendungsspektrum und kann Halme, Gras, Heu, Stroh usw. schneiden.<\/li>    <li><strong>Leicht zu bewegen<\/strong>. Die Futterschneidemaschine Taizy ist mit kleinen R\u00e4dern ausgestattet und l\u00e4sst sich sehr leicht bewegen.<\/li> <\/ul>   <div class=\"wp-block-image\"> <figure class=\"aligncenter size-full\"><img loading=\"lazy\" decoding=\"async\" width=\"720\" height=\"540\" src=\"https:\/\/taizyagromachine.com\/wp-content\/uploads\/2024\/08\/silage-cutter-machine-for-sale.webp\" alt=\"Silageschneidemaschine zu verkaufen\" class=\"wp-image-7017\" srcset=\"https:\/\/taizyagromachine.com\/wp-content\/uploads\/2024\/08\/silage-cutter-machine-for-sale.webp 720w, https:\/\/taizyagromachine.com\/wp-content\/uploads\/2024\/08\/silage-cutter-machine-for-sale-16x12.webp 16w\" sizes=\"auto, (max-width: 720px) 100vw, 720px\" \/><figcaption class=\"wp-element-caption\">Silageschneidemaschine zu verkaufen<\/figcaption><\/figure> <\/div>   <h2 class=\"wp-block-heading\"><strong>Technische Daten Maissilage-H\u00e4cksler<\/strong><\/h2>    <figure class=\"wp-block-table\"><table class=\"has-fixed-layout\"><tbody><tr><td>Modell<\/td><td>9RSZ-4<\/td><td>9RSZ-6<\/td><td>9RSZ-10<\/td><td>9RSZ-15<\/td><\/tr><tr><td>Leistung<\/td><td>7,5 kW<\/td><td>15+2,2 kW<\/td><td>22+3 kW<\/td><td>30+5,5 kW<\/td><\/tr><tr><td>Drehzahl der Hauptwelle<\/td><td>2860 U\/min<\/td><td>2860 U\/min<\/td><td>2860 U\/min<\/td><td>2100 U\/min<\/td><\/tr><tr><td>Kapazit\u00e4t<\/td><td>4t\/h<\/td><td>6t\/h<\/td><td>10t\/h<\/td><td>15t\/h<\/td><\/tr><tr><td>Anzahl der Klingen<\/td><td>32 St\u00fcck<\/td><td>40 St\u00fcck<\/td><td>48 St\u00fcck<\/td><td>64 St\u00fcck<\/td><\/tr><tr><td>Klingenmaterial<\/td><td>Legierter Stahl<\/td><td>Legierter Stahl<\/td><td>Legierter Stahl<\/td><td>Legierter Stahl<\/td><\/tr><tr><td>Einzugsbreite<\/td><td>240mm<\/td><td>300mm<\/td><td>500mm<\/td><td>800mm<\/td><\/tr><tr><td>L\u00e4nge der Futterkette<\/td><td>\u22652300mm<\/td><td>\u22652300mm<\/td><td>\u22652300mm<\/td><td>\u22652300mm<\/td><\/tr><tr><td>Abmessung (L*B*H)<\/td><td>2000*750*800mm<\/td><td>3000*900*1050mm<\/td><td>3600*930*1240mm<\/td><td>4200*1170*1250mm<\/td><\/tr><tr><td>Gewicht<\/td><td>300kg<\/td><td>980kg<\/td><td>1100kg<\/td><td>1400 kg<\/td><\/tr><\/tbody><\/table><figcaption class=\"wp-element-caption\">Parameter der Silageh\u00e4ckslermaschine<\/figcaption><\/figure>    <p>Wie Sie der Tabelle oben entnehmen k\u00f6nnen, haben wir vier Arten von Knetmaschinen im Angebot: 9RSZ-4, 9RSZ-6, 9RSZ-10 und 9RSZ-15. Sie k\u00f6nnen auch die Leistung, die Anzahl der Messer, das Material usw. kennen. Wenn Sie weitere Informationen w\u00fcnschen, nehmen Sie gerne Kontakt mit uns auf!<\/p>    <figure class=\"wp-block-gallery has-nested-images columns-default is-cropped wp-block-gallery-2 is-layout-flex wp-block-gallery-is-layout-flex\"> <figure class=\"wp-block-image size-large\"><img loading=\"lazy\" decoding=\"async\" width=\"720\" height=\"720\" data-id=\"7019\" src=\"https:\/\/taizyagromachine.com\/wp-content\/uploads\/2024\/08\/corn-silage-chopper-machine.webp\" alt=\"Maissilage-H\u00e4ckslermaschine\" class=\"wp-image-7019\" srcset=\"https:\/\/taizyagromachine.com\/wp-content\/uploads\/2024\/08\/corn-silage-chopper-machine.webp 720w, https:\/\/taizyagromachine.com\/wp-content\/uploads\/2024\/08\/corn-silage-chopper-machine-12x12.webp 12w\" sizes=\"auto, (max-width: 720px) 100vw, 720px\" \/><figcaption class=\"wp-element-caption\">Maissilage-H\u00e4ckslermaschine<\/figcaption><\/figure>    <figure class=\"wp-block-image size-large\"><img loading=\"lazy\" decoding=\"async\" width=\"720\" height=\"720\" data-id=\"7020\" src=\"https:\/\/taizyagromachine.com\/wp-content\/uploads\/2024\/08\/silage-chaff-cutting-machine.webp\" alt=\"Silageh\u00e4ckselmaschine\" class=\"wp-image-7020\" srcset=\"https:\/\/taizyagromachine.com\/wp-content\/uploads\/2024\/08\/silage-chaff-cutting-machine.webp 720w, https:\/\/taizyagromachine.com\/wp-content\/uploads\/2024\/08\/silage-chaff-cutting-machine-12x12.webp 12w\" sizes=\"auto, (max-width: 720px) 100vw, 720px\" \/><figcaption class=\"wp-element-caption\">Silageh\u00e4ckselmaschine<\/figcaption><\/figure> <\/figure>    <h2 class=\"wp-block-heading\"><strong>Struktur der Taizy-Silageh\u00e4ckslermaschine<\/strong><\/h2>    <p>Unsere Silageschneidemaschine besteht aus Zufuhreinlass, Schneid- und Knetvorrichtung, Auslass und \u00dcbertragungssystem.<\/p>    <ul class=\"wp-block-list\"> <li>Diese Maschine verf\u00fcgt \u00fcber eine automatische Kettenf\u00fctterungsvorrichtung, die f\u00fcr Futter mit gro\u00dfen Durchmessern geeignet ist. Es kann das Gras gleichm\u00e4\u00dfig und kontinuierlich f\u00fcttern, was Arbeit spart und die Arbeitsintensit\u00e4t des Bedieners verringert.<\/li>    <li>Unsere Futterh\u00e4cksler verf\u00fcgen \u00fcber ein doppeltes Paar Druckwalzen zum Ansaugen und Schneiden des Grases, wodurch der Kneteffekt verbessert wird. Der Vorschub erfolgt reibungslos und ohne Verstopfungen, was die Arbeitseffizienz verbessert.<\/li>    <li>Die Maschine ist zum einfachen Bewegen mit abnehmbaren Laufr\u00e4dern ausgestattet.<\/li> <\/ul>    <figure class=\"wp-block-gallery has-nested-images columns-default is-cropped wp-block-gallery-3 is-layout-flex wp-block-gallery-is-layout-flex\"> <figure class=\"wp-block-image size-full\"><img loading=\"lazy\" decoding=\"async\" width=\"720\" height=\"720\" data-id=\"7024\" src=\"https:\/\/taizyagromachine.com\/wp-content\/uploads\/2024\/08\/machine-feeding-chain.webp\" alt=\"Maschinenvorschubkette\" class=\"wp-image-7024\" srcset=\"https:\/\/taizyagromachine.com\/wp-content\/uploads\/2024\/08\/machine-feeding-chain.webp 720w, https:\/\/taizyagromachine.com\/wp-content\/uploads\/2024\/08\/machine-feeding-chain-12x12.webp 12w\" sizes=\"auto, (max-width: 720px) 100vw, 720px\" \/><figcaption class=\"wp-element-caption\">Maschinenvorschubkette<\/figcaption><\/figure>    <figure class=\"wp-block-image size-full\"><img loading=\"lazy\" decoding=\"async\" width=\"720\" height=\"720\" data-id=\"7023\" src=\"https:\/\/taizyagromachine.com\/wp-content\/uploads\/2024\/08\/internal-parts-of-silage-making-machine.webp\" alt=\"Innenteile der Silagemaschine\" class=\"wp-image-7023\" srcset=\"https:\/\/taizyagromachine.com\/wp-content\/uploads\/2024\/08\/internal-parts-of-silage-making-machine.webp 720w, https:\/\/taizyagromachine.com\/wp-content\/uploads\/2024\/08\/internal-parts-of-silage-making-machine-12x12.webp 12w\" sizes=\"auto, (max-width: 720px) 100vw, 720px\" \/><figcaption class=\"wp-element-caption\">Innenteile der Silagemaschine<\/figcaption><\/figure> <\/figure>    <h2 class=\"wp-block-heading\"><strong>Wie funktioniert die Maissilage-Schneidemaschine?<\/strong><\/h2>    <p>Lassen Sie uns nach dem Verst\u00e4ndnis der Maschinenstruktur sehen, wie die Maschine funktioniert.<\/p>    <ul class=\"wp-block-list\"> <li>Starten Sie zun\u00e4chst den Rotormotor. Nachdem die Maschine reibungslos l\u00e4uft, starten Sie den Untersetzungsmotor des automatischen Vorschubmechanismus. Die automatische F\u00fctterungseinrichtung beginnt zu arbeiten.<\/li>    <li>Anschlie\u00dfend verteilt der Bediener das Stroh gleichm\u00e4\u00dfig auf der automatischen Zuf\u00fchrkettenplatte.<\/li>    <li>Anschlie\u00dfend wird das Material mit Hochgeschwindigkeitsh\u00e4mmern und feststehenden Knetplatten geschlagen, zerrissen und zu seidenen Formen geknetet.<\/li>    <li>Abschlie\u00dfend werden die fertigen Produkte durch die Zentrifugalkraft aus der Maschine geschleudert.<\/li> <\/ul>    <h2 class=\"wp-block-heading\"><strong>Wie hoch ist der Preis f\u00fcr Silage Chopper Machine?<\/strong><\/h2>    <p>Der Preis der Siloschneidmaschine wird von mehreren Faktoren beeinflusst, darunter Maschinenmodell, Funktionskonfiguration, Kapazit\u00e4tsgr\u00f6\u00dfe und Marke. Beim Kauf m\u00fcssen Sie Ihre spezifischen Bed\u00fcrfnisse und Ihr Budget ber\u00fccksichtigen, um das kosteng\u00fcnstigste Produkt auszuw\u00e4hlen.<\/p>    <p>Wenn Sie ein detailliertes Angebot w\u00fcnschen, k\u00f6nnen Sie uns gerne f\u00fcr weitere Maschineninformationen kontaktieren!<\/p>   <div class=\"wp-block-image\"> <figure class=\"aligncenter size-full\"><img loading=\"lazy\" decoding=\"async\" width=\"720\" height=\"540\" src=\"https:\/\/taizyagromachine.com\/wp-content\/uploads\/2024\/08\/grass-cutting-machine-for-silage-making.webp\" alt=\"Grasschneidemaschine f\u00fcr die Silageherstellung\" class=\"wp-image-7021\" srcset=\"https:\/\/taizyagromachine.com\/wp-content\/uploads\/2024\/08\/grass-cutting-machine-for-silage-making.webp 720w, https:\/\/taizyagromachine.com\/wp-content\/uploads\/2024\/08\/grass-cutting-machine-for-silage-making-16x12.webp 16w\" sizes=\"auto, (max-width: 720px) 100vw, 720px\" \/><figcaption class=\"wp-element-caption\">Grasschneidemaschine f\u00fcr die Silageherstellung<\/figcaption><\/figure> <\/div>   <h2 class=\"wp-block-heading\"><strong>Tipps zur Auswahl einer geeigneten Heuschneidemaschine<\/strong><\/h2>    <p>Bei der Auswahl der richtigen Silageschneidemaschine m\u00fcssen Sie folgende Punkte ber\u00fccksichtigen:<\/p>    <ul class=\"wp-block-list\"> <li>Betriebsanforderungen (z. B. Schnittl\u00e4nge, Kapazit\u00e4t)<\/li>    <li>Langlebigkeit und einfache Wartung der Maschine<\/li>    <li>Ob der After-Sales-Service perfekt ist<\/li> <\/ul>    <p>W\u00e4hlen Sie die beste Grasschneidemaschine aus, indem Sie die oben genannten Punkte ber\u00fccksichtigen.<\/p>    <h2 class=\"wp-block-heading\"><strong>Passende Siliermaschinen<\/strong><\/h2>    <p class=\"translation-block\">Als professioneller Hersteller und Lieferant von Silagemaschinen sind wir seit Jahrzehnten in dieser Branche t\u00e4tig. Nach unserer Erfahrung kaufen Kunden es normalerweise zusammen mit einer <a href=\"https:\/\/taizyagromachine.com\/de\/product\/silage-baler\/\">Silage-Ballenpress- und Wickelmaschine<\/a> zur Silageherstellung und -verpackung.<\/p>    <figure class=\"wp-block-embed is-type-video is-provider-youtube wp-block-embed-youtube wp-embed-aspect-16-9 wp-has-aspect-ratio\"><div class=\"wp-block-embed__wrapper\"> <iframe loading=\"lazy\" title=\"Effizientes Silageschneiden, Ballenpressen und Wickeln mit Spreuschneider und Silagerundballenpresse | Maisballenpresse\" width=\"500\" height=\"281\" src=\"https:\/\/www.youtube.com\/embed\/l3m4bY3Ddr8?feature=oembed\" frameborder=\"0\" allow=\"accelerometer; autoplay; clipboard-write; encrypted-media; gyroscope; picture-in-picture; web-share\" referrerpolicy=\"strict-origin-when-cross-origin\" allowfullscreen><\/iframe> <\/div><figcaption class=\"wp-element-caption\">Video von H\u00e4cksler und Silage-Rundballenpresse<\/figcaption><\/figure>    <p class=\"translation-block\">Neben dieser Silage-Schneidemaschine haben wir auch andere Maschinen zur Silageherstellung, wie <a href=\"https:\/\/taizyagromachine.com\/de\/product\/straw-crushing-and-recycling-machine\/\">Futterernter<\/a>, H\u00e4cksler und Getreidem\u00fchle usw. Wenn Sie <a href=\"https:\/\/en.wikipedia.org\/wiki\/Silage\" target=\"_blank\" rel=\"noopener\">Silage<\/a> herstellen m\u00f6chten, kontaktieren Sie uns jetzt f\u00fcr weitere Details!<\/p>    <figure class=\"wp-block-embed is-type-video is-provider-youtube wp-block-embed-youtube wp-embed-aspect-16-9 wp-has-aspect-ratio\"><div class=\"wp-block-embed__wrapper\"> <iframe loading=\"lazy\" title=\"6t\/h Futter -Spreu Cutter f\u00fcr Silage Making | Feedback von Silage Chopper von der nigerianischen Farm f\u00fcr Silage\" width=\"500\" height=\"281\" src=\"https:\/\/www.youtube.com\/embed\/p5lQdpx-SSk?feature=oembed\" frameborder=\"0\" allow=\"accelerometer; autoplay; clipboard-write; encrypted-media; gyroscope; picture-in-picture; web-share\" referrerpolicy=\"strict-origin-when-cross-origin\" allowfullscreen><\/iframe> <\/div><figcaption class=\"wp-element-caption\">Futterheuschneidemaschine<\/figcaption><\/figure>","protected":false},"excerpt":{"rendered":"<p>Unsere Silage-Schneidemaschine wird verwendet, um trockene und feuchte Strohhalme, Gras, Maisstiele, Sorghum-Strohhalme, Heu usw. in feines Gras (L\u00e4nge von 10 bis 180 mm und Breite von \u2264 10 mm) zum F\u00fcttern von Tieren zu schneiden. Die Kapazit\u00e4t reicht von 4t\/h bis 15t\/h.<\/p>","protected":false},"author":1,"featured_media":7012,"parent":0,"template":"","tags":[116],"product-type":[19],"class_list":["post-7010","product","type-product","status-publish","has-post-thumbnail","hentry","tag-silage","product-type-silage-machine"],"_links":{"self":[{"href":"https:\/\/taizyagromachine.com\/de\/wp-json\/wp\/v2\/product\/7010","targetHints":{"allow":["GET"]}}],"collection":[{"href":"https:\/\/taizyagromachine.com\/de\/wp-json\/wp\/v2\/product"}],"about":[{"href":"https:\/\/taizyagromachine.com\/de\/wp-json\/wp\/v2\/types\/product"}],"author":[{"embeddable":true,"href":"https:\/\/taizyagromachine.com\/de\/wp-json\/wp\/v2\/users\/1"}],"wp:featuredmedia":[{"embeddable":true,"href":"https:\/\/taizyagromachine.com\/de\/wp-json\/wp\/v2\/media\/7012"}],"wp:attachment":[{"href":"https:\/\/taizyagromachine.com\/de\/wp-json\/wp\/v2\/media?parent=7010"}],"wp:term":[{"taxonomy":"post_tag","embeddable":true,"href":"https:\/\/taizyagromachine.com\/de\/wp-json\/wp\/v2\/tags?post=7010"},{"taxonomy":"product-type","embeddable":true,"href":"https:\/\/taizyagromachine.com\/de\/wp-json\/wp\/v2\/product-type?post=7010"}],"curies":[{"name":"wp","href":"https:\/\/api.w.org\/{rel}","templated":true}]}}