{"id":7059,"date":"2024-09-25T18:30:15","date_gmt":"2024-09-25T10:30:15","guid":{"rendered":"https:\/\/taizyagromachine.com\/?post_type=product&#038;p=7059"},"modified":"2024-10-15T09:44:10","modified_gmt":"2024-10-15T01:44:10","slug":"maize-grit-plant","status":"publish","type":"product","link":"https:\/\/taizyagromachine.com\/de\/product\/maize-grit-plant\/","title":{"rendered":"Vollautomatische Maisgrie\u00dfanlage"},"content":{"rendered":"<p class=\"translation-block\">Taizy <strong>Maisgrie\u00dfanlage<\/strong> ist vollautomatisch f\u00fcr die Maisverarbeitung zur Herstellung von gro\u00dfen und kleinen Maisgrie\u00dfen und Maismehl nach der Nassmethode. Die Endproduktgr\u00f6\u00dfe reicht von 0,8-8 mm (Maismehl oder Maisgrie\u00df).<\/p>    <p>Diese Maisgrie\u00dfanlage wendet eine doppelte Sch\u00e4lmethode an, um das Endprodukt von h\u00f6herer Qualit\u00e4t zu erhalten. Dar\u00fcber hinaus betr\u00e4gt die Leistung einer Maisgrie\u00dfmaschine in der gesamten Mais-Entkeimungs- und Mahlanlage 200\u2013400 kg\/h. Wenn Sie eine h\u00f6here Leistung w\u00fcnschen, k\u00f6nnen Sie mehr ausr\u00fcsten. Sie k\u00f6nnen uns auch kontaktieren, um genauere Informationen zu erhalten.<\/p>    <figure class=\"wp-block-embed is-type-video is-provider-youtube wp-block-embed-youtube wp-embed-aspect-16-9 wp-has-aspect-ratio\"><div class=\"wp-block-embed__wrapper\"> <iframe loading=\"lazy\" title=\"Komplette Maisgrie\u00df- und Maismehlverarbeitung: Reinigen, Sch\u00e4len und Mahlen mit einer Maisgrie\u00dfmaschine\" width=\"500\" height=\"281\" src=\"https:\/\/www.youtube.com\/embed\/re0Wd3-MQH4?feature=oembed\" frameborder=\"0\" allow=\"accelerometer; autoplay; clipboard-write; encrypted-media; gyroscope; picture-in-picture; web-share\" referrerpolicy=\"strict-origin-when-cross-origin\" allowfullscreen><\/iframe> <\/div><figcaption class=\"wp-element-caption\">Maschinenanlage zur Herstellung von nassem Maisgrie\u00df<\/figcaption><\/figure>    <h2 class=\"wp-block-heading\"><strong>Wie macht man Maisgrie\u00df und Maismehl Schritt f\u00fcr Schritt?<\/strong><\/h2>    <p class=\"translation-block\">Die Schritte dieser Maisgrit-Anlage sind <strong>Maisreinigung\u2192Befeuchtung\u2192Sch\u00e4len\u2192Maismahlung und Grits-Herstellung<\/strong>. Wir haben passende Ger\u00e4te, um diese Aktivit\u00e4ten durchzuf\u00fchren. Siehe die Details unten.<\/p>   <div class=\"wp-block-image\"> <figure class=\"aligncenter size-full\"><img loading=\"lazy\" decoding=\"async\" width=\"842\" height=\"363\" src=\"https:\/\/taizyagromachine.com\/wp-content\/uploads\/2024\/09\/flow-chart-of-maize-grits-processing-plant.webp\" alt=\"Flussdiagramm der Maisgrie\u00dfverarbeitungsanlage\" class=\"wp-image-7073\" srcset=\"https:\/\/taizyagromachine.com\/wp-content\/uploads\/2024\/09\/flow-chart-of-maize-grits-processing-plant.webp 842w, https:\/\/taizyagromachine.com\/wp-content\/uploads\/2024\/09\/flow-chart-of-maize-grits-processing-plant-18x8.webp 18w\" sizes=\"auto, (max-width: 842px) 100vw, 842px\" \/><figcaption class=\"wp-element-caption\">Flussdiagramm der Maisgrie\u00dfverarbeitungsanlage<\/figcaption><\/figure> <\/div>   <ol class=\"wp-block-list\"> <li><strong>Reinigung von Mais<\/strong>: Dieser Schritt besteht darin, Verunreinigungen, Steine \u200b\u200busw. aus dem Mais zu entfernen.<\/li>    <li><strong>Einweichen<\/strong>: Nach der Reinigung den Mais in Wasser einweichen, um ihn weicher zu machen.<\/li>    <li><strong>Peeling<\/strong>: Dann die Maishaut. Es ist gut f\u00fcr nachfolgende Maisk\u00f6rnern und Maismehlfr\u00e4sen.<\/li>    <li><strong>Schleifen<\/strong>: Dieser Schritt besteht darin, die Maisschalen erneut zu sch\u00e4len und dann den gesch\u00e4lten Mais zu den erforderlichen K\u00f6rnern und Mehl zu mahlen und zu mahlen.<\/li> <\/ol>    <p class=\"translation-block\"><strong>Ausr\u00fcstung in jedem Schritt<\/strong><\/p>    <ul class=\"wp-block-list\"> <li><a href=\"https:\/\/taizyagromachine.com\/de\/product\/corn-cleaning-machine\/\"><strong>Maisreiniger<\/strong><\/a>: Es entfernt die Verunreinigungen aus dem Mais.<\/li>    <li><strong>Silo<\/strong>: Es h\u00e4lt und tr\u00e4nkt haupts\u00e4chlich Mais.<\/li>    <li><a href=\"https:\/\/taizyagromachine.com\/de\/product\/corn-peeling-machine-maize-skin-remove\/\"><strong>Maissch\u00e4lmaschine<\/strong><\/a>: Die Maisschalen werden entfernt.<\/li>    <li><a href=\"https:\/\/taizyagromachine.com\/de\/product\/maize-grits-milling-machine\/\"><strong>Maisgrie\u00dfmaschine<\/strong><\/a>: Diese Maschine mahlt den verarbeiteten Mais zu Maismehl und Maisgrie\u00df.<\/li> <\/ul>    <p class=\"translation-block\"><strong>Maschinenkonfigurationsparameter der Maisgrits-Verarbeitungsanlage<\/strong><\/p>    <figure class=\"wp-block-table\"><table class=\"has-fixed-layout\"><tbody><tr><td>Seriennummer<\/td><td>Name<\/td><td>Leistung<\/td><\/tr><tr><td>1<\/td><td>Maisreinigungsmaschine<\/td><td>4 kW<\/td><\/tr><tr><td>2<\/td><td>Silo<\/td><td>1,5 kW<\/td><\/tr><tr><td>3<\/td><td>Maissch\u00e4lmaschine<\/td><td>11 kW<\/td><\/tr><tr><td>4<\/td><td>Maschine zur Herstellung von Maisgrie\u00df<\/td><td>7,5+5,5 kW<\/td><\/tr><\/tbody><\/table><figcaption class=\"wp-element-caption\">Konfigurationsliste f\u00fcr eine Maisgrie\u00df- und Maiskeimproduktionsanlage<\/figcaption><\/figure>    <p>Zus\u00e4tzlich zu der oben genannten Ausr\u00fcstung muss unsere Maisgrie\u00dfanlage noch Folgendes erf\u00fcllen:<\/p>    <ul class=\"wp-block-list\"> <li>F\u00f6rderer<\/li>    <li>Aufzug<\/li>    <li>Doppelaufzug<\/li>    <li>Trichter<\/li>    <li>Verteilerkasten<\/li> <\/ul>    <p>Wenn Sie weitere Informationen w\u00fcnschen, k\u00f6nnen Sie sich gerne an uns wenden. Wir werden die Maschinendetails f\u00fcr Ihre Referenz angeben. <\/p>   <div class=\"wp-block-image\"> <figure class=\"aligncenter size-full\"><img loading=\"lazy\" decoding=\"async\" width=\"1020\" height=\"540\" src=\"https:\/\/taizyagromachine.com\/wp-content\/uploads\/2024\/09\/corn-grits-and-flour-milling-plant-in-the-factory.webp\" alt=\"Maisgrie\u00df und Mehlm\u00fchlenanlage in der Fabrik\" class=\"wp-image-7077\" srcset=\"https:\/\/taizyagromachine.com\/wp-content\/uploads\/2024\/09\/corn-grits-and-flour-milling-plant-in-the-factory.webp 1020w, https:\/\/taizyagromachine.com\/wp-content\/uploads\/2024\/09\/corn-grits-and-flour-milling-plant-in-the-factory-18x10.webp 18w\" sizes=\"auto, (max-width: 1020px) 100vw, 1020px\" \/><figcaption class=\"wp-element-caption\">Maisgrie\u00df und Mehlm\u00fchlenanlage in der Fabrik<\/figcaption><\/figure> <\/div>   <h2 class=\"wp-block-heading\"><strong>Vorteile der Maisgrie\u00dfpflanze<\/strong><\/h2>    <p>Die Maisgrie\u00dfpflanze bietet eine Reihe von Vorteilen, darunter:<\/p>    <ul class=\"wp-block-list\"> <li>Die Mais-Entkeimungs- und Mahlanlage kann <strong>Machen Sie 0,8\u20138 mm Maisgrie\u00df und Maismehl<\/strong> um unterschiedliche Kundenbed\u00fcrfnisse zu erf\u00fcllen.<\/li>    <li><strong>1 Person kann die gesamte Anlage bedienen<\/strong>, das einen hohen Automatisierungsgrad aufweist.<\/li>    <li>Unser Maschinenwerk f\u00fcr Maisgrie\u00df ist <strong>energiesparend und umweltfreundlich<\/strong>. Es setzt fortschrittliche Technologie und Ausr\u00fcstung ein, um den Energieverbrauch zu senken.<\/li>    <li>Diese Pflanze ist<strong> lebensmittelecht<\/strong>, hygienisch und sicher.<\/li>    <li>Wir k\u00f6nnen <strong>die Ausstattung flexibel konfigurieren<\/strong> um Ihre Bed\u00fcrfnisse zu erf\u00fcllen.<\/li>    <li>Es ist ein <strong>schnelle Kapitalrendite<\/strong>. Es zeichnet sich durch einen kurzen Produktionszyklus und einen schnellen Return on Investment aus.<\/li> <\/ul>   <div class=\"wp-block-image\"> <figure class=\"aligncenter size-full\"><img loading=\"lazy\" decoding=\"async\" width=\"720\" height=\"540\" src=\"https:\/\/taizyagromachine.com\/wp-content\/uploads\/2024\/09\/maize-grit-plant-for-corn-processing.webp\" alt=\"Maisgrie\u00dfanlage f\u00fcr die Maisverarbeitung\" class=\"wp-image-7079\" srcset=\"https:\/\/taizyagromachine.com\/wp-content\/uploads\/2024\/09\/maize-grit-plant-for-corn-processing.webp 720w, https:\/\/taizyagromachine.com\/wp-content\/uploads\/2024\/09\/maize-grit-plant-for-corn-processing-16x12.webp 16w\" sizes=\"auto, (max-width: 720px) 100vw, 720px\" \/><figcaption class=\"wp-element-caption\">Maisgrie\u00dfanlage f\u00fcr die Maisverarbeitung<\/figcaption><\/figure> <\/div>   <h2 class=\"wp-block-heading\"><strong>Anwendungen von Maisgrie\u00dfmahlanlagen<\/strong><\/h2>    <p>Die Endprodukte der Maisgrie\u00dfmaschinenanlage sind Maisgrie\u00df und Maismehl. Maisgrie\u00df und Maismehl werden h\u00e4ufig in der Lebensmittelverarbeitung, Futtermittelverarbeitung und anderen Industrien verwendet.<\/p>    <ul class=\"wp-block-list\"> <li><strong>Eigenverbrauch<\/strong>: ged\u00e4mpftes Brot, Brei usw.<\/li>    <li><strong>Lebensmittelverarbeitung<\/strong>: als Rohstoffe f\u00fcr Backwaren, Nudeln, Fr\u00fchst\u00fccksspeisen usw.<\/li>    <li><strong>Futterverarbeitung<\/strong>: Wird als Rohstoff f\u00fcr Vieh- und Gefl\u00fcgelfutter verwendet.<\/li>    <li><strong>St\u00e4rkeproduktion<\/strong>: Wird als Rohstoff f\u00fcr die St\u00e4rkeproduktion verwendet.<\/li> <\/ul>    <h2 class=\"wp-block-heading\"><strong>Wie hoch ist der Preis f\u00fcr Maiskornmaschinenanlage?<\/strong><\/h2>    <p>Der Preis der Maisgrie\u00dfanlage Taizy variiert je nach Kapazit\u00e4t, Konfiguration und Marke. Im Allgemeinen wird der Preis einer kleinen Verarbeitungsanlage relativ niedrig sein, w\u00e4hrend die Investition in gro\u00dfe vollautomatische Anlagen h\u00f6her sein wird.<\/p>    <p>Wenn Sie konkrete Angebotsinformationen anfragen m\u00f6chten, empfehlen wir Ihnen, sich direkt an uns zu wenden. Teilen Sie uns Ihre spezifischen Bed\u00fcrfnisse und Ihr Budget mit und wir unterbreiten Ihnen das beste Angebot entsprechend diesen.<\/p>   <div class=\"wp-block-image\"> <figure class=\"aligncenter size-full\"><img loading=\"lazy\" decoding=\"async\" width=\"720\" height=\"540\" src=\"https:\/\/taizyagromachine.com\/wp-content\/uploads\/2024\/09\/corn-grit-machine-plant-display.webp\" alt=\"Ausstellung einer Maisgrie\u00dfmaschinenanlage\" class=\"wp-image-7081\" srcset=\"https:\/\/taizyagromachine.com\/wp-content\/uploads\/2024\/09\/corn-grit-machine-plant-display.webp 720w, https:\/\/taizyagromachine.com\/wp-content\/uploads\/2024\/09\/corn-grit-machine-plant-display-16x12.webp 16w\" sizes=\"auto, (max-width: 720px) 100vw, 720px\" \/><figcaption class=\"wp-element-caption\">Ausstellung einer Maisgrie\u00dfmaschinenanlage<\/figcaption><\/figure> <\/div>   <h2 class=\"wp-block-heading\"><strong>Warum sollten Sie sich f\u00fcr die Maisgrie\u00dfpflanze Taizy entscheiden?<\/strong><\/h2>    <p class=\"translation-block\">Der Grund, warum man Taizy unter vielen <a href=\"https:\/\/taizyagromachine.com\/de\/product\/maize-grits-milling-machine\/\">Anbietern von Maisgritsmaschinen<\/a> auf dem Markt w\u00e4hlen sollte, ist:<\/p>    <ul class=\"wp-block-list\"> <li><strong>Fortschrittliche Technologie<\/strong>. Taizy verf\u00fcgt \u00fcber langj\u00e4hrige Erfahrung in der Entwicklung und Herstellung von Maisverarbeitungsger\u00e4ten. <\/li>    <li><strong>Zuverl\u00e4ssige Qualit\u00e4t<\/strong>. Unsere Produkte bestehen aus hochwertigen Materialien und sind langlebig. Beispielsweise besteht die Innenstruktur unserer Maschine zur Herstellung von Maisgrie\u00df aus Stahl.<\/li>    <li><strong>Ma\u00dfgeschneiderter Service<\/strong>. Wir bieten ma\u00dfgeschneiderte L\u00f6sungen nach Ihren Bed\u00fcrfnissen.<\/li>    <li><strong>Zuverl\u00e4ssiger After-Sales-Service<\/strong>. Maschinentest, Inbetriebnahme, Bedienungsanleitung, Online-Anleitung usw.<\/li> <\/ul>   <div class=\"wp-block-image\"> <figure class=\"aligncenter size-full\"><img loading=\"lazy\" decoding=\"async\" width=\"720\" height=\"500\" src=\"https:\/\/taizyagromachine.com\/wp-content\/uploads\/2024\/09\/maize-corn-grits-flour-milling-processing-plant.webp\" alt=\"Mais, Maisgrie\u00df, Mehlm\u00fchle, Verarbeitungsanlage\" class=\"wp-image-7083\" srcset=\"https:\/\/taizyagromachine.com\/wp-content\/uploads\/2024\/09\/maize-corn-grits-flour-milling-processing-plant.webp 720w, https:\/\/taizyagromachine.com\/wp-content\/uploads\/2024\/09\/maize-corn-grits-flour-milling-processing-plant-18x12.webp 18w\" sizes=\"auto, (max-width: 720px) 100vw, 720px\" \/><figcaption class=\"wp-element-caption\">Mais, Maisgrie\u00df, Mehlm\u00fchle, Verarbeitungsanlage<\/figcaption><\/figure> <\/div>   <h2 class=\"wp-block-heading\"><strong>Kontaktieren Sie uns jetzt f\u00fcr weitere Details!<\/strong><\/h2>    <p class=\"translation-block\">Wenn Sie an der Maisgritsverarbeitungsanlage von Taizy interessiert sind oder Fragen haben, kontaktieren Sie uns bitte. Wir geben Ihnen gerne detaillierte Informationen und Vorschl\u00e4ge, um Ihnen bei der Auswahl der am besten geeigneten Ausr\u00fcstung f\u00fcr Ihre <a href=\"https:\/\/en.wikipedia.org\/wiki\/Grits\" target=\"_blank\" rel=\"noopener\">Maisgrits<\/a>-Herstellungsbed\u00fcrfnisse zu helfen.<\/p>","protected":false},"excerpt":{"rendered":"<p>Taizy Mais Grit Plant dient zur Maisverarbeitung, um gro\u00dfe und kleine Maisk\u00f6rnern und Maismehl nach der nassen Methode herzustellen. Die Endproduktgr\u00f6\u00dfe betr\u00e4gt 0,8-8 mm. <\/p>","protected":false},"author":1,"featured_media":7072,"parent":0,"template":"","tags":[228,226,227],"product-type":[27],"class_list":["post-7059","product","type-product","status-publish","has-post-thumbnail","hentry","tag-corn-flour","tag-corn-grits","tag-maize-grits","product-type-solutions"],"_links":{"self":[{"href":"https:\/\/taizyagromachine.com\/de\/wp-json\/wp\/v2\/product\/7059","targetHints":{"allow":["GET"]}}],"collection":[{"href":"https:\/\/taizyagromachine.com\/de\/wp-json\/wp\/v2\/product"}],"about":[{"href":"https:\/\/taizyagromachine.com\/de\/wp-json\/wp\/v2\/types\/product"}],"author":[{"embeddable":true,"href":"https:\/\/taizyagromachine.com\/de\/wp-json\/wp\/v2\/users\/1"}],"wp:featuredmedia":[{"embeddable":true,"href":"https:\/\/taizyagromachine.com\/de\/wp-json\/wp\/v2\/media\/7072"}],"wp:attachment":[{"href":"https:\/\/taizyagromachine.com\/de\/wp-json\/wp\/v2\/media?parent=7059"}],"wp:term":[{"taxonomy":"post_tag","embeddable":true,"href":"https:\/\/taizyagromachine.com\/de\/wp-json\/wp\/v2\/tags?post=7059"},{"taxonomy":"product-type","embeddable":true,"href":"https:\/\/taizyagromachine.com\/de\/wp-json\/wp\/v2\/product-type?post=7059"}],"curies":[{"name":"wp","href":"https:\/\/api.w.org\/{rel}","templated":true}]}}