{"id":7334,"date":"2024-11-27T17:40:53","date_gmt":"2024-11-27T09:40:53","guid":{"rendered":"https:\/\/taizyagromachine.com\/?post_type=product&#038;p=7334"},"modified":"2024-11-28T10:50:08","modified_gmt":"2024-11-28T02:50:08","slug":"no-till-corn-planter-machine","status":"publish","type":"product","link":"https:\/\/taizyagromachine.com\/de\/product\/no-till-corn-planter-machine\/","title":{"rendered":"Direktsaatmaschine f\u00fcr Mais f\u00fcr Traktoren"},"content":{"rendered":"<p class=\"translation-block\">Diese <strong>Maispflanzmaschine<\/strong> ist eine Serie 2BYSF und kann Mais, Sojabohnen oder Sorghum in Ebenen und h\u00fcgeligen Gebieten d\u00fcngen und auss\u00e4en. Sie ist f\u00fcr den Einsatz mit 4-Rad-Traktoren (12-100 PS) f\u00fcr die gro\u00dffl\u00e4chige landwirtschaftliche Aussaat konzipiert.<\/p>    <p>Die Taizy-Maispflanzmaschine hat einen Reihenabstand von 428\u2013570 mm, einen Pflanzabstand von 140\u2013280 mm und eine Grabentiefe von 60\u201380 mm. Diese sind anpassbar, um Ihren Anforderungen an die Maisaussaat gerecht zu werden. <\/p>    <p>Mit seiner hohen Effizienz, Pr\u00e4zision und Vielseitigkeit ist es zu einem wichtigen Werkzeug f\u00fcr die modernisierte Landwirtschaft geworden. Wenn Sie nach einer Maissaatmaschine suchen, kontaktieren Sie uns gerne f\u00fcr weitere Details!<\/p>    <figure class=\"wp-block-embed is-type-video is-provider-youtube wp-block-embed-youtube wp-embed-aspect-16-9 wp-has-aspect-ratio\"><div class=\"wp-block-embed__wrapper\"> <iframe loading=\"lazy\" title=\"Effiziente Maispflanzmaschine f\u00fcr Traktor | Hochpr\u00e4zise Maisaussaat | Direktsaat f\u00fcr Mais\" width=\"500\" height=\"281\" src=\"https:\/\/www.youtube.com\/embed\/RaK92i2FgL4?feature=oembed\" frameborder=\"0\" allow=\"accelerometer; autoplay; clipboard-write; encrypted-media; gyroscope; picture-in-picture; web-share\" referrerpolicy=\"strict-origin-when-cross-origin\" allowfullscreen><\/iframe> <\/div><figcaption class=\"wp-element-caption\">Video einer zum Verkauf stehenden Reihenpflanzmaschine<\/figcaption><\/figure>    <h2 class=\"wp-block-heading\"><strong>Vorteile der Saatmaispflanzmaschine<\/strong><\/h2>    <ul class=\"wp-block-list\"> <li><strong>Mehrreihige Aussaat<\/strong>: Sie kann in der Regel 2, 3, 4, 5 oder sogar mehr Reihen s\u00e4en und eine gro\u00dffl\u00e4chige Bepflanzung in einem Arbeitsgang durchf\u00fchren.<\/li>    <li><strong>Pr\u00e4zise Kontrolle<\/strong>: Die Saattiefe, der Saatabstand und der Reihenabstand k\u00f6nnen angepasst werden, um eine saubere Aussaat und Saatkeimungsrate zu gew\u00e4hrleisten.<\/li>    <li><strong>Effizienter Betrieb<\/strong>: Durch die Zugkraft des Traktors eignet es sich f\u00fcr die gro\u00dffl\u00e4chige Bepflanzung von Ackerland und deckt eine gro\u00dfe Fl\u00e4che in einem einzigen Arbeitsgang ab, was die Pflanzeffizienz erheblich verbessert.<\/li>    <li><strong>Multifunktionalit\u00e4t<\/strong>: Diese S\u00e4maschine unterst\u00fctzt den gleichzeitigen Betrieb der D\u00fcngemittelausbringung und realisiert die Integration von Aussaat und D\u00fcngemittelausbringung.<\/li>    <li><strong>Einfache Wartung<\/strong>: Einfache Struktur der Ausr\u00fcstung, starke Haltbarkeit, geeignet f\u00fcr mehrere hochintensive Operationen.<\/li> <\/ul>   <div class=\"wp-block-image\"> <figure class=\"aligncenter size-full\"><img loading=\"lazy\" decoding=\"async\" width=\"720\" height=\"540\" src=\"https:\/\/taizyagromachine.com\/wp-content\/uploads\/2024\/11\/Taizy-corn-and-soybean-planter.webp\" alt=\"Mais- und Sojabohnenpflanzer von Taizy\" class=\"wp-image-7351\" srcset=\"https:\/\/taizyagromachine.com\/wp-content\/uploads\/2024\/11\/Taizy-corn-and-soybean-planter.webp 720w, https:\/\/taizyagromachine.com\/wp-content\/uploads\/2024\/11\/Taizy-corn-and-soybean-planter-16x12.webp 16w\" sizes=\"auto, (max-width: 720px) 100vw, 720px\" \/><figcaption class=\"wp-element-caption\">Mais- und Sojabohnenpflanzer von Taizy<\/figcaption><\/figure> <\/div>   <h2 class=\"wp-block-heading\"><strong>Technische Parameter der Maispflanzmaschine<\/strong><\/h2>    <p>Als professioneller Hersteller und Produzent von landwirtschaftlichen Ger\u00e4ten verf\u00fcgen wir \u00fcber Maispflanzmaschinen in verschiedenen Reihengr\u00f6\u00dfen. Unsere Pflanzgef\u00e4\u00dfe verf\u00fcgen \u00fcber einen einstellbaren Pflanz- und Reihenabstand. Spezifische Parameterdetails finden Sie in der folgenden Tabelle.<\/p>    <figure class=\"wp-block-table\"><table class=\"has-fixed-layout\"><tbody><tr><td>Modell<\/td><td>2BYSF-2<\/td><td>2BYSF-3<\/td><td>2BYSF-4<\/td><td>2BYSF-5<\/td><td>2BYSF-6<\/td><td>2BYSF-8<\/td><\/tr><tr><td>Gr\u00f6\u00dfe<\/td><td>1,57 * 1,3 * 1,2 m<\/td><td>1,57 * 1,7 * 1,2 m<\/td><td>1,62 * 2,35 * 1,2 m<\/td><td>1,62 * 2,75 * 1,2 m<\/td><td>1,62 * 3,35 * 1,2 m<\/td><td>1,64 * 4,6 * 1,2 m<\/td><\/tr><tr><td>Reihe<\/td><td>2<\/td><td>3<\/td><td>4<\/td><td>5<\/td><td>6<\/td><td>8<\/td><\/tr><tr><td>Reihenabstand<\/td><td>428\u2013570 mm<\/td><td>428\u2013570 mm<\/td><td>428\u2013570 mm<\/td><td>428\u2013570 mm<\/td><td>428\u2013570 mm<\/td><td>428\u2013570 mm<\/td><\/tr><tr><td>Pflanzenabstand<\/td><td>140\u2013280 mm<\/td><td>140\u2013280 mm<\/td><td>140\u2013280 mm<\/td><td>140\u2013280 mm<\/td><td>140\u2013280 mm<\/td><td>140\u2013280 mm<\/td><\/tr><tr><td>Grabentiefe<\/td><td>60-80mm<\/td><td>60-80mm<\/td><td>60-80mm<\/td><td>60-80mm<\/td><td>60-80mm<\/td><td>60-80mm<\/td><\/tr><tr><td>Befruchtungstiefe<\/td><td>60-80mm<\/td><td>60-80mm<\/td><td>60-80mm<\/td><td>60-80mm<\/td><td>60-80mm<\/td><td>60-80mm<\/td><\/tr><tr><td>Saattiefe<\/td><td>30-50mm<\/td><td>30-50mm<\/td><td>30-50mm<\/td><td>30-50mm<\/td><td>30-50mm<\/td><td>30-50mm<\/td><\/tr><tr><td>Fassungsverm\u00f6gen des D\u00fcngertanks<\/td><td>18,75Lx2<\/td><td>18,75Lx3<\/td><td>18,75Lx4<\/td><td>18,75Lx5<\/td><td>18,75 L x 6,5 cm<\/td><td>18,75Lx8<\/td><\/tr><tr><td>Fassungsverm\u00f6gen des Saatkastens<\/td><td>8,5Lx2<\/td><td>8,5Lx3<\/td><td>8,5Lx4<\/td><td>8,5Lx5<\/td><td>8,5Lx6<\/td><td>8,5L x 8<\/td><\/tr><tr><td>Gewicht<\/td><td>150kg<\/td><td>200kg<\/td><td>295kg<\/td><td>360kg<\/td><td>425kg<\/td><td>650kg<\/td><\/tr><tr><td>Passende Leistung<\/td><td>&nbsp;12-18 PS<\/td><td>15-25 PS<\/td><td>25-40 PS<\/td><td>40-60 PS<\/td><td>50-80 PS<\/td><td>75-100 PS<\/td><\/tr><tr><td>Verkn\u00fcpfung<\/td><td>&nbsp;3-spitzig<\/td><td>&nbsp;3-spitzig<\/td><td>&nbsp;3-spitzig<\/td><td>&nbsp;3-spitzig<\/td><td>&nbsp;3-spitzig<\/td><td>&nbsp;3-spitzig<\/td><\/tr><\/tbody><\/table><figcaption class=\"wp-element-caption\">Technische Daten der 3-Punkt-Maispflanzmaschine zum Verkauf<\/figcaption><\/figure>    <h2 class=\"wp-block-heading\"><strong>Struktur der Reihenmaispflanzmaschine Taizy<\/strong><\/h2>    <p>Diese Mais- und Bohnenpflanzmaschine besteht aus einem Maissaatkasten, einem D\u00fcngerkasten, einem Reihenabstandsregler, einem Maissaatabstandsregler, einem Graben\u00f6ffner, einer Bodenbedeckungseinrichtung usw.<\/p>    <ul class=\"wp-block-list\"> <li><strong>Saatkiste:<\/strong> Gro\u00dfe Kapazit\u00e4t, kann den Bedarf eines langfristigen Dauerbetriebs decken.<\/li>    <li><strong>Furchen\u00f6ffner<\/strong>: Gleichm\u00e4\u00dfige Tiefe der Furchen\u00f6ffnung, geeignet f\u00fcr verschiedene Bodenbedingungen.<\/li>    <li><strong>Mulchger\u00e4t<\/strong>: Es kann den Mulchvorgang nach der Aussaat schnell abschlie\u00dfen und die Wachstumsumgebung der Samen sch\u00fctzen.<\/li>    <li><strong>System zur Einstellung des Reihenabstands<\/strong>: Flexible Anpassung des Saatreihenabstands, Anpassung an die Bed\u00fcrfnisse verschiedener Kulturen.<\/li> <\/ul>   <div class=\"wp-block-image\"> <figure class=\"aligncenter size-full\"><img loading=\"lazy\" decoding=\"async\" width=\"720\" height=\"540\" src=\"https:\/\/taizyagromachine.com\/wp-content\/uploads\/2024\/11\/structure-of-maize-planting-machine.webp\" alt=\"Struktur der Maispflanzmaschine\" class=\"wp-image-7338\" srcset=\"https:\/\/taizyagromachine.com\/wp-content\/uploads\/2024\/11\/structure-of-maize-planting-machine.webp 720w, https:\/\/taizyagromachine.com\/wp-content\/uploads\/2024\/11\/structure-of-maize-planting-machine-16x12.webp 16w\" sizes=\"auto, (max-width: 720px) 100vw, 720px\" \/><figcaption class=\"wp-element-caption\">Struktur der Maispflanzmaschine<\/figcaption><\/figure> <\/div>   <h2 class=\"wp-block-heading\"><strong>Wie funktioniert die 3-Punkt-Maispflanzmaschine?<\/strong><\/h2>    <p>Durch das Kraft\u00fcbertragungssystem nutzt diese Art von Maiss\u00e4maschine die Zugkraft des Traktors, um die Vorg\u00e4nge des Furchen\u00f6ffnens, S\u00e4ens, Mulchens und Unterdr\u00fcckens durchzuf\u00fchren.<\/p>    <p> Zun\u00e4chst erstellt der Furrow-\u00d6ffner der Maschine einen Furrow mit angemessener Tiefe im Boden. Das Saatverteilungssystem platziert gleichm\u00e4\u00dfig Maissamen in den Furrow, gefolgt von einem Mulchger\u00e4t, das das Abdecken der Samen abschlie\u00dft. Gleichzeitig verdichtet das Verdichtungsger\u00e4t den Boden, um sicherzustellen, dass die Samen vollen Kontakt mit dem Boden haben und die Keimung gef\u00f6rdert wird. <\/p>    <p class=\"translation-block\">Der gesamte Prozess ist automatisiert und effizient, was den Arbeitsaufwand reduziert. Es ist auch m\u00f6glich, Sorghum oder <a href=\"https:\/\/en.wikipedia.org\/wiki\/Soybean\" target=\"_blank\" rel=\"noopener\">Soja<\/a> zu s\u00e4en, indem die Auss\u00e4atscheiben gewechselt werden.<\/p>   <div class=\"wp-block-image\"> <figure class=\"aligncenter size-full\"><img loading=\"lazy\" decoding=\"async\" width=\"800\" height=\"800\" src=\"https:\/\/taizyagromachine.com\/wp-content\/uploads\/2024\/11\/three-point-hitch-corn-planter-machine.webp\" alt=\"Maispflanzmaschine mit Dreipunktanbau\" class=\"wp-image-7353\" srcset=\"https:\/\/taizyagromachine.com\/wp-content\/uploads\/2024\/11\/three-point-hitch-corn-planter-machine.webp 800w, https:\/\/taizyagromachine.com\/wp-content\/uploads\/2024\/11\/three-point-hitch-corn-planter-machine-12x12.webp 12w\" sizes=\"auto, (max-width: 800px) 100vw, 800px\" \/><figcaption class=\"wp-element-caption\">Maispflanzmaschine mit Dreipunktanbau<\/figcaption><\/figure> <\/div>   <h2 class=\"wp-block-heading\"><strong>Wie hoch ist der Preis f\u00fcr eine Maispflanzmaschine?<\/strong><\/h2>    <p>Der Preis einer Direktsaatmaschine f\u00fcr Mais variiert je nach Modell, Zubeh\u00f6r, Lieferzeit, Marke und Leistung. Generell gilt: Je mehr Reihen, desto h\u00f6her der Preis der Maschine. Beispielsweise ist eine 4-reihige Maispflanzmaschine teurer als eine 2-reihige Maispflanzmaschine.<\/p>    <p>Der Taizy traktorgezogene Mais-S\u00e4maschine garantiert nicht nur die Qualit\u00e4t, sondern bietet auch wettbewerbsf\u00e4hige Preise auf dem Markt, um die Budgets und Bed\u00fcrfnisse der Kunden zu erf\u00fcllen. Wenn Sie spezifische Preise w\u00fcnschen, kontaktieren Sie uns und wir werden Ihnen ein detailliertes Angebot gem\u00e4\u00df Ihren Anforderungen unterbreiten.<\/p>    <figure class=\"wp-block-gallery has-nested-images columns-default is-cropped wp-block-gallery-2 is-layout-flex wp-block-gallery-is-layout-flex\"> <figure class=\"wp-block-image size-large\"><img loading=\"lazy\" decoding=\"async\" width=\"800\" height=\"800\" data-id=\"7350\" src=\"https:\/\/taizyagromachine.com\/wp-content\/uploads\/2024\/11\/no-till-2-row-corn-planter-with-fertilizer.webp\" alt=\"Keine S\u00e4maschine mit 2 Reihen Mais mit D\u00fcnger bef\u00fcllen\" class=\"wp-image-7350\" srcset=\"https:\/\/taizyagromachine.com\/wp-content\/uploads\/2024\/11\/no-till-2-row-corn-planter-with-fertilizer.webp 800w, https:\/\/taizyagromachine.com\/wp-content\/uploads\/2024\/11\/no-till-2-row-corn-planter-with-fertilizer-12x12.webp 12w\" sizes=\"auto, (max-width: 800px) 100vw, 800px\" \/><figcaption class=\"wp-element-caption\">Keine S\u00e4maschine mit 2 Reihen Mais mit D\u00fcnger bef\u00fcllen<\/figcaption><\/figure>    <figure class=\"wp-block-image size-large\"><img loading=\"lazy\" decoding=\"async\" width=\"800\" height=\"800\" data-id=\"7348\" src=\"https:\/\/taizyagromachine.com\/wp-content\/uploads\/2024\/11\/3-row-planter-for-sale.webp\" alt=\"3-reihiges Pflanzgef\u00e4\u00df zu verkaufen\" class=\"wp-image-7348\" srcset=\"https:\/\/taizyagromachine.com\/wp-content\/uploads\/2024\/11\/3-row-planter-for-sale.webp 800w, https:\/\/taizyagromachine.com\/wp-content\/uploads\/2024\/11\/3-row-planter-for-sale-12x12.webp 12w\" sizes=\"auto, (max-width: 800px) 100vw, 800px\" \/><figcaption class=\"wp-element-caption\">3-reihiges Pflanzgef\u00e4\u00df zu verkaufen<\/figcaption><\/figure>    <figure class=\"wp-block-image size-large\"><img loading=\"lazy\" decoding=\"async\" width=\"800\" height=\"800\" data-id=\"7349\" src=\"https:\/\/taizyagromachine.com\/wp-content\/uploads\/2024\/11\/4-row-corn-planter-machine-with-tractor.webp\" alt=\"4-reihige Maispflanzmaschine mit Traktor\" class=\"wp-image-7349\" srcset=\"https:\/\/taizyagromachine.com\/wp-content\/uploads\/2024\/11\/4-row-corn-planter-machine-with-tractor.webp 800w, https:\/\/taizyagromachine.com\/wp-content\/uploads\/2024\/11\/4-row-corn-planter-machine-with-tractor-12x12.webp 12w\" sizes=\"auto, (max-width: 800px) 100vw, 800px\" \/><figcaption class=\"wp-element-caption\">4-reihige Maispflanzmaschine mit Traktor<\/figcaption><\/figure> <\/figure>    <h2 class=\"wp-block-heading\"><strong>Warum sollten Sie sich f\u00fcr den Taizy-Maissamenpflanzer als erste Wahl entscheiden?<\/strong><\/h2>    <p>Unser Maismaispflanzer bietet die folgenden Vorteile, um Kunden auf dem internationalen Markt anzulocken:<\/p>    <ul class=\"wp-block-list\"> <li><strong>Hochwertige Garantie<\/strong>: Taizy produziert und vertreibt eigene Produkte, um eine stabile Leistung und lange Lebensdauer der Ger\u00e4te zu gew\u00e4hrleisten.<\/li>    <li><strong>Service aus einer Hand<\/strong>: Wir haben nicht nur verschiedene Arten von Maispflanzmaschinen, sondern auch <a href=\"https:\/\/taizyagromachine.com\/de\/product\/single-row-corn-harvester\/\">Maiserntemaschine<\/a>, Dreschmaschine, Maism\u00fchle und so weiter. Sie k\u00f6nnen die Maismaschinen, die Sie ben\u00f6tigen, in einer einzigen Sorte in Taizy kaufen.<\/li>    <li><strong>Kundendienst<\/strong>: Wir bieten umfassenden technischen Support und Wartungsdienste, um sicherzustellen, dass Sie sich keine Sorgen machen m\u00fcssen.<\/li>    <li><strong>Kundenerkennung<\/strong>: Die Maispflanzmaschine erfreut sich auf dem internationalen Markt gro\u00dfer Beliebtheit und weist eine hohe Kundenzufriedenheit auf.<\/li> <\/ul>    <h2 class=\"wp-block-heading\"><strong>Erfolgreicher Fall: Export von 16 S\u00e4tzen Maispflanzmaschinen nach Gro\u00dfbritannien<\/strong><\/h2>    <p>Ein Kunde aus Gro\u00dfbritannien, der eine Vertriebsgesellschaft f\u00fcr Landmaschinen betreibt, entschied sich nach dem Vergleich mehrerer Marken f\u00fcr die Maispflanzmaschine von Taizy. Der Kunde kaufte gleichzeitig 16 S\u00e4tze 3-reihiger, 4-reihiger und 5-reihiger Maispflanzmaschinen, die haupts\u00e4chlich auf den afrikanischen Markt exportiert werden.<\/p>    <p>Der Kunde ist mit der effizienten Leistung der Maschinen und der pr\u00e4zisen Pflanzf\u00e4higkeit zufrieden und lobte auch die professionelle Lade- und Transportl\u00f6sung von Taizy. Dieser Kooperationsfall hebt die hohe Qualit\u00e4t und die breite Anwendung der Pflanzger\u00e4te von Taizy hervor.<\/p>    <figure class=\"wp-block-gallery has-nested-images columns-default is-cropped wp-block-gallery-3 is-layout-flex wp-block-gallery-is-layout-flex\"> <figure class=\"wp-block-image size-large\"><img loading=\"lazy\" decoding=\"async\" width=\"720\" height=\"540\" data-id=\"7343\" src=\"https:\/\/taizyagromachine.com\/wp-content\/uploads\/2024\/11\/seed-drill-in-the-factory.webp\" alt=\"S\u00e4maschine im Werk\" class=\"wp-image-7343\" srcset=\"https:\/\/taizyagromachine.com\/wp-content\/uploads\/2024\/11\/seed-drill-in-the-factory.webp 720w, https:\/\/taizyagromachine.com\/wp-content\/uploads\/2024\/11\/seed-drill-in-the-factory-16x12.webp 16w\" sizes=\"auto, (max-width: 720px) 100vw, 720px\" \/><figcaption class=\"wp-element-caption\">S\u00e4maschine im Werk<\/figcaption><\/figure>    <figure class=\"wp-block-image size-large\"><img loading=\"lazy\" decoding=\"async\" width=\"720\" height=\"540\" data-id=\"7342\" src=\"https:\/\/taizyagromachine.com\/wp-content\/uploads\/2024\/11\/maize-seed-planter-package.webp\" alt=\"Maissaatgut-Pflanzpaket\" class=\"wp-image-7342\" srcset=\"https:\/\/taizyagromachine.com\/wp-content\/uploads\/2024\/11\/maize-seed-planter-package.webp 720w, https:\/\/taizyagromachine.com\/wp-content\/uploads\/2024\/11\/maize-seed-planter-package-16x12.webp 16w\" sizes=\"auto, (max-width: 720px) 100vw, 720px\" \/><figcaption class=\"wp-element-caption\">Maissaatgut-Pflanzpaket<\/figcaption><\/figure> <\/figure>    <figure class=\"wp-block-gallery has-nested-images columns-default is-cropped wp-block-gallery-4 is-layout-flex wp-block-gallery-is-layout-flex\"> <figure class=\"wp-block-image size-large\"><img loading=\"lazy\" decoding=\"async\" width=\"720\" height=\"720\" data-id=\"7345\" src=\"https:\/\/taizyagromachine.com\/wp-content\/uploads\/2024\/11\/4-row-corn-planter-machine-in-the-container.webp\" alt=\"4-reihige Maispflanzmaschine im Container\" class=\"wp-image-7345\" srcset=\"https:\/\/taizyagromachine.com\/wp-content\/uploads\/2024\/11\/4-row-corn-planter-machine-in-the-container.webp 720w, https:\/\/taizyagromachine.com\/wp-content\/uploads\/2024\/11\/4-row-corn-planter-machine-in-the-container-12x12.webp 12w\" sizes=\"auto, (max-width: 720px) 100vw, 720px\" \/><figcaption class=\"wp-element-caption\">4-reihige Maispflanzmaschine im Container<\/figcaption><\/figure>    <figure class=\"wp-block-image size-large\"><img loading=\"lazy\" decoding=\"async\" width=\"720\" height=\"720\" data-id=\"7346\" src=\"https:\/\/taizyagromachine.com\/wp-content\/uploads\/2024\/11\/machine-delivery-1.webp\" alt=\"Maschinenlieferung\" class=\"wp-image-7346\" srcset=\"https:\/\/taizyagromachine.com\/wp-content\/uploads\/2024\/11\/machine-delivery-1.webp 720w, https:\/\/taizyagromachine.com\/wp-content\/uploads\/2024\/11\/machine-delivery-1-12x12.webp 12w\" sizes=\"auto, (max-width: 720px) 100vw, 720px\" \/><figcaption class=\"wp-element-caption\">Maschinenlieferung<\/figcaption><\/figure> <\/figure>    <h2 class=\"wp-block-heading\"><strong>Kontaktieren Sie uns jetzt f\u00fcr ein kostenloses Angebot!<\/strong><\/h2>    <p>M\u00f6chten Sie mehr \u00fcber die Taizy Maispflanzmaschine erfahren? Egal, ob es um Produktkonfiguration, Preisinformationen oder Logistikdienstleistungen geht, wir sind bereit, professionelle Antworten zu liefern. Kontaktieren Sie uns jetzt f\u00fcr spezialisierte L\u00f6sungen und g\u00fcnstige Preise!<\/p>","protected":false},"excerpt":{"rendered":"<p>Diese Maispflanzmaschine geh\u00f6rt zur 2BYSF-Serie und kann Maissamen in Ebenen und h\u00fcgeligen Gebieten d\u00fcngen und s\u00e4en. Sie funktioniert mit dem 4-Rad-Traktor (12-100 PS).<\/p>","protected":false},"author":1,"featured_media":7337,"parent":0,"template":"","tags":[235,234],"product-type":[17],"class_list":["post-7334","product","type-product","status-publish","has-post-thumbnail","hentry","tag-corn","tag-corn-planting","product-type-corn-machine"],"_links":{"self":[{"href":"https:\/\/taizyagromachine.com\/de\/wp-json\/wp\/v2\/product\/7334","targetHints":{"allow":["GET"]}}],"collection":[{"href":"https:\/\/taizyagromachine.com\/de\/wp-json\/wp\/v2\/product"}],"about":[{"href":"https:\/\/taizyagromachine.com\/de\/wp-json\/wp\/v2\/types\/product"}],"author":[{"embeddable":true,"href":"https:\/\/taizyagromachine.com\/de\/wp-json\/wp\/v2\/users\/1"}],"wp:featuredmedia":[{"embeddable":true,"href":"https:\/\/taizyagromachine.com\/de\/wp-json\/wp\/v2\/media\/7337"}],"wp:attachment":[{"href":"https:\/\/taizyagromachine.com\/de\/wp-json\/wp\/v2\/media?parent=7334"}],"wp:term":[{"taxonomy":"post_tag","embeddable":true,"href":"https:\/\/taizyagromachine.com\/de\/wp-json\/wp\/v2\/tags?post=7334"},{"taxonomy":"product-type","embeddable":true,"href":"https:\/\/taizyagromachine.com\/de\/wp-json\/wp\/v2\/product-type?post=7334"}],"curies":[{"name":"wp","href":"https:\/\/api.w.org\/{rel}","templated":true}]}}