{"id":7370,"date":"2024-12-04T14:37:28","date_gmt":"2024-12-04T06:37:28","guid":{"rendered":"https:\/\/taizyagromachine.com\/?post_type=product&#038;p=7370"},"modified":"2024-12-11T11:44:56","modified_gmt":"2024-12-11T03:44:56","slug":"wholesale-maize-shelling-machine","status":"publish","type":"product","link":"https:\/\/taizyagromachine.com\/de\/product\/wholesale-maize-shelling-machine\/","title":{"rendered":"Gro\u00dfhandel mit Maissch\u00e4lmaschinen"},"content":{"rendered":"<p class=\"translation-block\">Taizy <strong>Maisdruschmaschine<\/strong> ist neu f\u00fcr das Maisdrusch mit einer Kapazit\u00e4t von 4000-6000 kg\/h konzipiert. Sie geh\u00f6rt zur Serie 5TYM und hat eine Bruchrate von \u22641,5% und eine Druschrate von \u226598%. Diese Maisdruschmaschine kann den Elektromotor, Benzinmotor oder Dieselmotor als Maschinenleistung nutzen.<\/p>    <p>Au\u00dferdem kann die Maschine gro\u00dfe Reifen und Rahmen verwenden, die von afrikanischen Kunden bevorzugt werden. Es ist das idealste neue Modell f\u00fcr Maisanbaugebiete, Bauernh\u00f6fe und Fachleute. Unsere Maschinen werden oft im Gro\u00dfhandel an Kunden in verschiedenen L\u00e4ndern, wie Nicaragua, verkauft. Wenn Sie mehr wissen m\u00f6chten, kontaktieren Sie uns jederzeit gerne!<\/p>    <figure class=\"wp-block-embed is-type-video is-provider-youtube wp-block-embed-youtube wp-embed-aspect-16-9 wp-has-aspect-ratio\"><div class=\"wp-block-embed__wrapper\"> <iframe loading=\"lazy\" title=\"Warum diese Maissch\u00e4lmaschine mit gro\u00dfen R\u00e4dern und St\u00e4nder kaufen? Maissch\u00e4lmaschine #cornsheller\" width=\"500\" height=\"281\" src=\"https:\/\/www.youtube.com\/embed\/kxEESK82j0A?feature=oembed\" frameborder=\"0\" allow=\"accelerometer; autoplay; clipboard-write; encrypted-media; gyroscope; picture-in-picture; web-share\" referrerpolicy=\"strict-origin-when-cross-origin\" allowfullscreen><\/iframe> <\/div><figcaption class=\"wp-element-caption\">Video zur Maissch\u00e4lmaschine<\/figcaption><\/figure>    <h2 class=\"wp-block-heading\"><strong>Vorteile der neuen Maissch\u00e4lmaschine<\/strong><\/h2>    <ul class=\"wp-block-list\"> <li>Es kann 4-6 Tonnen Mais pro Stunde verarbeiten, um den Bedarf einer Gro\u00dfproduktion mit hoher Effizienz zu decken.<\/li>    <li>Die Maschine \u00fcbernimmt das wissenschaftliche Dreschdesign und reduziert die Bruchrate von Maisk\u00f6rnern (Bruchrate von \u22641,5%).<\/li>    <li>Diese Maschine kann mit gro\u00dfen R\u00e4dern und einem Traktionsrahmen ausgestattet werden und eignet sich f\u00fcr den Transport zwischen Feldern und Standorten.<\/li>    <li>Unsere Maissch\u00e4lmaschine hat ein kleines Volumen, eine kompakte Struktur, eine bequeme Bedienung und Wartung.<\/li> <\/ul>    <figure class=\"wp-block-gallery has-nested-images columns-default is-cropped wp-block-gallery-2 is-layout-flex wp-block-gallery-is-layout-flex\"> <figure class=\"wp-block-image size-large\"><img loading=\"lazy\" decoding=\"async\" width=\"720\" height=\"540\" data-id=\"7375\" src=\"https:\/\/taizyagromachine.com\/wp-content\/uploads\/2024\/12\/cost-effective-corn-shelling-machine.webp\" alt=\"kosteng\u00fcnstige Maissch\u00e4lmaschine\" class=\"wp-image-7375\" srcset=\"https:\/\/taizyagromachine.com\/wp-content\/uploads\/2024\/12\/cost-effective-corn-shelling-machine.webp 720w, https:\/\/taizyagromachine.com\/wp-content\/uploads\/2024\/12\/cost-effective-corn-shelling-machine-16x12.webp 16w\" sizes=\"auto, (max-width: 720px) 100vw, 720px\" \/><figcaption class=\"wp-element-caption\">kosteng\u00fcnstige Maissch\u00e4lmaschine<\/figcaption><\/figure>    <figure class=\"wp-block-image size-large\"><img loading=\"lazy\" decoding=\"async\" width=\"720\" height=\"540\" data-id=\"7376\" src=\"https:\/\/taizyagromachine.com\/wp-content\/uploads\/2024\/12\/maize-sheller-with-big-tyres-and-frame.webp\" alt=\"Maissch\u00e4ler mit gro\u00dfen Reifen und Rahmen\" class=\"wp-image-7376\" srcset=\"https:\/\/taizyagromachine.com\/wp-content\/uploads\/2024\/12\/maize-sheller-with-big-tyres-and-frame.webp 720w, https:\/\/taizyagromachine.com\/wp-content\/uploads\/2024\/12\/maize-sheller-with-big-tyres-and-frame-16x12.webp 16w\" sizes=\"auto, (max-width: 720px) 100vw, 720px\" \/><figcaption class=\"wp-element-caption\">Maissch\u00e4ler mit gro\u00dfen Reifen und Rahmen<\/figcaption><\/figure> <\/figure>    <h2 class=\"wp-block-heading\"><strong>Technische Daten der kommerziellen Maissch\u00e4lmaschine<\/strong><\/h2>    <figure class=\"wp-block-table\"><table><tbody><tr><td>Modell<\/td><td>5TYM-850<\/td><\/tr><tr><td>Kapazit\u00e4t<\/td><td>4000\u20136000 kg\/h<\/td><\/tr><tr><td>Bruchrate<\/td><td>\u22641,5%<\/td><\/tr><tr><td>Dreschgeschwindigkeit<\/td><td>\u226598%<\/td><\/tr><tr><td>Passende Leistung<\/td><td>\u22655,5-7,5 kW<\/td><\/tr><tr><td>Gewicht<\/td><td>340kg<\/td><\/tr><\/tbody><\/table><figcaption class=\"wp-element-caption\">Parameter der Maissch\u00e4lmaschine<\/figcaption><\/figure>    <p>Hinweis: Die Feuchtigkeit von Getreide betr\u00e4gt 15%-20% und das Verh\u00e4ltnis zwischen Getreide und Gras betr\u00e4gt 0,4%-1,0%.<\/p>    <h2 class=\"wp-block-heading\"><strong>Struktur der Maissch\u00e4lmaschine<\/strong><\/h2>    <p>Sein Aufbau ist sehr leicht zu verstehen und besteht aus Ventilator, Einlass, Maisk\u00f6rnerauslass, Maiskolbenauslass, Strom usw.<\/p>   <div class=\"wp-block-image\"> <figure class=\"aligncenter size-full\"><img loading=\"lazy\" decoding=\"async\" width=\"720\" height=\"540\" src=\"https:\/\/taizyagromachine.com\/wp-content\/uploads\/2024\/12\/structure-of-maize-sheller-machine.webp\" alt=\"Struktur der Maissch\u00e4lmaschine\" class=\"wp-image-7372\" srcset=\"https:\/\/taizyagromachine.com\/wp-content\/uploads\/2024\/12\/structure-of-maize-sheller-machine.webp 720w, https:\/\/taizyagromachine.com\/wp-content\/uploads\/2024\/12\/structure-of-maize-sheller-machine-16x12.webp 16w\" sizes=\"auto, (max-width: 720px) 100vw, 720px\" \/><figcaption class=\"wp-element-caption\">Struktur der Maissch\u00e4lmaschine<\/figcaption><\/figure> <\/div>   <h2 class=\"wp-block-heading\"><strong>Wie funktioniert die Maissch\u00e4lmaschine?<\/strong><\/h2>    <p>Beim Dreschen gelangen die Maiskolben durch die Einf\u00fcll\u00f6ffnung in die Trennkammer. Das Dreschen erfolgt durch Schlagen der Z\u00e4hne und Reiben der K\u00f6rner. Die gedroschenen Maisk\u00f6rner fallen durch die verschiebbare Kornplatte auf das Vibrationssieb. <\/p>    <p>Unter dem Sch\u00fctteln des Siebes fallen die K\u00f6rner unter das Vibrationssieb und die gebrochenen Kolben werden auf der Sieboberfl\u00e4che aus der Maschine gesch\u00fcttelt. Kleie und Schmutz werden in das Gebl\u00e4se gesaugt und aus der Maschine ausgetragen, indem sie aus der Saug\u00f6ffnung fallen. Die Maiskolben werden unter dem Druck einer Trommel durch den Auslass ausgeworfen.<\/p>   <div class=\"wp-block-image\"> <figure class=\"aligncenter size-full\"><img loading=\"lazy\" decoding=\"async\" width=\"720\" height=\"540\" src=\"https:\/\/taizyagromachine.com\/wp-content\/uploads\/2024\/12\/small-maize-sheller-machine-for-corn-threshing.webp\" alt=\"Kleine Maissch\u00e4lmaschine zum Dreschen von Mais\" class=\"wp-image-7373\" srcset=\"https:\/\/taizyagromachine.com\/wp-content\/uploads\/2024\/12\/small-maize-sheller-machine-for-corn-threshing.webp 720w, https:\/\/taizyagromachine.com\/wp-content\/uploads\/2024\/12\/small-maize-sheller-machine-for-corn-threshing-16x12.webp 16w\" sizes=\"auto, (max-width: 720px) 100vw, 720px\" \/><figcaption class=\"wp-element-caption\">Kleine Maissch\u00e4lmaschine zum Dreschen von Mais<\/figcaption><\/figure> <\/div>   <h2 class=\"wp-block-heading\"><strong>Was kostet die Maissch\u00e4lmaschine?<\/strong><\/h2>    <p>Der Preis der Taizy-Maissch\u00e4lmaschine variiert je nach Ausstattung, Kapazit\u00e4t, Dreschleistung der Maschine und zus\u00e4tzlichen Funktionen wie Mobilit\u00e4t und Abtrennung von Verunreinigungen. Je mehr Funktionen und Kapazit\u00e4t die Maschine hat, desto h\u00f6her ist der Preis der Maschine.<\/p>    <p>Wenn Sie den konkreten Maschinenpreis erfahren m\u00f6chten, k\u00f6nnen Sie uns direkt kontaktieren, Taizy. Je nach Bedarf und Budget w\u00e4hlen wir das f\u00fcr Sie passende Modell aus und empfehlen Ihnen das beste Programm.<\/p>    <h2 class=\"wp-block-heading\"><strong>Erfolgreicher Fall: Gro\u00dfhandel mit Maissch\u00e4lmaschinen f\u00fcr Nicaragua<\/strong><\/h2>    <p>Ein Kunde in Nicaragua hat k\u00fcrzlich eine Reihe von Maisdreschern mit insgesamt f\u00fcnf Einheiten bestellt, haupts\u00e4chlich f\u00fcr den Verkaufsbedarf lokaler Landwirte und Getreideverarbeiter. Dieser Kunde war besorgt \u00fcber die Maschinenleistung, den Preis und die Transportverpackung und verlangte eine Zusicherung der Maschinenqualit\u00e4t und Transportsicherheit.<\/p>    <p>Basierend auf seinen Bed\u00fcrfnissen empfahlen wir gro\u00dfe Maissch\u00e4lmaschinen mit stabiler Leistung, ausgestattet mit gro\u00dfen R\u00e4dern und Zugrahmen f\u00fcr einen einfachen Transport zwischen den Betrieben. Gleichzeitig liefern wir f\u00fcr jede Maschine eine Holzkistenverpackung, um sie vor Sch\u00e4den beim Seetransport zu sch\u00fctzen.<\/p>    <p>Nachdem der Kunde die Maschine erhalten und in Betrieb genommen hatte, war die Druschleistung hoch und entsprach der lokalen Marktnachfrage. Der Kunde zeigte sich sehr zufrieden damit und plante eine weitere Zusammenarbeit.<\/p>    <figure class=\"wp-block-gallery has-nested-images columns-default is-cropped wp-block-gallery-3 is-layout-flex wp-block-gallery-is-layout-flex\"> <figure class=\"wp-block-image size-full\"><img loading=\"lazy\" decoding=\"async\" width=\"720\" height=\"540\" data-id=\"7374\" src=\"https:\/\/taizyagromachine.com\/wp-content\/uploads\/2024\/12\/maize-shelling-machine-manufacturer.webp\" alt=\"Hersteller von Maissch\u00e4lmaschinen\" class=\"wp-image-7374\" srcset=\"https:\/\/taizyagromachine.com\/wp-content\/uploads\/2024\/12\/maize-shelling-machine-manufacturer.webp 720w, https:\/\/taizyagromachine.com\/wp-content\/uploads\/2024\/12\/maize-shelling-machine-manufacturer-16x12.webp 16w\" sizes=\"auto, (max-width: 720px) 100vw, 720px\" \/><figcaption class=\"wp-element-caption\">Hersteller von Maissch\u00e4lmaschinen<\/figcaption><\/figure>    <figure class=\"wp-block-image size-full\"><img loading=\"lazy\" decoding=\"async\" width=\"720\" height=\"540\" data-id=\"7036\" src=\"https:\/\/taizyagromachine.com\/wp-content\/uploads\/2024\/09\/machine-package-ready-for-delivery.webp\" alt=\"Maschinenpaket zur Auslieferung bereit\" class=\"wp-image-7036\" srcset=\"https:\/\/taizyagromachine.com\/wp-content\/uploads\/2024\/09\/machine-package-ready-for-delivery.webp 720w, https:\/\/taizyagromachine.com\/wp-content\/uploads\/2024\/09\/machine-package-ready-for-delivery-16x12.webp 16w\" sizes=\"auto, (max-width: 720px) 100vw, 720px\" \/><figcaption class=\"wp-element-caption\">Maschinenpaket zur Auslieferung bereit<\/figcaption><\/figure> <\/figure>    <h2 class=\"wp-block-heading\"><strong>Kontaktieren Sie uns jetzt f\u00fcr ein kostenloses Angebot!<\/strong><\/h2>    <p class=\"translation-block\">Als erfahrener Lieferant von Landmaschinen verkaufen wir verschiedene Maismaschinen, wie z.B. <a href=\"https:\/\/taizyagromachine.com\/de\/product\/fresh-corn-sheller\/\">Zuckermais-Sch\u00e4lmaschine<\/a>, Hammerm\u00fchle, <a href=\"https:\/\/taizyagromachine.com\/de\/product\/no-till-corn-planter-machine\/\">Maisleger<\/a> usw. <\/p>    <p class=\"translation-block\">Sind Sie auf der Suche nach kosteng\u00fcnstigen Maisdruschger\u00e4ten? Wenn ja, kommen Sie und kontaktieren Sie uns jetzt. Wir bieten Ihnen die beste <a href=\"https:\/\/en.wikipedia.org\/wiki\/Maize\" target=\"_blank\" rel=\"noopener\">Mais<\/a>-Dreschl\u00f6sung und ein kostenloses Angebot als Referenz.<\/p>    <figure class=\"wp-block-embed is-type-video is-provider-youtube wp-block-embed-youtube wp-embed-aspect-16-9 wp-has-aspect-ratio\"><div class=\"wp-block-embed__wrapper\"> <iframe loading=\"lazy\" title=\"Effiziente Maissch\u00e4lmaschine zum Hochgeschwindigkeitssch\u00e4len von Mais #cornsheller #maize #thresher\" width=\"500\" height=\"281\" src=\"https:\/\/www.youtube.com\/embed\/qpD6OqSDwFk?feature=oembed\" frameborder=\"0\" allow=\"accelerometer; autoplay; clipboard-write; encrypted-media; gyroscope; picture-in-picture; web-share\" referrerpolicy=\"strict-origin-when-cross-origin\" allowfullscreen><\/iframe> <\/div><figcaption class=\"wp-element-caption\">Video von Maissch\u00e4ler<\/figcaption><\/figure>","protected":false},"excerpt":{"rendered":"<p>Die Taizy-Maissch\u00e4lmaschine wurde neu f\u00fcr das Maisdreschen mit einer Kapazit\u00e4t von 4000\u20136000 kg\/h entwickelt und wird h\u00e4ufig in verschiedenen L\u00e4ndern im Gro\u00dfhandel verkauft.<\/p>","protected":false},"author":1,"featured_media":7371,"parent":0,"template":"","tags":[235,237,236],"product-type":[17],"class_list":["post-7370","product","type-product","status-publish","has-post-thumbnail","hentry","tag-corn","tag-shelling","tag-threshing","product-type-corn-machine"],"_links":{"self":[{"href":"https:\/\/taizyagromachine.com\/de\/wp-json\/wp\/v2\/product\/7370","targetHints":{"allow":["GET"]}}],"collection":[{"href":"https:\/\/taizyagromachine.com\/de\/wp-json\/wp\/v2\/product"}],"about":[{"href":"https:\/\/taizyagromachine.com\/de\/wp-json\/wp\/v2\/types\/product"}],"author":[{"embeddable":true,"href":"https:\/\/taizyagromachine.com\/de\/wp-json\/wp\/v2\/users\/1"}],"wp:featuredmedia":[{"embeddable":true,"href":"https:\/\/taizyagromachine.com\/de\/wp-json\/wp\/v2\/media\/7371"}],"wp:attachment":[{"href":"https:\/\/taizyagromachine.com\/de\/wp-json\/wp\/v2\/media?parent=7370"}],"wp:term":[{"taxonomy":"post_tag","embeddable":true,"href":"https:\/\/taizyagromachine.com\/de\/wp-json\/wp\/v2\/tags?post=7370"},{"taxonomy":"product-type","embeddable":true,"href":"https:\/\/taizyagromachine.com\/de\/wp-json\/wp\/v2\/product-type?post=7370"}],"curies":[{"name":"wp","href":"https:\/\/api.w.org\/{rel}","templated":true}]}}