{"id":7386,"date":"2024-12-12T17:43:44","date_gmt":"2024-12-12T09:43:44","guid":{"rendered":"https:\/\/taizyagromachine.com\/?post_type=product&#038;p=7386"},"modified":"2024-12-13T09:58:37","modified_gmt":"2024-12-13T01:58:37","slug":"mini-crawler-rotary-tiller","status":"publish","type":"product","link":"https:\/\/taizyagromachine.com\/de\/product\/mini-crawler-rotary-tiller\/","title":{"rendered":"Multifunktionale Mini-Raupenfr\u00e4se"},"content":{"rendered":"<p class=\"translation-block\">Taizy <strong>Raupen-Bodendrehgrubber<\/strong> ist der neueste multifunktionale Kultivator, der zum Furchen und D\u00fcngen von Weinreben, Obstb\u00e4umen, Goji-Beeren und anderen Sonderkulturen verwendet wird.<\/p>    <p>Diese Mikro-Raupenfr\u00e4se verf\u00fcgt \u00fcber die Funktionen Grabenaushub, D\u00fcngung, automatische Verf\u00fcllung, einmalige Fertigstellung (chemischer D\u00fcnger + organischer D\u00fcnger), Trennung von Furchenboden und D\u00fcnger, rotierende Bodenbearbeitung und Unkrautj\u00e4ten.<\/p>    <p>Es verf\u00fcgt \u00fcber eine Raupenfahrstruktur mit ausgezeichnetem Grip und Stabilit\u00e4t, die sich sehr gut f\u00fcr Arbeiten in schlammigem, rutschigem oder unebenem Gel\u00e4nde eignet. Wenn Sie interessiert sind, kontaktieren Sie uns f\u00fcr weitere Details!<\/p>    <figure class=\"wp-block-embed is-type-video is-provider-youtube wp-block-embed-youtube wp-embed-aspect-16-9 wp-has-aspect-ratio\"><div class=\"wp-block-embed__wrapper\"> <iframe loading=\"lazy\" title=\"Leistungsstarke Raupen-Minifr\u00e4se | Effiziente Landwirtschaftsl\u00f6sung: landwirtschaftlicher Mikrokultivator mit Raupe\" width=\"500\" height=\"281\" src=\"https:\/\/www.youtube.com\/embed\/VOv-FUahp0s?feature=oembed\" frameborder=\"0\" allow=\"accelerometer; autoplay; clipboard-write; encrypted-media; gyroscope; picture-in-picture; web-share\" referrerpolicy=\"strict-origin-when-cross-origin\" allowfullscreen><\/iframe> <\/div><figcaption class=\"wp-element-caption\">Video eines leichten Raupentraktors mit Kreiselfr\u00e4se<\/figcaption><\/figure>    <h2 class=\"wp-block-heading\"><strong>Vorteile der Diesel-Raupenfr\u00e4se<\/strong><\/h2>    <ul class=\"wp-block-list\"> <li>Unsere Bodenfr\u00e4se mit Raupentraktor ist ein effizientes Landger\u00e4t mit mehreren wesentlichen Vorteilen:<\/li>    <li>Die Maschine \u00fcbernimmt die <strong>Gummikettendesign mit starker Griffigkeit<\/strong>, Anpassung an komplexes Gel\u00e4nde.<\/li>    <li>Es hat eine <strong>geringe Gr\u00f6\u00dfe und flexible Lenkung<\/strong>, geeignet f\u00fcr Berge, H\u00fcgel, Obstg\u00e4rten, Gew\u00e4chsh\u00e4user usw.<\/li>    <li>Unser Raupen-Mikrotiller kann f\u00fcr verwendet werden <strong>Kreiselpfl\u00fcgen, Furchen, Verf\u00fcllen<\/strong> und andere landwirtschaftliche Betriebe mit hoher Betriebseffizienz.<\/li>    <li>Im Vergleich zu gro\u00dfen Traktoren ist der Mini-Raupengrubber <strong>wirtschaftlicher und praktischer<\/strong>, besonders geeignet f\u00fcr Kleinbetriebe oder Einzelbauern.<\/li> <\/ul>   <div class=\"wp-block-image\"> <figure class=\"aligncenter size-full\"><img loading=\"lazy\" decoding=\"async\" width=\"720\" height=\"540\" src=\"https:\/\/taizyagromachine.com\/wp-content\/uploads\/2024\/12\/light-weighed-crawler-tractor-with-rotary-tiller.webp\" alt=\"Leichter Raupenschlepper mit Bodenfr\u00e4se\" class=\"wp-image-7392\" srcset=\"https:\/\/taizyagromachine.com\/wp-content\/uploads\/2024\/12\/light-weighed-crawler-tractor-with-rotary-tiller.webp 720w, https:\/\/taizyagromachine.com\/wp-content\/uploads\/2024\/12\/light-weighed-crawler-tractor-with-rotary-tiller-16x12.webp 16w\" sizes=\"auto, (max-width: 720px) 100vw, 720px\" \/><figcaption class=\"wp-element-caption\">Leichter Raupenschlepper mit Bodenfr\u00e4se<\/figcaption><\/figure> <\/div>   <h2 class=\"wp-block-heading\"><strong>Technische Parameter der Mini-Raupenschlepperfr\u00e4se <\/strong><\/h2>    <figure class=\"wp-block-table\"><table class=\"has-fixed-layout\"><tbody><tr><td><strong>Gewicht<\/strong><strong><\/strong><\/td><td>650kg<\/td><td><strong>Gr\u00f6\u00dfe<\/strong><strong><\/strong><\/td><td>2500*900*950mm<\/td><\/tr><tr><td><strong>Bodenh\u00f6he<\/strong><strong><\/strong><\/td><td>200mm<\/td><td><strong>Breite der rotierenden Bodenbearbeitung<\/strong><strong><\/strong><\/td><td>1000mm<\/td><\/tr><tr><td><strong>Aufzug<\/strong><strong><\/strong><\/td><td>Hydraulische Steuerung<\/td><td><strong>Arbeitsgeschwindigkeit<\/strong><strong><\/strong><\/td><td>0,17-0,2 Hektar\/h<\/td><\/tr><tr><td><strong>Gang<\/strong><strong><\/strong><\/td><td>3 Vorw\u00e4rtsg\u00e4nge, 1 R\u00fcckw\u00e4rtsgang<\/td><td><strong>Hangarbeit<\/strong><strong><\/strong><\/td><td>45\u00b0<\/td><\/tr><tr><td><strong>Startmethode<\/strong><strong><\/strong><\/td><td>Elektrostarter<\/td><td><strong>Lenkung<\/strong><strong><\/strong><\/td><td>Linker und rechter Bedienhebel<\/td><\/tr><tr><td><strong>Funktion<\/strong><strong><\/strong><\/td><td colspan=\"3\"><a href=\"https:\/\/en.wikipedia.org\/wiki\/Bulldozer\" target=\"_blank\" rel=\"noopener\">Bulldozer<\/a>, Bodenbearbeitung, Grabenaushub, J\u00e4ten, Verf\u00fcllen<\/td><\/tr><\/tbody><\/table><figcaption class=\"wp-element-caption\">Spezifikationen der Raupenfr\u00e4se<\/figcaption><\/figure>    <p>Dieser Raupengrubber hat eine Kapazit\u00e4t von 0,17 bis 0,2 Hektar\/h, verf\u00fcgt \u00fcber einen Elektrostarter und wiegt 650 kg. Au\u00dferdem k\u00f6nnen Sie der obigen Tabelle die Gr\u00f6\u00dfe, Arbeitsgeschwindigkeit usw. entnehmen. Wenn Sie weitere Einzelheiten w\u00fcnschen, k\u00f6nnen Sie uns gerne kontaktieren!<\/p>    <h2 class=\"wp-block-heading\"><strong>Struktur der Mikro-Raupenfr\u00e4se<\/strong><\/h2>    <p>Unsere Kreiselfr\u00e4se f\u00fcr Raupentraktoren hat eine kompakte und vern\u00fcnftige Struktur, bestehend aus Korb, Dieselmotor, Lenkhebel, Sitz, Kreiselfr\u00e4se (oder anderen landwirtschaftlichen Werkzeugen), Raupe usw.<\/p>   <div class=\"wp-block-image\"> <figure class=\"aligncenter size-full\"><img loading=\"lazy\" decoding=\"async\" width=\"720\" height=\"540\" src=\"https:\/\/taizyagromachine.com\/wp-content\/uploads\/2024\/12\/structure-of-mini-crawler-power-tiller.webp\" alt=\"Struktur der Mini-Raupenfr\u00e4se\" class=\"wp-image-7388\" srcset=\"https:\/\/taizyagromachine.com\/wp-content\/uploads\/2024\/12\/structure-of-mini-crawler-power-tiller.webp 720w, https:\/\/taizyagromachine.com\/wp-content\/uploads\/2024\/12\/structure-of-mini-crawler-power-tiller-16x12.webp 16w\" sizes=\"auto, (max-width: 720px) 100vw, 720px\" \/><figcaption class=\"wp-element-caption\">Struktur der Mini-Raupenfr\u00e4se<\/figcaption><\/figure> <\/div>   <h2 class=\"wp-block-heading\"><strong>Wie hoch ist der Preis f\u00fcr die Raupen-Mikrofr\u00e4se?<\/strong><\/h2>    <p>Der Preis eines Mini-Raupentraktors mit Raupe variiert je nach Modell, Ausstattung, Konfiguration und Herkunftsort. Im Allgemeinen sind Standardmodelle preisg\u00fcnstig und f\u00fcr die Bed\u00fcrfnisse der meisten Landwirte geeignet. Modelle mit mehr Features oder mehr Funktionen werden etwas teurer sein. Wenn Sie eine spezielle Konfiguration anpassen m\u00fcssen, wird der Preis entsprechend angepasst. <\/p>    <p>Beim Kauf eines dieselbetriebenen Mini-Raupentraktors mit Bodenfr\u00e4se k\u00f6nnen wir Ihnen eine passende Diesel-Raupenfr\u00e4se empfehlen, die Ihren Bed\u00fcrfnissen und Ihrem Budget entspricht.<\/p>   <div class=\"wp-block-image\"> <figure class=\"aligncenter size-full\"><img loading=\"lazy\" decoding=\"async\" width=\"720\" height=\"540\" src=\"https:\/\/taizyagromachine.com\/wp-content\/uploads\/2024\/12\/small-crawler-tiller-micro-cultivator-for-orchard.webp\" alt=\"Kleiner Raupen-Mikrokultivator f\u00fcr den Obstgarten\" class=\"wp-image-7393\" srcset=\"https:\/\/taizyagromachine.com\/wp-content\/uploads\/2024\/12\/small-crawler-tiller-micro-cultivator-for-orchard.webp 720w, https:\/\/taizyagromachine.com\/wp-content\/uploads\/2024\/12\/small-crawler-tiller-micro-cultivator-for-orchard-16x12.webp 16w\" sizes=\"auto, (max-width: 720px) 100vw, 720px\" \/><figcaption class=\"wp-element-caption\">Kleiner Raupen-Mikrokultivator f\u00fcr den Obstgarten<\/figcaption><\/figure> <\/div>   <h2 class=\"wp-block-heading\"><strong>Warum sollten Sie sich f\u00fcr Taizy als Lieferant von Mikro-Raupenfr\u00e4sen entscheiden?<\/strong><\/h2>    <p>Auf dem Agrarmarkt ist Taizy ein vertrauensw\u00fcrdiger Name mit folgenden St\u00e4rken:<\/p>    <ul class=\"wp-block-list\"> <li><strong>Service aus einer Hand<\/strong>: Das Heck der Raupen-Mikrofr\u00e4se kann durch andere landwirtschaftliche Ger\u00e4te ersetzt werden, z. B. Furchenbearbeitungsger\u00e4te, Bulldozer usw. Sie k\u00f6nnen bei uns auf einmal kaufen, ohne Zeit zu verschwenden.<\/li>    <li><strong>Angemessener Preis<\/strong>: Im Vergleich zu \u00e4hnlichen Produkten auf dem Markt ist der Raupen-Mikro-Kreiselgrubber Taizy bei gleicher Qualit\u00e4t und Leistung preisg\u00fcnstiger. Gleichzeitig bieten wir unseren Kunden h\u00e4ufig Vorzugsrichtlinien an, um den Landwirten zu helfen, die Anschaffungskosten zu senken.<\/li>    <li><strong>Perfekter After-Sales-Service<\/strong>: Taizy bietet umfassenden Kundendienst, einschlie\u00dflich Ger\u00e4teinbetriebnahme, Betriebsschulung und Wartungsunterst\u00fctzung. Egal auf welche Probleme Sie sto\u00dfen, unser professionelles Team wird Ihnen zeitnah helfen. Sie k\u00f6nnen beruhigt kaufen und es beruhigt verwenden.<\/li>    <li><strong>International anerkannte Marke<\/strong>: Als bekannte Marke f\u00fcr landwirtschaftliche Maschinen wurden die Produkte von Taizy in viele L\u00e4nder verkauft und genie\u00dfen bei Anwendern auf der ganzen Welt gro\u00dfes Lob. Nicht nur Raupenfr\u00e4se, sondern auch <a href=\"https:\/\/taizyagromachine.com\/de\/product\/reaper-machine\/\">M\u00e4hmaschine<\/a>, <a href=\"https:\/\/taizyagromachine.com\/de\/product\/two-wheel-drive-walking-type-tractor\/\">handgef\u00fchrter Traktor<\/a> und mehr.<\/li> <\/ul>    <figure class=\"wp-block-gallery has-nested-images columns-default is-cropped wp-block-gallery-2 is-layout-flex wp-block-gallery-is-layout-flex\"> <figure class=\"wp-block-image size-large\"><img loading=\"lazy\" decoding=\"async\" width=\"720\" height=\"540\" data-id=\"7395\" src=\"https:\/\/taizyagromachine.com\/wp-content\/uploads\/2024\/12\/micro-crawler-rotary-cultivator-manufacturer.webp\" alt=\"Hersteller von Mikroraupen-Kreiselgrubbern\" class=\"wp-image-7395\" srcset=\"https:\/\/taizyagromachine.com\/wp-content\/uploads\/2024\/12\/micro-crawler-rotary-cultivator-manufacturer.webp 720w, https:\/\/taizyagromachine.com\/wp-content\/uploads\/2024\/12\/micro-crawler-rotary-cultivator-manufacturer-16x12.webp 16w\" sizes=\"auto, (max-width: 720px) 100vw, 720px\" \/><figcaption class=\"wp-element-caption\">Hersteller von Mikroraupen-Kreiselgrubbern<\/figcaption><\/figure>    <figure class=\"wp-block-image size-large\"><img loading=\"lazy\" decoding=\"async\" width=\"720\" height=\"540\" data-id=\"7394\" src=\"https:\/\/taizyagromachine.com\/wp-content\/uploads\/2024\/12\/crawler-type-rotary-tiller-factory.webp\" alt=\"Fabrik f\u00fcr Raupenfr\u00e4sen\" class=\"wp-image-7394\" srcset=\"https:\/\/taizyagromachine.com\/wp-content\/uploads\/2024\/12\/crawler-type-rotary-tiller-factory.webp 720w, https:\/\/taizyagromachine.com\/wp-content\/uploads\/2024\/12\/crawler-type-rotary-tiller-factory-16x12.webp 16w\" sizes=\"auto, (max-width: 720px) 100vw, 720px\" \/><figcaption class=\"wp-element-caption\">Fabrik f\u00fcr Raupenfr\u00e4sen<\/figcaption><\/figure> <\/figure>    <h2 class=\"wp-block-heading\"><strong>Kontaktieren Sie uns f\u00fcr weitere Details!<\/strong><\/h2>    <p>Suchen Sie einen leistungsstarken Mini-Raupengrubber? Kontaktieren Sie Taizy noch heute! Unser Team steht Ihnen gerne mit detaillierten Produktinformationen, technischem Support und individuellen L\u00f6sungen f\u00fcr Ihre Anforderungen zur Verf\u00fcgung. Nehmen Sie jetzt Kontakt mit uns auf und entdecken Sie, wie Taizy Ihnen helfen kann, Ihre landwirtschaftliche Effizienz zu verbessern!<\/p>","protected":false},"excerpt":{"rendered":"<p>Die Raupen-Kreiselfr\u00e4se Taizy ist der neueste multifunktionale Grubber, der zum Furchen und D\u00fcngen von Weintrauben, Obstb\u00e4umen, Wolfsbeeren und anderen Nutzpflanzen eingesetzt wird.<\/p>","protected":false},"author":1,"featured_media":7387,"parent":0,"template":"","tags":[239,238],"product-type":[22],"class_list":["post-7386","product","type-product","status-publish","has-post-thumbnail","hentry","tag-farming","tag-tiller","product-type-others"],"_links":{"self":[{"href":"https:\/\/taizyagromachine.com\/de\/wp-json\/wp\/v2\/product\/7386","targetHints":{"allow":["GET"]}}],"collection":[{"href":"https:\/\/taizyagromachine.com\/de\/wp-json\/wp\/v2\/product"}],"about":[{"href":"https:\/\/taizyagromachine.com\/de\/wp-json\/wp\/v2\/types\/product"}],"author":[{"embeddable":true,"href":"https:\/\/taizyagromachine.com\/de\/wp-json\/wp\/v2\/users\/1"}],"wp:featuredmedia":[{"embeddable":true,"href":"https:\/\/taizyagromachine.com\/de\/wp-json\/wp\/v2\/media\/7387"}],"wp:attachment":[{"href":"https:\/\/taizyagromachine.com\/de\/wp-json\/wp\/v2\/media?parent=7386"}],"wp:term":[{"taxonomy":"post_tag","embeddable":true,"href":"https:\/\/taizyagromachine.com\/de\/wp-json\/wp\/v2\/tags?post=7386"},{"taxonomy":"product-type","embeddable":true,"href":"https:\/\/taizyagromachine.com\/de\/wp-json\/wp\/v2\/product-type?post=7386"}],"curies":[{"name":"wp","href":"https:\/\/api.w.org\/{rel}","templated":true}]}}