{"id":7410,"date":"2024-12-18T16:53:21","date_gmt":"2024-12-18T08:53:21","guid":{"rendered":"https:\/\/taizyagromachine.com\/?post_type=product&#038;p=7410"},"modified":"2024-12-18T17:01:22","modified_gmt":"2024-12-18T09:01:22","slug":"small-corn-harvesting-machine","status":"publish","type":"product","link":"https:\/\/taizyagromachine.com\/de\/product\/small-corn-harvesting-machine\/","title":{"rendered":"Kleine Maiserntemaschine mit Sitz"},"content":{"rendered":"<p class=\"translation-block\">Taizy <strong>Maisernte-Erntemaschine<\/strong> kombiniert die Funktionen von Maispfl\u00fccken, Sch\u00e4len, Strohzerkleinern und Mais sammeln, wodurch die Maisernte effizient und schnell abgeschlossen wird. Sie kann 0,05-0,12 Hektar Mais pro Stunde ernten.<\/p>    <p>Diese Mazie -Maschine Mazie Harvester verf\u00fcgt \u00fcber ein Sitzdesign, gro\u00dfe Reifen und wird von 25 PS angetrieben. Mit hoher Effizienz, arbeitssparender, wirtschaftlicher und praktischer F\u00e4higkeit eignet es sich f\u00fcr eine Vielzahl von Gel\u00e4nden und Arbeitsanforderungen. Die Maschine ist ideal f\u00fcr kontinuierliche Maisernutzungsoperationen.<\/p>    <p>Wenn Sie an dieser Ausr\u00fcstung interessiert sind, k\u00f6nnen Sie uns gerne f\u00fcr weitere Informationen kontaktieren!<\/p>    <figure class=\"wp-block-embed is-type-video is-provider-youtube wp-block-embed-youtube wp-embed-aspect-16-9 wp-has-aspect-ratio\"><div class=\"wp-block-embed__wrapper\"> <iframe loading=\"lazy\" title=\"Effiziente Maisernte mit der Maiserntemaschine Taizy | Maispfl\u00fccker\" width=\"500\" height=\"281\" src=\"https:\/\/www.youtube.com\/embed\/RQLRhR-9diU?feature=oembed\" frameborder=\"0\" allow=\"accelerometer; autoplay; clipboard-write; encrypted-media; gyroscope; picture-in-picture; web-share\" referrerpolicy=\"strict-origin-when-cross-origin\" allowfullscreen><\/iframe> <\/div><figcaption class=\"wp-element-caption\">Arbeitsvideo der Maispfl\u00fcckermaschine<\/figcaption><\/figure>    <h2 class=\"wp-block-heading\"><strong>Vorteile einer kleinen Maiserntemaschine<\/strong><\/h2>    <ul class=\"wp-block-list\"> <li><strong>Ausf\u00fchrung mit Sitz<\/strong>: Die Maschine ist mit einem bequemen Sitz ausgestattet, der Bediener kann sitzen und arbeiten, was die Arbeitsintensit\u00e4t erheblich reduziert und den Arbeitskomfort verbessert.<\/li>    <li><strong>Einreihiger Betrieb<\/strong>: Die Maiserntemaschine ist f\u00fcr den Anbau in kleinem Ma\u00dfstab konzipiert und eignet sich f\u00fcr Ackerland mit geringem Reihenabstand und kompliziertem Gel\u00e4nde.<\/li>    <li><strong>Hocheffiziente Ernte<\/strong>: Es erledigt die Arbeit des Pfl\u00fcckens, Trennens und Sammelns auf einmal und spart so viel Arbeit und Zeit.<\/li>    <li><strong>Flexibel und bequem<\/strong>: Diese Maschine hat eine kompakte Gr\u00f6\u00dfe und einen kleinen Wenderadius und eignet sich f\u00fcr Ebenen, H\u00fcgel und anderes Gel\u00e4nde.<\/li>    <li>Es ist erschwinglich, einfach zu bedienen und bequem zu warten.<\/li> <\/ul>   <div class=\"wp-block-image\"> <figure class=\"aligncenter size-full\"><img loading=\"lazy\" decoding=\"async\" width=\"720\" height=\"540\" src=\"https:\/\/taizyagromachine.com\/wp-content\/uploads\/2024\/12\/mini-corn-harvester-machine.webp\" alt=\"Mini-Maiserntemaschine\" class=\"wp-image-7418\" srcset=\"https:\/\/taizyagromachine.com\/wp-content\/uploads\/2024\/12\/mini-corn-harvester-machine.webp 720w, https:\/\/taizyagromachine.com\/wp-content\/uploads\/2024\/12\/mini-corn-harvester-machine-16x12.webp 16w\" sizes=\"auto, (max-width: 720px) 100vw, 720px\" \/><figcaption class=\"wp-element-caption\">Mini-Maiserntemaschine<\/figcaption><\/figure> <\/div>   <h2 class=\"wp-block-heading\"><strong>Technische Daten der Maiserntemaschine<\/strong><\/h2>    <figure class=\"wp-block-table\"><table><tbody><tr><td>Modell<\/td><td>CM4YZP-1<\/td><\/tr><tr><td>Leistung&nbsp;<\/td><td>25 PS<\/td><\/tr><tr><td>Produktivit\u00e4t<\/td><td>0,05\u20130,12 h\u33a1\/h<\/td><\/tr><tr><td>Arbeitsbereich<\/td><td>650 mm<\/td><\/tr><tr><td>Mindestbodenfreiheit<\/td><td>200mm<\/td><\/tr><tr><td>Nenngeschwindigkeit<\/td><td>2200 U\/min<\/td><\/tr><tr><td>Gr\u00f6\u00dfe<\/td><td>3650*1000*1270mm<\/td><\/tr><tr><td>Gewicht<\/td><td>980kg<\/td><\/tr><\/tbody><\/table><figcaption class=\"wp-element-caption\">Spezifikationen der Mini-Maiserntemaschine<\/figcaption><\/figure>    <h2 class=\"wp-block-heading\"><strong>Struktur<\/strong> <strong>einer Maiserntemaschine<\/strong><\/h2>    <p>Die Maschine ist kompakt und effizient konzipiert und besteht haupts\u00e4chlich aus Schneidetisch, F\u00f6rdervorrichtung, Sch\u00e4lvorrichtung, Sammlung, Antriebssystem, Sitz usw.<\/p>    <ul class=\"wp-block-list\"> <li>Schneidetisch: Wird zum Schneiden der Maisst\u00e4ngel und zum Trennen der \u00c4hren vom Mais verwendet.<\/li>    <li>F\u00f6rderband: \u00dcbergabe der Kolben vom Schneidetisch an die Sch\u00e4lvorrichtung.<\/li>    <li>Stripper: Entfernt effizient die H\u00fclle von den H\u00fchneraugen, um die Sauberkeit des Endprodukts sicherzustellen.<\/li>    <li>Sammelbox: Sed zum Sammeln der gesch\u00e4lten H\u00fchneraugen.<\/li>    <li>Stromversorgungssystem: Bietet Strom zum Antrieb der Maiserntemaschine.<\/li> <\/ul>   <div class=\"wp-block-image\"> <figure class=\"aligncenter size-full\"><img loading=\"lazy\" decoding=\"async\" width=\"720\" height=\"540\" src=\"https:\/\/taizyagromachine.com\/wp-content\/uploads\/2024\/12\/small-corn-harvesting-machine-for-sale.webp\" alt=\"Kleine Maiserntemaschine zu verkaufen\" class=\"wp-image-7416\" srcset=\"https:\/\/taizyagromachine.com\/wp-content\/uploads\/2024\/12\/small-corn-harvesting-machine-for-sale.webp 720w, https:\/\/taizyagromachine.com\/wp-content\/uploads\/2024\/12\/small-corn-harvesting-machine-for-sale-16x12.webp 16w\" sizes=\"auto, (max-width: 720px) 100vw, 720px\" \/><figcaption class=\"wp-element-caption\">Kleine Maiserntemaschine zu verkaufen<\/figcaption><\/figure> <\/div>   <h2 class=\"wp-block-heading\"><strong>Wie funktioniert die Maiserntemaschine?<\/strong><\/h2>    <p>Wenn die Maiserntemaschine in Betrieb ist, wird der Schneidtisch durch das Antriebssystem angetrieben, der die Maisst\u00e4ngel schneidet und die Maiskolben dann \u00fcber das F\u00f6rderband zur Sch\u00e4lvorrichtung zur Verarbeitung transportiert. Das Sch\u00e4lger\u00e4t entfernt die \u00e4u\u00dferen H\u00fcllen vom Mais und lagert den verarbeiteten Mais schlie\u00dflich in einer Sammelbox. Der gesamte Prozess ist effizient und kontinuierlich, was zu einer erheblichen Arbeits- und Zeitersparnis f\u00fchrt.<\/p>    <h2 class=\"wp-block-heading\"><strong>Was ist der Preis von Taizy Corn Harvesting Machine?<\/strong><\/h2>    <p>Die von Taizy angebotenen Maiserntemaschinen sind f\u00fcr ihr hohes Preis-Leistungs-Verh\u00e4ltnis bekannt und ihre Preise variieren je nach Modell, Konfiguration und Funktion. Die von Taizy zum Verkauf stehende Maiserntemaschine ist in der Regel einreihig, es gibt jedoch auch einen zweireihigen Maispfl\u00fccker mit unterschiedlichen Konfigurationen. Letzteres ist teurer.<\/p>    <p>Wir unterst\u00fctzen auch kundenspezifische L\u00f6sungen, um sicherzustellen, dass jeder Kunde das richtige Produkt f\u00fcr seine Anforderungen erh\u00e4lt. Wenn Sie bestimmte Maschinenpreise w\u00fcnschen, wenden Sie sich bitte an uns. Sagen Sie uns Ihre Anforderungen und wir bieten die am besten geeignete L\u00f6sung und den besten Preis!<\/p>   <div class=\"wp-block-image\"> <figure class=\"aligncenter size-full\"><img loading=\"lazy\" decoding=\"async\" width=\"720\" height=\"540\" src=\"https:\/\/taizyagromachine.com\/wp-content\/uploads\/2024\/12\/corn-picker-machine-with-seat.webp\" alt=\"Maispfl\u00fcckermaschine mit Sitz\" class=\"wp-image-7417\" srcset=\"https:\/\/taizyagromachine.com\/wp-content\/uploads\/2024\/12\/corn-picker-machine-with-seat.webp 720w, https:\/\/taizyagromachine.com\/wp-content\/uploads\/2024\/12\/corn-picker-machine-with-seat-16x12.webp 16w\" sizes=\"auto, (max-width: 720px) 100vw, 720px\" \/><figcaption class=\"wp-element-caption\">Maispfl\u00fcckermaschine mit Sitz<\/figcaption><\/figure> <\/div>   <h2 class=\"wp-block-heading\"><strong>Maiserntemaschine mit Sitz VS. einreihiger, selbstfahrender Maispfl\u00fccker<\/strong><\/h2>    <p class=\"translation-block\"><strong>Maisernter mit Sitz<\/strong>: Diese Maiserntemaschine eignet sich f\u00fcr lange Betriebsstunden und bietet dem Bediener Komfort und h\u00f6here Effizienz. Sie wird f\u00fcr mittlere bis gro\u00dfe Betriebe oder in Szenarien mit hohem Bedarf an kontinuierlichem Betrieb empfohlen. <strong>Taizy<\/strong><\/p>    <p class=\"translation-block\"><strong>Einzeiliger selbstfahrender Maisernter<\/strong>: Dieser <a href=\"https:\/\/taizyagromachine.com\/de\/product\/single-row-corn-harvester\/\">einzeilige Maispfl\u00fccker<\/a> ist kompakter und flexibler, ideal f\u00fcr einzelne, kleine Parzellen oder kleine Betriebe. Dieser Typ wird normalerweise im Gro\u00dfhandel verkauft und von weltweiten H\u00e4ndlern bevorzugt.<\/p>    <p>Beide Modelle haben ihre eigenen Vorteile. Das Modell mit Sitz eignet sich f\u00fcr Benutzer, die Effizienz und Komfort anstreben, w\u00e4hrend das selbstfahrende Modell eher f\u00fcr den Bedarf an flexiblem Betrieb geeignet ist. Abh\u00e4ngig von der Betriebsumgebung und dem Budget steht es den Kunden frei, das richtige Modell zu w\u00e4hlen.<\/p>    <figure class=\"wp-block-gallery has-nested-images columns-default is-cropped wp-block-gallery-2 is-layout-flex wp-block-gallery-is-layout-flex\"> <figure class=\"wp-block-image size-full\"><img loading=\"lazy\" decoding=\"async\" width=\"720\" height=\"540\" data-id=\"7420\" src=\"https:\/\/taizyagromachine.com\/wp-content\/uploads\/2024\/12\/new-type-corn-harvesting-machine.webp\" alt=\"Maiserntemaschine neuen Typs\" class=\"wp-image-7420\" srcset=\"https:\/\/taizyagromachine.com\/wp-content\/uploads\/2024\/12\/new-type-corn-harvesting-machine.webp 720w, https:\/\/taizyagromachine.com\/wp-content\/uploads\/2024\/12\/new-type-corn-harvesting-machine-16x12.webp 16w\" sizes=\"auto, (max-width: 720px) 100vw, 720px\" \/><figcaption class=\"wp-element-caption\">Maiserntemaschine neuen Typs<\/figcaption><\/figure>    <figure class=\"wp-block-image size-full\"><img loading=\"lazy\" decoding=\"async\" width=\"720\" height=\"540\" data-id=\"7364\" src=\"https:\/\/taizyagromachine.com\/wp-content\/uploads\/2024\/12\/1-row-corn-picker.webp\" alt=\"1-reihiger Maispfl\u00fccker\" class=\"wp-image-7364\" srcset=\"https:\/\/taizyagromachine.com\/wp-content\/uploads\/2024\/12\/1-row-corn-picker.webp 720w, https:\/\/taizyagromachine.com\/wp-content\/uploads\/2024\/12\/1-row-corn-picker-16x12.webp 16w\" sizes=\"auto, (max-width: 720px) 100vw, 720px\" \/><figcaption class=\"wp-element-caption\">1-reihiger Maispfl\u00fccker<\/figcaption><\/figure> <\/figure>    <h2 class=\"wp-block-heading\"><strong>Den After-Sales-Service k\u00f6nnen Sie bei Taizy genie\u00dfen<\/strong><\/h2>    <p>Nach dem Kauf der Maiserntemaschine Taize genie\u00dfen Sie einen umfassenden Kundendienst, einschlie\u00dflich:<\/p>    <ul class=\"wp-block-list\"> <li>Technische Anleitung<\/li>    <li>Ausreichende Ersatzteilversorgung<\/li>    <li>Ratschl\u00e4ge zur Ger\u00e4tewartung<\/li>    <li>Online-FQA<\/li> <\/ul>    <p>Schauen Sie sich die oben genannten Dienstleistungen an. Unser Kundendienst sorgt daf\u00fcr, dass Ihre Maispfl\u00fcckermaschine lange Zeit stabil l\u00e4uft.<\/p>    <h2 class=\"wp-block-heading\"><strong>Kontaktieren Sie uns f\u00fcr weitere Details!<\/strong><\/h2>    <p class=\"translation-block\">Wenn Sie an der Taizy Maisernte-Erntemaschine interessiert sind, kontaktieren Sie uns bitte. Wir werden Ihnen detaillierte Informationen und Maisernte-L\u00f6sungen zur Verf\u00fcgung stellen!<\/p>","protected":false},"excerpt":{"rendered":"<p>Die Maiserntemaschine Taizy kombiniert die Funktionen Maispfl\u00fccken, Sch\u00e4len, Strohzerkleinern und Maissammeln mit einer Kapazit\u00e4t von 0,05\u20130,12 h\u33a1\/h.<\/p>","protected":false},"author":1,"featured_media":7412,"parent":0,"template":"","tags":[79,240],"product-type":[17],"class_list":["post-7410","product","type-product","status-publish","has-post-thumbnail","hentry","tag-corn-machine","tag-harvester","product-type-corn-machine"],"_links":{"self":[{"href":"https:\/\/taizyagromachine.com\/de\/wp-json\/wp\/v2\/product\/7410","targetHints":{"allow":["GET"]}}],"collection":[{"href":"https:\/\/taizyagromachine.com\/de\/wp-json\/wp\/v2\/product"}],"about":[{"href":"https:\/\/taizyagromachine.com\/de\/wp-json\/wp\/v2\/types\/product"}],"author":[{"embeddable":true,"href":"https:\/\/taizyagromachine.com\/de\/wp-json\/wp\/v2\/users\/1"}],"wp:featuredmedia":[{"embeddable":true,"href":"https:\/\/taizyagromachine.com\/de\/wp-json\/wp\/v2\/media\/7412"}],"wp:attachment":[{"href":"https:\/\/taizyagromachine.com\/de\/wp-json\/wp\/v2\/media?parent=7410"}],"wp:term":[{"taxonomy":"post_tag","embeddable":true,"href":"https:\/\/taizyagromachine.com\/de\/wp-json\/wp\/v2\/tags?post=7410"},{"taxonomy":"product-type","embeddable":true,"href":"https:\/\/taizyagromachine.com\/de\/wp-json\/wp\/v2\/product-type?post=7410"}],"curies":[{"name":"wp","href":"https:\/\/api.w.org\/{rel}","templated":true}]}}