{"id":7488,"date":"2025-01-08T16:59:19","date_gmt":"2025-01-08T08:59:19","guid":{"rendered":"https:\/\/taizyagromachine.com\/?post_type=product&#038;p=7488"},"modified":"2025-01-08T17:53:44","modified_gmt":"2025-01-08T09:53:44","slug":"automatic-soybean-thresher-machine","status":"publish","type":"product","link":"https:\/\/taizyagromachine.com\/de\/product\/automatic-soybean-thresher-machine\/","title":{"rendered":"Automatische Sojabohnen-Dreschmaschine f\u00fcr den landwirtschaftlichen Einsatz"},"content":{"rendered":"<p class=\"translation-block\">Diese <strong>Sojabohnensch\u00e4lmaschine<\/strong> entfernt Samen und Schoten von Soja, Ackerbohnen, Kidneybohnen und anderen H\u00fclsenfr\u00fcchten. Sie hat eine Kapazit\u00e4t von 500-700 kg\/h. Die Abtrennrate betr\u00e4gt \u226599 %, die Bruchrate \u22640,5 % und die Gesamtverlustquote \u22641,0 %. <\/p>    <p>Der Antrieb der Bohnendreschmaschine kann \u00fcber einen Elektromotor, einen Dieselmotor oder eine Zapfwelle erfolgen. Aufgrund seiner einfachen Bedienung, vielf\u00e4ltigen Einsatzm\u00f6glichkeiten und hohen Effizienz ist es in Bohnenverarbeitungsbetrieben beliebt. Bei Interesse k\u00f6nnen Sie uns jetzt gerne kontaktieren, um weitere Informationen zu erhalten!<\/p>    <figure class=\"wp-block-embed is-type-video is-provider-youtube wp-block-embed-youtube wp-embed-aspect-16-9 wp-has-aspect-ratio\"><div class=\"wp-block-embed__wrapper\"> <iframe loading=\"lazy\" title=\"Hocheffiziente Sojabohnen-Dreschmaschine | Kleiner Mehrfrucht-Bohnendrescher f\u00fcr die Sojabohnenernte\" width=\"500\" height=\"281\" src=\"https:\/\/www.youtube.com\/embed\/O0HaKNz8GKQ?feature=oembed\" frameborder=\"0\" allow=\"accelerometer; autoplay; clipboard-write; encrypted-media; gyroscope; picture-in-picture; web-share\" referrerpolicy=\"strict-origin-when-cross-origin\" allowfullscreen><\/iframe> <\/div><figcaption class=\"wp-element-caption\">Mehrzweck-Bohnendreschmaschine<\/figcaption><\/figure>    <h2 class=\"wp-block-heading\"><strong>Vorteile der Sojabohnen-Dreschmaschine<\/strong><\/h2>    <ul class=\"wp-block-list\"> <li>Es kann <strong>500\u2013700 kg Bohnen pro Stunde dreschen<\/strong>, Verbesserung der Arbeitseffizienz und Reduzierung der manuellen Arbeit.<\/li>    <li>Diese Sojabohnen-Dreschmaschine ist <strong>Geeignet f\u00fcr alle Arten von Bohnenkulturen, wie Ackerbohnen, Kidneybohnen und Mungobohnen<\/strong>, usw.<\/li>    <li>Durch pr\u00e4zises Design ist die <strong>Der Verlust beim Dreschen betr\u00e4gt \u22641,0%<\/strong>, sehr niedrig, um sicherzustellen, dass mehr Bohnenk\u00f6rner intakt geerntet werden.<\/li>    <li>Die Maschine verf\u00fcgt \u00fcber eine <strong>einfache Struktur, einfach zu bedienen<\/strong>, geeignet f\u00fcr verschiedene Benutzerebenen.<\/li>    <li>Wir k\u00f6nnen <strong>Passen Sie die Maschinenspannung, Leistung, Konfiguration, Farbe,<\/strong> usw., um Ihren Anforderungen gerecht zu werden.<\/li> <\/ul>   <div class=\"wp-block-image\"> <figure class=\"aligncenter size-full\"><img loading=\"lazy\" decoding=\"async\" width=\"720\" height=\"540\" src=\"https:\/\/taizyagromachine.com\/wp-content\/uploads\/2025\/01\/small-scale-bean-thresher.webp\" alt=\"Kleiner Bohnendrescher\" class=\"wp-image-7497\" srcset=\"https:\/\/taizyagromachine.com\/wp-content\/uploads\/2025\/01\/small-scale-bean-thresher.webp 720w, https:\/\/taizyagromachine.com\/wp-content\/uploads\/2025\/01\/small-scale-bean-thresher-16x12.webp 16w\" sizes=\"auto, (max-width: 720px) 100vw, 720px\" \/><figcaption class=\"wp-element-caption\">Kleiner Bohnendrescher<\/figcaption><\/figure> <\/div>   <h2 class=\"wp-block-heading\"><strong>Technische Parameter der Sojabohnen-Dreschmaschine<\/strong><\/h2>    <figure class=\"wp-block-table\"><table class=\"has-fixed-layout\"><tbody><tr><td>Modell<\/td><td>5TD-900<\/td><\/tr><tr><td>Kapazit\u00e4t<\/td><td>500-700kg\/h<\/td><\/tr><tr><td>Passende Leistung<\/td><td>\u22657,5-kW-Motor oder 12-15-PS-Dieselmotor oder Traktorzapfwelle <\/td><\/tr><tr><td>Bruchrate<\/td><td>\u22640,5%<\/td><\/tr><tr><td>Ungestrippter Tarif<\/td><td>\u22641,0%<\/td><\/tr><tr><td>Gesamtverlustrate<\/td><td>\u22641,0%<\/td><\/tr><tr><td>L\u00fcftergeschwindigkeit<\/td><td>1000-1100 U\/min<\/td><\/tr><tr><td>Durchmesser des Sauggebl\u00e4ses (Reinigungsgebl\u00e4se).<\/td><td>D=600mm<\/td><\/tr><tr><td>Trommeldurchmesser\/-l\u00e4nge<\/td><td>D=520mm (oder 500), L=900mm<\/td><\/tr><tr><td>Schwingsiebamplitude<\/td><td>30mm<\/td><\/tr><tr><td>Abmessungen (einschlie\u00dflich Reifen und Zugrahmen)<\/td><td>340*170*140(oder 156)cm<\/td><\/tr><tr><td>Gewicht<\/td><td>400kg<\/td><\/tr><tr><td>Packma\u00df<\/td><td>Einzelmaschine in Holzkiste (inkl. Dieselmotor) 226*96*124cm<\/td><\/tr><\/tbody><\/table><figcaption class=\"wp-element-caption\">Daten der Bohnendreschmaschine<\/figcaption><\/figure>    <h2 class=\"wp-block-heading\"><strong>Anwendungen der Sojabohnen-Dreschmaschine<\/strong><\/h2>    <p class=\"translation-block\">Diese Getreidesch\u00e4lmaschine ist nicht nur f\u00fcr <strong>Sojabohnen<\/strong>, sondern auch f\u00fcr <strong><a href=\"https:\/\/en.wikipedia.org\/wiki\/Vicia_faba\" target=\"_blank\" rel=\"noopener\">Ackerbohnen<\/a>, Kidneybohnen, Mungbohnen, Sorghum, Mais, Sonnenblumen<\/strong> usw.<\/p>    <p>Zu den Hauptanwendungsszenarien geh\u00f6ren:<\/p>    <ul class=\"wp-block-list\"> <li><strong>Landwirtschaftliche Nutzung<\/strong>: Helfen Sie Landwirten, die Arbeitseffizienz und das schnelle Dreschen zu verbessern<\/li>    <li><strong>Kleine Verarbeitungsanlage<\/strong>: In Anlagen zur Verarbeitung von Sojabohnenprodukten wird die Dreschmaschine verwendet, um Sojabohnen schnell f\u00fcr die Weiterverarbeitung zu Sojamilch, Tofu usw. zu verarbeiten.<\/li>    <li><strong>Familienworkshop<\/strong>: Geeignet f\u00fcr die Produktion in kleinem Ma\u00dfstab und zur Reduzierung der manuellen Arbeit.<\/li> <\/ul>    <figure class=\"wp-block-gallery has-nested-images columns-4 is-cropped wp-block-gallery-2 is-layout-flex wp-block-gallery-is-layout-flex\"> <figure class=\"wp-block-image size-full\"><img loading=\"lazy\" decoding=\"async\" width=\"1320\" height=\"1342\" data-id=\"7496\" src=\"https:\/\/taizyagromachine.com\/wp-content\/uploads\/2025\/01\/soybeans.webp\" alt=\"Sojabohnen\" class=\"wp-image-7496\" srcset=\"https:\/\/taizyagromachine.com\/wp-content\/uploads\/2025\/01\/soybeans.webp 1320w, https:\/\/taizyagromachine.com\/wp-content\/uploads\/2025\/01\/soybeans-12x12.webp 12w\" sizes=\"auto, (max-width: 1320px) 100vw, 1320px\" \/><figcaption class=\"wp-element-caption\">Sojabohnen<\/figcaption><\/figure>    <figure class=\"wp-block-image size-full\"><img loading=\"lazy\" decoding=\"async\" width=\"889\" height=\"500\" data-id=\"7493\" src=\"https:\/\/taizyagromachine.com\/wp-content\/uploads\/2025\/01\/fava-beans.webp\" alt=\"Ackerbohnen\" class=\"wp-image-7493\" srcset=\"https:\/\/taizyagromachine.com\/wp-content\/uploads\/2025\/01\/fava-beans.webp 889w, https:\/\/taizyagromachine.com\/wp-content\/uploads\/2025\/01\/fava-beans-18x10.webp 18w\" sizes=\"auto, (max-width: 889px) 100vw, 889px\" \/><figcaption class=\"wp-element-caption\">Ackerbohnen<\/figcaption><\/figure>    <figure class=\"wp-block-image size-full\"><img loading=\"lazy\" decoding=\"async\" width=\"640\" height=\"500\" data-id=\"7494\" src=\"https:\/\/taizyagromachine.com\/wp-content\/uploads\/2025\/01\/kidney-beans.webp\" alt=\"Kidneybohnen\" class=\"wp-image-7494\" srcset=\"https:\/\/taizyagromachine.com\/wp-content\/uploads\/2025\/01\/kidney-beans.webp 640w, https:\/\/taizyagromachine.com\/wp-content\/uploads\/2025\/01\/kidney-beans-15x12.webp 15w\" sizes=\"auto, (max-width: 640px) 100vw, 640px\" \/><figcaption class=\"wp-element-caption\">Kidneybohnen<\/figcaption><\/figure>    <figure class=\"wp-block-image size-full\"><img loading=\"lazy\" decoding=\"async\" width=\"500\" height=\"334\" data-id=\"7495\" src=\"https:\/\/taizyagromachine.com\/wp-content\/uploads\/2025\/01\/mung-beans.webp\" alt=\"Mungobohnen\" class=\"wp-image-7495\" srcset=\"https:\/\/taizyagromachine.com\/wp-content\/uploads\/2025\/01\/mung-beans.webp 500w, https:\/\/taizyagromachine.com\/wp-content\/uploads\/2025\/01\/mung-beans-18x12.webp 18w\" sizes=\"auto, (max-width: 500px) 100vw, 500px\" \/><figcaption class=\"wp-element-caption\">Mungobohnen<\/figcaption><\/figure> <\/figure>    <h2 class=\"wp-block-heading\"><strong>Aufbau einer Sojabohnen-Dreschmaschine<\/strong><\/h2>    <p>Der Aufbau der zum Verkauf stehenden Mehrzweck-Dreschmaschine f\u00fcr trockene Bohnen umfasst mehrere wichtige Teile, und die Funktion jedes Teils ist wie folgt:<\/p>    <ul class=\"wp-block-list\"> <li><strong>Einlass<\/strong>: F\u00fcttert die zu dreschenden Sojabohnen in die Maschine.<\/li>    <li><strong>Dreschtrommel<\/strong>: Kernst\u00fcck des Dreschens, bei dem die Sojabohnen durch Rotation von den Schoten getrennt werden.<\/li>    <li><strong>Screening-Ger\u00e4t<\/strong>: Siebt Verunreinigungen und trennt Sojabohnen von der Schale.<\/li>    <li><strong>Auslass\u00f6ffnung<\/strong>: Die gedroschenen Bohnen werden durch die Auslass\u00f6ffnung ausgeworfen, um Sauberkeit und Effizienz zu gew\u00e4hrleisten.<\/li>    <li><strong>Energiesystem<\/strong>: angetrieben durch Elektromotor oder Dieselmotor, um einen stabilen Betrieb der Maschine zu gew\u00e4hrleisten.<\/li> <\/ul>   <div class=\"wp-block-image\"> <figure class=\"aligncenter size-full\"><img loading=\"lazy\" decoding=\"async\" width=\"720\" height=\"540\" src=\"https:\/\/taizyagromachine.com\/wp-content\/uploads\/2025\/01\/bean-thresher-machine-for-sale.webp\" alt=\"Bohnendreschmaschine zu verkaufen\" class=\"wp-image-7489\" srcset=\"https:\/\/taizyagromachine.com\/wp-content\/uploads\/2025\/01\/bean-thresher-machine-for-sale.webp 720w, https:\/\/taizyagromachine.com\/wp-content\/uploads\/2025\/01\/bean-thresher-machine-for-sale-16x12.webp 16w\" sizes=\"auto, (max-width: 720px) 100vw, 720px\" \/><figcaption class=\"wp-element-caption\">Bohnendreschmaschine zu verkaufen<\/figcaption><\/figure> <\/div>   <h2 class=\"wp-block-heading\"><strong>Wie funktioniert die Sojabohnen-Dreschmaschine?<\/strong><\/h2>    <p>Der Sojabohnendrescher trennt Sojabohnen durch mechanische Rotation von den Schoten. Zun\u00e4chst gelangen die trockenen Bohnen durch den Einlass in die Dreschmaschine und die K\u00f6rner werden durch die rotierende Wirkung der Dreschtrommel von den Schoten getrennt. Anschlie\u00dfend trennt die Siebvorrichtung im Inneren der Maschine die Bohnenk\u00f6rner von den Verunreinigungen. Abschlie\u00dfend werden die gereinigten Bohnenk\u00f6rner aus der Auswurf\u00f6ffnung ausgetragen, um den Dreschvorgang abzuschlie\u00dfen.<\/p>    <p>Der gesamte Prozess ist sauber und schnell und es ist wichtig, die Unversehrtheit der Bohnen sicherzustellen.<\/p>    <h2 class=\"wp-block-heading\"><strong>Wie hoch ist der Preis f\u00fcr eine Sojabohnen-Dreschmaschine?<\/strong><\/h2>    <p>Der Preis einer Sojabohnen-Dreschmaschine variiert je nach Antriebssystem, Maschinenkonfiguration, Marke und anderen Faktoren.<\/p>    <p>Drei Arten von Antrieben k\u00f6nnen mit der Dreschmaschine kombiniert werden, und der Preis ist jeweils unterschiedlich. Dar\u00fcber hinaus unterscheidet sich die Innenkonfiguration der Maschine je nach zu dreschendem Rohmaterial geringf\u00fcgig, und auch der Preis ist unterschiedlich. Dar\u00fcber hinaus verf\u00fcgen die Ger\u00e4te bekannter Marken \u00fcber einen guten Kundendienst und der Preis wird etwas h\u00f6her sein als bei den anderen.<\/p>    <p>Unsere Taizy-Sojabohnen-Dreschmaschine ist preisg\u00fcnstig und kosteng\u00fcnstig und eignet sich f\u00fcr landwirtschaftliche Betriebe und Verarbeitungsbetriebe unterschiedlicher Gr\u00f6\u00dfe. Wenn Sie den konkreten Maschinenpreis erfahren m\u00f6chten, k\u00f6nnen Sie uns gerne f\u00fcr ein detailliertes Angebot kontaktieren!<\/p>   <div class=\"wp-block-image\"> <figure class=\"aligncenter size-full\"><img loading=\"lazy\" decoding=\"async\" width=\"720\" height=\"540\" src=\"https:\/\/taizyagromachine.com\/wp-content\/uploads\/2025\/01\/soybean-thresher-machine-in-the-factory.webp\" alt=\"Sojabohnen-Dreschmaschine in der Fabrik\" class=\"wp-image-7492\" srcset=\"https:\/\/taizyagromachine.com\/wp-content\/uploads\/2025\/01\/soybean-thresher-machine-in-the-factory.webp 720w, https:\/\/taizyagromachine.com\/wp-content\/uploads\/2025\/01\/soybean-thresher-machine-in-the-factory-16x12.webp 16w\" sizes=\"auto, (max-width: 720px) 100vw, 720px\" \/><figcaption class=\"wp-element-caption\">Sojabohnen-Dreschmaschine in der Fabrik<\/figcaption><\/figure> <\/div>   <h2 class=\"wp-block-heading\"><strong>Warum Taizy als Lieferant von Sojabohnen-Dreschmaschinen w\u00e4hlen?<\/strong><\/h2>    <p class=\"translation-block\">Warum Taizy als Lieferant von Sojabohnensch\u00e4lmaschinen w\u00e4hlen, wenn es so viele Lieferanten von <a href=\"https:\/\/taizyagromachine.com\/de\/product\/multifunctional-thresher\/\">multifunktionalen Sch\u00e4lmaschinen<\/a> auf dem Markt gibt? Es gibt haupts\u00e4chlich die folgenden Punkte:<\/p>    <ul class=\"wp-block-list\"> <li><strong>Qualit\u00e4tssicherung<\/strong>: Die Dreschmaschine von Taiz\u00e9 ist in Industrie und Gewerbe integriert. Unsere Fabrik fertigt die Ger\u00e4te aus hochwertigen Materialien mit robusten Strukturen, um einen langfristig stabilen Betrieb zu gew\u00e4hrleisten.<\/li>    <li><strong>Perfekter After-Sales-Service<\/strong>: Wir bieten eine Reihe von Dienstleistungen wie Ger\u00e4teinstallation und -inbetriebnahme, Betriebsschulung, technischen Support usw. an, um sicherzustellen, dass sich die Kunden keine Sorgen machen m\u00fcssen.<\/li>    <li><strong>Ma\u00dfgeschneiderte L\u00f6sungen<\/strong>: Je nach Kundenwunsch bieten wir ma\u00dfgeschneiderte Ger\u00e4tekonfigurationen an, um den Produktionsanforderungen verschiedener Gr\u00f6\u00dfenordnungen gerecht zu werden.<\/li> <\/ul>    <figure class=\"wp-block-gallery has-nested-images columns-default is-cropped wp-block-gallery-3 is-layout-flex wp-block-gallery-is-layout-flex\"> <figure class=\"wp-block-image size-large\"><img loading=\"lazy\" decoding=\"async\" width=\"720\" height=\"540\" data-id=\"7490\" src=\"https:\/\/taizyagromachine.com\/wp-content\/uploads\/2025\/01\/soya-beans-thresher-machine-manufacturer.webp\" alt=\"Hersteller von Sojabohnen-Dreschmaschinen\" class=\"wp-image-7490\" srcset=\"https:\/\/taizyagromachine.com\/wp-content\/uploads\/2025\/01\/soya-beans-thresher-machine-manufacturer.webp 720w, https:\/\/taizyagromachine.com\/wp-content\/uploads\/2025\/01\/soya-beans-thresher-machine-manufacturer-16x12.webp 16w\" sizes=\"auto, (max-width: 720px) 100vw, 720px\" \/><figcaption class=\"wp-element-caption\">Hersteller von Sojabohnen-Dreschmaschinen<\/figcaption><\/figure>    <figure class=\"wp-block-image size-large\"><img loading=\"lazy\" decoding=\"async\" width=\"720\" height=\"540\" data-id=\"7491\" src=\"https:\/\/taizyagromachine.com\/wp-content\/uploads\/2025\/01\/soybeans-thresher-in-stock.webp\" alt=\"Sojabohnen-Dreschmaschine auf Lager\" class=\"wp-image-7491\" srcset=\"https:\/\/taizyagromachine.com\/wp-content\/uploads\/2025\/01\/soybeans-thresher-in-stock.webp 720w, https:\/\/taizyagromachine.com\/wp-content\/uploads\/2025\/01\/soybeans-thresher-in-stock-16x12.webp 16w\" sizes=\"auto, (max-width: 720px) 100vw, 720px\" \/><figcaption class=\"wp-element-caption\">Sojabohnen-Dreschmaschine auf Lager<\/figcaption><\/figure> <\/figure>    <h2 class=\"wp-block-heading\"><strong>Kontaktieren Sie uns f\u00fcr weitere Details!<\/strong><\/h2>    <p>Wenn Sie eine Sojabohnen-Dreschmaschine kaufen m\u00fcssen oder an unserer Ausr\u00fcstung interessiert sind, kontaktieren Sie uns bitte umgehend. Wir stellen Ihnen detaillierte Produktinformationen und Angebote zur Verf\u00fcgung, um Ihnen bei der Auswahl der am besten geeigneten Dreschmaschine zu helfen und Ihrem landwirtschaftlichen Betrieb zu einer erfolgreichen Entwicklung zu verhelfen!<\/p>","protected":false},"excerpt":{"rendered":"<p>Diese Sojabohnen-Dreschmaschine entfernt Samen und Schoten von Soja, Saubohnen, Kidneybohnen und anderen H\u00fclsenfr\u00fcchten.  Die Kapazit\u00e4t betr\u00e4gt 500\u2013700 kg\/h.<\/p>","protected":false},"author":1,"featured_media":7498,"parent":0,"template":"","tags":[241],"product-type":[22],"class_list":["post-7488","product","type-product","status-publish","has-post-thumbnail","hentry","tag-soybean","product-type-others"],"_links":{"self":[{"href":"https:\/\/taizyagromachine.com\/de\/wp-json\/wp\/v2\/product\/7488","targetHints":{"allow":["GET"]}}],"collection":[{"href":"https:\/\/taizyagromachine.com\/de\/wp-json\/wp\/v2\/product"}],"about":[{"href":"https:\/\/taizyagromachine.com\/de\/wp-json\/wp\/v2\/types\/product"}],"author":[{"embeddable":true,"href":"https:\/\/taizyagromachine.com\/de\/wp-json\/wp\/v2\/users\/1"}],"wp:featuredmedia":[{"embeddable":true,"href":"https:\/\/taizyagromachine.com\/de\/wp-json\/wp\/v2\/media\/7498"}],"wp:attachment":[{"href":"https:\/\/taizyagromachine.com\/de\/wp-json\/wp\/v2\/media?parent=7488"}],"wp:term":[{"taxonomy":"post_tag","embeddable":true,"href":"https:\/\/taizyagromachine.com\/de\/wp-json\/wp\/v2\/tags?post=7488"},{"taxonomy":"product-type","embeddable":true,"href":"https:\/\/taizyagromachine.com\/de\/wp-json\/wp\/v2\/product-type?post=7488"}],"curies":[{"name":"wp","href":"https:\/\/api.w.org\/{rel}","templated":true}]}}