{"id":7875,"date":"2025-04-17T17:29:23","date_gmt":"2025-04-17T09:29:23","guid":{"rendered":"https:\/\/taizyagromachine.com\/?post_type=product&#038;p=7875"},"modified":"2025-04-17T17:29:24","modified_gmt":"2025-04-17T09:29:24","slug":"combine-potato-harvester","status":"publish","type":"product","link":"https:\/\/taizyagromachine.com\/de\/product\/combine-potato-harvester\/","title":{"rendered":"Kombinieren Sie den Kartoffelernte mit Traktor"},"content":{"rendered":"<p class=\"translation-block\">Der Taizy <strong>Kartoffelernter<\/strong> kann mit einem vierr\u00e4drigen Traktor verwendet werden, um das Graben, F\u00f6rdern, Sammeln, Laden und andere Arbeiten bei einmaliger Durchf\u00fchrung abzuschlie\u00dfen. Die passende Traktorleistung betr\u00e4gt \u2265 40 PS (je nach Maschinenmodell), was eine bequeme Anh\u00e4ngerverbindung und starke Man\u00f6vrierf\u00e4higkeit erm\u00f6glicht.<\/p>    <p>Dieser 3-Punkte-Kartoffelgr\u00e4ber kann 5-8 MU von Kartoffeln oder S\u00fc\u00dfkartoffeln pro Stunde ernten, und die Ming-Kartoffelrate betr\u00e4gt \u2265 96% und die Hautbrennungsrate betr\u00e4gt \u22642%. Es hat die Vorteile von automatischer Belastung, hoher Ernteeffizienz, niedriger Bruchrate, Licht ohne Vibration, ohne Grasverstopfung, schneller Bodenleckage und langer Lebensdauer. Somit ist diese Maschine ideal f\u00fcr die Erntung landwirtschaftlicher Ger\u00e4te. Bist du interessiert? Nehmen Sie sich jetzt mit uns in Verbindung, um einen zu kaufen!<\/p>    <figure class=\"wp-block-embed is-type-video is-provider-youtube wp-block-embed-youtube wp-embed-aspect-16-9 wp-has-aspect-ratio\"><div class=\"wp-block-embed__wrapper\"> <iframe loading=\"lazy\" title=\"Kartoffelm\u00e4he Harvester mit Traktor | Kartoffelernteausr\u00fcstung zum Graben von Kartoffeln #harvester\" width=\"500\" height=\"281\" src=\"https:\/\/www.youtube.com\/embed\/B5UAHV-4Zjw?feature=oembed\" frameborder=\"0\" allow=\"accelerometer; autoplay; clipboard-write; encrypted-media; gyroscope; picture-in-picture; web-share\" referrerpolicy=\"strict-origin-when-cross-origin\" allowfullscreen><\/iframe> <\/div><figcaption class=\"wp-element-caption\">Video der Kartoffelerntemaschine<\/figcaption><\/figure>    <h2 class=\"wp-block-heading\"><strong>Vorteile von Kartoffelernte zum Verkauf<\/strong><\/h2>    <ul class=\"wp-block-list\"> <li>Durch den automatischen Betrieb kann der Betriebsbereich erreichen <strong>5-8 mu pro Stunde<\/strong>, was stark Arbeitskr\u00e4fte und Zeitkosten spart.<\/li>    <li>Es nimmt a an <strong>vibrierender Sieb + weicher Gummi -F\u00f6rderungsstruktur Design<\/strong>minimieren Sie die Sch\u00e4den an Pflanzen im Ernteprozess und halten Sie das Erscheinungsbild von Kartoffeln intakt.<\/li>    <li>Ob es ist <strong>sandiger Boden, lehmiger Boden oder Tonboden<\/strong>Der Kartoffelgr\u00e4ber f\u00fcr einen Traktor kann einen stabilen Betrieb aufrechterhalten, der f\u00fcr verschiedene Grundst\u00fccke geeignet ist.<\/li>    <li>Die Maschine verf\u00fcgt \u00fcber eine <strong>angemessenes strukturelles Design<\/strong>und gew\u00f6hnliche Landwirte k\u00f6nnen auch schnell loslegen und die Betriebsschwelle verringern.<\/li> <\/ul>    <figure class=\"wp-block-gallery has-nested-images columns-default is-cropped wp-block-gallery-2 is-layout-flex wp-block-gallery-is-layout-flex\"> <figure class=\"wp-block-image size-large\"><img loading=\"lazy\" decoding=\"async\" width=\"720\" height=\"540\" data-id=\"7879\" src=\"https:\/\/taizyagromachine.com\/wp-content\/uploads\/2025\/04\/potato-harvester-machine.webp\" alt=\"Kartoffelernte Maschine\" class=\"wp-image-7879\" srcset=\"https:\/\/taizyagromachine.com\/wp-content\/uploads\/2025\/04\/potato-harvester-machine.webp 720w, https:\/\/taizyagromachine.com\/wp-content\/uploads\/2025\/04\/potato-harvester-machine-16x12.webp 16w\" sizes=\"auto, (max-width: 720px) 100vw, 720px\" \/><figcaption class=\"wp-element-caption\">Kartoffelernte Maschine<\/figcaption><\/figure>    <figure class=\"wp-block-image size-full\"><img loading=\"lazy\" decoding=\"async\" width=\"720\" height=\"540\" data-id=\"7881\" src=\"https:\/\/taizyagromachine.com\/wp-content\/uploads\/2025\/04\/unique-peanut-digger-design.webp\" alt=\"einzigartiges Erdnussgr\u00e4ber Design\" class=\"wp-image-7881\" srcset=\"https:\/\/taizyagromachine.com\/wp-content\/uploads\/2025\/04\/unique-peanut-digger-design.webp 720w, https:\/\/taizyagromachine.com\/wp-content\/uploads\/2025\/04\/unique-peanut-digger-design-16x12.webp 16w\" sizes=\"auto, (max-width: 720px) 100vw, 720px\" \/><figcaption class=\"wp-element-caption\">einzigartiges Erdnussgr\u00e4ber Design<\/figcaption><\/figure> <\/figure>    <h2 class=\"wp-block-heading\"><strong>Technische Parameter des Kombinationskartoffelernte<\/strong><\/h2>    <figure class=\"wp-block-table\"><table class=\"has-fixed-layout\"><tbody><tr><td>Modell<\/td><td>4UQL-1300<\/td><td>4UQL-1600<\/td><\/tr><tr><td>Produktivit\u00e4t<\/td><td>5-8MU\/h<\/td><td>5-8MU\/h<\/td><\/tr><tr><td>Arbeitstiefe<\/td><td>250 mm<\/td><td>250 mm<\/td><\/tr><tr><td>Arbeitsbreite<\/td><td>1300 mm<\/td><td>1600 mm<\/td><\/tr><tr><td>Ming -Kartoffelrate<\/td><td>\u226596%<\/td><td>\u226596%<\/td><\/tr><tr><td>Hautbrennungsrate<\/td><td>\u22642%<\/td><td>\u22642%<\/td><\/tr><tr><td>PTO -Geschwindigkeit<\/td><td>560 U \/ min<\/td><td>560 U \/ min<\/td><\/tr><tr><td>Passende Leistung<\/td><td>\u2265 40 PS<\/td><td>\u2265 60 PS<\/td><\/tr><tr><td>Bruttogewicht der Gesamtmaschine<\/td><td>Diese Konfiguration f\u00fcgt die Farbsinter- und Verpackungsmaschine auf Basis von MCTP15-A hinzu und eignet sich f\u00fcr mittlere bis gro\u00dfe Kunden, die den Mehrwert ihrer Produkte und Automatisierung steigern m\u00f6chten.Seine St\u00e4rken sind:<\/td><td>1800 kg<\/td><\/tr><tr><td>Nettogewicht der Gesamtmaschine<\/td><td>1560 kg<\/td><td>1660 kg<\/td><\/tr><tr><td>Gesamtdimension<\/td><td>4500*4000*2700 mm<\/td><td>4500*4000*2700 mm<\/td><\/tr><tr><td>Packma\u00df<\/td><td>3200*1800*1850 mm<\/td><td>3250*2000*1950mm<\/td><\/tr><\/tbody><\/table><figcaption class=\"wp-element-caption\">Spezifikationen der Kartoffel -Kombinationshilfe<\/figcaption><\/figure>    <h2 class=\"wp-block-heading\"><strong>Anwendungen der Kartoffelernutzungsmaschine<\/strong><\/h2>    <p>Diese Kartoffelerntemaschine wird haupts\u00e4chlich zum Ernten von unterirdischen Stamm-Pflanzen wie Kartoffeln, S\u00fc\u00dfkartoffeln, Knoblauch und Karotten verwendet. Sie ist geeignet f\u00fcr kleine und mittelgro\u00dfe Betriebe, Kartoffelbauernkooperativen, gro\u00dfe Anbaufl\u00e4chen, H\u00e4ndler von landwirtschaftlichen Maschinen, Antragsteller f\u00fcr Subventionsprogramme f\u00fcr landwirtschaftliche Maschinen usw.<\/p>    <figure class=\"wp-block-gallery has-nested-images columns-default is-cropped wp-block-gallery-3 is-layout-flex wp-block-gallery-is-layout-flex\"> <figure class=\"wp-block-image size-large\"><img loading=\"lazy\" decoding=\"async\" width=\"750\" height=\"600\" data-id=\"7882\" src=\"https:\/\/taizyagromachine.com\/wp-content\/uploads\/2025\/04\/applications-of-sweet-potato-harvesting-machine.webp\" alt=\"Anwendungen der S\u00fc\u00dfkartoffelernutzungsmaschine\" class=\"wp-image-7882\" srcset=\"https:\/\/taizyagromachine.com\/wp-content\/uploads\/2025\/04\/applications-of-sweet-potato-harvesting-machine.webp 750w, https:\/\/taizyagromachine.com\/wp-content\/uploads\/2025\/04\/applications-of-sweet-potato-harvesting-machine-15x12.webp 15w\" sizes=\"auto, (max-width: 750px) 100vw, 750px\" \/><figcaption class=\"wp-element-caption\">Anwendungen der S\u00fc\u00dfkartoffelernutzungsmaschine<\/figcaption><\/figure>    <figure class=\"wp-block-image size-large\"><img loading=\"lazy\" decoding=\"async\" width=\"750\" height=\"600\" data-id=\"7883\" src=\"https:\/\/taizyagromachine.com\/wp-content\/uploads\/2025\/04\/working-scenes-of-3-point-hitch-peanut-digger-machine.webp\" alt=\"Arbeitsszenen der 3-Punkte-Hitch-Erdnuss-Baggermaschine\" class=\"wp-image-7883\" srcset=\"https:\/\/taizyagromachine.com\/wp-content\/uploads\/2025\/04\/working-scenes-of-3-point-hitch-peanut-digger-machine.webp 750w, https:\/\/taizyagromachine.com\/wp-content\/uploads\/2025\/04\/working-scenes-of-3-point-hitch-peanut-digger-machine-15x12.webp 15w\" sizes=\"auto, (max-width: 750px) 100vw, 750px\" \/><figcaption class=\"wp-element-caption\">Arbeitsszenen der 3-Punkte-Hitch-Erdnuss-Baggermaschine<\/figcaption><\/figure> <\/figure>    <h2 class=\"wp-block-heading\"><strong>Wie hoch ist der Preis f\u00fcr einen Kartoffelernter?<\/strong><\/h2>    <p>Der Preis eines 3-Punkte-Kartoffelgr\u00e4bers h\u00e4ngt vom Modell der Maschine, der Feature-Konfiguration und der Anpassungsanforderungen ab. Der allgemeine Preis reicht von wenigen tausend bis Zehntausenden von Dollar. Zum Beispiel ist der Preis eines Basis -M\u00e4hdreschers niedrig, w\u00e4hrend der Preis eines multifunktionalen kombinierten Typs mit einem F\u00f6rderer relativ hoch ist. Um eine spezifische Anf\u00fchrungs- und Parametervergleichstabelle zu erhalten, k\u00f6nnen Sie sich gerne mit Ihren Anforderungsinformationen kontaktieren.<\/p>   <div class=\"wp-block-image\"> <figure class=\"aligncenter size-full\"><img loading=\"lazy\" decoding=\"async\" width=\"720\" height=\"540\" src=\"https:\/\/taizyagromachine.com\/wp-content\/uploads\/2025\/04\/single-row-potato-digger-for-tractor.webp\" alt=\"Einzelreihe Kartoffelgr\u00e4ber f\u00fcr Traktor\" class=\"wp-image-7880\" srcset=\"https:\/\/taizyagromachine.com\/wp-content\/uploads\/2025\/04\/single-row-potato-digger-for-tractor.webp 720w, https:\/\/taizyagromachine.com\/wp-content\/uploads\/2025\/04\/single-row-potato-digger-for-tractor-16x12.webp 16w\" sizes=\"auto, (max-width: 720px) 100vw, 720px\" \/><figcaption class=\"wp-element-caption\">Einzelreihe Kartoffelgr\u00e4ber f\u00fcr Traktor<\/figcaption><\/figure> <\/div>   <h2 class=\"wp-block-heading\"><strong>Warum Taizy unter vielen Herstellern der Kartoffelerntemaschinen w\u00e4hlen?<\/strong><\/h2>    <p>Taizy verf\u00fcgt \u00fcber viele Jahre Erfahrung in der Herstellung von landwirtschaftlichen Maschinen, und unsere Produkte werden in mehr als 80 L\u00e4nder auf der ganzen Welt exportiert und werden von den Nutzern vertrauen. Unsere Vorteile umfassen:<\/p>    <ul class=\"wp-block-list\"> <li>Professionelles technisches Team, Unterst\u00fctzung f\u00fcr den individuellen Service<\/li>    <li>Strenge Qualit\u00e4tskontrolle und zuverl\u00e4ssige Verpackung und Transport<\/li>    <li>Vollst\u00e4ndige Prozessunterst\u00fctzung und Videoanleitung nach dem Verkauf<\/li>    <li>Stabile Leistung und kosteng\u00fcnstig, geeignet f\u00fcr Benutzer verschiedener Skalen<\/li> <\/ul>    <p>Wenn Sie sich f\u00fcr die Kartoffel -Harvester -Maschine interessieren, w\u00e4hlt die Auswahl von Taizy Qualit\u00e4t, Service und Garantie.<\/p>   <div class=\"wp-block-image\"> <figure class=\"aligncenter size-full\"><img loading=\"lazy\" decoding=\"async\" width=\"720\" height=\"540\" src=\"https:\/\/taizyagromachine.com\/wp-content\/uploads\/2025\/04\/commercial-potato-combine-harvester.webp\" alt=\"Gewerbe Kartoffel -Kombinatharfer\" class=\"wp-image-7885\" srcset=\"https:\/\/taizyagromachine.com\/wp-content\/uploads\/2025\/04\/commercial-potato-combine-harvester.webp 720w, https:\/\/taizyagromachine.com\/wp-content\/uploads\/2025\/04\/commercial-potato-combine-harvester-16x12.webp 16w\" sizes=\"auto, (max-width: 720px) 100vw, 720px\" \/><figcaption class=\"wp-element-caption\">Gewerbe Kartoffel -Kombinatharfer<\/figcaption><\/figure> <\/div>   <h2 class=\"wp-block-heading\"><strong>Ein anderer Typ: kleine Kartoffelernte Maschine<\/strong><\/h2>    <p class=\"translation-block\">F\u00fcr kleine Landwirte oder Nutzer mit kleinen Fl\u00e4chen bieten wir auch handgehaltene kleine Kartoffelernteger\u00e4te an. Die Maschine ist klein, leicht und einfach zu bedienen, geeignet f\u00fcr die Kombination mit einem 15-20 PS <a href=\"https:\/\/taizyagromachine.com\/de\/product\/two-wheel-drive-walking-type-tractor\/\">R\u00fcckentraktor<\/a>, was die ideale Wahl f\u00fcr Familienanbau, kleine Betriebe und Nutzer in bergigen Gebieten ist.<\/p>   <div class=\"wp-block-image\"> <figure class=\"aligncenter size-full\"><img loading=\"lazy\" decoding=\"async\" width=\"720\" height=\"540\" src=\"https:\/\/taizyagromachine.com\/wp-content\/uploads\/2025\/04\/small-potato-harvesting-machine-with-two-wheel-tractor.webp\" alt=\"kleine Kartoffelerntemaschine mit Zweiradtraktor\" class=\"wp-image-7886\" srcset=\"https:\/\/taizyagromachine.com\/wp-content\/uploads\/2025\/04\/small-potato-harvesting-machine-with-two-wheel-tractor.webp 720w, https:\/\/taizyagromachine.com\/wp-content\/uploads\/2025\/04\/small-potato-harvesting-machine-with-two-wheel-tractor-16x12.webp 16w\" sizes=\"auto, (max-width: 720px) 100vw, 720px\" \/><figcaption class=\"wp-element-caption\">kleine Kartoffelerntemaschine mit Zweiradtraktor<\/figcaption><\/figure> <\/div>   <h2 class=\"wp-block-heading\"><strong>Kontaktieren Sie uns jetzt f\u00fcr weitere Details!<\/strong><\/h2>    <p class=\"translation-block\">M\u00f6chten Sie mehr \u00fcber das Modell, den Preis oder Videoinformationen des Kartoffelernters erfahren? Kontaktieren Sie uns gerne! Taizy bietet kostenlose Beratung, Programmempfehlungen und Online-Demonstrationen, um Ihnen zu helfen, die richtige <a href=\"https:\/\/en.wikipedia.org\/wiki\/Potato\" target=\"_blank\" rel=\"noopener\">Kartoffel<\/a>ernte-L\u00f6sung auszuw\u00e4hlen.<\/p>   <div class=\"wp-block-image\"> <figure class=\"aligncenter size-full\"><img loading=\"lazy\" decoding=\"async\" width=\"720\" height=\"540\" src=\"https:\/\/taizyagromachine.com\/wp-content\/uploads\/2025\/04\/potato-harvesting.webp\" alt=\"Kartoffelernte\" class=\"wp-image-7884\" srcset=\"https:\/\/taizyagromachine.com\/wp-content\/uploads\/2025\/04\/potato-harvesting.webp 720w, https:\/\/taizyagromachine.com\/wp-content\/uploads\/2025\/04\/potato-harvesting-16x12.webp 16w\" sizes=\"auto, (max-width: 720px) 100vw, 720px\" \/><figcaption class=\"wp-element-caption\">Kartoffelernte<\/figcaption><\/figure> <\/div>","protected":false},"excerpt":{"rendered":"<p>Der Taizy Kartoffelernter kann das Graben, F\u00f6rdern, Sammeln, Laden und andere Operationen auf einmal durchf\u00fchren und arbeitet mit einem 4-Rad-Traktor. Er hat eine Kapazit\u00e4t von 5-8 Mu\/h.<\/p>","protected":false},"author":1,"featured_media":7878,"parent":0,"template":"","tags":[242],"product-type":[22],"class_list":["post-7875","product","type-product","status-publish","has-post-thumbnail","hentry","tag-potato","product-type-others"],"_links":{"self":[{"href":"https:\/\/taizyagromachine.com\/de\/wp-json\/wp\/v2\/product\/7875","targetHints":{"allow":["GET"]}}],"collection":[{"href":"https:\/\/taizyagromachine.com\/de\/wp-json\/wp\/v2\/product"}],"about":[{"href":"https:\/\/taizyagromachine.com\/de\/wp-json\/wp\/v2\/types\/product"}],"author":[{"embeddable":true,"href":"https:\/\/taizyagromachine.com\/de\/wp-json\/wp\/v2\/users\/1"}],"wp:featuredmedia":[{"embeddable":true,"href":"https:\/\/taizyagromachine.com\/de\/wp-json\/wp\/v2\/media\/7878"}],"wp:attachment":[{"href":"https:\/\/taizyagromachine.com\/de\/wp-json\/wp\/v2\/media?parent=7875"}],"wp:term":[{"taxonomy":"post_tag","embeddable":true,"href":"https:\/\/taizyagromachine.com\/de\/wp-json\/wp\/v2\/tags?post=7875"},{"taxonomy":"product-type","embeddable":true,"href":"https:\/\/taizyagromachine.com\/de\/wp-json\/wp\/v2\/product-type?post=7875"}],"curies":[{"name":"wp","href":"https:\/\/api.w.org\/{rel}","templated":true}]}}