{"id":7953,"date":"2025-04-30T18:25:49","date_gmt":"2025-04-30T10:25:49","guid":{"rendered":"https:\/\/taizyagromachine.com\/?post_type=product&#038;p=7953"},"modified":"2025-05-06T14:43:41","modified_gmt":"2025-05-06T06:43:41","slug":"manure-and-fertilizer-spreader-truck","status":"publish","type":"product","link":"https:\/\/taizyagromachine.com\/de\/product\/manure-and-fertilizer-spreader-truck\/","title":{"rendered":"Mist- und D\u00fcngerstreuwagen"},"content":{"rendered":"<p class=\"translation-block\">Der Taizy <strong>D\u00fcnge-Streuer-LKW<\/strong> ist f\u00fcr das Ausbringen von verschiedenen trockenen und nassen Dungarten, Granulatd\u00fcnger, organischem D\u00fcnger, chemischem D\u00fcnger usw. auf landwirtschaftlichen Fl\u00e4chen konzipiert. Er eignet sich f\u00fcr Zuchtgenossenschaften und gro\u00dfe Anbaufl\u00e4chen.<\/p>    <p>Dieser Traktor-G\u00fcllestreuer ist ein PTO-Typ, mit einem Traktor von \u226550PS, hat ein Volumen von 3m\u00b3, 6m\u00b3, 8m\u00b3, 10m\u00b3 und 12m\u00b3, und eine Streuweite von 4-16m. Die Streumaschine kann die G\u00fclle eines Lastwagens innerhalb von 5-10 Minuten auswerfen, mit einer Kapazit\u00e4t von etwa 500 Mu pro Tag.<\/p>    <p>Die gesamte Maschine ist hydraulisch gesteuert, integralmolded, nicht geschwei\u00dft und langlebiger sowie korrosionsbest\u00e4ndiger. Sie kann effizient und gleichm\u00e4\u00dfig alle Arten von Granulatd\u00fcnger, organischen D\u00fcngemitteln und Trockenmistd\u00fcnger verteilen, was ein ideales Werkzeug ist, um die Wirksamkeit von landwirtschaftlichen D\u00fcngemitteln zu steigern und Arbeitskr\u00e4fte zu sparen. Interessiert? Kontaktieren Sie uns, um weitere Informationen zu erhalten.<\/p>    <figure class=\"wp-block-embed is-type-video is-provider-youtube wp-block-embed-youtube wp-embed-aspect-16-9 wp-has-aspect-ratio\"><div class=\"wp-block-embed__wrapper\"> <iframe loading=\"lazy\" title=\"Traktorzubeh\u00f6r G\u00fcllestreuer | Wie funktioniert ein D\u00fcngerstreuer-Lkw? Pferde- und Gefl\u00fcgelmist\" width=\"500\" height=\"281\" src=\"https:\/\/www.youtube.com\/embed\/JDF1syW7Qso?feature=oembed\" frameborder=\"0\" allow=\"accelerometer; autoplay; clipboard-write; encrypted-media; gyroscope; picture-in-picture; web-share\" referrerpolicy=\"strict-origin-when-cross-origin\" allowfullscreen><\/iframe> <\/div><figcaption class=\"wp-element-caption\">Video von einem Miststreuwagen<\/figcaption><\/figure>    <h2 class=\"wp-block-heading\"><strong>Vorteile eines 3-Punkt-D\u00fcngerstreuwagens<\/strong><\/h2>    <ul class=\"wp-block-list\"> <li>Der Zugrahmen des Miststreuers ist ein <strong>20*20cm Quadratrohr<\/strong>, stabiler und langlebiger.<\/li>    <li>Die D\u00fcngemittelzufuhrkette verwendet ein <strong>4*6cm Quadratrohr mit einer 5mm dicken Wand<\/strong>l, und die c<strong>Kettenverschluss nimmt Bergbauqualit\u00e4t an<\/strong>, der sich bei langem F\u00fcttern und Streuen von D\u00fcngemitteln nicht leicht verformen und brechen l\u00e4sst.<\/li>    <li>Der gro\u00dfe hydraulische \u00d6ltank ist mit einem <strong>Luftk\u00fchlger\u00e4t<\/strong>, das die K\u00fchlung des Hydraulik\u00f6ls gew\u00e4hrleistet.<\/li>    <li>Unser Zug-D\u00fcngerstreuwagen ist mit einem <strong>Durchflussregelventil (10 G\u00e4nge)<\/strong>, verstellbar. Je gr\u00f6\u00dfer das Zahnrad, desto schneller die Geschwindigkeit.<\/li>    <li>Am Beispiel eines 6m\u00b3 G\u00fcllestreuwagens ist er ausgestattet mit <strong>Ein Durchmesser von 68 cm Doppelscheibe, eine Wurfweite von 4-15 m<\/strong>, die frei angepasst werden k\u00f6nnen.<\/li> <\/ul>    <figure class=\"wp-block-gallery has-nested-images columns-default is-cropped wp-block-gallery-2 is-layout-flex wp-block-gallery-is-layout-flex\"> <figure class=\"wp-block-image size-large\"><img loading=\"lazy\" decoding=\"async\" width=\"720\" height=\"540\" data-id=\"7961\" src=\"https:\/\/taizyagromachine.com\/wp-content\/uploads\/2025\/04\/3-point-fertilizer-spreader-truck-1.webp\" alt=\"3-Punkt-D\u00fcngerstreuwagen\" class=\"wp-image-7961\" srcset=\"https:\/\/taizyagromachine.com\/wp-content\/uploads\/2025\/04\/3-point-fertilizer-spreader-truck-1.webp 720w, https:\/\/taizyagromachine.com\/wp-content\/uploads\/2025\/04\/3-point-fertilizer-spreader-truck-1-16x12.webp 16w\" sizes=\"auto, (max-width: 720px) 100vw, 720px\" \/><figcaption class=\"wp-element-caption\">3-Punkt-D\u00fcngerstreuwagen<\/figcaption><\/figure>    <figure class=\"wp-block-image size-large\"><img loading=\"lazy\" decoding=\"async\" width=\"720\" height=\"540\" data-id=\"7962\" src=\"https:\/\/taizyagromachine.com\/wp-content\/uploads\/2025\/04\/3-point-hitch-fertilizer-spreader.webp\" alt=\"3-Punkt-Anh\u00e4ngerd\u00fcngerstreuer\" class=\"wp-image-7962\" srcset=\"https:\/\/taizyagromachine.com\/wp-content\/uploads\/2025\/04\/3-point-hitch-fertilizer-spreader.webp 720w, https:\/\/taizyagromachine.com\/wp-content\/uploads\/2025\/04\/3-point-hitch-fertilizer-spreader-16x12.webp 16w\" sizes=\"auto, (max-width: 720px) 100vw, 720px\" \/><figcaption class=\"wp-element-caption\">3-Punkt-Anh\u00e4ngerd\u00fcngerstreuer<\/figcaption><\/figure> <\/figure>    <h2 class=\"wp-block-heading\"><strong>Technische Parameter des Trocken-D\u00fcngerstreuwagens<\/strong><\/h2>    <p>Unser Trocken- und Fl\u00fcssigmiststreuer bietet mehrere Kapazit\u00e4tsoptionen, darunter 3m\u00b3, 6m\u00b3, 8m\u00b3, 10m\u00b3 und 12m\u00b3, die je nach Arbeitsbereich und Mistart frei ausgew\u00e4hlt werden k\u00f6nnen. Hier sind die Parameter der drei g\u00e4ngigsten Modelle zu Ihrer Information.<\/p>    <figure class=\"wp-block-table\"><table class=\"has-fixed-layout\"><tbody><tr><td><strong>Artikel <\/strong><strong><\/strong><\/td><td><strong>2FGH-3<\/strong><strong><\/strong><\/td><td><strong>2FGH-6<\/strong><\/td><td><strong>2FGH-8<\/strong><\/td><\/tr><tr><td>Silo-Volumen &nbsp;<\/td><td>3m\u00b3<\/td><td>6m\u00b3<\/td><td>8m\u00b3<\/td><\/tr><tr><td>Gesamtgr\u00f6\u00dfe<\/td><td>4850*1800*2050mm<\/td><td>5750*2050*2430mm<\/td><td>6350*2200*2430mm<\/td><\/tr><tr><td>Strukturelle Form<\/td><td>Kastentyp<\/td><td>Kastentyp<\/td><td>Kastentyp<\/td><\/tr><tr><td>Arbeitsweise<\/td><td>R\u00fcckwurf<\/td><td>R\u00fcckwurf<\/td><td>R\u00fcckwurf<\/td><\/tr><tr><td>Liefermethode f\u00fcr organischen D\u00fcnger<\/td><td>Hydraulische Kettenpresse<\/td><td>Hydraulische Kettenpresse<\/td><td>Hydraulische Kettenpresse<\/td><\/tr><tr><td>Verbreitungsger\u00e4t Typ<\/td><td>Hintere Doppel-Scheibe<\/td><td>Hintere Doppel-Scheibe<\/td><td>Hintere Doppel-Scheibe<\/td><\/tr><tr><td>Verbreitungsbreite<\/td><td>&gt;=5m<\/td><td>&gt;=5m<\/td><td>&gt;=5m<\/td><\/tr><tr><td>Scheibenanzahl<\/td><td>2Stk<\/td><td>2Stk<\/td><td>2Stk<\/td><\/tr><tr><td>Reifen<\/td><td>2Stk<\/td><td>2Stk<\/td><td>2Stk<\/td><\/tr><tr><td>Reifennr.<\/td><td>20.5\/70-16<\/td><td>298\/60R22.5<\/td><td>295\/60R22.5<\/td><\/tr><tr><td>Passende Leistung<\/td><td>\u226550PS<\/td><td>\u226560,3kW<\/td><td>\u226570kW<\/td><\/tr><tr><td>Maximale Tragf\u00e4higkeit<\/td><td>2400kg<\/td><td>4800kg<\/td><td>6000kg<\/td><\/tr><tr><td>Arbeitseffizienz<\/td><td>Etwa 5-10 Minuten \/ Lkw (Ausbringungszeit abh\u00e4ngig von verschiedenen D\u00fcngemitteln)<\/td><td>Etwa 5-10 Minuten \/ Lkw (Ausbringungszeit abh\u00e4ngig von verschiedenen D\u00fcngemitteln)<\/td><td>Etwa 5-10 Minuten \/ Lkw (Ausbringungszeit abh\u00e4ngig von verschiedenen D\u00fcngemitteln)<\/td><\/tr><\/tbody><\/table><figcaption class=\"wp-element-caption\">Parameter des Trocken- und Fl\u00fcssigd\u00fcngerstreuwagens.<\/figcaption><\/figure>    <figure class=\"wp-block-gallery has-nested-images columns-default is-cropped wp-block-gallery-3 is-layout-flex wp-block-gallery-is-layout-flex\"> <figure class=\"wp-block-image size-large\"><img loading=\"lazy\" decoding=\"async\" width=\"720\" height=\"540\" data-id=\"7956\" src=\"https:\/\/taizyagromachine.com\/wp-content\/uploads\/2025\/04\/pto-driven-manure-spreader-truck.webp\" alt=\"PTO-gesteuerter Miststreuwagen\" class=\"wp-image-7956\" srcset=\"https:\/\/taizyagromachine.com\/wp-content\/uploads\/2025\/04\/pto-driven-manure-spreader-truck.webp 720w, https:\/\/taizyagromachine.com\/wp-content\/uploads\/2025\/04\/pto-driven-manure-spreader-truck-16x12.webp 16w\" sizes=\"auto, (max-width: 720px) 100vw, 720px\" \/><figcaption class=\"wp-element-caption\">PTO-gesteuerter Miststreuwagen<\/figcaption><\/figure>    <figure class=\"wp-block-image size-large\"><img loading=\"lazy\" decoding=\"async\" width=\"720\" height=\"540\" data-id=\"7957\" src=\"https:\/\/taizyagromachine.com\/wp-content\/uploads\/2025\/04\/tractor-manure-spreader.webp\" alt=\"Traktor Miststreuer\" class=\"wp-image-7957\" srcset=\"https:\/\/taizyagromachine.com\/wp-content\/uploads\/2025\/04\/tractor-manure-spreader.webp 720w, https:\/\/taizyagromachine.com\/wp-content\/uploads\/2025\/04\/tractor-manure-spreader-16x12.webp 16w\" sizes=\"auto, (max-width: 720px) 100vw, 720px\" \/><figcaption class=\"wp-element-caption\">Traktor Miststreuer<\/figcaption><\/figure> <\/figure>    <h2 class=\"wp-block-heading\"><strong>Anwendungen von Miststreuwagen<\/strong><\/h2>    <p>Der Traktor-Anbau-D\u00fcngerstreuwagen von Taizy eignet sich f\u00fcr alle Arten von trockenen und nassen D\u00fcngemitteln, organischen D\u00fcngemitteln, Granulard\u00fcngemitteln und chemischen D\u00fcngemitteln und wird h\u00e4ufig eingesetzt in:<\/p>    <ul class=\"wp-block-list\"> <li>R\u00fcckf\u00fchrung von Mistbetrieben<\/li>    <li>Ausbringen von organischem D\u00fcnger in Anbaufl\u00e4chen<\/li>    <li>Skalierung des D\u00fcngemittelanwendungsprojekts von landwirtschaftlichen Genossenschaften<\/li> <\/ul>    <h2 class=\"wp-block-heading\"><strong>Wie hoch ist der Preis f\u00fcr einen traktorgezogenen Miststreuer?<\/strong><\/h2>    <p>Die Preise f\u00fcr D\u00fcngemittelstreuer-Trucks variieren je nach Kapazit\u00e4t, Konfiguration und ob sie individuell angepasst sind oder nicht. Zum Beispiel wird der Preis f\u00fcr einen 6m\u00b3 Traktor-G\u00fcllestreuer mit vertikalem Schraubensystem h\u00f6her sein als der Preis f\u00fcr die Maschine mit hydraulischer Steuerung und Doppel-Disk-System.<\/p>    <p>Wir unterst\u00fctzen ma\u00dfgeschneiderte L\u00f6sungen entsprechend den Budgets und betrieblichen Bed\u00fcrfnissen unserer Kunden. Kontaktieren Sie uns gerne, um das neueste Angebot und Transportl\u00f6sungen zu erhalten.<\/p>    <figure class=\"wp-block-gallery has-nested-images columns-default is-cropped wp-block-gallery-4 is-layout-flex wp-block-gallery-is-layout-flex\"> <figure class=\"wp-block-image size-large\"><img loading=\"lazy\" decoding=\"async\" width=\"720\" height=\"540\" data-id=\"7959\" src=\"https:\/\/taizyagromachine.com\/wp-content\/uploads\/2025\/04\/3-point-fertilizer-spreader-truck.webp\" alt=\"3-Punkt-D\u00fcngerstreuwagen\" class=\"wp-image-7959\" srcset=\"https:\/\/taizyagromachine.com\/wp-content\/uploads\/2025\/04\/3-point-fertilizer-spreader-truck.webp 720w, https:\/\/taizyagromachine.com\/wp-content\/uploads\/2025\/04\/3-point-fertilizer-spreader-truck-16x12.webp 16w\" sizes=\"auto, (max-width: 720px) 100vw, 720px\" \/><figcaption class=\"wp-element-caption\">3-Punkt-D\u00fcngerstreuwagen<\/figcaption><\/figure>    <figure class=\"wp-block-image size-large\"><img loading=\"lazy\" decoding=\"async\" width=\"720\" height=\"540\" data-id=\"7960\" src=\"https:\/\/taizyagromachine.com\/wp-content\/uploads\/2025\/04\/compact-manure-spreader-truck.webp\" alt=\"kompakter Miststreuer-Lkw\" class=\"wp-image-7960\" srcset=\"https:\/\/taizyagromachine.com\/wp-content\/uploads\/2025\/04\/compact-manure-spreader-truck.webp 720w, https:\/\/taizyagromachine.com\/wp-content\/uploads\/2025\/04\/compact-manure-spreader-truck-16x12.webp 16w\" sizes=\"auto, (max-width: 720px) 100vw, 720px\" \/><figcaption class=\"wp-element-caption\">kompakter Miststreuer-Lkw<\/figcaption><\/figure> <\/figure>    <h2 class=\"wp-block-heading\"><strong>Tipps zur Auswahl eines geeigneten D\u00fcngerstreuwagens f\u00fcr den Bauernhof<\/strong><\/h2>    <p>Nach unserer Erfahrung sind dies die Einkaufsvorschl\u00e4ge f\u00fcr einen Miststreuwagen, die haupts\u00e4chlich Folgendes umfassen:<\/p>    <ul class=\"wp-block-list\"> <li>Definieren Sie die Nutzungsszene und den D\u00fcngertyp<\/li>    <li>Angemessene Wahl der Kapazit\u00e4t<\/li>    <li>Achten Sie auf die D\u00fcngemittelstreubreite und -effizienz<\/li>    <li>Traktor passende Leistung<\/li>    <li>Achten Sie auf das Hydrauliksystem und die Bedienungsfreundlichkeit<\/li>    <li>Zuverl\u00e4ssige Lieferanten w\u00e4hlen<\/li> <\/ul>    <p>Das sind einige Vorschl\u00e4ge, die gegeben werden, wenn Sie einkaufen. Wenn Sie weitere Details ben\u00f6tigen, z\u00f6gern Sie bitte nicht, uns zu kontaktieren!<\/p>    <h2 class=\"wp-block-heading\"><strong>Warum Taizy als Lieferant f\u00fcr Mist-D\u00fcngerstreuwagen w\u00e4hlen?<\/strong><\/h2>    <p>Die Wahl von Taizy unter vielen Anbietern von Miststreuwagen liegt daran:<\/p>    <ul class=\"wp-block-list\"> <li><strong>Reichhaltige Erfahrung<\/strong>Viele Jahre Erfahrung im Export von Landmaschinen, Produkte werden nach Asien, Afrika, Europa und in andere L\u00e4nder exportiert.<\/li>    <li><strong>Zuverl\u00e4ssige Technologie<\/strong>Erstklassige Markenkomponenten werden verwendet, der gesamte Miststreuwagen ist aus einem St\u00fcck geformt, l\u00e4ngere Lebensdauer.<\/li>    <li><strong>Unterst\u00fctzung bei der Anpassung<\/strong>: Wir bieten exklusive L\u00f6sungen entsprechend dem Terrain, den Pflanzen und den Leistungsanforderungen des Kunden an.<\/li>    <li><strong>After-Sales-Garantie<\/strong>Komplette Zubeh\u00f6rteile, Fernvideoberatung und zuverl\u00e4ssigerer Service f\u00fcr den Taizy-D\u00fcngerstreuwagen.<\/li> <\/ul>    <figure class=\"wp-block-gallery has-nested-images columns-default is-cropped wp-block-gallery-5 is-layout-flex wp-block-gallery-is-layout-flex\"> <figure class=\"wp-block-image size-large\"><img loading=\"lazy\" decoding=\"async\" width=\"720\" height=\"540\" data-id=\"7963\" src=\"https:\/\/taizyagromachine.com\/wp-content\/uploads\/2025\/04\/three-point-hitch-fertilizer-spreader-truck.webp\" alt=\"Dreipunktanh\u00e4nger D\u00fcngerstreuer-Lkw\" class=\"wp-image-7963\" srcset=\"https:\/\/taizyagromachine.com\/wp-content\/uploads\/2025\/04\/three-point-hitch-fertilizer-spreader-truck.webp 720w, https:\/\/taizyagromachine.com\/wp-content\/uploads\/2025\/04\/three-point-hitch-fertilizer-spreader-truck-16x12.webp 16w\" sizes=\"auto, (max-width: 720px) 100vw, 720px\" \/><figcaption class=\"wp-element-caption\">Dreipunktanh\u00e4nger D\u00fcngerstreuer-Lkw<\/figcaption><\/figure>    <figure class=\"wp-block-image size-large\"><img loading=\"lazy\" decoding=\"async\" width=\"720\" height=\"540\" data-id=\"7964\" src=\"https:\/\/taizyagromachine.com\/wp-content\/uploads\/2025\/04\/truck-mounted-manure-spreader.webp\" alt=\"Lkw mit Miststreuer\" class=\"wp-image-7964\" srcset=\"https:\/\/taizyagromachine.com\/wp-content\/uploads\/2025\/04\/truck-mounted-manure-spreader.webp 720w, https:\/\/taizyagromachine.com\/wp-content\/uploads\/2025\/04\/truck-mounted-manure-spreader-16x12.webp 16w\" sizes=\"auto, (max-width: 720px) 100vw, 720px\" \/><figcaption class=\"wp-element-caption\">Lkw mit Miststreuer<\/figcaption><\/figure> <\/figure>    <h2 class=\"wp-block-heading\"><strong>Kontaktieren Sie uns f\u00fcr ein kostenloses Angebot und Videoinformationen!<\/strong><\/h2>    <p class=\"translation-block\">Ob Sie eine landwirtschaftliche Genossenschaft, eine Ranch oder einen Anbauort sind, Taizy hat eine effiziente und langlebige <a href=\"https:\/\/en.wikipedia.org\/wiki\/Fertilizer\" target=\"_blank\" rel=\"noopener\">D\u00fcnger<\/a>-Streul\u00f6sung.<\/p>    <ul class=\"wp-block-list\"> <li>Schnelle Kommunikation \u00fcber WhatsApp, WeChat und E-Mail.<\/li>    <li>Kostenloses Arbeitsvideo der Ausr\u00fcstung, Ersatzteilliste und Transportplan.<\/li>    <li>Eins-zu-eins-Service durch professionelle Verkaufsberater, um einen sorgenfreien Einkauf zu gew\u00e4hrleisten.<\/li> <\/ul>    <p class=\"translation-block\">Wir haben auch andere Siliermaschinen zum Verkauf, wie <a href=\"https:\/\/taizyagromachine.com\/de\/product\/silage-baler\/\">Siloballenpressen<\/a>, <a href=\"https:\/\/taizyagromachine.com\/de\/product\/straw-crushing-and-recycling-machine\/\">Silageernter<\/a> f\u00fcr Ihr landwirtschaftliches Leben. Kontaktieren Sie uns f\u00fcr weitere Details!<\/p>","protected":false},"excerpt":{"rendered":"<p>Der Taizy D\u00fcngerstreuwagen ist zum Streuen verschiedener trockener und nasser G\u00fclle, Granulatd\u00fcnger, organischen D\u00fcnger, chemischen D\u00fcnger usw. in den Feldern geeignet, mit einem Volumen von 3m\u00b3, 6m\u00b3, 8m\u00b3, 10m\u00b3 und 12m\u00b3.<\/p>","protected":false},"author":1,"featured_media":7955,"parent":0,"template":"","tags":[116],"product-type":[19],"class_list":["post-7953","product","type-product","status-publish","has-post-thumbnail","hentry","tag-silage","product-type-silage-machine"],"_links":{"self":[{"href":"https:\/\/taizyagromachine.com\/de\/wp-json\/wp\/v2\/product\/7953","targetHints":{"allow":["GET"]}}],"collection":[{"href":"https:\/\/taizyagromachine.com\/de\/wp-json\/wp\/v2\/product"}],"about":[{"href":"https:\/\/taizyagromachine.com\/de\/wp-json\/wp\/v2\/types\/product"}],"author":[{"embeddable":true,"href":"https:\/\/taizyagromachine.com\/de\/wp-json\/wp\/v2\/users\/1"}],"wp:featuredmedia":[{"embeddable":true,"href":"https:\/\/taizyagromachine.com\/de\/wp-json\/wp\/v2\/media\/7955"}],"wp:attachment":[{"href":"https:\/\/taizyagromachine.com\/de\/wp-json\/wp\/v2\/media?parent=7953"}],"wp:term":[{"taxonomy":"post_tag","embeddable":true,"href":"https:\/\/taizyagromachine.com\/de\/wp-json\/wp\/v2\/tags?post=7953"},{"taxonomy":"product-type","embeddable":true,"href":"https:\/\/taizyagromachine.com\/de\/wp-json\/wp\/v2\/product-type?post=7953"}],"curies":[{"name":"wp","href":"https:\/\/api.w.org\/{rel}","templated":true}]}}