{"id":8326,"date":"2025-10-13T15:06:47","date_gmt":"2025-10-13T07:06:47","guid":{"rendered":"https:\/\/taizyagromachine.com\/?post_type=product&#038;p=8326"},"modified":"2025-10-13T16:49:26","modified_gmt":"2025-10-13T08:49:26","slug":"small-scale-grain-thresher-machine","status":"publish","type":"product","link":"https:\/\/taizyagromachine.com\/de\/product\/small-scale-grain-thresher-machine\/","title":{"rendered":"Kleine Getreideerntermaschine"},"content":{"rendered":"<p class=\"translation-block\">Taizy MT-1500 Mehrzweck-<strong>Getreideerntermaschine<\/strong> vereint hohe Effizienz mit Vielseitigkeit, wird breit eingesetzt zum Sch\u00e4len von Mais (mit Abdeckungen), Hirse, Sorghum, Sojabohnen, Reis, Weizen und anderem Getreide. Sie erf\u00fcllt die ganzj\u00e4hrige Verarbeitung mehrerer Kulturen auf einem Hof mit nur einer Maschine. Ihre Kapazit\u00e4t liegt bei 2\u20135 t pro Stunde und wird von landwirtschaftlichen Ausschreibungsprojekten bevorzugt.<\/p>    <p>Diese Erntemaschine f\u00fcr Kulturpflanzen kann mit Diesel- (mit elektrischem Start) oder Elektromotor betrieben werden, ausgestattet mit gro\u00dfen R\u00e4dern und Rahmen, bei afrikanischen Kunden sehr beliebt. Ob f\u00fcr Familienbetriebe, Genossenschaften oder Getreideverarbeitungsanlagen, unsere Getreideerntermaschine liefert effiziente Sch\u00e4lung, senkt Arbeitskosten und steigert die Ausbeute.<\/p>    <figure class=\"wp-block-embed is-type-video is-provider-youtube wp-block-embed-youtube wp-embed-aspect-16-9 wp-has-aspect-ratio\"><div class=\"wp-block-embed__wrapper\"> <iframe loading=\"lazy\" title=\"MT-1500 Multifunktionale Getreide-Sch\u00e4dlmaschine f\u00fcr Mais, Hirse, Sorghum | Mehrfacher Mais-Sch\u00e4dlmaschine\" width=\"500\" height=\"281\" src=\"https:\/\/www.youtube.com\/embed\/q6hb9pE17o4?feature=oembed\" frameborder=\"0\" allow=\"accelerometer; autoplay; clipboard-write; encrypted-media; gyroscope; picture-in-picture; web-share\" referrerpolicy=\"strict-origin-when-cross-origin\" allowfullscreen><\/iframe> <\/div><figcaption class=\"wp-element-caption\">arbeitendes Video einer Mehrkornsch\u00e4dlmaschine<\/figcaption><\/figure>    <h2 class=\"wp-block-heading\"><strong>Vorteile der Multifunktions-Getreideerntermaschine<\/strong><\/h2>    <p>Hohe Mehrkultur-Kompatibilit\u00e4t: Erf\u00fcllt Sch\u00e4ldemands f\u00fcr verschiedene Kulturen (Mais, Weizen, Reis, Hirse, Sorghum, Bohne usw.) in verschiedenen Jahreszeiten.<\/p>    <ul class=\"wp-block-list\"> <li>Doppelkammer-Design: Erm\u00f6glicht sekund\u00e4res Sch\u00e4len f\u00fcr sauberere K\u00f6rner und geringere Verluste.<\/li>    <li>Doppel-L\u00fcfter-System: Entfernt Verunreinigungen gr\u00fcndlich und erh\u00f6ht die Reinigungsleistung.<\/li>    <li>Robuste Bauweise: Stabile Fahrerkonstruktion mit gro\u00dfen R\u00e4dern f\u00fcr l\u00e4ndliche oder unebene Gel\u00e4ndebedingungen.<\/li>    <li>Benutzerfreundlicher Betrieb und Wartung: Ideal f\u00fcr den t\u00e4glichen Einsatz durch Landwirte, Genossenschaften und landwirtschaftliche Verarbeitungsbetriebe.<\/li> <\/ul>    <figure class=\"wp-block-gallery has-nested-images columns-default is-cropped wp-block-gallery-2 is-layout-flex wp-block-gallery-is-layout-flex\"> <figure class=\"wp-block-image size-large\"><img loading=\"lazy\" decoding=\"async\" width=\"720\" height=\"540\" data-id=\"8332\" src=\"https:\/\/taizyagromachine.com\/wp-content\/uploads\/2025\/10\/multi-crop-threshing-machine.webp\" alt=\"Mehrfrucht-Dreschmaschine\" class=\"wp-image-8332\" srcset=\"https:\/\/taizyagromachine.com\/wp-content\/uploads\/2025\/10\/multi-crop-threshing-machine.webp 720w, https:\/\/taizyagromachine.com\/wp-content\/uploads\/2025\/10\/multi-crop-threshing-machine-16x12.webp 16w\" sizes=\"auto, (max-width: 720px) 100vw, 720px\" \/><figcaption class=\"wp-element-caption\">Mehrfrucht-Dreschmaschine<\/figcaption><\/figure>    <figure class=\"wp-block-image size-large\"><img loading=\"lazy\" decoding=\"async\" width=\"720\" height=\"540\" data-id=\"8333\" src=\"https:\/\/taizyagromachine.com\/wp-content\/uploads\/2025\/10\/multifunctional-grain-thresher-machine-for-sale.webp\" alt=\"Multifunktionale Getreideerntermaschine zum Verkauf\" class=\"wp-image-8333\" srcset=\"https:\/\/taizyagromachine.com\/wp-content\/uploads\/2025\/10\/multifunctional-grain-thresher-machine-for-sale.webp 720w, https:\/\/taizyagromachine.com\/wp-content\/uploads\/2025\/10\/multifunctional-grain-thresher-machine-for-sale-16x12.webp 16w\" sizes=\"auto, (max-width: 720px) 100vw, 720px\" \/><figcaption class=\"wp-element-caption\">Multifunktionale Getreideerntermaschine zum Verkauf<\/figcaption><\/figure> <\/figure>    <figure class=\"wp-block-gallery has-nested-images columns-default is-cropped wp-block-gallery-3 is-layout-flex wp-block-gallery-is-layout-flex\"> <figure class=\"wp-block-image size-large\"><img loading=\"lazy\" decoding=\"async\" width=\"720\" height=\"540\" data-id=\"8336\" src=\"https:\/\/taizyagromachine.com\/wp-content\/uploads\/2025\/10\/new-type-multipurpose-threshing-machine.webp\" alt=\"Neue Typen-Multipurpose-Sch\u00e4lermaschine\" class=\"wp-image-8336\" srcset=\"https:\/\/taizyagromachine.com\/wp-content\/uploads\/2025\/10\/new-type-multipurpose-threshing-machine.webp 720w, https:\/\/taizyagromachine.com\/wp-content\/uploads\/2025\/10\/new-type-multipurpose-threshing-machine-16x12.webp 16w\" sizes=\"auto, (max-width: 720px) 100vw, 720px\" \/><figcaption class=\"wp-element-caption\">Neue Typen-Multipurpose-Sch\u00e4lermaschine<\/figcaption><\/figure>    <figure class=\"wp-block-image size-large\"><img loading=\"lazy\" decoding=\"async\" width=\"720\" height=\"540\" data-id=\"8334\" src=\"https:\/\/taizyagromachine.com\/wp-content\/uploads\/2025\/10\/multifunctional-thresher-machine-for-grains.webp\" alt=\"Multifunktionale Rei\u00dfmaschine f\u00fcr Getreide\" class=\"wp-image-8334\" srcset=\"https:\/\/taizyagromachine.com\/wp-content\/uploads\/2025\/10\/multifunctional-thresher-machine-for-grains.webp 720w, https:\/\/taizyagromachine.com\/wp-content\/uploads\/2025\/10\/multifunctional-thresher-machine-for-grains-16x12.webp 16w\" sizes=\"auto, (max-width: 720px) 100vw, 720px\" \/><figcaption class=\"wp-element-caption\">Multifunktionale Rei\u00dfmaschine f\u00fcr Getreide<\/figcaption><\/figure> <\/figure>    <h2 class=\"wp-block-heading\"><strong>Parameter der Getreideerntermaschine<\/strong><\/h2>    <figure class=\"wp-block-table\"><table class=\"has-fixed-layout\"><tbody><tr><td>Modell<\/td><td>MT-1500<\/td><\/tr><tr><td>Energi eKonfiguration<\/td><td>Dieselmotor: 15\u201318 PS, elektrischer Start<br>Elektromotor: Drehstrom 7,5 kW<\/td><\/tr><tr><td>Kapazit\u00e4t<\/td><td>Hirse: 3 t\/h<br>Mais: 5t\/h<br>Reis\/Weizen: 2t\/h<\/td><\/tr><tr><td>Anwendungen<\/td><td>Mais, Hirse, Sorghum, Sojabohne, Reis, Weizen usw.<\/td><\/tr><\/tbody><\/table><figcaption class=\"wp-element-caption\">Spezifikationen der Multifunktions-Getreideerntermaschine<\/figcaption><\/figure>    <h2 class=\"wp-block-heading\"><strong>Aufbau der Taizy-Getreideerntermaschine<\/strong><\/h2>    <p>Als professioneller Hersteller und Lieferant von landwirtschaftlichen Ger\u00e4ten verbessern wir die Maschine, um afrikanischen Kunden und Ausschreibungsprojekten besser gerecht zu werden. Ihre Struktur umfasst Einlass, Auslass, Stromversorgung, Rahmen, Sch\u00e4loch, usw. Bitte beachten Sie die untenstehende Abbildung f\u00fcr Details.<\/p>    <div class=\"wp-block-columns is-layout-flex wp-container-core-columns-is-layout-9d6595d7 wp-block-columns-is-layout-flex\"> <div class=\"wp-block-column is-layout-flow wp-block-column-is-layout-flow\"> <figure class=\"wp-block-image size-full\"><img loading=\"lazy\" decoding=\"async\" width=\"720\" height=\"540\" src=\"https:\/\/taizyagromachine.com\/wp-content\/uploads\/2025\/10\/components-of-multi-grain-thresher.webp\" alt=\"Bestandteile der Mehrkornsch\u00e4lermaschine\" class=\"wp-image-8327\" srcset=\"https:\/\/taizyagromachine.com\/wp-content\/uploads\/2025\/10\/components-of-multi-grain-thresher.webp 720w, https:\/\/taizyagromachine.com\/wp-content\/uploads\/2025\/10\/components-of-multi-grain-thresher-16x12.webp 16w\" sizes=\"auto, (max-width: 720px) 100vw, 720px\" \/><figcaption class=\"wp-element-caption\">Bestandteile der Mehrkornsch\u00e4lermaschine<\/figcaption><\/figure> <\/div>    <div class=\"wp-block-column is-layout-flow wp-block-column-is-layout-flow\"> <figure class=\"wp-block-image size-full\"><img loading=\"lazy\" decoding=\"async\" width=\"720\" height=\"540\" src=\"https:\/\/taizyagromachine.com\/wp-content\/uploads\/2025\/10\/structure-of-grain-threshing-machine.webp\" alt=\"Aufbau der Getreideerntermaschine\" class=\"wp-image-8328\" srcset=\"https:\/\/taizyagromachine.com\/wp-content\/uploads\/2025\/10\/structure-of-grain-threshing-machine.webp 720w, https:\/\/taizyagromachine.com\/wp-content\/uploads\/2025\/10\/structure-of-grain-threshing-machine-16x12.webp 16w\" sizes=\"auto, (max-width: 720px) 100vw, 720px\" \/><figcaption class=\"wp-element-caption\">Aufbau der Getreideerntermaschine<\/figcaption><\/figure> <\/div> <\/div>    <h2 class=\"wp-block-heading\"><strong>Warum ist Taizy Getreideerntermaschine f\u00fcr Ausschreibungsprojekte geeignet?<\/strong><\/h2>    <p>Taizy MT-1500 Multifunktions-Ganzrohrerntermaschine liefert nicht nur hervorragende Leistungen, sondern bietet auch mehrere Vorteile, die sich f\u00fcr internationale Ausschreibungen und landwirtschaftliche Projektbeschaffungen eignen:<\/p>    <ol class=\"wp-block-list\"> <li>Technologisch ausgereift mit stabiler Leistung <ul class=\"wp-block-list\"> <li>Weit verbreitet in Afrika, S\u00fcdasien und anderen Regionen. Diese Maschine arbeitet zuverl\u00e4ssig mit geringem Wartungsaufwand und hoher Komponentenaustauschbarkeit.<\/li> <\/ul> <\/li>    <li>Hohe Kosteneffizienz <ul class=\"wp-block-list\"> <li>Jede Einheit kostet nur wenige Hundert Dollar (ohne Stromversorgung) und ist damit erschwinglicher als \u00e4hnliche importierte Ger\u00e4te. Ihre Leistung entspricht den Modellen, die in Afrika ausgeschrieben wurden.<\/li> <\/ul> <\/li>    <li>Flexible Stromoptionen <ul class=\"wp-block-list\"> <li>Kunden k\u00f6nnen je nach lokalen Gegebenheiten Diesel- oder Elektromotor w\u00e4hlen, um Bed\u00fcrfnisse in Gebieten ohne Stromversorgung oder gro\u00dfen Betrieben zu erf\u00fcllen.<\/li> <\/ul> <\/li>    <li>Konform mit mehreren landwirtschaftlichen Standards <ul class=\"wp-block-list\"> <li>Produktstruktur erf\u00fcllt Exportanforderungen mit standardisiertem Verpackung, CE-, ISO- und weiteren Zertifizierungen, geeignet f\u00fcr Hilfs- und Regierungsbeschaffungsprojekte.<\/li> <\/ul> <\/li> <\/ol>    <figure class=\"wp-block-gallery has-nested-images columns-default is-cropped wp-block-gallery-4 is-layout-flex wp-block-gallery-is-layout-flex\"> <figure class=\"wp-block-image size-large\"><img loading=\"lazy\" decoding=\"async\" width=\"720\" height=\"540\" data-id=\"8337\" src=\"https:\/\/taizyagromachine.com\/wp-content\/uploads\/2025\/10\/grain-thresher-with-traction.webp\" alt=\"Getreideernter mit Zugvorrichtung\" class=\"wp-image-8337\" srcset=\"https:\/\/taizyagromachine.com\/wp-content\/uploads\/2025\/10\/grain-thresher-with-traction.webp 720w, https:\/\/taizyagromachine.com\/wp-content\/uploads\/2025\/10\/grain-thresher-with-traction-16x12.webp 16w\" sizes=\"auto, (max-width: 720px) 100vw, 720px\" \/><figcaption class=\"wp-element-caption\">Getreideernter mit Zugvorrichtung<\/figcaption><\/figure>    <figure class=\"wp-block-image size-large\"><img loading=\"lazy\" decoding=\"async\" width=\"720\" height=\"540\" data-id=\"8338\" src=\"https:\/\/taizyagromachine.com\/wp-content\/uploads\/2025\/10\/multi-grain-threshing-machine-from-Taizy.webp\" alt=\"Mehrkornsch\u00e4ler von Taizy\" class=\"wp-image-8338\" srcset=\"https:\/\/taizyagromachine.com\/wp-content\/uploads\/2025\/10\/multi-grain-threshing-machine-from-Taizy.webp 720w, https:\/\/taizyagromachine.com\/wp-content\/uploads\/2025\/10\/multi-grain-threshing-machine-from-Taizy-16x12.webp 16w\" sizes=\"auto, (max-width: 720px) 100vw, 720px\" \/><figcaption class=\"wp-element-caption\">Mehrkornsch\u00e4ler von Taizy<\/figcaption><\/figure> <\/figure>    <figure class=\"wp-block-gallery has-nested-images columns-default is-cropped wp-block-gallery-5 is-layout-flex wp-block-gallery-is-layout-flex\"> <figure class=\"wp-block-image size-large\"><img loading=\"lazy\" decoding=\"async\" width=\"720\" height=\"540\" data-id=\"8341\" src=\"https:\/\/taizyagromachine.com\/wp-content\/uploads\/2025\/10\/multi-grain-thresher-for-corn.webp\" alt=\"Mehrkornsch\u00e4ler f\u00fcr Mais\" class=\"wp-image-8341\" srcset=\"https:\/\/taizyagromachine.com\/wp-content\/uploads\/2025\/10\/multi-grain-thresher-for-corn.webp 720w, https:\/\/taizyagromachine.com\/wp-content\/uploads\/2025\/10\/multi-grain-thresher-for-corn-16x12.webp 16w\" sizes=\"auto, (max-width: 720px) 100vw, 720px\" \/><figcaption class=\"wp-element-caption\">Mehrkornsch\u00e4ler f\u00fcr Mais<\/figcaption><\/figure>    <figure class=\"wp-block-image size-large\"><img loading=\"lazy\" decoding=\"async\" width=\"719\" height=\"540\" data-id=\"8340\" src=\"https:\/\/taizyagromachine.com\/wp-content\/uploads\/2025\/10\/grain-threshing-machine-for-millet.webp\" alt=\"Getreidesch\u00e4ler f\u00fcr Hirse\" class=\"wp-image-8340\" srcset=\"https:\/\/taizyagromachine.com\/wp-content\/uploads\/2025\/10\/grain-threshing-machine-for-millet.webp 719w, https:\/\/taizyagromachine.com\/wp-content\/uploads\/2025\/10\/grain-threshing-machine-for-millet-16x12.webp 16w\" sizes=\"auto, (max-width: 719px) 100vw, 719px\" \/><figcaption class=\"wp-element-caption\">Getreidesch\u00e4ler f\u00fcr Hirse<\/figcaption><\/figure>    <figure class=\"wp-block-image size-large\"><img loading=\"lazy\" decoding=\"async\" width=\"720\" height=\"540\" data-id=\"8339\" src=\"https:\/\/taizyagromachine.com\/wp-content\/uploads\/2025\/10\/crop-thresher-for-sorghum.webp\" alt=\"Reissch\u00e4lmaschine f\u00fcr Sorghum\" class=\"wp-image-8339\" srcset=\"https:\/\/taizyagromachine.com\/wp-content\/uploads\/2025\/10\/crop-thresher-for-sorghum.webp 720w, https:\/\/taizyagromachine.com\/wp-content\/uploads\/2025\/10\/crop-thresher-for-sorghum-16x12.webp 16w\" sizes=\"auto, (max-width: 720px) 100vw, 720px\" \/><figcaption class=\"wp-element-caption\">Reissch\u00e4lmaschine f\u00fcr Sorghum<\/figcaption><\/figure> <\/figure>    <h2 class=\"wp-block-heading\"><strong>Wie bestelle ich diese Allzwecksch\u00e4ler von Taizy?<\/strong><\/h2>    <p>Die Bestellung der Taizy MT-1500 Getreideerntermaschine ist unkompliziert:<\/p>    <ol class=\"wp-block-list\"> <li>Kontaktieren Sie uns <ul class=\"wp-block-list\"> <li>Sie erreichen Taizy per E-Mail, WhatsApp oder \u00fcber unser offizielles Website-Formular.<\/li> <\/ul> <\/li>    <li>Anforderungen best\u00e4tigen <ul class=\"wp-block-list\"> <li>Geben Sie Zielkulturen (z. B. Mais, Hirse, Reis), Energiequelle (Elektromotor\/Dieselmotor) und prognostizierte Leistung an. Wir empfehlen die optimale Maschinenkonfiguration.<\/li> <\/ul> <\/li>    <li>Angebot &amp; Vertrag <ul class=\"wp-block-list\"> <li>Wir werden detaillierte technische Spezifikationen, Preisgestaltung, Lieferzeitrahmen und Versandvereinbarungen bereitstellen.<\/li> <\/ul> <\/li>    <li>Anzahlung &amp; Produktion ODER volle Bezahlung <ul class=\"wp-block-list\"> <li>Leisten Sie die Anzahlung und wir beginnen mit der Produktion. Nach der Produktion erstellen wir Maschinenvideos und -fotos zu Ihrer Best\u00e4tigung.<\/li>    <li>Wenn die Maschine vorr\u00e4tig ist, verpacken wir die Waren nach Erhalt Ihrer vollst\u00e4ndigen Zahlung.<\/li> <\/ul> <\/li>    <li>Versand &amp; Kundendienst nach dem Verkauf <ul class=\"wp-block-list\"> <li>Taizy h\u00e4lt einen bew\u00e4hrten Exportprozess und ein Unterst\u00fctzungsnetzwerk bereit, um rechtzeitige Lieferung, technikbezogene Beratung und Schulungen sicherzustellen.<\/li> <\/ul> <\/li> <\/ol>    <p>Unsere Getreideerntermaschine verbindet hohe Effizienz, starke Anpassungsf\u00e4higkeit und geringen Wartungsaufwand und ist daher f\u00fcr Betriebe, Genossenschaften und landwirtschaftliche Verarbeitungsbetriebe jeder Gr\u00f6\u00dfe geeignet. Ob f\u00fcr die Inlandsproduktion oder Exportprojekte \u2013 sie gewinnt am Markt durch ihre herausragende Leistung und ihren vern\u00fcnftigen Preis an Zustimmung.<\/p>    <p>Au\u00dferdem haben wir weiteres Maisverarbeitungszubeh\u00f6r, wie zum Beispiel:<\/p>    <ul class=\"wp-block-list\"> <li><a href=\"https:\/\/taizyagromachine.com\/de\/product\/no-till-corn-planter-machine\/\">Maispflanzmaschine<\/a><\/li>    <li><a href=\"https:\/\/taizyagromachine.com\/de\/product\/single-row-corn-harvester\/\">Einzelreihen-Maisernter<\/a><\/li>    <li><a href=\"https:\/\/taizyagromachine.com\/de\/product\/fresh-corn-sheller\/\">Frischer Maisdrescher<\/a><\/li>    <li><a href=\"https:\/\/taizyagromachine.com\/de\/product\/maize-grits-milling-machine\/\">Maisgrie\u00dfmaschine<\/a><\/li> <\/ul>    <p>Bei Interesse melden Sie sich jederzeit gerne bei uns!<\/p>","protected":false},"excerpt":{"rendered":"<p>Die neue Taizy MT-1500 Mehrzweck-Sch\u00e4lmaschine verarbeitet effizient Mais, Hirse, Sorghum, Sojabohnen und andere Getreidearten. Ihr Zwei-Kammern- und Zwei-Luftstrom-Design sorgt f\u00fcr hohe Sauberkeit und gr\u00fcndliche Entferung von Unreinheiten. Mit flexiblen Energieoptionen und wettbewerbsf\u00e4higen Preisen ist sie insbesondere gut geeignet f\u00fcr Betriebe und Regierungsbeschaffungsprojekte in den M\u00e4rkten Afrikas und S\u00fcdasien.<\/p>","protected":false},"author":1,"featured_media":8346,"parent":0,"template":"","tags":[235],"product-type":[17],"class_list":["post-8326","product","type-product","status-publish","has-post-thumbnail","hentry","tag-corn","product-type-corn-machine"],"_links":{"self":[{"href":"https:\/\/taizyagromachine.com\/de\/wp-json\/wp\/v2\/product\/8326","targetHints":{"allow":["GET"]}}],"collection":[{"href":"https:\/\/taizyagromachine.com\/de\/wp-json\/wp\/v2\/product"}],"about":[{"href":"https:\/\/taizyagromachine.com\/de\/wp-json\/wp\/v2\/types\/product"}],"author":[{"embeddable":true,"href":"https:\/\/taizyagromachine.com\/de\/wp-json\/wp\/v2\/users\/1"}],"wp:featuredmedia":[{"embeddable":true,"href":"https:\/\/taizyagromachine.com\/de\/wp-json\/wp\/v2\/media\/8346"}],"wp:attachment":[{"href":"https:\/\/taizyagromachine.com\/de\/wp-json\/wp\/v2\/media?parent=8326"}],"wp:term":[{"taxonomy":"post_tag","embeddable":true,"href":"https:\/\/taizyagromachine.com\/de\/wp-json\/wp\/v2\/tags?post=8326"},{"taxonomy":"product-type","embeddable":true,"href":"https:\/\/taizyagromachine.com\/de\/wp-json\/wp\/v2\/product-type?post=8326"}],"curies":[{"name":"wp","href":"https:\/\/api.w.org\/{rel}","templated":true}]}}