{"id":8359,"date":"2025-10-22T14:52:26","date_gmt":"2025-10-22T06:52:26","guid":{"rendered":"https:\/\/taizyagromachine.com\/?post_type=product&#038;p=8359"},"modified":"2025-10-22T15:16:22","modified_gmt":"2025-10-22T07:16:22","slug":"multi-rice-and-wheat-thresher-machine","status":"publish","type":"product","link":"https:\/\/taizyagromachine.com\/de\/product\/multi-rice-and-wheat-thresher-machine\/","title":{"rendered":"Selbstfahrender Mehrfrucht-Reis- und Weizen-Entaster"},"content":{"rendered":"<p class=\"translation-block\">Der Taizy <strong>Reis- und Weizen-Entaster<\/strong> kann nicht nur Reis und Weizen verarbeiten, sondern auch eine Vielzahl von Getreidearten, einschlie\u00dflich Sorghum, Hirse, Quinoa, Sojabohnen und Raps. F\u00fcr verschiedene K\u00f6rner k\u00f6nnen Sie die entsprechenden Siebe wechseln. <\/p>    <p>Diese Mehrfrucht-Reis-Weizen-Entasterschneidemaschine kann mit Benzin-, Diesel- oder Elektromotor betrieben werden, je nach Bedarf. Sie hat eine Kapazit\u00e4t von 600-800kg\/h, gro\u00dfe Reifen und ist leicht zu bewegen. F\u00fcr weitere Details kontaktieren Sie uns bitte umgehend!<\/p>    <figure class=\"wp-block-embed is-type-video is-provider-youtube wp-block-embed-youtube wp-embed-aspect-16-9 wp-has-aspect-ratio\"><div class=\"wp-block-embed__wrapper\"> <iframe loading=\"lazy\" title=\"Mehrfrucht-Reis- und Weizensch\u00e4lmaschine im Betriebsvideo | Hochleistungs-Kornsch\u00e4lmaschine\" width=\"500\" height=\"281\" src=\"https:\/\/www.youtube.com\/embed\/xAsettSXftw?feature=oembed\" frameborder=\"0\" allow=\"accelerometer; autoplay; clipboard-write; encrypted-media; gyroscope; picture-in-picture; web-share\" referrerpolicy=\"strict-origin-when-cross-origin\" allowfullscreen><\/iframe> <\/div><figcaption class=\"wp-element-caption\">Video von Reiskorn- und Weizenkorn-Sch\u00e4lmaschine<\/figcaption><\/figure>    <h2 class=\"wp-block-heading\"><strong>Vorteile der Taizy-Reis-Weizen-Entasterschneidemaschine<\/strong><\/h2>    <ul class=\"wp-block-list\"> <li>Es kann verarbeiten <strong>600-800 kg pro Stunde<\/strong>, was f\u00fcr kleine und mittlere Farmen hoch effizient ist.<\/li>    <li>Diese multifunktionale Entk\u00f6rnerungsmaschine <strong>schnell Reis, Weizen, Mais, Sorghum, Quinoa, Sojabohnen, Hirse, Sesam,<\/strong> und andere Feldfr\u00fcchte, die eine echte Mehrzweckfunktionalit\u00e4t bieten.<\/li>    <li>Mit einem <strong>Entk\u00f6rnerungsrate \u00fcber 98%<\/strong> und a <strong>Bruchrate unter 2%<\/strong>, es bewahrt effektiv die Getreidequalit\u00e4t.<\/li>    <li>Taizy-Reis-Wheat-Entk\u00f6rner hat <strong>gro\u00dfe Reifen<\/strong> und eine kompakte Struktur, <strong>leicht zu bewegen<\/strong>, was es ideal f\u00fcr einzelne Landwirte, Genossenschaften und kleine Farmen macht.<\/li> <\/ul>    <figure class=\"wp-block-gallery has-nested-images columns-default is-cropped wp-block-gallery-2 is-layout-flex wp-block-gallery-is-layout-flex\"> <figure class=\"wp-block-image size-large\"><img loading=\"lazy\" decoding=\"async\" width=\"720\" height=\"540\" data-id=\"8366\" src=\"https:\/\/taizyagromachine.com\/wp-content\/uploads\/2025\/10\/grain-threshing-machine-for-rice-wheat.webp\" alt=\"Getreide-Entaster f\u00fcr Reis und Weizen\" class=\"wp-image-8366\" srcset=\"https:\/\/taizyagromachine.com\/wp-content\/uploads\/2025\/10\/grain-threshing-machine-for-rice-wheat.webp 720w, https:\/\/taizyagromachine.com\/wp-content\/uploads\/2025\/10\/grain-threshing-machine-for-rice-wheat-16x12.webp 16w\" sizes=\"auto, (max-width: 720px) 100vw, 720px\" \/><figcaption class=\"wp-element-caption\">Getreide-Entaster f\u00fcr Reis und Weizen<\/figcaption><\/figure>    <figure class=\"wp-block-image size-large\"><img loading=\"lazy\" decoding=\"async\" width=\"720\" height=\"540\" data-id=\"8367\" src=\"https:\/\/taizyagromachine.com\/wp-content\/uploads\/2025\/10\/rice-and-wheat-threshing-machine-for-sale.webp\" alt=\"Reis- und Weizen-Entaster zum Verkauf\" class=\"wp-image-8367\" srcset=\"https:\/\/taizyagromachine.com\/wp-content\/uploads\/2025\/10\/rice-and-wheat-threshing-machine-for-sale.webp 720w, https:\/\/taizyagromachine.com\/wp-content\/uploads\/2025\/10\/rice-and-wheat-threshing-machine-for-sale-16x12.webp 16w\" sizes=\"auto, (max-width: 720px) 100vw, 720px\" \/><figcaption class=\"wp-element-caption\">Reis- und Weizen-Entaster zum Verkauf<\/figcaption><\/figure> <\/figure>    <figure class=\"wp-block-gallery has-nested-images columns-default is-cropped wp-block-gallery-3 is-layout-flex wp-block-gallery-is-layout-flex\"> <figure class=\"wp-block-image size-large\"><img loading=\"lazy\" decoding=\"async\" width=\"405\" height=\"540\" data-id=\"8364\" src=\"https:\/\/taizyagromachine.com\/wp-content\/uploads\/2025\/10\/multifunctional-thresher-for-rice-and-millet.webp\" alt=\"Multifunktionaler Entaster f\u00fcr Reis und Hirse\" class=\"wp-image-8364\" srcset=\"https:\/\/taizyagromachine.com\/wp-content\/uploads\/2025\/10\/multifunctional-thresher-for-rice-and-millet.webp 405w, https:\/\/taizyagromachine.com\/wp-content\/uploads\/2025\/10\/multifunctional-thresher-for-rice-and-millet-9x12.webp 9w\" sizes=\"auto, (max-width: 405px) 100vw, 405px\" \/><figcaption class=\"wp-element-caption\">Multifunktionaler Entaster f\u00fcr Reis und Hirse<\/figcaption><\/figure>    <figure class=\"wp-block-image size-large\"><img loading=\"lazy\" decoding=\"async\" width=\"473\" height=\"540\" data-id=\"8365\" src=\"https:\/\/taizyagromachine.com\/wp-content\/uploads\/2025\/10\/rice-wheat-thresher-for-beans-and-wheat.webp\" alt=\"Reiss-Getreide-Entaster f\u00fcr Bohnen und Weizen\" class=\"wp-image-8365\" srcset=\"https:\/\/taizyagromachine.com\/wp-content\/uploads\/2025\/10\/rice-wheat-thresher-for-beans-and-wheat.webp 473w, https:\/\/taizyagromachine.com\/wp-content\/uploads\/2025\/10\/rice-wheat-thresher-for-beans-and-wheat-11x12.webp 11w\" sizes=\"auto, (max-width: 473px) 100vw, 473px\" \/><figcaption class=\"wp-element-caption\">Reiss-Getreide-Entaster f\u00fcr Bohnen und Weizen<\/figcaption><\/figure>    <figure class=\"wp-block-image size-large\"><img loading=\"lazy\" decoding=\"async\" width=\"562\" height=\"540\" data-id=\"8363\" src=\"https:\/\/taizyagromachine.com\/wp-content\/uploads\/2025\/10\/multi-crop-thresher-for-sorghum-and-rapeseed.webp\" alt=\"Mehrfrucht-Entaster f\u00fcr Sorghum und Raps\" class=\"wp-image-8363\" srcset=\"https:\/\/taizyagromachine.com\/wp-content\/uploads\/2025\/10\/multi-crop-thresher-for-sorghum-and-rapeseed.webp 562w, https:\/\/taizyagromachine.com\/wp-content\/uploads\/2025\/10\/multi-crop-thresher-for-sorghum-and-rapeseed-12x12.webp 12w\" sizes=\"auto, (max-width: 562px) 100vw, 562px\" \/><figcaption class=\"wp-element-caption\">Mehrfrucht-Entaster f\u00fcr Sorghum und Raps<\/figcaption><\/figure> <\/figure>    <h2 class=\"wp-block-heading\"><strong>Parameter der multifunktionalen Reis-Weizen-Entasterschneidemaschine<\/strong><\/h2>    <p>Die Mehrzweck-Reis-Weizen-Entasterschneidemaschine von Taizy geh\u00f6rt zur Serie 5TYC, mit einer st\u00fcndlichen Leistung von 600kg bis 800kg. Die Maschine kann mit Diesel-, Elektro- oder Benzinmotoren ausgestattet werden, um sich an verschiedene Energiebedingungen in verschiedenen L\u00e4ndern und Regionen anzupassen. Sie hat eine gut gestaltete Struktur mit viel Leistung. Bitte beachten Sie die untenstehende Tabelle f\u00fcr mehr Informationen.<\/p>    <figure class=\"wp-block-table\"><table class=\"has-fixed-layout\"><tbody><tr><td>Modell<\/td><td>5TYC1-90<\/td><\/tr><tr><td>Leistung<\/td><td>\u22659hp Dieselmaschine mit Reihenschlussstart<br>170F Benzinmotor<\/td><\/tr><tr><td>Kapazit\u00e4t<\/td><td>600\u2013800 kg\/h<\/td><\/tr><tr><td>Nenngeschwindigkeit<\/td><td>3600 U\/min<\/td><\/tr><tr><td>Schlegelzylinder<\/td><td>Durchmesser 360 * L\u00e4nge 900 mm<\/td><\/tr><tr><td>Siebengr\u00f6\u00dfe<\/td><td>870*610mm<\/td><\/tr><tr><td>Gewicht<\/td><td>90kg ohne Motor<\/td><\/tr><tr><td>Gesamtgr\u00f6\u00dfe (L*B*H)<\/td><td>1640*1640*1280mm<\/td><\/tr><tr><td>Dreschgeschwindigkeit<\/td><td>\u226598%<\/td><\/tr><tr><td>Zerbrichrate<\/td><td>\u22642%<\/td><\/tr><tr><td>Mit verschiedenen Sieben<\/td><td>Raps 4mm Sieb, Sorghum 6mm, Weizen 8mm, Reis 8mm oder 10mm, Bohnen 10mm<\/td><\/tr><tr><td>MENGE\/20GP<\/td><td>24 St\u00fcck <\/td><\/tr><tr><td>MENGE\/40GP<\/td><td>66 St\u00fcck<\/td><\/tr><\/tbody><\/table><figcaption class=\"wp-element-caption\">Spezifikationen von 5TYC1-90<\/figcaption><\/figure>    <h2 class=\"wp-block-heading\"><strong>Strukturdesign der Reis-Weizen-Entasterschneidemaschine<\/strong><\/h2>    <p>Der Aufbau dieses Mehrzweck-Kulturen-Entasters ist sehr einfach, inklusive Einlass, Auslass (Stroh und Samen), Antrieb, gro\u00dfe Reifen, Schlegelzylinder und Armlehne.<\/p>   <div class=\"wp-block-image\"> <figure class=\"aligncenter size-full\"><img loading=\"lazy\" decoding=\"async\" width=\"504\" height=\"540\" src=\"https:\/\/taizyagromachine.com\/wp-content\/uploads\/2025\/10\/structure-of-rice-and-wheat-thresher-machine.webp\" alt=\"Struktur des Reis- und Weizen-Entasters\" class=\"wp-image-8360\" srcset=\"https:\/\/taizyagromachine.com\/wp-content\/uploads\/2025\/10\/structure-of-rice-and-wheat-thresher-machine.webp 504w, https:\/\/taizyagromachine.com\/wp-content\/uploads\/2025\/10\/structure-of-rice-and-wheat-thresher-machine-11x12.webp 11w\" sizes=\"auto, (max-width: 504px) 100vw, 504px\" \/><figcaption class=\"wp-element-caption\">Struktur des Reis- und Weizen-Entasters<\/figcaption><\/figure> <\/div>   <ul class=\"wp-block-list\"> <li>Das Ger\u00e4t verwendet ein Trommel-Entastersystem, das mit einem leistungsstarken Gebl\u00e4se und Vibrationssieb-Assembly integriert ist, um Getreide effizient von Verunreinigungen zu trennen. <\/li>    <li>Ein Getreideauslass am Boden erm\u00f6glicht eine direkte Beutelung, was die Betriebsabl\u00e4ufe erheblich vereinfacht. <\/li>    <li>Der K\u00f6rper besteht aus hochfestem Stahl, bietet Verschlei\u00dffestigkeit und Korrosionsschutz f\u00fcr eine lange Lebensdauer. <\/li>    <li>Ausgestattet mit breiten Reifen, passt er sich verschiedenen Gel\u00e4ndearten an und verbessert die Mobilit\u00e4t.<\/li> <\/ul>    <figure class=\"wp-block-gallery has-nested-images columns-default is-cropped wp-block-gallery-4 is-layout-flex wp-block-gallery-is-layout-flex\"> <figure class=\"wp-block-image size-large\"><img loading=\"lazy\" decoding=\"async\" width=\"540\" height=\"540\" data-id=\"8368\" src=\"https:\/\/taizyagromachine.com\/wp-content\/uploads\/2025\/10\/inner-design-of-rice-wheat-thresher.webp\" alt=\"Innenraumdesign des Reis-Weizen-Entasters\" class=\"wp-image-8368\" srcset=\"https:\/\/taizyagromachine.com\/wp-content\/uploads\/2025\/10\/inner-design-of-rice-wheat-thresher.webp 540w, https:\/\/taizyagromachine.com\/wp-content\/uploads\/2025\/10\/inner-design-of-rice-wheat-thresher-12x12.webp 12w\" sizes=\"auto, (max-width: 540px) 100vw, 540px\" \/><figcaption class=\"wp-element-caption\">Innenraumdesign des Reis-Weizen-Entasters<\/figcaption><\/figure>    <figure class=\"wp-block-image size-large\"><img loading=\"lazy\" decoding=\"async\" width=\"540\" height=\"540\" data-id=\"8369\" src=\"https:\/\/taizyagromachine.com\/wp-content\/uploads\/2025\/10\/working-scene-of-Taizy-rice-and-wheat-thresher-machine.webp\" alt=\"Arbeitsbereich der Taizy-Reis- und Weizen-Entasterschneidemaschine\" class=\"wp-image-8369\" srcset=\"https:\/\/taizyagromachine.com\/wp-content\/uploads\/2025\/10\/working-scene-of-Taizy-rice-and-wheat-thresher-machine.webp 540w, https:\/\/taizyagromachine.com\/wp-content\/uploads\/2025\/10\/working-scene-of-Taizy-rice-and-wheat-thresher-machine-12x12.webp 12w\" sizes=\"auto, (max-width: 540px) 100vw, 540px\" \/><figcaption class=\"wp-element-caption\">Arbeitsbereich der Taizy-Reis- und Weizen-Entasterschneidemaschine<\/figcaption><\/figure> <\/figure>    <h2 class=\"wp-block-heading\"><strong>What&#8217;s the rice and wheat thresher machine price?<\/strong><\/h2>    <p>Die Mehrzweck-Reis- und Weizen-Entaster von Taizy sind bekannt f\u00fcr ihre hohe Kosten-Effizienz. Die Preise variieren je nach Modell, Leistung und Ausstattung. Dieses Entasterger\u00e4t eignet sich f\u00fcr Haushalte, Genossenschaften oder kleine Projekte zu einem erschwinglichen Preis. Taizy bietet Fabrikpreise, Anpassungsservices und technische Beratung, damit Kunden mit Vertrauen kaufen und sorgenfrei betreiben k\u00f6nnen.<\/p>    <h2 class=\"wp-block-heading\"><strong>Taizy: ein anerkannter Hersteller von Mehrfrucht-Reis-Weizen-Entastern<\/strong><\/h2>    <ul class=\"wp-block-list\"> <li>Taizy Machinery verf\u00fcgt \u00fcber mehr als ein Jahrzehnt Erfahrung im Bereich landwirtschaftlicher Maschinen und exportiert Produkte in mehr als 60 L\u00e4nder in Afrika, S\u00fcdostasien, dem Nahen Osten und S\u00fcdamerika. <\/li>    <li>Das Unternehmen liefert nicht nur hochwertige Ausr\u00fcstung, sondern bietet auch Montage- und Inbetriebnahmeservices, After-Sales-Support und Ersatzteilversorgung. <\/li>    <li>Mit ihrer stabilen Leistung und hervorragender Kundenerfahrung ist Taizy zu einem vertrauensw\u00fcrdigen Partner f\u00fcr Landwirte weltweit geworden.<\/li>    <li>Wir bieten eine One-Stop-L\u00f6sung f\u00fcr den Reisanbau und Weizenanbau, wie <a href=\"https:\/\/taizyagromachine.com\/de\/product\/wheat-planter\/\">Weizenpflanzmaschine<\/a>, <a href=\"https:\/\/taizyagromachine.com\/de\/product\/rice-combine-harvester\/\">Reis- und Weizen-Erntemaschine<\/a>, Reis- und Weizen-Entk\u00f6rnerungsmaschine, Weizenmehlm\u00fchle usw. <\/li> <\/ul>    <figure class=\"wp-block-gallery has-nested-images columns-2 is-cropped wp-block-gallery-5 is-layout-flex wp-block-gallery-is-layout-flex\"> <figure class=\"wp-block-image size-large\"><img loading=\"lazy\" decoding=\"async\" width=\"540\" height=\"540\" data-id=\"8373\" src=\"https:\/\/taizyagromachine.com\/wp-content\/uploads\/2025\/10\/rice-and-wheat-threshing-machine-factory-visit.webp\" alt=\"Besuch der Reis- und Weizen-Entasterschneidemaschinenfabrik\" class=\"wp-image-8373\" srcset=\"https:\/\/taizyagromachine.com\/wp-content\/uploads\/2025\/10\/rice-and-wheat-threshing-machine-factory-visit.webp 540w, https:\/\/taizyagromachine.com\/wp-content\/uploads\/2025\/10\/rice-and-wheat-threshing-machine-factory-visit-12x12.webp 12w\" sizes=\"auto, (max-width: 540px) 100vw, 540px\" \/><figcaption class=\"wp-element-caption\">Besuch der Reis- und Weizen-Entasterschneidemaschinenfabrik<\/figcaption><\/figure>    <figure class=\"wp-block-image size-large\"><img loading=\"lazy\" decoding=\"async\" width=\"540\" height=\"540\" data-id=\"8370\" src=\"https:\/\/taizyagromachine.com\/wp-content\/uploads\/2025\/10\/batch-of-thresher-machines-for-export.webp\" alt=\"Chargen von Entastermaschinen f\u00fcr Export\" class=\"wp-image-8370\" srcset=\"https:\/\/taizyagromachine.com\/wp-content\/uploads\/2025\/10\/batch-of-thresher-machines-for-export.webp 540w, https:\/\/taizyagromachine.com\/wp-content\/uploads\/2025\/10\/batch-of-thresher-machines-for-export-12x12.webp 12w\" sizes=\"auto, (max-width: 540px) 100vw, 540px\" \/><figcaption class=\"wp-element-caption\">Chargen von Entastermaschinen f\u00fcr Export<\/figcaption><\/figure>    <figure class=\"wp-block-image size-large\"><img loading=\"lazy\" decoding=\"async\" width=\"540\" height=\"540\" data-id=\"8371\" src=\"https:\/\/taizyagromachine.com\/wp-content\/uploads\/2025\/10\/dozens-of-threshers-ready-to-ship.webp\" alt=\"Dutzende von Entastern, bereit zum Versand\" class=\"wp-image-8371\" srcset=\"https:\/\/taizyagromachine.com\/wp-content\/uploads\/2025\/10\/dozens-of-threshers-ready-to-ship.webp 540w, https:\/\/taizyagromachine.com\/wp-content\/uploads\/2025\/10\/dozens-of-threshers-ready-to-ship-12x12.webp 12w\" sizes=\"auto, (max-width: 540px) 100vw, 540px\" \/><figcaption class=\"wp-element-caption\">Dutzende von Entastern, bereit zum Versand<\/figcaption><\/figure>    <figure class=\"wp-block-image size-large\"><img loading=\"lazy\" decoding=\"async\" width=\"540\" height=\"540\" data-id=\"8372\" src=\"https:\/\/taizyagromachine.com\/wp-content\/uploads\/2025\/10\/one-container-of-grain-rice-wheat-thresher.webp\" alt=\"Ein Container Getreide-Reis-Weizen-Entaster\" class=\"wp-image-8372\" srcset=\"https:\/\/taizyagromachine.com\/wp-content\/uploads\/2025\/10\/one-container-of-grain-rice-wheat-thresher.webp 540w, https:\/\/taizyagromachine.com\/wp-content\/uploads\/2025\/10\/one-container-of-grain-rice-wheat-thresher-12x12.webp 12w\" sizes=\"auto, (max-width: 540px) 100vw, 540px\" \/><figcaption class=\"wp-element-caption\">Ein Container Getreide-Reis-Weizen-Entaster<\/figcaption><\/figure> <\/figure>    <h2 class=\"wp-block-heading\"><strong>Wie bestellt man diesen Entaster schnell?<\/strong><\/h2>    <p>Bestellung einer Taizy-Reis- und Weizen-Entasterschneidemaschine ist unkompliziert:<\/p>    <ol class=\"wp-block-list\"> <li>Kontaktieren Sie uns \u00fcber WhatsApp\/WeChat, unsere Website oder E-Mail, und geben Sie das ben\u00f6tigte Modell und die Kulturart an.<\/li>    <li>Wir werden ein detailliertes Angebot, Maschinenspezifikationen und Versandoptionen bereitstellen.<\/li>    <li>Nach Best\u00e4tigung der Bestellung werden Produktion und Versand organisiert, inklusive Seefracht, Luftfracht und andere Transportmittel.<\/li>    <li>Montage- und Betriebsanleitung nach Lieferung sorgt f\u00fcr eine nahtlose Nutzung durch den Kunden.<\/li> <\/ol>    <p>Die obige Skizze zeigt einen optimierten Prozess. F\u00fcr detaillierte Bestellhinweise kontaktieren Sie uns umgehend.<\/p>    <figure class=\"wp-block-gallery has-nested-images columns-default is-cropped wp-block-gallery-6 is-layout-flex wp-block-gallery-is-layout-flex\"> <figure class=\"wp-block-image size-large\"><img loading=\"lazy\" decoding=\"async\" width=\"540\" height=\"540\" data-id=\"8374\" src=\"https:\/\/taizyagromachine.com\/wp-content\/uploads\/2025\/10\/grain-threshing-machine-for-sale.webp\" alt=\"Getreide-Entaster zum Verkauf\" class=\"wp-image-8374\" srcset=\"https:\/\/taizyagromachine.com\/wp-content\/uploads\/2025\/10\/grain-threshing-machine-for-sale.webp 540w, https:\/\/taizyagromachine.com\/wp-content\/uploads\/2025\/10\/grain-threshing-machine-for-sale-12x12.webp 12w\" sizes=\"auto, (max-width: 540px) 100vw, 540px\" \/><figcaption class=\"wp-element-caption\">Getreide-Entaster zum Verkauf<\/figcaption><\/figure>    <figure class=\"wp-block-image size-large\"><img loading=\"lazy\" decoding=\"async\" width=\"540\" height=\"540\" data-id=\"8375\" src=\"https:\/\/taizyagromachine.com\/wp-content\/uploads\/2025\/10\/multi-crop-rice-and-wheat-thresher-machine.webp\" alt=\"Mehrfrucht-Reis- und Weizen-Entasterschneidemaschine\" class=\"wp-image-8375\" srcset=\"https:\/\/taizyagromachine.com\/wp-content\/uploads\/2025\/10\/multi-crop-rice-and-wheat-thresher-machine.webp 540w, https:\/\/taizyagromachine.com\/wp-content\/uploads\/2025\/10\/multi-crop-rice-and-wheat-thresher-machine-12x12.webp 12w\" sizes=\"auto, (max-width: 540px) 100vw, 540px\" \/><figcaption class=\"wp-element-caption\">Mehrfrucht-Reis- und Weizen-Entasterschneidemaschine<\/figcaption><\/figure> <\/figure>","protected":false},"excerpt":{"rendered":"<p>Die Taizy-Reis- und Weizensch\u00e4lmaschine eignet sich zum Sch\u00e4len von Reis, Weizen, Sorghum, Hirse, Sojabohnen, Quinoa, Raps und anderen Kulturen. Sie erreicht eine Verarbeitungskapazit\u00e4t von 600-800 kg\/h, mit einer Sch\u00e4lerate von \u226598% und einer Bruchkornrate von \u22642%.<\/p>","protected":false},"author":1,"featured_media":8362,"parent":0,"template":"","tags":[218,219],"product-type":[20],"class_list":["post-8359","product","type-product","status-publish","has-post-thumbnail","hentry","tag-rice","tag-wheat","product-type-rice-and-wheat-machine"],"_links":{"self":[{"href":"https:\/\/taizyagromachine.com\/de\/wp-json\/wp\/v2\/product\/8359","targetHints":{"allow":["GET"]}}],"collection":[{"href":"https:\/\/taizyagromachine.com\/de\/wp-json\/wp\/v2\/product"}],"about":[{"href":"https:\/\/taizyagromachine.com\/de\/wp-json\/wp\/v2\/types\/product"}],"author":[{"embeddable":true,"href":"https:\/\/taizyagromachine.com\/de\/wp-json\/wp\/v2\/users\/1"}],"wp:featuredmedia":[{"embeddable":true,"href":"https:\/\/taizyagromachine.com\/de\/wp-json\/wp\/v2\/media\/8362"}],"wp:attachment":[{"href":"https:\/\/taizyagromachine.com\/de\/wp-json\/wp\/v2\/media?parent=8359"}],"wp:term":[{"taxonomy":"post_tag","embeddable":true,"href":"https:\/\/taizyagromachine.com\/de\/wp-json\/wp\/v2\/tags?post=8359"},{"taxonomy":"product-type","embeddable":true,"href":"https:\/\/taizyagromachine.com\/de\/wp-json\/wp\/v2\/product-type?post=8359"}],"curies":[{"name":"wp","href":"https:\/\/api.w.org\/{rel}","templated":true}]}}