{"id":8541,"date":"2025-11-10T14:54:24","date_gmt":"2025-11-10T06:54:24","guid":{"rendered":"https:\/\/taizyagromachine.com\/?post_type=product&#038;p=8541"},"modified":"2025-11-10T16:01:01","modified_gmt":"2025-11-10T08:01:01","slug":"grain-and-grass-grinder-machine","status":"publish","type":"product","link":"https:\/\/taizyagromachine.com\/de\/product\/grain-and-grass-grinder-machine\/","title":{"rendered":"Kombinierte Korn- und Graskreismaschine"},"content":{"rendered":"<p class=\"translation-block\">Taizy <strong>Grasstransformator<\/strong> kombiniert Silageaufschneidung und Kornmahlung, kann Gras auflockern und gleichzeitig Mais, Weizen und Sojabohnen mahlen. Das Gras erh\u00e4lt eine einheitliche, feine Textur mit einer Partikelgr\u00f6\u00dfe von 2-3 mm, ideal f\u00fcr die F\u00fctterung von Schweinen, Rindern, Schafen, H\u00fchnern, Enten, G\u00e4nsen und anderen Nutztieren.<\/p>    <p>Die Silageaufschneidemaschine hat eine Leistung von 300-1500 kg pro Stunde, ist kompakt gebaut und einfach zu bedienen. Sie unterst\u00fctzt sowohl Elektromotor- als auch Dieselmotoroptionen f\u00fcr flexible Auswahl je nach Kundenbedarf. Dieses Ger\u00e4t ist eine effiziente L\u00f6sung zum Zerkleinern von K\u00f6rnern und Futter. Kontaktieren Sie uns f\u00fcr weitere Details!<\/p>    <figure class=\"wp-block-embed is-type-video is-provider-youtube wp-block-embed-youtube wp-embed-aspect-16-9 wp-has-aspect-ratio\"><div class=\"wp-block-embed__wrapper\"> <iframe loading=\"lazy\" title=\"Effiziente Korn- und Grassschleifmaschine | Silage- und Maiszerkleinerer f\u00fcr die Tierfutterproduktion\" width=\"500\" height=\"281\" src=\"https:\/\/www.youtube.com\/embed\/_2AgSC_yXXE?feature=oembed\" frameborder=\"0\" allow=\"accelerometer; autoplay; clipboard-write; encrypted-media; gyroscope; picture-in-picture; web-share\" referrerpolicy=\"strict-origin-when-cross-origin\" allowfullscreen><\/iframe> <\/div><figcaption class=\"wp-element-caption\">Video der Gras-Schleifmaschine<\/figcaption><\/figure>    <h2 class=\"wp-block-heading\"><strong>Vorteile der Korn- und Graskreismaschine<\/strong><\/h2>    <ul class=\"wp-block-list\"> <li>Unsere Heupulpermaschine kann verarbeiten <strong>300-1500kg\/h<\/strong>, was sehr effizient ist.<\/li>    <li>Der <strong>Feinheit<\/strong> von zerkleinertem Gras ist <strong>2-3mm<\/strong>, eine sehr feine Pulvermischung, gut f\u00fcr die F\u00fctterung von Gefl\u00fcgel, Schweinen usw.<\/li>    <li> Eine All-in-One-Graszerkleinerungsmaschine <strong>Kombiniert das M\u00e4hen von Gras und das Mahlen von Getreide<\/strong>.<\/li>    <li>Wir k\u00f6nnen <strong>mit dem Zyklon und dem Zugrahmen ausstatten<\/strong>, und <strong>die Maschinenspannung, Farbe anpassen <\/strong>etc., to meet customers&#8217; demands.<\/li> <\/ul>    <figure class=\"wp-block-gallery has-nested-images columns-default is-cropped wp-block-gallery-2 is-layout-flex wp-block-gallery-is-layout-flex\"> <figure class=\"wp-block-image size-large\"><img loading=\"lazy\" decoding=\"async\" width=\"720\" height=\"540\" data-id=\"8548\" src=\"https:\/\/taizyagromachine.com\/wp-content\/uploads\/2025\/11\/combined-grain-milling-and-silage-grinder.webp\" alt=\"Kombinierte Kornm\u00fchle und Silage-Schleifer\" class=\"wp-image-8548\" srcset=\"https:\/\/taizyagromachine.com\/wp-content\/uploads\/2025\/11\/combined-grain-milling-and-silage-grinder.webp 720w, https:\/\/taizyagromachine.com\/wp-content\/uploads\/2025\/11\/combined-grain-milling-and-silage-grinder-16x12.webp 16w\" sizes=\"auto, (max-width: 720px) 100vw, 720px\" \/><figcaption class=\"wp-element-caption\">Kombinierte Kornm\u00fchle und Silage-Schleifer<\/figcaption><\/figure>    <figure class=\"wp-block-image size-large\"><img loading=\"lazy\" decoding=\"async\" width=\"720\" height=\"540\" data-id=\"8550\" src=\"https:\/\/taizyagromachine.com\/wp-content\/uploads\/2025\/11\/silage-pulping-machine-with-tractor.webp\" alt=\"Silage-Entsaftungsmaschine mit Traktor\" class=\"wp-image-8550\" srcset=\"https:\/\/taizyagromachine.com\/wp-content\/uploads\/2025\/11\/silage-pulping-machine-with-tractor.webp 720w, https:\/\/taizyagromachine.com\/wp-content\/uploads\/2025\/11\/silage-pulping-machine-with-tractor-16x12.webp 16w\" sizes=\"auto, (max-width: 720px) 100vw, 720px\" \/><figcaption class=\"wp-element-caption\">Silage-Entsaftungsmaschine mit Traktor<\/figcaption><\/figure> <\/figure>    <figure class=\"wp-block-gallery has-nested-images columns-default is-cropped wp-block-gallery-3 is-layout-flex wp-block-gallery-is-layout-flex\"> <figure class=\"wp-block-image size-large\"><img loading=\"lazy\" decoding=\"async\" width=\"328\" height=\"720\" data-id=\"8553\" src=\"https:\/\/taizyagromachine.com\/wp-content\/uploads\/2025\/11\/small-Napier-grass-grinder-machine.webp\" alt=\"Kleine Napiergras-Schleifmaschine\" class=\"wp-image-8553\" srcset=\"https:\/\/taizyagromachine.com\/wp-content\/uploads\/2025\/11\/small-Napier-grass-grinder-machine.webp 328w, https:\/\/taizyagromachine.com\/wp-content\/uploads\/2025\/11\/small-Napier-grass-grinder-machine-5x12.webp 5w\" sizes=\"auto, (max-width: 328px) 100vw, 328px\" \/><figcaption class=\"wp-element-caption\">Kleine Napiergras-Schleifmaschine<\/figcaption><\/figure>    <figure class=\"wp-block-image size-large\"><img loading=\"lazy\" decoding=\"async\" width=\"540\" height=\"720\" data-id=\"8552\" src=\"https:\/\/taizyagromachine.com\/wp-content\/uploads\/2025\/11\/grass-grinder-machine-with-cyclone.webp\" alt=\"Gras-Schleifmaschine mit Zyklon\" class=\"wp-image-8552\" srcset=\"https:\/\/taizyagromachine.com\/wp-content\/uploads\/2025\/11\/grass-grinder-machine-with-cyclone.webp 540w, https:\/\/taizyagromachine.com\/wp-content\/uploads\/2025\/11\/grass-grinder-machine-with-cyclone-9x12.webp 9w\" sizes=\"auto, (max-width: 540px) 100vw, 540px\" \/><figcaption class=\"wp-element-caption\">Gras-Schleifmaschine mit Zyklon<\/figcaption><\/figure>    <figure class=\"wp-block-image size-large\"><img loading=\"lazy\" decoding=\"async\" width=\"479\" height=\"720\" data-id=\"8551\" src=\"https:\/\/taizyagromachine.com\/wp-content\/uploads\/2025\/11\/crushed-grass.webp\" alt=\"zerkleinertes Gras\" class=\"wp-image-8551\" srcset=\"https:\/\/taizyagromachine.com\/wp-content\/uploads\/2025\/11\/crushed-grass.webp 479w, https:\/\/taizyagromachine.com\/wp-content\/uploads\/2025\/11\/crushed-grass-8x12.webp 8w\" sizes=\"auto, (max-width: 479px) 100vw, 479px\" \/><figcaption class=\"wp-element-caption\">zerkleinertes Gras<\/figcaption><\/figure> <\/figure>    <h2 class=\"wp-block-heading\"><strong>Technische Daten der kombinierten Silage- und Maism\u00fchle<\/strong><\/h2>    <figure class=\"wp-block-table\"><table class=\"has-fixed-layout\"><tbody><tr><td>Modell<\/td><td>9RS-1000<\/td><td>9RS-1500<\/td><\/tr><tr><td>Leistung<\/td><td>3-4 kW Motor<\/td><td>7,5 kW Motor oder 15 PS Dieselmotor<\/td><\/tr><tr><td>Kapazit\u00e4t<\/td><td>300-1000kg\/h<\/td><td>1000-1500 kg\/h<\/td><\/tr><tr><td>Gr\u00f6\u00dfe<\/td><td>1200*600*1000mm<\/td><td>1800*1600*1150mm<\/td><\/tr><tr><td>Nettogewicht<\/td><td>90kg<\/td><td>310kg<\/td><\/tr><\/tbody><\/table><figcaption class=\"wp-element-caption\">Parameter der Silage-Heuaufschneidemaschine<\/figcaption><\/figure>    <figure class=\"wp-block-gallery has-nested-images columns-default is-cropped wp-block-gallery-4 is-layout-flex wp-block-gallery-is-layout-flex\"> <figure class=\"wp-block-image size-large\"><img loading=\"lazy\" decoding=\"async\" width=\"540\" height=\"540\" data-id=\"8545\" src=\"https:\/\/taizyagromachine.com\/wp-content\/uploads\/2025\/11\/9RS-1000-grain-and-grass-grinding-machine.webp\" alt=\"9RS-1000 Korn- und Grassschleifmaschine\" class=\"wp-image-8545\" srcset=\"https:\/\/taizyagromachine.com\/wp-content\/uploads\/2025\/11\/9RS-1000-grain-and-grass-grinding-machine.webp 540w, https:\/\/taizyagromachine.com\/wp-content\/uploads\/2025\/11\/9RS-1000-grain-and-grass-grinding-machine-12x12.webp 12w\" sizes=\"auto, (max-width: 540px) 100vw, 540px\" \/><figcaption class=\"wp-element-caption\">9RS-1000 Korn- und Grassschleifmaschine<\/figcaption><\/figure>    <figure class=\"wp-block-image size-large\"><img loading=\"lazy\" decoding=\"async\" width=\"540\" height=\"540\" data-id=\"8546\" src=\"https:\/\/taizyagromachine.com\/wp-content\/uploads\/2025\/11\/9RS-1500-grass-cutting-and-grinding-machine.webp\" alt=\"9RS-1500 Gras- und Schleifmaschine\" class=\"wp-image-8546\" srcset=\"https:\/\/taizyagromachine.com\/wp-content\/uploads\/2025\/11\/9RS-1500-grass-cutting-and-grinding-machine.webp 540w, https:\/\/taizyagromachine.com\/wp-content\/uploads\/2025\/11\/9RS-1500-grass-cutting-and-grinding-machine-12x12.webp 12w\" sizes=\"auto, (max-width: 540px) 100vw, 540px\" \/><figcaption class=\"wp-element-caption\">9RS-1500 Gras- und Schleifmaschine<\/figcaption><\/figure> <\/figure>    <h2 class=\"wp-block-heading\"><strong>Anwendungen der Korn- und Graskreismaschine zum Verkauf<\/strong><\/h2>    <p>Dieses Ger\u00e4t wird h\u00e4ufig in Viehzuchtbetrieben, Futterverarbeitungsanlagen, landwirtschaftlichen Genossenschaften und Silageproduktionsst\u00e4tten eingesetzt.<\/p>    <p>Die geeigneten Materialien sind verschiedene Silagen und K\u00f6rner, wie Heu, Maisst\u00e4ngel, Napiergras, Mais, Getreide, Sojabohnen, Weizengr\u00e4ben, Reisschalen usw.<\/p>    <p>Der Graszerkleinerer verarbeitet effektiv grobfaseriges Futter mit K\u00f6rnern und verbessert die Futteraufnahme und N\u00e4hrstoffaufnahme. Es ist ein unverzichtbares Ger\u00e4t in der modernen Futterverarbeitung. Egal ob trockenes oder nasses Material, dieses Ger\u00e4t arbeitet effizient und hilft Landwirten, die Futtermittelversorgung selbstst\u00e4ndig zu sichern.<\/p>   <div class=\"wp-block-image\"> <figure class=\"aligncenter size-full\"><img loading=\"lazy\" decoding=\"async\" width=\"720\" height=\"540\" src=\"https:\/\/taizyagromachine.com\/wp-content\/uploads\/2025\/11\/grass-cutting-grinder-machine.webp\" alt=\"Gras-Schneide-Schleifmaschine\" class=\"wp-image-8557\" srcset=\"https:\/\/taizyagromachine.com\/wp-content\/uploads\/2025\/11\/grass-cutting-grinder-machine.webp 720w, https:\/\/taizyagromachine.com\/wp-content\/uploads\/2025\/11\/grass-cutting-grinder-machine-16x12.webp 16w\" sizes=\"auto, (max-width: 720px) 100vw, 720px\" \/><figcaption class=\"wp-element-caption\">Gras-Schneide-Schleifmaschine<\/figcaption><\/figure> <\/div>   <h2 class=\"wp-block-heading\"><strong>Wie funktioniert die Silageaufschneidemaschine?<\/strong><\/h2>    <p>Die Napiergras-Maschine verwendet Hochgeschwindigkeitsklingen, um Futter und K\u00f6rner zu schneiden und zu pulverisieren. Das Material gelangt durch die Zuf\u00fchrung in die Mahrachse, wo es durch schnell rotierende Klingen zu Pulpe oder Pulver verarbeitet wird, bevor es durch den Auslass entlassen wird. Das Ger\u00e4t ist einfach zu bedienen und hat niedrige Wartungskosten, was es f\u00fcr landwirtschaftliche Betriebe unterschiedlicher Gr\u00f6\u00dfenordnungen geeignet macht.<\/p>    <figure class=\"wp-block-gallery has-nested-images columns-default is-cropped wp-block-gallery-5 is-layout-flex wp-block-gallery-is-layout-flex\"> <figure class=\"wp-block-image size-large\"><img loading=\"lazy\" decoding=\"async\" width=\"438\" height=\"540\" data-id=\"8554\" src=\"https:\/\/taizyagromachine.com\/wp-content\/uploads\/2025\/11\/grain-and-forage-pulping-machine.webp\" alt=\"Korn- und Futtersaftmaschine\" class=\"wp-image-8554\" srcset=\"https:\/\/taizyagromachine.com\/wp-content\/uploads\/2025\/11\/grain-and-forage-pulping-machine.webp 438w, https:\/\/taizyagromachine.com\/wp-content\/uploads\/2025\/11\/grain-and-forage-pulping-machine-10x12.webp 10w\" sizes=\"auto, (max-width: 438px) 100vw, 438px\" \/><figcaption class=\"wp-element-caption\">Korn- und Futtersaftmaschine<\/figcaption><\/figure>    <figure class=\"wp-block-image size-large\"><img loading=\"lazy\" decoding=\"async\" width=\"540\" height=\"540\" data-id=\"8555\" src=\"https:\/\/taizyagromachine.com\/wp-content\/uploads\/2025\/11\/internal-structure-of-grinder.webp\" alt=\"Innenaufbau der Schleifmaschine\" class=\"wp-image-8555\" srcset=\"https:\/\/taizyagromachine.com\/wp-content\/uploads\/2025\/11\/internal-structure-of-grinder.webp 540w, https:\/\/taizyagromachine.com\/wp-content\/uploads\/2025\/11\/internal-structure-of-grinder-12x12.webp 12w\" sizes=\"auto, (max-width: 540px) 100vw, 540px\" \/><figcaption class=\"wp-element-caption\">Innenaufbau der Schleifmaschine<\/figcaption><\/figure> <\/figure>    <h2 class=\"wp-block-heading\"><strong>What&#8217;s the price of Taizy grain and grass grinder machine<\/strong><\/h2>    <p>Der Preis der Futter-Verpulverungsmaschine h\u00e4ngt in erster Linie vom Maschinentyp, der Stromquelle (Elektromotor oder Dieselmotor), der Ausgabekonfiguration und davon ab, ob sie einen Zyklon oder einen Zugrahmen enth\u00e4lt. Kleinere Modelle sind in der Regel kosteng\u00fcnstiger, w\u00e4hrend gr\u00f6\u00dfere Modelle eine h\u00f6here Leistung und l\u00e4ngere kontinuierliche Betriebszeiten unterst\u00fctzen. Taizys fabrikdirektes Verkaufsmodell bietet den Kunden wettbewerbsf\u00e4hige Preise, mit weltweitem Versand und Ersatzteilversorgung.<\/p>    <h2 class=\"wp-block-heading\"><strong>Wie bestellt man bei Taizy?<\/strong><\/h2>    <p>Kunden k\u00f6nnen uns direkt per E-Mail, WhatsApp\/WeChat oder unserer offiziellen Website kontaktieren, um die erforderliche Leistung, Anwendung und Anpassungsbedarf anzugeben. Wir empfehlen das passendste Modell und bieten detaillierte Angebote sowie Versandl\u00f6sungen an. <\/p>    <p>Taizy-Maschinen bieten professionelle Vorverkaufsberatung, technische Anleitung und After-Sales-Service f\u00fcr Kunden weltweit, um eine sorgenfreie Beschaffung und Nutzung zu gew\u00e4hrleisten.<\/p>    <p>Au\u00dferdem haben wir weitere Silageverarbeitungsger\u00e4te zum Verkauf, wie zum Beispiel<\/p>    <ul class=\"wp-block-list\"> <li><a href=\"https:\/\/taizyagromachine.com\/de\/product\/forage-chopper-machine\/\">H\u00e4cksler<\/a><\/li>    <li><a href=\"https:\/\/taizyagromachine.com\/de\/product\/straw-cutting-machine\/\">Gras hacken und kneten Maschine<\/a><\/li>    <li><a href=\"https:\/\/taizyagromachine.com\/de\/product\/silage-baler\/\">Silageballenwickelmaschine<\/a><\/li> <\/ul>    <p>Wenn Sie an Silage-Verarbeitungsmaschinen interessiert sind, nehmen Sie umgehend Kontakt mit uns auf. Wir bieten die beste L\u00f6sung zur Optimierung Ihres Futtermittelgesch\u00e4fts.<\/p>","protected":false},"excerpt":{"rendered":"<p>Taizy Futterverarbeitungs-Pulper ist eine vielseitige Futtermittelverarbeitungsmaschine, die Forage und K\u00f6rner zu gleichm\u00e4\u00dfig feinen, hoch schmackhaften Partikeln mahlt. Mit mehreren anpassbaren Konfigurationen dient sie als ideale L\u00f6sung f\u00fcr die F\u00fctterungsbearbeitung auf dem Hof.<\/p>","protected":false},"author":1,"featured_media":8543,"parent":0,"template":"","tags":[116],"product-type":[19],"class_list":["post-8541","product","type-product","status-publish","has-post-thumbnail","hentry","tag-silage","product-type-silage-machine"],"_links":{"self":[{"href":"https:\/\/taizyagromachine.com\/de\/wp-json\/wp\/v2\/product\/8541","targetHints":{"allow":["GET"]}}],"collection":[{"href":"https:\/\/taizyagromachine.com\/de\/wp-json\/wp\/v2\/product"}],"about":[{"href":"https:\/\/taizyagromachine.com\/de\/wp-json\/wp\/v2\/types\/product"}],"author":[{"embeddable":true,"href":"https:\/\/taizyagromachine.com\/de\/wp-json\/wp\/v2\/users\/1"}],"wp:featuredmedia":[{"embeddable":true,"href":"https:\/\/taizyagromachine.com\/de\/wp-json\/wp\/v2\/media\/8543"}],"wp:attachment":[{"href":"https:\/\/taizyagromachine.com\/de\/wp-json\/wp\/v2\/media?parent=8541"}],"wp:term":[{"taxonomy":"post_tag","embeddable":true,"href":"https:\/\/taizyagromachine.com\/de\/wp-json\/wp\/v2\/tags?post=8541"},{"taxonomy":"product-type","embeddable":true,"href":"https:\/\/taizyagromachine.com\/de\/wp-json\/wp\/v2\/product-type?post=8541"}],"curies":[{"name":"wp","href":"https:\/\/api.w.org\/{rel}","templated":true}]}}