{"id":8567,"date":"2025-11-19T16:53:20","date_gmt":"2025-11-19T08:53:20","guid":{"rendered":"https:\/\/taizyagromachine.com\/?post_type=product&#038;p=8567"},"modified":"2025-11-19T17:25:01","modified_gmt":"2025-11-19T09:25:01","slug":"hay-bale-shredder","status":"publish","type":"product","link":"https:\/\/taizyagromachine.com\/de\/product\/hay-bale-shredder\/","title":{"rendered":"Heuballenzerkleinerer"},"content":{"rendered":"<p class=\"translation-block\">Taizy <strong>Heuballenzerkleinerer<\/strong> kann Heu-, Stroh- oder Strohballen zerquetschen und zerkleinern und in kleine St\u00fccke von 3-10 cm schneiden. Er wird auf gro\u00dfen Viehzuchtbetrieben eingesetzt, um Heu und Stroh mit einer Kapazit\u00e4t von 2-18 t pro Stunde zu verarbeiten. Dieser Heuballenm\u00fchle verwendet \u00fcblicherweise einen Elektromotor als Antrieb und verf\u00fcgt \u00fcber zwei Entladewege (oben oder unten). Au\u00dferdem ist die Maschine mit einem Zugrahmen und Reifen ausgestattet, was die Mobilit\u00e4t erleichtert. F\u00fcr die Viehzucht ist sie ideal zur Verarbeitung von Ballen.<\/p>    <figure class=\"wp-block-embed is-type-video is-provider-youtube wp-block-embed-youtube wp-embed-aspect-16-9 wp-has-aspect-ratio\"><div class=\"wp-block-embed__wrapper\"> <iframe loading=\"lazy\" title=\"Hay bale crusher | Grass bale shredder working test: complete straw &amp; hay bale crusher solution\" width=\"500\" height=\"281\" src=\"https:\/\/www.youtube.com\/embed\/22SeCz3fZuo?feature=oembed\" frameborder=\"0\" allow=\"accelerometer; autoplay; clipboard-write; encrypted-media; gyroscope; picture-in-picture; web-share\" referrerpolicy=\"strict-origin-when-cross-origin\" allowfullscreen><\/iframe> <\/div><figcaption class=\"wp-element-caption\">Arbeitsvideo des Heuballenzerkleinerers<\/figcaption><\/figure>    <h2 class=\"wp-block-heading\"><strong>Anwendungen des Taizy-Elektro-Heuballenzerkleinerers<\/strong><\/h2>    <p>Der Strohballenzerkleinerer wird haupts\u00e4chlich verwendet, um runde oder quadratische Ballen schnell in einheitliches Futter zu zerlegen und zu zerkleinern. Er eignet sich f\u00fcr:<\/p>    <ul class=\"wp-block-list\"> <li>F\u00fctterung von Wiederk\u00e4uern wie Rindern, Schafen, Pferden und Kamelen<\/li>    <li>Vorbehandlung f\u00fcr Silage, Heu, Luzerne, Stroh und andere Materialien<\/li>    <li>Vorbehandlung vor TMR-Mischern<\/li>    <li>Verarbeitung von Gr\u00e4serpulver und Rohstoffzerkleinerung in der Futterm\u00fchle<\/li> <\/ul>    <p>Der kleine Heuballenzerkleinerer von Taizy kann 2000\u201318000 kg Ballen gleichzeitig verarbeiten, sie in 3-10 cm gro\u00dfe St\u00fccke zerkleinern, ohne die Heufasern zu besch\u00e4digen, was die Futteraufnahme verbessert.<\/p>   <div class=\"wp-block-image\"> <figure class=\"aligncenter size-full\"><img loading=\"lazy\" decoding=\"async\" width=\"720\" height=\"540\" src=\"https:\/\/taizyagromachine.com\/wp-content\/uploads\/2025\/11\/applications-of-straw-hay-bale-grinder.webp\" alt=\"Anwendungen des Stroh- und Heuballenm\u00e4hers\" class=\"wp-image-8571\" srcset=\"https:\/\/taizyagromachine.com\/wp-content\/uploads\/2025\/11\/applications-of-straw-hay-bale-grinder.webp 720w, https:\/\/taizyagromachine.com\/wp-content\/uploads\/2025\/11\/applications-of-straw-hay-bale-grinder-16x12.webp 16w\" sizes=\"auto, (max-width: 720px) 100vw, 720px\" \/><figcaption class=\"wp-element-caption\">Anwendungen des Stroh- und Heuballenm\u00e4hers<\/figcaption><\/figure> <\/div>   <p>Au\u00dferdem wird dieser Scheibenzerkleinerer h\u00e4ufig in folgenden Bereichen eingesetzt:<\/p>    <ul class=\"wp-block-list\"> <li>Gro\u00dfbetriebe (Rinder-, Schaf-, Kamelzuchtbetriebe) <ul class=\"wp-block-list\"> <li>Die t\u00e4gliche Verarbeitung gro\u00dfer Mengen an Futter erfordert Geschwindigkeit und Arbeitsersparnis.<\/li> <\/ul> <\/li>    <li>Futterverarbeitungsanlagen <ul class=\"wp-block-list\"> <li>Als erster Schritt f\u00fcr die Futterzerkleinerung und -mischung.<\/li> <\/ul> <\/li>    <li>Agrarische Genossenschaften <ul class=\"wp-block-list\"> <li>Bieten Sie Ballenmahlservices f\u00fcr lokale Nutztierz\u00fcchter an.<\/li> <\/ul> <\/li>    <li>Integration in TMR-Futtermischer <ul class=\"wp-block-list\"> <li>Die Integration von zerkleinertem Futter in TMR-Mischungen erh\u00f6ht die N\u00e4hrstoffwirksamkeit.<\/li> <\/ul> <\/li> <\/ul>    <h2 class=\"wp-block-heading\"><strong>Vorteile des Scheiben-Gras- &amp; Heuballenzerkleinerers<\/strong><\/h2>    <ul class=\"wp-block-list\"> <li>Es kann <strong>Handhabung von runden &amp; quadratischen Ballen, Stroh, St\u00e4ngeln usw.<\/strong>, und passt sich allen Ballentypen mit hoher Vielseitigkeit an, um alle Futterverarbeitungsbed\u00fcrfnisse auf der Ranch mit einer einzigen Maschine zu erf\u00fcllen.<\/li>    <li>Die H\u00e4mmer im Inneren der Maschine sind <strong>Hergestellt aus 65Mn<\/strong>, hochfest und verschlei\u00dffest, liefert <strong>\u00fcber 30 % schnellere Zerkleinerung<\/strong> als herk\u00f6mmliche Maschinen.<\/li>    <li>Unser Heuballenzerkleinerer verf\u00fcgt \u00fcber eine <strong>Futtereingang mit Barrel<\/strong>, und seine <strong>Schwerlast-Kettenf\u00f6rderer<\/strong> m\u00fchelos durch dichte Ballen rei\u00dft.<\/li>    <li>Die gesamte Einheit verf\u00fcgt \u00fcber <strong>dickwandige Stahlplatten (5mm)<\/strong> und austauschbare H\u00e4mmer, geeignet f\u00fcr den langfristigen, hochintensiven Einsatz.<\/li>    <li>Das Endprodukt misst <strong>3-10cm<\/strong>, einstellbar je nach Tierart. Zum Beispiel 2\u20133cm (Schafe), 3\u20135cm (Rinder), 5\u20138cm (Pferde) usw.<\/li>    <li>Sein <strong>Ausgangsleistung von 2 bis 18 Tonnen pro Stunde<\/strong>, und Sie k\u00f6nnen je nach Bedarf w\u00e4hlen.<\/li> <\/ul>    <figure class=\"wp-block-gallery has-nested-images columns-default is-cropped wp-block-gallery-2 is-layout-flex wp-block-gallery-is-layout-flex\"> <figure class=\"wp-block-image size-large\"><img loading=\"lazy\" decoding=\"async\" width=\"720\" height=\"540\" data-id=\"8578\" src=\"https:\/\/taizyagromachine.com\/wp-content\/uploads\/2025\/11\/quality-hay-bale-chopper-for-sale.webp\" alt=\"Qualit\u00e4ts-Heuballenh\u00e4cksler zum Verkauf\" class=\"wp-image-8578\" srcset=\"https:\/\/taizyagromachine.com\/wp-content\/uploads\/2025\/11\/quality-hay-bale-chopper-for-sale.webp 720w, https:\/\/taizyagromachine.com\/wp-content\/uploads\/2025\/11\/quality-hay-bale-chopper-for-sale-16x12.webp 16w\" sizes=\"auto, (max-width: 720px) 100vw, 720px\" \/><figcaption class=\"wp-element-caption\">Qualit\u00e4ts-Heuballenh\u00e4cksler zum Verkauf<\/figcaption><\/figure>    <figure class=\"wp-block-image size-large\"><img loading=\"lazy\" decoding=\"async\" width=\"720\" height=\"540\" data-id=\"8579\" src=\"https:\/\/taizyagromachine.com\/wp-content\/uploads\/2025\/11\/straw-bale-shredder-from-Taizy.webp\" alt=\"Strohballenzerkleinerer von Taizy\" class=\"wp-image-8579\" srcset=\"https:\/\/taizyagromachine.com\/wp-content\/uploads\/2025\/11\/straw-bale-shredder-from-Taizy.webp 720w, https:\/\/taizyagromachine.com\/wp-content\/uploads\/2025\/11\/straw-bale-shredder-from-Taizy-16x12.webp 16w\" sizes=\"auto, (max-width: 720px) 100vw, 720px\" \/><figcaption class=\"wp-element-caption\">Strohballenzerkleinerer von Taizy<\/figcaption><\/figure> <\/figure>    <h2 class=\"wp-block-heading\"><strong>Technische Parameter des Rundstrohballenzerkleinerers<\/strong><\/h2>    <figure class=\"wp-block-table\"><table class=\"has-fixed-layout\"><tbody><tr><td>Modell<\/td><td>Passende Leistung<\/td><td>Kapazit\u00e4t<\/td><td>Zerkleinerungsgr\u00f6\u00dfe<\/td><td>Gewicht<\/td><\/tr><tr><td>9FL-200<\/td><td>22KW<\/td><td>2-3t\/h<\/td><td>3-10cm<\/td><td>1,1T<\/td><\/tr><tr><td>9FL-240<\/td><td>37KW<\/td><td>5-8t\/h<\/td><td>3-10cm<\/td><td>2T<\/td><\/tr><tr><td>9FL-260<\/td><td>75KW<\/td><td>6-10t\/h<\/td><td>3-10cm<\/td><td>3t<\/td><\/tr><tr><td>9FL-300<\/td><td>90-110KW<\/td><td>8-12t\/h<\/td><td>3-10cm<\/td><td>6T<\/td><\/tr><tr><td>9FL-350<\/td><td>55KW (doppelt)<\/td><td>12-18t\/h<\/td><td>3-10cm<\/td><td>8T<\/td><\/tr><\/tbody><\/table><figcaption class=\"wp-element-caption\">Spezifikationen des Heuballenzerkleinerers<\/figcaption><\/figure>    <h2 class=\"wp-block-heading\"><strong>Verschiedene Arten von Stroh- und Heuballenzerkleinerern<\/strong><\/h2>    <p>Je nach Konfiguration kann er in mehrere Typen unterteilt werden:<\/p>    <ul class=\"wp-block-list\"> <li>Stroh-Heuballenzerkleinerer mit oberer Entladung<\/li>    <li>Heuballenzerkleinerer mit Bodenentladung<\/li>    <li>Heuballenm\u00fchle mit Zyklon<\/li>    <li>Heuballenzerkleinerer mit Zugrahmen und Reifen<\/li> <\/ul>    <div class=\"wp-block-columns is-layout-flex wp-container-core-columns-is-layout-9d6595d7 wp-block-columns-is-layout-flex\"> <div class=\"wp-block-column is-layout-flow wp-block-column-is-layout-flow\"> <figure class=\"wp-block-image size-full\"><img loading=\"lazy\" decoding=\"async\" width=\"720\" height=\"540\" src=\"https:\/\/taizyagromachine.com\/wp-content\/uploads\/2025\/11\/hay-bale-crusher-with-upper-discharge.webp\" alt=\"Heuballenzerkleinerer mit oberer Entladung\" class=\"wp-image-8573\" srcset=\"https:\/\/taizyagromachine.com\/wp-content\/uploads\/2025\/11\/hay-bale-crusher-with-upper-discharge.webp 720w, https:\/\/taizyagromachine.com\/wp-content\/uploads\/2025\/11\/hay-bale-crusher-with-upper-discharge-16x12.webp 16w\" sizes=\"auto, (max-width: 720px) 100vw, 720px\" \/><figcaption class=\"wp-element-caption\">Heuballenzerkleinerer mit oberer Entladung<\/figcaption><\/figure> <\/div>    <div class=\"wp-block-column is-layout-flow wp-block-column-is-layout-flow\"> <figure class=\"wp-block-image size-full\"><img loading=\"lazy\" decoding=\"async\" width=\"720\" height=\"540\" src=\"https:\/\/taizyagromachine.com\/wp-content\/uploads\/2025\/11\/hay-bale-shredder-with-bottom-discharge.webp\" alt=\"Heuballenzerkleinerer mit unterer Entladung\" class=\"wp-image-8574\" srcset=\"https:\/\/taizyagromachine.com\/wp-content\/uploads\/2025\/11\/hay-bale-shredder-with-bottom-discharge.webp 720w, https:\/\/taizyagromachine.com\/wp-content\/uploads\/2025\/11\/hay-bale-shredder-with-bottom-discharge-16x12.webp 16w\" sizes=\"auto, (max-width: 720px) 100vw, 720px\" \/><figcaption class=\"wp-element-caption\">Heuballenzerkleinerer mit unterer Entladung<\/figcaption><\/figure> <\/div> <\/div>    <div class=\"wp-block-columns is-layout-flex wp-container-core-columns-is-layout-9d6595d7 wp-block-columns-is-layout-flex\"> <div class=\"wp-block-column is-layout-flow wp-block-column-is-layout-flow\"> <figure class=\"wp-block-image size-full\"><img loading=\"lazy\" decoding=\"async\" width=\"720\" height=\"540\" src=\"https:\/\/taizyagromachine.com\/wp-content\/uploads\/2025\/11\/hay-bale-grinder-with-cyclone.webp\" alt=\"Heuballenm\u00fchle mit Zyklon\" class=\"wp-image-8576\" srcset=\"https:\/\/taizyagromachine.com\/wp-content\/uploads\/2025\/11\/hay-bale-grinder-with-cyclone.webp 720w, https:\/\/taizyagromachine.com\/wp-content\/uploads\/2025\/11\/hay-bale-grinder-with-cyclone-16x12.webp 16w\" sizes=\"auto, (max-width: 720px) 100vw, 720px\" \/><figcaption class=\"wp-element-caption\">Heuballenm\u00fchle mit Zyklon<\/figcaption><\/figure> <\/div>    <div class=\"wp-block-column is-layout-flow wp-block-column-is-layout-flow\"> <figure class=\"wp-block-image size-full\"><img loading=\"lazy\" decoding=\"async\" width=\"720\" height=\"540\" src=\"https:\/\/taizyagromachine.com\/wp-content\/uploads\/2025\/11\/straw-bale-crusher-with-traction-and-tires.webp\" alt=\"Strohballenzerkleinerer mit Zugvorrichtung und Reifen\" class=\"wp-image-8577\" srcset=\"https:\/\/taizyagromachine.com\/wp-content\/uploads\/2025\/11\/straw-bale-crusher-with-traction-and-tires.webp 720w, https:\/\/taizyagromachine.com\/wp-content\/uploads\/2025\/11\/straw-bale-crusher-with-traction-and-tires-16x12.webp 16w\" sizes=\"auto, (max-width: 720px) 100vw, 720px\" \/><figcaption class=\"wp-element-caption\">Strohballenzerkleinerer mit Zugvorrichtung und Reifen<\/figcaption><\/figure> <\/div> <\/div>    <h2 class=\"wp-block-heading\"><strong>Wie funktioniert der Taizy-Rundstrohballenschneider?<\/strong><\/h2>    <p>Der Taizy-Rundheuballenzerkleinerer verwendet ein hocheffizientes Zerrei\u00df- und Zerkleinerungssystem, um dichte Ballen schnell in einheitliches Futter zu zerlegen. Der Gesamtarbeitsablauf ist wie folgt:<\/p>    <ol class=\"wp-block-list\"> <li>Futterballen oder Stroh in den Futtereingang geben.<\/li>    <li>Ballen\/Stroh mit H\u00e4mmern zerdr\u00fccken und kneten.<\/li>    <li>Kleine St\u00fccke aus dem Ausgang entlassen.<\/li> <\/ol>    <h2 class=\"wp-block-heading\"><strong>Was kostet der Heuballenzerkleinerer?<\/strong><\/h2>    <p>Der Preis eines Heuballenzerkleinerers wird durch folgende Faktoren beeinflusst:<\/p>    <ul class=\"wp-block-list\"> <li>Kapazit\u00e4t f\u00fcr Heuballen in verschiedenen Gr\u00f6\u00dfen<\/li>    <li>Stromquelle (Elektromotor\/Diesel)<\/li>    <li>Anforderungen an Anh\u00e4ngefahrrad, F\u00f6rderband, Sonderfarbe oder Spannung<\/li>    <li>Integration mit TMR oder anderer Ausr\u00fcstung<\/li> <\/ul>    <p>Selbst eine einzige Abweichung in den Spezifikationen wirkt sich auf den Preis der Maschine aus. F\u00fcr detaillierte Preisinformationen k\u00f6nnen Sie uns gerne kontaktieren. Wir erstellen Ihnen ein detailliertes Angebot basierend auf Ihren spezifischen Anforderungen.<\/p>    <h2 class=\"wp-block-heading\"><strong>Kundenbesuch: Taizy-Heuballenm\u00fchlenfabrikf\u00fchrung<\/strong><\/h2>    <p>K\u00fcrzlich besuchten ausl\u00e4ndische Kunden die Taizy-Fabrik und konzentrierten sich bei ihrer Tour auf unsere Heuballenzerkleinerungsanlage. Vor Ort pr\u00fcften sie wichtige Details wie den Aufbau der Ausr\u00fcstung, die Klingenmaterialien und die Leistungsanpassungen und beobachteten Live-Zerkleinerungsdemonstrationen. Sie zeigten hohe Zufriedenheit mit der Effizienz der Maschine und der Feinheit des Endprodukts. Dieser Besuch festigte die Anerkennung der Kunden f\u00fcr Taizys Fertigungskapazit\u00e4ten und legte eine solide Grundlage f\u00fcr die zuk\u00fcnftige Zusammenarbeit.<\/p>    <figure class=\"wp-block-gallery has-nested-images columns-default is-cropped wp-block-gallery-3 is-layout-flex wp-block-gallery-is-layout-flex\"> <figure class=\"wp-block-image size-large\"><img loading=\"lazy\" decoding=\"async\" width=\"720\" height=\"540\" data-id=\"8582\" src=\"https:\/\/taizyagromachine.com\/wp-content\/uploads\/2025\/11\/hay-bale-tub-grinder-customer-visit.webp\" alt=\"Besuch bei Kunden des Heuballen-Tubenschleifers\" class=\"wp-image-8582\" srcset=\"https:\/\/taizyagromachine.com\/wp-content\/uploads\/2025\/11\/hay-bale-tub-grinder-customer-visit.webp 720w, https:\/\/taizyagromachine.com\/wp-content\/uploads\/2025\/11\/hay-bale-tub-grinder-customer-visit-16x12.webp 16w\" sizes=\"auto, (max-width: 720px) 100vw, 720px\" \/><figcaption class=\"wp-element-caption\">Besuch bei Kunden des Heuballen-Tubenschleifers<\/figcaption><\/figure>    <figure class=\"wp-block-image size-large\"><img loading=\"lazy\" decoding=\"async\" width=\"720\" height=\"540\" data-id=\"8583\" src=\"https:\/\/taizyagromachine.com\/wp-content\/uploads\/2025\/11\/straw-hay-bale-shredder-factory-visit.webp\" alt=\"Besuch der Stroh- und Heuballenzerkleinerer-Fabrik\" class=\"wp-image-8583\" srcset=\"https:\/\/taizyagromachine.com\/wp-content\/uploads\/2025\/11\/straw-hay-bale-shredder-factory-visit.webp 720w, https:\/\/taizyagromachine.com\/wp-content\/uploads\/2025\/11\/straw-hay-bale-shredder-factory-visit-16x12.webp 16w\" sizes=\"auto, (max-width: 720px) 100vw, 720px\" \/><figcaption class=\"wp-element-caption\">Besuch der Stroh- und Heuballenzerkleinerer-Fabrik<\/figcaption><\/figure> <\/figure>    <h2 class=\"wp-block-heading\"><strong>Ausr\u00fcstungszusammenstellung f\u00fcr kleinen Heuballenrohrschleifer<\/strong><\/h2>    <p>Als professioneller Hersteller und Lieferant landwirtschaftlicher Maschinen k\u00f6nnen wir verschiedene Konfigurationen f\u00fcr die einfache Ballenverarbeitung anbieten, wie<\/p>    <ul class=\"wp-block-list\"> <li>Heuballenzerkleinerer\u2192Ballenschneider<\/li>    <li>Heuballenzerkleinerer\u2192<a href=\"https:\/\/taizyagromachine.com\/de\/product\/silage-spreader-feed-spreader-mixer\/\">Silagefutterverteiler<\/a><\/li>    <li>Heuballenm\u00fchle\u2192Staubsammler<\/li> <\/ul>   <div class=\"wp-block-image\"> <figure class=\"aligncenter size-full\"><img loading=\"lazy\" decoding=\"async\" width=\"720\" height=\"290\" src=\"https:\/\/taizyagromachine.com\/wp-content\/uploads\/2025\/11\/hay-bale-shredder-and-hydraulic-bagging-machine.webp\" alt=\"Heuballenzerkleinerer und hydraulische Verpackungsmaschine\" class=\"wp-image-8572\" srcset=\"https:\/\/taizyagromachine.com\/wp-content\/uploads\/2025\/11\/hay-bale-shredder-and-hydraulic-bagging-machine.webp 720w, https:\/\/taizyagromachine.com\/wp-content\/uploads\/2025\/11\/hay-bale-shredder-and-hydraulic-bagging-machine-18x7.webp 18w\" sizes=\"auto, (max-width: 720px) 100vw, 720px\" \/><figcaption class=\"wp-element-caption\">Heuballenzerkleinerer und hydraulische Verpackungsmaschine<\/figcaption><\/figure> <\/div>  <div class=\"wp-block-image\"> <figure class=\"aligncenter size-full\"><img loading=\"lazy\" decoding=\"async\" width=\"720\" height=\"290\" src=\"https:\/\/taizyagromachine.com\/wp-content\/uploads\/2025\/11\/straw-bale-chopper-with-dust-collector.webp\" alt=\"Strohballenh\u00e4cksler mit Staubsammler\" class=\"wp-image-8581\" srcset=\"https:\/\/taizyagromachine.com\/wp-content\/uploads\/2025\/11\/straw-bale-chopper-with-dust-collector.webp 720w, https:\/\/taizyagromachine.com\/wp-content\/uploads\/2025\/11\/straw-bale-chopper-with-dust-collector-18x7.webp 18w\" sizes=\"auto, (max-width: 720px) 100vw, 720px\" \/><figcaption class=\"wp-element-caption\">Strohballenh\u00e4cksler mit Staubsammler<\/figcaption><\/figure> <\/div>   <h2 class=\"wp-block-heading\"><strong>Warum unseren Heuballenzerkleinerer w\u00e4hlen?<\/strong><\/h2>    <ul class=\"wp-block-list\"> <li>\u2714 22 Jahre Maschinenkompetenz, weltweit in \u00fcber 80 L\u00e4ndern exportiert<\/li>    <li>\u2714 Anpassung m\u00f6glich (Farbe, Spannung, Stromquelle, Entladungsstruktur)<\/li>    <li>\u2714 Bietet Testbetriebs-Videos   Fabrik-Testberichte<\/li>    <li>\u2714 Ausreichende Ersatzteilversorgung und schnelle After-Sales-Reaktion<\/li>    <li>\u2714 Kann mit vollst\u00e4ndigen Silageanlagen (Ballenspeicher, Futterverteiler usw.) kombiniert werden<\/li> <\/ul>    <figure class=\"wp-block-gallery aligncenter has-nested-images columns-default is-cropped wp-block-gallery-4 is-layout-flex wp-block-gallery-is-layout-flex\"> <figure class=\"wp-block-image size-full\"><img loading=\"lazy\" decoding=\"async\" width=\"720\" height=\"540\" data-id=\"8587\" src=\"https:\/\/taizyagromachine.com\/wp-content\/uploads\/2025\/11\/round-hay-bale-crusher-manufacturer.webp\" alt=\"Hersteller von Rundheuballenzerkleinerern\" class=\"wp-image-8587\" srcset=\"https:\/\/taizyagromachine.com\/wp-content\/uploads\/2025\/11\/round-hay-bale-crusher-manufacturer.webp 720w, https:\/\/taizyagromachine.com\/wp-content\/uploads\/2025\/11\/round-hay-bale-crusher-manufacturer-16x12.webp 16w\" sizes=\"auto, (max-width: 720px) 100vw, 720px\" \/><figcaption class=\"wp-element-caption\">Hersteller von Rundheuballenzerkleinerern<\/figcaption><\/figure>    <figure class=\"wp-block-image size-full\"><img loading=\"lazy\" decoding=\"async\" width=\"720\" height=\"540\" data-id=\"8585\" src=\"https:\/\/taizyagromachine.com\/wp-content\/uploads\/2025\/11\/hay-grass-straw-bale-shredder-delivery.webp\" alt=\"Lieferung des Heuballen- und Strohballenzerkleinerers\" class=\"wp-image-8585\" srcset=\"https:\/\/taizyagromachine.com\/wp-content\/uploads\/2025\/11\/hay-grass-straw-bale-shredder-delivery.webp 720w, https:\/\/taizyagromachine.com\/wp-content\/uploads\/2025\/11\/hay-grass-straw-bale-shredder-delivery-16x12.webp 16w\" sizes=\"auto, (max-width: 720px) 100vw, 720px\" \/><figcaption class=\"wp-element-caption\">Lieferung des Heuballen- und Strohballenzerkleinerers<\/figcaption><\/figure> <\/figure>    <h2 class=\"wp-block-heading\"><strong>Wie kauft man den Taizy-Quadrat- &amp; Rundheuballenm\u00fcller?<\/strong><\/h2>    <p>F\u00fcr Preise, Spezifikationen, Versandkosten oder Videos kontaktieren Sie uns bitte:<\/p>    <ul class=\"wp-block-list\"> <li>\ud83d\udce9 E-Mail: info@taizyagromachine.com<\/li>    <li>\ud83d\udcde WhatsApp: <a href=\"https:\/\/wa.me\/+8613673689272\" target=\"_blank\" rel=\"noopener\">+86 136 7368 9272<\/a><\/li>    <li>\ud83c\udf10 Webseite: <a href=\"https:\/\/taizyagromachine.com\/de\/\">www.taizyagromachine.com<\/a><\/li> <\/ul>    <p>Wir antworten innerhalb von 1 Stunde mit einem Angebot und einem technischen Vorschlag.<\/p>","protected":false},"excerpt":{"rendered":"<p>Der Taizy Heuballenzerkleinerer zerh\u00e4ckselt und zerkleinert Heuballen, Strohballen oder Stroh in kleine St\u00fccke von 3-10cm, mit einer Kapazit\u00e4t von 2-18t pro Stunde, verwendet in gro\u00dfen Viehzuchtbetrieben.<\/p>","protected":false},"author":1,"featured_media":8570,"parent":0,"template":"","tags":[116],"product-type":[19],"class_list":["post-8567","product","type-product","status-publish","has-post-thumbnail","hentry","tag-silage","product-type-silage-machine"],"_links":{"self":[{"href":"https:\/\/taizyagromachine.com\/de\/wp-json\/wp\/v2\/product\/8567","targetHints":{"allow":["GET"]}}],"collection":[{"href":"https:\/\/taizyagromachine.com\/de\/wp-json\/wp\/v2\/product"}],"about":[{"href":"https:\/\/taizyagromachine.com\/de\/wp-json\/wp\/v2\/types\/product"}],"author":[{"embeddable":true,"href":"https:\/\/taizyagromachine.com\/de\/wp-json\/wp\/v2\/users\/1"}],"wp:featuredmedia":[{"embeddable":true,"href":"https:\/\/taizyagromachine.com\/de\/wp-json\/wp\/v2\/media\/8570"}],"wp:attachment":[{"href":"https:\/\/taizyagromachine.com\/de\/wp-json\/wp\/v2\/media?parent=8567"}],"wp:term":[{"taxonomy":"post_tag","embeddable":true,"href":"https:\/\/taizyagromachine.com\/de\/wp-json\/wp\/v2\/tags?post=8567"},{"taxonomy":"product-type","embeddable":true,"href":"https:\/\/taizyagromachine.com\/de\/wp-json\/wp\/v2\/product-type?post=8567"}],"curies":[{"name":"wp","href":"https:\/\/api.w.org\/{rel}","templated":true}]}}