{"id":8928,"date":"2026-03-02T16:42:42","date_gmt":"2026-03-02T08:42:42","guid":{"rendered":"https:\/\/taizyagromachine.com\/product\/\/"},"modified":"2026-03-02T17:39:37","modified_gmt":"2026-03-02T09:39:37","slug":"cattle-farm-manure-cleaning-machine-manure-collector","status":"publish","type":"product","link":"https:\/\/taizyagromachine.com\/de\/product\/cattle-farm-manure-cleaning-machine-manure-collector\/","title":{"rendered":"Mistreinigungsmaschine f\u00fcr Rinderbetriebe"},"content":{"rendered":"<p class=\"translation-block\">Taizy <strong>Mistreinigungsmaschine<\/strong> ist mit Funktionen f\u00fcr Mistentfernung, Transport und Selbstentladung f\u00fcr gro\u00df angelegte Tierhaltungsbetriebe wie Rinder-, Milch- und Schaffarmen konzipiert. Sie arbeitet mit Dreirad- oder Vierrad-LKWs mit Dieselmotor und bew\u00e4ltigt Tiermist effizient mit einer Kapazit\u00e4t von 3-5 Min oder 5-8 Min pro Fahrzeug, abh\u00e4ngig von der Mistdicke.<\/p>    <p>Sein \u00fcbliches Volumen betr\u00e4gt 3m\u00b3, 5m\u00b3 usw. Im Vergleich zu herk\u00f6mmlichen manuellen Reinigungsmethoden verbessert der Weide-Mistsammler die Reinigungsleistung erheblich, reduziert Arbeitskosten, verbessert die Stallhygiene und minimiert Ammoniak- und Bakterienwachstum. Dies f\u00fchrt zu besserer Tiergesundheit und einer standardisierten Betriebsf\u00fchrung. <\/p>    <p>Als wesentliche Ausr\u00fcstung f\u00fcr moderne Betriebe, die mechanisierte und automatisierte Verwaltung anstreben, ist diese Stallreinigungsmaschine eine wichtige Wahl zur Steigerung der Produktionseffizienz und Optimierung der Betriebskosten.<\/p>    <figure class=\"wp-block-embed is-type-video is-provider-youtube wp-block-embed-youtube wp-embed-aspect-16-9 wp-has-aspect-ratio\"><div class=\"wp-block-embed__wrapper\"> <iframe loading=\"lazy\" title=\"Diesel-G\u00fclle-Reinigungsmaschine Arbeitsvideo | Automatischer G\u00fclle-Sammler f\u00fcr Rinderhof #g\u00fclle\" width=\"500\" height=\"281\" src=\"https:\/\/www.youtube.com\/embed\/5JxMkd7zD5o?feature=oembed\" frameborder=\"0\" allow=\"accelerometer; autoplay; clipboard-write; encrypted-media; gyroscope; picture-in-picture; web-share\" referrerpolicy=\"strict-origin-when-cross-origin\" allowfullscreen><\/iframe> <\/div><figcaption class=\"wp-element-caption\">Video der G\u00fclle-Sammelmaschine<\/figcaption><\/figure>    <h2 class=\"wp-block-heading\"><strong>Was ist eine Mistreinigungsmaschine?<\/strong><\/h2>    <p>Die Mistreinigungsmaschine ist ein automatisiertes Ger\u00e4t, das speziell f\u00fcr die Reinigung von Mist und Abf\u00e4llen in Tierhaltungsanlagen wie Rinder- und Schafst\u00e4llen entwickelt wurde. Ihre Hauptfunktion ist es, Tierkot entweder periodisch oder kontinuierlich zu entfernen, um saubere und trockene Stallb\u00f6den zu gew\u00e4hrleisten und die allgemeinen Hygienestandards in der landwirtschaftlichen Umgebung zu verbessern.<\/p>    <p>Der Mist wird \u00fcber eine Frontschnecke gesammelt und durch ein Kettenschneckenf\u00f6rderersystem in eine Sammelbox transportiert, um zentral verarbeitet zu werden. Daher wird er auch h\u00e4ufig als automatischer Mistschaber oder Stallmist-Entfernungssystem bezeichnet.<\/p>   <div class=\"wp-block-image\"> <figure class=\"aligncenter size-full\"><img loading=\"lazy\" decoding=\"async\" width=\"720\" height=\"540\" src=\"https:\/\/taizyagromachine.com\/wp-content\/uploads\/2026\/03\/cow-manure-cleaning-machine.jpg\" alt=\"Kuhdungreinigungsmaschine\" class=\"wp-image-8939\" srcset=\"https:\/\/taizyagromachine.com\/wp-content\/uploads\/2026\/03\/cow-manure-cleaning-machine.jpg 720w, https:\/\/taizyagromachine.com\/wp-content\/uploads\/2026\/03\/cow-manure-cleaning-machine-16x12.jpg 16w\" sizes=\"auto, (max-width: 720px) 100vw, 720px\" \/><figcaption class=\"wp-element-caption\">Kuhdungreinigungsmaschine<\/figcaption><\/figure> <\/div>   <h2 class=\"wp-block-heading\"><strong>Kernvorteile der Kuhmistreinigungsmaschine<\/strong><\/h2>    <ul class=\"wp-block-list\"> <li>Vollautomatischer Betrieb mit einer Person<\/li>    <li>Effiziente Entfernung von Tierabf\u00e4llen mit 3-5 Min oder 5-8 Min pro Fahrzeug<\/li>    <li>Reinlichkeitsrate von \u226599%, um die Stallhygiene und Tiergesundheit zu verbessern<\/li>    <li>Fahrzeugoptionen: 3- oder 4-Rad-Fahrzeug verf\u00fcgbar<\/li>    <li>Robuste Struktur mit einer verst\u00e4rkten Stahlkonstruktion und einem verschlei\u00dffesten Schneckendesign f\u00fcr den Langzeiteinsatz<\/li>    <li>Geeignet f\u00fcr mittelgro\u00dfe &amp; gro\u00dfe Milchviehbetriebe<\/li> <\/ul>    <h2 class=\"wp-block-heading\"><strong>Technische Spezifikationen der Mistreinigungsmaschine<\/strong><\/h2>    <div class=\"wp-block-columns is-layout-flex wp-container-core-columns-is-layout-9d6595d7 wp-block-columns-is-layout-flex\"> <div class=\"wp-block-column is-layout-flow wp-block-column-is-layout-flow\"><div class=\"wp-block-image\"> <figure class=\"aligncenter size-full\"><img loading=\"lazy\" decoding=\"async\" width=\"720\" height=\"540\" src=\"https:\/\/taizyagromachine.com\/wp-content\/uploads\/2026\/03\/three-wheel-paddock-manure-collector.jpg\" alt=\"Dreirad-Weide-Mistsammler\" class=\"wp-image-8933\" srcset=\"https:\/\/taizyagromachine.com\/wp-content\/uploads\/2026\/03\/three-wheel-paddock-manure-collector.jpg 720w, https:\/\/taizyagromachine.com\/wp-content\/uploads\/2026\/03\/three-wheel-paddock-manure-collector-16x12.jpg 16w\" sizes=\"auto, (max-width: 720px) 100vw, 720px\" \/><figcaption class=\"wp-element-caption\">Dreirad-Weide-Mistsammler<\/figcaption><\/figure> <\/div><\/div>    <div class=\"wp-block-column is-vertically-aligned-center is-layout-flow wp-block-column-is-layout-flow\"> <p class=\"has-text-align-center translation-block\"><strong>Parameter des 3cbm Mistsilage-Sammlers<\/strong><\/p>    <ul class=\"wp-block-list\"> <li>Modell: QF-3<\/li>    <li>Abmessungen: 4500*1450*2450mm<\/li>    <li>Leistung: 25PS Dieselmotor<\/li>    <li>Laufende Kraft: Dreirad<\/li>    <li>Produktionskapazit\u00e4t: 3-5 Minuten pro Fahrzeug<\/li>    <li>Gestellvolumen: 3m\u00b3<\/li>    <li>Dreirad: Futian F\u00fcnf-Sterne<\/li> <\/ul> <\/div> <\/div>    <div class=\"wp-block-columns is-layout-flex wp-container-core-columns-is-layout-9d6595d7 wp-block-columns-is-layout-flex\"> <div class=\"wp-block-column is-layout-flow wp-block-column-is-layout-flow\"><div class=\"wp-block-image\"> <figure class=\"aligncenter size-full\"><img loading=\"lazy\" decoding=\"async\" width=\"720\" height=\"540\" src=\"https:\/\/taizyagromachine.com\/wp-content\/uploads\/2026\/03\/four-wheel-cattle-farm-cleaning-machine.jpg\" alt=\"Vierzylinder-Rinderhof-Reinigungsmaschine\" class=\"wp-image-8936\" srcset=\"https:\/\/taizyagromachine.com\/wp-content\/uploads\/2026\/03\/four-wheel-cattle-farm-cleaning-machine.jpg 720w, https:\/\/taizyagromachine.com\/wp-content\/uploads\/2026\/03\/four-wheel-cattle-farm-cleaning-machine-16x12.jpg 16w\" sizes=\"auto, (max-width: 720px) 100vw, 720px\" \/><figcaption class=\"wp-element-caption\">Vierzylinder-Rinderhof-Reinigungsmaschine<\/figcaption><\/figure> <\/div><\/div>    <div class=\"wp-block-column is-vertically-aligned-center is-layout-flow wp-block-column-is-layout-flow\"> <p class=\"has-text-align-center translation-block\"><strong>Parameter des 5cbm Weide-Mistreinigers<\/strong><\/p>    <ul class=\"wp-block-list\"> <li>Modell: QF-5<\/li>    <li>Gestellvolumen: 5m\u00b3<\/li>    <li>Abmessungen: 5200*2200*2600mm<\/li>    <li>Mistreinigungsbreite: 2000mm<\/li>    <li>Produktionskapazit\u00e4t: 5-8 Minuten pro Fahrzeug ((abh\u00e4ngig von der Dicke der Kotsschicht))<\/li>    <li>Gewicht: 3500kg<\/li>    <li>Fahrgeschwindigkeit: \u226430km\/h<\/li>    <li>Anzahl der Reifen: 4 St\u00fcck<\/li>    <li>Mist-Sammelsystem: Frontagitator-Sammlung, Kettenschneckenf\u00f6rderer<\/li>    <li>Hinterer Gestellmist-Austragmethode: Hydraulischer Kippwagen<\/li> <\/ul> <\/div> <\/div>    <h2 class=\"wp-block-heading\"><strong>Wie funktioniert der Mistschaber f\u00fcr die Tierhaltung?<\/strong><\/h2>    <p>Das automatische Mistreinigungsger\u00e4t arbeitet haupts\u00e4chlich durch Schneckenentnahme, Kettenschneckenf\u00f6rderer, Fahrzeugsammlung und hydraulisches Kippentladen. Der Hauptarbeitsablauf ist wie folgt:<\/p>    <ol class=\"wp-block-list\"> <li>Eine Person startet den Mistsammler f\u00fcr den Milchviehbetrieb.<\/li>    <li>Wenn die Person die Reinigungsmaschine vorw\u00e4rts f\u00e4hrt, sammelt die vorne montierte Schnecke die Abf\u00e4lle auf.<\/li>    <li>Dann wird der gesammelte Abfall \u00fcber die Kettenschnecke zum Gestell transportiert.<\/li>    <li>Die Schnecke und der Kettenschneckenf\u00f6rderer arbeiten kontinuierlich, w\u00e4hrend sich die Maschine vorw\u00e4rts bewegt, sammeln Tiermist in das Gestell, bis es voll ist.<\/li>    <li>Schlie\u00dflich entl\u00e4dt der hydraulische Kippprozess automatisch den Inhalt und schlie\u00dft den Mistreinigungszyklus ab. Das Ger\u00e4t f\u00e4hrt dann in die n\u00e4chste Runde.<\/li> <\/ol>    <figure class=\"wp-block-gallery has-nested-images columns-default is-cropped wp-block-gallery-2 is-layout-flex wp-block-gallery-is-layout-flex\"> <figure class=\"wp-block-image size-large\"><img loading=\"lazy\" decoding=\"async\" width=\"720\" height=\"540\" data-id=\"8941\" src=\"https:\/\/taizyagromachine.com\/wp-content\/uploads\/2026\/03\/efficient-barn-cleaning-equipment-for-manure-removal.jpg\" alt=\"Effiziente Stallreinigungsger\u00e4te zur Dungentfernung\" class=\"wp-image-8941\" srcset=\"https:\/\/taizyagromachine.com\/wp-content\/uploads\/2026\/03\/efficient-barn-cleaning-equipment-for-manure-removal.jpg 720w, https:\/\/taizyagromachine.com\/wp-content\/uploads\/2026\/03\/efficient-barn-cleaning-equipment-for-manure-removal-16x12.jpg 16w\" sizes=\"auto, (max-width: 720px) 100vw, 720px\" \/><figcaption class=\"wp-element-caption\">Effiziente Stallreinigungsger\u00e4te zur Dungentfernung<\/figcaption><\/figure>    <figure class=\"wp-block-image size-large\"><img loading=\"lazy\" decoding=\"async\" width=\"720\" height=\"540\" data-id=\"8942\" src=\"https:\/\/taizyagromachine.com\/wp-content\/uploads\/2026\/03\/Hydraulic-tipper-truck.jpg\" alt=\"Hydraulischer Kipper-LKW\" class=\"wp-image-8942\" srcset=\"https:\/\/taizyagromachine.com\/wp-content\/uploads\/2026\/03\/Hydraulic-tipper-truck.jpg 720w, https:\/\/taizyagromachine.com\/wp-content\/uploads\/2026\/03\/Hydraulic-tipper-truck-16x12.jpg 16w\" sizes=\"auto, (max-width: 720px) 100vw, 720px\" \/><figcaption class=\"wp-element-caption\">Hydraulischer Kipper-LKW<\/figcaption><\/figure> <\/figure>    <h2 class=\"wp-block-heading\"><strong>Anwendungsszenarien des Taizy-Mistkollektors<\/strong><\/h2>    <p>Mit der Entwicklung der Gro\u00dflandwirtschaft wurde automatische Mistentfernungsger\u00e4te in verschiedenen Tierhaltungsumgebungen weit verbreitet. Als effiziente Tiermistentfernungsmaschine spielt sie in zahlreichen landwirtschaftlichen Szenarien eine entscheidende Rolle. <\/p>    <ul class=\"wp-block-list\"> <li>Milchviehbetriebe<\/li>    <li>Rinderst\u00e4lle<\/li>    <li>Viehzuchtbetriebe<\/li>    <li>Moderne intensive Landwirtschaftseinrichtungen<\/li> <\/ul>    <h2 class=\"wp-block-heading\"><strong>Was kostet die Taizy-Kuhdungreinigungsmaschine?<\/strong><\/h2>    <p>Bei der Auswahl der Mistreinigungsger\u00e4te konzentrieren sich Kunden in der Regel auf Kernfragen: Preis und Anpassung.<\/p>    <p class=\"translation-block\"><strong>Preis der Taizy-Mistkollektion zum Verkauf<\/strong><\/p>    <p>Wichtige Faktoren, die den Preis der Mistreinigungsmaschine beeinflussen, sind:<\/p>    <ul class=\"wp-block-list\"> <li>Maschinengestellvolumen<\/li>    <li>Anzahl der Fahrzeugreifen<\/li>    <li>Motorkonfiguration des Dieselmotors<\/li>    <li>Ersatzteilversorgung<\/li>    <li>Transportentfernung<\/li> <\/ul>    <p>Im Allgemeinen erh\u00f6hen h\u00f6here Konfigurationen und l\u00e4ngere Passagen die Gesamtkosten der Melkstallreinigungsger\u00e4te. Daher wird empfohlen, L\u00f6sungen basierend auf tats\u00e4chlichem Bedarf zu w\u00e4hlen, anstatt nur auf niedrige Preise zu setzen.<\/p>   <div class=\"wp-block-image\"> <figure class=\"aligncenter size-full\"><img loading=\"lazy\" decoding=\"async\" width=\"720\" height=\"540\" src=\"https:\/\/taizyagromachine.com\/wp-content\/uploads\/2026\/03\/cattle-farm-manure-cleaning-equipment.jpg\" alt=\"Rinderzuchtbetrieb Dungreinigungsger\u00e4t\" class=\"wp-image-8943\" srcset=\"https:\/\/taizyagromachine.com\/wp-content\/uploads\/2026\/03\/cattle-farm-manure-cleaning-equipment.jpg 720w, https:\/\/taizyagromachine.com\/wp-content\/uploads\/2026\/03\/cattle-farm-manure-cleaning-equipment-16x12.jpg 16w\" sizes=\"auto, (max-width: 720px) 100vw, 720px\" \/><figcaption class=\"wp-element-caption\">Rinderzuchtbetrieb Dungreinigungsger\u00e4t<\/figcaption><\/figure> <\/div>   <h2 class=\"wp-block-heading\"><strong>Warum unser automatischer Mistschaber w\u00e4hlen?<\/strong><\/h2>    <p>Unsere Mistentfernungs-L\u00f6sungen f\u00fcr Rinderst\u00e4lle sind speziell f\u00fcr moderne Betriebe konzipiert, die Effizienz, Kosten und langfristig stabile Abl\u00e4ufe ausbalancieren. Sie sind zuverl\u00e4ssige moderne Tierabfallbehandlungsger\u00e4te.<\/p>    <p>\u2714 Kostenwirksame L\u00f6sung f\u00fcr die Mistverwaltung<\/p>    <p>\u2714 Reduziert Arbeitskraft um bis zu 40-60%<\/p>    <p>\u2714 Verbesserung der Betriebseffizienz auf dem Bauernhof<\/p>    <p>\u2714 Moderne Tierabfallbehandlungsger\u00e4te<\/p>    <h2 class=\"wp-block-heading\"><strong>H\u00e4ufig gestellte Fragen (FAQ) zum Taizy-Weide-Mistreiniger<\/strong><\/h2>   <div id=\"rank-math-faq\" class=\"rank-math-block\"> <div class=\"rank-math-list\"> <div id=\"faq-question-1772440719924\" class=\"rank-math-list-item\"> <h3 class=\"rank-math-question\">Was ist der Unterschied zwischen einem Miststreuer und einer Mistreinigungsmaschine?<\/h3> <div class=\"rank-math-answer\">  <p class=\"translation-block\">The two serve entirely different functions:<br \/><strong><a href=\"https:\/\/taizyagromachine.com\/de\/product\/manure-and-fertilizer-spreader-truck\/\">Manure spreader<\/a><\/strong>: Primarily used to evenly distribute fermented manure across farmland for fertilization purposes.<br \/><strong>Manure cleaning machine<\/strong>: Employed inside cattle or sheep barns to collect and remove fecal waste from the floor.<\/p>  <\/div> <\/div> <div id=\"faq-question-1772440837790\" class=\"rank-math-list-item\"> <h3 class=\"rank-math-question\">Ist der automatische Mistschaber f\u00fcr kleine Betriebe geeignet?<\/h3> <div class=\"rank-math-answer\">  <p>Ja, es gilt auch f\u00fcr mittelgro\u00dfe und gro\u00dfe Ranches.<\/p>  <\/div> <\/div> <div id=\"faq-question-1772440877524\" class=\"rank-math-list-item\"> <h3 class=\"rank-math-question\">Wie oft sollte die Stallmistentfernungsmaschine betrieben werden?<\/h3> <div class=\"rank-math-answer\">  <p>Die Betriebsfrequenz h\u00e4ngt von der Besatzdichte und saisonalen Umweltbedingungen ab.<\/p>  <\/div> <\/div> <div id=\"faq-question-1772440918053\" class=\"rank-math-list-item\"> <h3 class=\"rank-math-question\">Kann sie in feuchten Mistbedingungen arbeiten?<\/h3> <div class=\"rank-math-answer\">  <p>Ja. Der Taizy-Weide-Mistreiniger ist f\u00fcr feuchte Mistumgebungen ausgelegt.<\/p>  <\/div> <\/div> <\/div> <\/div>","protected":false},"excerpt":{"rendered":"<p>Die Taizy-Dungreinigungsmaschine ist mit Funktionen zur Dungentfernung, zum Transport und zum Selbstentladen ausgestattet, mit 3-5 Minuten oder 5-8 Minuten pro Fahrzeug f\u00fcr Rinderzuchtbetriebe.<\/p>","protected":false},"author":1,"featured_media":8929,"parent":0,"template":"","tags":[116],"product-type":[19],"class_list":["post-8928","product","type-product","status-publish","has-post-thumbnail","hentry","tag-silage","product-type-silage-machine"],"_links":{"self":[{"href":"https:\/\/taizyagromachine.com\/de\/wp-json\/wp\/v2\/product\/8928","targetHints":{"allow":["GET"]}}],"collection":[{"href":"https:\/\/taizyagromachine.com\/de\/wp-json\/wp\/v2\/product"}],"about":[{"href":"https:\/\/taizyagromachine.com\/de\/wp-json\/wp\/v2\/types\/product"}],"author":[{"embeddable":true,"href":"https:\/\/taizyagromachine.com\/de\/wp-json\/wp\/v2\/users\/1"}],"wp:featuredmedia":[{"embeddable":true,"href":"https:\/\/taizyagromachine.com\/de\/wp-json\/wp\/v2\/media\/8929"}],"wp:attachment":[{"href":"https:\/\/taizyagromachine.com\/de\/wp-json\/wp\/v2\/media?parent=8928"}],"wp:term":[{"taxonomy":"post_tag","embeddable":true,"href":"https:\/\/taizyagromachine.com\/de\/wp-json\/wp\/v2\/tags?post=8928"},{"taxonomy":"product-type","embeddable":true,"href":"https:\/\/taizyagromachine.com\/de\/wp-json\/wp\/v2\/product-type?post=8928"}],"curies":[{"name":"wp","href":"https:\/\/api.w.org\/{rel}","templated":true}]}}