{"id":11,"date":"2022-01-11T03:21:20","date_gmt":"2022-01-11T03:21:20","guid":{"rendered":"http:\/\/taizyagromachine.local\/?page_id=11"},"modified":"2022-01-24T06:09:57","modified_gmt":"2022-01-24T06:09:57","slug":"about-us","status":"publish","type":"page","link":"https:\/\/taizyagromachine.com\/es\/about-us\/","title":{"rendered":"Sobre nosotros"},"content":{"rendered":"<div class=\"wp-block-media-text alignwide is-stacked-on-mobile\"><figure class=\"wp-block-media-text__media\"><img loading=\"lazy\" decoding=\"async\" width=\"720\" height=\"540\" src=\"https:\/\/taizyagromachine.com\/wp-content\/uploads\/2022\/01\/cooperation-with-government.jpg\" alt=\"cooperaci\u00f3n\" class=\"wp-image-1801 size-full\"\/><\/figure><div class=\"wp-block-media-text__content\"> <p class=\"translation-block\">Como fabricante y proveedor l\u00edder y profesional de maquinaria agr\u00edcola, Taizy Agro Machine Co., Ltd, consideramos \u201c<strong><em>Para Agricultores<\/em>, <em>Para la Agricultura, Para una Vida Mejor<\/em><\/strong>\u201d como nuestro lema para servir a nuestros clientes. Adem\u00e1s, tenemos una rica experiencia en la exportaci\u00f3n de maquinaria agr\u00edcola durante m\u00e1s de 15 a\u00f1os. Nuestros productos principales incluyen <strong><em>Molino de Arroz, M\u00e1quina de Ma\u00edz, M\u00e1quina de Arroz y Trigo, M\u00e1quina de Cacahuete, M\u00e1quina de Forraje, Cortadora de Paja, M\u00e1quina de Pl\u00e1ntulas, Trasplantadora de Hortalizas, M\u00e1quina de Pellets para Alimento de Peces, M\u00e1quina de Pellets para Alimento Animal<\/em><\/strong>, etc. Adem\u00e1s, somos expertos en la realizaci\u00f3n de Proyectos de Licitaci\u00f3n de <strong><em>ONG, FAO, UNDP y Compras Gubernamentales<\/em><\/strong>. <\/p>    <p class=\"translation-block\">Bienvenido a contactarnos v\u00eda WhatsApp\/Wechat\/Tel\u00e9fono: <strong><em>+86 13673689272<\/em><\/strong> para m\u00e1s informaci\u00f3n.<\/p> <\/div><\/div>    <h2 class=\"has-huge-font-size wp-block-heading\">Por qu\u00e9 elegirnos<\/h2>    <div class=\"wp-block-columns is-layout-flex wp-container-core-columns-is-layout-9d6595d7 wp-block-columns-is-layout-flex\"> <div class=\"wp-block-column is-layout-flow wp-block-column-is-layout-flow\"> <ul class=\"wp-block-list\"><li>Fuerte fuerza de f\u00e1brica para fabricar m\u00e1quinas.<\/li><li>Ricas experiencias en la exportaci\u00f3n al extranjero.<\/li><li>Excelentes servicios de preventa, venta y posventa ofrecidos a los clientes.<\/li><li>Marca confiable para que valga la pena comprarla.<\/li><li>Calidad garantizada para garantizar el rendimiento y las propiedades de la m\u00e1quina.<\/li><li>Varias m\u00e1quinas agr\u00edcolas para satisfacer las diferentes demandas de los clientes.<\/li><li>Precio competitivo para beneficiar a los clientes.<\/li><\/ul> <\/div>    <div class=\"wp-block-column is-layout-flow wp-block-column-is-layout-flow\"> <figure class=\"wp-block-gallery aligncenter columns-2 is-cropped wp-block-gallery-2 is-layout-flex wp-block-gallery-is-layout-flex\"><ul class=\"blocks-gallery-grid\"><li class=\"blocks-gallery-item\"><figure><img loading=\"lazy\" decoding=\"async\" width=\"720\" height=\"540\" src=\"https:\/\/taizyagromachine.com\/wp-content\/uploads\/2022\/01\/factory-display-why-choose-us.jpg\" alt=\"pantalla de f\u00e1brica\" data-id=\"1809\" data-full-url=\"https:\/\/taizyagromachine.com\/wp-content\/uploads\/2022\/01\/factory-display-why-choose-us.jpg\" data-link=\"https:\/\/taizyagromachine.com\/about\/factory-display-why-choose-us\/\" class=\"wp-image-1809\"\/><figcaption class=\"blocks-gallery-item__caption\">pantalla de f\u00e1brica<\/figcaption><\/figure><\/li><li class=\"blocks-gallery-item\"><figure><img loading=\"lazy\" decoding=\"async\" width=\"720\" height=\"540\" src=\"https:\/\/taizyagromachine.com\/wp-content\/uploads\/2022\/01\/150pcs-corn-sheller-to-Zimbabwe.jpg\" alt=\"Desgranadora de ma\u00edz 150 piezas a Zimbabwe\" data-id=\"1810\" data-full-url=\"https:\/\/taizyagromachine.com\/wp-content\/uploads\/2022\/01\/150pcs-corn-sheller-to-Zimbabwe.jpg\" data-link=\"https:\/\/taizyagromachine.com\/about\/150pcs-corn-sheller-to-zimbabwe\/\" class=\"wp-image-1810\"\/><figcaption class=\"blocks-gallery-item__caption\">desgranadora de ma\u00edz a Zimbabwe<\/figcaption><\/figure><\/li><\/ul><\/figure> <\/div> <\/div>    <h2 class=\"wp-block-heading\">Eventos<\/h2>    <p>Como uno de los proveedores de m\u00e1quinas agr\u00edcolas m\u00e1s profesionales de la provincia de Henan, investigamos en profundidad el mercado de los pa\u00edses en desarrollo y elegimos las m\u00e1quinas agr\u00edcolas m\u00e1s adecuadas para satisfacer la demanda local. Adem\u00e1s, estamos invitados a participar en muchos eventos famosos en China y en el extranjero. Por ejemplo, 2018 en Nigeria, 2018 en Yiwu, 2019 en Nigeria, 2019 en Vietnam, etc.<\/p>    <div class=\"wp-block-image\"><figure class=\"aligncenter size-full\"><img loading=\"lazy\" decoding=\"async\" width=\"1200\" height=\"600\" src=\"https:\/\/taizyagromachine.com\/wp-content\/uploads\/2022\/01\/events.jpg\" alt=\"eventos\" class=\"wp-image-1820\"\/><figcaption>eventos<\/figcaption><\/figure><\/div>    <h2 class=\"wp-block-heading\">Huella<\/h2>    <p>Tenemos experiencia en la exportaci\u00f3n de m\u00e1s de 15 a\u00f1os. Nuestros productos han gozado de gran popularidad en \u00c1frica, el sudeste asi\u00e1tico y Am\u00e9rica del Sur, como Nigeria, Ghana, Per\u00fa, Indonesia, Congo, Etiop\u00eda, Namibia, Marruecos, Botswana, etc. <\/p>    <div class=\"wp-block-image\"><figure class=\"aligncenter size-full\"><img loading=\"lazy\" decoding=\"async\" width=\"1024\" height=\"486\" src=\"https:\/\/taizyagromachine.com\/wp-content\/uploads\/2022\/01\/footprints-Taizy-Agro.jpg\" alt=\"huellas\" class=\"wp-image-1805\"\/><figcaption>huellas<\/figcaption><\/figure><\/div>    <h2 class=\"wp-block-heading\">Certificado<\/h2>    <p>Nuestra empresa cuenta con el certificado ISO 9001 y la mayor\u00eda de los productos tienen el certificado CE. Tambi\u00e9n podemos obtener PVOC, SONCAP, SABRE y Preferencial C\/O para ayudar a los clientes a realizar el despacho de importaci\u00f3n f\u00e1cilmente. Nos comprometemos a proporcionar productos adecuados y un servicio completo para cada cliente nacional y extranjero.<\/p>    <div class=\"wp-block-columns is-layout-flex wp-container-core-columns-is-layout-9d6595d7 wp-block-columns-is-layout-flex\"> <div class=\"wp-block-column is-layout-flow wp-block-column-is-layout-flow\"> <div class=\"wp-block-image\"><figure class=\"aligncenter size-full\"><img loading=\"lazy\" decoding=\"async\" width=\"2468\" height=\"3425\" src=\"https:\/\/taizyagromachine.com\/wp-content\/uploads\/2022\/01\/PVOC-.jpg\" alt=\"PVOC\" class=\"wp-image-1832\"\/><figcaption>PVOC<\/figcaption><\/figure><\/div> <\/div>    <div class=\"wp-block-column is-layout-flow wp-block-column-is-layout-flow\"> <div class=\"wp-block-image\"><figure class=\"aligncenter size-full\"><img loading=\"lazy\" decoding=\"async\" width=\"2468\" height=\"3425\" src=\"https:\/\/taizyagromachine.com\/wp-content\/uploads\/2022\/01\/SONCAP-.jpg\" alt=\"SONCAP\" class=\"wp-image-1833\"\/><figcaption>SONCAP<\/figcaption><\/figure><\/div> <\/div>    <div class=\"wp-block-column is-layout-flow wp-block-column-is-layout-flow\"> <div class=\"wp-block-image\"><figure class=\"aligncenter size-full\"><img loading=\"lazy\" decoding=\"async\" width=\"2468\" height=\"3425\" src=\"https:\/\/taizyagromachine.com\/wp-content\/uploads\/2022\/01\/ISO9001-.jpg\" alt=\"ISO 9001\" class=\"wp-image-1834\"\/><figcaption>ISO 9001<\/figcaption><\/figure><\/div> <\/div> <\/div>    <p><\/p>","protected":false},"excerpt":{"rendered":"<p>As a leading and professional agricultural machines manufacturer and provider, Taizy Agro Machine Co., Ltd, we consider &#8220;For Farmers, For Agriculture, For Better Life&#8221; as our slogan to serve our customers. Besides, we have rich experience in exporting agricultural machines for more than 15 years. Our main products include Rice Mill, Corn Machine, Rice and [&hellip;]<\/p>\n","protected":false},"author":1,"featured_media":0,"parent":0,"menu_order":0,"comment_status":"closed","ping_status":"closed","template":"","meta":{"footnotes":""},"class_list":["post-11","page","type-page","status-publish","hentry"],"_links":{"self":[{"href":"https:\/\/taizyagromachine.com\/es\/wp-json\/wp\/v2\/pages\/11","targetHints":{"allow":["GET"]}}],"collection":[{"href":"https:\/\/taizyagromachine.com\/es\/wp-json\/wp\/v2\/pages"}],"about":[{"href":"https:\/\/taizyagromachine.com\/es\/wp-json\/wp\/v2\/types\/page"}],"author":[{"embeddable":true,"href":"https:\/\/taizyagromachine.com\/es\/wp-json\/wp\/v2\/users\/1"}],"replies":[{"embeddable":true,"href":"https:\/\/taizyagromachine.com\/es\/wp-json\/wp\/v2\/comments?post=11"}],"version-history":[{"count":0,"href":"https:\/\/taizyagromachine.com\/es\/wp-json\/wp\/v2\/pages\/11\/revisions"}],"wp:attachment":[{"href":"https:\/\/taizyagromachine.com\/es\/wp-json\/wp\/v2\/media?parent=11"}],"curies":[{"name":"wp","href":"https:\/\/api.w.org\/{rel}","templated":true}]}}