{"id":1131,"date":"2021-12-01T09:41:24","date_gmt":"2021-12-01T09:41:24","guid":{"rendered":"https:\/\/taizyagromachine.com\/?p=1131"},"modified":"2022-09-29T11:31:03","modified_gmt":"2022-09-29T03:31:03","slug":"18tpd-automatic-rice-mill-production-line","status":"publish","type":"product","link":"https:\/\/taizyagromachine.com\/es\/product\/18tpd-automatic-rice-mill-production-line\/","title":{"rendered":"L\u00ednea de producci\u00f3n autom\u00e1tica de molino de arroz 18TPD"},"content":{"rendered":"<p class=\"translation-block\">La l\u00ednea de producci\u00f3n autom\u00e1tica de molino de arroz de 18TPD es una l\u00ednea de producci\u00f3n pr\u00e1ctica para procesar el arroz en arroz blanco. Su producci\u00f3n es de 700-800 kg por hora. Es una planta de molino de arroz completa, que realiza la automatizaci\u00f3n total. Tanto el arroz de forma redonda como el de forma larga pueden usarla, simplemente eligiendo diferentes molinos de arroz. Puede limpiar, quitar piedras, descascarillar, separar, moler, pulir, clasificar, graduar, almacenar y empaquetar todo en uno. \u00bfEst\u00e1 interesado? P\u00f3ngase en contacto con nosotros. Le ofreceremos soluciones adecuadas basadas en sus requisitos reales.<\/p>   <div class=\"wp-block-image\"> <figure class=\"aligncenter size-full\"><img loading=\"lazy\" decoding=\"async\" width=\"720\" height=\"540\" src=\"https:\/\/taizyagromachine.com\/wp-content\/uploads\/2022\/01\/18t-rice-mill-production-line.jpg\" alt=\"L\u00ednea de producci\u00f3n de molino de arroz de 18 tpd\" class=\"wp-image-1780\"\/><figcaption>L\u00ednea de producci\u00f3n de molino de arroz de 18 tpd<\/figcaption><\/figure> <\/div>   <h2 class=\"wp-block-heading\" id=\"overview-of-modern-18tpd-rice-mill-production-line\"><strong>Descripci\u00f3n general de la moderna l\u00ednea de producci\u00f3n de molinos de arroz 18TPD<\/strong><\/h2>   <div class=\"wp-block-image\"> <figure class=\"aligncenter size-full\"><img loading=\"lazy\" decoding=\"async\" width=\"720\" height=\"400\" src=\"https:\/\/taizyagromachine.com\/wp-content\/uploads\/2022\/01\/18t-display.jpg\" alt=\"L\u00ednea de producci\u00f3n completa de 18 tpd. \" class=\"wp-image-1781\"\/><figcaption>L\u00ednea de producci\u00f3n completa de 18 tpd. <\/figcaption><\/figure> <\/div>   <h2 class=\"wp-block-heading\" id=\"structure-of-18tpd-fully-automatic-rice-mill-production-line\"><strong>Estructura de la l\u00ednea de producci\u00f3n de molino de arroz totalmente autom\u00e1tica 18TPD<\/strong><\/h2>    <p class=\"translation-block\">Esta l\u00ednea de producci\u00f3n de molino de arroz incluye un limpiador y quitapiedras combinado, descascarilladora de arroz, separador por gravedad, primer molino de arroz, separador magn\u00e9tico, segundo molino de arroz, pulidora de arroz con agua, clasificador de color, clasificador de arroz, silo de almacenamiento, m\u00e1quina de pesaje y envasado.<\/p>   <div class=\"wp-block-image\"> <figure class=\"aligncenter size-full\"><img loading=\"lazy\" decoding=\"async\" width=\"720\" height=\"300\" src=\"https:\/\/taizyagromachine.com\/wp-content\/uploads\/2022\/01\/18t-drawing.jpg\" alt=\"Planta de molino de arroz autom\u00e1tico estructura-18tpd\" class=\"wp-image-1783\"\/><figcaption>Planta de molino de arroz autom\u00e1tico estructura-18tpd<\/figcaption><\/figure> <\/div>   <h2 class=\"wp-block-heading\" id=\"why-choose-rice-mill-machine-twice\"><strong>\u00bfPor qu\u00e9 elegir el molino de arroz dos veces?<\/strong><\/h2>    <p>De la l\u00ednea de producci\u00f3n de molino de arroz autom\u00e1tico completo 18T\/D, encontramos que tiene una primera molienda de arroz y una segunda molienda de arroz. Las razones son las siguientes:<\/p>    <ol class=\"wp-block-list\" type=\"1\"><li>Baja rotura. Al adoptar dos veces la molienda del arroz, se reduce en gran medida la tasa de arroz partido y se puede obtener arroz blanco de alta calidad.<\/li><li>Gran producci\u00f3n. Dos molinos de arroz pueden moler arroz sin interrupci\u00f3n.<\/li><\/ol>    <h2 class=\"wp-block-heading\" id=\"spare-parts-list-necessary-parts-for-1-production-line-in-one-year\"><strong>Lista de piezas de repuesto (piezas necesarias para 1 l\u00ednea de producci\u00f3n autom\u00e1tica de molino de arroz en un a\u00f1o)<\/strong><\/h2>    <figure class=\"wp-block-table is-style-stripes\"><table><tbody><tr><td>S\/N<\/td><td>M\u00e1quina<\/td><td>Nombre<\/td><td>CANTIDAD<\/td><\/tr><tr><td>1<\/td><td>Piezas de repuesto para descascaradora de arroz con c\u00e1scara<\/td><td>Rodillo de goma<\/td><td>4 piezas<\/td><\/tr><tr><td>2<\/td><td>Repuestos para el primer molino de arroz<\/td><td>Tamiz<\/td><td>8 piezas<\/td><\/tr><tr><td>3<\/td><td>Repuestos para el primer molino de arroz<\/td><td>barra de prensa<\/td><td>16 piezas<\/td><\/tr><tr><td>4<\/td><td>Repuestos para el primer molino de arroz<\/td><td>rodillo de esmeril<\/td><td>1 PC<\/td><\/tr><tr><td>5<\/td><td>Repuestos para el primer molino de arroz<\/td><td>Tornillo<\/td><td>2 piezas<\/td><\/tr><tr><td>6<\/td><td>Repuestos para el segundo molino de arroz.<\/td><td>Tamiz<\/td><td>12 piezas<\/td><\/tr><tr><td>7<\/td><td>Repuestos para el segundo molino de arroz.<\/td><td>barra de prensa<\/td><td>6 piezas<\/td><\/tr><tr><td>8<\/td><td>Repuestos para el segundo molino de arroz.<\/td><td>rodillo de esmeril<\/td><td>1 PC<\/td><\/tr><tr><td>9<\/td><td>Repuestos para el segundo molino de arroz.<\/td><td>Tornillo<\/td><td>2 piezas<\/td><\/tr><\/tbody><\/table><\/figure>    <h2 class=\"wp-block-heading\" id=\"features-of-18t-rice-mill-plant-production-line\"><strong>Caracter\u00edsticas de la l\u00ednea de producci\u00f3n de plantas de molino de arroz de 18t<\/strong><\/h2>    <ul class=\"wp-block-list\" type=\"1\"><li>Rendimiento estable, estructura compacta y excelente calidad.<\/li><li>Menos arroz partido. Porque esta l\u00ednea de producci\u00f3n autom\u00e1tica de molinos de arroz adopta dos fresadoras de arroz.<\/li><li>Operaci\u00f3n f\u00e1cil, alta precisi\u00f3n del arroz y mantenimiento conveniente.<\/li><li>Todas las piezas de repuesto est\u00e1n fabricadas con materiales de alta calidad, duraderos y fiables.<\/li><li>Ahorre mano de obra y mejore la eficiencia del trabajo. Gracias al contenedor de almacenamiento, los trabajadores no necesitan esperar mucho tiempo para empaquetar. Despu\u00e9s de almacenar una cierta cantidad, el trabajo del paquete puede comenzar de manera eficiente.<\/li><\/ul>    <h2 class=\"wp-block-heading\" id=\"differences-between-15t-and-18t-rice-mill-production-line\"><strong>Diferencias entre la l\u00ednea de producci\u00f3n autom\u00e1tica de molinos de arroz de 15t y 18t<\/strong><\/h2>    <ol class=\"wp-block-list\" type=\"1\"><li>Producci\u00f3n. Obviamente, el resultado difiere. Uno cuesta 15 toneladas por d\u00eda mientras que otro cuesta 18 toneladas por d\u00eda.<\/li><li>Pulidora de arroz con agua. En comparaci\u00f3n con <a href=\"https:\/\/taizyagromachine.com\/es\/product\/15tpd-complete-rice-mill-production-line\/\" target=\"_blank\" rel=\"noreferrer noopener\">L\u00ednea de producci\u00f3n de planta de molino de arroz de 15t<\/a>La l\u00ednea de producci\u00f3n completa de 18t tiene la pulidora de arroz con agua. Pule el arroz blanco con agua pulverizada, haci\u00e9ndolo m\u00e1s blanco y ligero.<\/li><\/ol>    <h2 class=\"wp-block-heading\" id=\"why-choose-us\"><strong>\u00bfPor qu\u00e9 elegirnos?<\/strong><strong><\/strong><\/h2>    <p class=\"translation-block\">Nosotros, Taizy Company, somos un fabricante y proveedor experimentado de maquinaria agr\u00edcola. Proporcionamos no solo una serie de plantas de molino de arroz, sino tambi\u00e9n empacadoras de heno, sembradoras de ma\u00edz, trasplantadoras de hortalizas, etc. Esto se debe a que tenemos las siguientes ventajas:<\/p>    <ol class=\"wp-block-list\" type=\"1\"><li>Efecto marca.<\/li><li>Servicio postventa.<\/li><li>Oficiales profesionales y capacitados.<\/li><\/ol>   <div class=\"wp-block-image\"> <figure class=\"aligncenter size-full\"><img loading=\"lazy\" decoding=\"async\" width=\"720\" height=\"400\" src=\"https:\/\/taizyagromachine.com\/wp-content\/uploads\/2022\/01\/18t-company-factory-strength.jpg\" alt=\"fuerza de la f\u00e1brica de la empresa\" class=\"wp-image-1784\"\/><figcaption>fuerza de la f\u00e1brica de la empresa<\/figcaption><\/figure> <\/div>   <h2 class=\"wp-block-heading\" id=\"successful-case-4-sets-18tpd-rice-mill-plants-to-burkina-faso\"><strong>Caso exitoso: 4 conjuntos de plantas de molino de arroz de 18 TPD a Burkina Faso<\/strong><\/h2>    <p>Este a\u00f1o, un cliente de Burkina Faso pregunt\u00f3 sobre la l\u00ednea de producci\u00f3n de molinos de arroz autom\u00e1ticos. Dirige una f\u00e1brica a gran escala y la producci\u00f3n requerida era de 700 a 800 kg por hora. Adem\u00e1s, quer\u00eda vender arroz blanco de alta calidad. Entonces, nuestra gerente de ventas, Emily, recomend\u00f3 la l\u00ednea de producci\u00f3n de molino de arroz 18TPD para satisfacer su negocio. Revis\u00f3 la l\u00ednea de producci\u00f3n y qued\u00f3 muy satisfecho. Orden\u00f3 4 juegos una vez. Y en septiembre hemos exportado con \u00e9xito a su pa\u00eds, Burkina Faso. Recibi\u00f3 las m\u00e1quinas y recibimos buenos comentarios.<\/p>   <div class=\"wp-block-image\"> <figure class=\"aligncenter size-full\"><img loading=\"lazy\" decoding=\"async\" width=\"720\" height=\"540\" src=\"https:\/\/taizyagromachine.com\/wp-content\/uploads\/2022\/01\/loading-into-container-18t.jpg\" alt=\"cargando\" class=\"wp-image-1786\"\/><figcaption>cargando<\/figcaption><\/figure> <\/div>","protected":false},"excerpt":{"rendered":"<p>18TPD automatic rice mill production line\u00a0is a practical production line to process the paddy rice into white rice. Its output is 700-800kg per hour. It\u2019s a complete rice mill plant, realizing full automation. Both round-shaped and long-shaped paddy rice can use, just choosing different rice millers. It can clean, de-stone, hull, separate, mill, polish, sort, [&hellip;]<\/p>\n","protected":false},"author":1,"featured_media":2077,"parent":0,"template":"","tags":[54,58,53,49,35,56,37,57,48],"product-type":[27],"class_list":["post-1131","product","type-product","status-publish","has-post-thumbnail","hentry","tag-18tpd","tag-18tpd-rice-mill-production-line","tag-automatic-rice-mill-production-line","tag-complete-rice-milling-plant","tag-rice-mill","tag-rice-mill-machine","tag-rice-mill-plant","tag-rice-milling-machine","tag-rice-milling-plant-for-sale","product-type-solutions"],"_links":{"self":[{"href":"https:\/\/taizyagromachine.com\/es\/wp-json\/wp\/v2\/product\/1131","targetHints":{"allow":["GET"]}}],"collection":[{"href":"https:\/\/taizyagromachine.com\/es\/wp-json\/wp\/v2\/product"}],"about":[{"href":"https:\/\/taizyagromachine.com\/es\/wp-json\/wp\/v2\/types\/product"}],"author":[{"embeddable":true,"href":"https:\/\/taizyagromachine.com\/es\/wp-json\/wp\/v2\/users\/1"}],"wp:featuredmedia":[{"embeddable":true,"href":"https:\/\/taizyagromachine.com\/es\/wp-json\/wp\/v2\/media\/2077"}],"wp:attachment":[{"href":"https:\/\/taizyagromachine.com\/es\/wp-json\/wp\/v2\/media?parent=1131"}],"wp:term":[{"taxonomy":"post_tag","embeddable":true,"href":"https:\/\/taizyagromachine.com\/es\/wp-json\/wp\/v2\/tags?post=1131"},{"taxonomy":"product-type","embeddable":true,"href":"https:\/\/taizyagromachine.com\/es\/wp-json\/wp\/v2\/product-type?post=1131"}],"curies":[{"name":"wp","href":"https:\/\/api.w.org\/{rel}","templated":true}]}}