{"id":1133,"date":"2021-12-01T09:41:58","date_gmt":"2021-12-01T09:41:58","guid":{"rendered":"https:\/\/taizyagromachine.com\/?p=1133"},"modified":"2022-09-29T13:55:04","modified_gmt":"2022-09-29T05:55:04","slug":"20tpd-rice-mill-plant","status":"publish","type":"product","link":"https:\/\/taizyagromachine.com\/es\/product\/20tpd-rice-mill-plant\/","title":{"rendered":"Planta de molienda de arroz 20TPD"},"content":{"rendered":"<p class=\"translation-block\">La <strong>planta arrocera de 20TPD<\/strong> procesa el arroz en c\u00e1scara para convertirlo en arroz blanco, con una producci\u00f3n de 20 toneladas por d\u00eda. Este es el tipo b\u00e1sico, que incluye tolva de alimentaci\u00f3n, elevador, desseparador, descascarilladora de arroz, separador por gravedad y molino de arroz. Es una planta arrocera totalmente autom\u00e1tica que produce arroz blanco comestible satisfactorio. Es una l\u00ednea de producci\u00f3n b\u00e1sica para procesar arroz blanco, especialmente bien recibida en Nigeria. Los agricultores, empresas o f\u00e1bricas pueden comprar esta planta arrocera combinada para beneficiar sus negocios. \u00bfEst\u00e1 interesado en este tipo de m\u00e1quina? \u00a1Esperamos su consulta!<\/p>    <h2 class=\"wp-block-heading\" id=\"h-working-flow\"><strong>Flujo de trabajo<\/strong><strong><\/strong><\/h2>    <ol class=\"wp-block-list\" type=\"1\"><li>Introduzca el arroz con c\u00e1scara en la tolva. Y luego, a trav\u00e9s del limpiador, eliminar las impurezas. El arroz con c\u00e1scara llega a la deshuesadora mediante un ascensor.<\/li><li>El despedregador eliminar\u00e1 los huesos y las impurezas existentes en el arroz con c\u00e1scara. A continuaci\u00f3n, el arroz con c\u00e1scara pasa por el doble ascensor hasta el <a href=\"https:\/\/en.wikipedia.org\/wiki\/Rice_huller\" target=\"_blank\" rel=\"noreferrer noopener\">descascaradora de arroz<\/a>.<\/li><li>La descascaradora de arroz quitar\u00e1 la c\u00e1scara del arroz con c\u00e1scara. El siguiente paso es el separador por gravedad, separando el arroz con c\u00e1scara y el arroz integral. El arroz integral llegar\u00e1 a la fresadora de arroz, mientras que el arroz con c\u00e1scara regresar\u00e1 a la descascarilladora de arroz.<\/li><li>La fresadora de arroz sirve para moler el arroz integral hasta convertirlo en arroz blanco. Y luego ve a la pantalla de calificaci\u00f3n. Finalmente, consigue el arroz blanco calificado.<\/li><\/ol>    <figure class=\"wp-block-embed is-type-video is-provider-youtube wp-block-embed-youtube wp-embed-aspect-16-9 wp-has-aspect-ratio\"><div class=\"wp-block-embed__wrapper\"> <iframe loading=\"lazy\" title=\"Planta de molino de arroz 20T\/D, m\u00e1quina procesadora de arroz completamente autom\u00e1tica, planta de molino de arroz integrada a la venta\" width=\"500\" height=\"281\" src=\"https:\/\/www.youtube.com\/embed\/mmUFiYX-sAg?feature=oembed\" frameborder=\"0\" allow=\"accelerometer; autoplay; clipboard-write; encrypted-media; gyroscope; picture-in-picture; web-share\" referrerpolicy=\"strict-origin-when-cross-origin\" allowfullscreen><\/iframe> <\/div><\/figure>    <h2 class=\"wp-block-heading\" id=\"h-structure-of-20tpd-rice-mill-plant-for-sale\"><strong>Estructura de la planta de molino de arroz 20TPD a la venta<\/strong><\/h2>    <p>Este equipo de molienda de arroz de 20t tiene varias partes, que se enumeran a continuaci\u00f3n:<\/p>   <div class=\"wp-block-image\"> <figure class=\"aligncenter size-full\"><img loading=\"lazy\" decoding=\"async\" width=\"720\" height=\"540\" src=\"https:\/\/taizyagromachine.com\/wp-content\/uploads\/2022\/02\/structure-of-20tpd-rice-mill-plant.jpg\" alt=\"Estructura de la planta de molino de arroz de 20 tpd.\" class=\"wp-image-2167\" srcset=\"https:\/\/taizyagromachine.com\/wp-content\/uploads\/2022\/02\/structure-of-20tpd-rice-mill-plant.jpg 720w, https:\/\/taizyagromachine.com\/wp-content\/uploads\/2022\/02\/structure-of-20tpd-rice-mill-plant-300x225.jpg 300w\" sizes=\"auto, (max-width: 720px) 100vw, 720px\" \/><figcaption>Estructura de la planta de molino de arroz de 20 tpd.<\/figcaption><\/figure> <\/div>   <h2 class=\"wp-block-heading\" id=\"h-machine-details\"><strong>Detalles de la m\u00e1quina de <\/strong><\/h2>    <figure class=\"wp-block-gallery aligncenter has-nested-images columns-default is-cropped wp-block-gallery-2 is-layout-flex wp-block-gallery-is-layout-flex\"> <figure class=\"wp-block-image size-large\"><img loading=\"lazy\" decoding=\"async\" width=\"720\" height=\"540\" data-id=\"1751\" src=\"https:\/\/taizyagromachine.com\/wp-content\/uploads\/2022\/01\/destoner-screen.jpg\" alt=\"criba despedregadora\" class=\"wp-image-1751\"\/><figcaption>criba despedregadora<\/figcaption><\/figure>    <figure class=\"wp-block-image size-large\"><img loading=\"lazy\" decoding=\"async\" width=\"720\" height=\"540\" data-id=\"1752\" src=\"https:\/\/taizyagromachine.com\/wp-content\/uploads\/2022\/01\/control-cabinet.jpg\" alt=\"cabina de control\" class=\"wp-image-1752\"\/><figcaption>cabina de control<\/figcaption><\/figure> <\/figure>    <h2 class=\"wp-block-heading\" id=\"h-features-of-20tpd-modern-rice-milling-plant\"><strong>Caracter\u00edsticas de la moderna planta de molienda de arroz 20TPD<\/strong><\/h2>    <ul class=\"wp-block-list\" type=\"1\"><li>La parte de la pantalla de limpieza adopta la operaci\u00f3n giratoria, ruta de limpieza suave y efecto de limpieza prolongado.<\/li><li>La despedradora adopta un modo de transmisi\u00f3n \u00fanico y una larga vida \u00fatil de la m\u00e1quina.<\/li><li>La descascarilladora de arroz es accionada por una correa, la superficie del diente oblicuo est\u00e1 invertida, genera poco ruido y tiene un rendimiento estable.<\/li><li>La fresadora de arroz funciona con un fuerte tiro, el contenido de salvado de arroz en polvo es peque\u00f1o y la temperatura es baja.<\/li><li>Un conjunto completo de equipos de molienda de arroz, compuesto por m\u00e1quinas individuales, como descascaradora de arroz, molinera de arroz, etc.<\/li><\/ul>    <h2 class=\"wp-block-heading\" id=\"h-finished-products-effect-of-automatic-rice-processing-plant\"><strong>Productos terminados Efecto de la R autom\u00e1tica<\/strong><strong>hielo <\/strong><strong>PAG<\/strong><strong>procesamiento <\/strong><strong>PAG<\/strong><strong>lante<\/strong><strong><\/strong><\/h2>    <p>En las im\u00e1genes a continuaci\u00f3n, se ve obviamente que el arroz con c\u00e1scara se convierte en arroz blanco despu\u00e9s de una serie de procedimientos de procesamiento.<\/p>   <div class=\"wp-block-image\"> <figure class=\"aligncenter size-full\"><img loading=\"lazy\" decoding=\"async\" width=\"720\" height=\"540\" src=\"https:\/\/taizyagromachine.com\/wp-content\/uploads\/2022\/01\/finished-products.jpg\" alt=\"productos terminados\" class=\"wp-image-1753\"\/><figcaption>productos terminados<\/figcaption><\/figure> <\/div>   <h2 class=\"wp-block-heading\" id=\"h-rice-mill-plant-applications\"><strong>Aplicaciones de la planta de molino de arroz<\/strong><strong><\/strong><\/h2>    <ol class=\"wp-block-list\" type=\"1\"><li>Tierras de cultivo.<\/li><li>Pueblos.<\/li><li>Tienda de granos.<\/li><li>Hogares especializados.<\/li><\/ol>    <h2 class=\"wp-block-heading\" id=\"h-differences-between-15t-rice-mill-plant-and-20t-rice-mill-plant\"><strong>Diferencias entre la planta de molino de arroz de 15TPD y la planta de molino de arroz de 20TPD<\/strong><\/h2>    <p class=\"translation-block\">En <a href=\"https:\/\/taizyagromachine.com\/es\/\" target=\"_blank\" rel=\"noreferrer noopener\">Taizy Machinery Company<\/a>, en t\u00e9rminos del tipo b\u00e1sico, la planta arrocera de 15t es diferente del equipo arrocero de 20t.<\/p>    <ol class=\"wp-block-list\" type=\"1\"><li>Producci\u00f3n. Es muy claro que estas dos plantas tienen diferencias de producci\u00f3n. La planta de molienda de arroz completa de 15 toneladas tiene entre 600 y 700 kg por hora, mientras que la planta de molienda de arroz autom\u00e1tica de 20 toneladas tiene entre 800 y 1000 kg por hora.<\/li><li>Configuraci\u00f3n. En comparaci\u00f3n con la l\u00ednea de producci\u00f3n de molino de arroz integrado de 15t, la planta de molienda de arroz de 20t tiene el limpiador y el gabinete.<\/li><li>Tama\u00f1o. El juego completo de equipos de molienda de arroz de 20 toneladas tiene una dimensi\u00f3n mayor.<\/li><\/ol>    <h2 class=\"wp-block-heading\" id=\"h-related-machines\"><strong>M\u00e1quinas relacionadas<\/strong><strong><\/strong><\/h2>    <figure class=\"wp-block-gallery aligncenter has-nested-images columns-default is-cropped wp-block-gallery-3 is-layout-flex wp-block-gallery-is-layout-flex\"> <figure class=\"wp-block-image size-large\"><img loading=\"lazy\" decoding=\"async\" width=\"720\" height=\"540\" data-id=\"1756\" src=\"https:\/\/taizyagromachine.com\/wp-content\/uploads\/2022\/01\/15tpd-rice-milling.jpg\" alt=\"Planta de molienda de arroz de 15 tpd\" class=\"wp-image-1756\"\/><figcaption>Planta de molienda de arroz de 15 tpd<\/figcaption><\/figure>    <figure class=\"wp-block-image size-large\"><img loading=\"lazy\" decoding=\"async\" width=\"720\" height=\"540\" data-id=\"1758\" src=\"https:\/\/taizyagromachine.com\/wp-content\/uploads\/2022\/01\/30tpd-rice-milling.jpg\" alt=\"Planta de molienda de arroz de 30 tpd\" class=\"wp-image-1758\"\/><figcaption>Planta de molienda de arroz de 30 tpd<\/figcaption><\/figure> <\/figure>","protected":false},"excerpt":{"rendered":"<p>20TPD rice milling plant\u00a0is processing the paddy rice into white rice, production of 20t per day. This is the basic type, including the feed hopper, elevator, destoner, rice huller, gravity separator, and rice miller. It\u2019s fully automatic rice milling plant, producing satisfied edible white rice. It\u2019s a basic production line for processing white rice, especially [&hellip;]<\/p>\n","protected":false},"author":1,"featured_media":2165,"parent":0,"template":"","tags":[49,35,56,37,57,48],"product-type":[18],"class_list":["post-1133","product","type-product","status-publish","has-post-thumbnail","hentry","tag-complete-rice-milling-plant","tag-rice-mill","tag-rice-mill-machine","tag-rice-mill-plant","tag-rice-milling-machine","tag-rice-milling-plant-for-sale","product-type-rice-mill"],"_links":{"self":[{"href":"https:\/\/taizyagromachine.com\/es\/wp-json\/wp\/v2\/product\/1133","targetHints":{"allow":["GET"]}}],"collection":[{"href":"https:\/\/taizyagromachine.com\/es\/wp-json\/wp\/v2\/product"}],"about":[{"href":"https:\/\/taizyagromachine.com\/es\/wp-json\/wp\/v2\/types\/product"}],"author":[{"embeddable":true,"href":"https:\/\/taizyagromachine.com\/es\/wp-json\/wp\/v2\/users\/1"}],"wp:featuredmedia":[{"embeddable":true,"href":"https:\/\/taizyagromachine.com\/es\/wp-json\/wp\/v2\/media\/2165"}],"wp:attachment":[{"href":"https:\/\/taizyagromachine.com\/es\/wp-json\/wp\/v2\/media?parent=1133"}],"wp:term":[{"taxonomy":"post_tag","embeddable":true,"href":"https:\/\/taizyagromachine.com\/es\/wp-json\/wp\/v2\/tags?post=1133"},{"taxonomy":"product-type","embeddable":true,"href":"https:\/\/taizyagromachine.com\/es\/wp-json\/wp\/v2\/product-type?post=1133"}],"curies":[{"name":"wp","href":"https:\/\/api.w.org\/{rel}","templated":true}]}}