{"id":1135,"date":"2021-12-02T03:26:04","date_gmt":"2021-12-02T03:26:04","guid":{"rendered":"https:\/\/taizyagromachine.com\/?p=1135"},"modified":"2022-11-22T10:32:14","modified_gmt":"2022-11-22T02:32:14","slug":"vegetable-seed-planter","status":"publish","type":"product","link":"https:\/\/taizyagromachine.com\/es\/product\/vegetable-seed-planter\/","title":{"rendered":"Sembradora de semillas de hortalizas"},"content":{"rendered":"<p class=\"translation-block\">El sembrador de semillas de hortalizas est\u00e1 dise\u00f1ado para sembrar diversas semillas de hortalizas. Sus aplicaciones cubren casi todo tipo de semillas de hortalizas, como semillas de remolacha, semillas de col rizada, semillas de br\u00f3coli, semillas de mostaza, etc. Este sembrador de semillas de hortalizas tiene una estructura muy simple, f\u00e1cil operaci\u00f3n y larga vida \u00fatil. Adem\u00e1s, es una m\u00e1quina de siembra de alta automatizaci\u00f3n. Pero una persona debe mantener la direcci\u00f3n. Seg\u00fan sus demandas, puede elegir las hileras que desee. Tambi\u00e9n podemos adaptar las hileras de la m\u00e1quina seg\u00fan su situaci\u00f3n real. Las hileras van de 1 a 12. Adem\u00e1s, al comprar una m\u00e1quina sembradora de hortalizas, puede seleccionar de forma flexible las hileras para plantar semillas de hortalizas. As\u00ed, puede obtener el espacio que desea. \u00a1Bienvenido a contactarnos para m\u00e1s detalles!<\/p>    <h2 class=\"wp-block-heading\" id=\"working-video-of-vegetable-seeder-machine\"><strong>Video de trabajo de la m\u00e1quina sembradora de semillas de hortalizas<\/strong>  <\/h2>    <figure class=\"wp-block-embed aligncenter is-type-video is-provider-youtube wp-block-embed-youtube\"><div class=\"wp-block-embed__wrapper\"> <iframe loading=\"lazy\" title=\"Jardinera de semillas de hortalizas\" width=\"500\" height=\"281\" src=\"https:\/\/www.youtube.com\/embed\/PG3LXZ-K9Bw?feature=oembed\" frameborder=\"0\" allow=\"accelerometer; autoplay; clipboard-write; encrypted-media; gyroscope; picture-in-picture; web-share\" referrerpolicy=\"strict-origin-when-cross-origin\" allowfullscreen><\/iframe> <\/div><\/figure>    <h2 class=\"wp-block-heading\" id=\"structure-of-vegetable-seeder-for-sale\"><strong>Estructura de la sembradora de semillas de hortalizas a la venta<\/strong><\/h2>    <p>El dise\u00f1o de esta m\u00e1quina sembradora de semillas de hortalizas es muy amigable para los cultivadores. En primer lugar, est\u00e1 disponible el motor de gasolina, que suministra energ\u00eda para plantar semillas de hortalizas. Adem\u00e1s, las personas s\u00f3lo necesitan sujetar el reposabrazos para controlar la direcci\u00f3n. Y luego, se fija la caja de herramientas a la m\u00e1quina. El rodillo funciona para nivelar el suelo.<\/p>   <div class=\"wp-block-image\"> <figure class=\"aligncenter size-full\"><img loading=\"lazy\" decoding=\"async\" width=\"720\" height=\"540\" src=\"https:\/\/taizyagromachine.com\/wp-content\/uploads\/2022\/01\/structure-of-vegetable-seed-planter.jpg\" alt=\"estructura de la sembradora de semillas de hortalizas\" class=\"wp-image-1711\"\/><figcaption class=\"wp-element-caption\">estructura de la sembradora de hortalizas<\/figcaption><\/figure> <\/div>   <h2 class=\"wp-block-heading\" id=\"advantages-of-vegetable-seeding-machine\"><strong>Ventajas de la sembradora de semillas de hortalizas a la venta<\/strong><\/h2>    <ul class=\"wp-block-list\" type=\"1\"> <li>Diferentes filas para plantar semillas de hortalizas. Las filas var\u00edan entre 1 y 12. Puedes sembrar semillas de acuerdo con la situaci\u00f3n de tu terreno.<\/li>    <li>Motor de gasolina. Este motor de gasolina suministra la energ\u00eda necesaria para la sembradora de semillas de hortalizas.<\/li>    <li>Amplias aplicaciones. La sembradora de hortalizas tiene una variedad de aplicaciones, como apio, amaranto, bok choi, r\u00facula, Yu choi, etc.<\/li>    <li>Un juego de discos de siembra para todo tipo de semillas de hortalizas. Este juego puede resolver todos sus problemas de siembra de semillas de hortalizas.<\/li>    <li>Operaci\u00f3n simple. S\u00f3lo una persona se encarga de la direcci\u00f3n y entonces la m\u00e1quina puede funcionar muy bien.<\/li>    <li>Siembra flexible. Puede elegir las cajas de siembra adecuadas dentro del espacio requerido para adaptar las necesidades de su terreno.<\/li> <\/ul>    <figure class=\"wp-block-gallery has-nested-images columns-default is-cropped wp-block-gallery-2 is-layout-flex wp-block-gallery-is-layout-flex\"> <figure class=\"wp-block-image size-large\"><img loading=\"lazy\" decoding=\"async\" width=\"1685\" height=\"1263\" data-id=\"1715\" src=\"https:\/\/taizyagromachine.com\/wp-content\/uploads\/2022\/01\/equipped-gasoline.jpg\" alt=\"Equipado con gasolina para sembradora de semillas de hortalizas.\" class=\"wp-image-1715\"\/><figcaption class=\"wp-element-caption\">equipado con gasolina<\/figcaption><\/figure>    <figure class=\"wp-block-image size-large\"><img loading=\"lazy\" decoding=\"async\" width=\"720\" height=\"540\" data-id=\"1716\" src=\"https:\/\/taizyagromachine.com\/wp-content\/uploads\/2022\/01\/seeding-disc.jpg\" alt=\"Disco de siembra de sembradora de semillas de hortalizas.\" class=\"wp-image-1716\"\/><figcaption class=\"wp-element-caption\">disco de siembra<\/figcaption><\/figure> <\/figure>    <h2 class=\"wp-block-heading\" id=\"wide-applications\"><strong>Amplias aplicaciones de las sembradoras manuales de semillas de hortalizas<\/strong><\/h2>    <p class=\"translation-block\">La sembradora de hortalizas de Taizy Company tiene una inmensa gama de aplicaciones. Las semillas de hortalizas son, por ejemplo, remolachas, col rizada, br\u00f3coli, mostaza, apio, amaranto, Bok choi, r\u00facula, Yu Choi, repollo de Taiw\u00e1n, espinacas, acelgas, cebolletas, puerros, cilantro, Kan Kong (ong Choi) (espinaca de agua), repollo Napa, zanahorias, r\u00e1banos (tipos Daikin y asi\u00e1ticos), nabos, etc. Todos los tipos de semillas de hortalizas son aplicables a esta m\u00e1quina sembradora de semillas de hortalizas. Si no est\u00e1 seguro, p\u00f3ngase en contacto con nosotros muy pronto, podemos ofrecerle soluciones profesionales.<\/p>   <div class=\"wp-block-image\"> <figure class=\"aligncenter size-full\"><img loading=\"lazy\" decoding=\"async\" width=\"2100\" height=\"500\" src=\"https:\/\/taizyagromachine.com\/wp-content\/uploads\/2022\/01\/wide-applications-of-vegetable-seeder.jpg\" alt=\"Amplias aplicaciones de sembradora de hortalizas.\" class=\"wp-image-1717\"\/><figcaption class=\"wp-element-caption\">Amplias aplicaciones de sembradora de hortalizas.<\/figcaption><\/figure> <\/div>   <h2 class=\"wp-block-heading\" id=\"differences-between-standard-configuration-and-high-configuration\"><strong>Diferencias entre la configuraci\u00f3n est\u00e1ndar y la configuraci\u00f3n alta: sembradora de semillas de hortalizas de empuje<\/strong><\/h2>    <p>La diferencia fundamental es la estructura de la sembradora manual de semillas de hortalizas.<\/p>    <p class=\"translation-block\">Configuraci\u00f3n est\u00e1ndar: dise\u00f1o de un solo eje. Todas las cajas de semillas est\u00e1n unidas por un eje roscado.<\/p>    <p class=\"translation-block\">Configuraci\u00f3n alta: la caja de semillas se instala en la posici\u00f3n fija, conveniente para desmontar.<\/p>    <p>Cuando desee reemplazar el disco de siembra para plantar diferentes semillas, para la configuraci\u00f3n est\u00e1ndar, deber\u00e1 sacar todo el eje, lo cual es m\u00e1s problem\u00e1tico.<\/p>    <figure class=\"wp-block-gallery has-nested-images columns-default is-cropped wp-block-gallery-3 is-layout-flex wp-block-gallery-is-layout-flex\"> <figure class=\"wp-block-image size-large\"><img loading=\"lazy\" decoding=\"async\" width=\"720\" height=\"540\" data-id=\"1718\" src=\"https:\/\/taizyagromachine.com\/wp-content\/uploads\/2022\/01\/standard-configuration.jpg\" alt=\"Configuraci\u00f3n est\u00e1ndar\" class=\"wp-image-1718\"\/><figcaption class=\"wp-element-caption\">Configuraci\u00f3n est\u00e1ndar<\/figcaption><\/figure>    <figure class=\"wp-block-image size-large\"><img loading=\"lazy\" decoding=\"async\" width=\"720\" height=\"540\" data-id=\"1719\" src=\"https:\/\/taizyagromachine.com\/wp-content\/uploads\/2022\/01\/high-configuration.jpg\" alt=\"alta configuraci\u00f3n\" class=\"wp-image-1719\"\/><figcaption class=\"wp-element-caption\">alta configuraci\u00f3n<\/figcaption><\/figure> <\/figure>    <h2 class=\"wp-block-heading\" id=\"package-and-shipping\"><strong>Paquete y env\u00edo de peque\u00f1as sembradoras de semillas de hortalizas comerciales.<\/strong><\/h2>    <p class=\"translation-block\">Esta m\u00e1quina sembradora de semillas de hortalizas tambi\u00e9n se exporta a pa\u00edses y regiones extranjeras. No solo esta m\u00e1quina, tambi\u00e9n exportamos la sembradora de semillas de ma\u00edz, sembradora de trigo, etc. Antes de la exportaci\u00f3n, empaquetamos la m\u00e1quina en cajas de madera. Durante el env\u00edo, la m\u00e1quina puede recibir protecci\u00f3n, evitando da\u00f1os por colisiones. &nbsp;<\/p>   <div class=\"wp-block-image\"> <figure class=\"aligncenter size-full\"><img loading=\"lazy\" decoding=\"async\" width=\"720\" height=\"540\" src=\"https:\/\/taizyagromachine.com\/wp-content\/uploads\/2022\/01\/packing-and-shipping-vegetable-seeder.jpg\" alt=\"embalaje y env\u00edo-sembradora de hortalizas\" class=\"wp-image-1721\"\/><figcaption class=\"wp-element-caption\">embalaje y env\u00edo-sembradora de hortalizas<\/figcaption><\/figure> <\/div>   <h2 class=\"wp-block-heading\"><strong>Par\u00e1metros t\u00e9cnicos de la sembradora en hileras de semillas de hortalizas<\/strong><\/h2>    <figure class=\"wp-block-table\"><table><tbody><tr><td>Modelo<\/td><td>SC-9<\/td><\/tr><tr><td>Filas<\/td><td>1-14<\/td><\/tr><tr><td>Semillas<\/td><td>espinacas, zanahoria, apio, etc.<\/td><\/tr><tr><td>Fuerza<\/td><td>Motor de gasolina<\/td><\/tr><tr><td>Tama\u00f1o de embalaje<\/td><td>116*126*87cm<\/td><\/tr><tr><td>Peso<\/td><td>160kg<\/td><\/tr><\/tbody><\/table><\/figure>","protected":false},"excerpt":{"rendered":"<p>Vegetable seed planter&nbsp;is designed for&nbsp;sowing various vegetable seeds. Its applications cover almost all kinds of vegetable seeds, such as beets seeds, kale seeds, broccoli seeds, mustard seeds, etc. This vegetable seed planter has very simple structure, easy operation, and long service life. Besides, it\u2019s a highly automatic sowing machine. But one person should hold the [&hellip;]<\/p>\n","protected":false},"author":1,"featured_media":2162,"parent":0,"template":"","tags":[],"product-type":[22],"class_list":["post-1135","product","type-product","status-publish","has-post-thumbnail","hentry","product-type-others"],"_links":{"self":[{"href":"https:\/\/taizyagromachine.com\/es\/wp-json\/wp\/v2\/product\/1135","targetHints":{"allow":["GET"]}}],"collection":[{"href":"https:\/\/taizyagromachine.com\/es\/wp-json\/wp\/v2\/product"}],"about":[{"href":"https:\/\/taizyagromachine.com\/es\/wp-json\/wp\/v2\/types\/product"}],"author":[{"embeddable":true,"href":"https:\/\/taizyagromachine.com\/es\/wp-json\/wp\/v2\/users\/1"}],"wp:featuredmedia":[{"embeddable":true,"href":"https:\/\/taizyagromachine.com\/es\/wp-json\/wp\/v2\/media\/2162"}],"wp:attachment":[{"href":"https:\/\/taizyagromachine.com\/es\/wp-json\/wp\/v2\/media?parent=1135"}],"wp:term":[{"taxonomy":"post_tag","embeddable":true,"href":"https:\/\/taizyagromachine.com\/es\/wp-json\/wp\/v2\/tags?post=1135"},{"taxonomy":"product-type","embeddable":true,"href":"https:\/\/taizyagromachine.com\/es\/wp-json\/wp\/v2\/product-type?post=1135"}],"curies":[{"name":"wp","href":"https:\/\/api.w.org\/{rel}","templated":true}]}}