{"id":1137,"date":"2021-12-02T01:28:02","date_gmt":"2021-12-02T01:28:02","guid":{"rendered":"https:\/\/taizyagromachine.com\/?p=1137"},"modified":"2025-01-02T13:56:04","modified_gmt":"2025-01-02T05:56:04","slug":"wheat-planter","status":"publish","type":"product","link":"https:\/\/taizyagromachine.com\/es\/product\/wheat-planter\/","title":{"rendered":"Plantador de trigo"},"content":{"rendered":"<p class=\"translation-block\"><strong>Sembradora de trigo<\/strong> es una sembradora especialmente dise\u00f1ada para la siembra de <a href=\"https:\/\/en.wikipedia.org\/wiki\/Wheat\" target=\"_blank\" rel=\"noreferrer noopener\">trigo<\/a>. Esta sembradora de trigo puede sembrar y fertilizar simult\u00e1neamente. Por supuesto, puede elegir solo sembrar. Depende de usted. Adem\u00e1s, es adecuada para sembrar trigo, alfalfa, grano, cebada, arroz seco, s\u00e9samo, etc. El tama\u00f1o de la m\u00e1quina var\u00eda junto con la sembradora de trigo de diferentes filas. Debe funcionar con el tractor para completar autom\u00e1ticamente el trabajo de siembra de trigo. Pero como es bien sabido, esta m\u00e1quina se utiliza en el campo preparado. Si tiene alguna duda, \u00a1p\u00f3ngase en contacto con nosotros lo antes posible para obtener m\u00e1s detalles!<\/p>    <h2 class=\"wp-block-heading\" id=\"h-wheat-planter-for-sale\"><strong>Sembradora de trigo en venta<\/strong><strong><\/strong><\/h2>    <p class=\"translation-block\">En <a href=\"https:\/\/taizyagromachine.com\/es\/\" target=\"_blank\" rel=\"noreferrer noopener\">Taizy Machine Company<\/a>, suministramos varios tipos de sembradoras de trigo en venta. Esta serie de m\u00e1quinas 2BXF son modelos nuevos, que instalan una caja de cambios para ajustar la cantidad de descarga. Los tipos principales se describen a continuaci\u00f3n:<\/p>    <h3 class=\"wp-block-heading\" id=\"h-type-a\"><strong>Sembradora de trigo 2BFX-9 (9 hileras) a la venta<\/strong><\/h3>    <p>Este tipo de sembradora tiene 9 hileras para sembrar trigo. Adapta el enganche de 3 puntas y se adapta al tractor peque\u00f1o. Durante la operaci\u00f3n, puede nivelar el campo, surcar y cubrir el suelo, etc.<\/p>   <div class=\"wp-block-image\"> <figure class=\"aligncenter size-full\"><img loading=\"lazy\" decoding=\"async\" width=\"720\" height=\"540\" src=\"https:\/\/taizyagromachine.com\/wp-content\/uploads\/2021\/12\/9-row-wheat-planting-machine.jpg\" alt=\"sembradora de trigo de 9 hileras\" class=\"wp-image-1731\"\/><figcaption class=\"wp-element-caption\">sembradora de trigo de 9 hileras<\/figcaption><\/figure> <\/div>   <h3 class=\"wp-block-heading\" id=\"h-type-b\"><strong> M\u00e1quina sembradora de trigo 2BFX-12 (12 hileras) a la venta<\/strong><\/h3>    <p>La m\u00e1quina sembradora de trigo tiene 12 hileras para trabajar. Se pueden completar todas las tareas, incluida nivelaci\u00f3n, apertura del suelo, fertilizaci\u00f3n, siembra, cobertura y prensado. En comparaci\u00f3n con el 2BXF-9, este tiene una mayor eficiencia de trabajo.<\/p>   <div class=\"wp-block-image\"> <figure class=\"aligncenter size-full\"><img loading=\"lazy\" decoding=\"async\" width=\"720\" height=\"540\" src=\"https:\/\/taizyagromachine.com\/wp-content\/uploads\/2022\/01\/12-row-wheat-seeder.jpg\" alt=\"Sembradora-de-trigo-12-hileras\" class=\"wp-image-1732\"\/><figcaption class=\"wp-element-caption\">Sembradora de trigo de 12 hileras<\/figcaption><\/figure> <\/div>   <h3 class=\"wp-block-heading\" id=\"h-type-c\"><strong>Sembradora de trigo 2BFX-20 (20 hileras) a la venta<\/strong><\/h3>    <p>Esta sembradora de trigo dispone de 20 hileras para realizar las labores de siembra. Puede colaborar con el tractor correspondiente, mejorando enormemente la eficiencia del cultivo.<\/p>   <div class=\"wp-block-image\"> <figure class=\"aligncenter size-full\"><img loading=\"lazy\" decoding=\"async\" width=\"720\" height=\"540\" src=\"https:\/\/taizyagromachine.com\/wp-content\/uploads\/2022\/01\/20-row-wheat-seeder.jpg\" alt=\"M\u00e1quina sembradora de trigo de 20 hileras\" class=\"wp-image-1734\"\/><figcaption class=\"wp-element-caption\">Sembradora de trigo de 20 hileras<\/figcaption><\/figure> <\/div>   <h2 class=\"wp-block-heading\" id=\"h-advantages-of-wheat-planter-machine\"><strong>Ventajas de la m\u00e1quina sembradora de trigo<\/strong><strong><\/strong><\/h2>    <ul class=\"wp-block-list\" type=\"1\"> <li>M\u00e1s preciso en la tasa de siembra. Gracias al nuevo modelo aplicado, la m\u00e1quina puede sembrar trigo con mayor precisi\u00f3n.<\/li>    <li>Las nuevas tolvas de abono est\u00e1n fabricadas en acero inoxidable. Por lo tanto, su uso es m\u00e1s duradero y confiable.<\/li>    <li>La sembradora de trigo se aplica a peque\u00f1os productos granulados, como trigo, arroz, alfalfa, cebada, pasto, arroz seco, pasto, etc.<\/li>    <li>Esta m\u00e1quina se puede fabricar con hileras de 6, 9, 12, 14, 16, 20.<\/li>    <li>Adopta una conexi\u00f3n de suspensi\u00f3n con el tractor y un varillaje de 3 puntos.<\/li>    <li>Esta m\u00e1quina siembra y fertiliza en el mismo surco.<\/li> <\/ul>    <h2 class=\"wp-block-heading\" id=\"h-machine-details\"><strong>Detalles de la m\u00e1quina sembradora de trigo Taizy<\/strong><\/h2>    <p>Como muestra la foto de abajo, la primera parte muestra que el suelo est\u00e1 cubierto despu\u00e9s de la siembra. Otro muestra que podemos ver claramente al sembrar.<\/p>   <div class=\"wp-block-image\"> <figure class=\"aligncenter size-full\"><img loading=\"lazy\" decoding=\"async\" width=\"720\" height=\"720\" src=\"https:\/\/taizyagromachine.com\/wp-content\/uploads\/2022\/01\/wheat-machine-details.jpg\" alt=\"detalles de la m\u00e1quina de trigo\" class=\"wp-image-1736\"\/><figcaption class=\"wp-element-caption\">detalles de la m\u00e1quina de trigo<\/figcaption><\/figure> <\/div>   <h2 class=\"wp-block-heading\" id=\"h-questions-you-will-ask\"><strong>Preguntas que har\u00e1 al elegir una sembradora de trigo <\/strong><\/h2>    <h3 class=\"wp-block-heading\" id=\"h-tractor-horsepower\"><strong>caballos de fuerza del tractor<\/strong><\/h3>    <p>Debido a las diferentes sembradoras de trigo, debe coincidir con el tractor correspondiente. Por ejemplo, la sembradora de trigo de 9 hileras funciona con el tractor peque\u00f1o, mientras que la de 20 hileras necesita un tractor m\u00e1s potente.<\/p>    <h3 class=\"wp-block-heading\" id=\"h-planting-rows\"><strong>Plantar hileras<\/strong><\/h3>    <p>Cuando se determinan las hileras de siembra, se pueden decidir los tipos de sembradora de trigo. Est\u00e1n disponibles filas de 6, 9, 12, 14, 16 y 20.<\/p>    <h3 class=\"wp-block-heading\" id=\"h-fertilizing-and-sowing-quantity\"><strong>Cantidad de fertilizaci\u00f3n y siembra.<\/strong><\/h3>    <p>Esto est\u00e1 estrechamente relacionado con la m\u00e1quina que tiene fertilizantes y cajas de semillas. Cuando utilice esta m\u00e1quina, tenga cuidado de que la cantidad de fertilizante coincida con la cantidad de siembra. Tienen una cierta proporci\u00f3n. Si est\u00e1 confundido, \u00a1cont\u00e1ctenos para obtener ayuda!<\/p>    <h2 class=\"wp-block-heading\" id=\"h-maintenance-of-wheat-seed-drill\"><strong>Mantenimiento de la sembradora de trigo<\/strong><strong><\/strong><\/h2>    <ol class=\"wp-block-list\" type=\"1\"> <li>Cuando la m\u00e1quina circula por la carretera a alta velocidad, el elevador del tractor debe estar bloqueado y est\u00e1 estrictamente prohibido tirar de la m\u00e1quina para conducir.<\/li>    <li>Verifique los sujetadores y conectores antes de plantar y apri\u00e9telos a tiempo si est\u00e1n flojos.<\/li>    <li>Durante la operaci\u00f3n, el operador debe seguir estrictamente las reglas de operaci\u00f3n segura para reducir el desgaste innecesario de las m\u00e1quinas herramienta.<\/li>    <li>Despu\u00e9s de cada turno, retire la tierra de todas las partes de la m\u00e1quina.<\/li>    <li>Despu\u00e9s del uso trimestral, limpie y mantenga a tiempo. Limpiar el fertilizante, revisar cada pieza, luego agregar aceite anticorrosi\u00f3n y finalmente almacenar en el almac\u00e9n. &nbsp;<\/li> <\/ol>    <h2 class=\"wp-block-heading\" id=\"h-related-machines\"><strong>M\u00e1quinas relacionadas<\/strong><strong><\/strong><\/h2>    <p class=\"translation-block\">Como empresa profesional de maquinaria agr\u00edcola, no solo ofrecemos sembradoras de trigo de varias filas, sino que tambi\u00e9n suministramos sembradoras de ma\u00edz y <a href=\"https:\/\/taizyagromachine.com\/es\/others\/vegetable-seed-planter\/\" target=\"_blank\" rel=\"noreferrer noopener\">sembradoras de hortalizas<\/a>. Si tiene inter\u00e9s, bienvenido a contactarnos en cualquier momento.<\/p>    <figure class=\"wp-block-gallery aligncenter has-nested-images columns-default is-cropped wp-block-gallery-2 is-layout-flex wp-block-gallery-is-layout-flex\"> <figure class=\"wp-block-image size-large\"><img loading=\"lazy\" decoding=\"async\" width=\"720\" height=\"540\" data-id=\"1739\" src=\"https:\/\/taizyagromachine.com\/wp-content\/uploads\/2021\/12\/6-row-wheat-seeding-machine.jpg\" alt=\"Sembradora de trigo de 6 hileras\" class=\"wp-image-1739\"\/><figcaption class=\"wp-element-caption\">Sembradora de trigo de 6 hileras<\/figcaption><\/figure>    <figure class=\"wp-block-image size-large\"><img loading=\"lazy\" decoding=\"async\" width=\"720\" height=\"540\" data-id=\"1740\" src=\"https:\/\/taizyagromachine.com\/wp-content\/uploads\/2022\/01\/16-row-wheat-seeding-machine.jpg\" alt=\"Sembradora de trigo de 16 hileras\" class=\"wp-image-1740\"\/><figcaption class=\"wp-element-caption\">Sembradora de trigo de 16 hileras<\/figcaption><\/figure> <\/figure>","protected":false},"excerpt":{"rendered":"<p>Wheat planter&nbsp;is a seed drill specially for wheat sowing. This wheat seed drill can simultaneously seed and fertilize. Of course, you can choose only seeding. It depends on you. Besides, it is suitable for sowing wheat, alfalfa, grain, barley, dry-rice, sesame, etc. The machine size varies along with the wheat sowing machine of different rows. [&hellip;]<\/p>\n","protected":false},"author":1,"featured_media":2145,"parent":0,"template":"","tags":[],"product-type":[20],"class_list":["post-1137","product","type-product","status-publish","has-post-thumbnail","hentry","product-type-rice-and-wheat-machine"],"_links":{"self":[{"href":"https:\/\/taizyagromachine.com\/es\/wp-json\/wp\/v2\/product\/1137","targetHints":{"allow":["GET"]}}],"collection":[{"href":"https:\/\/taizyagromachine.com\/es\/wp-json\/wp\/v2\/product"}],"about":[{"href":"https:\/\/taizyagromachine.com\/es\/wp-json\/wp\/v2\/types\/product"}],"author":[{"embeddable":true,"href":"https:\/\/taizyagromachine.com\/es\/wp-json\/wp\/v2\/users\/1"}],"wp:featuredmedia":[{"embeddable":true,"href":"https:\/\/taizyagromachine.com\/es\/wp-json\/wp\/v2\/media\/2145"}],"wp:attachment":[{"href":"https:\/\/taizyagromachine.com\/es\/wp-json\/wp\/v2\/media?parent=1137"}],"wp:term":[{"taxonomy":"post_tag","embeddable":true,"href":"https:\/\/taizyagromachine.com\/es\/wp-json\/wp\/v2\/tags?post=1137"},{"taxonomy":"product-type","embeddable":true,"href":"https:\/\/taizyagromachine.com\/es\/wp-json\/wp\/v2\/product-type?post=1137"}],"curies":[{"name":"wp","href":"https:\/\/api.w.org\/{rel}","templated":true}]}}