{"id":1217,"date":"2021-12-04T01:18:15","date_gmt":"2021-12-04T01:18:15","guid":{"rendered":"https:\/\/taizyagromachine.com\/?p=1217"},"modified":"2022-09-29T13:59:15","modified_gmt":"2022-09-29T05:59:15","slug":"15tpd-rice-mill-plant-with-package","status":"publish","type":"product","link":"https:\/\/taizyagromachine.com\/es\/product\/15tpd-rice-mill-plant-with-package\/","title":{"rendered":"Planta de molino de arroz 15TPD con paquete"},"content":{"rendered":"<p class=\"translation-block\">La planta de molino de arroz de 15TPD con paquete integra deschinadora, descascarilladora de arroz, separador de arroz paddy, primer molino de arroz, segundo molino de arroz, clasificador de arroz blanco y empaquetado. De este proceso, se observa claramente que el arroz paddy se muele dos veces. Por lo tanto, puede obtener arroz de alta calidad. Adem\u00e1s, es una l\u00ednea de producci\u00f3n completa de molino de arroz, que ahorra mano de obra y tiempo. Adem\u00e1s, tiene una alta eficiencia de trabajo. Para esta planta de m\u00e1quina de molino de arroz, su capacidad es de 15 t por d\u00eda, 600-700 kg por hora. Puede satisfacer los requisitos de su negocio. \u00a1Bienvenido a contactarnos, le responderemos muy pronto!<\/p>    <h2 class=\"wp-block-heading\" id=\"h-structure-of-automatic-rice-mill-machine-for-sale\"><strong>Estructura de la planta autom\u00e1tica de molino de arroz con paquete<\/strong><\/h2>    <p class=\"translation-block\">La planta de molino de arroz de 15TPD consta de deschinadora, descascarilladora de arroz, separador de arroz paddy, primer molino de arroz, segundo molino de arroz, clasificador de arroz blanco, m\u00e1quina de empaquetado.<\/p>   <div class=\"wp-block-image\"> <figure class=\"aligncenter size-full\"><img loading=\"lazy\" decoding=\"async\" width=\"720\" height=\"540\" src=\"https:\/\/taizyagromachine.com\/wp-content\/uploads\/2022\/01\/structure-15tpd-with-package.jpg\" alt=\"estructura\" class=\"wp-image-1775\"\/><figcaption>estructura<\/figcaption><\/figure> <\/div>   <h2 class=\"wp-block-heading\" id=\"h-which-place-is-applicable\"><strong>\u00bfQu\u00e9 lugar es aplicable para la planta de molino de arroz con paquete?<\/strong><\/h2>    <ol class=\"wp-block-list\" type=\"1\"><li>Estaci\u00f3n de distribuci\u00f3n de arroz<\/li><li>Granjas<\/li><li>F\u00e1brica de arroz<\/li><li>Aut\u00f3nomos<\/li><\/ol>    <h2 class=\"wp-block-heading\" id=\"h-advantages-of-15t-integrated-rice-mill-plant\"><strong>Ventajas de la planta de molino de arroz integrada de 15t con paquete<\/strong><\/h2>    <ul class=\"wp-block-list\" type=\"1\"><li>Estructura compacta, apariencia atractiva, tama\u00f1o adecuado.<\/li><li>S\u00faper calidad, rendimiento estable, bajo mantenimiento.<\/li><li>F\u00e1cil operaci\u00f3n, alto grado de automatizaci\u00f3n.<\/li><li>Alto rendimiento, sin contaminaci\u00f3n.<\/li><li>Alta velocidad de rotura de c\u00e1scaras, baja vibraci\u00f3n de toda la m\u00e1quina, r\u00e1pida producci\u00f3n de arroz.<\/li><\/ul>    <h2 class=\"wp-block-heading\" id=\"h-work-flow\"><strong>Flujo de trabajo de la planta de molino de arroz con paquete <\/strong><\/h2>    <p>Esta planta de molino de arroz de 15TPD con paquete funciona de la siguiente manera:<\/p>    <ol class=\"wp-block-list\" type=\"1\"><li>Introduzca el arroz con c\u00e1scara en la tolva;<\/li><li>Luego, el arroz con c\u00e1scara llega a la deshuesadora. El soplador expulsa las impurezas ligeras. A trav\u00e9s de la pantalla, las piedras entre el arroz con c\u00e1scara salen al exterior.<\/li><li>Y luego, el arroz con c\u00e1scara llega a la descascaradora de arroz a trav\u00e9s del elevador doble. La descascaradora de arroz funciona para quitar la c\u00e1scara del arroz con c\u00e1scara.<\/li><li>El arroz con c\u00e1scara descascarillado llega al separador de arroz con c\u00e1scara. Dividir en tres tipos: arroz integral, arroz integral y arroz con c\u00e1scara y arroz con c\u00e1scara. El arroz integral llega directamente al molino de arroz. Mientras que el arroz integral y el arroz con c\u00e1scara regresan al separador a trav\u00e9s del doble elevador. Por \u00faltimo, el arroz con c\u00e1scara va directamente a la descascaradora de arroz.<\/li><li>El molino de arroz muele el arroz integral hasta convertirlo en arroz blanco. Adem\u00e1s, es el primer molino de arroz.<\/li><li>Luego comienza el segundo molino de arroz, para pulir el arroz y obtener arroz blanco de alta calidad.<\/li><li>La clasificadora de arroz blanco sirve para clasificar el arroz blanco entero y el arroz blanco partido.<\/li><li>Finalmente, la m\u00e1quina envasadora envasa el arroz blanco entero en bolsas de entre 5 kg y 50 kg.<\/li><\/ol>   <div class=\"wp-block-image\"> <figure class=\"aligncenter size-full\"><img loading=\"lazy\" decoding=\"async\" width=\"720\" height=\"320\" src=\"https:\/\/taizyagromachine.com\/wp-content\/uploads\/2022\/01\/working-scene-15tpd.jpg\" alt=\"escena de trabajo\" class=\"wp-image-1777\"\/><figcaption>escena de trabajo<\/figcaption><\/figure> <\/div>   <h2 class=\"wp-block-heading\" id=\"h-services-you-will-enjoy\"><strong>Servicios que disfrutar\u00e1s<\/strong><strong><\/strong><\/h2>    <ol class=\"wp-block-list\" type=\"1\"><li>Soporte de conocimientos profesionales.<\/li><li>Soporte t\u00e9cnico oportuno.<\/li><li>Servicio postventa.<\/li><li>V\u00eddeo y orientaci\u00f3n en l\u00ednea.<\/li><li>Personalizaci\u00f3n. Seg\u00fan sus negocios, ofrecemos las soluciones m\u00e1s adecuadas.<\/li><\/ol>    <h2 class=\"wp-block-heading\" id=\"h-why-choose-us\"><strong>\u00bfPor qu\u00e9 elegirnos?<\/strong><strong><\/strong><\/h2>    <p class=\"translation-block\">En Taizy Company, no solo suministramos la planta de molino de arroz de 15tpd con el paquete, sino tambi\u00e9n otros tipos de plantas de molino de arroz. Como planta de molino de arroz de 20TPD, l\u00ednea de producci\u00f3n de planta de molino de arroz de 18t, etc. En comparaci\u00f3n con otros fabricantes y proveedores, tenemos fortalezas \u00fanicas en comparaci\u00f3n con otros fabricantes y proveedores.<\/p>    <ol class=\"wp-block-list\" type=\"1\"><li>Rica experiencia. Llevamos m\u00e1s de d\u00e9cadas inmersos en la maquinaria agr\u00edcola.<\/li><li>Varios tipos de molinos de arroz. Adem\u00e1s, contamos con plantas de molienda de arroz con diferentes capacidades.<\/li><li>Exportado a m\u00e1s de 80 pa\u00edses y regiones. Nuestras m\u00e1quinas han llegado a Nigeria, Burkina Faso, Vietnam, Malasia, Kenia, Brasil, Madagascar, Per\u00fa, etc.<\/li><\/ol>   <div class=\"wp-block-image\"> <figure class=\"aligncenter size-full\"><img loading=\"lazy\" decoding=\"async\" width=\"720\" height=\"400\" src=\"https:\/\/taizyagromachine.com\/wp-content\/uploads\/2022\/01\/factory-display.jpg\" alt=\"pantalla de f\u00e1brica\" class=\"wp-image-1778\"\/><figcaption>pantalla de f\u00e1brica<\/figcaption><\/figure> <\/div>","protected":false},"excerpt":{"rendered":"<p>15TPD rice mill plant with package\u00a0integrates destoning, rice hulling, paddy rice separating, first rice milling, second rice milling, white rice grading, and packaging. From this process, it\u2019s clearly found that the paddy rice is milled twice. So, you can get high-quality rice. Besides, it\u2019s a complete rice milling production line, saving labor and time. Moreover, [&hellip;]<\/p>\n","protected":false},"author":1,"featured_media":1774,"parent":0,"template":"","tags":[51,50,52,35,37,38],"product-type":[18],"class_list":["post-1217","product","type-product","status-publish","has-post-thumbnail","hentry","tag-automatic-rice-mill-machine-for-sale","tag-integrated-rice-mill-plant","tag-package-machine","tag-rice-mill","tag-rice-mill-plant","tag-rice-mill-production-line","product-type-rice-mill"],"_links":{"self":[{"href":"https:\/\/taizyagromachine.com\/es\/wp-json\/wp\/v2\/product\/1217","targetHints":{"allow":["GET"]}}],"collection":[{"href":"https:\/\/taizyagromachine.com\/es\/wp-json\/wp\/v2\/product"}],"about":[{"href":"https:\/\/taizyagromachine.com\/es\/wp-json\/wp\/v2\/types\/product"}],"author":[{"embeddable":true,"href":"https:\/\/taizyagromachine.com\/es\/wp-json\/wp\/v2\/users\/1"}],"wp:featuredmedia":[{"embeddable":true,"href":"https:\/\/taizyagromachine.com\/es\/wp-json\/wp\/v2\/media\/1774"}],"wp:attachment":[{"href":"https:\/\/taizyagromachine.com\/es\/wp-json\/wp\/v2\/media?parent=1217"}],"wp:term":[{"taxonomy":"post_tag","embeddable":true,"href":"https:\/\/taizyagromachine.com\/es\/wp-json\/wp\/v2\/tags?post=1217"},{"taxonomy":"product-type","embeddable":true,"href":"https:\/\/taizyagromachine.com\/es\/wp-json\/wp\/v2\/product-type?post=1217"}],"curies":[{"name":"wp","href":"https:\/\/api.w.org\/{rel}","templated":true}]}}