{"id":1274,"date":"2021-12-04T07:34:00","date_gmt":"2021-12-04T07:34:00","guid":{"rendered":"https:\/\/taizyagromachine.com\/?p=1274"},"modified":"2022-12-16T18:00:22","modified_gmt":"2022-12-16T10:00:22","slug":"3-cylinder-hydraulic-silage-baler","status":"publish","type":"product","link":"https:\/\/taizyagromachine.com\/es\/product\/3-cylinder-hydraulic-silage-baler\/","title":{"rendered":"Empacadora de ensilaje hidr\u00e1ulica de 3 cilindros"},"content":{"rendered":"<p class=\"translation-block\"><strong>Prensa de pacas hidr\u00e1ulica de 3 cilindros<\/strong> funciona para compactar, agrupar y empaquetar paja de heno en formas cuadradas. Como su nombre indica, tiene 3 cilindros hidr\u00e1ulicos para llevar a cabo los trabajos de embalaje. Pero para el suministro de energ\u00eda, esta prensa hidr\u00e1ulica de pacas solo utiliza un motor el\u00e9ctrico. Adem\u00e1s, la potencia del motor el\u00e9ctrico es de 22 kW. Tambi\u00e9n, el tama\u00f1o de la paca es el mismo que el de la <a href=\"https:\/\/silagebaler.com\/double-cylinder-hydraulic-silage-baler\/\" target=\"_blank\" rel=\"noreferrer noopener\">prensa hidr\u00e1ulica de doble cilindro<\/a>, 700*400*300mm. <\/p>    <p class=\"translation-block\">Adem\u00e1s, los clientes siempre utilizan bolsas de PE&amp;PP para empaquetar las pajas prensadas. Eso se debe a que puede conservarse por m\u00e1s tiempo. Esta <a href=\"https:\/\/taizyagromachine.com\/es\/silage-machine\/silage-baler-50-type\/\" target=\"_blank\" rel=\"noreferrer noopener\">m\u00e1quina de prensado de silo<\/a> es un buen compa\u00f1ero para aquellos que manejan granjas, plantas de forraje, as\u00ed como pastizales, etc. \u00a1Esperamos su consulta!<\/p>    <h2 class=\"wp-block-heading\" id=\"h-structure-of-3-cylinder-hydraulic-baler-for-sale\"><strong>Estructura de empacadora hidr\u00e1ulica de 3 cilindros a la venta<\/strong><\/h2>    <p>Como fabricante y proveedor profesional de m\u00e1quinas ensiladoras, fabricamos la m\u00e1quina empacadora de heno de 3 cilindros con un excelente dise\u00f1o y apariencia atractiva. Tiene motor, gabinete de control, tanque de aceite, entrada y salida. En realidad, la estructura es muy f\u00e1cil de entender, el punto clave es tener claro cada funci\u00f3n de las piezas al utilizar la empacadora de ensilado hidr\u00e1ulica.<\/p>   <div class=\"wp-block-image\"> <figure class=\"aligncenter size-full\"><img loading=\"lazy\" decoding=\"async\" width=\"720\" height=\"540\" src=\"https:\/\/taizyagromachine.com\/wp-content\/uploads\/2022\/01\/structure-3-cylinder-hydraulic-baler.jpg\" alt=\"estructura-empacadora-hidr\u00e1ulica-de-3-cilindros\" class=\"wp-image-1697\"\/><figcaption class=\"wp-element-caption\">Empacadora hidr\u00e1ulica de estructura de 3 cilindros.<\/figcaption><\/figure> <\/div>  <div class=\"wp-block-image\"> <figure class=\"aligncenter size-full\"><img loading=\"lazy\" decoding=\"async\" width=\"720\" height=\"540\" src=\"https:\/\/taizyagromachine.com\/wp-content\/uploads\/2022\/01\/structure-3-cylinder-hydraulic-baling-machine.jpg\" alt=\"estructura-empacadora-hidr\u00e1ulica-de-3-cilindros\" class=\"wp-image-1698\"\/><figcaption class=\"wp-element-caption\">M\u00e1quina empacadora hidr\u00e1ulica de estructura de 3 cilindros<\/figcaption><\/figure> <\/div>   <h2 class=\"wp-block-heading\" id=\"h-advantages-of-hydraulic-hay-baler\"><strong>Ventajas de la empacadora de heno hidr\u00e1ulica<\/strong><strong><\/strong><\/h2>    <ul class=\"wp-block-list\" type=\"1\"> <li>Amplias aplicaciones. Esta empacadora de ensilado hidr\u00e1ulica de 3 cilindros puede empacar casi cualquier tipo de paja, como paja de ma\u00edz, ensilaje, tallos de ma\u00edz, heno, pasto, sorgo, paja de trigo, etc.\u00a0<\/li>    <li>Alta eficiencia en el trabajo. Porque puede empacar entre 120 y 180 paquetes por hora.<\/li>    <li>Completamente automatico. Esta m\u00e1quina empacadora con prensa hidr\u00e1ulica completa autom\u00e1ticamente la compactaci\u00f3n, el empaquetado y el empacado en un solo proceso.<\/li>    <li>Material duradero. Adopta acero al carbono, resistente al desgaste.<\/li>    <li>Largo per\u00edodo de almacenamiento. Naturalmente, puede durar 3 a\u00f1os.<\/li> <\/ul>    <h2 class=\"wp-block-heading\" id=\"h-materials-to-be-baled\"><strong>Materiales que se van a empacar con una empacadora de ensilaje<\/strong><\/h2>    <p>Generalmente, esta empacadora de ensilado hidr\u00e1ulica de 3 cilindros puede procesar paja, heno, tallos de ma\u00edz, sorgo, as\u00ed como paja de trigo, etc. Por supuesto, lo anterior est\u00e1 incluido pero no limitado a. Si tienes dudas sobre algunos materiales que no conoc\u00edas antes, \u00a1puedes contactarnos para clasificaciones!<\/p>   <div class=\"wp-block-image\"> <figure class=\"aligncenter size-full\"><img loading=\"lazy\" decoding=\"async\" width=\"720\" height=\"540\" src=\"https:\/\/taizyagromachine.com\/wp-content\/uploads\/2022\/01\/materials.jpg\" alt=\"materiales embalados\" class=\"wp-image-1700\"\/><figcaption class=\"wp-element-caption\">materiales embalados<\/figcaption><\/figure> <\/div>   <h2 class=\"wp-block-heading\" id=\"h-applicable-animals\"><strong>Raza de animales aplicables por ensilaje <\/strong><\/h2>    <p>Esta empacadora de ensilaje hidr\u00e1ulica de 3 cilindros se utiliza principalmente para el almacenamiento de ensilaje, cuya finalidad es alimentar a diversos animales y puede ayudar a las principales explotaciones ganaderas. En general, estos ensilajes se pueden utilizar para la alimentaci\u00f3n de ganado vacuno, equino, ovino, conejos, etc. Se puede utilizar ensilaje siempre que los animales sean herb\u00edvoros.<\/p>   <div class=\"wp-block-image\"> <figure class=\"aligncenter size-full\"><img loading=\"lazy\" decoding=\"async\" width=\"720\" height=\"540\" src=\"https:\/\/taizyagromachine.com\/wp-content\/uploads\/2022\/01\/application-range.jpg\" alt=\"animales aplicables\" class=\"wp-image-1702\"\/><figcaption class=\"wp-element-caption\">animales aplicables<\/figcaption><\/figure> <\/div>   <h2 class=\"wp-block-heading\" id=\"h-finished-products\"><strong>Productos terminados mediante empacadora de ensilado hidr\u00e1ulica de 3 cilindros<\/strong><\/h2>    <p>Esta m\u00e1quina empacadora de ensilado hidr\u00e1ulica de 3 cilindros puede empacar el ensilaje en formas cuadradas. Los productos terminados normalmente se almacenan en bolsas de PE\/PP. El objetivo principal del uso de estas bolsas para el envasado de ensilaje es proteger el ensilado de la humedad y el moho. Adem\u00e1s, este tipo de fardos permiten el almacenamiento a largo plazo del ensilaje, de acuerdo con la intenci\u00f3n original del agricultor de almacenarlo.<\/p>   <div class=\"wp-block-image\"> <figure class=\"aligncenter size-full\"><img loading=\"lazy\" decoding=\"async\" width=\"638\" height=\"478\" src=\"https:\/\/taizyagromachine.com\/wp-content\/uploads\/2022\/01\/finished-products-3-cylinder.jpg\" alt=\"productos terminados\" class=\"wp-image-1703\"\/><figcaption class=\"wp-element-caption\">productos terminados<\/figcaption><\/figure> <\/div>   <h2 class=\"wp-block-heading\" id=\"h-necessary-equipment\"><strong>Equipo necesario para la empacadora de ensilado hidr\u00e1ulica de 3 cilindros <\/strong><\/h2>    <p class=\"translation-block\">Si compras la prensa hidr\u00e1ulica de <a href=\"https:\/\/taizyagromachine.com\/es\/\" target=\"_blank\" rel=\"noreferrer noopener\">Taizy Company<\/a>, desde nuestro punto de vista profesional, te recomendamos que tambi\u00e9n compres la trituradora y la cinta transportadora. Eso se debe a que:<\/p>    <ol class=\"wp-block-list\" type=\"1\"> <li>Esta empacadora hidr\u00e1ulica de 3 cilindros es tan alta que a los trabajadores les resulta muy dif\u00edcil colocar pasto.<\/li>    <li>La prensa empacadora hidr\u00e1ulica tambi\u00e9n tiene un rendimiento muy alto. Por lo tanto, es dif\u00edcil satisfacer sus necesidades \u00fanicamente con alimentaci\u00f3n manual.<\/li> <\/ol>   <div class=\"wp-block-image\"> <figure class=\"aligncenter size-full\"><img loading=\"lazy\" decoding=\"async\" width=\"720\" height=\"540\" src=\"https:\/\/taizyagromachine.com\/wp-content\/uploads\/2022\/01\/crusher-and-conveyor.jpg\" alt=\"trituradora y transportadora\" class=\"wp-image-1705\"\/><figcaption class=\"wp-element-caption\">trituradora y transportadora<\/figcaption><\/figure> <\/div>   <h2 class=\"wp-block-heading\" id=\"h-similarities-differences-of-hydraulic-press-baler\"><strong>Similitudes y diferencias de la empacadora de ensilado hidr\u00e1ulica<\/strong><\/h2>    <p>En t\u00e9rminos generales, en nuestra empresa Taizy, la empacadora de ensilado hidr\u00e1ulica tiene 2 y 3 cilindros. Comparados estos, hay algunas similitudes y diferencias. Pasemos a ser claros con estos.<\/p>    <h3 class=\"wp-block-heading\" id=\"h-similarities\"><strong>Similitudes de la empacadora de heno hidr\u00e1ulica<\/strong><\/h3>    <ol class=\"wp-block-list\" type=\"1\"> <li>Forma de bala. Ambos se empaquetan en formas cuadradas.<\/li>    <li>Tama\u00f1o de paca. El tama\u00f1o tambi\u00e9n es el mismo, 700*400*300 mm.<\/li> <\/ol>    <h3 class=\"wp-block-heading\" id=\"h-differences\"><strong>Diferencias de 2\/3 cilindros hidr\u00e1ulicos <strong>Ensilaje<\/strong> Embaladora<\/strong><\/h3>    <ol class=\"wp-block-list\" type=\"1\"> <li>Fuerza. La prensa empacadora hidr\u00e1ulica de ensilado de doble cilindro tiene un motor di\u00e9sel y una alternativa de motor el\u00e9ctrico, pero la de 3 cilindros solo tiene disponible un motor el\u00e9ctrico.<\/li>    <li>Producci\u00f3n. El cilindro doble puede producir de 100 a 120 bolsas por hora, mientras que el de 3 cilindros puede empacar de 120 a 180 bolsas por hora.<\/li> <\/ol>    <h2 class=\"wp-block-heading\"><strong>Video de trabajo de la m\u00e1quina empacadora de ensilado hidr\u00e1ulica<\/strong><\/h2>    <figure class=\"wp-block-embed is-type-video is-provider-youtube wp-block-embed-youtube wp-embed-aspect-16-9 wp-has-aspect-ratio\"><div class=\"wp-block-embed__wrapper\"> <iframe loading=\"lazy\" title=\"Empacadora de ensilaje con prensa hidr\u00e1ulica para empacado de ensilaje cuadrado - Maquinaria de embalaje de ensilaje #silage\" width=\"500\" height=\"281\" src=\"https:\/\/www.youtube.com\/embed\/hkYSZuUMRCA?feature=oembed\" frameborder=\"0\" allow=\"accelerometer; autoplay; clipboard-write; encrypted-media; gyroscope; picture-in-picture; web-share\" referrerpolicy=\"strict-origin-when-cross-origin\" allowfullscreen><\/iframe> <\/div><\/figure>","protected":false},"excerpt":{"rendered":"<p>3 cylinder hydraulic silage baler\u00a0functions to compact, bundle, and pack hay straw into square shapes. From its name, it has 3 hydraulic cylinders to carry out the baling works. But for the power supply, this hydraulic press baler only utilizes the electric motor. Besides, the power of the electric motor is 22kW. Also, the bale [&hellip;]<\/p>\n","protected":false},"author":1,"featured_media":2146,"parent":0,"template":"","tags":[76,78,77,75],"product-type":[19],"class_list":["post-1274","product","type-product","status-publish","has-post-thumbnail","hentry","tag-hydraulic-silage-baler","tag-silage-baler-machine","tag-silage-baling-machine","tag-silage-machine","product-type-silage-machine"],"_links":{"self":[{"href":"https:\/\/taizyagromachine.com\/es\/wp-json\/wp\/v2\/product\/1274","targetHints":{"allow":["GET"]}}],"collection":[{"href":"https:\/\/taizyagromachine.com\/es\/wp-json\/wp\/v2\/product"}],"about":[{"href":"https:\/\/taizyagromachine.com\/es\/wp-json\/wp\/v2\/types\/product"}],"author":[{"embeddable":true,"href":"https:\/\/taizyagromachine.com\/es\/wp-json\/wp\/v2\/users\/1"}],"wp:featuredmedia":[{"embeddable":true,"href":"https:\/\/taizyagromachine.com\/es\/wp-json\/wp\/v2\/media\/2146"}],"wp:attachment":[{"href":"https:\/\/taizyagromachine.com\/es\/wp-json\/wp\/v2\/media?parent=1274"}],"wp:term":[{"taxonomy":"post_tag","embeddable":true,"href":"https:\/\/taizyagromachine.com\/es\/wp-json\/wp\/v2\/tags?post=1274"},{"taxonomy":"product-type","embeddable":true,"href":"https:\/\/taizyagromachine.com\/es\/wp-json\/wp\/v2\/product-type?post=1274"}],"curies":[{"name":"wp","href":"https:\/\/api.w.org\/{rel}","templated":true}]}}