{"id":1447,"date":"2021-12-07T07:35:01","date_gmt":"2021-12-07T07:35:01","guid":{"rendered":"https:\/\/taizyagromachine.com\/?p=1447"},"modified":"2022-09-29T09:26:12","modified_gmt":"2022-09-29T01:26:12","slug":"30tpd-rice-mill-production-line","status":"publish","type":"product","link":"https:\/\/taizyagromachine.com\/es\/product\/30tpd-rice-mill-production-line\/","title":{"rendered":"L\u00ednea de producci\u00f3n de molino de arroz 30TPD"},"content":{"rendered":"<p class=\"translation-block\">La <strong>l\u00ednea de producci\u00f3n de molino de arroz de 30TPD<\/strong> es una l\u00ednea de producci\u00f3n de gran rendimiento para el fresado de arroz. Esta planta de molino de arroz tiene una capacidad de 30t por d\u00eda. Adem\u00e1s, es una <a href=\"https:\/\/taizyagromachine.com\/es\/product\/solutions\/\" target=\"_blank\" rel=\"noreferrer noopener\">l\u00ednea de producci\u00f3n totalmente autom\u00e1tica<\/a>, lo que ahorra mano de obra y tiempo. Tambi\u00e9n tiene dos capas de plataformas: la superior es para control y mantenimiento, la inferior es para trabajar. Al mismo tiempo, tiene una alta eficiencia de trabajo, que puede satisfacer sus diversos requisitos comerciales. Pero debe prestar atenci\u00f3n a que esta l\u00ednea de producci\u00f3n completa de molino de arroz de 30tdp tiene dos o tres m\u00e1quinas de molino de arroz. Depende de sus demandas. De acuerdo con la escala de su f\u00e1brica de arroz, puede elegir de manera flexible. Esta planta de molino de arroz puede beneficiar a su negocio porque le ayuda a obtener arroz m\u00e1s blanco y de mayor calidad para la venta. \u00bfNecesita uno para facilitar su negocio? \u00a1P\u00f3ngase en contacto con nosotros para obtener m\u00e1s informaci\u00f3n!<\/p>   <div class=\"wp-block-image\"> <figure class=\"aligncenter size-full\"><img loading=\"lazy\" decoding=\"async\" width=\"720\" height=\"540\" src=\"https:\/\/taizyagromachine.com\/wp-content\/uploads\/2022\/02\/30tpd-rice-mill-production-line.jpg\" alt=\"L\u00ednea de producci\u00f3n de molino de arroz de 30 tpd.\" class=\"wp-image-1936\" srcset=\"https:\/\/taizyagromachine.com\/wp-content\/uploads\/2022\/02\/30tpd-rice-mill-production-line.jpg 720w, https:\/\/taizyagromachine.com\/wp-content\/uploads\/2022\/02\/30tpd-rice-mill-production-line-300x225.jpg 300w\" sizes=\"auto, (max-width: 720px) 100vw, 720px\" \/><figcaption>L\u00ednea de producci\u00f3n de molino de arroz de 30 tpd.<\/figcaption><\/figure> <\/div>   <h2 class=\"wp-block-heading\" id=\"structure-of-30t-rice-mill-plant-for-sale\"><strong>Estructura de la planta de molino de arroz de 30t a la venta<\/strong><strong><\/strong><\/h2>    <p class=\"translation-block\">Limpiador combinado, deschinadora, descascaradora de arroz, <a href=\"https:\/\/taizyagromachine.com\/es\/product\/gravity-paddy-separator\/\" target=\"_blank\" rel=\"noreferrer noopener\">separador de arroz de paddy<\/a>, primera m\u00e1quina de molino de arroz, segunda m\u00e1quina de molino de arroz, tercera m\u00e1quina de molino de arroz, clasificador de arroz blanco, pulidora de agua de arroz, <a href=\"https:\/\/en.wikipedia.org\/wiki\/Colour_sorter\" target=\"_blank\" rel=\"noreferrer noopener\">clasificadora de color<\/a>, m\u00e1quina de envasado<\/p>   <div class=\"wp-block-image\"> <figure class=\"aligncenter size-full\"><img loading=\"lazy\" decoding=\"async\" width=\"720\" height=\"450\" src=\"https:\/\/taizyagromachine.com\/wp-content\/uploads\/2022\/02\/structure-30tpd-production-line.jpg\" alt=\"estructura-30tpd-l\u00ednea-de-producci\u00f3n\" class=\"wp-image-1937\" srcset=\"https:\/\/taizyagromachine.com\/wp-content\/uploads\/2022\/02\/structure-30tpd-production-line.jpg 720w, https:\/\/taizyagromachine.com\/wp-content\/uploads\/2022\/02\/structure-30tpd-production-line-300x188.jpg 300w\" sizes=\"auto, (max-width: 720px) 100vw, 720px\" \/><figcaption>estructura<\/figcaption><\/figure> <\/div>   <h2 class=\"wp-block-heading\" id=\"features-of-complete-30t-rice-mill-machine-plant\"><strong>Caracter\u00edsticas de la planta completa de molino de arroz de 30t<\/strong><strong><\/strong><\/h2>    <ul class=\"wp-block-list\" type=\"1\"><li>L\u00ednea de producci\u00f3n autom\u00e1tica completa de molino de arroz de 30 tpd, producci\u00f3n de alta eficiencia.<\/li><li>Gran dise\u00f1o de molino de arroz moderno, f\u00e1cil de mantener y operar.<\/li><li>Estructura compacta, rendimiento estable, arroz blanco de alta calidad.<\/li><li>La tasa de producci\u00f3n de arroz es de alrededor de 70% y la tasa de producci\u00f3n de arroz partido es de 2%.<\/li><li>Bajo consumo de energ\u00eda.<\/li><li>La planta del molino de arroz se puede personalizar seg\u00fan las necesidades de los clientes.<\/li><\/ul>    <h2 class=\"wp-block-heading\" id=\"what-functions-of-combined-cleaner\"><strong>\u00bfQu\u00e9 funciones del limpiador combinado?<\/strong><strong><\/strong><\/h2>    <p>En comparaci\u00f3n con otras l\u00edneas de producci\u00f3n, como la l\u00ednea de producci\u00f3n del molino de arroz de 15tdp, esta planta de procesamiento autom\u00e1tico de arroz de 30t tiene un limpiador combinado. Como fabricante y proveedor profesional, recomendamos el limpiador combinado para la l\u00ednea de producci\u00f3n de molinos de arroz grandes. Funciona principalmente para eliminar las impurezas grandes y peque\u00f1as. Porque algunas impurezas entran en el arroz con c\u00e1scara durante la cosecha.<\/p>    <p>El principio de funcionamiento se basa en el tamiz. El limpiador combinado debe eliminar las impurezas de acuerdo con el tama\u00f1o del orificio del tamiz. &nbsp;<\/p>    <h2 class=\"wp-block-heading\" id=\"choose-multiple-rice-milling\"><strong>Elija molienda de arroz m\u00faltiple<\/strong><strong><\/strong><\/h2>    <p>Para la l\u00ednea de producci\u00f3n de molinos de arroz grandes, la planta de molinos de arroz siempre adopta m\u00faltiples moliendas de arroz. Hay dos razones:<\/p>    <ol class=\"wp-block-list\" type=\"1\"><li>La molienda m\u00faltiple de arroz puede reducir eficientemente la tasa de arroz partido, asegurando la calidad del arroz blanco integral.<\/li><li>Adem\u00e1s, puede garantizar una gran producci\u00f3n.<\/li><\/ol>    <p>Por las razones anteriores, la l\u00ednea de producci\u00f3n de molinos de arroz de gran tama\u00f1o, no solo la l\u00ednea de producci\u00f3n de 30 tpd, puede utilizar molienda m\u00faltiple de arroz para lograr el objetivo requerido.<\/p>   <div class=\"wp-block-image\"> <figure class=\"aligncenter size-full\"><img loading=\"lazy\" decoding=\"async\" width=\"720\" height=\"400\" src=\"https:\/\/taizyagromachine.com\/wp-content\/uploads\/2022\/02\/multiple-rice-milling-30tpd.jpg\" alt=\"molienda de arroz m\u00faltiple\" class=\"wp-image-1939\" srcset=\"https:\/\/taizyagromachine.com\/wp-content\/uploads\/2022\/02\/multiple-rice-milling-30tpd.jpg 720w, https:\/\/taizyagromachine.com\/wp-content\/uploads\/2022\/02\/multiple-rice-milling-30tpd-300x167.jpg 300w\" sizes=\"auto, (max-width: 720px) 100vw, 720px\" \/><figcaption>molienda de arroz m\u00faltiple<\/figcaption><\/figure> <\/div>   <h2 class=\"wp-block-heading\" id=\"why-use-air-compressor\"><strong>\u00bfPor qu\u00e9 utilizar un compresor de aire?<\/strong><strong><\/strong><\/h2>    <p>Cuando compra la l\u00ednea completa de producci\u00f3n de una planta de molino de arroz de 30 tpd, es necesario el compresor de aire. En esta l\u00ednea de producci\u00f3n, el clasificador de color, la pulidora de agua de arroz y la m\u00e1quina empacadora deben utilizar el compresor de aire. Las razones son las siguientes:<\/p>    <ol class=\"wp-block-list\" type=\"1\"><li>Despu\u00e9s de la clasificaci\u00f3n por colores, el compresor de aire expulsa el arroz no calificado.<\/li><li>En el caso de la pulidora de agua de arroz, el compresor de aire funciona para formar neblina de agua, enfriar y eliminar el polvo.<\/li><li>Con respecto a la m\u00e1quina empacadora, dos funciones del compresor de aire son controlar la cantidad de corte y sujetar las bolsas.<\/li><\/ol>   <div class=\"wp-block-image\"> <figure class=\"aligncenter size-full\"><img loading=\"lazy\" decoding=\"async\" width=\"720\" height=\"400\" src=\"https:\/\/taizyagromachine.com\/wp-content\/uploads\/2022\/02\/air-compressor-30tpd.jpg\" alt=\"compresor-de-aire-30tpd\" class=\"wp-image-1941\" srcset=\"https:\/\/taizyagromachine.com\/wp-content\/uploads\/2022\/02\/air-compressor-30tpd.jpg 720w, https:\/\/taizyagromachine.com\/wp-content\/uploads\/2022\/02\/air-compressor-30tpd-300x167.jpg 300w\" sizes=\"auto, (max-width: 720px) 100vw, 720px\" \/><figcaption>compresor de aire<\/figcaption><\/figure> <\/div>   <h2 class=\"wp-block-heading\" id=\"which-places-are-applicable\"><strong>\u00bfQu\u00e9 lugares son aplicables?<\/strong><strong><\/strong><\/h2>    <ol class=\"wp-block-list\" type=\"1\"><li>F\u00e1bricas de arroz.<\/li><li>Propietarios de tierras de cultivo.<\/li><li>Distribuidores\/agentes.<\/li><\/ol>    <h2 class=\"wp-block-heading\" id=\"related-production-line\"><strong>L\u00ednea de producci\u00f3n relacionada<\/strong><strong><\/strong><\/h2>    <p class=\"translation-block\">En nuestra <a href=\"https:\/\/taizyagromachine.com\/es\/\" target=\"_blank\" rel=\"noreferrer noopener\">Taizy Machine Company<\/a>, no solo suministramos la l\u00ednea de producci\u00f3n de molino de arroz de 30tdp, sino tambi\u00e9n la l\u00ednea de producci\u00f3n de 15tpd, 20tpd, etc.<\/p>","protected":false},"excerpt":{"rendered":"<p>30TPD rice mill production line&nbsp;is a large output production line for rice milling. This rice mill plant has the capacity of 30t per day. Besides, it\u2019s fully automatic production line, saving labor and time. It also has two layers of platforms: the upper is for check and maintenance, the lower is for work. At the [&hellip;]<\/p>\n","protected":false},"author":1,"featured_media":2082,"parent":0,"template":"","tags":[38],"product-type":[27],"class_list":["post-1447","product","type-product","status-publish","has-post-thumbnail","hentry","tag-rice-mill-production-line","product-type-solutions"],"_links":{"self":[{"href":"https:\/\/taizyagromachine.com\/es\/wp-json\/wp\/v2\/product\/1447","targetHints":{"allow":["GET"]}}],"collection":[{"href":"https:\/\/taizyagromachine.com\/es\/wp-json\/wp\/v2\/product"}],"about":[{"href":"https:\/\/taizyagromachine.com\/es\/wp-json\/wp\/v2\/types\/product"}],"author":[{"embeddable":true,"href":"https:\/\/taizyagromachine.com\/es\/wp-json\/wp\/v2\/users\/1"}],"wp:featuredmedia":[{"embeddable":true,"href":"https:\/\/taizyagromachine.com\/es\/wp-json\/wp\/v2\/media\/2082"}],"wp:attachment":[{"href":"https:\/\/taizyagromachine.com\/es\/wp-json\/wp\/v2\/media?parent=1447"}],"wp:term":[{"taxonomy":"post_tag","embeddable":true,"href":"https:\/\/taizyagromachine.com\/es\/wp-json\/wp\/v2\/tags?post=1447"},{"taxonomy":"product-type","embeddable":true,"href":"https:\/\/taizyagromachine.com\/es\/wp-json\/wp\/v2\/product-type?post=1447"}],"curies":[{"name":"wp","href":"https:\/\/api.w.org\/{rel}","templated":true}]}}