{"id":1496,"date":"2021-12-10T03:12:00","date_gmt":"2021-12-10T03:12:00","guid":{"rendered":"https:\/\/taizyagromachine.com\/?p=1496"},"modified":"2022-09-29T14:04:15","modified_gmt":"2022-09-29T06:04:15","slug":"38tpd-rice-mill-plant","status":"publish","type":"product","link":"https:\/\/taizyagromachine.com\/es\/product\/38tpd-rice-mill-plant\/","title":{"rendered":"Planta procesadora de arroz 38TPD"},"content":{"rendered":"<p class=\"translation-block\">La planta de procesamiento de arroz de <strong>38TPD<\/strong> es una planta ideal para una gran producci\u00f3n de molienda de arroz. Como puede producir 38 toneladas de arroz blanco por d\u00eda, tiene una alta eficiencia. Es muy adecuada para f\u00e1bricas de arroz, propietarios de granjas, etc. Est\u00e1 dise\u00f1ada para ser una l\u00ednea de producci\u00f3n completa y totalmente autom\u00e1tica. Por supuesto, podemos recomendar una planta de molino de arroz adecuada seg\u00fan sus demandas. Esta planta de molino de arroz de 38t tiene una apariencia atractiva, un rendimiento estable, as\u00ed como una calidad superior. Adem\u00e1s, tiene plataformas. La plataforma superior es para revisi\u00f3n y mantenimiento, mientras que la inferior es para la plataforma de trabajo. \u00a1Si tiene alguna necesidad, bienvenido a contactarnos para m\u00e1s detalles!<\/p>    <h2 class=\"wp-block-heading\" id=\"working-flow-of-38t-production-line\"><strong>Flujo de trabajo de la l\u00ednea de producci\u00f3n de 38t<\/strong><\/h2>    <p>En el siguiente flujo de proceso, podemos ver claramente c\u00f3mo funciona la planta de molino de arroz completa. El procedimiento y la secuencia se muestran claramente.<\/p>   <div class=\"wp-block-image\"> <figure class=\"aligncenter size-full\"><img loading=\"lazy\" decoding=\"async\" width=\"720\" height=\"540\" src=\"https:\/\/taizyagromachine.com\/wp-content\/uploads\/2022\/02\/work-flow-38tpd.jpg\" alt=\"flujo de trabajo\" class=\"wp-image-1983\" srcset=\"https:\/\/taizyagromachine.com\/wp-content\/uploads\/2022\/02\/work-flow-38tpd.jpg 720w, https:\/\/taizyagromachine.com\/wp-content\/uploads\/2022\/02\/work-flow-38tpd-300x225.jpg 300w\" sizes=\"auto, (max-width: 720px) 100vw, 720px\" \/><figcaption>flujo de trabajo<\/figcaption><\/figure> <\/div>   <h2 class=\"wp-block-heading\" id=\"structure-of-integrated-38tpd-rice-milling-plant-for-sale\"><strong>Estructura de planta integrada de procesamiento de arroz de 38 tpd a la venta<\/strong><\/h2>    <p>Esta estructura es compacta y razonable porque la secuencia de trabajo est\u00e1 en orden. Definitivamente, a este procedimiento se le pueden agregar varias m\u00e1quinas para elaborar arroz blanco de alta calidad y mejor comestible.<\/p>   <div class=\"wp-block-image\"> <figure class=\"aligncenter size-full\"><img loading=\"lazy\" decoding=\"async\" width=\"720\" height=\"540\" src=\"https:\/\/taizyagromachine.com\/wp-content\/uploads\/2022\/02\/structure-38t-rice-milling-plant.jpg\" alt=\"Estructura de la planta procesadora de arroz de 38tpd.\" class=\"wp-image-1984\" srcset=\"https:\/\/taizyagromachine.com\/wp-content\/uploads\/2022\/02\/structure-38t-rice-milling-plant.jpg 720w, https:\/\/taizyagromachine.com\/wp-content\/uploads\/2022\/02\/structure-38t-rice-milling-plant-300x225.jpg 300w\" sizes=\"auto, (max-width: 720px) 100vw, 720px\" \/><figcaption>Estructura de la planta procesadora de arroz de 38tpd.<\/figcaption><\/figure> <\/div>   <h2 class=\"wp-block-heading\" id=\"features-of-complete-38tpd-rice-mill-plant\"><strong>Caracter\u00edsticas de la planta completa de molino de arroz de 38 tpd<\/strong><\/h2>    <ul class=\"wp-block-list\" type=\"1\"><li>Instalaci\u00f3n conveniente, porque se organiza seg\u00fan el proceso ordenado.<\/li><li>Apariencia atractiva. La apariencia es limpia y hermosa, atrae a las personas y crea sentimientos c\u00f3modos.<\/li><li>Operaci\u00f3n simple. Proporcionamos el manual de operaci\u00f3n. Adem\u00e1s, hay una descripci\u00f3n en ingl\u00e9s en la m\u00e1quina.<\/li><li>Baja exigencia para el taller. Es un equipo de procesamiento de arroz ideal para estaciones de granos, f\u00e1bricas de arroz y granjas.<\/li><li>Personalizaci\u00f3n. La clasificadora de arroz blanco se puede personalizar para satisfacer sus necesidades.<\/li><\/ul>    <h2 class=\"wp-block-heading\" id=\"optional-equipment\"><strong>Equipo opcional para planta procesadora de arroz<\/strong><\/h2>    <p class=\"translation-block\">Como <a href=\"https:\/\/taizyagromachine.com\/es\/\" target=\"_blank\" rel=\"noreferrer noopener\">fabricante y proveedor experimentado<\/a>, podemos ofrecer una planta de molino de arroz adecuada para impulsar su negocio. Por ejemplo, la l\u00ednea de producci\u00f3n completa de molino de arroz de 38tpd tiene m\u00e1quinas como deschinadora, <a href=\"https:\/\/en.wikipedia.org\/wiki\/Rice_huller\" target=\"_blank\" rel=\"noreferrer noopener\">descascarilladora de arroz<\/a>, separador de arroz de gravedad, molino de arroz y clasificador de arroz blanco.<\/p>   <div class=\"wp-block-image\"> <figure class=\"aligncenter size-full\"><img loading=\"lazy\" decoding=\"async\" width=\"720\" height=\"540\" src=\"https:\/\/taizyagromachine.com\/wp-content\/uploads\/2022\/02\/complete-rice-mill-plant-38t.jpg\" alt=\"planta completa de molino de arroz\" class=\"wp-image-1987\" srcset=\"https:\/\/taizyagromachine.com\/wp-content\/uploads\/2022\/02\/complete-rice-mill-plant-38t.jpg 720w, https:\/\/taizyagromachine.com\/wp-content\/uploads\/2022\/02\/complete-rice-mill-plant-38t-300x225.jpg 300w\" sizes=\"auto, (max-width: 720px) 100vw, 720px\" \/><figcaption>planta completa de molino de arroz<\/figcaption><\/figure> <\/div>   <p>Es m\u00e1s, hay otros equipos disponibles para cooperar con el fin de lograr los objetivos requeridos. Como clasificador de color, pulidor de arroz, m\u00e1quina empacadora, contenedor de almacenamiento, etc. Siempre que nos indique sus necesidades de producci\u00f3n, le brindaremos la soluci\u00f3n perfecta. &nbsp;&nbsp;<\/p>    <p>Adem\u00e1s, puede elegir la secadora para colocar entre la l\u00ednea de producci\u00f3n.<\/p>    <h2 class=\"wp-block-heading\" id=\"why-choose-us\"><strong>\u00bfPor qu\u00e9 elegirnos?<\/strong><strong><\/strong><\/h2>    <p>Somos un fabricante y proveedor profesional de m\u00e1quinas agr\u00edcolas. Taizy Machine Company goza de una gran reputaci\u00f3n en el comercio agr\u00edcola internacional. Aparte de esto, hemos estado profundamente en esta \u00e1rea durante m\u00e1s de d\u00e9cadas de a\u00f1os. Entonces, tenemos experiencias ricas. Y estamos seguros de poder recomendar a los clientes las m\u00e1quinas agr\u00edcolas adecuadas.<\/p>   <div class=\"wp-block-image\"> <figure class=\"aligncenter size-full\"><img loading=\"lazy\" decoding=\"async\" width=\"720\" height=\"540\" src=\"https:\/\/taizyagromachine.com\/wp-content\/uploads\/2022\/02\/stregth-display-38t.jpg\" alt=\"fuerza de f\u00e1brica\" class=\"wp-image-1986\" srcset=\"https:\/\/taizyagromachine.com\/wp-content\/uploads\/2022\/02\/stregth-display-38t.jpg 720w, https:\/\/taizyagromachine.com\/wp-content\/uploads\/2022\/02\/stregth-display-38t-300x225.jpg 300w\" sizes=\"auto, (max-width: 720px) 100vw, 720px\" \/><figcaption>fuerza de f\u00e1brica<\/figcaption><\/figure> <\/div>   <p>Tomando como ejemplo una planta procesadora de arroz de 38 tpd, una l\u00ednea de producci\u00f3n totalmente completa incluye tolva de alimentaci\u00f3n, secadora, limpiador combinado, despedregadora, descascarilladora de arroz, separador por gravedad, molino de arroz(tres juegos), pulidora de arroz, clasificadora de arroz blanco, clasificadora de color, contenedor de almacenamiento, m\u00e1quina empacadora. Entre estas m\u00e1quinas, podemos combinar el molino de arroz en lo que necesite seg\u00fan sus necesidades.<\/p>    <h2 class=\"wp-block-heading\" id=\"related-machines\"><strong>M\u00e1quinas relacionadas<\/strong><strong><\/strong><\/h2>    <div class=\"wp-block-columns is-layout-flex wp-container-core-columns-is-layout-9d6595d7 wp-block-columns-is-layout-flex\"> <div class=\"wp-block-column is-layout-flow wp-block-column-is-layout-flow\"><div class=\"wp-block-image\"> <figure class=\"aligncenter size-full\"><img loading=\"lazy\" decoding=\"async\" width=\"720\" height=\"540\" src=\"https:\/\/taizyagromachine.com\/wp-content\/uploads\/2022\/01\/30tpd-rice-milling.jpg\" alt=\"Planta de molienda de arroz de 30 tpd\" class=\"wp-image-1758\"\/><figcaption>Planta de molienda de arroz de 30 tpd<\/figcaption><\/figure> <\/div><\/div>    <div class=\"wp-block-column is-layout-flow wp-block-column-is-layout-flow\"><div class=\"wp-block-image\"> <figure class=\"aligncenter size-full\"><a href=\"https:\/\/taizyagromachine.com\/es\/product\/20tpd-rice-mill-plant\/\"><img loading=\"lazy\" decoding=\"async\" width=\"720\" height=\"540\" src=\"https:\/\/taizyagromachine.com\/wp-content\/uploads\/2022\/01\/20t-rice-milling-standard-1.jpg\" alt=\"Planta de molienda de arroz de 20 tpd\" class=\"wp-image-1768\"\/><\/a><figcaption>Planta de molienda de arroz de 20 tpd<\/figcaption><\/figure> <\/div><\/div> <\/div>","protected":false},"excerpt":{"rendered":"<p>38TPD rice processing plant\u00a0is an ideal plant for the large output of rice milling. Because it can produce white rice for 38t per day, it has high efficiency. It\u2019s very suitable for rice factories, farm owners, etc. It\u2019s designed to be a fully automatic and complete production line. Of course, we can recommend a suitable [&hellip;]<\/p>\n","protected":false},"author":1,"featured_media":1981,"parent":0,"template":"","tags":[156,155,35,56,37,38,57,55],"product-type":[18],"class_list":["post-1496","product","type-product","status-publish","has-post-thumbnail","hentry","tag-38tpd-rice-mill-plant","tag-auto-rice-mill-plant","tag-rice-mill","tag-rice-mill-machine","tag-rice-mill-plant","tag-rice-mill-production-line","tag-rice-milling-machine","tag-rice-milling-plant","product-type-rice-mill"],"_links":{"self":[{"href":"https:\/\/taizyagromachine.com\/es\/wp-json\/wp\/v2\/product\/1496","targetHints":{"allow":["GET"]}}],"collection":[{"href":"https:\/\/taizyagromachine.com\/es\/wp-json\/wp\/v2\/product"}],"about":[{"href":"https:\/\/taizyagromachine.com\/es\/wp-json\/wp\/v2\/types\/product"}],"author":[{"embeddable":true,"href":"https:\/\/taizyagromachine.com\/es\/wp-json\/wp\/v2\/users\/1"}],"wp:featuredmedia":[{"embeddable":true,"href":"https:\/\/taizyagromachine.com\/es\/wp-json\/wp\/v2\/media\/1981"}],"wp:attachment":[{"href":"https:\/\/taizyagromachine.com\/es\/wp-json\/wp\/v2\/media?parent=1496"}],"wp:term":[{"taxonomy":"post_tag","embeddable":true,"href":"https:\/\/taizyagromachine.com\/es\/wp-json\/wp\/v2\/tags?post=1496"},{"taxonomy":"product-type","embeddable":true,"href":"https:\/\/taizyagromachine.com\/es\/wp-json\/wp\/v2\/product-type?post=1496"}],"curies":[{"name":"wp","href":"https:\/\/api.w.org\/{rel}","templated":true}]}}