{"id":1498,"date":"2021-12-10T03:12:22","date_gmt":"2021-12-10T03:12:22","guid":{"rendered":"https:\/\/taizyagromachine.com\/?p=1498"},"modified":"2023-02-09T10:40:33","modified_gmt":"2023-02-09T02:40:33","slug":"rice-milling-production-line","status":"publish","type":"product","link":"https:\/\/taizyagromachine.com\/es\/product\/rice-milling-production-line\/","title":{"rendered":"L\u00ednea de producci\u00f3n integrada de molienda de arroz 25TPD"},"content":{"rendered":"<p class=\"translation-block\">La l\u00ednea de producci\u00f3n integrada de molienda de arroz de 25 tpd es un equipo especial de procesamiento de arroz para la producci\u00f3n de 25 t por d\u00eda. Su funci\u00f3n es convertir el arroz en c\u00e1scara en arroz blanco. Esta planta de molienda de arroz tiene la plataforma para trabajar, solo una capa. Adem\u00e1s, tiene una estructura compacta, bajo consumo y f\u00e1cil operaci\u00f3n. Nosotros, como fabricante y proveedor confiable de maquinaria agr\u00edcola, tenemos varias plantas de m\u00e1quinas de molienda de arroz de diferentes capacidades a la venta. Diferentes capacidades pueden satisfacer sus diversos requisitos. Es una opci\u00f3n ideal para plantas de procesamiento de arroz peque\u00f1as y medianas. \u00a1Bienvenido a contactarnos para m\u00e1s informaci\u00f3n!<\/p>   <div class=\"wp-block-image\"> <figure class=\"aligncenter size-full\"><img loading=\"lazy\" decoding=\"async\" width=\"720\" height=\"540\" src=\"https:\/\/taizyagromachine.com\/wp-content\/uploads\/2022\/02\/25TPD-rice-mill-production-line.jpg\" alt=\"L\u00ednea de producci\u00f3n de molino de arroz 25TPD\" class=\"wp-image-1923\" srcset=\"https:\/\/taizyagromachine.com\/wp-content\/uploads\/2022\/02\/25TPD-rice-mill-production-line.jpg 720w, https:\/\/taizyagromachine.com\/wp-content\/uploads\/2022\/02\/25TPD-rice-mill-production-line-300x225.jpg 300w\" sizes=\"auto, (max-width: 720px) 100vw, 720px\" \/><figcaption class=\"wp-element-caption\">L\u00ednea de producci\u00f3n de molino de arroz 25TPD<\/figcaption><\/figure> <\/div>   <h2 class=\"wp-block-heading\" id=\"structure-of-25tpd-rice-mill-plant-for-sale\"><strong>Estructura de la planta de molino de arroz de 25 tpd a la venta<\/strong><strong><\/strong><\/h2>    <p class=\"translation-block\">Esta l\u00ednea de producci\u00f3n integrada de molienda de arroz incluye 7 elevadores, adem\u00e1s de la m\u00e1quina empacadora. Las m\u00e1quinas individuales componen esta l\u00ednea completa de producci\u00f3n de molienda de arroz, que incluye el despicador, el <a href=\"https:\/\/en.wikipedia.org\/wiki\/Rice_huller\" target=\"_blank\" rel=\"noreferrer noopener\">descascarillador de arroz<\/a>, dos molinos de arroz, clasificador de color, pulidor de arroz, <a href=\"https:\/\/taizyagromachine.com\/es\/product\/rice-grader\/\" target=\"_blank\" rel=\"noreferrer noopener\">clasificador de arroz blanco<\/a> y m\u00e1quina empacadora. Podemos hacer diferentes configuraciones para satisfacer sus requisitos.<\/p>   <div class=\"wp-block-image\"> <figure class=\"aligncenter size-full\"><img loading=\"lazy\" decoding=\"async\" width=\"720\" height=\"450\" src=\"https:\/\/taizyagromachine.com\/wp-content\/uploads\/2022\/02\/structure-25TPD-production-line.jpg\" alt=\"estructura\" class=\"wp-image-1927\" srcset=\"https:\/\/taizyagromachine.com\/wp-content\/uploads\/2022\/02\/structure-25TPD-production-line.jpg 720w, https:\/\/taizyagromachine.com\/wp-content\/uploads\/2022\/02\/structure-25TPD-production-line-300x188.jpg 300w\" sizes=\"auto, (max-width: 720px) 100vw, 720px\" \/><figcaption class=\"wp-element-caption\">estructura<\/figcaption><\/figure> <\/div>   <h2 class=\"wp-block-heading\" id=\"work-process-for-rice-milling-production-line\"><strong>Proceso de trabajo<\/strong> <strong>para la l\u00ednea de producci\u00f3n de molienda de arroz<\/strong><\/h2>    <p>Tolva de alimentaci\u00f3n \u2192 detonador \u2192 descascarillador de arroz \u2192 separador por gravedad \u2192 molino de arroz \u2192 molino de arroz \u2192 clasificador de color \u2192 pulidor de arroz \u2192 clasificador de arroz blanco \u2192 m\u00e1quina empacadora<\/p>   <div class=\"wp-block-image\"> <figure class=\"aligncenter size-full\"><img loading=\"lazy\" decoding=\"async\" width=\"720\" height=\"540\" src=\"https:\/\/taizyagromachine.com\/wp-content\/uploads\/2022\/02\/work-process-25TPD-production-line.jpg\" alt=\"Proceso de trabajo\" class=\"wp-image-1928\" srcset=\"https:\/\/taizyagromachine.com\/wp-content\/uploads\/2022\/02\/work-process-25TPD-production-line.jpg 720w, https:\/\/taizyagromachine.com\/wp-content\/uploads\/2022\/02\/work-process-25TPD-production-line-300x225.jpg 300w\" sizes=\"auto, (max-width: 720px) 100vw, 720px\" \/><figcaption class=\"wp-element-caption\">Proceso de trabajo<\/figcaption><\/figure> <\/div>   <h2 class=\"wp-block-heading\" id=\"features\"><strong>Caracter\u00edsticas de la l\u00ednea de producci\u00f3n de molienda de arroz 25TPD<\/strong><\/h2>    <ul class=\"wp-block-list\" type=\"1\"> <li>Buen efecto de eliminaci\u00f3n de piedras, r\u00e1pida velocidad de rotura de la c\u00e1scara y buen efecto de separaci\u00f3n de granos.<\/li>    <li>Elevar el arroz autom\u00e1ticamente, est\u00e1ndares internacionales avanzados.<\/li>    <li>Vibraci\u00f3n de m\u00e1quina peque\u00f1a, operaci\u00f3n simple, producci\u00f3n r\u00e1pida de arroz.<\/li>    <li>Planta de molino de arroz completa totalmente autom\u00e1tica, bajo consumo.<\/li>    <li>Personalizaci\u00f3n. Podemos combinar diferentes plantas de molino de arroz seg\u00fan sus demandas reales.<\/li> <\/ul>    <h2 class=\"wp-block-heading\" id=\"services-you-ll-enjoy\"><strong>Servicios que disfrutar\u00e1 sobre la planta de molino de arroz en venta<\/strong><\/h2>    <p class=\"translation-block\">Como <a href=\"https:\/\/taizyagromachine.com\/es\/\" target=\"_blank\" rel=\"noreferrer noopener\">empresa profesional<\/a>, ofrecemos muchos servicios para su comodidad. Ahora presentamos principalmente el servicio de preventa, el servicio en venta y el servicio posventa.<\/p>    <h3 class=\"wp-block-heading\" id=\"pre-sale-service\"><strong>Servicio de preventa<\/strong><strong><\/strong><\/h3>    <p>Por ejemplo, desea una l\u00ednea de producci\u00f3n de molino de arroz de 25 tpd. Luego, en este proceso, lo ayudamos a comprender la planta de molino de arroz en venta. Adem\u00e1s, ofrecemos soporte t\u00e9cnico.<\/p>    <h3 class=\"wp-block-heading\" id=\"on-sale-service\"><strong>Servicio de venta<\/strong><strong><\/strong><\/h3>    <p>Le daremos im\u00e1genes del proceso y le haremos conocer el proceso de mecanizado. Adem\u00e1s, nos comprometemos a que la m\u00e1quina sea de excelente calidad y est\u00e9 en buenas condiciones antes de la entrega.<\/p>    <h3 class=\"wp-block-heading\" id=\"after-sale-service\"><strong>Servicio postventa<\/strong><strong><\/strong><\/h3>    <p>La orientaci\u00f3n en l\u00ednea y el soporte por v\u00eddeo son los b\u00e1sicos. Tambi\u00e9n preparamos el manual y el mantenimiento junto con la m\u00e1quina.<\/p>    <h2 class=\"wp-block-heading\" id=\"packing-and-shipping\"><strong>Embalaje y env\u00edo de la l\u00ednea de producci\u00f3n de molienda de arroz<\/strong><\/h2>    <p>Al entregar la m\u00e1quina que pertenece a la l\u00ednea de producci\u00f3n de molienda de arroz de 25 tpd, para evitar accidentes durante el env\u00edo, siempre empacamos las m\u00e1quinas en cajas de madera. Porque tiene muchas ventajas, como f\u00e1cil producci\u00f3n, peso ligero, alta resistencia, buena durabilidad y precio relativamente econ\u00f3mico.<\/p>   <div class=\"wp-block-image\"> <figure class=\"aligncenter size-full\"><img loading=\"lazy\" decoding=\"async\" width=\"720\" height=\"540\" src=\"https:\/\/taizyagromachine.com\/wp-content\/uploads\/2022\/01\/package.jpg\" alt=\"paquete\" class=\"wp-image-1765\"\/><figcaption class=\"wp-element-caption\">paquete<\/figcaption><\/figure> <\/div>   <h2 class=\"wp-block-heading\" id=\"related-machine\"><strong>M\u00e1quina relacionada<\/strong><strong><\/strong><\/h2>    <div class=\"wp-block-columns is-layout-flex wp-container-core-columns-is-layout-9d6595d7 wp-block-columns-is-layout-flex\"> <div class=\"wp-block-column is-layout-flow wp-block-column-is-layout-flow\"><div class=\"wp-block-image\"> <figure class=\"aligncenter size-full\"><a href=\"https:\/\/taizyagromachine.com\/es\/product\/20tpd-rice-mill-plant\/\"><img loading=\"lazy\" decoding=\"async\" width=\"720\" height=\"540\" src=\"https:\/\/taizyagromachine.com\/wp-content\/uploads\/2022\/01\/20t-rice-milling-standard-1.jpg\" alt=\"Planta de molienda de arroz de 20 tpd\" class=\"wp-image-1768\"\/><\/a><figcaption class=\"wp-element-caption\">Planta de molienda de arroz de 20 tpd<\/figcaption><\/figure> <\/div><\/div>    <div class=\"wp-block-column is-layout-flow wp-block-column-is-layout-flow\"><div class=\"wp-block-image\"> <figure class=\"aligncenter size-full\"><img loading=\"lazy\" decoding=\"async\" width=\"720\" height=\"540\" src=\"https:\/\/taizyagromachine.com\/wp-content\/uploads\/2022\/01\/30tpd-rice-milling.jpg\" alt=\"Planta de molienda de arroz de 30 tpd\" class=\"wp-image-1758\"\/><figcaption class=\"wp-element-caption\">Planta de molienda de arroz de 30 tpd<\/figcaption><\/figure> <\/div><\/div> <\/div>","protected":false},"excerpt":{"rendered":"<p>25tpd integrated rice milling production line&nbsp;is special rice processing equipment for the production of 25t per day. It functions to turn paddy rice into white rice. This rice mill plant has the platform to work, only one layer. Besides, it has compact structure, low consumption, easy operation. We, as a reliable agricultural machine manufacturer and [&hellip;]<\/p>\n","protected":false},"author":1,"featured_media":2079,"parent":0,"template":"","tags":[59,49,60,35,56,37,38,57,48,61],"product-type":[27],"class_list":["post-1498","product","type-product","status-publish","has-post-thumbnail","hentry","tag-25tpd-rice-mill-producion-line","tag-complete-rice-milling-plant","tag-integrated-rice-milling-production-line","tag-rice-mill","tag-rice-mill-machine","tag-rice-mill-plant","tag-rice-mill-production-line","tag-rice-milling-machine","tag-rice-milling-plant-for-sale","tag-rice-milling-production-line","product-type-solutions"],"_links":{"self":[{"href":"https:\/\/taizyagromachine.com\/es\/wp-json\/wp\/v2\/product\/1498","targetHints":{"allow":["GET"]}}],"collection":[{"href":"https:\/\/taizyagromachine.com\/es\/wp-json\/wp\/v2\/product"}],"about":[{"href":"https:\/\/taizyagromachine.com\/es\/wp-json\/wp\/v2\/types\/product"}],"author":[{"embeddable":true,"href":"https:\/\/taizyagromachine.com\/es\/wp-json\/wp\/v2\/users\/1"}],"wp:featuredmedia":[{"embeddable":true,"href":"https:\/\/taizyagromachine.com\/es\/wp-json\/wp\/v2\/media\/2079"}],"wp:attachment":[{"href":"https:\/\/taizyagromachine.com\/es\/wp-json\/wp\/v2\/media?parent=1498"}],"wp:term":[{"taxonomy":"post_tag","embeddable":true,"href":"https:\/\/taizyagromachine.com\/es\/wp-json\/wp\/v2\/tags?post=1498"},{"taxonomy":"product-type","embeddable":true,"href":"https:\/\/taizyagromachine.com\/es\/wp-json\/wp\/v2\/product-type?post=1498"}],"curies":[{"name":"wp","href":"https:\/\/api.w.org\/{rel}","templated":true}]}}